{"id":628650,"date":"2023-06-28T16:12:59","date_gmt":"2023-06-28T15:12:59","guid":{"rendered":"https:\/\/positiveprints.com\/?post_type=product&#038;p=628650"},"modified":"2026-04-12T22:00:23","modified_gmt":"2026-04-12T21:00:23","slug":"art-zodiaque-capricorne","status":"publish","type":"product","link":"https:\/\/positiveprints.com\/fr\/produit\/art-zodiaque-capricorne\/","title":{"rendered":"Art Zodiaque Capricorne"},"content":{"rendered":"<h2 class=\"grenB f24 cblue\" style=\"margin-top: 3rem\">L&#8217;Art Zodiaque Capricorne comme Cadeau<\/h2>\r\n\r\n<p style=\"margin-top: 1rem\">Vous \u00eates \u00e0 la recherche d&#8217;un cadeau sp\u00e9cial qui fera sourire quelqu&#8217;un ? Ne cherchez pas plus loin, voici le captivant Art Zodiaque Capricorne ! C&#8217;est le cadeau parfait pour quelqu&#8217;un qui aime les signes du zodiaque et l&#8217;astrologie. Que ce soit pour un anniversaire, une f\u00eate, ou tout simplement un geste attentionn\u00e9, l&#8217;Art Zodiaque Capricorne rendra leur journ\u00e9e vraiment sp\u00e9ciale.<\/p>\r\n<p style=\"margin-top: 1rem\">Le Capricorne est un signe du zodiaque qui repr\u00e9sente les personnes n\u00e9es entre le 22 d\u00e9cembre et le 19 janvier. Les personnes n\u00e9es sous ce signe ont leurs propres traits de personnalit\u00e9 uniques. Les personnes du signe du Capricorne sont connues pour leur ambition et leur d\u00e9termination. Elles ont une forte \u00e9thique de travail et s&#8217;efforcent toujours de r\u00e9ussir. Les personnes du signe du Capricorne sont responsables et fiables. Elles ont un esprit pratique et une capacit\u00e9 naturelle \u00e0 planifier. L&#8217;Art Zodiaque Capricorne est le cadeau parfait pour elles.<\/p>\r\n\r\n<h2 class=\"grenB f24 cblue\" style=\"margin-top: 3rem\">Personnalisez votre Art Zodiaque Capricorne<\/h2>\r\n\r\n<p style=\"margin-top: 1rem\">La cr\u00e9ation de votre Art Zodiaque Capricorne personnalis\u00e9 est facile et amusante ! Avec un \u00e9diteur en ligne facile \u00e0 utiliser, vous pouvez personnaliser votre \u0153uvre en quelques \u00e9tapes simples. Choisissez parmi diff\u00e9rents styles et mises en page qui attirent votre attention. S\u00e9lectionnez une image captivante repr\u00e9sentant le signe du zodiaque Capricorne ou la constellation des \u00e9toiles. Faites preuve de cr\u00e9ativit\u00e9 en jouant avec les couleurs ou en choisissant parmi des gammes de couleurs pr\u00e9d\u00e9finis. Ajoutez un texte personnalis\u00e9 pour le rendre encore plus sp\u00e9cial, ou incluez des faits int\u00e9ressants sur les personnes du signe du Capricorne, tels que des informations sur les pierres de naissance ou la plan\u00e8te dominante.<\/p>\r\n\r\n<p style=\"margin-top: 1rem\">Au moment de passer commande, vous disposez de nombreuses options. Vous pouvez choisir entre une affiche imprim\u00e9e ou encadr\u00e9e, une toile de haute qualit\u00e9 ou m\u00eame un t\u00e9l\u00e9chargement num\u00e9rique instantan\u00e9. \u00c0 vous de choisir !<\/p>\r\n\r\n<h2 class=\"grenB f24 cblue\" style=\"margin-top: 3rem\">Faites Une Impression Durable Avec Un Cadeau Personnalis\u00e9<\/h2>\r\n\r\n<p style=\"margin-top: 1rem\">L&#8217;Art Zodiaque Capricorne est un cadeau unique et attentionn\u00e9 qui montre vraiment que vous vous souciez des autres. Ce n&#8217;est pas quelque chose que vous pouvez trouver dans les magasins ordinaires, ce qui le rend encore plus sp\u00e9cial. La touche personnalis\u00e9e et le lien avec leur signe astrologique feront la joie du destinataire. S&#8217;ils appr\u00e9cient l&#8217;ambition, la fiabilit\u00e9 et la planification, l&#8217;Art Zodiaque Capricorne trouvera une v\u00e9ritable r\u00e9sonance en eux. C&#8217;est un cadeau qui sera ch\u00e9ri et affich\u00e9 fi\u00e8rement. Alors, pourquoi attendre ? Commencez \u00e0 cr\u00e9er votre Art Zodiaque Capricorne personnalis\u00e9 d\u00e8s aujourd&#8217;hui et apportez une touche de magie au monde de quelqu&#8217;un !<\/p>","protected":false},"excerpt":{"rendered":"<ul class=\"check-list\">\n<li>Affichez votre fiert\u00e9 de Capricorne avec ce superbe poster, qui pr\u00e9sente le symbole, l&#8217;\u00e9l\u00e9ment et les traits de votre signe du zodiaque<\/li>\n<li>D\u00e9couvrez les qualit\u00e9s qui rendent votre signe du zodiaque sp\u00e9cial<\/li>\n<li>Choisissez un mod\u00e8le ou faites preuve de cr\u00e9ativit\u00e9<\/li>\n<li>Incluez un texte personnalis\u00e9 significatif<\/li>\n<li>Vois le r\u00e9sultat imm\u00e9diatement \u2013 l\u2019aper\u00e7u interactif te permet de peaufiner chaque d\u00e9tail<\/li>\n<\/ul>\n","protected":false},"featured_media":653227,"template":"","meta":[],"product_brand":[],"product_cat":[104,9009],"product_tag":[9132],"class_list":{"0":"post-628650","1":"product","2":"type-product","3":"status-publish","4":"has-post-thumbnail","6":"product_cat-tous-les-produits","7":"product_cat-zodiac-fr","8":"product_tag-zodiac-fr","10":"first","11":"instock","12":"sale","13":"taxable","14":"shipping-taxable","15":"purchasable","16":"product-type-variable"},"yoast_head":"<!-- This site is optimized with the Yoast SEO Premium plugin v27.2 (Yoast SEO v27.2) - https:\/\/yoast.com\/product\/yoast-seo-premium-wordpress\/ -->\n<title>Art Zodiaque Capricorne - Positive Prints<\/title>\n<meta name=\"description\" content=\"D\u00e9couvrez la beaut\u00e9 de l&#039;Art Zodiaque Capricorne - un cadeau unique pour les fans de Capricorne. C\u00e9l\u00e9brez leur ambition et apportez de la joie avec cette \u0153uvre d&#039;art sp\u00e9ciale.\" \/>\n<meta name=\"robots\" content=\"index, follow, max-snippet:-1, max-image-preview:large, max-video-preview:-1\" \/>\n<link rel=\"canonical\" href=\"https:\/\/positiveprints.com\/fr\/produit\/art-zodiaque-capricorne\/\" \/>\n<meta property=\"og:locale\" content=\"fr_FR\" \/>\n<meta property=\"og:type\" content=\"article\" \/>\n<meta property=\"og:title\" content=\"Art Zodiaque Capricorne\" \/>\n<meta property=\"og:description\" content=\"Affichez votre fiert\u00e9 de Capricorne avec ce superbe poster, qui pr\u00e9sente le symbole, l&#039;\u00e9l\u00e9ment et les traits de votre signe du zodiaque  D\u00e9couvrez les qualit\u00e9s qui rendent votre signe du zodiaque sp\u00e9cial  Choisissez un mod\u00e8le ou faites preuve de cr\u00e9ativit\u00e9  Incluez un texte personnalis\u00e9 significatif  Vois le r\u00e9sultat imm\u00e9diatement \u2013 l\u2019aper\u00e7u interactif te permet de peaufiner chaque d\u00e9tail\" \/>\n<meta property=\"og:url\" content=\"https:\/\/positiveprints.com\/fr\/produit\/art-zodiaque-capricorne\/\" \/>\n<meta property=\"og:site_name\" content=\"Positive Prints\" \/>\n<meta property=\"article:publisher\" content=\"https:\/\/www.facebook.com\/positiveprintscom\" \/>\n<meta property=\"article:modified_time\" content=\"2026-04-12T21:00:23+00:00\" \/>\n<meta property=\"og:image\" content=\"https:\/\/positiveprints.com\/wp-content\/uploads\/2023\/08\/Capricorn-Zodiac-Art.jpg\" \/>\n\t<meta property=\"og:image:width\" content=\"1080\" \/>\n\t<meta property=\"og:image:height\" content=\"1080\" \/>\n\t<meta property=\"og:image:type\" content=\"image\/jpeg\" \/>\n<meta name=\"twitter:card\" content=\"summary_large_image\" \/>\n<!-- \/ Yoast SEO Premium plugin. -->","yoast_head_json":{"title":"Art Zodiaque Capricorne - Positive Prints","description":"D\u00e9couvrez la beaut\u00e9 de l'Art Zodiaque Capricorne - un cadeau unique pour les fans de Capricorne. C\u00e9l\u00e9brez leur ambition et apportez de la joie avec cette \u0153uvre d'art sp\u00e9ciale.","robots":{"index":"index","follow":"follow","max-snippet":"max-snippet:-1","max-image-preview":"max-image-preview:large","max-video-preview":"max-video-preview:-1"},"canonical":"https:\/\/positiveprints.com\/fr\/produit\/art-zodiaque-capricorne\/","og_locale":"fr_FR","og_type":"article","og_title":"Art Zodiaque Capricorne","og_description":"Affichez votre fiert\u00e9 de Capricorne avec ce superbe poster, qui pr\u00e9sente le symbole, l'\u00e9l\u00e9ment et les traits de votre signe du zodiaque  D\u00e9couvrez les qualit\u00e9s qui rendent votre signe du zodiaque sp\u00e9cial  Choisissez un mod\u00e8le ou faites preuve de cr\u00e9ativit\u00e9  Incluez un texte personnalis\u00e9 significatif  Vois le r\u00e9sultat imm\u00e9diatement \u2013 l\u2019aper\u00e7u interactif te permet de peaufiner chaque d\u00e9tail","og_url":"https:\/\/positiveprints.com\/fr\/produit\/art-zodiaque-capricorne\/","og_site_name":"Positive Prints","article_publisher":"https:\/\/www.facebook.com\/positiveprintscom","article_modified_time":"2026-04-12T21:00:23+00:00","og_image":[{"width":1080,"height":1080,"url":"https:\/\/positiveprints.com\/wp-content\/uploads\/2023\/08\/Capricorn-Zodiac-Art.jpg","type":"image\/jpeg"}],"twitter_card":"summary_large_image","schema":{"@context":"https:\/\/schema.org","@graph":[{"@type":["WebPage","ItemPage"],"@id":"https:\/\/positiveprints.com\/fr\/produit\/art-zodiaque-capricorne\/","url":"https:\/\/positiveprints.com\/fr\/produit\/art-zodiaque-capricorne\/","name":"Art Zodiaque Capricorne - Positive Prints","isPartOf":{"@id":"https:\/\/positiveprints.com\/fr\/#website"},"primaryImageOfPage":{"@id":"https:\/\/positiveprints.com\/fr\/produit\/art-zodiaque-capricorne\/#primaryimage"},"image":{"@id":"https:\/\/positiveprints.com\/fr\/produit\/art-zodiaque-capricorne\/#primaryimage"},"thumbnailUrl":"https:\/\/positiveprints.com\/wp-content\/uploads\/2023\/08\/Capricorn-Zodiac-Art.jpg","datePublished":"2023-06-28T15:12:59+00:00","dateModified":"2026-04-12T21:00:23+00:00","description":"D\u00e9couvrez la beaut\u00e9 de l'Art Zodiaque Capricorne - un cadeau unique pour les fans de Capricorne. C\u00e9l\u00e9brez leur ambition et apportez de la joie avec cette \u0153uvre d'art sp\u00e9ciale.","breadcrumb":{"@id":"https:\/\/positiveprints.com\/fr\/produit\/art-zodiaque-capricorne\/#breadcrumb"},"inLanguage":"fr-FR","potentialAction":[{"@type":"ReadAction","target":["https:\/\/positiveprints.com\/fr\/produit\/art-zodiaque-capricorne\/"]}]},{"@type":"ImageObject","inLanguage":"fr-FR","@id":"https:\/\/positiveprints.com\/fr\/produit\/art-zodiaque-capricorne\/#primaryimage","url":"https:\/\/positiveprints.com\/wp-content\/uploads\/2023\/08\/Capricorn-Zodiac-Art.jpg","contentUrl":"https:\/\/positiveprints.com\/wp-content\/uploads\/2023\/08\/Capricorn-Zodiac-Art.jpg","width":1080,"height":1080,"caption":"Capricorn Zodiac Art"},{"@type":"BreadcrumbList","@id":"https:\/\/positiveprints.com\/fr\/produit\/art-zodiaque-capricorne\/#breadcrumb","itemListElement":[{"@type":"ListItem","position":1,"name":"Home","item":"https:\/\/positiveprints.com\/fr\/"},{"@type":"ListItem","position":2,"name":"Produits","item":"https:\/\/positiveprints.com\/fr\/shop\/"},{"@type":"ListItem","position":3,"name":"Art Zodiaque Capricorne"}]},{"@type":"WebSite","@id":"https:\/\/positiveprints.com\/fr\/#website","url":"https:\/\/positiveprints.com\/fr\/","name":"Positive Prints","description":"Amazing Custom Personalized Gifts","publisher":{"@id":"https:\/\/positiveprints.com\/fr\/#organization"},"potentialAction":[{"@type":"SearchAction","target":{"@type":"EntryPoint","urlTemplate":"https:\/\/positiveprints.com\/fr\/?s={search_term_string}"},"query-input":{"@type":"PropertyValueSpecification","valueRequired":true,"valueName":"search_term_string"}}],"inLanguage":"fr-FR"},{"@type":"Organization","@id":"https:\/\/positiveprints.com\/fr\/#organization","name":"Positive Prints","alternateName":"Positive Prints","url":"https:\/\/positiveprints.com\/fr\/","logo":{"@type":"ImageObject","inLanguage":"fr-FR","@id":"https:\/\/positiveprints.com\/fr\/#\/schema\/logo\/image\/","url":"https:\/\/positiveprints.com\/wp-content\/uploads\/2026\/03\/245815646_1337939713319158_5671353136411139666_n.png","contentUrl":"https:\/\/positiveprints.com\/wp-content\/uploads\/2026\/03\/245815646_1337939713319158_5671353136411139666_n.png","width":800,"height":800,"caption":"Positive Prints"},"image":{"@id":"https:\/\/positiveprints.com\/fr\/#\/schema\/logo\/image\/"},"sameAs":["https:\/\/www.facebook.com\/positiveprintscom","https:\/\/www.instagram.com\/positiveprintscom\/","https:\/\/www.tiktok.com\/@positiveprintscom","https:\/\/www.pinterest.com\/positiveprintscom\/"]}]}},"jetpack_sharing_enabled":true,"_links":{"self":[{"href":"https:\/\/positiveprints.com\/fr\/wp-json\/wp\/v2\/product\/628650","targetHints":{"allow":["GET"]}}],"collection":[{"href":"https:\/\/positiveprints.com\/fr\/wp-json\/wp\/v2\/product"}],"about":[{"href":"https:\/\/positiveprints.com\/fr\/wp-json\/wp\/v2\/types\/product"}],"wp:featuredmedia":[{"embeddable":true,"href":"https:\/\/positiveprints.com\/fr\/wp-json\/wp\/v2\/media\/653227"}],"wp:attachment":[{"href":"https:\/\/positiveprints.com\/fr\/wp-json\/wp\/v2\/media?parent=628650"}],"wp:term":[{"taxonomy":"product_brand","embeddable":true,"href":"https:\/\/positiveprints.com\/fr\/wp-json\/wp\/v2\/product_brand?post=628650"},{"taxonomy":"product_cat","embeddable":true,"href":"https:\/\/positiveprints.com\/fr\/wp-json\/wp\/v2\/product_cat?post=628650"},{"taxonomy":"product_tag","embeddable":true,"href":"https:\/\/positiveprints.com\/fr\/wp-json\/wp\/v2\/product_tag?post=628650"}],"curies":[{"name":"wp","href":"https:\/\/api.w.org\/{rel}","templated":true}]}}