{"id":628623,"date":"2023-06-28T15:16:41","date_gmt":"2023-06-28T14:16:41","guid":{"rendered":"https:\/\/positiveprints.com\/?post_type=product&#038;p=628623"},"modified":"2026-04-12T22:00:26","modified_gmt":"2026-04-12T21:00:26","slug":"art-zodiaque-belier","status":"publish","type":"product","link":"https:\/\/positiveprints.com\/fr\/produit\/art-zodiaque-belier\/","title":{"rendered":"Art Zodiaque B\u00e9lier"},"content":{"rendered":"<h2 class=\"grenB f24 cblue\" style=\"margin-top: 3rem\">Art Zodiaque B\u00e9lier comme Cadeau<\/h2>\r\n\r\n<p style=\"margin-top: 1rem\">Vous \u00eates \u00e0 la recherche d&#8217;une id\u00e9e cadeau sp\u00e9ciale et unique ? Ne cherchez pas plus loin, voici l&#8217;incroyable Art Zodiaque B\u00e9lier ! C&#8217;est le cadeau parfait pour quelqu&#8217;un qui aime les signes du zodiaque et l&#8217;astrologie. Qu&#8217;il s&#8217;agisse d&#8217;un anniversaire, de No\u00ebl ou simplement d&#8217;une fa\u00e7on de montrer que vous tenez \u00e0 eux, l&#8217;Art Zodiaque B\u00e9lier rendra leur journ\u00e9e encore plus sp\u00e9ciale.<\/p>\r\n<p style=\"margin-top: 1rem\">Les personnes n\u00e9es sous le signe astrologique du B\u00e9lier, entre le 21 mars et le 19 avril, ont leur propre personnalit\u00e9. Les personnes du signe du B\u00e9lier sont confiantes et \u00e9nergiques. Elles aiment prendre les choses en main et prendre des d\u00e9cisions. Ce sont des leaders naturels qui n&#8217;ont pas peur de faire face aux d\u00e9fis. Les personnes du signe du B\u00e9lier appr\u00e9cient l&#8217;honn\u00eatet\u00e9 et le fait d&#8217;\u00eatre eux-m\u00eames. C&#8217;est pourquoi l&#8217;Art Zodiaque B\u00e9lier est un cadeau id\u00e9al pour elles.<\/p>\r\n\r\n<h2 class=\"grenB f24 cblue\" style=\"margin-top: 3rem\">Personnalisez Votre Art Zodiaque B\u00e9lier<\/h2>\r\n\r\n<p style=\"margin-top: 1rem\">La cr\u00e9ation de votre propre Art Zodiaque B\u00e9lier personnalis\u00e9 est tr\u00e8s facile ! Vous pouvez le faire en ligne avec un \u00e9diteur simple. Choisissez simplement le style et la mise en page que vous aimez. Vous pouvez choisir une image du signe du zodiaque du B\u00e9lier ou de la constellation des \u00e9toiles. Si vous voulez faire preuve de cr\u00e9ativit\u00e9, vous pouvez jouer avec diff\u00e9rentes couleurs ou choisir parmi des gammes de couleurs pr\u00e9d\u00e9finis. Vous pouvez \u00e9galement inclure des informations int\u00e9ressantes comme la pierre de naissance, la plan\u00e8te dominante ou le symbole sp\u00e9cial du signe du zodiaque du B\u00e9lier. Et si vous n&#8217;\u00eates pas s\u00fbr(e) du signe du zodiaque correspondant \u00e0 une date de naissance particuli\u00e8re, ne vous inqui\u00e9tez pas ! Il vous suffit d&#8217;entrer la date de naissance et l&#8217;\u00e9diteur vous le dira.<\/p>\r\n\r\n<p style=\"margin-top: 1rem\">Au moment de passer commande, vous disposez de nombreuses options. Vous pouvez choisir entre une affiche imprim\u00e9e ou encadr\u00e9e, une toile de haute qualit\u00e9 ou m\u00eame un t\u00e9l\u00e9chargement num\u00e9rique instantan\u00e9. Il y en a pour tous les go\u00fbts !<\/p>\r\n\r\n<h2 class=\"grenB f24 cblue\" style=\"margin-top: 3rem\">Faites Une Impression Durable Avec Un Cadeau Personnalis\u00e9<\/h2>\r\n\r\n<p style=\"margin-top: 1rem\">L&#8217;Art Zodiaque B\u00e9lier est un cadeau vraiment sp\u00e9cial qui montre vraiment que vous vous souciez des autres. Ce n&#8217;est pas quelque chose que l&#8217;on trouve dans les magasins ordinaires. Il est unique et personnalis\u00e9 pour la personne \u00e0 qui vous l&#8217;offrez. S&#8217;ils aiment les \u00e9toiles et pensent aux myst\u00e8res de l&#8217;univers, ce cadeau leur fera vraiment plaisir. C&#8217;est quelque chose dont ils se souviendront et qu&#8217;ils ch\u00e9riront. Alors n&#8217;attendez plus ! Commencez \u00e0 cr\u00e9er votre propre Art Zodiaque B\u00e9lier d\u00e8s aujourd&#8217;hui et illuminez un peu plus le monde de quelqu&#8217;un !<\/p>","protected":false},"excerpt":{"rendered":"<ul class=\"check-list\">\n<li>C\u00e9l\u00e9brez l&#8217;esprit fougueux du B\u00e9lier avec ce poster unique du signe du zodiaque, un cadeau parfait pour vous ou vos proches<\/li>\n<li>D\u00e9couvrez les qualit\u00e9s qui rendent votre signe du zodiaque sp\u00e9cial<\/li>\n<li>Choisissez un mod\u00e8le ou faites preuve de cr\u00e9ativit\u00e9<\/li>\n<li>Incluez un texte personnalis\u00e9 significatif<\/li>\n<li>Vois le r\u00e9sultat imm\u00e9diatement \u2013 l\u2019aper\u00e7u interactif te permet de peaufiner chaque d\u00e9tail<\/li>\n<\/ul>\n","protected":false},"featured_media":652057,"template":"","meta":[],"product_brand":[],"product_cat":[104,9009],"product_tag":[9132],"class_list":{"0":"post-628623","1":"product","2":"type-product","3":"status-publish","4":"has-post-thumbnail","6":"product_cat-tous-les-produits","7":"product_cat-zodiac-fr","8":"product_tag-zodiac-fr","10":"first","11":"instock","12":"sale","13":"taxable","14":"shipping-taxable","15":"purchasable","16":"product-type-variable"},"yoast_head":"<!-- This site is optimized with the Yoast SEO Premium plugin v27.2 (Yoast SEO v27.2) - https:\/\/yoast.com\/product\/yoast-seo-premium-wordpress\/ -->\n<title>Art Zodiaque B\u00e9lier - Positive Prints<\/title>\n<meta name=\"description\" content=\"Explorez la magie de l&#039;Art Zodiaque B\u00e9lier - un cadeau incroyable pour les fans du B\u00e9lier. C\u00e9l\u00e9brez leur esprit aventureux avec cette \u0153uvre d&#039;art sp\u00e9ciale qui les inspirera et leur apportera de la joie.\" \/>\n<meta name=\"robots\" content=\"index, follow, max-snippet:-1, max-image-preview:large, max-video-preview:-1\" \/>\n<link rel=\"canonical\" href=\"https:\/\/positiveprints.com\/fr\/produit\/art-zodiaque-belier\/\" \/>\n<meta property=\"og:locale\" content=\"fr_FR\" \/>\n<meta property=\"og:type\" content=\"article\" \/>\n<meta property=\"og:title\" content=\"Art Zodiaque B\u00e9lier\" \/>\n<meta property=\"og:description\" content=\"C\u00e9l\u00e9brez l&#039;esprit fougueux du B\u00e9lier avec ce poster unique du signe du zodiaque, un cadeau parfait pour vous ou vos proches  D\u00e9couvrez les qualit\u00e9s qui rendent votre signe du zodiaque sp\u00e9cial  Choisissez un mod\u00e8le ou faites preuve de cr\u00e9ativit\u00e9  Incluez un texte personnalis\u00e9 significatif  Vois le r\u00e9sultat imm\u00e9diatement \u2013 l\u2019aper\u00e7u interactif te permet de peaufiner chaque d\u00e9tail\" \/>\n<meta property=\"og:url\" content=\"https:\/\/positiveprints.com\/fr\/produit\/art-zodiaque-belier\/\" \/>\n<meta property=\"og:site_name\" content=\"Positive Prints\" \/>\n<meta property=\"article:publisher\" content=\"https:\/\/www.facebook.com\/positiveprintscom\" \/>\n<meta property=\"article:modified_time\" content=\"2026-04-12T21:00:26+00:00\" \/>\n<meta property=\"og:image\" content=\"https:\/\/positiveprints.com\/wp-content\/uploads\/2023\/08\/Aries-Zodiac-Art.jpg\" \/>\n\t<meta property=\"og:image:width\" content=\"1080\" \/>\n\t<meta property=\"og:image:height\" content=\"1080\" \/>\n\t<meta property=\"og:image:type\" content=\"image\/jpeg\" \/>\n<meta name=\"twitter:card\" content=\"summary_large_image\" \/>\n<!-- \/ Yoast SEO Premium plugin. -->","yoast_head_json":{"title":"Art Zodiaque B\u00e9lier - Positive Prints","description":"Explorez la magie de l'Art Zodiaque B\u00e9lier - un cadeau incroyable pour les fans du B\u00e9lier. C\u00e9l\u00e9brez leur esprit aventureux avec cette \u0153uvre d'art sp\u00e9ciale qui les inspirera et leur apportera de la joie.","robots":{"index":"index","follow":"follow","max-snippet":"max-snippet:-1","max-image-preview":"max-image-preview:large","max-video-preview":"max-video-preview:-1"},"canonical":"https:\/\/positiveprints.com\/fr\/produit\/art-zodiaque-belier\/","og_locale":"fr_FR","og_type":"article","og_title":"Art Zodiaque B\u00e9lier","og_description":"C\u00e9l\u00e9brez l'esprit fougueux du B\u00e9lier avec ce poster unique du signe du zodiaque, un cadeau parfait pour vous ou vos proches  D\u00e9couvrez les qualit\u00e9s qui rendent votre signe du zodiaque sp\u00e9cial  Choisissez un mod\u00e8le ou faites preuve de cr\u00e9ativit\u00e9  Incluez un texte personnalis\u00e9 significatif  Vois le r\u00e9sultat imm\u00e9diatement \u2013 l\u2019aper\u00e7u interactif te permet de peaufiner chaque d\u00e9tail","og_url":"https:\/\/positiveprints.com\/fr\/produit\/art-zodiaque-belier\/","og_site_name":"Positive Prints","article_publisher":"https:\/\/www.facebook.com\/positiveprintscom","article_modified_time":"2026-04-12T21:00:26+00:00","og_image":[{"width":1080,"height":1080,"url":"https:\/\/positiveprints.com\/wp-content\/uploads\/2023\/08\/Aries-Zodiac-Art.jpg","type":"image\/jpeg"}],"twitter_card":"summary_large_image","schema":{"@context":"https:\/\/schema.org","@graph":[{"@type":["WebPage","ItemPage"],"@id":"https:\/\/positiveprints.com\/fr\/produit\/art-zodiaque-belier\/","url":"https:\/\/positiveprints.com\/fr\/produit\/art-zodiaque-belier\/","name":"Art Zodiaque B\u00e9lier - Positive Prints","isPartOf":{"@id":"https:\/\/positiveprints.com\/fr\/#website"},"primaryImageOfPage":{"@id":"https:\/\/positiveprints.com\/fr\/produit\/art-zodiaque-belier\/#primaryimage"},"image":{"@id":"https:\/\/positiveprints.com\/fr\/produit\/art-zodiaque-belier\/#primaryimage"},"thumbnailUrl":"https:\/\/positiveprints.com\/wp-content\/uploads\/2023\/08\/Aries-Zodiac-Art.jpg","datePublished":"2023-06-28T14:16:41+00:00","dateModified":"2026-04-12T21:00:26+00:00","description":"Explorez la magie de l'Art Zodiaque B\u00e9lier - un cadeau incroyable pour les fans du B\u00e9lier. C\u00e9l\u00e9brez leur esprit aventureux avec cette \u0153uvre d'art sp\u00e9ciale qui les inspirera et leur apportera de la joie.","breadcrumb":{"@id":"https:\/\/positiveprints.com\/fr\/produit\/art-zodiaque-belier\/#breadcrumb"},"inLanguage":"fr-FR","potentialAction":[{"@type":"ReadAction","target":["https:\/\/positiveprints.com\/fr\/produit\/art-zodiaque-belier\/"]}]},{"@type":"ImageObject","inLanguage":"fr-FR","@id":"https:\/\/positiveprints.com\/fr\/produit\/art-zodiaque-belier\/#primaryimage","url":"https:\/\/positiveprints.com\/wp-content\/uploads\/2023\/08\/Aries-Zodiac-Art.jpg","contentUrl":"https:\/\/positiveprints.com\/wp-content\/uploads\/2023\/08\/Aries-Zodiac-Art.jpg","width":1080,"height":1080,"caption":"Aries Zodiac Art"},{"@type":"BreadcrumbList","@id":"https:\/\/positiveprints.com\/fr\/produit\/art-zodiaque-belier\/#breadcrumb","itemListElement":[{"@type":"ListItem","position":1,"name":"Home","item":"https:\/\/positiveprints.com\/fr\/"},{"@type":"ListItem","position":2,"name":"Produits","item":"https:\/\/positiveprints.com\/fr\/shop\/"},{"@type":"ListItem","position":3,"name":"Art Zodiaque B\u00e9lier"}]},{"@type":"WebSite","@id":"https:\/\/positiveprints.com\/fr\/#website","url":"https:\/\/positiveprints.com\/fr\/","name":"Positive Prints","description":"Amazing Custom Personalized Gifts","publisher":{"@id":"https:\/\/positiveprints.com\/fr\/#organization"},"potentialAction":[{"@type":"SearchAction","target":{"@type":"EntryPoint","urlTemplate":"https:\/\/positiveprints.com\/fr\/?s={search_term_string}"},"query-input":{"@type":"PropertyValueSpecification","valueRequired":true,"valueName":"search_term_string"}}],"inLanguage":"fr-FR"},{"@type":"Organization","@id":"https:\/\/positiveprints.com\/fr\/#organization","name":"Positive Prints","alternateName":"Positive Prints","url":"https:\/\/positiveprints.com\/fr\/","logo":{"@type":"ImageObject","inLanguage":"fr-FR","@id":"https:\/\/positiveprints.com\/fr\/#\/schema\/logo\/image\/","url":"https:\/\/positiveprints.com\/wp-content\/uploads\/2026\/03\/245815646_1337939713319158_5671353136411139666_n.png","contentUrl":"https:\/\/positiveprints.com\/wp-content\/uploads\/2026\/03\/245815646_1337939713319158_5671353136411139666_n.png","width":800,"height":800,"caption":"Positive Prints"},"image":{"@id":"https:\/\/positiveprints.com\/fr\/#\/schema\/logo\/image\/"},"sameAs":["https:\/\/www.facebook.com\/positiveprintscom","https:\/\/www.instagram.com\/positiveprintscom\/","https:\/\/www.tiktok.com\/@positiveprintscom","https:\/\/www.pinterest.com\/positiveprintscom\/"]}]}},"jetpack_sharing_enabled":true,"_links":{"self":[{"href":"https:\/\/positiveprints.com\/fr\/wp-json\/wp\/v2\/product\/628623","targetHints":{"allow":["GET"]}}],"collection":[{"href":"https:\/\/positiveprints.com\/fr\/wp-json\/wp\/v2\/product"}],"about":[{"href":"https:\/\/positiveprints.com\/fr\/wp-json\/wp\/v2\/types\/product"}],"wp:featuredmedia":[{"embeddable":true,"href":"https:\/\/positiveprints.com\/fr\/wp-json\/wp\/v2\/media\/652057"}],"wp:attachment":[{"href":"https:\/\/positiveprints.com\/fr\/wp-json\/wp\/v2\/media?parent=628623"}],"wp:term":[{"taxonomy":"product_brand","embeddable":true,"href":"https:\/\/positiveprints.com\/fr\/wp-json\/wp\/v2\/product_brand?post=628623"},{"taxonomy":"product_cat","embeddable":true,"href":"https:\/\/positiveprints.com\/fr\/wp-json\/wp\/v2\/product_cat?post=628623"},{"taxonomy":"product_tag","embeddable":true,"href":"https:\/\/positiveprints.com\/fr\/wp-json\/wp\/v2\/product_tag?post=628623"}],"curies":[{"name":"wp","href":"https:\/\/api.w.org\/{rel}","templated":true}]}}