{"id":628556,"date":"2023-05-31T13:23:14","date_gmt":"2023-05-31T12:23:14","guid":{"rendered":"https:\/\/positiveprints.com\/?post_type=product&#038;p=628556"},"modified":"2026-04-18T05:44:47","modified_gmt":"2026-04-18T04:44:47","slug":"art-signe-du-zodiaque","status":"publish","type":"product","link":"https:\/\/positiveprints.com\/fr\/produit\/art-signe-du-zodiaque\/","title":{"rendered":"Art Signe du Zodiaque"},"content":{"rendered":"<h2 class=\"grenB f24 cblue\" style=\"margin-top: 3rem;\">Art Signe du Zodiaque Personnalis\u00e9 Pour Toutes Les Occasions<\/h2>\r\n<p style=\"margin-top: 1rem;\">L\u2019Art Signe du Zodiaque est un cadeau exceptionnel que vous pouvez personnaliser pour toutes les occasions sp\u00e9ciales. Si vous connaissez quelqu\u2019un qui aime l\u2019astrologie et les signes du zodiaque, c\u2019est le pr\u00e9sent parfait. Que ce soit pour un <a href=\"https:\/\/positiveprints.com\/fr\/cadeaux-danniversaire\/\">anniversaire<\/a>, No\u00ebl ou toute autre c\u00e9l\u00e9bration, cette illustration personnalis\u00e9e illuminera leur journ\u00e9e. Avec cette impression ou toile, vous pouvez mettre en valeur leur signe astrologique ou leur constellation, accompagn\u00e9s d\u2019un texte unique \u00e0 personnaliser.<\/p>\r\n\r\n<h2 class=\"grenB f24 cblue\" style=\"margin-top: 3rem;\">Cr\u00e9ation Artistique Simple Et Personnalis\u00e9e<\/h2>\r\n<p style=\"margin-top: 1rem;\">Cr\u00e9er votre propre <a href=\"https:\/\/positiveprints.com\/fr\/zodiac-editor?predefinedProduct=628556&amp;editorTab=design-tab\">Art Signe du Zodiaque<\/a> est un jeu d\u2019enfant gr\u00e2ce \u00e0 notre \u00e9diteur en ligne intuitif. Facile \u00e0 utiliser, m\u00eame sur mobile, il vous guide \u00e9tape par \u00e9tape. Choisissez d\u2019abord le style et la mise en page de votre cr\u00e9ation. S\u00e9lectionnez une illustration captivante du signe astrologique ou une repr\u00e9sentation \u00e9l\u00e9gante de la constellation. Si vous avez envie de personnaliser davantage, vous pouvez modifier les couleurs ou explorer nos palettes pr\u00e9d\u00e9finies.<\/p>\r\n<p style=\"margin-top: 1rem;\">Ensuite, \u00e0 vous de d\u00e9cider des \u00e9l\u00e9ments \u00e0 inclure dans votre visuel : souhaitez-vous ajouter la pierre de naissance, la plan\u00e8te dominante ou encore le symbole du signe ? C\u2019est enti\u00e8rement personnalisable. Et si vous ne connaissez pas le signe astrologique associ\u00e9 \u00e0 une date de naissance, pas d\u2019inqui\u00e9tude : entrez simplement la date, et notre \u00e9diteur s\u2019en chargera.<\/p>\r\n<p style=\"margin-top: 1rem;\">Lors de la commande, plusieurs formats et tailles vous sont propos\u00e9s. Vous pouvez choisir entre une affiche imprim\u00e9e ou encadr\u00e9e, une toile de qualit\u00e9 sup\u00e9rieure ou un fichier num\u00e9rique \u00e0 t\u00e9l\u00e9charger instantan\u00e9ment.<\/p>\r\n\r\n<h2 class=\"grenB f24 cblue\" style=\"margin-top: 3rem;\">Un Cadeau Sp\u00e9cial Et Significatif Pour Les Amoureux Du Zodiaque<\/h2>\r\n<p style=\"margin-top: 1rem;\">L\u2019Art Signe du Zodiaque est un cadeau attentionn\u00e9, qui montre que vous avez vraiment pens\u00e9 \u00e0 la personne qui le recevra. Si quelqu\u2019un de sp\u00e9cial dans votre vie aime contempler les \u00e9toiles et les myst\u00e8res de l\u2019univers, ce pr\u00e9sent original saura le toucher. C\u2019est une cr\u00e9ation unique, que vous ne trouverez pas dans les boutiques classiques. Et gr\u00e2ce \u00e0 notre \u00e9diteur simple et rapide, concevoir ce cadeau devient un plaisir. Alors, pourquoi attendre ? Cr\u00e9ez d\u00e8s aujourd\u2019hui votre illustration astrologique personnalis\u00e9e et offrez un souvenir plein de sens.<\/p>","protected":false},"excerpt":{"rendered":"<ul class=\"check-list\">\n<li>Affichez la personnalit\u00e9 et les traits astrologiques de votre bien-aim\u00e9(e) avec une illustration du signe du zodiaque<\/li>\n<li>D\u00e9couvrez les qualit\u00e9s uniques qui rendent chaque signe si sp\u00e9cial<\/li>\n<li>Choisissez un mod\u00e8le existant ou laissez parler votre cr\u00e9ativit\u00e9<\/li>\n<li>Ajoutez un texte personnalis\u00e9 plein de sens<\/li>\n<li>Visualisez le r\u00e9sultat instantan\u00e9ment gr\u00e2ce \u00e0 notre aper\u00e7u interactif<\/li>\n<\/ul>\n","protected":false},"featured_media":1527203,"template":"","meta":[],"product_brand":[],"product_cat":[11535,11536,11537,11538,11624,11625,11626,11627,15109,264,8243,104,9009],"product_tag":[14858,15530],"class_list":{"0":"post-628556","1":"product","2":"type-product","3":"status-publish","4":"has-post-thumbnail","6":"product_cat-anniversaire-de-18-ans","7":"product_cat-anniversaire-de-21-ans","8":"product_cat-anniversaire-de-30-ans","9":"product_cat-anniversaire-de-40-ans","10":"product_cat-anniversaire-de-50-ans","11":"product_cat-anniversaire-de-60-ans","12":"product_cat-anniversaire-de-70-ans","13":"product_cat-anniversaire-de-80-ans","14":"product_cat-bestsellers-menu-fr","15":"product_cat-creators-fr-2","16":"product_cat-digital-products-fr","17":"product_cat-tous-les-produits","18":"product_cat-zodiac-fr","19":"product_tag-creators-fr-2","20":"product_tag-poster-signe-astro","22":"first","23":"instock","24":"sale","25":"taxable","26":"shipping-taxable","27":"purchasable","28":"product-type-variable"},"yoast_head":"<!-- This site is optimized with the Yoast SEO Premium plugin v27.2 (Yoast SEO v27.2) - https:\/\/yoast.com\/product\/yoast-seo-premium-wordpress\/ -->\n<title>Art Signe du Zodiaque - Positive Prints<\/title>\n<meta name=\"description\" content=\"Lib\u00e9rez la magie de l\u2019Art Signe du Zodiaque \u2013 le cadeau id\u00e9al pour les passionn\u00e9s d\u2019astrologie. Offrez une \u0153uvre d\u2019art inspirante, qui c\u00e9l\u00e8bre leur personnalit\u00e9 unique.\" \/>\n<meta name=\"robots\" content=\"index, follow, max-snippet:-1, max-image-preview:large, max-video-preview:-1\" \/>\n<link rel=\"canonical\" href=\"https:\/\/positiveprints.com\/fr\/produit\/art-signe-du-zodiaque\/\" \/>\n<meta property=\"og:locale\" content=\"fr_FR\" \/>\n<meta property=\"og:type\" content=\"article\" \/>\n<meta property=\"og:title\" content=\"Art Signe du Zodiaque\" \/>\n<meta property=\"og:description\" content=\"Affichez la personnalit\u00e9 et les traits astrologiques de votre bien-aim\u00e9(e) avec une illustration du signe du zodiaque  D\u00e9couvrez les qualit\u00e9s uniques qui rendent chaque signe si sp\u00e9cial  Choisissez un mod\u00e8le existant ou laissez parler votre cr\u00e9ativit\u00e9  Ajoutez un texte personnalis\u00e9 plein de sens  Visualisez le r\u00e9sultat instantan\u00e9ment gr\u00e2ce \u00e0 notre aper\u00e7u interactif\" \/>\n<meta property=\"og:url\" content=\"https:\/\/positiveprints.com\/fr\/produit\/art-signe-du-zodiaque\/\" \/>\n<meta property=\"og:site_name\" content=\"Positive Prints\" \/>\n<meta property=\"article:publisher\" content=\"https:\/\/www.facebook.com\/positiveprintscom\" \/>\n<meta property=\"article:modified_time\" content=\"2026-04-18T04:44:47+00:00\" \/>\n<meta property=\"og:image\" content=\"https:\/\/positiveprints.com\/wp-content\/uploads\/2025\/09\/Packshot_FR_Art-Signe-du-Zodiaque.webp\" \/>\n\t<meta property=\"og:image:width\" content=\"1450\" \/>\n\t<meta property=\"og:image:height\" content=\"1450\" \/>\n\t<meta property=\"og:image:type\" content=\"image\/webp\" \/>\n<meta name=\"twitter:card\" content=\"summary_large_image\" \/>\n<meta name=\"twitter:label1\" content=\"Dur\u00e9e de lecture estim\u00e9e\" \/>\n\t<meta name=\"twitter:data1\" content=\"2 minutes\" \/>\n<!-- \/ Yoast SEO Premium plugin. -->","yoast_head_json":{"title":"Art Signe du Zodiaque - Positive Prints","description":"Lib\u00e9rez la magie de l\u2019Art Signe du Zodiaque \u2013 le cadeau id\u00e9al pour les passionn\u00e9s d\u2019astrologie. Offrez une \u0153uvre d\u2019art inspirante, qui c\u00e9l\u00e8bre leur personnalit\u00e9 unique.","robots":{"index":"index","follow":"follow","max-snippet":"max-snippet:-1","max-image-preview":"max-image-preview:large","max-video-preview":"max-video-preview:-1"},"canonical":"https:\/\/positiveprints.com\/fr\/produit\/art-signe-du-zodiaque\/","og_locale":"fr_FR","og_type":"article","og_title":"Art Signe du Zodiaque","og_description":"Affichez la personnalit\u00e9 et les traits astrologiques de votre bien-aim\u00e9(e) avec une illustration du signe du zodiaque  D\u00e9couvrez les qualit\u00e9s uniques qui rendent chaque signe si sp\u00e9cial  Choisissez un mod\u00e8le existant ou laissez parler votre cr\u00e9ativit\u00e9  Ajoutez un texte personnalis\u00e9 plein de sens  Visualisez le r\u00e9sultat instantan\u00e9ment gr\u00e2ce \u00e0 notre aper\u00e7u interactif","og_url":"https:\/\/positiveprints.com\/fr\/produit\/art-signe-du-zodiaque\/","og_site_name":"Positive Prints","article_publisher":"https:\/\/www.facebook.com\/positiveprintscom","article_modified_time":"2026-04-18T04:44:47+00:00","og_image":[{"width":1450,"height":1450,"url":"https:\/\/positiveprints.com\/wp-content\/uploads\/2025\/09\/Packshot_FR_Art-Signe-du-Zodiaque.webp","type":"image\/webp"}],"twitter_card":"summary_large_image","twitter_misc":{"Dur\u00e9e de lecture estim\u00e9e":"2 minutes"},"schema":{"@context":"https:\/\/schema.org","@graph":[{"@type":["WebPage","ItemPage"],"@id":"https:\/\/positiveprints.com\/fr\/produit\/art-signe-du-zodiaque\/","url":"https:\/\/positiveprints.com\/fr\/produit\/art-signe-du-zodiaque\/","name":"Art Signe du Zodiaque - Positive Prints","isPartOf":{"@id":"https:\/\/positiveprints.com\/fr\/#website"},"primaryImageOfPage":{"@id":"https:\/\/positiveprints.com\/fr\/produit\/art-signe-du-zodiaque\/#primaryimage"},"image":{"@id":"https:\/\/positiveprints.com\/fr\/produit\/art-signe-du-zodiaque\/#primaryimage"},"thumbnailUrl":"https:\/\/positiveprints.com\/wp-content\/uploads\/2025\/09\/Packshot_FR_Art-Signe-du-Zodiaque.webp","datePublished":"2023-05-31T12:23:14+00:00","dateModified":"2026-04-18T04:44:47+00:00","description":"Lib\u00e9rez la magie de l\u2019Art Signe du Zodiaque \u2013 le cadeau id\u00e9al pour les passionn\u00e9s d\u2019astrologie. Offrez une \u0153uvre d\u2019art inspirante, qui c\u00e9l\u00e8bre leur personnalit\u00e9 unique.","breadcrumb":{"@id":"https:\/\/positiveprints.com\/fr\/produit\/art-signe-du-zodiaque\/#breadcrumb"},"inLanguage":"fr-FR","potentialAction":[{"@type":"ReadAction","target":["https:\/\/positiveprints.com\/fr\/produit\/art-signe-du-zodiaque\/"]}]},{"@type":"ImageObject","inLanguage":"fr-FR","@id":"https:\/\/positiveprints.com\/fr\/produit\/art-signe-du-zodiaque\/#primaryimage","url":"https:\/\/positiveprints.com\/wp-content\/uploads\/2025\/09\/Packshot_FR_Art-Signe-du-Zodiaque.webp","contentUrl":"https:\/\/positiveprints.com\/wp-content\/uploads\/2025\/09\/Packshot_FR_Art-Signe-du-Zodiaque.webp","width":1450,"height":1450},{"@type":"BreadcrumbList","@id":"https:\/\/positiveprints.com\/fr\/produit\/art-signe-du-zodiaque\/#breadcrumb","itemListElement":[{"@type":"ListItem","position":1,"name":"Home","item":"https:\/\/positiveprints.com\/fr\/"},{"@type":"ListItem","position":2,"name":"Produits","item":"https:\/\/positiveprints.com\/fr\/shop\/"},{"@type":"ListItem","position":3,"name":"Art Signe du Zodiaque"}]},{"@type":"WebSite","@id":"https:\/\/positiveprints.com\/fr\/#website","url":"https:\/\/positiveprints.com\/fr\/","name":"Positive Prints","description":"Amazing Custom Personalized Gifts","publisher":{"@id":"https:\/\/positiveprints.com\/fr\/#organization"},"potentialAction":[{"@type":"SearchAction","target":{"@type":"EntryPoint","urlTemplate":"https:\/\/positiveprints.com\/fr\/?s={search_term_string}"},"query-input":{"@type":"PropertyValueSpecification","valueRequired":true,"valueName":"search_term_string"}}],"inLanguage":"fr-FR"},{"@type":"Organization","@id":"https:\/\/positiveprints.com\/fr\/#organization","name":"Positive Prints","alternateName":"Positive Prints","url":"https:\/\/positiveprints.com\/fr\/","logo":{"@type":"ImageObject","inLanguage":"fr-FR","@id":"https:\/\/positiveprints.com\/fr\/#\/schema\/logo\/image\/","url":"https:\/\/positiveprints.com\/wp-content\/uploads\/2026\/03\/245815646_1337939713319158_5671353136411139666_n.png","contentUrl":"https:\/\/positiveprints.com\/wp-content\/uploads\/2026\/03\/245815646_1337939713319158_5671353136411139666_n.png","width":800,"height":800,"caption":"Positive Prints"},"image":{"@id":"https:\/\/positiveprints.com\/fr\/#\/schema\/logo\/image\/"},"sameAs":["https:\/\/www.facebook.com\/positiveprintscom","https:\/\/www.instagram.com\/positiveprintscom\/","https:\/\/www.tiktok.com\/@positiveprintscom","https:\/\/www.pinterest.com\/positiveprintscom\/"]}]}},"jetpack_sharing_enabled":true,"_links":{"self":[{"href":"https:\/\/positiveprints.com\/fr\/wp-json\/wp\/v2\/product\/628556","targetHints":{"allow":["GET"]}}],"collection":[{"href":"https:\/\/positiveprints.com\/fr\/wp-json\/wp\/v2\/product"}],"about":[{"href":"https:\/\/positiveprints.com\/fr\/wp-json\/wp\/v2\/types\/product"}],"wp:featuredmedia":[{"embeddable":true,"href":"https:\/\/positiveprints.com\/fr\/wp-json\/wp\/v2\/media\/1527203"}],"wp:attachment":[{"href":"https:\/\/positiveprints.com\/fr\/wp-json\/wp\/v2\/media?parent=628556"}],"wp:term":[{"taxonomy":"product_brand","embeddable":true,"href":"https:\/\/positiveprints.com\/fr\/wp-json\/wp\/v2\/product_brand?post=628556"},{"taxonomy":"product_cat","embeddable":true,"href":"https:\/\/positiveprints.com\/fr\/wp-json\/wp\/v2\/product_cat?post=628556"},{"taxonomy":"product_tag","embeddable":true,"href":"https:\/\/positiveprints.com\/fr\/wp-json\/wp\/v2\/product_tag?post=628556"}],"curies":[{"name":"wp","href":"https:\/\/api.w.org\/{rel}","templated":true}]}}