{"id":621588,"date":"2023-05-11T12:45:39","date_gmt":"2023-05-11T11:45:39","guid":{"rendered":"https:\/\/positiveprints.com\/?post_type=product&#038;p=621588"},"modified":"2026-04-28T14:20:07","modified_gmt":"2026-04-28T13:20:07","slug":"collage-photo-en-lettres-pour-votre-frere","status":"publish","type":"product","link":"https:\/\/positiveprints.com\/fr\/produit\/collage-photo-en-lettres-pour-votre-frere\/","title":{"rendered":"Collage Photo de Lettres pour votre Fr\u00e8re"},"content":{"rendered":"<p style=\"margin-top: 1rem;\">Un Collage Photo en Lettre pour Fr\u00e8re est le cadeau personnalis\u00e9 parfait pour votre fr\u00e8re qui met en valeur vos moments ch\u00e9ris ensemble. Que ce soit pour un anniversaire ou pour No\u00ebl, un collage de photos pour votre fr\u00e8re est une fa\u00e7on cr\u00e9ative et unique d&#8217;exprimer votre amour et votre appr\u00e9ciation. Choisissez un mot personnalis\u00e9 comme \u00ab fr\u00e8re \u00bb, \u00ab fr\u00e9ro \u00bb ou \u00ab amigo \u00bb et cr\u00e9ez chaque lettre avec vos propres photos. Avec des possibilit\u00e9s infinies, vous pouvez cr\u00e9er une \u0153uvre d&#8217;art esth\u00e9tiquement agr\u00e9able et significative.<\/p>\r\n<p style=\"margin-top: 1rem;\">R\u00e9aliser votre Collage Photo en Lettre pour Fr\u00e8re est facile et simple. Commencez par choisir le mot qui repr\u00e9sente le mieux votre relation. T\u00e9l\u00e9chargez vos propres photos et choisissez celles que vous souhaitez utiliser pour chaque lettre. Vous pouvez effectuer un zoom avant ou arri\u00e8re sur chaque photo et ajuster leur position en fonction de votre vision. Personnalisez encore plus en ajoutant du texte personnel ci-dessous pour cette touche sp\u00e9ciale. Chez Positive Prints, nous avons une vari\u00e9t\u00e9 de choix de format et de taille, afin que vous puissiez choisir l&#8217;option parfaite pour votre \u0153uvre personnalis\u00e9e. Affiches imprim\u00e9es et encadr\u00e9es, toile et fichiers de t\u00e9l\u00e9chargement num\u00e9rique instantan\u00e9 &#8211; le tout avec des impressions vibrantes de haute qualit\u00e9.<\/p>\r\n<p style=\"margin-top: 1rem;\">Les fr\u00e8res partagent un lien pas comme les autres, et ils m\u00e9ritent un cadeau unique et personnel pour comm\u00e9morer cette connexion. Alors pourquoi ne pas cr\u00e9er un cadeau vraiment sp\u00e9cial avec le Collage Photo en Lettre pour Fr\u00e8re ? Votre fr\u00e8re sera ravi d&#8217;avoir une \u0153uvre d&#8217;art qui met en vedette vos moments ch\u00e9ris et il la gardera toujours pr\u00e8s de son c\u0153ur.<\/p>\r\n<p style=\"margin-top: 1rem;\">Cr\u00e9ez un Collage Photo en Lettre pour Fr\u00e8re aujourd&#8217;hui et montrez votre amour \u00e0 votre fr\u00e8re ! C&#8217;est un cadeau unique et m\u00e9morable que vous ne trouverez nulle part ailleurs. Laissez-nous vous aider \u00e0 donner vie \u00e0 votre vision en commandant d\u00e8s maintenant un Collage Photo en Lettre personnalis\u00e9.<\/p>","protected":false},"excerpt":{"rendered":"<ul class=\"check-list\">\n<li>Incluez un texte personnalis\u00e9 significatif<\/li>\n<li>Personnalisez en 3 \u00e9tapes simples<\/li>\n<li>Choisissez un mod\u00e8le ou faites preuve de cr\u00e9ativit\u00e9<\/li>\n<li>Visualisez le r\u00e9sultat imm\u00e9diatement \u2013 l\u2019aper\u00e7u interactif vous permet de peaufiner chaque d\u00e9tail<\/li>\n<\/ul>\n","protected":false},"featured_media":1668045,"template":"","meta":[],"product_brand":[],"product_cat":[9274,9123,104,5264,11389,7621],"product_tag":[17183,12578,13455,12577],"class_list":{"0":"post-621588","1":"product","2":"type-product","3":"status-publish","4":"has-post-thumbnail","6":"product_cat-bestsellers-label-fr","7":"product_cat-photo-letter-fr","8":"product_cat-tous-les-produits","9":"product_cat-cadeaux-de-noel","10":"product_cat-cadeaux-de-noel-pour-le-frere","11":"product_cat-cadeaux-pour-frere","12":"product_tag-cadeau-pour-frere-fr","13":"product_tag-cadeau-pour-frere","14":"product_tag-cadeaux-de-noel-pour-frere","15":"product_tag-frere","17":"first","18":"instock","19":"sale","20":"taxable","21":"shipping-taxable","22":"purchasable","23":"product-type-variable"},"yoast_head":"<!-- This site is optimized with the Yoast SEO Premium plugin v27.2 (Yoast SEO v27.2) - https:\/\/yoast.com\/product\/yoast-seo-premium-wordpress\/ -->\n<title>Collage Photo de Lettres pour votre Fr\u00e8re - Positive Prints<\/title>\n<meta name=\"description\" content=\"C\u00e9l\u00e9brez votre fr\u00e8re avec un cadeau unique ! Cr\u00e9ez un collage photo personnalis\u00e9 rempli de souvenirs sp\u00e9ciaux qu&#039;il ch\u00e9rira \u00e0 jamais.\" \/>\n<meta name=\"robots\" content=\"index, follow, max-snippet:-1, max-image-preview:large, max-video-preview:-1\" \/>\n<link rel=\"canonical\" href=\"https:\/\/positiveprints.com\/fr\/produit\/collage-photo-en-lettres-pour-votre-frere\/\" \/>\n<meta property=\"og:locale\" content=\"fr_FR\" \/>\n<meta property=\"og:type\" content=\"article\" \/>\n<meta property=\"og:title\" content=\"Collage Photo de Lettres pour votre Fr\u00e8re\" \/>\n<meta property=\"og:description\" content=\"Incluez un texte personnalis\u00e9 significatif  Personnalisez en 3 \u00e9tapes simples  Choisissez un mod\u00e8le ou faites preuve de cr\u00e9ativit\u00e9  Visualisez le r\u00e9sultat imm\u00e9diatement \u2013 l\u2019aper\u00e7u interactif vous permet de peaufiner chaque d\u00e9tail\" \/>\n<meta property=\"og:url\" content=\"https:\/\/positiveprints.com\/fr\/produit\/collage-photo-en-lettres-pour-votre-frere\/\" \/>\n<meta property=\"og:site_name\" content=\"Positive Prints\" \/>\n<meta property=\"article:publisher\" content=\"https:\/\/www.facebook.com\/positiveprintscom\" \/>\n<meta property=\"article:modified_time\" content=\"2026-04-28T13:20:07+00:00\" \/>\n<meta property=\"og:image\" content=\"https:\/\/positiveprints.com\/wp-content\/uploads\/2025\/03\/Collage-Photo-en-Lettre-pour-Frere-1.webp\" \/>\n\t<meta property=\"og:image:width\" content=\"1450\" \/>\n\t<meta property=\"og:image:height\" content=\"1450\" \/>\n\t<meta property=\"og:image:type\" content=\"image\/webp\" \/>\n<meta name=\"twitter:card\" content=\"summary_large_image\" \/>\n<!-- \/ Yoast SEO Premium plugin. -->","yoast_head_json":{"title":"Collage Photo de Lettres pour votre Fr\u00e8re - Positive Prints","description":"C\u00e9l\u00e9brez votre fr\u00e8re avec un cadeau unique ! Cr\u00e9ez un collage photo personnalis\u00e9 rempli de souvenirs sp\u00e9ciaux qu'il ch\u00e9rira \u00e0 jamais.","robots":{"index":"index","follow":"follow","max-snippet":"max-snippet:-1","max-image-preview":"max-image-preview:large","max-video-preview":"max-video-preview:-1"},"canonical":"https:\/\/positiveprints.com\/fr\/produit\/collage-photo-en-lettres-pour-votre-frere\/","og_locale":"fr_FR","og_type":"article","og_title":"Collage Photo de Lettres pour votre Fr\u00e8re","og_description":"Incluez un texte personnalis\u00e9 significatif  Personnalisez en 3 \u00e9tapes simples  Choisissez un mod\u00e8le ou faites preuve de cr\u00e9ativit\u00e9  Visualisez le r\u00e9sultat imm\u00e9diatement \u2013 l\u2019aper\u00e7u interactif vous permet de peaufiner chaque d\u00e9tail","og_url":"https:\/\/positiveprints.com\/fr\/produit\/collage-photo-en-lettres-pour-votre-frere\/","og_site_name":"Positive Prints","article_publisher":"https:\/\/www.facebook.com\/positiveprintscom","article_modified_time":"2026-04-28T13:20:07+00:00","og_image":[{"width":1450,"height":1450,"url":"https:\/\/positiveprints.com\/wp-content\/uploads\/2025\/03\/Collage-Photo-en-Lettre-pour-Frere-1.webp","type":"image\/webp"}],"twitter_card":"summary_large_image","schema":{"@context":"https:\/\/schema.org","@graph":[{"@type":["WebPage","ItemPage"],"@id":"https:\/\/positiveprints.com\/fr\/produit\/collage-photo-en-lettres-pour-votre-frere\/","url":"https:\/\/positiveprints.com\/fr\/produit\/collage-photo-en-lettres-pour-votre-frere\/","name":"Collage Photo de Lettres pour votre Fr\u00e8re - Positive Prints","isPartOf":{"@id":"https:\/\/positiveprints.com\/fr\/#website"},"primaryImageOfPage":{"@id":"https:\/\/positiveprints.com\/fr\/produit\/collage-photo-en-lettres-pour-votre-frere\/#primaryimage"},"image":{"@id":"https:\/\/positiveprints.com\/fr\/produit\/collage-photo-en-lettres-pour-votre-frere\/#primaryimage"},"thumbnailUrl":"https:\/\/positiveprints.com\/wp-content\/uploads\/2026\/03\/frere-FR-packshot-.webp","datePublished":"2023-05-11T11:45:39+00:00","dateModified":"2026-04-28T13:20:07+00:00","description":"C\u00e9l\u00e9brez votre fr\u00e8re avec un cadeau unique ! Cr\u00e9ez un collage photo personnalis\u00e9 rempli de souvenirs sp\u00e9ciaux qu'il ch\u00e9rira \u00e0 jamais.","breadcrumb":{"@id":"https:\/\/positiveprints.com\/fr\/produit\/collage-photo-en-lettres-pour-votre-frere\/#breadcrumb"},"inLanguage":"fr-FR","potentialAction":[{"@type":"ReadAction","target":["https:\/\/positiveprints.com\/fr\/produit\/collage-photo-en-lettres-pour-votre-frere\/"]}]},{"@type":"ImageObject","inLanguage":"fr-FR","@id":"https:\/\/positiveprints.com\/fr\/produit\/collage-photo-en-lettres-pour-votre-frere\/#primaryimage","url":"https:\/\/positiveprints.com\/wp-content\/uploads\/2026\/03\/frere-FR-packshot-.webp","contentUrl":"https:\/\/positiveprints.com\/wp-content\/uploads\/2026\/03\/frere-FR-packshot-.webp","width":1450,"height":1450},{"@type":"BreadcrumbList","@id":"https:\/\/positiveprints.com\/fr\/produit\/collage-photo-en-lettres-pour-votre-frere\/#breadcrumb","itemListElement":[{"@type":"ListItem","position":1,"name":"Home","item":"https:\/\/positiveprints.com\/fr\/"},{"@type":"ListItem","position":2,"name":"Produits","item":"https:\/\/positiveprints.com\/fr\/shop\/"},{"@type":"ListItem","position":3,"name":"Collage Photo de Lettres pour votre Fr\u00e8re"}]},{"@type":"WebSite","@id":"https:\/\/positiveprints.com\/fr\/#website","url":"https:\/\/positiveprints.com\/fr\/","name":"Positive Prints","description":"Amazing Custom Personalized Gifts","publisher":{"@id":"https:\/\/positiveprints.com\/fr\/#organization"},"potentialAction":[{"@type":"SearchAction","target":{"@type":"EntryPoint","urlTemplate":"https:\/\/positiveprints.com\/fr\/?s={search_term_string}"},"query-input":{"@type":"PropertyValueSpecification","valueRequired":true,"valueName":"search_term_string"}}],"inLanguage":"fr-FR"},{"@type":"Organization","@id":"https:\/\/positiveprints.com\/fr\/#organization","name":"Positive Prints","alternateName":"Positive Prints","url":"https:\/\/positiveprints.com\/fr\/","logo":{"@type":"ImageObject","inLanguage":"fr-FR","@id":"https:\/\/positiveprints.com\/fr\/#\/schema\/logo\/image\/","url":"https:\/\/positiveprints.com\/wp-content\/uploads\/2026\/03\/245815646_1337939713319158_5671353136411139666_n.png","contentUrl":"https:\/\/positiveprints.com\/wp-content\/uploads\/2026\/03\/245815646_1337939713319158_5671353136411139666_n.png","width":800,"height":800,"caption":"Positive Prints"},"image":{"@id":"https:\/\/positiveprints.com\/fr\/#\/schema\/logo\/image\/"},"sameAs":["https:\/\/www.facebook.com\/positiveprintscom","https:\/\/www.instagram.com\/positiveprintscom\/","https:\/\/www.tiktok.com\/@positiveprintscom","https:\/\/www.pinterest.com\/positiveprintscom\/"]}]}},"jetpack_sharing_enabled":true,"_links":{"self":[{"href":"https:\/\/positiveprints.com\/fr\/wp-json\/wp\/v2\/product\/621588","targetHints":{"allow":["GET"]}}],"collection":[{"href":"https:\/\/positiveprints.com\/fr\/wp-json\/wp\/v2\/product"}],"about":[{"href":"https:\/\/positiveprints.com\/fr\/wp-json\/wp\/v2\/types\/product"}],"wp:featuredmedia":[{"embeddable":true,"href":"https:\/\/positiveprints.com\/fr\/wp-json\/wp\/v2\/media\/1668045"}],"wp:attachment":[{"href":"https:\/\/positiveprints.com\/fr\/wp-json\/wp\/v2\/media?parent=621588"}],"wp:term":[{"taxonomy":"product_brand","embeddable":true,"href":"https:\/\/positiveprints.com\/fr\/wp-json\/wp\/v2\/product_brand?post=621588"},{"taxonomy":"product_cat","embeddable":true,"href":"https:\/\/positiveprints.com\/fr\/wp-json\/wp\/v2\/product_cat?post=621588"},{"taxonomy":"product_tag","embeddable":true,"href":"https:\/\/positiveprints.com\/fr\/wp-json\/wp\/v2\/product_tag?post=621588"}],"curies":[{"name":"wp","href":"https:\/\/api.w.org\/{rel}","templated":true}]}}