{"id":621100,"date":"2023-05-11T10:41:07","date_gmt":"2023-05-11T09:41:07","guid":{"rendered":"https:\/\/positiveprints.com\/?post_type=product&#038;p=621100"},"modified":"2026-04-28T14:20:22","modified_gmt":"2026-04-28T13:20:22","slug":"collage-photo-en-lettre-pour-votre-soeur","status":"publish","type":"product","link":"https:\/\/positiveprints.com\/fr\/produit\/collage-photo-en-lettre-pour-votre-soeur\/","title":{"rendered":"Collage Photo de Lettres pour votre S\u0153ur"},"content":{"rendered":"<p style=\"margin-top: 1rem\">Un Collage Photo en Lettre pour S\u0153ur vous permet de cr\u00e9er un cadeau personnalis\u00e9 et unique pour votre s\u0153ur. Que ce soit pour son anniversaire, No\u00ebl, ou tout simplement parce que, un Collage Photo en Lettre pour S\u0153ur offre une belle fa\u00e7on de mettre en valeur des souvenirs ch\u00e9ris. Vous pouvez choisir un mot qui repr\u00e9sente le mieux la relation entre vous et votre s\u0153ur, ou simplement \u00e9peler \u00ab S\u0153ur \u00bb ou \u00ab Sis \u00bb. Les possibilit\u00e9s sont infinies et c&#8217;est \u00e0 vous de d\u00e9cider \u00e0 quel point vous voulez \u00eatre cr\u00e9atif. Chaque lettre du collage est compos\u00e9e de vos propres photos, ce qui en fait un cadeau vraiment unique en son genre.<\/p>\r\n\r\n\r\n<p style=\"margin-top: 1rem\">R\u00e9aliser votre Collage Photo en Lettre pour S\u0153ur est facile gr\u00e2ce \u00e0 notre processus \u00e9tape par \u00e9tape. Tout d&#8217;abord, choisissez le mot que vous souhaitez utiliser pour votre collage. Vous pouvez le personnaliser encore plus en fonction de vos pr\u00e9f\u00e9rences et de vos go\u00fbts. Ensuite, t\u00e9l\u00e9chargez vos propres photos et s\u00e9lectionnez celles que vous souhaitez utiliser pour chaque lettre. Vous pouvez effectuer un zoom avant ou arri\u00e8re sur chaque photo et ajuster leur position en fonction de vos pr\u00e9f\u00e9rences.<\/p>\r\n\r\n\r\n<p style=\"margin-top: 1rem\">Une fois que vous \u00eates satisfait de la mise en page de votre Collage Photo en Lettre pour S\u0153ur, ajoutez un message personnalis\u00e9 sous les lettres photographiques. C&#8217;est un excellent moyen d&#8217;ajouter une touche personnelle \u00e0 votre cadeau et de transmettre un sentiment sinc\u00e8re. Apr\u00e8s avoir termin\u00e9 cette \u00e9tape, vous pouvez choisir le format et la taille parfaits pour votre Collage Photo en Lettre pour S\u0153ur. Les affiches imprim\u00e9es, les affiches encadr\u00e9es, la toile et les fichiers de t\u00e9l\u00e9chargement num\u00e9rique instantan\u00e9 sont toutes des options disponibles. Vous aurez un cadeau unique en son genre en un rien de temps.<\/p>\r\n\r\n\r\n<p style=\"margin-top: 1rem\">Les s\u0153urs sont souvent les liens les plus \u00e9troits que les gens partagent dans leur vie et ne m\u00e9ritent que le meilleur. Alors pourquoi ne pas cr\u00e9er une \u0153uvre d&#8217;art m\u00e9morable et incroyablement unique avec le Collage Photo en Lettre pour S\u0153ur ? Cela fera que votre s\u0153ur se sentira sp\u00e9ciale et aim\u00e9e. Par cons\u00e9quent, commandez un Collage Photo en Lettre pour S\u0153ur aujourd&#8217;hui et offrez le cadeau parfait qui durera \u00e9ternellement.<\/p>","protected":false},"excerpt":{"rendered":"<ul class=\"check-list\">\n<li>Incluez un texte personnalis\u00e9 significatif<\/li>\n<li>Personnalisez votre design en 3 \u00e9tapes simples<\/li>\n<li>Choisissez un mod\u00e8le ou faites preuve de cr\u00e9ativit\u00e9<\/li>\n<li>Visualisez le r\u00e9sultat imm\u00e9diatement \u2013 l\u2019aper\u00e7u interactif vous permet de peaufiner chaque d\u00e9tail<\/li>\n<\/ul>\n","protected":false},"featured_media":1669904,"template":"","meta":[],"product_brand":[],"product_cat":[9274,9123,104,5264,11401,7734],"product_tag":[13426,17273,12593,12592],"class_list":{"0":"post-621100","1":"product","2":"type-product","3":"status-publish","4":"has-post-thumbnail","6":"product_cat-bestsellers-label-fr","7":"product_cat-photo-letter-fr","8":"product_cat-tous-les-produits","9":"product_cat-cadeaux-de-noel","10":"product_cat-cadeaux-de-noel-pour-la-soeur","11":"product_cat-cadeaux-pour-soeur","12":"product_tag-cadeau-de-noel-pour-soeur","13":"product_tag-cadeau-pour-soeur","14":"product_tag-cadeau-soeur","15":"product_tag-soeur","17":"first","18":"instock","19":"sale","20":"taxable","21":"shipping-taxable","22":"purchasable","23":"product-type-variable"},"yoast_head":"<!-- This site is optimized with the Yoast SEO Premium plugin v27.2 (Yoast SEO v27.2) - https:\/\/yoast.com\/product\/yoast-seo-premium-wordpress\/ -->\n<title>Collage Photo de Lettres pour votre S\u0153ur - Positive Prints<\/title>\n<meta name=\"description\" content=\"Surprenez votre s\u0153ur en lui offrant un cadeau qui lui fera chaud au c\u0153ur ! Cr\u00e9ez un collage de photos de lettres personnalis\u00e9 rempli de vos moments pr\u00e9f\u00e9r\u00e9s ensemble.\" \/>\n<meta name=\"robots\" content=\"index, follow, max-snippet:-1, max-image-preview:large, max-video-preview:-1\" \/>\n<link rel=\"canonical\" href=\"https:\/\/positiveprints.com\/fr\/produit\/collage-photo-en-lettre-pour-votre-soeur\/\" \/>\n<meta property=\"og:locale\" content=\"fr_FR\" \/>\n<meta property=\"og:type\" content=\"article\" \/>\n<meta property=\"og:title\" content=\"Collage Photo de Lettres pour votre S\u0153ur\" \/>\n<meta property=\"og:description\" content=\"Incluez un texte personnalis\u00e9 significatif  Personnalisez votre design en 3 \u00e9tapes simples  Choisissez un mod\u00e8le ou faites preuve de cr\u00e9ativit\u00e9  Visualisez le r\u00e9sultat imm\u00e9diatement \u2013 l\u2019aper\u00e7u interactif vous permet de peaufiner chaque d\u00e9tail\" \/>\n<meta property=\"og:url\" content=\"https:\/\/positiveprints.com\/fr\/produit\/collage-photo-en-lettre-pour-votre-soeur\/\" \/>\n<meta property=\"og:site_name\" content=\"Positive Prints\" \/>\n<meta property=\"article:publisher\" content=\"https:\/\/www.facebook.com\/positiveprintscom\" \/>\n<meta property=\"article:modified_time\" content=\"2026-04-28T13:20:22+00:00\" \/>\n<meta property=\"og:image\" content=\"https:\/\/positiveprints.com\/wp-content\/uploads\/2025\/03\/Collage-Photo-en-Lettre-pour-votre-soeur-1-1.webp\" \/>\n\t<meta property=\"og:image:width\" content=\"1450\" \/>\n\t<meta property=\"og:image:height\" content=\"1450\" \/>\n\t<meta property=\"og:image:type\" content=\"image\/webp\" \/>\n<meta name=\"twitter:card\" content=\"summary_large_image\" \/>\n<!-- \/ Yoast SEO Premium plugin. -->","yoast_head_json":{"title":"Collage Photo de Lettres pour votre S\u0153ur - Positive Prints","description":"Surprenez votre s\u0153ur en lui offrant un cadeau qui lui fera chaud au c\u0153ur ! Cr\u00e9ez un collage de photos de lettres personnalis\u00e9 rempli de vos moments pr\u00e9f\u00e9r\u00e9s ensemble.","robots":{"index":"index","follow":"follow","max-snippet":"max-snippet:-1","max-image-preview":"max-image-preview:large","max-video-preview":"max-video-preview:-1"},"canonical":"https:\/\/positiveprints.com\/fr\/produit\/collage-photo-en-lettre-pour-votre-soeur\/","og_locale":"fr_FR","og_type":"article","og_title":"Collage Photo de Lettres pour votre S\u0153ur","og_description":"Incluez un texte personnalis\u00e9 significatif  Personnalisez votre design en 3 \u00e9tapes simples  Choisissez un mod\u00e8le ou faites preuve de cr\u00e9ativit\u00e9  Visualisez le r\u00e9sultat imm\u00e9diatement \u2013 l\u2019aper\u00e7u interactif vous permet de peaufiner chaque d\u00e9tail","og_url":"https:\/\/positiveprints.com\/fr\/produit\/collage-photo-en-lettre-pour-votre-soeur\/","og_site_name":"Positive Prints","article_publisher":"https:\/\/www.facebook.com\/positiveprintscom","article_modified_time":"2026-04-28T13:20:22+00:00","og_image":[{"width":1450,"height":1450,"url":"https:\/\/positiveprints.com\/wp-content\/uploads\/2025\/03\/Collage-Photo-en-Lettre-pour-votre-soeur-1-1.webp","type":"image\/webp"}],"twitter_card":"summary_large_image","schema":{"@context":"https:\/\/schema.org","@graph":[{"@type":["WebPage","ItemPage"],"@id":"https:\/\/positiveprints.com\/fr\/produit\/collage-photo-en-lettre-pour-votre-soeur\/","url":"https:\/\/positiveprints.com\/fr\/produit\/collage-photo-en-lettre-pour-votre-soeur\/","name":"Collage Photo de Lettres pour votre S\u0153ur - Positive Prints","isPartOf":{"@id":"https:\/\/positiveprints.com\/fr\/#website"},"primaryImageOfPage":{"@id":"https:\/\/positiveprints.com\/fr\/produit\/collage-photo-en-lettre-pour-votre-soeur\/#primaryimage"},"image":{"@id":"https:\/\/positiveprints.com\/fr\/produit\/collage-photo-en-lettre-pour-votre-soeur\/#primaryimage"},"thumbnailUrl":"https:\/\/positiveprints.com\/wp-content\/uploads\/2026\/03\/soeur_FR.webp","datePublished":"2023-05-11T09:41:07+00:00","dateModified":"2026-04-28T13:20:22+00:00","description":"Surprenez votre s\u0153ur en lui offrant un cadeau qui lui fera chaud au c\u0153ur ! Cr\u00e9ez un collage de photos de lettres personnalis\u00e9 rempli de vos moments pr\u00e9f\u00e9r\u00e9s ensemble.","breadcrumb":{"@id":"https:\/\/positiveprints.com\/fr\/produit\/collage-photo-en-lettre-pour-votre-soeur\/#breadcrumb"},"inLanguage":"fr-FR","potentialAction":[{"@type":"ReadAction","target":["https:\/\/positiveprints.com\/fr\/produit\/collage-photo-en-lettre-pour-votre-soeur\/"]}]},{"@type":"ImageObject","inLanguage":"fr-FR","@id":"https:\/\/positiveprints.com\/fr\/produit\/collage-photo-en-lettre-pour-votre-soeur\/#primaryimage","url":"https:\/\/positiveprints.com\/wp-content\/uploads\/2026\/03\/soeur_FR.webp","contentUrl":"https:\/\/positiveprints.com\/wp-content\/uploads\/2026\/03\/soeur_FR.webp","width":1450,"height":1450},{"@type":"BreadcrumbList","@id":"https:\/\/positiveprints.com\/fr\/produit\/collage-photo-en-lettre-pour-votre-soeur\/#breadcrumb","itemListElement":[{"@type":"ListItem","position":1,"name":"Home","item":"https:\/\/positiveprints.com\/fr\/"},{"@type":"ListItem","position":2,"name":"Produits","item":"https:\/\/positiveprints.com\/fr\/shop\/"},{"@type":"ListItem","position":3,"name":"Collage Photo de Lettres pour votre S\u0153ur"}]},{"@type":"WebSite","@id":"https:\/\/positiveprints.com\/fr\/#website","url":"https:\/\/positiveprints.com\/fr\/","name":"Positive Prints","description":"Amazing Custom Personalized Gifts","publisher":{"@id":"https:\/\/positiveprints.com\/fr\/#organization"},"potentialAction":[{"@type":"SearchAction","target":{"@type":"EntryPoint","urlTemplate":"https:\/\/positiveprints.com\/fr\/?s={search_term_string}"},"query-input":{"@type":"PropertyValueSpecification","valueRequired":true,"valueName":"search_term_string"}}],"inLanguage":"fr-FR"},{"@type":"Organization","@id":"https:\/\/positiveprints.com\/fr\/#organization","name":"Positive Prints","alternateName":"Positive Prints","url":"https:\/\/positiveprints.com\/fr\/","logo":{"@type":"ImageObject","inLanguage":"fr-FR","@id":"https:\/\/positiveprints.com\/fr\/#\/schema\/logo\/image\/","url":"https:\/\/positiveprints.com\/wp-content\/uploads\/2026\/03\/245815646_1337939713319158_5671353136411139666_n.png","contentUrl":"https:\/\/positiveprints.com\/wp-content\/uploads\/2026\/03\/245815646_1337939713319158_5671353136411139666_n.png","width":800,"height":800,"caption":"Positive Prints"},"image":{"@id":"https:\/\/positiveprints.com\/fr\/#\/schema\/logo\/image\/"},"sameAs":["https:\/\/www.facebook.com\/positiveprintscom","https:\/\/www.instagram.com\/positiveprintscom\/","https:\/\/www.tiktok.com\/@positiveprintscom","https:\/\/www.pinterest.com\/positiveprintscom\/"]}]}},"jetpack_sharing_enabled":true,"_links":{"self":[{"href":"https:\/\/positiveprints.com\/fr\/wp-json\/wp\/v2\/product\/621100","targetHints":{"allow":["GET"]}}],"collection":[{"href":"https:\/\/positiveprints.com\/fr\/wp-json\/wp\/v2\/product"}],"about":[{"href":"https:\/\/positiveprints.com\/fr\/wp-json\/wp\/v2\/types\/product"}],"wp:featuredmedia":[{"embeddable":true,"href":"https:\/\/positiveprints.com\/fr\/wp-json\/wp\/v2\/media\/1669904"}],"wp:attachment":[{"href":"https:\/\/positiveprints.com\/fr\/wp-json\/wp\/v2\/media?parent=621100"}],"wp:term":[{"taxonomy":"product_brand","embeddable":true,"href":"https:\/\/positiveprints.com\/fr\/wp-json\/wp\/v2\/product_brand?post=621100"},{"taxonomy":"product_cat","embeddable":true,"href":"https:\/\/positiveprints.com\/fr\/wp-json\/wp\/v2\/product_cat?post=621100"},{"taxonomy":"product_tag","embeddable":true,"href":"https:\/\/positiveprints.com\/fr\/wp-json\/wp\/v2\/product_tag?post=621100"}],"curies":[{"name":"wp","href":"https:\/\/api.w.org\/{rel}","templated":true}]}}