{"id":621086,"date":"2023-05-11T09:03:07","date_gmt":"2023-06-15T15:36:21","guid":{"rendered":"https:\/\/positiveprints.com\/?post_type=product&#038;p=621086"},"modified":"2026-04-03T03:16:18","modified_gmt":"2026-04-03T02:16:18","slug":"collage-photo-en-lettre-maison","status":"publish","type":"product","link":"https:\/\/positiveprints.com\/fr\/produit\/collage-photo-en-lettre-maison\/","title":{"rendered":"Collage Photo en Lettre Maison"},"content":{"rendered":"<p style=\"margin-top: 1rem\">Un Collage Photo en Lettre Maison est le cadeau personnalis\u00e9 parfait pour n&#8217;importe quelle occasion. Que vous soyez \u00e0 la recherche d&#8217;un cadeau de pendaison de cr\u00e9maill\u00e8re ou d&#8217;un souvenir sp\u00e9cial pour un \u00eatre cher, ce collage cr\u00e9atif et unique offre une belle fa\u00e7on de pr\u00e9senter des photos et des \u0153uvres d&#8217;art ch\u00e9ries. Avec les Collages Photo en Lettre Maison, vous pouvez \u00eatre aussi cr\u00e9atif et personnaliser autant que vous le souhaitez. En choisissant un mot sp\u00e9cial ou un ensemble de lettres telles que \u00ab Maison \u00bb, \u00ab Famille \u00bb, \u00ab Bienvenue \u00bb ou m\u00eame les initiales des propri\u00e9taires, vous pouvez cr\u00e9er un souvenir unique qui capture parfaitement l&#8217;essence de la maison. Le large \u00e9ventail de possibilit\u00e9s signifie que vous pouvez laisser libre cours \u00e0 votre imagination et cr\u00e9er une \u0153uvre d&#8217;art visuellement \u00e9poustouflante et significative qui fera que tout le monde se sentira sp\u00e9cial.<\/p>\r\n\r\n\r\n<p style=\"margin-top: 1rem\">R\u00e9aliser votre Collage Photo en Lettre Maison est simple. Le processus \u00e9tape par \u00e9tape sur notre plateforme vous permet de t\u00e9l\u00e9charger vos propres photos et de s\u00e9lectionner la couleur de contour parfaite qui compl\u00e8te vos photos. Vous pouvez \u00e9galement ajouter un message personnalis\u00e9 pour accompagner le collage, le transformant en un souvenir durable. De plus, vous pouvez faire passer votre Collage Photo en Lettre au niveau sup\u00e9rieur avec nos outils d&#8217;\u00e9dition. Vous pouvez zoomer, retourner et d\u00e9placer la photo pour ajuster sa position avant de faire votre collage.<\/p>\r\n\r\n\r\n<p style=\"margin-top: 1rem\">Une fois que vous avez termin\u00e9 votre conception, vous pouvez choisir la taille et le format parfaits pour votre Collage Photo en Lettre Maison. Vous pouvez le faire imprimer en diff\u00e9rentes tailles ou en t\u00e9l\u00e9chargement num\u00e9rique instantan\u00e9. Il constitue un excellent ajout \u00e0 n&#8217;importe quel salon, chambre ou couloir. Que vous l&#8217;offriez comme une pendaison de cr\u00e9maill\u00e8re ou un cadeau pour une nouvelle maison, ou comme une \u0153uvre d&#8217;art murale unique et personnalis\u00e9e, le Collage Photo en Lettre Maison ravira \u00e0 coup s\u00fbr. C&#8217;est une belle et significative fa\u00e7on de comm\u00e9morer un moment sp\u00e9cial de la vie.<\/p>\r\n\r\n\r\n<p style=\"margin-top: 1rem\">En r\u00e9sum\u00e9, offrez \u00e0 vos amis, \u00e0 votre famille et \u00e0 vos proches le parfait Collage Photo en Lettre Maison personnalis\u00e9. C&#8217;est une fa\u00e7on unique et m\u00e9morable de mettre en valeur des souvenirs pr\u00e9cieux, et avec tant de possibilit\u00e9s, les options sont infinies. Que vous c\u00e9l\u00e9briez un moment sp\u00e9cial ou que vous cr\u00e9iez simplement un souvenir pour quelqu&#8217;un que vous aimez, cette impression personnalis\u00e9e sera pr\u00e9cieuse pour les ann\u00e9es \u00e0 venir.<\/p>","protected":false},"excerpt":{"rendered":"<ul class=\"check-list\">\n<li>Faites en sorte de vous sentir chez vous \u00e0 votre domicile et ajoutez une touche de chaleur et de personnalit\u00e9 \u00e0 n&#8217;importe quelle pi\u00e8ce avec vos souvenirs pr\u00e9f\u00e9r\u00e9s<\/li>\n<li>Personnalisez en 3 \u00e9tapes simples<\/li>\n<li>Choisissez un mod\u00e8le ou faites preuve de cr\u00e9ativit\u00e9<\/li>\n<li>Vois le r\u00e9sultat imm\u00e9diatement \u2013 l\u2019aper\u00e7u interactif te permet de peaufiner chaque d\u00e9tail<\/li>\n<\/ul>\n","protected":false},"featured_media":1283553,"template":"","meta":[],"product_brand":[],"product_cat":[9123,104,5290,8006,7685],"product_tag":[14860,8503],"class_list":{"0":"post-621086","1":"product","2":"type-product","3":"status-publish","4":"has-post-thumbnail","6":"product_cat-photo-letter-fr","7":"product_cat-tous-les-produits","8":"product_cat-cadeaux-de-pendaison-de-cremaillere","9":"product_cat-cadeaux-pour-hommes","10":"product_cat-cadeaux-pour-femmes","11":"product_tag-housewarming-fr-2","12":"product_tag-housewarming-fr","14":"first","15":"instock","16":"sale","17":"taxable","18":"shipping-taxable","19":"purchasable","20":"product-type-variable"},"yoast_head":"<!-- This site is optimized with the Yoast SEO Premium plugin v27.2 (Yoast SEO v27.2) - https:\/\/yoast.com\/product\/yoast-seo-premium-wordpress\/ -->\n<title>Collage Photo en Lettre Maison - Positive Prints<\/title>\n<meta name=\"description\" content=\"Recherchez-vous un cadeau de pendaison de cr\u00e9maill\u00e8re ou un souvenir sp\u00e9cial pour un \u00eatre cher ? Avec les Collages Photo en Lettre Maison, vous pouvez \u00eatre aussi cr\u00e9atif et personnaliser autant que vous le souhaitez.\" \/>\n<meta name=\"robots\" content=\"index, follow, max-snippet:-1, max-image-preview:large, max-video-preview:-1\" \/>\n<link rel=\"canonical\" href=\"https:\/\/positiveprints.com\/fr\/produit\/collage-photo-en-lettre-maison\/\" \/>\n<meta property=\"og:locale\" content=\"fr_FR\" \/>\n<meta property=\"og:type\" content=\"article\" \/>\n<meta property=\"og:title\" content=\"Collage Photo en Lettre Maison\" \/>\n<meta property=\"og:description\" content=\"Faites en sorte de vous sentir chez vous \u00e0 votre domicile et ajoutez une touche de chaleur et de personnalit\u00e9 \u00e0 n&#039;importe quelle pi\u00e8ce avec vos souvenirs pr\u00e9f\u00e9r\u00e9s Personnalisez en 3 \u00e9tapes simples Choisissez un mod\u00e8le ou faites preuve de cr\u00e9ativit\u00e9 Vois le r\u00e9sultat imm\u00e9diatement \u2013 l\u2019aper\u00e7u interactif te permet de peaufiner chaque d\u00e9tail\" \/>\n<meta property=\"og:url\" content=\"https:\/\/positiveprints.com\/fr\/produit\/collage-photo-en-lettre-maison\/\" \/>\n<meta property=\"og:site_name\" content=\"Positive Prints\" \/>\n<meta property=\"article:publisher\" content=\"https:\/\/www.facebook.com\/positiveprintscom\" \/>\n<meta property=\"article:modified_time\" content=\"2026-04-03T02:16:18+00:00\" \/>\n<meta property=\"og:image\" content=\"https:\/\/positiveprints.com\/wp-content\/uploads\/2024\/11\/Packshot_FR_Home-Letter-Photo-Collage-product-image.webp\" \/>\n\t<meta property=\"og:image:width\" content=\"1450\" \/>\n\t<meta property=\"og:image:height\" content=\"1450\" \/>\n\t<meta property=\"og:image:type\" content=\"image\/webp\" \/>\n<meta name=\"twitter:card\" content=\"summary_large_image\" \/>\n<!-- \/ Yoast SEO Premium plugin. -->","yoast_head_json":{"title":"Collage Photo en Lettre Maison - Positive Prints","description":"Recherchez-vous un cadeau de pendaison de cr\u00e9maill\u00e8re ou un souvenir sp\u00e9cial pour un \u00eatre cher ? Avec les Collages Photo en Lettre Maison, vous pouvez \u00eatre aussi cr\u00e9atif et personnaliser autant que vous le souhaitez.","robots":{"index":"index","follow":"follow","max-snippet":"max-snippet:-1","max-image-preview":"max-image-preview:large","max-video-preview":"max-video-preview:-1"},"canonical":"https:\/\/positiveprints.com\/fr\/produit\/collage-photo-en-lettre-maison\/","og_locale":"fr_FR","og_type":"article","og_title":"Collage Photo en Lettre Maison","og_description":"Faites en sorte de vous sentir chez vous \u00e0 votre domicile et ajoutez une touche de chaleur et de personnalit\u00e9 \u00e0 n'importe quelle pi\u00e8ce avec vos souvenirs pr\u00e9f\u00e9r\u00e9s Personnalisez en 3 \u00e9tapes simples Choisissez un mod\u00e8le ou faites preuve de cr\u00e9ativit\u00e9 Vois le r\u00e9sultat imm\u00e9diatement \u2013 l\u2019aper\u00e7u interactif te permet de peaufiner chaque d\u00e9tail","og_url":"https:\/\/positiveprints.com\/fr\/produit\/collage-photo-en-lettre-maison\/","og_site_name":"Positive Prints","article_publisher":"https:\/\/www.facebook.com\/positiveprintscom","article_modified_time":"2026-04-03T02:16:18+00:00","og_image":[{"width":1450,"height":1450,"url":"https:\/\/positiveprints.com\/wp-content\/uploads\/2024\/11\/Packshot_FR_Home-Letter-Photo-Collage-product-image.webp","type":"image\/webp"}],"twitter_card":"summary_large_image","schema":{"@context":"https:\/\/schema.org","@graph":[{"@type":["WebPage","ItemPage"],"@id":"https:\/\/positiveprints.com\/fr\/produit\/collage-photo-en-lettre-maison\/","url":"https:\/\/positiveprints.com\/fr\/produit\/collage-photo-en-lettre-maison\/","name":"Collage Photo en Lettre Maison - Positive Prints","isPartOf":{"@id":"https:\/\/positiveprints.com\/fr\/#website"},"primaryImageOfPage":{"@id":"https:\/\/positiveprints.com\/fr\/produit\/collage-photo-en-lettre-maison\/#primaryimage"},"image":{"@id":"https:\/\/positiveprints.com\/fr\/produit\/collage-photo-en-lettre-maison\/#primaryimage"},"thumbnailUrl":"https:\/\/positiveprints.com\/wp-content\/uploads\/2024\/11\/Packshot_FR_Home-Letter-Photo-Collage-product-image.webp","datePublished":"2023-06-15T15:36:21+00:00","dateModified":"2026-04-03T02:16:18+00:00","description":"Recherchez-vous un cadeau de pendaison de cr\u00e9maill\u00e8re ou un souvenir sp\u00e9cial pour un \u00eatre cher ? Avec les Collages Photo en Lettre Maison, vous pouvez \u00eatre aussi cr\u00e9atif et personnaliser autant que vous le souhaitez.","breadcrumb":{"@id":"https:\/\/positiveprints.com\/fr\/produit\/collage-photo-en-lettre-maison\/#breadcrumb"},"inLanguage":"fr-FR","potentialAction":[{"@type":"ReadAction","target":["https:\/\/positiveprints.com\/fr\/produit\/collage-photo-en-lettre-maison\/"]}]},{"@type":"ImageObject","inLanguage":"fr-FR","@id":"https:\/\/positiveprints.com\/fr\/produit\/collage-photo-en-lettre-maison\/#primaryimage","url":"https:\/\/positiveprints.com\/wp-content\/uploads\/2024\/11\/Packshot_FR_Home-Letter-Photo-Collage-product-image.webp","contentUrl":"https:\/\/positiveprints.com\/wp-content\/uploads\/2024\/11\/Packshot_FR_Home-Letter-Photo-Collage-product-image.webp","width":1450,"height":1450,"caption":"Packshot_FR_Home Letter Photo Collage product image"},{"@type":"BreadcrumbList","@id":"https:\/\/positiveprints.com\/fr\/produit\/collage-photo-en-lettre-maison\/#breadcrumb","itemListElement":[{"@type":"ListItem","position":1,"name":"Home","item":"https:\/\/positiveprints.com\/fr\/"},{"@type":"ListItem","position":2,"name":"Produits","item":"https:\/\/positiveprints.com\/fr\/shop\/"},{"@type":"ListItem","position":3,"name":"Collage Photo en Lettre Maison"}]},{"@type":"WebSite","@id":"https:\/\/positiveprints.com\/fr\/#website","url":"https:\/\/positiveprints.com\/fr\/","name":"Positive Prints","description":"Amazing Custom Personalized Gifts","publisher":{"@id":"https:\/\/positiveprints.com\/fr\/#organization"},"potentialAction":[{"@type":"SearchAction","target":{"@type":"EntryPoint","urlTemplate":"https:\/\/positiveprints.com\/fr\/?s={search_term_string}"},"query-input":{"@type":"PropertyValueSpecification","valueRequired":true,"valueName":"search_term_string"}}],"inLanguage":"fr-FR"},{"@type":"Organization","@id":"https:\/\/positiveprints.com\/fr\/#organization","name":"Positive Prints","alternateName":"Positive Prints","url":"https:\/\/positiveprints.com\/fr\/","logo":{"@type":"ImageObject","inLanguage":"fr-FR","@id":"https:\/\/positiveprints.com\/fr\/#\/schema\/logo\/image\/","url":"https:\/\/positiveprints.com\/wp-content\/uploads\/2026\/03\/245815646_1337939713319158_5671353136411139666_n.png","contentUrl":"https:\/\/positiveprints.com\/wp-content\/uploads\/2026\/03\/245815646_1337939713319158_5671353136411139666_n.png","width":800,"height":800,"caption":"Positive Prints"},"image":{"@id":"https:\/\/positiveprints.com\/fr\/#\/schema\/logo\/image\/"},"sameAs":["https:\/\/www.facebook.com\/positiveprintscom","https:\/\/www.instagram.com\/positiveprintscom\/","https:\/\/www.tiktok.com\/@positiveprintscom","https:\/\/www.pinterest.com\/positiveprintscom\/"]}]}},"jetpack_sharing_enabled":true,"_links":{"self":[{"href":"https:\/\/positiveprints.com\/fr\/wp-json\/wp\/v2\/product\/621086","targetHints":{"allow":["GET"]}}],"collection":[{"href":"https:\/\/positiveprints.com\/fr\/wp-json\/wp\/v2\/product"}],"about":[{"href":"https:\/\/positiveprints.com\/fr\/wp-json\/wp\/v2\/types\/product"}],"wp:featuredmedia":[{"embeddable":true,"href":"https:\/\/positiveprints.com\/fr\/wp-json\/wp\/v2\/media\/1283553"}],"wp:attachment":[{"href":"https:\/\/positiveprints.com\/fr\/wp-json\/wp\/v2\/media?parent=621086"}],"wp:term":[{"taxonomy":"product_brand","embeddable":true,"href":"https:\/\/positiveprints.com\/fr\/wp-json\/wp\/v2\/product_brand?post=621086"},{"taxonomy":"product_cat","embeddable":true,"href":"https:\/\/positiveprints.com\/fr\/wp-json\/wp\/v2\/product_cat?post=621086"},{"taxonomy":"product_tag","embeddable":true,"href":"https:\/\/positiveprints.com\/fr\/wp-json\/wp\/v2\/product_tag?post=621086"}],"curies":[{"name":"wp","href":"https:\/\/api.w.org\/{rel}","templated":true}]}}