{"id":620211,"date":"2023-05-09T10:10:30","date_gmt":"2023-06-14T14:48:11","guid":{"rendered":"https:\/\/positiveprints.com\/?post_type=product&#038;p=620211"},"modified":"2026-05-03T20:17:57","modified_gmt":"2026-05-03T19:17:57","slug":"collage-photo-en-lettre-pour-enseignant","status":"publish","type":"product","link":"https:\/\/positiveprints.com\/fr\/produit\/collage-photo-en-lettre-pour-enseignant\/","title":{"rendered":"Le meilleur professeur du monde &#8211; Collage Photo de Lettres"},"content":{"rendered":"<p style=\"margin-top: 1rem;\">Recherchez-vous un cadeau pour un enseignant unique et r\u00e9fl\u00e9chi pour montrer votre appr\u00e9ciation \u00e0 votre \u00e9ducateur ? Envisagez un Collage Photo en Lettre pour Enseignant ! Ce collage personnalis\u00e9 et cr\u00e9atif mettra en valeur vos photos et \u0153uvres d&#8217;art les plus ch\u00e8res sous forme de lettres. Choisissez vos propres photos et mots pour cr\u00e9er un souvenir unique qui sera pr\u00e9cieux pour les ann\u00e9es \u00e0 venir.<\/p>\r\n<p style=\"margin-top: 1rem;\">Le Collage Photo en Lettre pour Enseignant est parfait pour cr\u00e9er une \u0153uvre d&#8217;art visuellement attrayante et significative pour votre professeur. Vous pouvez choisir parmi une vari\u00e9t\u00e9 de possibilit\u00e9s et \u00eatre aussi cr\u00e9atif que vous le souhaitez. Vous pouvez utiliser le mot \u00ab Enseignant \u00bb lui-m\u00eame, des mots tels que \u00ab Merci \u00bb ou m\u00eame le nom de l&#8217;enseignant lui-m\u00eame. Avec une impression ou une toile personnalis\u00e9e, les possibilit\u00e9s sont infinies !<\/p>\r\n<p style=\"margin-top: 1rem;\">Pour cr\u00e9er votre propre Collage Photo en Lettre, choisissez simplement un mot qui repr\u00e9sente l&#8217;enseignant ou l&#8217;occasion et s\u00e9lectionnez une couleur de contour qui correspond au th\u00e8me des photos que vous utilisez. Vous pouvez m\u00eame ajouter un message personnel pour accompagner le collage, ce qui le rend encore plus sp\u00e9cial. Vous pouvez choisir le mot \u00ab Enseignant \u00bb, des mots tels que \u00ab Merci \u00bb, ou m\u00eame le nom de l&#8217;enseignant, ce qui en fait un cadeau exceptionnel pour tout \u00e9ducateur pr\u00e9cieux dans votre vie.<\/p>\r\n<p style=\"margin-top: 1rem;\">Le t\u00e9l\u00e9chargement des photos est rapide et facile, et vous pouvez s\u00e9lectionner la r\u00e9solution et les modifier comme vous le souhaitez. Une fois que vous avez termin\u00e9, s\u00e9lectionnez la taille et le format parfaits, puis v\u00e9rifiez ! Vous pouvez faire imprimer votre collage ou le commander sous forme de t\u00e9l\u00e9chargement num\u00e9rique instantan\u00e9.<\/p>\r\n<p style=\"margin-top: 1rem;\">Offrez \u00e0 votre professeur le souvenir personnalis\u00e9 parfait en utilisant le Collage Photo en Lettre pour Enseignant ! Ce cadeau unique et significatif sera pr\u00e9cieux pour les ann\u00e9es \u00e0 venir, et c&#8217;est une fa\u00e7on fantastique de comm\u00e9morer un moment sp\u00e9cial ou de c\u00e9l\u00e9brer votre reconnaissance envers l&#8217;enseignant. Offrez un cadeau qui r\u00e9pandra la joie et durera pour les g\u00e9n\u00e9rations \u00e0 venir &#8211; un Collage Photo en Lettre pour Enseignant personnalis\u00e9.<\/p>","protected":false},"excerpt":{"rendered":"<ul class=\"check-list\">\n<li>T\u00e9l\u00e9chargez vos photos pr\u00e9f\u00e9r\u00e9es pour personnaliser chaque lettre<\/li>\n<li>Ajoutez un message sinc\u00e8re pour rendre le poster unique<\/li>\n<li>Personnalisez votre affiche en 3 \u00e9tapes simples gr\u00e2ce \u00e0 notre \u00e9diteur intuitif<\/li>\n<li>Visualisez votre cr\u00e9ation instantan\u00e9ment gr\u00e2ce \u00e0 un aper\u00e7u interactif<\/li>\n<\/ul>\n","protected":false},"featured_media":1411312,"template":"","meta":[],"product_brand":[],"product_cat":[9123,7861,104,9760],"product_tag":[16413,16320,16949,16882,16412,16414],"class_list":{"0":"post-620211","1":"product","2":"type-product","3":"status-publish","4":"has-post-thumbnail","6":"product_cat-photo-letter-fr","7":"product_cat-cadeaux-pour-enseignant","8":"product_cat-tous-les-produits","9":"product_cat-trending-label-fr","10":"product_tag-cadeau-de-remerciement-pour-enseignant-fr","11":"product_tag-cadeau-de-remerciement-pour-enseignant","12":"product_tag-cadeau-pour-enseignant","13":"product_tag-cadeaux-pour-enseignant","14":"product_tag-enseignant","15":"product_tag-idees-de-cadeaux-pour-enseignant","17":"first","18":"instock","19":"sale","20":"taxable","21":"shipping-taxable","22":"purchasable","23":"product-type-variable"},"yoast_head":"<!-- This site is optimized with the Yoast SEO Premium plugin v27.2 (Yoast SEO v27.2) - https:\/\/yoast.com\/product\/yoast-seo-premium-wordpress\/ -->\n<title>Le meilleur professeur du monde - Collage Photo de Lettres - Positive Prints<\/title>\n<meta name=\"description\" content=\"Montrez votre reconnaissance au meilleur professeur du monde avec un collage photo personnalis\u00e9. Remplissez-le de photos de moments heureux et de souvenirs de votre classe.\" \/>\n<meta name=\"robots\" content=\"index, follow, max-snippet:-1, max-image-preview:large, max-video-preview:-1\" \/>\n<link rel=\"canonical\" href=\"https:\/\/positiveprints.com\/fr\/produit\/collage-photo-en-lettre-pour-enseignant\/\" \/>\n<meta property=\"og:locale\" content=\"fr_FR\" \/>\n<meta property=\"og:type\" content=\"article\" \/>\n<meta property=\"og:title\" content=\"Le meilleur professeur du monde - Collage Photo de Lettres\" \/>\n<meta property=\"og:description\" content=\"T\u00e9l\u00e9chargez vos photos pr\u00e9f\u00e9r\u00e9es pour personnaliser chaque lettre  Ajoutez un message sinc\u00e8re pour rendre le poster unique  Personnalisez votre affiche en 3 \u00e9tapes simples gr\u00e2ce \u00e0 notre \u00e9diteur intuitif  Visualisez votre cr\u00e9ation instantan\u00e9ment gr\u00e2ce \u00e0 un aper\u00e7u interactif\" \/>\n<meta property=\"og:url\" content=\"https:\/\/positiveprints.com\/fr\/produit\/collage-photo-en-lettre-pour-enseignant\/\" \/>\n<meta property=\"og:site_name\" content=\"Positive Prints\" \/>\n<meta property=\"article:publisher\" content=\"https:\/\/www.facebook.com\/positiveprintscom\" \/>\n<meta property=\"article:modified_time\" content=\"2026-05-03T19:17:57+00:00\" \/>\n<meta property=\"og:image\" content=\"https:\/\/positiveprints.com\/wp-content\/uploads\/2025\/04\/Packshot_FR_PROF.webp\" \/>\n\t<meta property=\"og:image:width\" content=\"1450\" \/>\n\t<meta property=\"og:image:height\" content=\"1450\" \/>\n\t<meta property=\"og:image:type\" content=\"image\/webp\" \/>\n<meta name=\"twitter:card\" content=\"summary_large_image\" \/>\n<!-- \/ Yoast SEO Premium plugin. -->","yoast_head_json":{"title":"Le meilleur professeur du monde - Collage Photo de Lettres - Positive Prints","description":"Montrez votre reconnaissance au meilleur professeur du monde avec un collage photo personnalis\u00e9. Remplissez-le de photos de moments heureux et de souvenirs de votre classe.","robots":{"index":"index","follow":"follow","max-snippet":"max-snippet:-1","max-image-preview":"max-image-preview:large","max-video-preview":"max-video-preview:-1"},"canonical":"https:\/\/positiveprints.com\/fr\/produit\/collage-photo-en-lettre-pour-enseignant\/","og_locale":"fr_FR","og_type":"article","og_title":"Le meilleur professeur du monde - Collage Photo de Lettres","og_description":"T\u00e9l\u00e9chargez vos photos pr\u00e9f\u00e9r\u00e9es pour personnaliser chaque lettre  Ajoutez un message sinc\u00e8re pour rendre le poster unique  Personnalisez votre affiche en 3 \u00e9tapes simples gr\u00e2ce \u00e0 notre \u00e9diteur intuitif  Visualisez votre cr\u00e9ation instantan\u00e9ment gr\u00e2ce \u00e0 un aper\u00e7u interactif","og_url":"https:\/\/positiveprints.com\/fr\/produit\/collage-photo-en-lettre-pour-enseignant\/","og_site_name":"Positive Prints","article_publisher":"https:\/\/www.facebook.com\/positiveprintscom","article_modified_time":"2026-05-03T19:17:57+00:00","og_image":[{"width":1450,"height":1450,"url":"https:\/\/positiveprints.com\/wp-content\/uploads\/2025\/04\/Packshot_FR_PROF.webp","type":"image\/webp"}],"twitter_card":"summary_large_image","schema":{"@context":"https:\/\/schema.org","@graph":[{"@type":["WebPage","ItemPage"],"@id":"https:\/\/positiveprints.com\/fr\/produit\/collage-photo-en-lettre-pour-enseignant\/","url":"https:\/\/positiveprints.com\/fr\/produit\/collage-photo-en-lettre-pour-enseignant\/","name":"Le meilleur professeur du monde - Collage Photo de Lettres - Positive Prints","isPartOf":{"@id":"https:\/\/positiveprints.com\/fr\/#website"},"primaryImageOfPage":{"@id":"https:\/\/positiveprints.com\/fr\/produit\/collage-photo-en-lettre-pour-enseignant\/#primaryimage"},"image":{"@id":"https:\/\/positiveprints.com\/fr\/produit\/collage-photo-en-lettre-pour-enseignant\/#primaryimage"},"thumbnailUrl":"https:\/\/positiveprints.com\/wp-content\/uploads\/2025\/04\/Packshot_FR_PROF.webp","datePublished":"2023-06-14T14:48:11+00:00","dateModified":"2026-05-03T19:17:57+00:00","description":"Montrez votre reconnaissance au meilleur professeur du monde avec un collage photo personnalis\u00e9. Remplissez-le de photos de moments heureux et de souvenirs de votre classe.","breadcrumb":{"@id":"https:\/\/positiveprints.com\/fr\/produit\/collage-photo-en-lettre-pour-enseignant\/#breadcrumb"},"inLanguage":"fr-FR","potentialAction":[{"@type":"ReadAction","target":["https:\/\/positiveprints.com\/fr\/produit\/collage-photo-en-lettre-pour-enseignant\/"]}]},{"@type":"ImageObject","inLanguage":"fr-FR","@id":"https:\/\/positiveprints.com\/fr\/produit\/collage-photo-en-lettre-pour-enseignant\/#primaryimage","url":"https:\/\/positiveprints.com\/wp-content\/uploads\/2025\/04\/Packshot_FR_PROF.webp","contentUrl":"https:\/\/positiveprints.com\/wp-content\/uploads\/2025\/04\/Packshot_FR_PROF.webp","width":1450,"height":1450,"caption":"Packshot_FR_PROF"},{"@type":"BreadcrumbList","@id":"https:\/\/positiveprints.com\/fr\/produit\/collage-photo-en-lettre-pour-enseignant\/#breadcrumb","itemListElement":[{"@type":"ListItem","position":1,"name":"Home","item":"https:\/\/positiveprints.com\/fr\/"},{"@type":"ListItem","position":2,"name":"Produits","item":"https:\/\/positiveprints.com\/fr\/shop\/"},{"@type":"ListItem","position":3,"name":"Le meilleur professeur du monde &#8211; Collage Photo de Lettres"}]},{"@type":"WebSite","@id":"https:\/\/positiveprints.com\/fr\/#website","url":"https:\/\/positiveprints.com\/fr\/","name":"Positive Prints","description":"Amazing Custom Personalized Gifts","publisher":{"@id":"https:\/\/positiveprints.com\/fr\/#organization"},"potentialAction":[{"@type":"SearchAction","target":{"@type":"EntryPoint","urlTemplate":"https:\/\/positiveprints.com\/fr\/?s={search_term_string}"},"query-input":{"@type":"PropertyValueSpecification","valueRequired":true,"valueName":"search_term_string"}}],"inLanguage":"fr-FR"},{"@type":"Organization","@id":"https:\/\/positiveprints.com\/fr\/#organization","name":"Positive Prints","alternateName":"Positive Prints","url":"https:\/\/positiveprints.com\/fr\/","logo":{"@type":"ImageObject","inLanguage":"fr-FR","@id":"https:\/\/positiveprints.com\/fr\/#\/schema\/logo\/image\/","url":"https:\/\/positiveprints.com\/wp-content\/uploads\/2026\/03\/245815646_1337939713319158_5671353136411139666_n.png","contentUrl":"https:\/\/positiveprints.com\/wp-content\/uploads\/2026\/03\/245815646_1337939713319158_5671353136411139666_n.png","width":800,"height":800,"caption":"Positive Prints"},"image":{"@id":"https:\/\/positiveprints.com\/fr\/#\/schema\/logo\/image\/"},"sameAs":["https:\/\/www.facebook.com\/positiveprintscom","https:\/\/www.instagram.com\/positiveprintscom\/","https:\/\/www.tiktok.com\/@positiveprintscom","https:\/\/www.pinterest.com\/positiveprintscom\/"]}]}},"jetpack_sharing_enabled":true,"_links":{"self":[{"href":"https:\/\/positiveprints.com\/fr\/wp-json\/wp\/v2\/product\/620211","targetHints":{"allow":["GET"]}}],"collection":[{"href":"https:\/\/positiveprints.com\/fr\/wp-json\/wp\/v2\/product"}],"about":[{"href":"https:\/\/positiveprints.com\/fr\/wp-json\/wp\/v2\/types\/product"}],"wp:featuredmedia":[{"embeddable":true,"href":"https:\/\/positiveprints.com\/fr\/wp-json\/wp\/v2\/media\/1411312"}],"wp:attachment":[{"href":"https:\/\/positiveprints.com\/fr\/wp-json\/wp\/v2\/media?parent=620211"}],"wp:term":[{"taxonomy":"product_brand","embeddable":true,"href":"https:\/\/positiveprints.com\/fr\/wp-json\/wp\/v2\/product_brand?post=620211"},{"taxonomy":"product_cat","embeddable":true,"href":"https:\/\/positiveprints.com\/fr\/wp-json\/wp\/v2\/product_cat?post=620211"},{"taxonomy":"product_tag","embeddable":true,"href":"https:\/\/positiveprints.com\/fr\/wp-json\/wp\/v2\/product_tag?post=620211"}],"curies":[{"name":"wp","href":"https:\/\/api.w.org\/{rel}","templated":true}]}}