{"id":610011,"date":"2023-04-24T15:33:19","date_gmt":"2023-04-24T14:33:19","guid":{"rendered":"https:\/\/positiveprints.com\/?post_type=product&#038;p=610011"},"modified":"2026-04-12T22:23:15","modified_gmt":"2026-04-12T21:23:15","slug":"carte-des-etoiles-triple-des-petits-enfants","status":"publish","type":"product","link":"https:\/\/positiveprints.com\/fr\/produit\/carte-des-etoiles-triple-des-petits-enfants\/","title":{"rendered":"Carte des \u00c9toiles Triple des Petits-enfants"},"content":{"rendered":"<p style=\"margin-top: 1rem\">Recherchez-vous le cadeau parfait pour montrer \u00e0 vos grands-parents \u00e0 quel point vous les aimez ? Ne cherchez pas plus loin que la Carte des \u00c9toiles Triple des Petits-enfants ! Cette impression personnalis\u00e9e capture les \u00e9toiles du jour de la naissance de chaque petit-enfant, ce qui en fait le cadeau parfait pour la F\u00eate des grands-parents, les anniversaires des grands-parents, No\u00ebl ou toute autre occasion sp\u00e9ciale.<\/p>\r\n\r\n\r\n<p style=\"margin-top: 1rem\">Ce cadeau sentimental est s\u00fbr d&#8217;apporter une larme \u00e0 l&#8217;\u0153il de vos grands-parents alors qu&#8217;ils r\u00e9fl\u00e9chissent sur les souvenirs sp\u00e9ciaux avec leurs petits-enfants. Les magnifiques cartes stellaires leur rappelleront les moments o\u00f9 leur vie s&#8217;est enrichie de l&#8217;amour de chaque petit-enfant.<\/p>\r\n\r\n\r\n<p style=\"margin-top: 1rem\">Cr\u00e9er une Carte des \u00c9toiles Triple des Petits-enfants  est facile et personnalis\u00e9 pour vous ! Choisissez votre design et vos couleurs pr\u00e9f\u00e9r\u00e9s parmi des cartes en forme de cercle ou de c\u0153ur avec une vari\u00e9t\u00e9 de couleurs \u00e0 choisir. Entrez simplement la date et l&#8217;emplacement de la date de naissance de chaque petit-enfant et regardez l&#8217;aper\u00e7u en ligne montrer exactement \u00e0 quoi ressemblera votre art. Enfin, choisissez parmi plusieurs formats et tailles pour vous assurer que votre cadeau est parfait pour l&#8217;occasion de vos grands-parents.<\/p>\r\n\r\n\r\n<p style=\"margin-top: 1rem\">Montrez votre amour d&#8217;une mani\u00e8re unique que vos grands-parents ch\u00e9riront pour les ann\u00e9es \u00e0 venir. Commandez d\u00e8s aujourd&#8217;hui la Carte des \u00c9toiles Triple des Petits-enfants et cr\u00e9ez un souvenir sentimental qui leur rappellera l&#8217;amour de leurs petits-enfants.<\/p>","protected":false},"excerpt":{"rendered":"<ul class=\"check-list\">\n<li>Concevez votre propre carte des \u00e9toiles repr\u00e9sentant le ciel \u00e0 partir de 3 endroits et dates diff\u00e9rents<\/li>\n<li>Ajoutez des constellations et la Voie lact\u00e9e <\/li>\n<li>Personnalisez en 3 \u00e9tapes simples<\/li>\n<li>Incluez un texte personnalis\u00e9 significatif<\/li>\n<li>Vois le r\u00e9sultat imm\u00e9diatement \u2013 l\u2019aper\u00e7u interactif te permet de peaufiner chaque d\u00e9tail<\/li>\n<\/ul>\n","protected":false},"featured_media":1256981,"template":"","meta":[],"product_brand":[],"product_cat":[9096,104,8998,5264,11393,11394,7605,7718],"product_tag":[13332,13331,8533,15474],"class_list":{"0":"post-610011","1":"product","2":"type-product","3":"status-publish","4":"has-post-thumbnail","6":"product_cat-trio-stars-fr","7":"product_cat-tous-les-produits","8":"product_cat-fete-des-grands-parents","9":"product_cat-cadeaux-de-noel","10":"product_cat-cadeaux-de-noel-pour-mamie","11":"product_cat-cadeaux-de-noel-pour-papi","12":"product_cat-cadeaux-pour-grand-pere","13":"product_cat-cadeaux-pour-grand-mere","14":"product_tag-cadeau-de-noel-pour-un-grand-pere","15":"product_tag-cadeau-de-noel-pour-une-grand-mere","16":"product_tag-family-fr","17":"product_tag-petits-enfants","19":"first","20":"instock","21":"sale","22":"taxable","23":"shipping-taxable","24":"purchasable","25":"product-type-variable"},"yoast_head":"<!-- This site is optimized with the Yoast SEO Premium plugin v27.2 (Yoast SEO v27.2) - https:\/\/yoast.com\/product\/yoast-seo-premium-wordpress\/ -->\n<title>\u00c9toiles des Petits-enfants - Positive Prints<\/title>\n<meta name=\"description\" content=\"Commandez d\u00e8s aujourd&#039;hui la Carte des \u00c9toiles Triple des Petits-enfants et cr\u00e9ez un souvenir sentimental qui leur rappellera l&#039;amour de leurs petits-enfants.\" \/>\n<meta name=\"robots\" content=\"index, follow, max-snippet:-1, max-image-preview:large, max-video-preview:-1\" \/>\n<link rel=\"canonical\" href=\"https:\/\/positiveprints.com\/fr\/produit\/carte-des-etoiles-triple-des-petits-enfants\/\" \/>\n<meta property=\"og:locale\" content=\"fr_FR\" \/>\n<meta property=\"og:type\" content=\"article\" \/>\n<meta property=\"og:title\" content=\"Carte des \u00c9toiles Triple des Petits-enfants\" \/>\n<meta property=\"og:description\" content=\"Concevez votre propre carte des \u00e9toiles repr\u00e9sentant le ciel \u00e0 partir de 3 endroits et dates diff\u00e9rents Ajoutez des constellations et la Voie lact\u00e9e  Personnalisez en 3 \u00e9tapes simples Incluez un texte personnalis\u00e9 significatif Vois le r\u00e9sultat imm\u00e9diatement \u2013 l\u2019aper\u00e7u interactif te permet de peaufiner chaque d\u00e9tail\" \/>\n<meta property=\"og:url\" content=\"https:\/\/positiveprints.com\/fr\/produit\/carte-des-etoiles-triple-des-petits-enfants\/\" \/>\n<meta property=\"og:site_name\" content=\"Positive Prints\" \/>\n<meta property=\"article:publisher\" content=\"https:\/\/www.facebook.com\/positiveprintscom\" \/>\n<meta property=\"article:modified_time\" content=\"2026-04-12T21:23:15+00:00\" \/>\n<meta property=\"og:image\" content=\"https:\/\/positiveprints.com\/wp-content\/uploads\/2024\/11\/Packshot_FR_Grandkids-Triple-Star-Map-product-image-.webp\" \/>\n\t<meta property=\"og:image:width\" content=\"1450\" \/>\n\t<meta property=\"og:image:height\" content=\"1450\" \/>\n\t<meta property=\"og:image:type\" content=\"image\/webp\" \/>\n<meta name=\"twitter:card\" content=\"summary_large_image\" \/>\n<meta name=\"twitter:label1\" content=\"Dur\u00e9e de lecture estim\u00e9e\" \/>\n\t<meta name=\"twitter:data1\" content=\"1 minute\" \/>\n<!-- \/ Yoast SEO Premium plugin. -->","yoast_head_json":{"title":"\u00c9toiles des Petits-enfants - Positive Prints","description":"Commandez d\u00e8s aujourd'hui la Carte des \u00c9toiles Triple des Petits-enfants et cr\u00e9ez un souvenir sentimental qui leur rappellera l'amour de leurs petits-enfants.","robots":{"index":"index","follow":"follow","max-snippet":"max-snippet:-1","max-image-preview":"max-image-preview:large","max-video-preview":"max-video-preview:-1"},"canonical":"https:\/\/positiveprints.com\/fr\/produit\/carte-des-etoiles-triple-des-petits-enfants\/","og_locale":"fr_FR","og_type":"article","og_title":"Carte des \u00c9toiles Triple des Petits-enfants","og_description":"Concevez votre propre carte des \u00e9toiles repr\u00e9sentant le ciel \u00e0 partir de 3 endroits et dates diff\u00e9rents Ajoutez des constellations et la Voie lact\u00e9e  Personnalisez en 3 \u00e9tapes simples Incluez un texte personnalis\u00e9 significatif Vois le r\u00e9sultat imm\u00e9diatement \u2013 l\u2019aper\u00e7u interactif te permet de peaufiner chaque d\u00e9tail","og_url":"https:\/\/positiveprints.com\/fr\/produit\/carte-des-etoiles-triple-des-petits-enfants\/","og_site_name":"Positive Prints","article_publisher":"https:\/\/www.facebook.com\/positiveprintscom","article_modified_time":"2026-04-12T21:23:15+00:00","og_image":[{"width":1450,"height":1450,"url":"https:\/\/positiveprints.com\/wp-content\/uploads\/2024\/11\/Packshot_FR_Grandkids-Triple-Star-Map-product-image-.webp","type":"image\/webp"}],"twitter_card":"summary_large_image","twitter_misc":{"Dur\u00e9e de lecture estim\u00e9e":"1 minute"},"schema":{"@context":"https:\/\/schema.org","@graph":[{"@type":["WebPage","ItemPage"],"@id":"https:\/\/positiveprints.com\/fr\/produit\/carte-des-etoiles-triple-des-petits-enfants\/","url":"https:\/\/positiveprints.com\/fr\/produit\/carte-des-etoiles-triple-des-petits-enfants\/","name":"\u00c9toiles des Petits-enfants - Positive Prints","isPartOf":{"@id":"https:\/\/positiveprints.com\/fr\/#website"},"primaryImageOfPage":{"@id":"https:\/\/positiveprints.com\/fr\/produit\/carte-des-etoiles-triple-des-petits-enfants\/#primaryimage"},"image":{"@id":"https:\/\/positiveprints.com\/fr\/produit\/carte-des-etoiles-triple-des-petits-enfants\/#primaryimage"},"thumbnailUrl":"https:\/\/positiveprints.com\/wp-content\/uploads\/2024\/11\/Packshot_FR_Grandkids-Triple-Star-Map-product-image-.webp","datePublished":"2023-04-24T14:33:19+00:00","dateModified":"2026-04-12T21:23:15+00:00","description":"Commandez d\u00e8s aujourd'hui la Carte des \u00c9toiles Triple des Petits-enfants et cr\u00e9ez un souvenir sentimental qui leur rappellera l'amour de leurs petits-enfants.","breadcrumb":{"@id":"https:\/\/positiveprints.com\/fr\/produit\/carte-des-etoiles-triple-des-petits-enfants\/#breadcrumb"},"inLanguage":"fr-FR","potentialAction":[{"@type":"ReadAction","target":["https:\/\/positiveprints.com\/fr\/produit\/carte-des-etoiles-triple-des-petits-enfants\/"]}]},{"@type":"ImageObject","inLanguage":"fr-FR","@id":"https:\/\/positiveprints.com\/fr\/produit\/carte-des-etoiles-triple-des-petits-enfants\/#primaryimage","url":"https:\/\/positiveprints.com\/wp-content\/uploads\/2024\/11\/Packshot_FR_Grandkids-Triple-Star-Map-product-image-.webp","contentUrl":"https:\/\/positiveprints.com\/wp-content\/uploads\/2024\/11\/Packshot_FR_Grandkids-Triple-Star-Map-product-image-.webp","width":1450,"height":1450},{"@type":"BreadcrumbList","@id":"https:\/\/positiveprints.com\/fr\/produit\/carte-des-etoiles-triple-des-petits-enfants\/#breadcrumb","itemListElement":[{"@type":"ListItem","position":1,"name":"Home","item":"https:\/\/positiveprints.com\/fr\/"},{"@type":"ListItem","position":2,"name":"Produits","item":"https:\/\/positiveprints.com\/fr\/shop\/"},{"@type":"ListItem","position":3,"name":"Carte des \u00c9toiles Triple des Petits-enfants"}]},{"@type":"WebSite","@id":"https:\/\/positiveprints.com\/fr\/#website","url":"https:\/\/positiveprints.com\/fr\/","name":"Positive Prints","description":"Amazing Custom Personalized Gifts","publisher":{"@id":"https:\/\/positiveprints.com\/fr\/#organization"},"potentialAction":[{"@type":"SearchAction","target":{"@type":"EntryPoint","urlTemplate":"https:\/\/positiveprints.com\/fr\/?s={search_term_string}"},"query-input":{"@type":"PropertyValueSpecification","valueRequired":true,"valueName":"search_term_string"}}],"inLanguage":"fr-FR"},{"@type":"Organization","@id":"https:\/\/positiveprints.com\/fr\/#organization","name":"Positive Prints","alternateName":"Positive Prints","url":"https:\/\/positiveprints.com\/fr\/","logo":{"@type":"ImageObject","inLanguage":"fr-FR","@id":"https:\/\/positiveprints.com\/fr\/#\/schema\/logo\/image\/","url":"https:\/\/positiveprints.com\/wp-content\/uploads\/2026\/03\/245815646_1337939713319158_5671353136411139666_n.png","contentUrl":"https:\/\/positiveprints.com\/wp-content\/uploads\/2026\/03\/245815646_1337939713319158_5671353136411139666_n.png","width":800,"height":800,"caption":"Positive Prints"},"image":{"@id":"https:\/\/positiveprints.com\/fr\/#\/schema\/logo\/image\/"},"sameAs":["https:\/\/www.facebook.com\/positiveprintscom","https:\/\/www.instagram.com\/positiveprintscom\/","https:\/\/www.tiktok.com\/@positiveprintscom","https:\/\/www.pinterest.com\/positiveprintscom\/"]}]}},"jetpack_sharing_enabled":true,"_links":{"self":[{"href":"https:\/\/positiveprints.com\/fr\/wp-json\/wp\/v2\/product\/610011","targetHints":{"allow":["GET"]}}],"collection":[{"href":"https:\/\/positiveprints.com\/fr\/wp-json\/wp\/v2\/product"}],"about":[{"href":"https:\/\/positiveprints.com\/fr\/wp-json\/wp\/v2\/types\/product"}],"wp:featuredmedia":[{"embeddable":true,"href":"https:\/\/positiveprints.com\/fr\/wp-json\/wp\/v2\/media\/1256981"}],"wp:attachment":[{"href":"https:\/\/positiveprints.com\/fr\/wp-json\/wp\/v2\/media?parent=610011"}],"wp:term":[{"taxonomy":"product_brand","embeddable":true,"href":"https:\/\/positiveprints.com\/fr\/wp-json\/wp\/v2\/product_brand?post=610011"},{"taxonomy":"product_cat","embeddable":true,"href":"https:\/\/positiveprints.com\/fr\/wp-json\/wp\/v2\/product_cat?post=610011"},{"taxonomy":"product_tag","embeddable":true,"href":"https:\/\/positiveprints.com\/fr\/wp-json\/wp\/v2\/product_tag?post=610011"}],"curies":[{"name":"wp","href":"https:\/\/api.w.org\/{rel}","templated":true}]}}