{"id":609994,"date":"2023-04-24T13:44:47","date_gmt":"2023-04-24T12:44:47","guid":{"rendered":"https:\/\/positiveprints.com\/?post_type=product&#038;p=609994"},"modified":"2026-04-03T03:16:58","modified_gmt":"2026-04-03T02:16:58","slug":"carte-des-etoiles-triple-notre-histoire-damour","status":"publish","type":"product","link":"https:\/\/positiveprints.com\/fr\/produit\/carte-des-etoiles-triple-notre-histoire-damour\/","title":{"rendered":"Carte des \u00c9toiles Triple Notre Histoire d&#8217;Amour"},"content":{"rendered":"<p style=\"margin-top: 1rem\">Recherchez-vous un cadeau unique et sentimental pour votre partenaire ? Ne cherchez pas plus loin que la Carte des \u00c9toiles Triple Notre Histoire d&#8217;Amour. Cette impression personnalis\u00e9e capture trois moments sp\u00e9ciaux dans votre relation, ce qui en fait le cadeau parfait pour les anniversaires, les mariages, la Saint-Valentin, No\u00ebl ou toute autre c\u00e9l\u00e9bration.<\/p>\r\n\r\n\r\n<p style=\"margin-top: 1rem\">Cette impression personnalis\u00e9e peut montrer un ciel \u00e9toil\u00e9 du jour de votre premi\u00e8re rencontre, de vos fian\u00e7ailles et de votre mariage. Ou peut-\u00eatre que vous voulez capturer diff\u00e9rents jalons dans votre relation, comme le jour o\u00f9 vous vous \u00eates rencontr\u00e9, embrass\u00e9 pour la premi\u00e8re fois et achet\u00e9 une maison. Les possibilit\u00e9s sont infinies et vous pouvez personnaliser vos cartes des \u00e9toiles pour refl\u00e9ter votre histoire d&#8217;amour unique.<\/p>\r\n\r\n\r\n<p style=\"margin-top: 1rem\">Cr\u00e9er votre Carte des \u00c9toiles Triple Notre Histoire d&#8217;Amour est facile ! Avec notre \u00e9diteur en ligne, vous pouvez choisir votre design et vos couleurs pr\u00e9f\u00e9r\u00e9s, que vous pr\u00e9f\u00e9riez les designs en forme de cercle ou de c\u0153ur. Entrez les dates et les lieux pour chacune de vos cartes \u00e0 trois \u00e9toiles et pr\u00e9visualisez votre \u0153uvre personnalis\u00e9e \u00e0 chaque \u00e9tape du processus. Enfin, choisissez parmi une vari\u00e9t\u00e9 de formats et de tailles pour vous assurer que votre cadeau est parfait pour votre occasion sp\u00e9ciale.<\/p>\r\n\r\n\r\n<p style=\"margin-top: 1rem\">Ce cadeau sentimental est s\u00fbr d&#8217;\u00eatre appr\u00e9ci\u00e9 et servira de beau souvenir pour les ann\u00e9es \u00e0 venir. Commandez votre Carte des \u00c9toiles Triple Notre Histoire d&#8217;Amour aujourd&#8217;hui et surprenez votre partenaire avec un cadeau vraiment unique et sinc\u00e8re.<\/p>","protected":false},"excerpt":{"rendered":"<ul class=\"check-list\">\n<li>Concevez votre propre carte des \u00e9toiles repr\u00e9sentant le ciel \u00e0 partir de 3 endroits et dates diff\u00e9rents<\/li>\n<li>Ajoutez des constellations et la Voie lact\u00e9e <\/li>\n<li>Personnalisez en 3 \u00e9tapes simples<\/li>\n<li>Incluez un texte personnalis\u00e9 significatif<\/li>\n<li>Vois le r\u00e9sultat imm\u00e9diatement \u2013 l\u2019aper\u00e7u interactif te permet de peaufiner chaque d\u00e9tail<\/li>\n<\/ul>\n","protected":false},"featured_media":1262243,"template":"","meta":[],"product_brand":[],"product_cat":[8194,9096,104,5276,5264,11395,11396,11392,11388,11402,11397,8006,7685,7749,7797,3118,11245,11246],"product_tag":[11790,11793,11792,11767,11795,11753,9732,15519,17443,17442,17441,17440],"class_list":{"0":"post-609994","1":"product","2":"type-product","3":"status-publish","4":"has-post-thumbnail","6":"product_cat-pour-elle","7":"product_cat-trio-stars-fr","8":"product_cat-tous-les-produits","9":"product_cat-cadeaux-de-fiancailles-idees-cadeaux","10":"product_cat-cadeaux-de-noel","11":"product_cat-cadeaux-de-noel-pour-femme","12":"product_cat-cadeaux-de-noel-pour-homme","13":"product_cat-cadeaux-de-noel-pour-sa-copine","14":"product_cat-cadeaux-de-noel-pour-son-petit-copain","15":"product_cat-cadeaux-de-noel-pour-sa-femme","16":"product_cat-cadeaux-de-noel-pour-le-mari","17":"product_cat-cadeaux-pour-hommes","18":"product_cat-cadeaux-pour-femmes","19":"product_cat-cadeaux-pour-epouse","20":"product_cat-cadeaux-pour-couple","21":"product_cat-cadeaux-saint-valentin","22":"product_cat-cadeaux-de-saint-valentin-pour-elle","23":"product_cat-cadeaux-de-saint-valentin-pour-lui","24":"product_tag-cadeaux-de-noel-pour-elle","25":"product_tag-cadeaux-de-noel-pour-le-mari","26":"product_tag-cadeaux-de-noel-pour-lui","27":"product_tag-cadeaux-de-noel-pour-sa-copine","28":"product_tag-cadeaux-de-noel-pour-sa-femme","29":"product_tag-cadeaux-de-noel-pour-son-petit-copain","30":"product_tag-couple-fr-2","31":"product_tag-notre-histoire-damour","32":"product_tag-prezenty-pod-choinke-dla-chlopaka-fr","33":"product_tag-prezenty-pod-choinke-dla-dziewczyny-fr","34":"product_tag-prezenty-pod-choinke-dla-niego-fr","35":"product_tag-prezenty-pod-choinke-dla-niej-fr","37":"first","38":"instock","39":"sale","40":"taxable","41":"shipping-taxable","42":"purchasable","43":"product-type-variable"},"yoast_head":"<!-- This site is optimized with the Yoast SEO Premium plugin v27.2 (Yoast SEO v27.2) - https:\/\/yoast.com\/product\/yoast-seo-premium-wordpress\/ -->\n<title>\u00c9toiles Notre Histoire d&#039;Amour - Positive Prints<\/title>\n<meta name=\"description\" content=\"Notre Carte des \u00c9toiles Triple Notre Histoire d&#039;Amour capture trois moments sp\u00e9ciaux de votre relation, ce qui en fait le cadeau id\u00e9al pour les anniversaires, les mariages et la Saint-Valentin\" \/>\n<meta name=\"robots\" content=\"index, follow, max-snippet:-1, max-image-preview:large, max-video-preview:-1\" \/>\n<link rel=\"canonical\" href=\"https:\/\/positiveprints.com\/fr\/produit\/carte-des-etoiles-triple-notre-histoire-damour\/\" \/>\n<meta property=\"og:locale\" content=\"fr_FR\" \/>\n<meta property=\"og:type\" content=\"article\" \/>\n<meta property=\"og:title\" content=\"Carte des \u00c9toiles Triple Notre Histoire d&#039;Amour\" \/>\n<meta property=\"og:description\" content=\"Concevez votre propre carte des \u00e9toiles repr\u00e9sentant le ciel \u00e0 partir de 3 endroits et dates diff\u00e9rents Ajoutez des constellations et la Voie lact\u00e9e  Personnalisez en 3 \u00e9tapes simples Incluez un texte personnalis\u00e9 significatif Vois le r\u00e9sultat imm\u00e9diatement \u2013 l\u2019aper\u00e7u interactif te permet de peaufiner chaque d\u00e9tail\" \/>\n<meta property=\"og:url\" content=\"https:\/\/positiveprints.com\/fr\/produit\/carte-des-etoiles-triple-notre-histoire-damour\/\" \/>\n<meta property=\"og:site_name\" content=\"Positive Prints\" \/>\n<meta property=\"article:publisher\" content=\"https:\/\/www.facebook.com\/positiveprintscom\" \/>\n<meta property=\"article:modified_time\" content=\"2026-04-03T02:16:58+00:00\" \/>\n<meta property=\"og:image\" content=\"https:\/\/positiveprints.com\/wp-content\/uploads\/2024\/11\/Packshot_FR_Our-Love-Story-Triple-Star-Map-product-image-.webp\" \/>\n\t<meta property=\"og:image:width\" content=\"1450\" \/>\n\t<meta property=\"og:image:height\" content=\"1450\" \/>\n\t<meta property=\"og:image:type\" content=\"image\/webp\" \/>\n<meta name=\"twitter:card\" content=\"summary_large_image\" \/>\n<meta name=\"twitter:label1\" content=\"Dur\u00e9e de lecture estim\u00e9e\" \/>\n\t<meta name=\"twitter:data1\" content=\"2 minutes\" \/>\n<!-- \/ Yoast SEO Premium plugin. -->","yoast_head_json":{"title":"\u00c9toiles Notre Histoire d'Amour - Positive Prints","description":"Notre Carte des \u00c9toiles Triple Notre Histoire d'Amour capture trois moments sp\u00e9ciaux de votre relation, ce qui en fait le cadeau id\u00e9al pour les anniversaires, les mariages et la Saint-Valentin","robots":{"index":"index","follow":"follow","max-snippet":"max-snippet:-1","max-image-preview":"max-image-preview:large","max-video-preview":"max-video-preview:-1"},"canonical":"https:\/\/positiveprints.com\/fr\/produit\/carte-des-etoiles-triple-notre-histoire-damour\/","og_locale":"fr_FR","og_type":"article","og_title":"Carte des \u00c9toiles Triple Notre Histoire d'Amour","og_description":"Concevez votre propre carte des \u00e9toiles repr\u00e9sentant le ciel \u00e0 partir de 3 endroits et dates diff\u00e9rents Ajoutez des constellations et la Voie lact\u00e9e  Personnalisez en 3 \u00e9tapes simples Incluez un texte personnalis\u00e9 significatif Vois le r\u00e9sultat imm\u00e9diatement \u2013 l\u2019aper\u00e7u interactif te permet de peaufiner chaque d\u00e9tail","og_url":"https:\/\/positiveprints.com\/fr\/produit\/carte-des-etoiles-triple-notre-histoire-damour\/","og_site_name":"Positive Prints","article_publisher":"https:\/\/www.facebook.com\/positiveprintscom","article_modified_time":"2026-04-03T02:16:58+00:00","og_image":[{"width":1450,"height":1450,"url":"https:\/\/positiveprints.com\/wp-content\/uploads\/2024\/11\/Packshot_FR_Our-Love-Story-Triple-Star-Map-product-image-.webp","type":"image\/webp"}],"twitter_card":"summary_large_image","twitter_misc":{"Dur\u00e9e de lecture estim\u00e9e":"2 minutes"},"schema":{"@context":"https:\/\/schema.org","@graph":[{"@type":["WebPage","ItemPage"],"@id":"https:\/\/positiveprints.com\/fr\/produit\/carte-des-etoiles-triple-notre-histoire-damour\/","url":"https:\/\/positiveprints.com\/fr\/produit\/carte-des-etoiles-triple-notre-histoire-damour\/","name":"\u00c9toiles Notre Histoire d'Amour - Positive Prints","isPartOf":{"@id":"https:\/\/positiveprints.com\/fr\/#website"},"primaryImageOfPage":{"@id":"https:\/\/positiveprints.com\/fr\/produit\/carte-des-etoiles-triple-notre-histoire-damour\/#primaryimage"},"image":{"@id":"https:\/\/positiveprints.com\/fr\/produit\/carte-des-etoiles-triple-notre-histoire-damour\/#primaryimage"},"thumbnailUrl":"https:\/\/positiveprints.com\/wp-content\/uploads\/2024\/11\/Packshot_FR_Our-Love-Story-Triple-Star-Map-product-image-.webp","datePublished":"2023-04-24T12:44:47+00:00","dateModified":"2026-04-03T02:16:58+00:00","description":"Notre Carte des \u00c9toiles Triple Notre Histoire d'Amour capture trois moments sp\u00e9ciaux de votre relation, ce qui en fait le cadeau id\u00e9al pour les anniversaires, les mariages et la Saint-Valentin","breadcrumb":{"@id":"https:\/\/positiveprints.com\/fr\/produit\/carte-des-etoiles-triple-notre-histoire-damour\/#breadcrumb"},"inLanguage":"fr-FR","potentialAction":[{"@type":"ReadAction","target":["https:\/\/positiveprints.com\/fr\/produit\/carte-des-etoiles-triple-notre-histoire-damour\/"]}]},{"@type":"ImageObject","inLanguage":"fr-FR","@id":"https:\/\/positiveprints.com\/fr\/produit\/carte-des-etoiles-triple-notre-histoire-damour\/#primaryimage","url":"https:\/\/positiveprints.com\/wp-content\/uploads\/2024\/11\/Packshot_FR_Our-Love-Story-Triple-Star-Map-product-image-.webp","contentUrl":"https:\/\/positiveprints.com\/wp-content\/uploads\/2024\/11\/Packshot_FR_Our-Love-Story-Triple-Star-Map-product-image-.webp","width":1450,"height":1450},{"@type":"BreadcrumbList","@id":"https:\/\/positiveprints.com\/fr\/produit\/carte-des-etoiles-triple-notre-histoire-damour\/#breadcrumb","itemListElement":[{"@type":"ListItem","position":1,"name":"Home","item":"https:\/\/positiveprints.com\/fr\/"},{"@type":"ListItem","position":2,"name":"Produits","item":"https:\/\/positiveprints.com\/fr\/shop\/"},{"@type":"ListItem","position":3,"name":"Carte des \u00c9toiles Triple Notre Histoire d&#8217;Amour"}]},{"@type":"WebSite","@id":"https:\/\/positiveprints.com\/fr\/#website","url":"https:\/\/positiveprints.com\/fr\/","name":"Positive Prints","description":"Amazing Custom Personalized Gifts","publisher":{"@id":"https:\/\/positiveprints.com\/fr\/#organization"},"potentialAction":[{"@type":"SearchAction","target":{"@type":"EntryPoint","urlTemplate":"https:\/\/positiveprints.com\/fr\/?s={search_term_string}"},"query-input":{"@type":"PropertyValueSpecification","valueRequired":true,"valueName":"search_term_string"}}],"inLanguage":"fr-FR"},{"@type":"Organization","@id":"https:\/\/positiveprints.com\/fr\/#organization","name":"Positive Prints","alternateName":"Positive Prints","url":"https:\/\/positiveprints.com\/fr\/","logo":{"@type":"ImageObject","inLanguage":"fr-FR","@id":"https:\/\/positiveprints.com\/fr\/#\/schema\/logo\/image\/","url":"https:\/\/positiveprints.com\/wp-content\/uploads\/2026\/03\/245815646_1337939713319158_5671353136411139666_n.png","contentUrl":"https:\/\/positiveprints.com\/wp-content\/uploads\/2026\/03\/245815646_1337939713319158_5671353136411139666_n.png","width":800,"height":800,"caption":"Positive Prints"},"image":{"@id":"https:\/\/positiveprints.com\/fr\/#\/schema\/logo\/image\/"},"sameAs":["https:\/\/www.facebook.com\/positiveprintscom","https:\/\/www.instagram.com\/positiveprintscom\/","https:\/\/www.tiktok.com\/@positiveprintscom","https:\/\/www.pinterest.com\/positiveprintscom\/"]}]}},"jetpack_sharing_enabled":true,"_links":{"self":[{"href":"https:\/\/positiveprints.com\/fr\/wp-json\/wp\/v2\/product\/609994","targetHints":{"allow":["GET"]}}],"collection":[{"href":"https:\/\/positiveprints.com\/fr\/wp-json\/wp\/v2\/product"}],"about":[{"href":"https:\/\/positiveprints.com\/fr\/wp-json\/wp\/v2\/types\/product"}],"wp:featuredmedia":[{"embeddable":true,"href":"https:\/\/positiveprints.com\/fr\/wp-json\/wp\/v2\/media\/1262243"}],"wp:attachment":[{"href":"https:\/\/positiveprints.com\/fr\/wp-json\/wp\/v2\/media?parent=609994"}],"wp:term":[{"taxonomy":"product_brand","embeddable":true,"href":"https:\/\/positiveprints.com\/fr\/wp-json\/wp\/v2\/product_brand?post=609994"},{"taxonomy":"product_cat","embeddable":true,"href":"https:\/\/positiveprints.com\/fr\/wp-json\/wp\/v2\/product_cat?post=609994"},{"taxonomy":"product_tag","embeddable":true,"href":"https:\/\/positiveprints.com\/fr\/wp-json\/wp\/v2\/product_tag?post=609994"}],"curies":[{"name":"wp","href":"https:\/\/api.w.org\/{rel}","templated":true}]}}