{"id":609944,"date":"2023-04-24T12:10:41","date_gmt":"2023-04-24T11:10:41","guid":{"rendered":"https:\/\/positiveprints.com\/?post_type=product&#038;p=609944"},"modified":"2026-04-18T05:53:07","modified_gmt":"2026-04-18T04:53:07","slug":"carte-des-etoiles-rencontre-fiancailles-mariage","status":"publish","type":"product","link":"https:\/\/positiveprints.com\/fr\/produit\/carte-des-etoiles-rencontre-fiancailles-mariage\/","title":{"rendered":"Carte des \u00c9toiles Rencontre Fian\u00e7ailles Mariage"},"content":{"rendered":"<p style=\"margin-top: 1rem\">Recherchez-vous le cadeau de mariage parfait qui capture votre histoire d&#8217;amour en une superbe affiche ? La Carte des \u00c9toiles Rencontre Fian\u00e7ailles Mariage est le souvenir personnalis\u00e9 parfait pour c\u00e9l\u00e9brer votre amour.<\/p>\r\n\r\n\r\n<p style=\"margin-top: 1rem\">Cette impression sp\u00e9ciale pr\u00e9sente trois cartes des \u00e9toiles personnalis\u00e9es, capturant trois moments magiques de votre vie de couple. La premi\u00e8re carte des \u00e9toiles repr\u00e9sente le moment o\u00f9 vous vous \u00eates rencontr\u00e9(e)s, avec le mot \u00ab Rencontre \u00bb \u00e9crit en dessous. La deuxi\u00e8me carte montre la vue c\u00e9leste du jour o\u00f9 vous vous \u00eates fianc\u00e9(e)s, avec les mots \u00ab Fian\u00e7ailles \u00bb en dessous. Et enfin, la troisi\u00e8me carte des \u00e9toiles pr\u00e9sente les \u00e9toiles scintillantes de votre nuit de noces, avec le mot \u00ab Mariage \u00bb compl\u00e9tant l&#8217;image.<\/p>\r\n\r\n\r\n<p style=\"margin-top: 1rem\">Cr\u00e9er votre Carte des \u00c9toiles Rencontre Fian\u00e7ailles Mariage est facile ! Avec notre \u00e9diteur en ligne, choisissez votre design et votre couleur pr\u00e9f\u00e9r\u00e9s. Vous pouvez choisir des cartes en forme de cercle ou de c\u0153ur. Vous pouvez \u00e9galement personnaliser les couleurs \u00e0 votre go\u00fbt. Entrez simplement les dates et les emplacements pour chacune des trois cartes d&#8217;\u00e9toiles personnalis\u00e9es. Ensuite, voyez comment votre \u0153uvre d&#8217;art personnalis\u00e9e regarde \u00e0 chaque \u00e9tape. Une fois que vous \u00eates satisfait de votre design, choisissez votre format et votre taille pr\u00e9f\u00e9r\u00e9s. Qu&#8217;il s&#8217;agisse d&#8217;une affiche imprim\u00e9e ou encadr\u00e9e, d&#8217;une toile ou d&#8217;un fichier de t\u00e9l\u00e9chargement num\u00e9rique instantan\u00e9, nous avons l&#8217;option parfaite pour r\u00e9pondre \u00e0 vos besoins.<\/p>\r\n\r\n\r\n<p style=\"margin-top: 1rem\">Commandez d\u00e8s aujourd&#8217;hui votre Carte des \u00c9toiles Rencontre Fian\u00e7ailles Mariage. C\u00e9l\u00e9brez votre amour avec un cadeau beau et sentimental qui sera ch\u00e9ri pour toute une vie.<\/p>","protected":false},"excerpt":{"rendered":"<ul class=\"check-list\">\n<li>Concevez votre propre carte des \u00e9toiles repr\u00e9sentant le ciel \u00e0 partir de 3 endroits et dates diff\u00e9rents<\/li>\n<li>Ajoutez des constellations et la Voie lact\u00e9e <\/li>\n<li>Personnalisez en 3 \u00e9tapes simples<\/li>\n<li>Incluez un texte personnalis\u00e9 significatif<\/li>\n<li>Vois le r\u00e9sultat imm\u00e9diatement \u2013 l\u2019aper\u00e7u interactif te permet de peaufiner chaque d\u00e9tail<\/li>\n<\/ul>\n","protected":false},"featured_media":1258059,"template":"","meta":[],"product_brand":[],"product_cat":[9096,104,5328,11177,11175,11176,3122,7925,7638],"product_tag":[15519,16279,8477],"class_list":{"0":"post-609944","1":"product","2":"type-product","3":"status-publish","4":"has-post-thumbnail","6":"product_cat-trio-stars-fr","7":"product_cat-tous-les-produits","8":"product_cat-cadeaux-de-commemorations","9":"product_cat-cadeaux-danniversaire-pour-couples","10":"product_cat-cadeaux-danniversaire-pour-femme","11":"product_cat-cadeaux-danniversaire-pour-homme","12":"product_cat-cadeaux-de-mariage","13":"product_cat-cadeaux-denterrement-de-vie-de-jeune-fille","14":"product_cat-cadeaux-pour-mari","15":"product_tag-notre-histoire-damour","16":"product_tag-wedding-fr-2","17":"product_tag-wedding-fr","19":"first","20":"instock","21":"sale","22":"taxable","23":"shipping-taxable","24":"purchasable","25":"product-type-variable"},"yoast_head":"<!-- This site is optimized with the Yoast SEO Premium plugin v27.2 (Yoast SEO v27.2) - https:\/\/yoast.com\/product\/yoast-seo-premium-wordpress\/ -->\n<title>\u00c9toiles Rencontre Fian\u00e7ailles Mariage - Positive Prints<\/title>\n<meta name=\"description\" content=\"Commandez d\u00e8s aujourd&#039;hui votre Carte des \u00c9toiles Rencontre Fian\u00e7ailles Mariage et c\u00e9l\u00e9brez votre amour avec un cadeau magnifique et sentimental qui sera ch\u00e9ri toute votre vie.\" \/>\n<meta name=\"robots\" content=\"index, follow, max-snippet:-1, max-image-preview:large, max-video-preview:-1\" \/>\n<link rel=\"canonical\" href=\"https:\/\/positiveprints.com\/fr\/produit\/carte-des-etoiles-rencontre-fiancailles-mariage\/\" \/>\n<meta property=\"og:locale\" content=\"fr_FR\" \/>\n<meta property=\"og:type\" content=\"article\" \/>\n<meta property=\"og:title\" content=\"Carte des \u00c9toiles Rencontre Fian\u00e7ailles Mariage\" \/>\n<meta property=\"og:description\" content=\"Concevez votre propre carte des \u00e9toiles repr\u00e9sentant le ciel \u00e0 partir de 3 endroits et dates diff\u00e9rents Ajoutez des constellations et la Voie lact\u00e9e  Personnalisez en 3 \u00e9tapes simples Incluez un texte personnalis\u00e9 significatif Vois le r\u00e9sultat imm\u00e9diatement \u2013 l\u2019aper\u00e7u interactif te permet de peaufiner chaque d\u00e9tail\" \/>\n<meta property=\"og:url\" content=\"https:\/\/positiveprints.com\/fr\/produit\/carte-des-etoiles-rencontre-fiancailles-mariage\/\" \/>\n<meta property=\"og:site_name\" content=\"Positive Prints\" \/>\n<meta property=\"article:publisher\" content=\"https:\/\/www.facebook.com\/positiveprintscom\" \/>\n<meta property=\"article:modified_time\" content=\"2026-04-18T04:53:07+00:00\" \/>\n<meta property=\"og:image\" content=\"https:\/\/positiveprints.com\/wp-content\/uploads\/2024\/11\/Packshot_FR_Met-Engaged-Married-Star-Map-product-image-.webp\" \/>\n\t<meta property=\"og:image:width\" content=\"1450\" \/>\n\t<meta property=\"og:image:height\" content=\"1450\" \/>\n\t<meta property=\"og:image:type\" content=\"image\/webp\" \/>\n<meta name=\"twitter:card\" content=\"summary_large_image\" \/>\n<meta name=\"twitter:label1\" content=\"Dur\u00e9e de lecture estim\u00e9e\" \/>\n\t<meta name=\"twitter:data1\" content=\"2 minutes\" \/>\n<!-- \/ Yoast SEO Premium plugin. -->","yoast_head_json":{"title":"\u00c9toiles Rencontre Fian\u00e7ailles Mariage - Positive Prints","description":"Commandez d\u00e8s aujourd'hui votre Carte des \u00c9toiles Rencontre Fian\u00e7ailles Mariage et c\u00e9l\u00e9brez votre amour avec un cadeau magnifique et sentimental qui sera ch\u00e9ri toute votre vie.","robots":{"index":"index","follow":"follow","max-snippet":"max-snippet:-1","max-image-preview":"max-image-preview:large","max-video-preview":"max-video-preview:-1"},"canonical":"https:\/\/positiveprints.com\/fr\/produit\/carte-des-etoiles-rencontre-fiancailles-mariage\/","og_locale":"fr_FR","og_type":"article","og_title":"Carte des \u00c9toiles Rencontre Fian\u00e7ailles Mariage","og_description":"Concevez votre propre carte des \u00e9toiles repr\u00e9sentant le ciel \u00e0 partir de 3 endroits et dates diff\u00e9rents Ajoutez des constellations et la Voie lact\u00e9e  Personnalisez en 3 \u00e9tapes simples Incluez un texte personnalis\u00e9 significatif Vois le r\u00e9sultat imm\u00e9diatement \u2013 l\u2019aper\u00e7u interactif te permet de peaufiner chaque d\u00e9tail","og_url":"https:\/\/positiveprints.com\/fr\/produit\/carte-des-etoiles-rencontre-fiancailles-mariage\/","og_site_name":"Positive Prints","article_publisher":"https:\/\/www.facebook.com\/positiveprintscom","article_modified_time":"2026-04-18T04:53:07+00:00","og_image":[{"width":1450,"height":1450,"url":"https:\/\/positiveprints.com\/wp-content\/uploads\/2024\/11\/Packshot_FR_Met-Engaged-Married-Star-Map-product-image-.webp","type":"image\/webp"}],"twitter_card":"summary_large_image","twitter_misc":{"Dur\u00e9e de lecture estim\u00e9e":"2 minutes"},"schema":{"@context":"https:\/\/schema.org","@graph":[{"@type":["WebPage","ItemPage"],"@id":"https:\/\/positiveprints.com\/fr\/produit\/carte-des-etoiles-rencontre-fiancailles-mariage\/","url":"https:\/\/positiveprints.com\/fr\/produit\/carte-des-etoiles-rencontre-fiancailles-mariage\/","name":"\u00c9toiles Rencontre Fian\u00e7ailles Mariage - Positive Prints","isPartOf":{"@id":"https:\/\/positiveprints.com\/fr\/#website"},"primaryImageOfPage":{"@id":"https:\/\/positiveprints.com\/fr\/produit\/carte-des-etoiles-rencontre-fiancailles-mariage\/#primaryimage"},"image":{"@id":"https:\/\/positiveprints.com\/fr\/produit\/carte-des-etoiles-rencontre-fiancailles-mariage\/#primaryimage"},"thumbnailUrl":"https:\/\/positiveprints.com\/wp-content\/uploads\/2024\/11\/Packshot_FR_Met-Engaged-Married-Star-Map-product-image-.webp","datePublished":"2023-04-24T11:10:41+00:00","dateModified":"2026-04-18T04:53:07+00:00","description":"Commandez d\u00e8s aujourd'hui votre Carte des \u00c9toiles Rencontre Fian\u00e7ailles Mariage et c\u00e9l\u00e9brez votre amour avec un cadeau magnifique et sentimental qui sera ch\u00e9ri toute votre vie.","breadcrumb":{"@id":"https:\/\/positiveprints.com\/fr\/produit\/carte-des-etoiles-rencontre-fiancailles-mariage\/#breadcrumb"},"inLanguage":"fr-FR","potentialAction":[{"@type":"ReadAction","target":["https:\/\/positiveprints.com\/fr\/produit\/carte-des-etoiles-rencontre-fiancailles-mariage\/"]}]},{"@type":"ImageObject","inLanguage":"fr-FR","@id":"https:\/\/positiveprints.com\/fr\/produit\/carte-des-etoiles-rencontre-fiancailles-mariage\/#primaryimage","url":"https:\/\/positiveprints.com\/wp-content\/uploads\/2024\/11\/Packshot_FR_Met-Engaged-Married-Star-Map-product-image-.webp","contentUrl":"https:\/\/positiveprints.com\/wp-content\/uploads\/2024\/11\/Packshot_FR_Met-Engaged-Married-Star-Map-product-image-.webp","width":1450,"height":1450,"caption":"Packshot_FR_Met Engaged Married Star Map product image"},{"@type":"BreadcrumbList","@id":"https:\/\/positiveprints.com\/fr\/produit\/carte-des-etoiles-rencontre-fiancailles-mariage\/#breadcrumb","itemListElement":[{"@type":"ListItem","position":1,"name":"Home","item":"https:\/\/positiveprints.com\/fr\/"},{"@type":"ListItem","position":2,"name":"Produits","item":"https:\/\/positiveprints.com\/fr\/shop\/"},{"@type":"ListItem","position":3,"name":"Carte des \u00c9toiles Rencontre Fian\u00e7ailles Mariage"}]},{"@type":"WebSite","@id":"https:\/\/positiveprints.com\/fr\/#website","url":"https:\/\/positiveprints.com\/fr\/","name":"Positive Prints","description":"Amazing Custom Personalized Gifts","publisher":{"@id":"https:\/\/positiveprints.com\/fr\/#organization"},"potentialAction":[{"@type":"SearchAction","target":{"@type":"EntryPoint","urlTemplate":"https:\/\/positiveprints.com\/fr\/?s={search_term_string}"},"query-input":{"@type":"PropertyValueSpecification","valueRequired":true,"valueName":"search_term_string"}}],"inLanguage":"fr-FR"},{"@type":"Organization","@id":"https:\/\/positiveprints.com\/fr\/#organization","name":"Positive Prints","alternateName":"Positive Prints","url":"https:\/\/positiveprints.com\/fr\/","logo":{"@type":"ImageObject","inLanguage":"fr-FR","@id":"https:\/\/positiveprints.com\/fr\/#\/schema\/logo\/image\/","url":"https:\/\/positiveprints.com\/wp-content\/uploads\/2026\/03\/245815646_1337939713319158_5671353136411139666_n.png","contentUrl":"https:\/\/positiveprints.com\/wp-content\/uploads\/2026\/03\/245815646_1337939713319158_5671353136411139666_n.png","width":800,"height":800,"caption":"Positive Prints"},"image":{"@id":"https:\/\/positiveprints.com\/fr\/#\/schema\/logo\/image\/"},"sameAs":["https:\/\/www.facebook.com\/positiveprintscom","https:\/\/www.instagram.com\/positiveprintscom\/","https:\/\/www.tiktok.com\/@positiveprintscom","https:\/\/www.pinterest.com\/positiveprintscom\/"]}]}},"jetpack_sharing_enabled":true,"_links":{"self":[{"href":"https:\/\/positiveprints.com\/fr\/wp-json\/wp\/v2\/product\/609944","targetHints":{"allow":["GET"]}}],"collection":[{"href":"https:\/\/positiveprints.com\/fr\/wp-json\/wp\/v2\/product"}],"about":[{"href":"https:\/\/positiveprints.com\/fr\/wp-json\/wp\/v2\/types\/product"}],"wp:featuredmedia":[{"embeddable":true,"href":"https:\/\/positiveprints.com\/fr\/wp-json\/wp\/v2\/media\/1258059"}],"wp:attachment":[{"href":"https:\/\/positiveprints.com\/fr\/wp-json\/wp\/v2\/media?parent=609944"}],"wp:term":[{"taxonomy":"product_brand","embeddable":true,"href":"https:\/\/positiveprints.com\/fr\/wp-json\/wp\/v2\/product_brand?post=609944"},{"taxonomy":"product_cat","embeddable":true,"href":"https:\/\/positiveprints.com\/fr\/wp-json\/wp\/v2\/product_cat?post=609944"},{"taxonomy":"product_tag","embeddable":true,"href":"https:\/\/positiveprints.com\/fr\/wp-json\/wp\/v2\/product_tag?post=609944"}],"curies":[{"name":"wp","href":"https:\/\/api.w.org\/{rel}","templated":true}]}}