{"id":609699,"date":"2023-04-24T11:16:58","date_gmt":"2023-04-24T10:16:58","guid":{"rendered":"https:\/\/positiveprints.com\/?post_type=product&#038;p=609699"},"modified":"2026-04-28T14:21:23","modified_gmt":"2026-04-28T13:21:23","slug":"carte-des-etoiles-bonjour-veux-tu-je-le-veux","status":"publish","type":"product","link":"https:\/\/positiveprints.com\/fr\/produit\/carte-des-etoiles-bonjour-veux-tu-je-le-veux\/","title":{"rendered":"Carte des \u00c9toiles Bonjour Veux-Tu Je Le Veux"},"content":{"rendered":"<p style=\"margin-top: 1rem\">Vous cherchez \u00e0 capturer la magie de votre histoire d&#8217;amour en une seule impression ? Dites bonjour \u00e0 la Carte des \u00c9toiles Bonjour Veux-Tu Je Le Veux Ce cadeau d&#8217;anniversaire personnalis\u00e9 est parfait pour c\u00e9l\u00e9brer les jalons de votre relation, que ce soit le jour de votre mariage, la Saint-Valentin ou toute autre occasion sp\u00e9ciale.<\/p>\r\n\r\n\r\n<p style=\"margin-top: 1rem\">R\u00e9fl\u00e9chissez aux moments sp\u00e9ciaux de votre relation avec cet imprim\u00e9 unique qui pr\u00e9sente trois cartes des \u00e9toiles personnalis\u00e9es. La premi\u00e8re carte des \u00e9toiles repr\u00e9sente le moment exact o\u00f9 vous vous \u00eates rencontr\u00e9, tandis que la seconde montre le jour o\u00f9 vous vous \u00eates fianc\u00e9, avec les mots \u00ab Veux-Tu ? \u00bb \u00e9crits en dessous. Et enfin, la troisi\u00e8me carte des \u00e9toiles affiche la nuit de votre mariage, avec une l\u00e9gende disant \u00ab Je Le Veux ! \u00bb.<\/p>\r\n\r\n\r\n<p style=\"margin-top: 1rem\">Cr\u00e9er votre Carte des \u00c9toiles Bonjour Veux-Tu Je Le Veux est facile ! Rendez-vous simplement dans notre \u00e9diteur en ligne, choisissez votre design et vos couleurs pr\u00e9f\u00e9r\u00e9s et entrez les dates et les emplacements de chaque carte des \u00e9toiles. Vous pouvez choisir parmi des cartes en forme de cercle ou de c\u0153ur, et m\u00eame personnaliser les couleurs \u00e0 votre go\u00fbt. Avec chaque d\u00e9cision de conception que vous prenez, l&#8217;aper\u00e7u en ligne montre exactement \u00e0 quoi ressemblera votre \u0153uvre. Et une fois que vous avez termin\u00e9, choisissez le format et la taille qui vous conviennent le mieux &#8211; qu&#8217;il s&#8217;agisse d&#8217;une affiche imprim\u00e9e ou encadr\u00e9e, d&#8217;un canevas ou d&#8217;un fichier de t\u00e9l\u00e9chargement num\u00e9rique instantan\u00e9.<\/p>\r\n\r\n\r\n<p style=\"margin-top: 1rem\">Commandez votre Carte des \u00c9toiles Bonjour Veux-Tu Je Le Veux d\u00e8s aujourd&#8217;hui et surprenez votre bien-aim\u00e9(e) avec un cadeau sentimental qu&#8217;il ou elle ch\u00e9rira pour toujours.<\/p>","protected":false},"excerpt":{"rendered":"<ul class=\"check-list\">\n<li>Concevez votre propre carte des \u00e9toiles repr\u00e9sentant le ciel \u00e0 partir de 3 endroits et dates diff\u00e9rents<\/li>\n<li>Ajoutez des constellations et la Voie lact\u00e9e <\/li>\n<li>Personnalisez en 3 \u00e9tapes simples<\/li>\n<li>Incluez un texte personnalis\u00e9 significatif<\/li>\n<li>Vois le r\u00e9sultat imm\u00e9diatement \u2013 l\u2019aper\u00e7u interactif te permet de peaufiner chaque d\u00e9tail<\/li>\n<\/ul>\n","protected":false},"featured_media":1257520,"template":"","meta":[],"product_brand":[],"product_cat":[9096,104],"product_tag":[14849,15519],"class_list":{"0":"post-609699","1":"product","2":"type-product","3":"status-publish","4":"has-post-thumbnail","6":"product_cat-trio-stars-fr","7":"product_cat-tous-les-produits","8":"product_tag-anniversary-fr","9":"product_tag-notre-histoire-damour","11":"first","12":"instock","13":"sale","14":"taxable","15":"shipping-taxable","16":"purchasable","17":"product-type-variable"},"yoast_head":"<!-- This site is optimized with the Yoast SEO Premium plugin v27.2 (Yoast SEO v27.2) - https:\/\/yoast.com\/product\/yoast-seo-premium-wordpress\/ -->\n<title>Carte des \u00c9toiles Bonjour Veux-Tu Je Le Veux - Positive Prints<\/title>\n<meta name=\"description\" content=\"Commandez votre Carte des \u00c9toiles Bonjour Veux-Tu Je Le Veux d\u00e8s aujourd&#039;hui et surprenez votre bien-aim\u00e9(e) avec un cadeau sentimental qu&#039;il ou elle ch\u00e9rira pour toujours.\" \/>\n<meta name=\"robots\" content=\"index, follow, max-snippet:-1, max-image-preview:large, max-video-preview:-1\" \/>\n<link rel=\"canonical\" href=\"https:\/\/positiveprints.com\/fr\/produit\/carte-des-etoiles-bonjour-veux-tu-je-le-veux\/\" \/>\n<meta property=\"og:locale\" content=\"fr_FR\" \/>\n<meta property=\"og:type\" content=\"article\" \/>\n<meta property=\"og:title\" content=\"Carte des \u00c9toiles Bonjour Veux-Tu Je Le Veux\" \/>\n<meta property=\"og:description\" content=\"Concevez votre propre carte des \u00e9toiles repr\u00e9sentant le ciel \u00e0 partir de 3 endroits et dates diff\u00e9rents Ajoutez des constellations et la Voie lact\u00e9e  Personnalisez en 3 \u00e9tapes simples Incluez un texte personnalis\u00e9 significatif Vois le r\u00e9sultat imm\u00e9diatement \u2013 l\u2019aper\u00e7u interactif te permet de peaufiner chaque d\u00e9tail\" \/>\n<meta property=\"og:url\" content=\"https:\/\/positiveprints.com\/fr\/produit\/carte-des-etoiles-bonjour-veux-tu-je-le-veux\/\" \/>\n<meta property=\"og:site_name\" content=\"Positive Prints\" \/>\n<meta property=\"article:publisher\" content=\"https:\/\/www.facebook.com\/positiveprintscom\" \/>\n<meta property=\"article:modified_time\" content=\"2026-04-28T13:21:23+00:00\" \/>\n<meta property=\"og:image\" content=\"https:\/\/positiveprints.com\/wp-content\/uploads\/2024\/11\/Packshot_FR_Hello-Will-You-I-Do-Star-Map-product-image-.webp\" \/>\n\t<meta property=\"og:image:width\" content=\"1450\" \/>\n\t<meta property=\"og:image:height\" content=\"1450\" \/>\n\t<meta property=\"og:image:type\" content=\"image\/webp\" \/>\n<meta name=\"twitter:card\" content=\"summary_large_image\" \/>\n<!-- \/ Yoast SEO Premium plugin. -->","yoast_head_json":{"title":"Carte des \u00c9toiles Bonjour Veux-Tu Je Le Veux - Positive Prints","description":"Commandez votre Carte des \u00c9toiles Bonjour Veux-Tu Je Le Veux d\u00e8s aujourd'hui et surprenez votre bien-aim\u00e9(e) avec un cadeau sentimental qu'il ou elle ch\u00e9rira pour toujours.","robots":{"index":"index","follow":"follow","max-snippet":"max-snippet:-1","max-image-preview":"max-image-preview:large","max-video-preview":"max-video-preview:-1"},"canonical":"https:\/\/positiveprints.com\/fr\/produit\/carte-des-etoiles-bonjour-veux-tu-je-le-veux\/","og_locale":"fr_FR","og_type":"article","og_title":"Carte des \u00c9toiles Bonjour Veux-Tu Je Le Veux","og_description":"Concevez votre propre carte des \u00e9toiles repr\u00e9sentant le ciel \u00e0 partir de 3 endroits et dates diff\u00e9rents Ajoutez des constellations et la Voie lact\u00e9e  Personnalisez en 3 \u00e9tapes simples Incluez un texte personnalis\u00e9 significatif Vois le r\u00e9sultat imm\u00e9diatement \u2013 l\u2019aper\u00e7u interactif te permet de peaufiner chaque d\u00e9tail","og_url":"https:\/\/positiveprints.com\/fr\/produit\/carte-des-etoiles-bonjour-veux-tu-je-le-veux\/","og_site_name":"Positive Prints","article_publisher":"https:\/\/www.facebook.com\/positiveprintscom","article_modified_time":"2026-04-28T13:21:23+00:00","og_image":[{"width":1450,"height":1450,"url":"https:\/\/positiveprints.com\/wp-content\/uploads\/2024\/11\/Packshot_FR_Hello-Will-You-I-Do-Star-Map-product-image-.webp","type":"image\/webp"}],"twitter_card":"summary_large_image","schema":{"@context":"https:\/\/schema.org","@graph":[{"@type":["WebPage","ItemPage"],"@id":"https:\/\/positiveprints.com\/fr\/produit\/carte-des-etoiles-bonjour-veux-tu-je-le-veux\/","url":"https:\/\/positiveprints.com\/fr\/produit\/carte-des-etoiles-bonjour-veux-tu-je-le-veux\/","name":"Carte des \u00c9toiles Bonjour Veux-Tu Je Le Veux - Positive Prints","isPartOf":{"@id":"https:\/\/positiveprints.com\/fr\/#website"},"primaryImageOfPage":{"@id":"https:\/\/positiveprints.com\/fr\/produit\/carte-des-etoiles-bonjour-veux-tu-je-le-veux\/#primaryimage"},"image":{"@id":"https:\/\/positiveprints.com\/fr\/produit\/carte-des-etoiles-bonjour-veux-tu-je-le-veux\/#primaryimage"},"thumbnailUrl":"https:\/\/positiveprints.com\/wp-content\/uploads\/2024\/11\/Packshot_FR_Hello-Will-You-I-Do-Star-Map-product-image-.webp","datePublished":"2023-04-24T10:16:58+00:00","dateModified":"2026-04-28T13:21:23+00:00","description":"Commandez votre Carte des \u00c9toiles Bonjour Veux-Tu Je Le Veux d\u00e8s aujourd'hui et surprenez votre bien-aim\u00e9(e) avec un cadeau sentimental qu'il ou elle ch\u00e9rira pour toujours.","breadcrumb":{"@id":"https:\/\/positiveprints.com\/fr\/produit\/carte-des-etoiles-bonjour-veux-tu-je-le-veux\/#breadcrumb"},"inLanguage":"fr-FR","potentialAction":[{"@type":"ReadAction","target":["https:\/\/positiveprints.com\/fr\/produit\/carte-des-etoiles-bonjour-veux-tu-je-le-veux\/"]}]},{"@type":"ImageObject","inLanguage":"fr-FR","@id":"https:\/\/positiveprints.com\/fr\/produit\/carte-des-etoiles-bonjour-veux-tu-je-le-veux\/#primaryimage","url":"https:\/\/positiveprints.com\/wp-content\/uploads\/2024\/11\/Packshot_FR_Hello-Will-You-I-Do-Star-Map-product-image-.webp","contentUrl":"https:\/\/positiveprints.com\/wp-content\/uploads\/2024\/11\/Packshot_FR_Hello-Will-You-I-Do-Star-Map-product-image-.webp","width":1450,"height":1450},{"@type":"BreadcrumbList","@id":"https:\/\/positiveprints.com\/fr\/produit\/carte-des-etoiles-bonjour-veux-tu-je-le-veux\/#breadcrumb","itemListElement":[{"@type":"ListItem","position":1,"name":"Home","item":"https:\/\/positiveprints.com\/fr\/"},{"@type":"ListItem","position":2,"name":"Produits","item":"https:\/\/positiveprints.com\/fr\/shop\/"},{"@type":"ListItem","position":3,"name":"Carte des \u00c9toiles Bonjour Veux-Tu Je Le Veux"}]},{"@type":"WebSite","@id":"https:\/\/positiveprints.com\/fr\/#website","url":"https:\/\/positiveprints.com\/fr\/","name":"Positive Prints","description":"Amazing Custom Personalized Gifts","publisher":{"@id":"https:\/\/positiveprints.com\/fr\/#organization"},"potentialAction":[{"@type":"SearchAction","target":{"@type":"EntryPoint","urlTemplate":"https:\/\/positiveprints.com\/fr\/?s={search_term_string}"},"query-input":{"@type":"PropertyValueSpecification","valueRequired":true,"valueName":"search_term_string"}}],"inLanguage":"fr-FR"},{"@type":"Organization","@id":"https:\/\/positiveprints.com\/fr\/#organization","name":"Positive Prints","alternateName":"Positive Prints","url":"https:\/\/positiveprints.com\/fr\/","logo":{"@type":"ImageObject","inLanguage":"fr-FR","@id":"https:\/\/positiveprints.com\/fr\/#\/schema\/logo\/image\/","url":"https:\/\/positiveprints.com\/wp-content\/uploads\/2026\/03\/245815646_1337939713319158_5671353136411139666_n.png","contentUrl":"https:\/\/positiveprints.com\/wp-content\/uploads\/2026\/03\/245815646_1337939713319158_5671353136411139666_n.png","width":800,"height":800,"caption":"Positive Prints"},"image":{"@id":"https:\/\/positiveprints.com\/fr\/#\/schema\/logo\/image\/"},"sameAs":["https:\/\/www.facebook.com\/positiveprintscom","https:\/\/www.instagram.com\/positiveprintscom\/","https:\/\/www.tiktok.com\/@positiveprintscom","https:\/\/www.pinterest.com\/positiveprintscom\/"]}]}},"jetpack_sharing_enabled":true,"_links":{"self":[{"href":"https:\/\/positiveprints.com\/fr\/wp-json\/wp\/v2\/product\/609699","targetHints":{"allow":["GET"]}}],"collection":[{"href":"https:\/\/positiveprints.com\/fr\/wp-json\/wp\/v2\/product"}],"about":[{"href":"https:\/\/positiveprints.com\/fr\/wp-json\/wp\/v2\/types\/product"}],"wp:featuredmedia":[{"embeddable":true,"href":"https:\/\/positiveprints.com\/fr\/wp-json\/wp\/v2\/media\/1257520"}],"wp:attachment":[{"href":"https:\/\/positiveprints.com\/fr\/wp-json\/wp\/v2\/media?parent=609699"}],"wp:term":[{"taxonomy":"product_brand","embeddable":true,"href":"https:\/\/positiveprints.com\/fr\/wp-json\/wp\/v2\/product_brand?post=609699"},{"taxonomy":"product_cat","embeddable":true,"href":"https:\/\/positiveprints.com\/fr\/wp-json\/wp\/v2\/product_cat?post=609699"},{"taxonomy":"product_tag","embeddable":true,"href":"https:\/\/positiveprints.com\/fr\/wp-json\/wp\/v2\/product_tag?post=609699"}],"curies":[{"name":"wp","href":"https:\/\/api.w.org\/{rel}","templated":true}]}}