{"id":609656,"date":"2023-04-21T11:01:25","date_gmt":"2023-04-21T10:01:25","guid":{"rendered":"https:\/\/positiveprints.com\/?post_type=product&#038;p=609656"},"modified":"2026-04-28T14:21:29","modified_gmt":"2026-04-28T13:21:29","slug":"carte-des-etoiles-triple-familiale","status":"publish","type":"product","link":"https:\/\/positiveprints.com\/fr\/produit\/carte-des-etoiles-triple-familiale\/","title":{"rendered":"Carte des \u00c9toiles Triple Familiale"},"content":{"rendered":"<p style=\"margin-top: 1rem\">Recherchez-vous un cadeau de famille unique, significatif et personnalis\u00e9 ? Ne cherchez pas plus loin que la Carte des \u00c9toiles Triple Familiale. Que ce soit pour une occasion sp\u00e9ciale ou simplement parce que, cette impression personnalis\u00e9e capture les \u00e9toiles trois fois dans l&#8217;histoire de votre famille.<\/p>\r\n\r\n\r\n<p style=\"margin-top: 1rem\">Imaginez les \u00e9motions que vous ressentirez lorsque vous verrez \u00e0 quoi ressemblaient les \u00e9toiles le jour de la naissance de vos enfants ou le jour de votre mariage. Ce n&#8217;est pas n&#8217;importe quel cadeau, c&#8217;est un souvenir ch\u00e9ri qui durera toute une vie. Et le meilleur dans tout \u00e7a ? Les possibilit\u00e9s sont infinies ! Que vous c\u00e9l\u00e9briez un nouvel ajout \u00e0 la famille ou que vous cherchiez simplement \u00e0 pr\u00e9server ces pr\u00e9cieux souvenirs, c&#8217;est le cadeau parfait pour vous.<\/p>\r\n\r\n\r\n<p style=\"margin-top: 1rem\">Cr\u00e9er votre Carte des \u00c9toiles Familiale est facile ! Avec notre \u00e9diteur en ligne, choisissez simplement votre design et vos couleurs pr\u00e9f\u00e9r\u00e9s. Ensuite, entrez les dates et les lieux pour lesquels vous souhaitez voir les cartes des \u00e9toiles. \u00c0 chaque \u00e9tape, vous pourrez pr\u00e9visualiser votre \u0153uvre personnalis\u00e9e. Choisissez parmi une vari\u00e9t\u00e9 de formats et de tailles pour vous assurer d&#8217;obtenir exactement ce que vous voulez.<\/p>\r\n\r\n\r\n<p style=\"margin-top: 1rem\">N&#8217;attendez plus pour capturer ces moments sp\u00e9ciaux ! Commandez votre Carte des \u00c9toiles Triple Familiale d\u00e8s aujourd&#8217;hui et commencez \u00e0 cr\u00e9er un cadeau que votre famille n&#8217;oubliera jamais.<\/p>","protected":false},"excerpt":{"rendered":"<ul class=\"check-list\">\n<li>Concevez votre propre carte des \u00e9toiles repr\u00e9sentant le ciel \u00e0 partir de 3 endroits et dates diff\u00e9rents<\/li>\n<li>Ajoutez des constellations et la Voie lact\u00e9e <\/li>\n<li>Personnalisez en 3 \u00e9tapes simples<\/li>\n<li>Incluez un texte personnalis\u00e9 significatif<\/li>\n<li>Vois le r\u00e9sultat imm\u00e9diatement \u2013 l\u2019aper\u00e7u interactif te permet de peaufiner chaque d\u00e9tail<\/li>\n<\/ul>\n","protected":false},"featured_media":1256444,"template":"","meta":[],"product_brand":[],"product_cat":[8217,9760,9096,104,5249,3127,11211,11212,5264,15055,11401,11389,11400,8006,7621,7653,7685,7765,7734,7845,7813],"product_tag":[13426,17183,12578,17273,12593,13455,13465,8533,12577,12592],"class_list":{"0":"post-609656","1":"product","2":"type-product","3":"status-publish","4":"has-post-thumbnail","6":"product_cat-pour-lui","7":"product_cat-trending-label-fr","8":"product_cat-trio-stars-fr","9":"product_cat-tous-les-produits","10":"product_cat-cadeaux-de-naissance-bebe","11":"product_cat-cadeaux-danniversaire","12":"product_cat-cadeau-anniversaire-femme","13":"product_cat-cadeau-anniversaire-homme","14":"product_cat-cadeaux-de-noel","15":"product_cat-cadeaux-de-noel-pour-la-famille","16":"product_cat-cadeaux-de-noel-pour-la-soeur","17":"product_cat-cadeaux-de-noel-pour-le-frere","18":"product_cat-cadeaux-de-noel-pour-les-parents","19":"product_cat-cadeaux-pour-hommes","20":"product_cat-cadeaux-pour-frere","21":"product_cat-cadeaux-pour-fils","22":"product_cat-cadeaux-pour-femmes","23":"product_cat-cadeaux-pour-fille","24":"product_cat-cadeaux-pour-soeur","25":"product_cat-cadeaux-pour-la-famille","26":"product_cat-cadeaux-pour-nouveaux-parents","27":"product_tag-cadeau-de-noel-pour-soeur","28":"product_tag-cadeau-pour-frere-fr","29":"product_tag-cadeau-pour-frere","30":"product_tag-cadeau-pour-soeur","31":"product_tag-cadeau-soeur","32":"product_tag-cadeaux-de-noel-pour-frere","33":"product_tag-cadeaux-de-noel-pour-la-famille","34":"product_tag-family-fr","35":"product_tag-frere","36":"product_tag-soeur","38":"first","39":"instock","40":"sale","41":"taxable","42":"shipping-taxable","43":"purchasable","44":"product-type-variable"},"yoast_head":"<!-- This site is optimized with the Yoast SEO Premium plugin v27.2 (Yoast SEO v27.2) - https:\/\/yoast.com\/product\/yoast-seo-premium-wordpress\/ -->\n<title>Carte des \u00c9toiles Triple Familiale - Positive Prints<\/title>\n<meta name=\"description\" content=\"N&#039;h\u00e9sitez plus. Commandez votre Carte des \u00c9toiles Triple Familiale d\u00e8s aujourd&#039;hui et commencez \u00e0 cr\u00e9er un cadeau que votre famille n&#039;oubliera jamais.\" \/>\n<meta name=\"robots\" content=\"index, follow, max-snippet:-1, max-image-preview:large, max-video-preview:-1\" \/>\n<link rel=\"canonical\" href=\"https:\/\/positiveprints.com\/fr\/produit\/carte-des-etoiles-triple-familiale\/\" \/>\n<meta property=\"og:locale\" content=\"fr_FR\" \/>\n<meta property=\"og:type\" content=\"article\" \/>\n<meta property=\"og:title\" content=\"Carte des \u00c9toiles Triple Familiale\" \/>\n<meta property=\"og:description\" content=\"Concevez votre propre carte des \u00e9toiles repr\u00e9sentant le ciel \u00e0 partir de 3 endroits et dates diff\u00e9rents Ajoutez des constellations et la Voie lact\u00e9e  Personnalisez en 3 \u00e9tapes simples Incluez un texte personnalis\u00e9 significatif Vois le r\u00e9sultat imm\u00e9diatement \u2013 l\u2019aper\u00e7u interactif te permet de peaufiner chaque d\u00e9tail\" \/>\n<meta property=\"og:url\" content=\"https:\/\/positiveprints.com\/fr\/produit\/carte-des-etoiles-triple-familiale\/\" \/>\n<meta property=\"og:site_name\" content=\"Positive Prints\" \/>\n<meta property=\"article:publisher\" content=\"https:\/\/www.facebook.com\/positiveprintscom\" \/>\n<meta property=\"article:modified_time\" content=\"2026-04-28T13:21:29+00:00\" \/>\n<meta property=\"og:image\" content=\"https:\/\/positiveprints.com\/wp-content\/uploads\/2024\/11\/Packshot_FR_Family-Triple-Star-Map-product-image-.webp\" \/>\n\t<meta property=\"og:image:width\" content=\"1450\" \/>\n\t<meta property=\"og:image:height\" content=\"1450\" \/>\n\t<meta property=\"og:image:type\" content=\"image\/webp\" \/>\n<meta name=\"twitter:card\" content=\"summary_large_image\" \/>\n<!-- \/ Yoast SEO Premium plugin. -->","yoast_head_json":{"title":"Carte des \u00c9toiles Triple Familiale - Positive Prints","description":"N'h\u00e9sitez plus. Commandez votre Carte des \u00c9toiles Triple Familiale d\u00e8s aujourd'hui et commencez \u00e0 cr\u00e9er un cadeau que votre famille n'oubliera jamais.","robots":{"index":"index","follow":"follow","max-snippet":"max-snippet:-1","max-image-preview":"max-image-preview:large","max-video-preview":"max-video-preview:-1"},"canonical":"https:\/\/positiveprints.com\/fr\/produit\/carte-des-etoiles-triple-familiale\/","og_locale":"fr_FR","og_type":"article","og_title":"Carte des \u00c9toiles Triple Familiale","og_description":"Concevez votre propre carte des \u00e9toiles repr\u00e9sentant le ciel \u00e0 partir de 3 endroits et dates diff\u00e9rents Ajoutez des constellations et la Voie lact\u00e9e  Personnalisez en 3 \u00e9tapes simples Incluez un texte personnalis\u00e9 significatif Vois le r\u00e9sultat imm\u00e9diatement \u2013 l\u2019aper\u00e7u interactif te permet de peaufiner chaque d\u00e9tail","og_url":"https:\/\/positiveprints.com\/fr\/produit\/carte-des-etoiles-triple-familiale\/","og_site_name":"Positive Prints","article_publisher":"https:\/\/www.facebook.com\/positiveprintscom","article_modified_time":"2026-04-28T13:21:29+00:00","og_image":[{"width":1450,"height":1450,"url":"https:\/\/positiveprints.com\/wp-content\/uploads\/2024\/11\/Packshot_FR_Family-Triple-Star-Map-product-image-.webp","type":"image\/webp"}],"twitter_card":"summary_large_image","schema":{"@context":"https:\/\/schema.org","@graph":[{"@type":["WebPage","ItemPage"],"@id":"https:\/\/positiveprints.com\/fr\/produit\/carte-des-etoiles-triple-familiale\/","url":"https:\/\/positiveprints.com\/fr\/produit\/carte-des-etoiles-triple-familiale\/","name":"Carte des \u00c9toiles Triple Familiale - Positive Prints","isPartOf":{"@id":"https:\/\/positiveprints.com\/fr\/#website"},"primaryImageOfPage":{"@id":"https:\/\/positiveprints.com\/fr\/produit\/carte-des-etoiles-triple-familiale\/#primaryimage"},"image":{"@id":"https:\/\/positiveprints.com\/fr\/produit\/carte-des-etoiles-triple-familiale\/#primaryimage"},"thumbnailUrl":"https:\/\/positiveprints.com\/wp-content\/uploads\/2024\/11\/Packshot_FR_Family-Triple-Star-Map-product-image-.webp","datePublished":"2023-04-21T10:01:25+00:00","dateModified":"2026-04-28T13:21:29+00:00","description":"N'h\u00e9sitez plus. Commandez votre Carte des \u00c9toiles Triple Familiale d\u00e8s aujourd'hui et commencez \u00e0 cr\u00e9er un cadeau que votre famille n'oubliera jamais.","breadcrumb":{"@id":"https:\/\/positiveprints.com\/fr\/produit\/carte-des-etoiles-triple-familiale\/#breadcrumb"},"inLanguage":"fr-FR","potentialAction":[{"@type":"ReadAction","target":["https:\/\/positiveprints.com\/fr\/produit\/carte-des-etoiles-triple-familiale\/"]}]},{"@type":"ImageObject","inLanguage":"fr-FR","@id":"https:\/\/positiveprints.com\/fr\/produit\/carte-des-etoiles-triple-familiale\/#primaryimage","url":"https:\/\/positiveprints.com\/wp-content\/uploads\/2024\/11\/Packshot_FR_Family-Triple-Star-Map-product-image-.webp","contentUrl":"https:\/\/positiveprints.com\/wp-content\/uploads\/2024\/11\/Packshot_FR_Family-Triple-Star-Map-product-image-.webp","width":1450,"height":1450},{"@type":"BreadcrumbList","@id":"https:\/\/positiveprints.com\/fr\/produit\/carte-des-etoiles-triple-familiale\/#breadcrumb","itemListElement":[{"@type":"ListItem","position":1,"name":"Home","item":"https:\/\/positiveprints.com\/fr\/"},{"@type":"ListItem","position":2,"name":"Produits","item":"https:\/\/positiveprints.com\/fr\/shop\/"},{"@type":"ListItem","position":3,"name":"Carte des \u00c9toiles Triple Familiale"}]},{"@type":"WebSite","@id":"https:\/\/positiveprints.com\/fr\/#website","url":"https:\/\/positiveprints.com\/fr\/","name":"Positive Prints","description":"Amazing Custom Personalized Gifts","publisher":{"@id":"https:\/\/positiveprints.com\/fr\/#organization"},"potentialAction":[{"@type":"SearchAction","target":{"@type":"EntryPoint","urlTemplate":"https:\/\/positiveprints.com\/fr\/?s={search_term_string}"},"query-input":{"@type":"PropertyValueSpecification","valueRequired":true,"valueName":"search_term_string"}}],"inLanguage":"fr-FR"},{"@type":"Organization","@id":"https:\/\/positiveprints.com\/fr\/#organization","name":"Positive Prints","alternateName":"Positive Prints","url":"https:\/\/positiveprints.com\/fr\/","logo":{"@type":"ImageObject","inLanguage":"fr-FR","@id":"https:\/\/positiveprints.com\/fr\/#\/schema\/logo\/image\/","url":"https:\/\/positiveprints.com\/wp-content\/uploads\/2026\/03\/245815646_1337939713319158_5671353136411139666_n.png","contentUrl":"https:\/\/positiveprints.com\/wp-content\/uploads\/2026\/03\/245815646_1337939713319158_5671353136411139666_n.png","width":800,"height":800,"caption":"Positive Prints"},"image":{"@id":"https:\/\/positiveprints.com\/fr\/#\/schema\/logo\/image\/"},"sameAs":["https:\/\/www.facebook.com\/positiveprintscom","https:\/\/www.instagram.com\/positiveprintscom\/","https:\/\/www.tiktok.com\/@positiveprintscom","https:\/\/www.pinterest.com\/positiveprintscom\/"]}]}},"jetpack_sharing_enabled":true,"_links":{"self":[{"href":"https:\/\/positiveprints.com\/fr\/wp-json\/wp\/v2\/product\/609656","targetHints":{"allow":["GET"]}}],"collection":[{"href":"https:\/\/positiveprints.com\/fr\/wp-json\/wp\/v2\/product"}],"about":[{"href":"https:\/\/positiveprints.com\/fr\/wp-json\/wp\/v2\/types\/product"}],"wp:featuredmedia":[{"embeddable":true,"href":"https:\/\/positiveprints.com\/fr\/wp-json\/wp\/v2\/media\/1256444"}],"wp:attachment":[{"href":"https:\/\/positiveprints.com\/fr\/wp-json\/wp\/v2\/media?parent=609656"}],"wp:term":[{"taxonomy":"product_brand","embeddable":true,"href":"https:\/\/positiveprints.com\/fr\/wp-json\/wp\/v2\/product_brand?post=609656"},{"taxonomy":"product_cat","embeddable":true,"href":"https:\/\/positiveprints.com\/fr\/wp-json\/wp\/v2\/product_cat?post=609656"},{"taxonomy":"product_tag","embeddable":true,"href":"https:\/\/positiveprints.com\/fr\/wp-json\/wp\/v2\/product_tag?post=609656"}],"curies":[{"name":"wp","href":"https:\/\/api.w.org\/{rel}","templated":true}]}}