{"id":609637,"date":"2023-04-20T10:10:24","date_gmt":"2023-04-20T09:10:24","guid":{"rendered":"https:\/\/positiveprints.com\/?post_type=product&#038;p=609637"},"modified":"2026-04-12T22:25:54","modified_gmt":"2026-04-12T21:25:54","slug":"carte-double-des-etoiles-pour-frere-et-soeur","status":"publish","type":"product","link":"https:\/\/positiveprints.com\/fr\/produit\/carte-double-des-etoiles-pour-frere-et-soeur\/","title":{"rendered":"Carte Double des \u00c9toiles pour Fr\u00e8re et S\u0153ur"},"content":{"rendered":"<p style=\"margin-top: 1rem\">Recherchez-vous un cadeau personnalis\u00e9 aussi unique que le lien que vous partagez avec votre fr\u00e8re ou votre s\u0153ur ? Ne cherchez pas plus loin que la Carte Double des \u00c9toiles pour Fr\u00e8re et S\u0153ur ! Cette superbe impression pr\u00e9sente deux cartes des \u00e9toiles personnalis\u00e9es c\u00f4te \u00e0 c\u00f4te, chacune capturant le moment et l&#8217;emplacement exacts du ciel \u00e9toil\u00e9. Avec des options de personnalisation infinies, vous pouvez cr\u00e9er une carte des \u00e9toiles sp\u00e9ciale pour vous-m\u00eame et une pour votre fr\u00e8re ou votre s\u0153ur, comm\u00e9morant tous les moments sp\u00e9ciaux que vous avez partag\u00e9s &#8211; des anniversaires et des vacances aux aventures inoubliables et aux succ\u00e8s partag\u00e9s. Avec notre \u00e9diteur en ligne facile \u00e0 utiliser, la cr\u00e9ation d&#8217;une carte double des \u00e9toiles personnalis\u00e9e est plus rapide et plus simple que jamais, alors pourquoi attendre pour surprendre votre fr\u00e8re ou votre s\u0153ur avec un cadeau qui brille vraiment ?<\/p>\r\n\r\n\r\n<p style=\"margin-top: 1rem\">Cr\u00e9er votre Carte Double des \u00c9toiles pour Fr\u00e8re et S\u0153ur est facile. Il suffit de visiter notre \u00e9diteur en ligne et de choisir le style, le design et les couleurs qui conviennent le mieux aux go\u00fbts de votre fr\u00e8re ou votre s\u0153ur. Entrez les dates et les localisations que vous souhaitez comm\u00e9morer, et notre \u00e9diteur vous montrera exactement \u00e0 quoi ressembleront les cartes des \u00e9toiles ces jours-l\u00e0. Vous pouvez pr\u00e9visualiser votre cr\u00e9ation et apporter les modifications n\u00e9cessaires avant de choisir parmi une vari\u00e9t\u00e9 de formats et de tailles, y compris des affiches imprim\u00e9es ou encadr\u00e9es, des canevas ou des t\u00e9l\u00e9chargements num\u00e9riques instantan\u00e9s.<\/p>\r\n\r\n\r\n<p style=\"margin-top: 1rem\">Que ce soit pour leur anniversaire, No\u00ebl, ou tout simplement parce que, la carte double \u00e9toile des fr\u00e8res et s\u0153urs est le moyen id\u00e9al pour montrer \u00e0 votre fr\u00e8re ou \u00e0 votre s\u0153ur \u00e0 quel point vous tenez \u00e0 eux. Ch\u00e9rissez vos moments sp\u00e9ciaux avec ce cadeau unique qui ne manquera pas de ravir et d&#8217;\u00e9tonner. Commandez le v\u00f4tre aujourd&#8217;hui et faites en sorte que vos fr\u00e8res et s\u0153urs se sentent aim\u00e9s et appr\u00e9ci\u00e9s comme jamais auparavant.<\/p>","protected":false},"excerpt":{"rendered":"<ul class=\"check-list\">\n<li>Concevez votre propre carte des \u00e9toiles repr\u00e9sentant le ciel \u00e0 partir de deux lieux et dates diff\u00e9rents<\/li>\n<li>Ajoutez des constellations et la Voie lact\u00e9e <\/li>\n<li>Personnalisez en 3 \u00e9tapes simples<\/li>\n<li>Incluez un texte personnalis\u00e9 significatif<\/li>\n<li>Vois le r\u00e9sultat imm\u00e9diatement \u2013 l\u2019aper\u00e7u interactif te permet de peaufiner chaque d\u00e9tail<\/li>\n<\/ul>\n","protected":false},"featured_media":1490295,"template":"","meta":[],"product_brand":[],"product_cat":[8822,104,5264,11401,11389,7621,7734],"product_tag":[13426,17183,12578,17273,12593,13455,8533,12577,12592],"class_list":{"0":"post-609637","1":"product","2":"type-product","3":"status-publish","4":"has-post-thumbnail","6":"product_cat-duo-stars-fr","7":"product_cat-tous-les-produits","8":"product_cat-cadeaux-de-noel","9":"product_cat-cadeaux-de-noel-pour-la-soeur","10":"product_cat-cadeaux-de-noel-pour-le-frere","11":"product_cat-cadeaux-pour-frere","12":"product_cat-cadeaux-pour-soeur","13":"product_tag-cadeau-de-noel-pour-soeur","14":"product_tag-cadeau-pour-frere-fr","15":"product_tag-cadeau-pour-frere","16":"product_tag-cadeau-pour-soeur","17":"product_tag-cadeau-soeur","18":"product_tag-cadeaux-de-noel-pour-frere","19":"product_tag-family-fr","20":"product_tag-frere","21":"product_tag-soeur","23":"first","24":"instock","25":"sale","26":"taxable","27":"shipping-taxable","28":"purchasable","29":"product-type-variable"},"yoast_head":"<!-- This site is optimized with the Yoast SEO Premium plugin v27.2 (Yoast SEO v27.2) - https:\/\/yoast.com\/product\/yoast-seo-premium-wordpress\/ -->\n<title>Carte Double des \u00c9toiles pour Fr\u00e8re et S\u0153ur - Positive Prints<\/title>\n<meta name=\"description\" content=\"Recherchez-vous un cadeau personnalis\u00e9 aussi unique que le lien que vous partagez avec votre fr\u00e8re ou votre s\u0153ur ? Ne cherchez pas plus loin que la Carte Double des \u00c9toiles pour Fr\u00e8re et S\u0153ur !\" \/>\n<meta name=\"robots\" content=\"index, follow, max-snippet:-1, max-image-preview:large, max-video-preview:-1\" \/>\n<link rel=\"canonical\" href=\"https:\/\/positiveprints.com\/fr\/produit\/carte-double-des-etoiles-pour-frere-et-soeur\/\" \/>\n<meta property=\"og:locale\" content=\"fr_FR\" \/>\n<meta property=\"og:type\" content=\"article\" \/>\n<meta property=\"og:title\" content=\"Carte Double des \u00c9toiles pour Fr\u00e8re et S\u0153ur\" \/>\n<meta property=\"og:description\" content=\"Concevez votre propre carte des \u00e9toiles repr\u00e9sentant le ciel \u00e0 partir de deux lieux et dates diff\u00e9rents Ajoutez des constellations et la Voie lact\u00e9e  Personnalisez en 3 \u00e9tapes simples Incluez un texte personnalis\u00e9 significatif Vois le r\u00e9sultat imm\u00e9diatement \u2013 l\u2019aper\u00e7u interactif te permet de peaufiner chaque d\u00e9tail\" \/>\n<meta property=\"og:url\" content=\"https:\/\/positiveprints.com\/fr\/produit\/carte-double-des-etoiles-pour-frere-et-soeur\/\" \/>\n<meta property=\"og:site_name\" content=\"Positive Prints\" \/>\n<meta property=\"article:publisher\" content=\"https:\/\/www.facebook.com\/positiveprintscom\" \/>\n<meta property=\"article:modified_time\" content=\"2026-04-12T21:25:54+00:00\" \/>\n<meta property=\"og:image\" content=\"https:\/\/positiveprints.com\/wp-content\/uploads\/2024\/11\/Packshot_FR_Siblings-Double-Star-Map-product-image-.webp\" \/>\n\t<meta property=\"og:image:width\" content=\"1450\" \/>\n\t<meta property=\"og:image:height\" content=\"1450\" \/>\n\t<meta property=\"og:image:type\" content=\"image\/webp\" \/>\n<meta name=\"twitter:card\" content=\"summary_large_image\" \/>\n<meta name=\"twitter:label1\" content=\"Dur\u00e9e de lecture estim\u00e9e\" \/>\n\t<meta name=\"twitter:data1\" content=\"2 minutes\" \/>\n<!-- \/ Yoast SEO Premium plugin. -->","yoast_head_json":{"title":"Carte Double des \u00c9toiles pour Fr\u00e8re et S\u0153ur - Positive Prints","description":"Recherchez-vous un cadeau personnalis\u00e9 aussi unique que le lien que vous partagez avec votre fr\u00e8re ou votre s\u0153ur ? Ne cherchez pas plus loin que la Carte Double des \u00c9toiles pour Fr\u00e8re et S\u0153ur !","robots":{"index":"index","follow":"follow","max-snippet":"max-snippet:-1","max-image-preview":"max-image-preview:large","max-video-preview":"max-video-preview:-1"},"canonical":"https:\/\/positiveprints.com\/fr\/produit\/carte-double-des-etoiles-pour-frere-et-soeur\/","og_locale":"fr_FR","og_type":"article","og_title":"Carte Double des \u00c9toiles pour Fr\u00e8re et S\u0153ur","og_description":"Concevez votre propre carte des \u00e9toiles repr\u00e9sentant le ciel \u00e0 partir de deux lieux et dates diff\u00e9rents Ajoutez des constellations et la Voie lact\u00e9e  Personnalisez en 3 \u00e9tapes simples Incluez un texte personnalis\u00e9 significatif Vois le r\u00e9sultat imm\u00e9diatement \u2013 l\u2019aper\u00e7u interactif te permet de peaufiner chaque d\u00e9tail","og_url":"https:\/\/positiveprints.com\/fr\/produit\/carte-double-des-etoiles-pour-frere-et-soeur\/","og_site_name":"Positive Prints","article_publisher":"https:\/\/www.facebook.com\/positiveprintscom","article_modified_time":"2026-04-12T21:25:54+00:00","og_image":[{"width":1450,"height":1450,"url":"https:\/\/positiveprints.com\/wp-content\/uploads\/2024\/11\/Packshot_FR_Siblings-Double-Star-Map-product-image-.webp","type":"image\/webp"}],"twitter_card":"summary_large_image","twitter_misc":{"Dur\u00e9e de lecture estim\u00e9e":"2 minutes"},"schema":{"@context":"https:\/\/schema.org","@graph":[{"@type":["WebPage","ItemPage"],"@id":"https:\/\/positiveprints.com\/fr\/produit\/carte-double-des-etoiles-pour-frere-et-soeur\/","url":"https:\/\/positiveprints.com\/fr\/produit\/carte-double-des-etoiles-pour-frere-et-soeur\/","name":"Carte Double des \u00c9toiles pour Fr\u00e8re et S\u0153ur - Positive Prints","isPartOf":{"@id":"https:\/\/positiveprints.com\/fr\/#website"},"primaryImageOfPage":{"@id":"https:\/\/positiveprints.com\/fr\/produit\/carte-double-des-etoiles-pour-frere-et-soeur\/#primaryimage"},"image":{"@id":"https:\/\/positiveprints.com\/fr\/produit\/carte-double-des-etoiles-pour-frere-et-soeur\/#primaryimage"},"thumbnailUrl":"https:\/\/positiveprints.com\/wp-content\/uploads\/2025\/08\/Packshot_FR_Carte-Double-des-E\u0301toiles-pour-Fre\u0300re-et-Soeur.webp","datePublished":"2023-04-20T09:10:24+00:00","dateModified":"2026-04-12T21:25:54+00:00","description":"Recherchez-vous un cadeau personnalis\u00e9 aussi unique que le lien que vous partagez avec votre fr\u00e8re ou votre s\u0153ur ? Ne cherchez pas plus loin que la Carte Double des \u00c9toiles pour Fr\u00e8re et S\u0153ur !","breadcrumb":{"@id":"https:\/\/positiveprints.com\/fr\/produit\/carte-double-des-etoiles-pour-frere-et-soeur\/#breadcrumb"},"inLanguage":"fr-FR","potentialAction":[{"@type":"ReadAction","target":["https:\/\/positiveprints.com\/fr\/produit\/carte-double-des-etoiles-pour-frere-et-soeur\/"]}]},{"@type":"ImageObject","inLanguage":"fr-FR","@id":"https:\/\/positiveprints.com\/fr\/produit\/carte-double-des-etoiles-pour-frere-et-soeur\/#primaryimage","url":"https:\/\/positiveprints.com\/wp-content\/uploads\/2025\/08\/Packshot_FR_Carte-Double-des-E\u0301toiles-pour-Fre\u0300re-et-Soeur.webp","contentUrl":"https:\/\/positiveprints.com\/wp-content\/uploads\/2025\/08\/Packshot_FR_Carte-Double-des-E\u0301toiles-pour-Fre\u0300re-et-Soeur.webp","width":1450,"height":1450},{"@type":"BreadcrumbList","@id":"https:\/\/positiveprints.com\/fr\/produit\/carte-double-des-etoiles-pour-frere-et-soeur\/#breadcrumb","itemListElement":[{"@type":"ListItem","position":1,"name":"Home","item":"https:\/\/positiveprints.com\/fr\/"},{"@type":"ListItem","position":2,"name":"Produits","item":"https:\/\/positiveprints.com\/fr\/shop\/"},{"@type":"ListItem","position":3,"name":"Carte Double des \u00c9toiles pour Fr\u00e8re et S\u0153ur"}]},{"@type":"WebSite","@id":"https:\/\/positiveprints.com\/fr\/#website","url":"https:\/\/positiveprints.com\/fr\/","name":"Positive Prints","description":"Amazing Custom Personalized Gifts","publisher":{"@id":"https:\/\/positiveprints.com\/fr\/#organization"},"potentialAction":[{"@type":"SearchAction","target":{"@type":"EntryPoint","urlTemplate":"https:\/\/positiveprints.com\/fr\/?s={search_term_string}"},"query-input":{"@type":"PropertyValueSpecification","valueRequired":true,"valueName":"search_term_string"}}],"inLanguage":"fr-FR"},{"@type":"Organization","@id":"https:\/\/positiveprints.com\/fr\/#organization","name":"Positive Prints","alternateName":"Positive Prints","url":"https:\/\/positiveprints.com\/fr\/","logo":{"@type":"ImageObject","inLanguage":"fr-FR","@id":"https:\/\/positiveprints.com\/fr\/#\/schema\/logo\/image\/","url":"https:\/\/positiveprints.com\/wp-content\/uploads\/2026\/03\/245815646_1337939713319158_5671353136411139666_n.png","contentUrl":"https:\/\/positiveprints.com\/wp-content\/uploads\/2026\/03\/245815646_1337939713319158_5671353136411139666_n.png","width":800,"height":800,"caption":"Positive Prints"},"image":{"@id":"https:\/\/positiveprints.com\/fr\/#\/schema\/logo\/image\/"},"sameAs":["https:\/\/www.facebook.com\/positiveprintscom","https:\/\/www.instagram.com\/positiveprintscom\/","https:\/\/www.tiktok.com\/@positiveprintscom","https:\/\/www.pinterest.com\/positiveprintscom\/"]}]}},"jetpack_sharing_enabled":true,"_links":{"self":[{"href":"https:\/\/positiveprints.com\/fr\/wp-json\/wp\/v2\/product\/609637","targetHints":{"allow":["GET"]}}],"collection":[{"href":"https:\/\/positiveprints.com\/fr\/wp-json\/wp\/v2\/product"}],"about":[{"href":"https:\/\/positiveprints.com\/fr\/wp-json\/wp\/v2\/types\/product"}],"wp:featuredmedia":[{"embeddable":true,"href":"https:\/\/positiveprints.com\/fr\/wp-json\/wp\/v2\/media\/1490295"}],"wp:attachment":[{"href":"https:\/\/positiveprints.com\/fr\/wp-json\/wp\/v2\/media?parent=609637"}],"wp:term":[{"taxonomy":"product_brand","embeddable":true,"href":"https:\/\/positiveprints.com\/fr\/wp-json\/wp\/v2\/product_brand?post=609637"},{"taxonomy":"product_cat","embeddable":true,"href":"https:\/\/positiveprints.com\/fr\/wp-json\/wp\/v2\/product_cat?post=609637"},{"taxonomy":"product_tag","embeddable":true,"href":"https:\/\/positiveprints.com\/fr\/wp-json\/wp\/v2\/product_tag?post=609637"}],"curies":[{"name":"wp","href":"https:\/\/api.w.org\/{rel}","templated":true}]}}