{"id":609612,"date":"2023-04-20T08:08:49","date_gmt":"2023-04-20T07:08:49","guid":{"rendered":"https:\/\/positiveprints.com\/?post_type=product&#038;p=609612"},"modified":"2026-04-12T22:27:11","modified_gmt":"2026-04-12T21:27:11","slug":"carte-double-des-etoiles-pour-grands-parents","status":"publish","type":"product","link":"https:\/\/positiveprints.com\/fr\/produit\/carte-double-des-etoiles-pour-grands-parents\/","title":{"rendered":"Carte Double des \u00c9toiles pour Grands-parents"},"content":{"rendered":"<p style=\"margin-top: 1rem\">La Carte Double des \u00c9toiles pour Grands-parents est un cadeau magnifique et personnalis\u00e9 qui ne manquera pas de faire fondre le c\u0153ur de vos grands-parents. Cette impression exquise pr\u00e9sente deux cartes des \u00e9toiles c\u00f4te \u00e0 c\u00f4te, repr\u00e9sentant deux moments sp\u00e9ciaux de leur vie &#8211; le jour o\u00f9 ils sont devenus grands-parents et que leurs petits-enfants sont n\u00e9s. C&#8217;est un moyen id\u00e9al de comm\u00e9morer une occasion sp\u00e9ciale et de c\u00e9l\u00e9brer la famille.<\/p>\r\n\r\n\r\n<p style=\"margin-top: 1rem\">Cr\u00e9er votre propre Carte Double des \u00c9toiles pour Grands-parents est facile, gr\u00e2ce \u00e0 notre \u00e9diteur en ligne. Commencez par s\u00e9lectionner le style, le design et les couleurs qui refl\u00e8tent le mieux les go\u00fbts et la personnalit\u00e9 de vos grands-parents. Vous pouvez \u00e9galement le personnaliser avec les couleurs pr\u00e9f\u00e9r\u00e9es de vos grands-parents. Entrez les deux dates et lieux importants de la vie de votre grand-parent, la date de naissance et le lieu de naissance de vos petits-enfants, pour voir exactement comment les cartes des \u00e9toiles afficheront le ciel nocturne \u00e0 ces occasions. Toutes les modifications que vous apportez seront affich\u00e9es sur l&#8217;aper\u00e7u en ligne dans notre \u00e9diteur. Enfin, choisissez le format et la taille qui conviennent le mieux au style de votre ami, que vous choisissiez une affiche imprim\u00e9e ou encadr\u00e9e, une toile ou un t\u00e9l\u00e9chargement num\u00e9rique instantan\u00e9.<\/p>\r\n\r\n\r\n<p style=\"margin-top: 1rem\">La Carte Double des \u00c9toiles pour Grands-parents est parfaite pour toutes les occasions, que ce soit l&#8217;anniversaire de vos grands-parents, No\u00ebl, la F\u00eate des grands-parents, ou tout simplement parce que c&#8217;est possible. C&#8217;est un cadeau pour les grands-parents qui est vraiment unique et personnel, qui \u00e9voquera des sentiments d&#8217;amour et de chaleur pour votre grand-parent. La beaut\u00e9 de la carte \u00e0 double \u00e9toile ne r\u00e9side pas seulement dans la repr\u00e9sentation visuelle, mais dans les \u00e9motions et les souvenirs qu&#8217;elle suscite. Alors, cr\u00e9ez votre propre Carte Double des \u00c9toiles pour Grands-parents aujourd&#8217;hui et offrez-leur un cadeau qui apportera joie et amour pour les ann\u00e9es \u00e0 venir.<\/p>","protected":false},"excerpt":{"rendered":"<ul class=\"check-list\">\n<li>Concevez votre propre carte des \u00e9toiles repr\u00e9sentant le ciel \u00e0 partir de deux lieux et dates diff\u00e9rents<\/li>\n<li>Ajoutez des constellations et la Voie lact\u00e9e <\/li>\n<li>Personnalisez en 3 \u00e9tapes simples<\/li>\n<li>Incluez un texte personnalis\u00e9 significatif<\/li>\n<li>Vois le r\u00e9sultat imm\u00e9diatement \u2013 l\u2019aper\u00e7u interactif te permet de peaufiner chaque d\u00e9tail<\/li>\n<\/ul>\n","protected":false},"featured_media":1328105,"template":"","meta":[],"product_brand":[],"product_cat":[8822,8998,5264,7718,7605,11393,11394,104,9760],"product_tag":[13332,13331,8659,8669,8581,15474],"class_list":{"0":"post-609612","1":"product","2":"type-product","3":"status-publish","4":"has-post-thumbnail","6":"product_cat-duo-stars-fr","7":"product_cat-fete-des-grands-parents","8":"product_cat-cadeaux-de-noel","9":"product_cat-cadeaux-pour-grand-mere","10":"product_cat-cadeaux-pour-grand-pere","11":"product_cat-cadeaux-de-noel-pour-mamie","12":"product_cat-cadeaux-de-noel-pour-papi","13":"product_cat-tous-les-produits","14":"product_cat-trending-label-fr","15":"product_tag-cadeau-de-noel-pour-un-grand-pere","16":"product_tag-cadeau-de-noel-pour-une-grand-mere","17":"product_tag-grandpa-fr","18":"product_tag-grandparents-fr","19":"product_tag-mamie","20":"product_tag-petits-enfants","22":"first","23":"instock","24":"sale","25":"taxable","26":"shipping-taxable","27":"purchasable","28":"product-type-variable"},"yoast_head":"<!-- This site is optimized with the Yoast SEO Premium plugin v27.2 (Yoast SEO v27.2) - https:\/\/yoast.com\/product\/yoast-seo-premium-wordpress\/ -->\n<title>Carte Double des \u00c9toiles pour Grands-parents - Positive Prints<\/title>\n<meta name=\"description\" content=\"La Carte Double des \u00c9toiles pour Grands-parents est un cadeau magnifique et personnalis\u00e9 qui ne manquera pas de faire fondre le c\u0153ur de vos grands-parents.\" \/>\n<meta name=\"robots\" content=\"index, follow, max-snippet:-1, max-image-preview:large, max-video-preview:-1\" \/>\n<link rel=\"canonical\" href=\"https:\/\/positiveprints.com\/fr\/produit\/carte-double-des-etoiles-pour-grands-parents\/\" \/>\n<meta property=\"og:locale\" content=\"fr_FR\" \/>\n<meta property=\"og:type\" content=\"article\" \/>\n<meta property=\"og:title\" content=\"Carte Double des \u00c9toiles pour Grands-parents\" \/>\n<meta property=\"og:description\" content=\"Concevez votre propre carte des \u00e9toiles repr\u00e9sentant le ciel \u00e0 partir de deux lieux et dates diff\u00e9rents Ajoutez des constellations et la Voie lact\u00e9e  Personnalisez en 3 \u00e9tapes simples Incluez un texte personnalis\u00e9 significatif Vois le r\u00e9sultat imm\u00e9diatement \u2013 l\u2019aper\u00e7u interactif te permet de peaufiner chaque d\u00e9tail\" \/>\n<meta property=\"og:url\" content=\"https:\/\/positiveprints.com\/fr\/produit\/carte-double-des-etoiles-pour-grands-parents\/\" \/>\n<meta property=\"og:site_name\" content=\"Positive Prints\" \/>\n<meta property=\"article:publisher\" content=\"https:\/\/www.facebook.com\/positiveprintscom\" \/>\n<meta property=\"article:modified_time\" content=\"2026-04-12T21:27:11+00:00\" \/>\n<meta property=\"og:image\" content=\"https:\/\/positiveprints.com\/wp-content\/uploads\/2025\/01\/Carte-Double-des-E\u0301toiles-pour-Grands-parents-1.webp\" \/>\n\t<meta property=\"og:image:width\" content=\"1450\" \/>\n\t<meta property=\"og:image:height\" content=\"1450\" \/>\n\t<meta property=\"og:image:type\" content=\"image\/webp\" \/>\n<meta name=\"twitter:card\" content=\"summary_large_image\" \/>\n<meta name=\"twitter:label1\" content=\"Dur\u00e9e de lecture estim\u00e9e\" \/>\n\t<meta name=\"twitter:data1\" content=\"2 minutes\" \/>\n<!-- \/ Yoast SEO Premium plugin. -->","yoast_head_json":{"title":"Carte Double des \u00c9toiles pour Grands-parents - Positive Prints","description":"La Carte Double des \u00c9toiles pour Grands-parents est un cadeau magnifique et personnalis\u00e9 qui ne manquera pas de faire fondre le c\u0153ur de vos grands-parents.","robots":{"index":"index","follow":"follow","max-snippet":"max-snippet:-1","max-image-preview":"max-image-preview:large","max-video-preview":"max-video-preview:-1"},"canonical":"https:\/\/positiveprints.com\/fr\/produit\/carte-double-des-etoiles-pour-grands-parents\/","og_locale":"fr_FR","og_type":"article","og_title":"Carte Double des \u00c9toiles pour Grands-parents","og_description":"Concevez votre propre carte des \u00e9toiles repr\u00e9sentant le ciel \u00e0 partir de deux lieux et dates diff\u00e9rents Ajoutez des constellations et la Voie lact\u00e9e  Personnalisez en 3 \u00e9tapes simples Incluez un texte personnalis\u00e9 significatif Vois le r\u00e9sultat imm\u00e9diatement \u2013 l\u2019aper\u00e7u interactif te permet de peaufiner chaque d\u00e9tail","og_url":"https:\/\/positiveprints.com\/fr\/produit\/carte-double-des-etoiles-pour-grands-parents\/","og_site_name":"Positive Prints","article_publisher":"https:\/\/www.facebook.com\/positiveprintscom","article_modified_time":"2026-04-12T21:27:11+00:00","og_image":[{"width":1450,"height":1450,"url":"https:\/\/positiveprints.com\/wp-content\/uploads\/2025\/01\/Carte-Double-des-E\u0301toiles-pour-Grands-parents-1.webp","type":"image\/webp"}],"twitter_card":"summary_large_image","twitter_misc":{"Dur\u00e9e de lecture estim\u00e9e":"2 minutes"},"schema":{"@context":"https:\/\/schema.org","@graph":[{"@type":["WebPage","ItemPage"],"@id":"https:\/\/positiveprints.com\/fr\/produit\/carte-double-des-etoiles-pour-grands-parents\/","url":"https:\/\/positiveprints.com\/fr\/produit\/carte-double-des-etoiles-pour-grands-parents\/","name":"Carte Double des \u00c9toiles pour Grands-parents - Positive Prints","isPartOf":{"@id":"https:\/\/positiveprints.com\/fr\/#website"},"primaryImageOfPage":{"@id":"https:\/\/positiveprints.com\/fr\/produit\/carte-double-des-etoiles-pour-grands-parents\/#primaryimage"},"image":{"@id":"https:\/\/positiveprints.com\/fr\/produit\/carte-double-des-etoiles-pour-grands-parents\/#primaryimage"},"thumbnailUrl":"https:\/\/positiveprints.com\/wp-content\/uploads\/2025\/01\/Carte-Double-des-E\u0301toiles-pour-Grands-parents-1.webp","datePublished":"2023-04-20T07:08:49+00:00","dateModified":"2026-04-12T21:27:11+00:00","description":"La Carte Double des \u00c9toiles pour Grands-parents est un cadeau magnifique et personnalis\u00e9 qui ne manquera pas de faire fondre le c\u0153ur de vos grands-parents.","breadcrumb":{"@id":"https:\/\/positiveprints.com\/fr\/produit\/carte-double-des-etoiles-pour-grands-parents\/#breadcrumb"},"inLanguage":"fr-FR","potentialAction":[{"@type":"ReadAction","target":["https:\/\/positiveprints.com\/fr\/produit\/carte-double-des-etoiles-pour-grands-parents\/"]}]},{"@type":"ImageObject","inLanguage":"fr-FR","@id":"https:\/\/positiveprints.com\/fr\/produit\/carte-double-des-etoiles-pour-grands-parents\/#primaryimage","url":"https:\/\/positiveprints.com\/wp-content\/uploads\/2025\/01\/Carte-Double-des-E\u0301toiles-pour-Grands-parents-1.webp","contentUrl":"https:\/\/positiveprints.com\/wp-content\/uploads\/2025\/01\/Carte-Double-des-E\u0301toiles-pour-Grands-parents-1.webp","width":1450,"height":1450},{"@type":"BreadcrumbList","@id":"https:\/\/positiveprints.com\/fr\/produit\/carte-double-des-etoiles-pour-grands-parents\/#breadcrumb","itemListElement":[{"@type":"ListItem","position":1,"name":"Home","item":"https:\/\/positiveprints.com\/fr\/"},{"@type":"ListItem","position":2,"name":"Produits","item":"https:\/\/positiveprints.com\/fr\/shop\/"},{"@type":"ListItem","position":3,"name":"Carte Double des \u00c9toiles pour Grands-parents"}]},{"@type":"WebSite","@id":"https:\/\/positiveprints.com\/fr\/#website","url":"https:\/\/positiveprints.com\/fr\/","name":"Positive Prints","description":"Amazing Custom Personalized Gifts","publisher":{"@id":"https:\/\/positiveprints.com\/fr\/#organization"},"potentialAction":[{"@type":"SearchAction","target":{"@type":"EntryPoint","urlTemplate":"https:\/\/positiveprints.com\/fr\/?s={search_term_string}"},"query-input":{"@type":"PropertyValueSpecification","valueRequired":true,"valueName":"search_term_string"}}],"inLanguage":"fr-FR"},{"@type":"Organization","@id":"https:\/\/positiveprints.com\/fr\/#organization","name":"Positive Prints","alternateName":"Positive Prints","url":"https:\/\/positiveprints.com\/fr\/","logo":{"@type":"ImageObject","inLanguage":"fr-FR","@id":"https:\/\/positiveprints.com\/fr\/#\/schema\/logo\/image\/","url":"https:\/\/positiveprints.com\/wp-content\/uploads\/2026\/03\/245815646_1337939713319158_5671353136411139666_n.png","contentUrl":"https:\/\/positiveprints.com\/wp-content\/uploads\/2026\/03\/245815646_1337939713319158_5671353136411139666_n.png","width":800,"height":800,"caption":"Positive Prints"},"image":{"@id":"https:\/\/positiveprints.com\/fr\/#\/schema\/logo\/image\/"},"sameAs":["https:\/\/www.facebook.com\/positiveprintscom","https:\/\/www.instagram.com\/positiveprintscom\/","https:\/\/www.tiktok.com\/@positiveprintscom","https:\/\/www.pinterest.com\/positiveprintscom\/"]}]}},"jetpack_sharing_enabled":true,"_links":{"self":[{"href":"https:\/\/positiveprints.com\/fr\/wp-json\/wp\/v2\/product\/609612","targetHints":{"allow":["GET"]}}],"collection":[{"href":"https:\/\/positiveprints.com\/fr\/wp-json\/wp\/v2\/product"}],"about":[{"href":"https:\/\/positiveprints.com\/fr\/wp-json\/wp\/v2\/types\/product"}],"wp:featuredmedia":[{"embeddable":true,"href":"https:\/\/positiveprints.com\/fr\/wp-json\/wp\/v2\/media\/1328105"}],"wp:attachment":[{"href":"https:\/\/positiveprints.com\/fr\/wp-json\/wp\/v2\/media?parent=609612"}],"wp:term":[{"taxonomy":"product_brand","embeddable":true,"href":"https:\/\/positiveprints.com\/fr\/wp-json\/wp\/v2\/product_brand?post=609612"},{"taxonomy":"product_cat","embeddable":true,"href":"https:\/\/positiveprints.com\/fr\/wp-json\/wp\/v2\/product_cat?post=609612"},{"taxonomy":"product_tag","embeddable":true,"href":"https:\/\/positiveprints.com\/fr\/wp-json\/wp\/v2\/product_tag?post=609612"}],"curies":[{"name":"wp","href":"https:\/\/api.w.org\/{rel}","templated":true}]}}