{"id":609277,"date":"2023-04-20T08:16:14","date_gmt":"2023-04-20T07:16:14","guid":{"rendered":"https:\/\/positiveprints.com\/?post_type=product&#038;p=609277"},"modified":"2026-04-18T05:54:50","modified_gmt":"2026-04-18T04:54:50","slug":"carte-double-des-etoiles-meilleure-amie","status":"publish","type":"product","link":"https:\/\/positiveprints.com\/fr\/produit\/carte-double-des-etoiles-meilleure-amie\/","title":{"rendered":"Carte Double des \u00c9toiles Meilleur(e) Ami(e)"},"content":{"rendered":"<p style=\"margin-top: 1rem\">La Carte Double des \u00c9toiles Meilleur(e) Ami(e) est le cadeau personnalis\u00e9 parfait pour votre meilleur(e) ami(e). Cette belle et r\u00e9fl\u00e9chie impression affiche deux cartes des \u00e9toiles c\u00f4te \u00e0 c\u00f4te, chacune montrant un ciel \u00e9toil\u00e9 d&#8217;un moment sp\u00e9cial dans votre amiti\u00e9. Peut-\u00eatre que l&#8217;une est de votre anniversaire et l&#8217;autre est de l&#8217;anniversaire de votre meilleur(e) ami(e). Ou peut-\u00eatre que vous choisissez d&#8217;en avoir un \u00e0 partir du jour o\u00f9 vous vous \u00eates rencontr\u00e9(e)s et l&#8217;autre \u00e0 partir du jour o\u00f9 vous \u00eates devenu(e)s meilleur(e)s ami(e)s. Les possibilit\u00e9s sont infinies et le r\u00e9sultat est un cadeau unique qui symbolise le lien sp\u00e9cial que vous partagez.<\/p>\r\n\r\n\r\n<p style=\"margin-top: 1rem\">Cr\u00e9er votre propre Carte Double des \u00c9toiles Meilleur(e) Ami(e) est facile, gr\u00e2ce \u00e0 notre \u00e9diteur en ligne. Choisissez le style, le design et les couleurs qui refl\u00e8tent le mieux le go\u00fbt et la personnalit\u00e9 de votre ami(e). Vous pouvez m\u00eame le personnaliser avec les couleurs pr\u00e9f\u00e9r\u00e9es de votre ami(e). Entrez les dates et les localisations qui ont de l&#8217;importance pour vous et votre ami, et voyez comment les cartes des \u00e9toiles afficheront le ciel nocturne lors de ces deux occasions sp\u00e9ciales. Chaque changement que vous faites sera visible instantan\u00e9ment dans l&#8217;aper\u00e7u en ligne, vous permettant de vous assurer que tout est exactement comme vous le souhaitez. Enfin, choisissez le format et la taille qui conviennent le mieux au style de votre ami, que vous choisissiez une affiche imprim\u00e9e ou encadr\u00e9e, une toile ou un t\u00e9l\u00e9chargement num\u00e9rique instantan\u00e9.<\/p>\r\n\r\n\r\n<p style=\"margin-top: 1rem\">La Carte Double des \u00c9toiles Meilleur(e) Ami(e) est le cadeau parfait pour toute occasion, que ce soit l&#8217;anniversaire de votre ami, No\u00ebl, la St-Galentin, ou tout simplement parce que c&#8217;est possible. C&#8217;est une fa\u00e7on sinc\u00e8re et significative de c\u00e9l\u00e9brer votre amiti\u00e9 et de montrer \u00e0 votre meilleur ami \u00e0 quel point elle compte pour vous. Alors, cr\u00e9ez votre propre Carte Double des \u00c9toiles Meilleur(e) Ami(e) aujourd&#8217;hui et offrez \u00e0 votre ami(e) un cadeau qui le(la) rendra vraiment heureux.<\/p>","protected":false},"excerpt":{"rendered":"<ul class=\"check-list\">\n<li>Concevez votre propre carte des \u00e9toiles repr\u00e9sentant le ciel \u00e0 partir de deux lieux et dates diff\u00e9rents<\/li>\n<li>Ajoutez des constellations et la Voie lact\u00e9e <\/li>\n<li>Personnalisez en 3 \u00e9tapes simples<\/li>\n<li>Incluez un texte personnalis\u00e9 significatif<\/li>\n<li>Vois le r\u00e9sultat imm\u00e9diatement \u2013 l\u2019aper\u00e7u interactif te permet de peaufiner chaque d\u00e9tail<\/li>\n<\/ul>\n","protected":false},"featured_media":1251266,"template":"","meta":[],"product_brand":[],"product_cat":[9274,8822,104,5264,15042,7829],"product_tag":[8626,11867,15176,15223,15177,9383,15178,13475,15218,15179,15216,15217,15221,13487,9376],"class_list":{"0":"post-609277","1":"product","2":"type-product","3":"status-publish","4":"has-post-thumbnail","6":"product_cat-bestsellers-label-fr","7":"product_cat-duo-stars-fr","8":"product_cat-tous-les-produits","9":"product_cat-cadeaux-de-noel","10":"product_cat-cadeaux-de-noel-pour-les-amis","11":"product_cat-cadeaux-pour-amis","12":"product_tag-amies","13":"product_tag-amitie","14":"product_tag-best-friend-fr","15":"product_tag-best-friends-fr","16":"product_tag-best-friends-forever-fr","17":"product_tag-besties-fr","18":"product_tag-bff-fr","19":"product_tag-cadeaux-de-noel-pour-les-amis","20":"product_tag-christmas-gifts-for-friends-fr","21":"product_tag-friend-fr","22":"product_tag-friends-fr","23":"product_tag-friendship-fr","24":"product_tag-galentines-day-fr-2","25":"product_tag-galentines-day-fr","26":"product_tag-meilleurs-amis","28":"first","29":"instock","30":"sale","31":"taxable","32":"shipping-taxable","33":"purchasable","34":"product-type-variable"},"yoast_head":"<!-- This site is optimized with the Yoast SEO Premium plugin v27.2 (Yoast SEO v27.2) - https:\/\/yoast.com\/product\/yoast-seo-premium-wordpress\/ -->\n<title>Carte Double des \u00c9toiles Meilleur(e) Ami(e) - Positive Prints<\/title>\n<meta name=\"description\" content=\"La Carte Double des \u00c9toiles Meilleur(e) Ami(e) est le cadeau parfait pour toute occasion, que ce soit l&#039;anniversaire de votre ami, No\u00ebl, la St-Galentin, ou tout simplement parce que c&#039;est possible.\" \/>\n<meta name=\"robots\" content=\"index, follow, max-snippet:-1, max-image-preview:large, max-video-preview:-1\" \/>\n<link rel=\"canonical\" href=\"https:\/\/positiveprints.com\/fr\/produit\/carte-double-des-etoiles-meilleure-amie\/\" \/>\n<meta property=\"og:locale\" content=\"fr_FR\" \/>\n<meta property=\"og:type\" content=\"article\" \/>\n<meta property=\"og:title\" content=\"Carte Double des \u00c9toiles Meilleur(e) Ami(e)\" \/>\n<meta property=\"og:description\" content=\"Concevez votre propre carte des \u00e9toiles repr\u00e9sentant le ciel \u00e0 partir de deux lieux et dates diff\u00e9rents Ajoutez des constellations et la Voie lact\u00e9e  Personnalisez en 3 \u00e9tapes simples Incluez un texte personnalis\u00e9 significatif Vois le r\u00e9sultat imm\u00e9diatement \u2013 l\u2019aper\u00e7u interactif te permet de peaufiner chaque d\u00e9tail\" \/>\n<meta property=\"og:url\" content=\"https:\/\/positiveprints.com\/fr\/produit\/carte-double-des-etoiles-meilleure-amie\/\" \/>\n<meta property=\"og:site_name\" content=\"Positive Prints\" \/>\n<meta property=\"article:publisher\" content=\"https:\/\/www.facebook.com\/positiveprintscom\" \/>\n<meta property=\"article:modified_time\" content=\"2026-04-18T04:54:50+00:00\" \/>\n<meta property=\"og:image\" content=\"https:\/\/positiveprints.com\/wp-content\/uploads\/2024\/11\/PACKSHOT_FR_Best-Friend-Double-Star-Map-product-image-.webp\" \/>\n\t<meta property=\"og:image:width\" content=\"1450\" \/>\n\t<meta property=\"og:image:height\" content=\"1450\" \/>\n\t<meta property=\"og:image:type\" content=\"image\/webp\" \/>\n<meta name=\"twitter:card\" content=\"summary_large_image\" \/>\n<meta name=\"twitter:label1\" content=\"Dur\u00e9e de lecture estim\u00e9e\" \/>\n\t<meta name=\"twitter:data1\" content=\"2 minutes\" \/>\n<!-- \/ Yoast SEO Premium plugin. -->","yoast_head_json":{"title":"Carte Double des \u00c9toiles Meilleur(e) Ami(e) - Positive Prints","description":"La Carte Double des \u00c9toiles Meilleur(e) Ami(e) est le cadeau parfait pour toute occasion, que ce soit l'anniversaire de votre ami, No\u00ebl, la St-Galentin, ou tout simplement parce que c'est possible.","robots":{"index":"index","follow":"follow","max-snippet":"max-snippet:-1","max-image-preview":"max-image-preview:large","max-video-preview":"max-video-preview:-1"},"canonical":"https:\/\/positiveprints.com\/fr\/produit\/carte-double-des-etoiles-meilleure-amie\/","og_locale":"fr_FR","og_type":"article","og_title":"Carte Double des \u00c9toiles Meilleur(e) Ami(e)","og_description":"Concevez votre propre carte des \u00e9toiles repr\u00e9sentant le ciel \u00e0 partir de deux lieux et dates diff\u00e9rents Ajoutez des constellations et la Voie lact\u00e9e  Personnalisez en 3 \u00e9tapes simples Incluez un texte personnalis\u00e9 significatif Vois le r\u00e9sultat imm\u00e9diatement \u2013 l\u2019aper\u00e7u interactif te permet de peaufiner chaque d\u00e9tail","og_url":"https:\/\/positiveprints.com\/fr\/produit\/carte-double-des-etoiles-meilleure-amie\/","og_site_name":"Positive Prints","article_publisher":"https:\/\/www.facebook.com\/positiveprintscom","article_modified_time":"2026-04-18T04:54:50+00:00","og_image":[{"width":1450,"height":1450,"url":"https:\/\/positiveprints.com\/wp-content\/uploads\/2024\/11\/PACKSHOT_FR_Best-Friend-Double-Star-Map-product-image-.webp","type":"image\/webp"}],"twitter_card":"summary_large_image","twitter_misc":{"Dur\u00e9e de lecture estim\u00e9e":"2 minutes"},"schema":{"@context":"https:\/\/schema.org","@graph":[{"@type":["WebPage","ItemPage"],"@id":"https:\/\/positiveprints.com\/fr\/produit\/carte-double-des-etoiles-meilleure-amie\/","url":"https:\/\/positiveprints.com\/fr\/produit\/carte-double-des-etoiles-meilleure-amie\/","name":"Carte Double des \u00c9toiles Meilleur(e) Ami(e) - Positive Prints","isPartOf":{"@id":"https:\/\/positiveprints.com\/fr\/#website"},"primaryImageOfPage":{"@id":"https:\/\/positiveprints.com\/fr\/produit\/carte-double-des-etoiles-meilleure-amie\/#primaryimage"},"image":{"@id":"https:\/\/positiveprints.com\/fr\/produit\/carte-double-des-etoiles-meilleure-amie\/#primaryimage"},"thumbnailUrl":"https:\/\/positiveprints.com\/wp-content\/uploads\/2024\/11\/PACKSHOT_FR_Best-Friend-Double-Star-Map-product-image-.webp","datePublished":"2023-04-20T07:16:14+00:00","dateModified":"2026-04-18T04:54:50+00:00","description":"La Carte Double des \u00c9toiles Meilleur(e) Ami(e) est le cadeau parfait pour toute occasion, que ce soit l'anniversaire de votre ami, No\u00ebl, la St-Galentin, ou tout simplement parce que c'est possible.","breadcrumb":{"@id":"https:\/\/positiveprints.com\/fr\/produit\/carte-double-des-etoiles-meilleure-amie\/#breadcrumb"},"inLanguage":"fr-FR","potentialAction":[{"@type":"ReadAction","target":["https:\/\/positiveprints.com\/fr\/produit\/carte-double-des-etoiles-meilleure-amie\/"]}]},{"@type":"ImageObject","inLanguage":"fr-FR","@id":"https:\/\/positiveprints.com\/fr\/produit\/carte-double-des-etoiles-meilleure-amie\/#primaryimage","url":"https:\/\/positiveprints.com\/wp-content\/uploads\/2024\/11\/PACKSHOT_FR_Best-Friend-Double-Star-Map-product-image-.webp","contentUrl":"https:\/\/positiveprints.com\/wp-content\/uploads\/2024\/11\/PACKSHOT_FR_Best-Friend-Double-Star-Map-product-image-.webp","width":1450,"height":1450,"caption":"PACKSHOT_FR_Best Friend Double Star Map product image"},{"@type":"BreadcrumbList","@id":"https:\/\/positiveprints.com\/fr\/produit\/carte-double-des-etoiles-meilleure-amie\/#breadcrumb","itemListElement":[{"@type":"ListItem","position":1,"name":"Home","item":"https:\/\/positiveprints.com\/fr\/"},{"@type":"ListItem","position":2,"name":"Produits","item":"https:\/\/positiveprints.com\/fr\/shop\/"},{"@type":"ListItem","position":3,"name":"Carte Double des \u00c9toiles Meilleur(e) Ami(e)"}]},{"@type":"WebSite","@id":"https:\/\/positiveprints.com\/fr\/#website","url":"https:\/\/positiveprints.com\/fr\/","name":"Positive Prints","description":"Amazing Custom Personalized Gifts","publisher":{"@id":"https:\/\/positiveprints.com\/fr\/#organization"},"potentialAction":[{"@type":"SearchAction","target":{"@type":"EntryPoint","urlTemplate":"https:\/\/positiveprints.com\/fr\/?s={search_term_string}"},"query-input":{"@type":"PropertyValueSpecification","valueRequired":true,"valueName":"search_term_string"}}],"inLanguage":"fr-FR"},{"@type":"Organization","@id":"https:\/\/positiveprints.com\/fr\/#organization","name":"Positive Prints","alternateName":"Positive Prints","url":"https:\/\/positiveprints.com\/fr\/","logo":{"@type":"ImageObject","inLanguage":"fr-FR","@id":"https:\/\/positiveprints.com\/fr\/#\/schema\/logo\/image\/","url":"https:\/\/positiveprints.com\/wp-content\/uploads\/2026\/03\/245815646_1337939713319158_5671353136411139666_n.png","contentUrl":"https:\/\/positiveprints.com\/wp-content\/uploads\/2026\/03\/245815646_1337939713319158_5671353136411139666_n.png","width":800,"height":800,"caption":"Positive Prints"},"image":{"@id":"https:\/\/positiveprints.com\/fr\/#\/schema\/logo\/image\/"},"sameAs":["https:\/\/www.facebook.com\/positiveprintscom","https:\/\/www.instagram.com\/positiveprintscom\/","https:\/\/www.tiktok.com\/@positiveprintscom","https:\/\/www.pinterest.com\/positiveprintscom\/"]}]}},"jetpack_sharing_enabled":true,"_links":{"self":[{"href":"https:\/\/positiveprints.com\/fr\/wp-json\/wp\/v2\/product\/609277","targetHints":{"allow":["GET"]}}],"collection":[{"href":"https:\/\/positiveprints.com\/fr\/wp-json\/wp\/v2\/product"}],"about":[{"href":"https:\/\/positiveprints.com\/fr\/wp-json\/wp\/v2\/types\/product"}],"wp:featuredmedia":[{"embeddable":true,"href":"https:\/\/positiveprints.com\/fr\/wp-json\/wp\/v2\/media\/1251266"}],"wp:attachment":[{"href":"https:\/\/positiveprints.com\/fr\/wp-json\/wp\/v2\/media?parent=609277"}],"wp:term":[{"taxonomy":"product_brand","embeddable":true,"href":"https:\/\/positiveprints.com\/fr\/wp-json\/wp\/v2\/product_brand?post=609277"},{"taxonomy":"product_cat","embeddable":true,"href":"https:\/\/positiveprints.com\/fr\/wp-json\/wp\/v2\/product_cat?post=609277"},{"taxonomy":"product_tag","embeddable":true,"href":"https:\/\/positiveprints.com\/fr\/wp-json\/wp\/v2\/product_tag?post=609277"}],"curies":[{"name":"wp","href":"https:\/\/api.w.org\/{rel}","templated":true}]}}