{"id":609258,"date":"2023-05-24T14:05:38","date_gmt":"2023-05-24T13:05:38","guid":{"rendered":"https:\/\/positiveprints.com\/?post_type=product&#038;p=609258"},"modified":"2026-04-18T05:46:24","modified_gmt":"2026-04-18T04:46:24","slug":"carte-double-des-etoiles-quand-deux-ne-font-plus-quun","status":"publish","type":"product","link":"https:\/\/positiveprints.com\/fr\/produit\/carte-double-des-etoiles-quand-deux-ne-font-plus-quun\/","title":{"rendered":"Carte Double des \u00c9toiles Quand Deux Ne Font Plus Qu&#8217;Un"},"content":{"rendered":"<p style=\"margin-top: 1rem\">La Carte Double des \u00c9toiles Quand Deux Ne Font Plus Qu&#8217;Un est une belle impression enti\u00e8rement personnalis\u00e9e, parfaite pour un anniversaire, un mariage, la Saint-Valentin ou No\u00ebl. Cette impression exquise affiche deux cartes d&#8217;\u00e9toiles c\u00f4te \u00e0 c\u00f4te, repr\u00e9sentant deux cieux \u00e9toil\u00e9s de deux jours diff\u00e9rents qui ont une signification significative pour vous et votre bien-aim\u00e9(e). Que ce soit le jour de vos fian\u00e7ailles, le jour de votre mariage ou toute autre occasion sp\u00e9ciale, ce cadeau unique ne manquera pas d&#8217;\u00e9voquer des souvenirs et des \u00e9motions ch\u00e9ris pour les ann\u00e9es \u00e0 venir.<\/p>\r\n\r\n\r\n<p style=\"margin-top: 1rem\">Cr\u00e9er votre propre Carte Double des \u00c9toiles Quand Deux Ne Font Plus Qu&#8217;Un est facile, gr\u00e2ce \u00e0 notre \u00e9diteur en ligne. Choisissez le design, le style et les couleurs qui refl\u00e8tent le mieux vos go\u00fbts personnels. Ensuite, s\u00e9lectionnez les deux dates et les lieux qui ont une importance pour vous, et voyez \u00e0 quoi ressemblait le ciel ces jours-l\u00e0. Vous pouvez \u00e9galement ajouter un message personnalis\u00e9 \u00e0 l&#8217;impression, pour montrer \u00e0 quel point vous vous souciez. Enfin, choisissez de le faire imprimer ou encadrer comme une affiche, comme une toile ou comme un format t\u00e9l\u00e9chargeable num\u00e9rique.<\/p>\r\n\r\n\r\n<p style=\"margin-top: 1rem\">La Carte Double des \u00c9toiles Quand Deux Ne Font Plus Qu&#8217;Un est un cadeau vraiment sp\u00e9cial qui n\u00e9cessite des efforts et de la r\u00e9flexion pour cr\u00e9er, et votre partenaire sentira certainement l&#8217;amour et le soin que vous mettez \u00e0 le faire. C&#8217;est le cadeau parfait que vous ne trouverez pas sur une \u00e9tag\u00e8re du march\u00e9, car il est v\u00e9ritablement con\u00e7u pour une personne unique et ch\u00e8re dans votre vie. C&#8217;est un cadeau qu&#8217;ils ch\u00e9riront et transmettront pour les g\u00e9n\u00e9rations \u00e0 venir. Alors, cr\u00e9ez votre propre Carte Double des \u00c9toiles Quand Deux Ne Font Plus Qu&#8217;Un aujourd&#8217;hui et offrez \u00e0 votre bien-aim\u00e9(e) un cadeau qu&#8217;il ou elle n&#8217;oubliera jamais !<\/p>","protected":false},"excerpt":{"rendered":"<ul class=\"check-list\">\n<li>Concevez votre propre carte des \u00e9toiles repr\u00e9sentant le ciel \u00e0 partir de deux lieux et dates diff\u00e9rents<\/li>\n<li>Ajoutez des constellations et la Voie lact\u00e9e <\/li>\n<li>Personnalisez en 3 \u00e9tapes simples<\/li>\n<li>Incluez un texte personnalis\u00e9 significatif<\/li>\n<li>Vois le r\u00e9sultat imm\u00e9diatement \u2013 l\u2019aper\u00e7u interactif te permet de peaufiner chaque d\u00e9tail<\/li>\n<\/ul>\n","protected":false},"featured_media":1252687,"template":"","meta":[],"product_brand":[],"product_cat":[8822,104,5328,11177,11175,11176,7925,8006,7685],"product_tag":[16279,8477],"class_list":{"0":"post-609258","1":"product","2":"type-product","3":"status-publish","4":"has-post-thumbnail","6":"product_cat-duo-stars-fr","7":"product_cat-tous-les-produits","8":"product_cat-cadeaux-de-commemorations","9":"product_cat-cadeaux-danniversaire-pour-couples","10":"product_cat-cadeaux-danniversaire-pour-femme","11":"product_cat-cadeaux-danniversaire-pour-homme","12":"product_cat-cadeaux-denterrement-de-vie-de-jeune-fille","13":"product_cat-cadeaux-pour-hommes","14":"product_cat-cadeaux-pour-femmes","15":"product_tag-wedding-fr-2","16":"product_tag-wedding-fr","18":"first","19":"instock","20":"sale","21":"taxable","22":"shipping-taxable","23":"purchasable","24":"product-type-variable"},"yoast_head":"<!-- This site is optimized with the Yoast SEO Premium plugin v27.2 (Yoast SEO v27.2) - https:\/\/yoast.com\/product\/yoast-seo-premium-wordpress\/ -->\n<title>Quand Deux Ne Font Plus Qu&#039;Un - Positive Prints<\/title>\n<meta name=\"description\" content=\"Cr\u00e9ez votre propre Carte Double des \u00c9toiles Quand Deux Ne Font Plus Qu&#039;Un aujourd&#039;hui et offrez \u00e0 votre bien-aim\u00e9(e) un cadeau qu&#039;il n&#039;oubliera jamais !\" \/>\n<meta name=\"robots\" content=\"index, follow, max-snippet:-1, max-image-preview:large, max-video-preview:-1\" \/>\n<link rel=\"canonical\" href=\"https:\/\/positiveprints.com\/fr\/produit\/carte-double-des-etoiles-quand-deux-ne-font-plus-quun\/\" \/>\n<meta property=\"og:locale\" content=\"fr_FR\" \/>\n<meta property=\"og:type\" content=\"article\" \/>\n<meta property=\"og:title\" content=\"Carte Double des \u00c9toiles Quand Deux Ne Font Plus Qu&#039;Un\" \/>\n<meta property=\"og:description\" content=\"Concevez votre propre carte des \u00e9toiles repr\u00e9sentant le ciel \u00e0 partir de deux lieux et dates diff\u00e9rents Ajoutez des constellations et la Voie lact\u00e9e  Personnalisez en 3 \u00e9tapes simples Incluez un texte personnalis\u00e9 significatif Vois le r\u00e9sultat imm\u00e9diatement \u2013 l\u2019aper\u00e7u interactif te permet de peaufiner chaque d\u00e9tail\" \/>\n<meta property=\"og:url\" content=\"https:\/\/positiveprints.com\/fr\/produit\/carte-double-des-etoiles-quand-deux-ne-font-plus-quun\/\" \/>\n<meta property=\"og:site_name\" content=\"Positive Prints\" \/>\n<meta property=\"article:publisher\" content=\"https:\/\/www.facebook.com\/positiveprintscom\" \/>\n<meta property=\"article:modified_time\" content=\"2026-04-18T04:46:24+00:00\" \/>\n<meta property=\"og:image\" content=\"https:\/\/positiveprints.com\/wp-content\/uploads\/2024\/11\/PACKSHOT_FR_When-Two-Became-One-Double-Star-Map-product-image-.webp\" \/>\n\t<meta property=\"og:image:width\" content=\"1450\" \/>\n\t<meta property=\"og:image:height\" content=\"1450\" \/>\n\t<meta property=\"og:image:type\" content=\"image\/webp\" \/>\n<meta name=\"twitter:card\" content=\"summary_large_image\" \/>\n<meta name=\"twitter:label1\" content=\"Dur\u00e9e de lecture estim\u00e9e\" \/>\n\t<meta name=\"twitter:data1\" content=\"2 minutes\" \/>\n<!-- \/ Yoast SEO Premium plugin. -->","yoast_head_json":{"title":"Quand Deux Ne Font Plus Qu'Un - Positive Prints","description":"Cr\u00e9ez votre propre Carte Double des \u00c9toiles Quand Deux Ne Font Plus Qu'Un aujourd'hui et offrez \u00e0 votre bien-aim\u00e9(e) un cadeau qu'il n'oubliera jamais !","robots":{"index":"index","follow":"follow","max-snippet":"max-snippet:-1","max-image-preview":"max-image-preview:large","max-video-preview":"max-video-preview:-1"},"canonical":"https:\/\/positiveprints.com\/fr\/produit\/carte-double-des-etoiles-quand-deux-ne-font-plus-quun\/","og_locale":"fr_FR","og_type":"article","og_title":"Carte Double des \u00c9toiles Quand Deux Ne Font Plus Qu'Un","og_description":"Concevez votre propre carte des \u00e9toiles repr\u00e9sentant le ciel \u00e0 partir de deux lieux et dates diff\u00e9rents Ajoutez des constellations et la Voie lact\u00e9e  Personnalisez en 3 \u00e9tapes simples Incluez un texte personnalis\u00e9 significatif Vois le r\u00e9sultat imm\u00e9diatement \u2013 l\u2019aper\u00e7u interactif te permet de peaufiner chaque d\u00e9tail","og_url":"https:\/\/positiveprints.com\/fr\/produit\/carte-double-des-etoiles-quand-deux-ne-font-plus-quun\/","og_site_name":"Positive Prints","article_publisher":"https:\/\/www.facebook.com\/positiveprintscom","article_modified_time":"2026-04-18T04:46:24+00:00","og_image":[{"width":1450,"height":1450,"url":"https:\/\/positiveprints.com\/wp-content\/uploads\/2024\/11\/PACKSHOT_FR_When-Two-Became-One-Double-Star-Map-product-image-.webp","type":"image\/webp"}],"twitter_card":"summary_large_image","twitter_misc":{"Dur\u00e9e de lecture estim\u00e9e":"2 minutes"},"schema":{"@context":"https:\/\/schema.org","@graph":[{"@type":["WebPage","ItemPage"],"@id":"https:\/\/positiveprints.com\/fr\/produit\/carte-double-des-etoiles-quand-deux-ne-font-plus-quun\/","url":"https:\/\/positiveprints.com\/fr\/produit\/carte-double-des-etoiles-quand-deux-ne-font-plus-quun\/","name":"Quand Deux Ne Font Plus Qu'Un - Positive Prints","isPartOf":{"@id":"https:\/\/positiveprints.com\/fr\/#website"},"primaryImageOfPage":{"@id":"https:\/\/positiveprints.com\/fr\/produit\/carte-double-des-etoiles-quand-deux-ne-font-plus-quun\/#primaryimage"},"image":{"@id":"https:\/\/positiveprints.com\/fr\/produit\/carte-double-des-etoiles-quand-deux-ne-font-plus-quun\/#primaryimage"},"thumbnailUrl":"https:\/\/positiveprints.com\/wp-content\/uploads\/2024\/11\/PACKSHOT_FR_When-Two-Became-One-Double-Star-Map-product-image-.webp","datePublished":"2023-05-24T13:05:38+00:00","dateModified":"2026-04-18T04:46:24+00:00","description":"Cr\u00e9ez votre propre Carte Double des \u00c9toiles Quand Deux Ne Font Plus Qu'Un aujourd'hui et offrez \u00e0 votre bien-aim\u00e9(e) un cadeau qu'il n'oubliera jamais !","breadcrumb":{"@id":"https:\/\/positiveprints.com\/fr\/produit\/carte-double-des-etoiles-quand-deux-ne-font-plus-quun\/#breadcrumb"},"inLanguage":"fr-FR","potentialAction":[{"@type":"ReadAction","target":["https:\/\/positiveprints.com\/fr\/produit\/carte-double-des-etoiles-quand-deux-ne-font-plus-quun\/"]}]},{"@type":"ImageObject","inLanguage":"fr-FR","@id":"https:\/\/positiveprints.com\/fr\/produit\/carte-double-des-etoiles-quand-deux-ne-font-plus-quun\/#primaryimage","url":"https:\/\/positiveprints.com\/wp-content\/uploads\/2024\/11\/PACKSHOT_FR_When-Two-Became-One-Double-Star-Map-product-image-.webp","contentUrl":"https:\/\/positiveprints.com\/wp-content\/uploads\/2024\/11\/PACKSHOT_FR_When-Two-Became-One-Double-Star-Map-product-image-.webp","width":1450,"height":1450},{"@type":"BreadcrumbList","@id":"https:\/\/positiveprints.com\/fr\/produit\/carte-double-des-etoiles-quand-deux-ne-font-plus-quun\/#breadcrumb","itemListElement":[{"@type":"ListItem","position":1,"name":"Home","item":"https:\/\/positiveprints.com\/fr\/"},{"@type":"ListItem","position":2,"name":"Produits","item":"https:\/\/positiveprints.com\/fr\/shop\/"},{"@type":"ListItem","position":3,"name":"Carte Double des \u00c9toiles Quand Deux Ne Font Plus Qu&#8217;Un"}]},{"@type":"WebSite","@id":"https:\/\/positiveprints.com\/fr\/#website","url":"https:\/\/positiveprints.com\/fr\/","name":"Positive Prints","description":"Amazing Custom Personalized Gifts","publisher":{"@id":"https:\/\/positiveprints.com\/fr\/#organization"},"potentialAction":[{"@type":"SearchAction","target":{"@type":"EntryPoint","urlTemplate":"https:\/\/positiveprints.com\/fr\/?s={search_term_string}"},"query-input":{"@type":"PropertyValueSpecification","valueRequired":true,"valueName":"search_term_string"}}],"inLanguage":"fr-FR"},{"@type":"Organization","@id":"https:\/\/positiveprints.com\/fr\/#organization","name":"Positive Prints","alternateName":"Positive Prints","url":"https:\/\/positiveprints.com\/fr\/","logo":{"@type":"ImageObject","inLanguage":"fr-FR","@id":"https:\/\/positiveprints.com\/fr\/#\/schema\/logo\/image\/","url":"https:\/\/positiveprints.com\/wp-content\/uploads\/2026\/03\/245815646_1337939713319158_5671353136411139666_n.png","contentUrl":"https:\/\/positiveprints.com\/wp-content\/uploads\/2026\/03\/245815646_1337939713319158_5671353136411139666_n.png","width":800,"height":800,"caption":"Positive Prints"},"image":{"@id":"https:\/\/positiveprints.com\/fr\/#\/schema\/logo\/image\/"},"sameAs":["https:\/\/www.facebook.com\/positiveprintscom","https:\/\/www.instagram.com\/positiveprintscom\/","https:\/\/www.tiktok.com\/@positiveprintscom","https:\/\/www.pinterest.com\/positiveprintscom\/"]}]}},"jetpack_sharing_enabled":true,"_links":{"self":[{"href":"https:\/\/positiveprints.com\/fr\/wp-json\/wp\/v2\/product\/609258","targetHints":{"allow":["GET"]}}],"collection":[{"href":"https:\/\/positiveprints.com\/fr\/wp-json\/wp\/v2\/product"}],"about":[{"href":"https:\/\/positiveprints.com\/fr\/wp-json\/wp\/v2\/types\/product"}],"wp:featuredmedia":[{"embeddable":true,"href":"https:\/\/positiveprints.com\/fr\/wp-json\/wp\/v2\/media\/1252687"}],"wp:attachment":[{"href":"https:\/\/positiveprints.com\/fr\/wp-json\/wp\/v2\/media?parent=609258"}],"wp:term":[{"taxonomy":"product_brand","embeddable":true,"href":"https:\/\/positiveprints.com\/fr\/wp-json\/wp\/v2\/product_brand?post=609258"},{"taxonomy":"product_cat","embeddable":true,"href":"https:\/\/positiveprints.com\/fr\/wp-json\/wp\/v2\/product_cat?post=609258"},{"taxonomy":"product_tag","embeddable":true,"href":"https:\/\/positiveprints.com\/fr\/wp-json\/wp\/v2\/product_tag?post=609258"}],"curies":[{"name":"wp","href":"https:\/\/api.w.org\/{rel}","templated":true}]}}