{"id":606962,"date":"2023-04-19T12:22:58","date_gmt":"2023-04-19T11:22:58","guid":{"rendered":"https:\/\/positiveprints.com\/?post_type=product&#038;p=606962"},"modified":"2026-04-18T05:56:27","modified_gmt":"2026-04-18T04:56:27","slug":"carte-double-des-etoiles-lorsque-les-etoiles-se-sont-alignees","status":"publish","type":"product","link":"https:\/\/positiveprints.com\/fr\/produit\/carte-double-des-etoiles-lorsque-les-etoiles-se-sont-alignees\/","title":{"rendered":"Carte Double des \u00c9toiles Lorsque Les \u00c9toiles Se Sont Align\u00e9es"},"content":{"rendered":"<p style=\"margin-top: 1rem\">La Carte Double des \u00c9toiles Lorsque Les \u00c9toiles Se Sont Align\u00e9es est un cadeau parfait pour les occasions sp\u00e9ciales qui exigent quelque chose de vraiment unique et personnel. Cette impression enti\u00e8rement personnalis\u00e9e affiche deux cartes d&#8217;\u00e9toiles personnalis\u00e9es c\u00f4te \u00e0 c\u00f4te, repr\u00e9sentant deux cieux \u00e9toil\u00e9s de deux jours diff\u00e9rents qui ont une signification incroyable pour vous et votre bien-aim\u00e9(e). Peut-\u00eatre que c&#8217;est le jour o\u00f9 vous vous \u00eates rencontr\u00e9 pour la premi\u00e8re fois et le jour o\u00f9 vous vous \u00eates mari\u00e9 ou deux anniversaires qui sont importants pour vous. Les possibilit\u00e9s sont infinies, et le r\u00e9sultat est un cadeau beau et r\u00e9fl\u00e9chi que votre bien-aim\u00e9(e) ch\u00e9rira pour les ann\u00e9es \u00e0 venir.<\/p>\r\n\r\n\r\n<p style=\"margin-top: 1rem\">Lorsque Les \u00c9toiles Se Sont Align\u00e9es est un terme souvent utilis\u00e9 pour d\u00e9crire ces moments vraiment magiques de la vie qui semblent se produire par le destin. Cette impression de Carte Double des \u00c9toiles capture parfaitement ce sentiment, montrant deux moments dans le temps o\u00f9 les \u00e9toiles se sont align\u00e9es d&#8217;une mani\u00e8re sp\u00e9ciale juste pour vous et votre bien-aim\u00e9(e). C&#8217;est un rappel que m\u00eame dans l&#8217;immensit\u00e9 de l&#8217;univers, il y a des moments qui nous connectent de mani\u00e8re sp\u00e9ciale.<\/p>\r\n\r\n\r\n<p style=\"margin-top: 1rem\">Cr\u00e9er une Carte Double des \u00c9toiles Lorsque Les \u00c9toiles Se Sont Align\u00e9es est facile, gr\u00e2ce \u00e0 notre \u00e9diteur en ligne. Vous pouvez choisir parmi une vari\u00e9t\u00e9 de designs, de styles et de couleurs pour cr\u00e9er un imprim\u00e9 qui convient parfaitement \u00e0 vos go\u00fbts. Ensuite, s\u00e9lectionnez les deux dates et les lieux qui ont une importance pour vous, et voyez \u00e0 quoi ressemblait le ciel ces jours-l\u00e0. Enfin, ajoutez un message personnel de votre c\u0153ur pour rendre le cadeau encore plus sp\u00e9cial. Choisissez entre une affiche imprim\u00e9e ou encadr\u00e9e, une toile ou un t\u00e9l\u00e9chargement num\u00e9rique en fonction de vos pr\u00e9f\u00e9rences. Avec une Carte Double des \u00c9toiles Lorsque Les \u00c9toiles Se Sont Align\u00e9es, vous offrirez un cadeau qui est r\u00e9ellement extraordinaire !<\/p>\r\n\r\n<p style=\"margin-top: 1rem\">Commander une Carte Double des \u00c9toiles Lorsque Les \u00c9toiles Se Sont Align\u00e9es est une exp\u00e9rience vraiment sp\u00e9ciale qui laissera une impression durable sur votre bien-aim\u00e9(e). C&#8217;est le cadeau parfait pour les anniversaires, les mariages, la Saint-Valentin ou No\u00ebl &#8211; toute occasion qui demande un cadeau m\u00e9morable et unique. Les possibilit\u00e9s sont infinies et le r\u00e9sultat est une \u0153uvre d&#8217;art \u00e9poustouflante et personnelle que votre bien-aim\u00e9(e) ch\u00e9rira pour toujours. Alors pourquoi attendre ? Rendez-vous maintenant dans notre \u00e9diteur en ligne et cr\u00e9ez votre propre Carte Double des \u00c9toiles Lorsque Les \u00c9toiles Se Sont Align\u00e9es pour montrer \u00e0 votre bien-aim\u00e9(e) \u00e0 quel point elle compte pour vous.<\/p>","protected":false},"excerpt":{"rendered":"<ul class=\"check-list\">\n<li>Concevez votre propre carte des \u00e9toiles repr\u00e9sentant le ciel \u00e0 partir de deux lieux et dates diff\u00e9rents<\/li>\n<li>Ajoutez des constellations et la Voie lact\u00e9e <\/li>\n<li>Personnalisez en 3 \u00e9tapes simples<\/li>\n<li>Incluez un texte personnalis\u00e9 significatif<\/li>\n<li>Vois le r\u00e9sultat imm\u00e9diatement \u2013 l\u2019aper\u00e7u interactif te permet de peaufiner chaque d\u00e9tail<\/li>\n<\/ul>\n","protected":false},"featured_media":1252554,"template":"","meta":[],"product_brand":[],"product_cat":[8822,8194,8217,104,5276,3122,7925,5264,11395,11396,11392,11388,11402,11397,8006,7670,7638,7685,7781,7749,7797,3118,11245,11246],"product_tag":[14849,11790,11793,11792,11767,11795,11753,17443,17442,17441,17440],"class_list":{"0":"post-606962","1":"product","2":"type-product","3":"status-publish","4":"has-post-thumbnail","6":"product_cat-duo-stars-fr","7":"product_cat-pour-elle","8":"product_cat-pour-lui","9":"product_cat-tous-les-produits","10":"product_cat-cadeaux-de-fiancailles-idees-cadeaux","11":"product_cat-cadeaux-de-mariage","12":"product_cat-cadeaux-denterrement-de-vie-de-jeune-fille","13":"product_cat-cadeaux-de-noel","14":"product_cat-cadeaux-de-noel-pour-femme","15":"product_cat-cadeaux-de-noel-pour-homme","16":"product_cat-cadeaux-de-noel-pour-sa-copine","17":"product_cat-cadeaux-de-noel-pour-son-petit-copain","18":"product_cat-cadeaux-de-noel-pour-sa-femme","19":"product_cat-cadeaux-de-noel-pour-le-mari","20":"product_cat-cadeaux-pour-hommes","21":"product_cat-cadeaux-pour-petit-ami","22":"product_cat-cadeaux-pour-mari","23":"product_cat-cadeaux-pour-femmes","24":"product_cat-cadeaux-pour-petite-amie","25":"product_cat-cadeaux-pour-epouse","26":"product_cat-cadeaux-pour-couple","27":"product_cat-cadeaux-saint-valentin","28":"product_cat-cadeaux-de-saint-valentin-pour-elle","29":"product_cat-cadeaux-de-saint-valentin-pour-lui","30":"product_tag-anniversary-fr","31":"product_tag-cadeaux-de-noel-pour-elle","32":"product_tag-cadeaux-de-noel-pour-le-mari","33":"product_tag-cadeaux-de-noel-pour-lui","34":"product_tag-cadeaux-de-noel-pour-sa-copine","35":"product_tag-cadeaux-de-noel-pour-sa-femme","36":"product_tag-cadeaux-de-noel-pour-son-petit-copain","37":"product_tag-prezenty-pod-choinke-dla-chlopaka-fr","38":"product_tag-prezenty-pod-choinke-dla-dziewczyny-fr","39":"product_tag-prezenty-pod-choinke-dla-niego-fr","40":"product_tag-prezenty-pod-choinke-dla-niej-fr","42":"first","43":"instock","44":"sale","45":"taxable","46":"shipping-taxable","47":"purchasable","48":"product-type-variable"},"yoast_head":"<!-- This site is optimized with the Yoast SEO Premium plugin v27.2 (Yoast SEO v27.2) - https:\/\/yoast.com\/product\/yoast-seo-premium-wordpress\/ -->\n<title>Lorsque Les \u00c9toiles Se Sont Align\u00e9es - Positive Prints<\/title>\n<meta name=\"description\" content=\"La Carte Double des \u00c9toiles Lorsque Les \u00c9toiles Se Sont Align\u00e9es est un cadeau parfait pour les anniversaires, les fian\u00e7ailles, les mariages, la Saint-Valentin ou No\u00ebl\" \/>\n<meta name=\"robots\" content=\"index, follow, max-snippet:-1, max-image-preview:large, max-video-preview:-1\" \/>\n<link rel=\"canonical\" href=\"https:\/\/positiveprints.com\/fr\/produit\/carte-double-des-etoiles-lorsque-les-etoiles-se-sont-alignees\/\" \/>\n<meta property=\"og:locale\" content=\"fr_FR\" \/>\n<meta property=\"og:type\" content=\"article\" \/>\n<meta property=\"og:title\" content=\"Carte Double des \u00c9toiles Lorsque Les \u00c9toiles Se Sont Align\u00e9es\" \/>\n<meta property=\"og:description\" content=\"Concevez votre propre carte des \u00e9toiles repr\u00e9sentant le ciel \u00e0 partir de deux lieux et dates diff\u00e9rents Ajoutez des constellations et la Voie lact\u00e9e  Personnalisez en 3 \u00e9tapes simples Incluez un texte personnalis\u00e9 significatif Vois le r\u00e9sultat imm\u00e9diatement \u2013 l\u2019aper\u00e7u interactif te permet de peaufiner chaque d\u00e9tail\" \/>\n<meta property=\"og:url\" content=\"https:\/\/positiveprints.com\/fr\/produit\/carte-double-des-etoiles-lorsque-les-etoiles-se-sont-alignees\/\" \/>\n<meta property=\"og:site_name\" content=\"Positive Prints\" \/>\n<meta property=\"article:publisher\" content=\"https:\/\/www.facebook.com\/positiveprintscom\" \/>\n<meta property=\"article:modified_time\" content=\"2026-04-18T04:56:27+00:00\" \/>\n<meta property=\"og:image\" content=\"https:\/\/positiveprints.com\/wp-content\/uploads\/2024\/11\/PACKSHOT_FR_When-The-Stars-Aligned-Double-Star-Map-product-image-.webp\" \/>\n\t<meta property=\"og:image:width\" content=\"1450\" \/>\n\t<meta property=\"og:image:height\" content=\"1450\" \/>\n\t<meta property=\"og:image:type\" content=\"image\/webp\" \/>\n<meta name=\"twitter:card\" content=\"summary_large_image\" \/>\n<meta name=\"twitter:label1\" content=\"Dur\u00e9e de lecture estim\u00e9e\" \/>\n\t<meta name=\"twitter:data1\" content=\"2 minutes\" \/>\n<!-- \/ Yoast SEO Premium plugin. -->","yoast_head_json":{"title":"Lorsque Les \u00c9toiles Se Sont Align\u00e9es - Positive Prints","description":"La Carte Double des \u00c9toiles Lorsque Les \u00c9toiles Se Sont Align\u00e9es est un cadeau parfait pour les anniversaires, les fian\u00e7ailles, les mariages, la Saint-Valentin ou No\u00ebl","robots":{"index":"index","follow":"follow","max-snippet":"max-snippet:-1","max-image-preview":"max-image-preview:large","max-video-preview":"max-video-preview:-1"},"canonical":"https:\/\/positiveprints.com\/fr\/produit\/carte-double-des-etoiles-lorsque-les-etoiles-se-sont-alignees\/","og_locale":"fr_FR","og_type":"article","og_title":"Carte Double des \u00c9toiles Lorsque Les \u00c9toiles Se Sont Align\u00e9es","og_description":"Concevez votre propre carte des \u00e9toiles repr\u00e9sentant le ciel \u00e0 partir de deux lieux et dates diff\u00e9rents Ajoutez des constellations et la Voie lact\u00e9e  Personnalisez en 3 \u00e9tapes simples Incluez un texte personnalis\u00e9 significatif Vois le r\u00e9sultat imm\u00e9diatement \u2013 l\u2019aper\u00e7u interactif te permet de peaufiner chaque d\u00e9tail","og_url":"https:\/\/positiveprints.com\/fr\/produit\/carte-double-des-etoiles-lorsque-les-etoiles-se-sont-alignees\/","og_site_name":"Positive Prints","article_publisher":"https:\/\/www.facebook.com\/positiveprintscom","article_modified_time":"2026-04-18T04:56:27+00:00","og_image":[{"width":1450,"height":1450,"url":"https:\/\/positiveprints.com\/wp-content\/uploads\/2024\/11\/PACKSHOT_FR_When-The-Stars-Aligned-Double-Star-Map-product-image-.webp","type":"image\/webp"}],"twitter_card":"summary_large_image","twitter_misc":{"Dur\u00e9e de lecture estim\u00e9e":"2 minutes"},"schema":{"@context":"https:\/\/schema.org","@graph":[{"@type":["WebPage","ItemPage"],"@id":"https:\/\/positiveprints.com\/fr\/produit\/carte-double-des-etoiles-lorsque-les-etoiles-se-sont-alignees\/","url":"https:\/\/positiveprints.com\/fr\/produit\/carte-double-des-etoiles-lorsque-les-etoiles-se-sont-alignees\/","name":"Lorsque Les \u00c9toiles Se Sont Align\u00e9es - Positive Prints","isPartOf":{"@id":"https:\/\/positiveprints.com\/fr\/#website"},"primaryImageOfPage":{"@id":"https:\/\/positiveprints.com\/fr\/produit\/carte-double-des-etoiles-lorsque-les-etoiles-se-sont-alignees\/#primaryimage"},"image":{"@id":"https:\/\/positiveprints.com\/fr\/produit\/carte-double-des-etoiles-lorsque-les-etoiles-se-sont-alignees\/#primaryimage"},"thumbnailUrl":"https:\/\/positiveprints.com\/wp-content\/uploads\/2024\/11\/PACKSHOT_FR_When-The-Stars-Aligned-Double-Star-Map-product-image-.webp","datePublished":"2023-04-19T11:22:58+00:00","dateModified":"2026-04-18T04:56:27+00:00","description":"La Carte Double des \u00c9toiles Lorsque Les \u00c9toiles Se Sont Align\u00e9es est un cadeau parfait pour les anniversaires, les fian\u00e7ailles, les mariages, la Saint-Valentin ou No\u00ebl","breadcrumb":{"@id":"https:\/\/positiveprints.com\/fr\/produit\/carte-double-des-etoiles-lorsque-les-etoiles-se-sont-alignees\/#breadcrumb"},"inLanguage":"fr-FR","potentialAction":[{"@type":"ReadAction","target":["https:\/\/positiveprints.com\/fr\/produit\/carte-double-des-etoiles-lorsque-les-etoiles-se-sont-alignees\/"]}]},{"@type":"ImageObject","inLanguage":"fr-FR","@id":"https:\/\/positiveprints.com\/fr\/produit\/carte-double-des-etoiles-lorsque-les-etoiles-se-sont-alignees\/#primaryimage","url":"https:\/\/positiveprints.com\/wp-content\/uploads\/2024\/11\/PACKSHOT_FR_When-The-Stars-Aligned-Double-Star-Map-product-image-.webp","contentUrl":"https:\/\/positiveprints.com\/wp-content\/uploads\/2024\/11\/PACKSHOT_FR_When-The-Stars-Aligned-Double-Star-Map-product-image-.webp","width":1450,"height":1450},{"@type":"BreadcrumbList","@id":"https:\/\/positiveprints.com\/fr\/produit\/carte-double-des-etoiles-lorsque-les-etoiles-se-sont-alignees\/#breadcrumb","itemListElement":[{"@type":"ListItem","position":1,"name":"Home","item":"https:\/\/positiveprints.com\/fr\/"},{"@type":"ListItem","position":2,"name":"Produits","item":"https:\/\/positiveprints.com\/fr\/shop\/"},{"@type":"ListItem","position":3,"name":"Carte Double des \u00c9toiles Lorsque Les \u00c9toiles Se Sont Align\u00e9es"}]},{"@type":"WebSite","@id":"https:\/\/positiveprints.com\/fr\/#website","url":"https:\/\/positiveprints.com\/fr\/","name":"Positive Prints","description":"Amazing Custom Personalized Gifts","publisher":{"@id":"https:\/\/positiveprints.com\/fr\/#organization"},"potentialAction":[{"@type":"SearchAction","target":{"@type":"EntryPoint","urlTemplate":"https:\/\/positiveprints.com\/fr\/?s={search_term_string}"},"query-input":{"@type":"PropertyValueSpecification","valueRequired":true,"valueName":"search_term_string"}}],"inLanguage":"fr-FR"},{"@type":"Organization","@id":"https:\/\/positiveprints.com\/fr\/#organization","name":"Positive Prints","alternateName":"Positive Prints","url":"https:\/\/positiveprints.com\/fr\/","logo":{"@type":"ImageObject","inLanguage":"fr-FR","@id":"https:\/\/positiveprints.com\/fr\/#\/schema\/logo\/image\/","url":"https:\/\/positiveprints.com\/wp-content\/uploads\/2026\/03\/245815646_1337939713319158_5671353136411139666_n.png","contentUrl":"https:\/\/positiveprints.com\/wp-content\/uploads\/2026\/03\/245815646_1337939713319158_5671353136411139666_n.png","width":800,"height":800,"caption":"Positive Prints"},"image":{"@id":"https:\/\/positiveprints.com\/fr\/#\/schema\/logo\/image\/"},"sameAs":["https:\/\/www.facebook.com\/positiveprintscom","https:\/\/www.instagram.com\/positiveprintscom\/","https:\/\/www.tiktok.com\/@positiveprintscom","https:\/\/www.pinterest.com\/positiveprintscom\/"]}]}},"jetpack_sharing_enabled":true,"_links":{"self":[{"href":"https:\/\/positiveprints.com\/fr\/wp-json\/wp\/v2\/product\/606962","targetHints":{"allow":["GET"]}}],"collection":[{"href":"https:\/\/positiveprints.com\/fr\/wp-json\/wp\/v2\/product"}],"about":[{"href":"https:\/\/positiveprints.com\/fr\/wp-json\/wp\/v2\/types\/product"}],"wp:featuredmedia":[{"embeddable":true,"href":"https:\/\/positiveprints.com\/fr\/wp-json\/wp\/v2\/media\/1252554"}],"wp:attachment":[{"href":"https:\/\/positiveprints.com\/fr\/wp-json\/wp\/v2\/media?parent=606962"}],"wp:term":[{"taxonomy":"product_brand","embeddable":true,"href":"https:\/\/positiveprints.com\/fr\/wp-json\/wp\/v2\/product_brand?post=606962"},{"taxonomy":"product_cat","embeddable":true,"href":"https:\/\/positiveprints.com\/fr\/wp-json\/wp\/v2\/product_cat?post=606962"},{"taxonomy":"product_tag","embeddable":true,"href":"https:\/\/positiveprints.com\/fr\/wp-json\/wp\/v2\/product_tag?post=606962"}],"curies":[{"name":"wp","href":"https:\/\/api.w.org\/{rel}","templated":true}]}}