{"id":606932,"date":"2023-04-17T14:23:38","date_gmt":"2023-04-17T13:23:38","guid":{"rendered":"https:\/\/positiveprints.com\/?post_type=product&#038;p=606932"},"modified":"2026-04-12T22:30:00","modified_gmt":"2026-04-12T21:30:00","slug":"carte-double-des-etoiles-pour-papa-et-maman","status":"publish","type":"product","link":"https:\/\/positiveprints.com\/fr\/produit\/carte-double-des-etoiles-pour-papa-et-maman\/","title":{"rendered":"Carte Double des \u00c9toiles pour Papa et Maman"},"content":{"rendered":"<p style=\"margin-top: 1rem\">La Carte Double des \u00c9toiles pour Papa et Maman est un cadeau unique et significatif que vos parents ch\u00e9riront s\u00fbrement. C&#8217;est un cadeau personnalis\u00e9 qui met en valeur deux cartes \u00e9toil\u00e9es de deux dates importantes dans la vie de vos parents. L&#8217;une pour ta m\u00e8re et l&#8217;autre pour ton p\u00e8re. Vous pouvez choisir d&#8217;afficher les cartes des \u00e9toiles \u00e0 partir des dates de leur anniversaire, le jour o\u00f9 ils se sont fianc\u00e9s et mari\u00e9s, ou m\u00eame les dates auxquelles vous et vos fr\u00e8res et s\u0153urs \u00eates n\u00e9s.<\/p>\r\n\r\n\r\n<p style=\"margin-top: 1rem\">Cr\u00e9er une Carte Double des \u00c9toiles est aussi simple que de se diriger vers notre \u00e9diteur en ligne. Vous pouvez choisir parmi un large \u00e9ventail de styles et de couleurs pour votre impression personnalis\u00e9e. De l\u00e0, entrez les dates et les lieux et voyez \u00e0 quoi ressemblait le ciel nocturne pendant ces moments sp\u00e9ciaux. Vous pouvez choisir parmi nos diff\u00e9rentes options telles qu&#8217;une affiche imprim\u00e9e, encadr\u00e9e, une toile ou un t\u00e9l\u00e9chargement num\u00e9rique instantan\u00e9.<\/p>\r\n\r\n\r\n<p style=\"margin-top: 1rem\">La Carte Double des \u00c9toiles pour Papa et Maman est parfaite pour offrir des cadeaux lors d&#8217;occasions sp\u00e9ciales telles que les anniversaires, No\u00ebl, la F\u00eate des m\u00e8res ou la F\u00eate des p\u00e8res. C&#8217;est une fa\u00e7on touchante de c\u00e9l\u00e9brer et de se rem\u00e9morer les \u00e9v\u00e9nements et les moments importants de la vie de vos parents. Ce cadeau personnalis\u00e9 et unique en son genre est une pi\u00e8ce d\u00e9corative \u00e9l\u00e9gante et \u00e9l\u00e9gante pour la maison de vos parents et sert \u00e9galement de rappel de votre amour et de votre affection pour eux.<\/p>\r\n\r\n\r\n<p style=\"margin-top: 1rem\">De plus, la Carte Double des \u00c9toiles pour Papa et Maman est un outil de conversation pour votre famille et vos amis. C&#8217;est une pi\u00e8ce unique qui met en valeur les cartes des \u00e9toiles des jours les plus importants de l&#8217;histoire de votre famille. Vous pouvez l&#8217;utiliser pour cr\u00e9er des liens et vous rem\u00e9morer avec votre famille et vos amis.<\/p>\r\n\r\n\r\n<p style=\"margin-top: 1rem\">Ne vous contentez pas de cadeaux g\u00e9n\u00e9riques. Surprenez vos parents avec ce cadeau unique et significatif qu&#8217;ils ch\u00e9riront s\u00fbrement pour toujours. Commencez \u00e0 cr\u00e9er votre Carte Double des \u00c9toiles pour Papa et Maman d\u00e8s aujourd&#8217;hui !<\/p>","protected":false},"excerpt":{"rendered":"<ul class=\"check-list\">\n<li>Concevez votre propre carte des \u00e9toiles repr\u00e9sentant le ciel \u00e0 partir de deux lieux et dates diff\u00e9rents<\/li>\n<li>Ajoutez des constellations et la Voie lact\u00e9e <\/li>\n<li>Personnalisez en 3 \u00e9tapes simples<\/li>\n<li>Incluez un texte personnalis\u00e9 significatif<\/li>\n<li>Vois le r\u00e9sultat imm\u00e9diatement \u2013 l\u2019aper\u00e7u interactif te permet de peaufiner chaque d\u00e9tail<\/li>\n<\/ul>\n","protected":false},"featured_media":1252246,"template":"","meta":[],"product_brand":[],"product_cat":[7956,9274,8822,5249,5264,15055,7845,11400,7813,104],"product_tag":[13465,15581,15497,8752],"class_list":{"0":"post-606932","1":"product","2":"type-product","3":"status-publish","4":"has-post-thumbnail","6":"product_cat-cadeaux-de-baby-shower","7":"product_cat-bestsellers-label-fr","8":"product_cat-duo-stars-fr","9":"product_cat-cadeaux-de-naissance-bebe","10":"product_cat-cadeaux-de-noel","11":"product_cat-cadeaux-de-noel-pour-la-famille","12":"product_cat-cadeaux-pour-la-famille","13":"product_cat-cadeaux-de-noel-pour-les-parents","14":"product_cat-cadeaux-pour-nouveaux-parents","15":"product_cat-tous-les-produits","16":"product_tag-cadeaux-de-noel-pour-la-famille","17":"product_tag-le-jour-ou-vous-etes-devenus-nos-parents","18":"product_tag-maman-et-papa","19":"product_tag-parents-fr","21":"first","22":"instock","23":"sale","24":"taxable","25":"shipping-taxable","26":"purchasable","27":"product-type-variable"},"yoast_head":"<!-- This site is optimized with the Yoast SEO Premium plugin v27.2 (Yoast SEO v27.2) - https:\/\/yoast.com\/product\/yoast-seo-premium-wordpress\/ -->\n<title>Carte Double des \u00c9toiles pour Papa et Maman - Positive Prints<\/title>\n<meta name=\"description\" content=\"La Carte Double des \u00c9toiles pour Papa et Maman est un cadeau personnalis\u00e9 qui pr\u00e9sente deux cartes \u00e9toiles de deux dates importantes dans la vie de vos parents\" \/>\n<meta name=\"robots\" content=\"index, follow, max-snippet:-1, max-image-preview:large, max-video-preview:-1\" \/>\n<link rel=\"canonical\" href=\"https:\/\/positiveprints.com\/fr\/produit\/carte-double-des-etoiles-pour-papa-et-maman\/\" \/>\n<meta property=\"og:locale\" content=\"fr_FR\" \/>\n<meta property=\"og:type\" content=\"article\" \/>\n<meta property=\"og:title\" content=\"Carte Double des \u00c9toiles pour Papa et Maman\" \/>\n<meta property=\"og:description\" content=\"Concevez votre propre carte des \u00e9toiles repr\u00e9sentant le ciel \u00e0 partir de deux lieux et dates diff\u00e9rents Ajoutez des constellations et la Voie lact\u00e9e  Personnalisez en 3 \u00e9tapes simples Incluez un texte personnalis\u00e9 significatif Vois le r\u00e9sultat imm\u00e9diatement \u2013 l\u2019aper\u00e7u interactif te permet de peaufiner chaque d\u00e9tail\" \/>\n<meta property=\"og:url\" content=\"https:\/\/positiveprints.com\/fr\/produit\/carte-double-des-etoiles-pour-papa-et-maman\/\" \/>\n<meta property=\"og:site_name\" content=\"Positive Prints\" \/>\n<meta property=\"article:publisher\" content=\"https:\/\/www.facebook.com\/positiveprintscom\" \/>\n<meta property=\"article:modified_time\" content=\"2026-04-12T21:30:00+00:00\" \/>\n<meta property=\"og:image\" content=\"https:\/\/positiveprints.com\/wp-content\/uploads\/2024\/11\/PACKSHOT_FR_Mom-and-Dad-Double-Star-Map-product-image-.webp\" \/>\n\t<meta property=\"og:image:width\" content=\"1450\" \/>\n\t<meta property=\"og:image:height\" content=\"1450\" \/>\n\t<meta property=\"og:image:type\" content=\"image\/webp\" \/>\n<meta name=\"twitter:card\" content=\"summary_large_image\" \/>\n<meta name=\"twitter:label1\" content=\"Dur\u00e9e de lecture estim\u00e9e\" \/>\n\t<meta name=\"twitter:data1\" content=\"2 minutes\" \/>\n<!-- \/ Yoast SEO Premium plugin. -->","yoast_head_json":{"title":"Carte Double des \u00c9toiles pour Papa et Maman - Positive Prints","description":"La Carte Double des \u00c9toiles pour Papa et Maman est un cadeau personnalis\u00e9 qui pr\u00e9sente deux cartes \u00e9toiles de deux dates importantes dans la vie de vos parents","robots":{"index":"index","follow":"follow","max-snippet":"max-snippet:-1","max-image-preview":"max-image-preview:large","max-video-preview":"max-video-preview:-1"},"canonical":"https:\/\/positiveprints.com\/fr\/produit\/carte-double-des-etoiles-pour-papa-et-maman\/","og_locale":"fr_FR","og_type":"article","og_title":"Carte Double des \u00c9toiles pour Papa et Maman","og_description":"Concevez votre propre carte des \u00e9toiles repr\u00e9sentant le ciel \u00e0 partir de deux lieux et dates diff\u00e9rents Ajoutez des constellations et la Voie lact\u00e9e  Personnalisez en 3 \u00e9tapes simples Incluez un texte personnalis\u00e9 significatif Vois le r\u00e9sultat imm\u00e9diatement \u2013 l\u2019aper\u00e7u interactif te permet de peaufiner chaque d\u00e9tail","og_url":"https:\/\/positiveprints.com\/fr\/produit\/carte-double-des-etoiles-pour-papa-et-maman\/","og_site_name":"Positive Prints","article_publisher":"https:\/\/www.facebook.com\/positiveprintscom","article_modified_time":"2026-04-12T21:30:00+00:00","og_image":[{"width":1450,"height":1450,"url":"https:\/\/positiveprints.com\/wp-content\/uploads\/2024\/11\/PACKSHOT_FR_Mom-and-Dad-Double-Star-Map-product-image-.webp","type":"image\/webp"}],"twitter_card":"summary_large_image","twitter_misc":{"Dur\u00e9e de lecture estim\u00e9e":"2 minutes"},"schema":{"@context":"https:\/\/schema.org","@graph":[{"@type":["WebPage","ItemPage"],"@id":"https:\/\/positiveprints.com\/fr\/produit\/carte-double-des-etoiles-pour-papa-et-maman\/","url":"https:\/\/positiveprints.com\/fr\/produit\/carte-double-des-etoiles-pour-papa-et-maman\/","name":"Carte Double des \u00c9toiles pour Papa et Maman - Positive Prints","isPartOf":{"@id":"https:\/\/positiveprints.com\/fr\/#website"},"primaryImageOfPage":{"@id":"https:\/\/positiveprints.com\/fr\/produit\/carte-double-des-etoiles-pour-papa-et-maman\/#primaryimage"},"image":{"@id":"https:\/\/positiveprints.com\/fr\/produit\/carte-double-des-etoiles-pour-papa-et-maman\/#primaryimage"},"thumbnailUrl":"https:\/\/positiveprints.com\/wp-content\/uploads\/2024\/11\/PACKSHOT_FR_Mom-and-Dad-Double-Star-Map-product-image-.webp","datePublished":"2023-04-17T13:23:38+00:00","dateModified":"2026-04-12T21:30:00+00:00","description":"La Carte Double des \u00c9toiles pour Papa et Maman est un cadeau personnalis\u00e9 qui pr\u00e9sente deux cartes \u00e9toiles de deux dates importantes dans la vie de vos parents","breadcrumb":{"@id":"https:\/\/positiveprints.com\/fr\/produit\/carte-double-des-etoiles-pour-papa-et-maman\/#breadcrumb"},"inLanguage":"fr-FR","potentialAction":[{"@type":"ReadAction","target":["https:\/\/positiveprints.com\/fr\/produit\/carte-double-des-etoiles-pour-papa-et-maman\/"]}]},{"@type":"ImageObject","inLanguage":"fr-FR","@id":"https:\/\/positiveprints.com\/fr\/produit\/carte-double-des-etoiles-pour-papa-et-maman\/#primaryimage","url":"https:\/\/positiveprints.com\/wp-content\/uploads\/2024\/11\/PACKSHOT_FR_Mom-and-Dad-Double-Star-Map-product-image-.webp","contentUrl":"https:\/\/positiveprints.com\/wp-content\/uploads\/2024\/11\/PACKSHOT_FR_Mom-and-Dad-Double-Star-Map-product-image-.webp","width":1450,"height":1450},{"@type":"BreadcrumbList","@id":"https:\/\/positiveprints.com\/fr\/produit\/carte-double-des-etoiles-pour-papa-et-maman\/#breadcrumb","itemListElement":[{"@type":"ListItem","position":1,"name":"Home","item":"https:\/\/positiveprints.com\/fr\/"},{"@type":"ListItem","position":2,"name":"Produits","item":"https:\/\/positiveprints.com\/fr\/shop\/"},{"@type":"ListItem","position":3,"name":"Carte Double des \u00c9toiles pour Papa et Maman"}]},{"@type":"WebSite","@id":"https:\/\/positiveprints.com\/fr\/#website","url":"https:\/\/positiveprints.com\/fr\/","name":"Positive Prints","description":"Amazing Custom Personalized Gifts","publisher":{"@id":"https:\/\/positiveprints.com\/fr\/#organization"},"potentialAction":[{"@type":"SearchAction","target":{"@type":"EntryPoint","urlTemplate":"https:\/\/positiveprints.com\/fr\/?s={search_term_string}"},"query-input":{"@type":"PropertyValueSpecification","valueRequired":true,"valueName":"search_term_string"}}],"inLanguage":"fr-FR"},{"@type":"Organization","@id":"https:\/\/positiveprints.com\/fr\/#organization","name":"Positive Prints","alternateName":"Positive Prints","url":"https:\/\/positiveprints.com\/fr\/","logo":{"@type":"ImageObject","inLanguage":"fr-FR","@id":"https:\/\/positiveprints.com\/fr\/#\/schema\/logo\/image\/","url":"https:\/\/positiveprints.com\/wp-content\/uploads\/2026\/03\/245815646_1337939713319158_5671353136411139666_n.png","contentUrl":"https:\/\/positiveprints.com\/wp-content\/uploads\/2026\/03\/245815646_1337939713319158_5671353136411139666_n.png","width":800,"height":800,"caption":"Positive Prints"},"image":{"@id":"https:\/\/positiveprints.com\/fr\/#\/schema\/logo\/image\/"},"sameAs":["https:\/\/www.facebook.com\/positiveprintscom","https:\/\/www.instagram.com\/positiveprintscom\/","https:\/\/www.tiktok.com\/@positiveprintscom","https:\/\/www.pinterest.com\/positiveprintscom\/"]}]}},"jetpack_sharing_enabled":true,"_links":{"self":[{"href":"https:\/\/positiveprints.com\/fr\/wp-json\/wp\/v2\/product\/606932","targetHints":{"allow":["GET"]}}],"collection":[{"href":"https:\/\/positiveprints.com\/fr\/wp-json\/wp\/v2\/product"}],"about":[{"href":"https:\/\/positiveprints.com\/fr\/wp-json\/wp\/v2\/types\/product"}],"wp:featuredmedia":[{"embeddable":true,"href":"https:\/\/positiveprints.com\/fr\/wp-json\/wp\/v2\/media\/1252246"}],"wp:attachment":[{"href":"https:\/\/positiveprints.com\/fr\/wp-json\/wp\/v2\/media?parent=606932"}],"wp:term":[{"taxonomy":"product_brand","embeddable":true,"href":"https:\/\/positiveprints.com\/fr\/wp-json\/wp\/v2\/product_brand?post=606932"},{"taxonomy":"product_cat","embeddable":true,"href":"https:\/\/positiveprints.com\/fr\/wp-json\/wp\/v2\/product_cat?post=606932"},{"taxonomy":"product_tag","embeddable":true,"href":"https:\/\/positiveprints.com\/fr\/wp-json\/wp\/v2\/product_tag?post=606932"}],"curies":[{"name":"wp","href":"https:\/\/api.w.org\/{rel}","templated":true}]}}