{"id":591080,"date":"2023-04-07T20:38:07","date_gmt":"2023-04-07T19:38:07","guid":{"rendered":"https:\/\/positiveprints.com\/?post_type=product&#038;p=591080"},"modified":"2026-04-03T03:19:04","modified_gmt":"2026-04-03T02:19:04","slug":"notre-papa-carte-des-etoiles-triple","status":"publish","type":"product","link":"https:\/\/positiveprints.com\/fr\/produit\/notre-papa-carte-des-etoiles-triple\/","title":{"rendered":"\u00ab Notre Papa \u00bb Carte des \u00c9toiles Triple"},"content":{"rendered":"<p style=\"margin-top: 1rem\">La Carte des \u00c9toiles Triple pour Papa est le cadeau personnalis\u00e9 ultime pour votre p\u00e8re \u00e0 toute occasion sp\u00e9ciale ! Qu&#8217;il s&#8217;agisse de la F\u00eate des p\u00e8res, de son anniversaire ou de No\u00ebl, cette impression unique rendra sa journ\u00e9e inoubliable.<\/p>\r\n\r\n\r\n<p style=\"margin-top: 1rem\">Avec trois superbes cartes d&#8217;\u00e9toiles sur une seule affiche, ce cadeau est enti\u00e8rement personnalisable. L&#8217;une des cartes des \u00e9toiles pr\u00e9sente la date et l&#8217;emplacement de la naissance de votre m\u00e8re, tandis que les deux autres cartes sont d\u00e9di\u00e9es \u00e0 vous et \u00e0 vos fr\u00e8res et s\u0153urs.<\/p>\r\n\r\n\r\n<p style=\"margin-top: 1rem\">Avec notre \u00e9diteur en ligne facile \u00e0 utiliser, vous avez la libert\u00e9 de choisir parmi un large \u00e9ventail de designs et de couleurs, pour cr\u00e9er une Carte des \u00c9toiles Triple pour Papa unique et \u00e9poustouflante. Vous pouvez m\u00eame inclure un message personnel ou un devis pour ajouter une touche sp\u00e9ciale.<\/p>\r\n\r\n\r\n<p style=\"margin-top: 1rem\">Une fois que vous avez con\u00e7u les cartes des \u00e9toiles parfaites, vous pouvez choisir la taille et le format qui conviennent le mieux \u00e0 vos besoins. Nous proposons des affiches imprim\u00e9es ou encadr\u00e9es, des canevas ou un fichier de t\u00e9l\u00e9chargement num\u00e9rique instantan\u00e9, afin que vous puissiez choisir l&#8217;option parfaite en toute simplicit\u00e9. Offrez \u00e0 votre p\u00e8re un cadeau significatif et inoubliable avec la Carte des \u00c9toiles Triple pour Papa.<\/p>","protected":false},"excerpt":{"rendered":"<ul class=\"check-list\">\n<li>Concevez votre propre carte des \u00e9toiles repr\u00e9sentant le ciel \u00e0 partir de 3 endroits et dates diff\u00e9rents<\/li>\n<li>Ajoutez des constellations et la Voie lact\u00e9e <\/li>\n<li>Personnalisez en 3 \u00e9tapes simples<\/li>\n<li>Incluez un texte personnalis\u00e9 significatif<\/li>\n<li>Vois le r\u00e9sultat imm\u00e9diatement \u2013 l\u2019aper\u00e7u interactif te permet de peaufiner chaque d\u00e9tail<\/li>\n<\/ul>\n","protected":false},"featured_media":1258610,"template":"","meta":[],"product_brand":[],"product_cat":[9096,104],"product_tag":[11107],"class_list":{"0":"post-591080","1":"product","2":"type-product","3":"status-publish","4":"has-post-thumbnail","6":"product_cat-trio-stars-fr","7":"product_cat-tous-les-produits","8":"product_tag-father-it-fr","10":"first","11":"instock","12":"sale","13":"taxable","14":"shipping-taxable","15":"purchasable","16":"product-type-variable"},"yoast_head":"<!-- This site is optimized with the Yoast SEO Premium plugin v27.2 (Yoast SEO v27.2) - https:\/\/yoast.com\/product\/yoast-seo-premium-wordpress\/ -->\n<title>\u00ab Notre Papa \u00bb Carte des \u00c9toiles Triple - Positive Prints<\/title>\n<meta name=\"description\" content=\"C\u00e9l\u00e9brez la paternit\u00e9 et offrez \u00e0 votre p\u00e8re une \u0153uvre d&#039;art vraiment intemporelle qu&#039;il ch\u00e9rira pour les ann\u00e9es \u00e0 venir. Commandez la Carte des \u00c9toiles Triple pour Papa maintenant\" \/>\n<meta name=\"robots\" content=\"index, follow, max-snippet:-1, max-image-preview:large, max-video-preview:-1\" \/>\n<link rel=\"canonical\" href=\"https:\/\/positiveprints.com\/fr\/produit\/notre-papa-carte-des-etoiles-triple\/\" \/>\n<meta property=\"og:locale\" content=\"fr_FR\" \/>\n<meta property=\"og:type\" content=\"article\" \/>\n<meta property=\"og:title\" content=\"\u00ab Notre Papa \u00bb Carte des \u00c9toiles Triple\" \/>\n<meta property=\"og:description\" content=\"Concevez votre propre carte des \u00e9toiles repr\u00e9sentant le ciel \u00e0 partir de 3 endroits et dates diff\u00e9rents Ajoutez des constellations et la Voie lact\u00e9e  Personnalisez en 3 \u00e9tapes simples Incluez un texte personnalis\u00e9 significatif Vois le r\u00e9sultat imm\u00e9diatement \u2013 l\u2019aper\u00e7u interactif te permet de peaufiner chaque d\u00e9tail\" \/>\n<meta property=\"og:url\" content=\"https:\/\/positiveprints.com\/fr\/produit\/notre-papa-carte-des-etoiles-triple\/\" \/>\n<meta property=\"og:site_name\" content=\"Positive Prints\" \/>\n<meta property=\"article:publisher\" content=\"https:\/\/www.facebook.com\/positiveprintscom\" \/>\n<meta property=\"article:modified_time\" content=\"2026-04-03T02:19:04+00:00\" \/>\n<meta property=\"og:image\" content=\"https:\/\/positiveprints.com\/wp-content\/uploads\/2024\/11\/Packshot_FR_Our-Dad-Triple-Star-Map-product-image-.webp\" \/>\n\t<meta property=\"og:image:width\" content=\"1450\" \/>\n\t<meta property=\"og:image:height\" content=\"1450\" \/>\n\t<meta property=\"og:image:type\" content=\"image\/webp\" \/>\n<meta name=\"twitter:card\" content=\"summary_large_image\" \/>\n<meta name=\"twitter:label1\" content=\"Dur\u00e9e de lecture estim\u00e9e\" \/>\n\t<meta name=\"twitter:data1\" content=\"1 minute\" \/>\n<!-- \/ Yoast SEO Premium plugin. -->","yoast_head_json":{"title":"\u00ab Notre Papa \u00bb Carte des \u00c9toiles Triple - Positive Prints","description":"C\u00e9l\u00e9brez la paternit\u00e9 et offrez \u00e0 votre p\u00e8re une \u0153uvre d'art vraiment intemporelle qu'il ch\u00e9rira pour les ann\u00e9es \u00e0 venir. Commandez la Carte des \u00c9toiles Triple pour Papa maintenant","robots":{"index":"index","follow":"follow","max-snippet":"max-snippet:-1","max-image-preview":"max-image-preview:large","max-video-preview":"max-video-preview:-1"},"canonical":"https:\/\/positiveprints.com\/fr\/produit\/notre-papa-carte-des-etoiles-triple\/","og_locale":"fr_FR","og_type":"article","og_title":"\u00ab Notre Papa \u00bb Carte des \u00c9toiles Triple","og_description":"Concevez votre propre carte des \u00e9toiles repr\u00e9sentant le ciel \u00e0 partir de 3 endroits et dates diff\u00e9rents Ajoutez des constellations et la Voie lact\u00e9e  Personnalisez en 3 \u00e9tapes simples Incluez un texte personnalis\u00e9 significatif Vois le r\u00e9sultat imm\u00e9diatement \u2013 l\u2019aper\u00e7u interactif te permet de peaufiner chaque d\u00e9tail","og_url":"https:\/\/positiveprints.com\/fr\/produit\/notre-papa-carte-des-etoiles-triple\/","og_site_name":"Positive Prints","article_publisher":"https:\/\/www.facebook.com\/positiveprintscom","article_modified_time":"2026-04-03T02:19:04+00:00","og_image":[{"width":1450,"height":1450,"url":"https:\/\/positiveprints.com\/wp-content\/uploads\/2024\/11\/Packshot_FR_Our-Dad-Triple-Star-Map-product-image-.webp","type":"image\/webp"}],"twitter_card":"summary_large_image","twitter_misc":{"Dur\u00e9e de lecture estim\u00e9e":"1 minute"},"schema":{"@context":"https:\/\/schema.org","@graph":[{"@type":["WebPage","ItemPage"],"@id":"https:\/\/positiveprints.com\/fr\/produit\/notre-papa-carte-des-etoiles-triple\/","url":"https:\/\/positiveprints.com\/fr\/produit\/notre-papa-carte-des-etoiles-triple\/","name":"\u00ab Notre Papa \u00bb Carte des \u00c9toiles Triple - Positive Prints","isPartOf":{"@id":"https:\/\/positiveprints.com\/fr\/#website"},"primaryImageOfPage":{"@id":"https:\/\/positiveprints.com\/fr\/produit\/notre-papa-carte-des-etoiles-triple\/#primaryimage"},"image":{"@id":"https:\/\/positiveprints.com\/fr\/produit\/notre-papa-carte-des-etoiles-triple\/#primaryimage"},"thumbnailUrl":"https:\/\/positiveprints.com\/wp-content\/uploads\/2024\/11\/Packshot_FR_Our-Dad-Triple-Star-Map-product-image-.webp","datePublished":"2023-04-07T19:38:07+00:00","dateModified":"2026-04-03T02:19:04+00:00","description":"C\u00e9l\u00e9brez la paternit\u00e9 et offrez \u00e0 votre p\u00e8re une \u0153uvre d'art vraiment intemporelle qu'il ch\u00e9rira pour les ann\u00e9es \u00e0 venir. Commandez la Carte des \u00c9toiles Triple pour Papa maintenant","breadcrumb":{"@id":"https:\/\/positiveprints.com\/fr\/produit\/notre-papa-carte-des-etoiles-triple\/#breadcrumb"},"inLanguage":"fr-FR","potentialAction":[{"@type":"ReadAction","target":["https:\/\/positiveprints.com\/fr\/produit\/notre-papa-carte-des-etoiles-triple\/"]}]},{"@type":"ImageObject","inLanguage":"fr-FR","@id":"https:\/\/positiveprints.com\/fr\/produit\/notre-papa-carte-des-etoiles-triple\/#primaryimage","url":"https:\/\/positiveprints.com\/wp-content\/uploads\/2024\/11\/Packshot_FR_Our-Dad-Triple-Star-Map-product-image-.webp","contentUrl":"https:\/\/positiveprints.com\/wp-content\/uploads\/2024\/11\/Packshot_FR_Our-Dad-Triple-Star-Map-product-image-.webp","width":1450,"height":1450},{"@type":"BreadcrumbList","@id":"https:\/\/positiveprints.com\/fr\/produit\/notre-papa-carte-des-etoiles-triple\/#breadcrumb","itemListElement":[{"@type":"ListItem","position":1,"name":"Home","item":"https:\/\/positiveprints.com\/fr\/"},{"@type":"ListItem","position":2,"name":"Produits","item":"https:\/\/positiveprints.com\/fr\/shop\/"},{"@type":"ListItem","position":3,"name":"\u00ab Notre Papa \u00bb Carte des \u00c9toiles Triple"}]},{"@type":"WebSite","@id":"https:\/\/positiveprints.com\/fr\/#website","url":"https:\/\/positiveprints.com\/fr\/","name":"Positive Prints","description":"Amazing Custom Personalized Gifts","publisher":{"@id":"https:\/\/positiveprints.com\/fr\/#organization"},"potentialAction":[{"@type":"SearchAction","target":{"@type":"EntryPoint","urlTemplate":"https:\/\/positiveprints.com\/fr\/?s={search_term_string}"},"query-input":{"@type":"PropertyValueSpecification","valueRequired":true,"valueName":"search_term_string"}}],"inLanguage":"fr-FR"},{"@type":"Organization","@id":"https:\/\/positiveprints.com\/fr\/#organization","name":"Positive Prints","alternateName":"Positive Prints","url":"https:\/\/positiveprints.com\/fr\/","logo":{"@type":"ImageObject","inLanguage":"fr-FR","@id":"https:\/\/positiveprints.com\/fr\/#\/schema\/logo\/image\/","url":"https:\/\/positiveprints.com\/wp-content\/uploads\/2026\/03\/245815646_1337939713319158_5671353136411139666_n.png","contentUrl":"https:\/\/positiveprints.com\/wp-content\/uploads\/2026\/03\/245815646_1337939713319158_5671353136411139666_n.png","width":800,"height":800,"caption":"Positive Prints"},"image":{"@id":"https:\/\/positiveprints.com\/fr\/#\/schema\/logo\/image\/"},"sameAs":["https:\/\/www.facebook.com\/positiveprintscom","https:\/\/www.instagram.com\/positiveprintscom\/","https:\/\/www.tiktok.com\/@positiveprintscom","https:\/\/www.pinterest.com\/positiveprintscom\/"]}]}},"jetpack_sharing_enabled":true,"_links":{"self":[{"href":"https:\/\/positiveprints.com\/fr\/wp-json\/wp\/v2\/product\/591080","targetHints":{"allow":["GET"]}}],"collection":[{"href":"https:\/\/positiveprints.com\/fr\/wp-json\/wp\/v2\/product"}],"about":[{"href":"https:\/\/positiveprints.com\/fr\/wp-json\/wp\/v2\/types\/product"}],"wp:featuredmedia":[{"embeddable":true,"href":"https:\/\/positiveprints.com\/fr\/wp-json\/wp\/v2\/media\/1258610"}],"wp:attachment":[{"href":"https:\/\/positiveprints.com\/fr\/wp-json\/wp\/v2\/media?parent=591080"}],"wp:term":[{"taxonomy":"product_brand","embeddable":true,"href":"https:\/\/positiveprints.com\/fr\/wp-json\/wp\/v2\/product_brand?post=591080"},{"taxonomy":"product_cat","embeddable":true,"href":"https:\/\/positiveprints.com\/fr\/wp-json\/wp\/v2\/product_cat?post=591080"},{"taxonomy":"product_tag","embeddable":true,"href":"https:\/\/positiveprints.com\/fr\/wp-json\/wp\/v2\/product_tag?post=591080"}],"curies":[{"name":"wp","href":"https:\/\/api.w.org\/{rel}","templated":true}]}}