{"id":56401,"date":"2021-04-12T08:31:51","date_gmt":"2021-04-12T07:31:51","guid":{"rendered":"https:\/\/positiveprints.com\/?post_type=product&#038;p=56401"},"modified":"2026-04-18T09:09:35","modified_gmt":"2026-04-18T08:09:35","slug":"carte-rencontre-fiancailles-mariage","status":"publish","type":"product","link":"https:\/\/positiveprints.com\/fr\/produit\/carte-rencontre-fiancailles-mariage\/","title":{"rendered":"Notre Histoire d&#8217;Amour"},"content":{"rendered":"<p><span style=\"font-weight: 400;\">Toute histoire d\u2019amour commence par une rencontre. La v\u00f4tre a grandi, s\u2019est affirm\u00e9e, puis vous a conduits \u00e0 faire le choix de vous engager l\u2019un envers l\u2019autre. Aujourd\u2019hui mari\u00e9s, vous prenez plaisir \u00e0 revivre ces moments fondateurs et \u00e0 les partager. Bien que chaque parcours soit unique, tous sont fa\u00e7onn\u00e9s par des \u00e9tapes essentielles. Mettre en lumi\u00e8re ces instants pr\u00e9cieux gr\u00e2ce \u00e0 une affiche Notre Histoire d\u2019Amour est une mani\u00e8re \u00e9l\u00e9gante de c\u00e9l\u00e9brer votre histoire commune.<\/span><\/p>\n<h2><b>Qu&#8217;est ce qu&#8217;une carte Notre Histoire d&#8217;Amour ?<\/b><\/h2>\n<p><span style=\"font-weight: 400;\">\u00c0 l&#8217;image d&#8217;un journal intime qui retrace le parcours de votre vie, une <\/span><a href=\"https:\/\/positiveprints.com\/fr\/produit\/carte-rencontre-fiancailles-mariage\/?srsltid=AfmBOoqACVMr8Zru-RClrVdRjSWIShNkZ4WSEXeNS0x2wWOJE14Cu5ft\"><span style=\"font-weight: 400;\">affiche Notre Histoire d&#8217;Amour<\/span><\/a><span style=\"font-weight: 400;\"> est une repr\u00e9sentation du chemin parcouru avec votre \u00e2me s\u0153ur. La carte met en \u00e9vidence trois des \u00e9tapes les plus importantes de votre histoire : l&#8217;endroit o\u00f9 vous vous \u00eates rencontr\u00e9s, l&#8217;endroit o\u00f9 vous vous \u00eates fianc\u00e9s et l&#8217;endroit o\u00f9 vous vous \u00eates dit &#8220;oui\u201d.<\/span><\/p>\n<p><span style=\"font-weight: 400;\">C&#8217;est une belle illustration artistique du parcours de votre amour, qui vous permettra de raconter et de revivre votre histoire au fil des ans. La carte Notre Histoire d&#8217;Amour est le cadeau id\u00e9al pour votre moiti\u00e9 ou pour un couple qui vous est cher. Et surtout, cette affiche d\u2019art ne ressemble \u00e0 aucune autre car elle est cr\u00e9\u00e9e exclusivement pour vous.<\/span><\/p>\n<h2><b>Pourquoi cr\u00e9er une carte Notre Histoire d&#8217;Amour ?<\/b><\/h2>\n<p><span style=\"font-weight: 400;\">Soyons honn\u00eates : il n\u2019y a rien de tr\u00e8s gratifiant \u00e0 aller choisir un cadeau tout fait dans un magasin pour l\u2019emballer et l\u2019offrir \u00e0 la personne qu\u2019on aime. Il n&#8217;y a rien de mal \u00e0 offrir un cadeau classique si c&#8217;est quelque chose qui est voulu et qui sera utilis\u00e9.\u00a0<\/span><\/p>\n<p><span style=\"font-weight: 400;\">Mais les <\/span><a href=\"https:\/\/positiveprints.com\/fr\/?attachment_id=617724&#038;srsltid=AfmBOopyksMT9vT9FHjXbrtsERLm2vp1lVozFwbn4UOahcnEDN3s5LAz\"><span style=\"font-weight: 400;\">cadeaux personnalis\u00e9s<\/span><\/a><span style=\"font-weight: 400;\">, sur mesure et qui demandent de la r\u00e9flexion sont certainement ceux qui restent le plus en m\u00e9moire. Le symbole cach\u00e9 derri\u00e8re l&#8217;objet fait autant partie du cadeau que l&#8217;objet lui-m\u00eame. Quand cet objet est une carte &#8220;Notre Histoire d&#8217;Amour&#8221;, vous \u00eates s\u00fbr de faire plaisir !<\/span><\/p>\n<p><span style=\"font-weight: 400;\">Beaucoup de nos clients comptent sur Positive Prints pour les aider \u00e0 trouver des id\u00e9es de cadeaux plus personnelles et plus marquantes. Ils veulent offrir quelque chose d&#8217;inattendu, de surprenant, et fait sp\u00e9cialement pour la personne \u00e0 qui ils tiennent. Gr\u00e2ce \u00e0 la personnalisation de nos cartes &#8220;Notre Histoire d&#8217;Amour&#8221;, vous \u00eates s\u00fbr de cr\u00e9er un cadeau vraiment unique.<\/span><\/p>\n<h2><b>Comment faire une carte Notre Histoire d&#8217;Amour ?<\/b><\/h2>\n<p><span style=\"font-weight: 400;\">Nos affiches Notre Histoire d&#8217;Amour sont con\u00e7ues comme une seule image mais repr\u00e9sentent trois moments sp\u00e9ciaux de votre couple. Nous utilisons une technologie GPS de pointe pour localiser avec pr\u00e9cision chaque lieu, ce qui vous offre une repr\u00e9sentation fid\u00e8le des lieux o\u00f9 vous vous \u00eates dit pour la premi\u00e8re fois &#8220;bonjour&#8221;, &#8220;veux-tu m\u2019\u00e9pouser&#8221; et &#8220;oui, je le veux&#8221;.<\/span><\/p>\n<p><span style=\"font-weight: 400;\">Suivez les \u00e9tapes pour cr\u00e9er votre propre affiche Notre Histoire d&#8217;Amour :<\/span><\/p>\n<h3><b>\u00c9tape 1 : Choisissez votre mod\u00e8le\u00a0<\/b><\/h3>\n<p><span style=\"font-weight: 400;\">Si vous souhaitez cr\u00e9er un cadeau vraiment personnalis\u00e9, vous avez besoin de plus qu\u2019un mod\u00e8le standard. C&#8217;est pourquoi nous proposons plusieurs options de conception pour votre affiche d\u2019art Notre Histoire d&#8217;Amour. Vous pouvez choisir l&#8217;un des mod\u00e8les con\u00e7us par nos experts. Ou, si vous vous sentez tr\u00e8s cr\u00e9atif, s\u00e9lectionnez l&#8217;option personnalis\u00e9e pour choisir votre propre combinaison de couleurs.<\/span><\/p>\n<p><span style=\"font-weight: 400;\">Au fur et \u00e0 mesure que vous faites vos s\u00e9lections, l\u2019aper\u00e7u se met \u00e0 jour en temps r\u00e9el pour que vous puissiez voir votre carte prendre forme.<\/span><\/p>\n<h3><b>\u00c9tape 2 : Saisissez vos informations\u00a0<\/b><\/h3>\n<p><span style=\"font-weight: 400;\">En plus des illustrations, votre carte Notre Histoire d&#8217;Amour comprend \u00e9galement plusieurs lignes de texte pour chaque lieu afin que vous puissiez l\u00e9gender chaque moment avec votre touche personnelle. Indiquez les dates de votre premi\u00e8re rencontre, de vos fian\u00e7ailles et de votre mariage. Ajoutez par exemple une citation qui repr\u00e9sente le mieux chaque moment. Ou encore, donnez simplement plus de d\u00e9tails sur le lieu et sur ce qui le rend si sp\u00e9cial \u00e0 vos yeux. Les possibilit\u00e9s sont infinies !<\/span><\/p>\n<h3><b>\u00c9tape 3 : Choisissez un format\u00a0<\/b><\/h3>\n<p><span style=\"font-weight: 400;\">Comme pour la plupart des cr\u00e9ations chez Positive Prints, vous pouvez choisir parmi plusieurs formats et options de livraison. Pour les commandes imprim\u00e9es et exp\u00e9di\u00e9es dans nos locaux, nous imprimons chaque carte sur du papier de qualit\u00e9 professionnelle, con\u00e7u<\/span> <span style=\"font-weight: 400;\">pour conserver l\u2019\u00e9clat des couleurs et offrir un rendu impeccable une fois encadr\u00e9. Si vous le souhaitez, nous pouvons \u00e9galement imprimer votre cr\u00e9ation sur toile. Nous pouvons aussi inclure un cadre pour que votre impression soit pr\u00eate \u00e0 offrir.<\/span><\/p>\n<p><span style=\"font-weight: 400;\">Si vous cherchez une id\u00e9e cadeau de derni\u00e8re minute, nous vous recommandons notre option de t\u00e9l\u00e9chargement num\u00e9rique. Vous recevrez votre affiche Notre Histoire d&#8217;Amour sous format num\u00e9rique par e-mail, que vous pourrez faire imprimer par un imprimeur local pour un traitement plus rapide.\u00a0<\/span><\/p>\n<p><span style=\"font-weight: 400;\">Nous proposons \u00e9galement plusieurs tailles et orientations afin que vous puissiez choisir celle qui convient le mieux \u00e0 votre pi\u00e8ce.<\/span><\/p>\n<h2><b>Surprenez d\u00e8s aujourd&#8217;hui votre bien-aim\u00e9(e) avec une carte Notre Histoire d&#8217;Amour !<\/b><\/h2>\n<p><span style=\"font-weight: 400;\">Les cartes Notre Histoire d&#8217;Amour constituent le cadeau id\u00e9al pour les anniversaires, les mariages, les f\u00eates ou tout autre moment o\u00f9 vous souhaitez c\u00e9l\u00e9brer l&#8217;amour. C&#8217;est un cadeau pour quelqu&#8217;un qui n&#8217;a pas de besoin particulier, ou qui a simplement envie de quelque chose d&#8217;unique, d&#8217;amusant et d&#8217;inattendu.<\/span><\/p><h2 class=\"wp-block-heading\" id=\"h-questions-frequemment-posees\"><strong>Questions Fr\u00e9quemment Pos\u00e9es<\/strong><\/h2><details class=\"wp-block-details is-layout-flow wp-block-details-is-layout-flow\"><summary><strong>Qu&#8217;est-ce qu&#8217;une carte &#8220;Notre Histoire d&#8217;Amour&#8221; ?<\/strong><\/summary><p>Une carte &#8220;Notre Histoire d&#8217;Amour&#8221; est une affiche personnalis\u00e9e c\u00e9l\u00e9brant trois \u00e9tapes importantes de votre relation. En effet, elle met en \u00e9vidence o\u00f9 vous vous \u00eates rencontr\u00e9s, fianc\u00e9s et mari\u00e9s. Par cons\u00e9quent, c&#8217;est une belle illustration artistique du parcours de votre amour.\u200b<\/p><\/details><details class=\"wp-block-details is-layout-flow wp-block-details-is-layout-flow\"><summary><strong>Est-ce une carte personnalis\u00e9e ?<\/strong><\/summary><p>Oui, chaque carte est enti\u00e8rement personnalis\u00e9e. De fait, elle utilise une technologie GPS de pointe pour localiser chaque emplacement. De plus, vous pouvez ajouter un texte personnalis\u00e9 significatif. En outre, l&#8217;aper\u00e7u interactif vous permet de peaufiner chaque d\u00e9tail.\u200b<\/p><\/details><details class=\"wp-block-details is-layout-flow wp-block-details-is-layout-flow\"><summary><strong>Pourquoi est-ce le cadeau id\u00e9al pour les couples ?<\/strong><\/summary><p>C&#8217;est le cadeau id\u00e9al car il raconte votre histoire. Plus pr\u00e9cis\u00e9ment, c&#8217;est un cadeau sur mesure qui demande de la r\u00e9flexion. C\u2019est donc un souvenir sentimental que vous ch\u00e9rirez pour toujours.<\/p><\/details><details class=\"wp-block-details is-layout-flow wp-block-details-is-layout-flow\"><summary><strong>Comment cr\u00e9er ma carte &#8220;Notre Histoire d&#8217;Amour&#8221; ?<\/strong><\/summary><p>Cr\u00e9er votre carte se fait en trois \u00e9tapes simples. D\u2019abord, choisissez votre mod\u00e8le et combinaison de couleurs. Ensuite, saisissez vos informations et l\u00e9gendez chaque moment avec votre touche personnelle. Enfin, choisissez votre format d&#8217;impression.\u200b<\/p><\/details><details class=\"wp-block-details is-layout-flow wp-block-details-is-layout-flow\"><summary><strong>Pour quelles occasions cette carte est-elle parfaite ?<\/strong><\/summary><p>Cette carte est parfaite pour les anniversaires, les mariages, les f\u00eates et la Saint-Valentin. De plus, elle convient pour c\u00e9l\u00e9brer l&#8217;amour \u00e0 tout moment. Donc, c\u2019est le cadeau id\u00e9al pour les couples cherchant quelque chose d&#8217;unique.\u200b<\/p><\/details><details class=\"wp-block-details is-layout-flow wp-block-details-is-layout-flow\"><summary><strong>Dans quels d\u00e9lais puis-je recevoir ma carte ?<\/strong><\/summary><p>Pour un cadeau imm\u00e9diat, choisissez le t\u00e9l\u00e9chargement num\u00e9rique instantan\u00e9, un fichier JPEG haute r\u00e9solution de 300 dpi que vous pouvez imprimer localement. Pour les produits physiques, nous imprimons et exp\u00e9dions localement depuis nos installations en Australie, au Canada, aux \u00c9tats-Unis, au Royaume-Uni et en Europe. Cela garantit une livraison rapide et fiable, souvent en quelques jours seulement.<\/p><\/details><p><\/p>","protected":false},"excerpt":{"rendered":"<ul class=\"check-list\">\n<li>Posez un rep\u00e8re sur le lieu exact avec un symbole choisi<\/li>\n<li>Personnalisez votre design en 3 \u00e9tapes simples<\/li>\n<li>Incluez un texte personnalis\u00e9 significatif<\/li>\n<li>Visualisez le r\u00e9sultat imm\u00e9diatement \u2013 l\u2019aper\u00e7u interactif vous permet de peaufiner chaque d\u00e9tail<\/li>\n<\/ul>\n","protected":false},"featured_media":1240669,"template":"","meta":[],"product_brand":[],"product_cat":[9274,15109,8243,264,11532,11607,11533,11529,11534,11530,11531,7925,8006,7685,7228],"product_tag":[14858],"class_list":{"0":"post-56401","1":"product","2":"type-product","3":"status-publish","4":"has-post-thumbnail","6":"product_cat-bestsellers-label-fr","7":"product_cat-bestsellers-menu-fr","8":"product_cat-digital-products-fr","9":"product_cat-creators-fr-2","10":"product_cat-10-ans-de-mariage","11":"product_cat-50-ans-de-mariage","12":"product_cat-15-ans-de-mariage","13":"product_cat-1-an-de-mariage","14":"product_cat-20-ans-de-mariage","15":"product_cat-2-ans-de-mariage","16":"product_cat-5-ans-de-mariage","17":"product_cat-cadeaux-denterrement-de-vie-de-jeune-fille","18":"product_cat-cadeaux-pour-hommes","19":"product_cat-cadeaux-pour-femmes","20":"product_cat-triple-maps-fr","21":"product_tag-creators-fr-2","23":"first","24":"instock","25":"sale","26":"taxable","27":"shipping-taxable","28":"purchasable","29":"product-type-variable"},"yoast_head":"<!-- This site is optimized with the Yoast SEO Premium plugin v27.2 (Yoast SEO v27.2) - https:\/\/yoast.com\/product\/yoast-seo-premium-wordpress\/ -->\n<title>Notre Histoire d&#039;Amour - Positive Prints<\/title>\n<meta name=\"description\" content=\"La carte Notre Histoire d&#039;Amour est un excellent cadeau pour votre moiti\u00e9 ou pour un couple sp\u00e9cial qui vous est cher.\" \/>\n<meta name=\"robots\" content=\"index, follow, max-snippet:-1, max-image-preview:large, max-video-preview:-1\" \/>\n<link rel=\"canonical\" href=\"https:\/\/positiveprints.com\/fr\/produit\/carte-rencontre-fiancailles-mariage\/\" \/>\n<meta property=\"og:locale\" content=\"fr_FR\" \/>\n<meta property=\"og:type\" content=\"article\" \/>\n<meta property=\"og:title\" content=\"Notre Histoire d&#039;Amour\" \/>\n<meta property=\"og:description\" content=\"Posez un rep\u00e8re sur le lieu exact avec un symbole choisi  Personnalisez votre design en 3 \u00e9tapes simples  Incluez un texte personnalis\u00e9 significatif  Visualisez le r\u00e9sultat imm\u00e9diatement \u2013 l\u2019aper\u00e7u interactif vous permet de peaufiner chaque d\u00e9tail\" \/>\n<meta property=\"og:url\" content=\"https:\/\/positiveprints.com\/fr\/produit\/carte-rencontre-fiancailles-mariage\/\" \/>\n<meta property=\"og:site_name\" content=\"Positive Prints\" \/>\n<meta property=\"article:publisher\" content=\"https:\/\/www.facebook.com\/positiveprintscom\" \/>\n<meta property=\"article:modified_time\" content=\"2026-04-18T08:09:35+00:00\" \/>\n<meta property=\"og:image\" content=\"https:\/\/positiveprints.com\/wp-content\/uploads\/2024\/10\/Packshot_FR_Met-Engaged-Married-product-image.webp\" \/>\n\t<meta property=\"og:image:width\" content=\"1450\" \/>\n\t<meta property=\"og:image:height\" content=\"1450\" \/>\n\t<meta property=\"og:image:type\" content=\"image\/webp\" \/>\n<meta name=\"twitter:card\" content=\"summary_large_image\" \/>\n<meta name=\"twitter:label1\" content=\"Dur\u00e9e de lecture estim\u00e9e\" \/>\n\t<meta name=\"twitter:data1\" content=\"6 minutes\" \/>\n<!-- \/ Yoast SEO Premium plugin. -->","yoast_head_json":{"title":"Notre Histoire d'Amour - Positive Prints","description":"La carte Notre Histoire d'Amour est un excellent cadeau pour votre moiti\u00e9 ou pour un couple sp\u00e9cial qui vous est cher.","robots":{"index":"index","follow":"follow","max-snippet":"max-snippet:-1","max-image-preview":"max-image-preview:large","max-video-preview":"max-video-preview:-1"},"canonical":"https:\/\/positiveprints.com\/fr\/produit\/carte-rencontre-fiancailles-mariage\/","og_locale":"fr_FR","og_type":"article","og_title":"Notre Histoire d'Amour","og_description":"Posez un rep\u00e8re sur le lieu exact avec un symbole choisi  Personnalisez votre design en 3 \u00e9tapes simples  Incluez un texte personnalis\u00e9 significatif  Visualisez le r\u00e9sultat imm\u00e9diatement \u2013 l\u2019aper\u00e7u interactif vous permet de peaufiner chaque d\u00e9tail","og_url":"https:\/\/positiveprints.com\/fr\/produit\/carte-rencontre-fiancailles-mariage\/","og_site_name":"Positive Prints","article_publisher":"https:\/\/www.facebook.com\/positiveprintscom","article_modified_time":"2026-04-18T08:09:35+00:00","og_image":[{"width":1450,"height":1450,"url":"https:\/\/positiveprints.com\/wp-content\/uploads\/2024\/10\/Packshot_FR_Met-Engaged-Married-product-image.webp","type":"image\/webp"}],"twitter_card":"summary_large_image","twitter_misc":{"Dur\u00e9e de lecture estim\u00e9e":"6 minutes"},"schema":{"@context":"https:\/\/schema.org","@graph":[{"@type":["WebPage","ItemPage"],"@id":"https:\/\/positiveprints.com\/fr\/produit\/carte-rencontre-fiancailles-mariage\/","url":"https:\/\/positiveprints.com\/fr\/produit\/carte-rencontre-fiancailles-mariage\/","name":"Notre Histoire d'Amour - Positive Prints","isPartOf":{"@id":"https:\/\/positiveprints.com\/fr\/#website"},"primaryImageOfPage":{"@id":"https:\/\/positiveprints.com\/fr\/produit\/carte-rencontre-fiancailles-mariage\/#primaryimage"},"image":{"@id":"https:\/\/positiveprints.com\/fr\/produit\/carte-rencontre-fiancailles-mariage\/#primaryimage"},"thumbnailUrl":"https:\/\/positiveprints.com\/wp-content\/uploads\/2024\/10\/Packshot_FR_Met-Engaged-Married-product-image.webp","datePublished":"2021-04-12T07:31:51+00:00","dateModified":"2026-04-18T08:09:35+00:00","description":"La carte Notre Histoire d'Amour est un excellent cadeau pour votre moiti\u00e9 ou pour un couple sp\u00e9cial qui vous est cher.","breadcrumb":{"@id":"https:\/\/positiveprints.com\/fr\/produit\/carte-rencontre-fiancailles-mariage\/#breadcrumb"},"inLanguage":"fr-FR","potentialAction":[{"@type":"ReadAction","target":["https:\/\/positiveprints.com\/fr\/produit\/carte-rencontre-fiancailles-mariage\/"]}]},{"@type":"ImageObject","inLanguage":"fr-FR","@id":"https:\/\/positiveprints.com\/fr\/produit\/carte-rencontre-fiancailles-mariage\/#primaryimage","url":"https:\/\/positiveprints.com\/wp-content\/uploads\/2024\/10\/Packshot_FR_Met-Engaged-Married-product-image.webp","contentUrl":"https:\/\/positiveprints.com\/wp-content\/uploads\/2024\/10\/Packshot_FR_Met-Engaged-Married-product-image.webp","width":1450,"height":1450},{"@type":"BreadcrumbList","@id":"https:\/\/positiveprints.com\/fr\/produit\/carte-rencontre-fiancailles-mariage\/#breadcrumb","itemListElement":[{"@type":"ListItem","position":1,"name":"Home","item":"https:\/\/positiveprints.com\/fr\/"},{"@type":"ListItem","position":2,"name":"Produits","item":"https:\/\/positiveprints.com\/fr\/shop\/"},{"@type":"ListItem","position":3,"name":"Notre Histoire d&#8217;Amour"}]},{"@type":"WebSite","@id":"https:\/\/positiveprints.com\/fr\/#website","url":"https:\/\/positiveprints.com\/fr\/","name":"Positive Prints","description":"Amazing Custom Personalized Gifts","publisher":{"@id":"https:\/\/positiveprints.com\/fr\/#organization"},"potentialAction":[{"@type":"SearchAction","target":{"@type":"EntryPoint","urlTemplate":"https:\/\/positiveprints.com\/fr\/?s={search_term_string}"},"query-input":{"@type":"PropertyValueSpecification","valueRequired":true,"valueName":"search_term_string"}}],"inLanguage":"fr-FR"},{"@type":"Organization","@id":"https:\/\/positiveprints.com\/fr\/#organization","name":"Positive Prints","alternateName":"Positive Prints","url":"https:\/\/positiveprints.com\/fr\/","logo":{"@type":"ImageObject","inLanguage":"fr-FR","@id":"https:\/\/positiveprints.com\/fr\/#\/schema\/logo\/image\/","url":"https:\/\/positiveprints.com\/wp-content\/uploads\/2026\/03\/245815646_1337939713319158_5671353136411139666_n.png","contentUrl":"https:\/\/positiveprints.com\/wp-content\/uploads\/2026\/03\/245815646_1337939713319158_5671353136411139666_n.png","width":800,"height":800,"caption":"Positive Prints"},"image":{"@id":"https:\/\/positiveprints.com\/fr\/#\/schema\/logo\/image\/"},"sameAs":["https:\/\/www.facebook.com\/positiveprintscom","https:\/\/www.instagram.com\/positiveprintscom\/","https:\/\/www.tiktok.com\/@positiveprintscom","https:\/\/www.pinterest.com\/positiveprintscom\/"]}]}},"jetpack_sharing_enabled":true,"_links":{"self":[{"href":"https:\/\/positiveprints.com\/fr\/wp-json\/wp\/v2\/product\/56401","targetHints":{"allow":["GET"]}}],"collection":[{"href":"https:\/\/positiveprints.com\/fr\/wp-json\/wp\/v2\/product"}],"about":[{"href":"https:\/\/positiveprints.com\/fr\/wp-json\/wp\/v2\/types\/product"}],"wp:featuredmedia":[{"embeddable":true,"href":"https:\/\/positiveprints.com\/fr\/wp-json\/wp\/v2\/media\/1240669"}],"wp:attachment":[{"href":"https:\/\/positiveprints.com\/fr\/wp-json\/wp\/v2\/media?parent=56401"}],"wp:term":[{"taxonomy":"product_brand","embeddable":true,"href":"https:\/\/positiveprints.com\/fr\/wp-json\/wp\/v2\/product_brand?post=56401"},{"taxonomy":"product_cat","embeddable":true,"href":"https:\/\/positiveprints.com\/fr\/wp-json\/wp\/v2\/product_cat?post=56401"},{"taxonomy":"product_tag","embeddable":true,"href":"https:\/\/positiveprints.com\/fr\/wp-json\/wp\/v2\/product_tag?post=56401"}],"curies":[{"name":"wp","href":"https:\/\/api.w.org\/{rel}","templated":true}]}}