{"id":472093,"date":"2023-04-07T13:29:53","date_gmt":"2023-04-07T12:29:53","guid":{"rendered":"https:\/\/positiveprints.com\/?post_type=product&#038;p=472093"},"modified":"2026-04-28T14:23:57","modified_gmt":"2026-04-28T13:23:57","slug":"carte-des-etoiles-triple-pour-papa","status":"publish","type":"product","link":"https:\/\/positiveprints.com\/fr\/produit\/carte-des-etoiles-triple-pour-papa\/","title":{"rendered":"Carte des \u00c9toiles Triple pour Papa"},"content":{"rendered":"<p style=\"margin-top: 1rem\">La Carte des \u00c9toiles Triple pour Papa est le cadeau personnalis\u00e9 ultime pour tout p\u00e8re de trois enfants lors d&#8217;occasions sp\u00e9ciales ! Qu&#8217;il s&#8217;agisse de la F\u00eate des p\u00e8res, de son anniversaire ou de No\u00ebl, cette impression unique ne manquera pas de laisser une impression durable.<\/p>\r\n\r\n\r\n<p style=\"margin-top: 1rem\">Avec trois superbes cartes d&#8217;\u00e9toiles sur une seule affiche, ce cadeau est la repr\u00e9sentation parfaite du ciel nocturne le jour de la naissance de chacun de ses trois enfants. Avec la possibilit\u00e9 d&#8217;inclure \u00e9galement d&#8217;autres moments importants de sa vie, les possibilit\u00e9s de personnalisation sont infinies.<\/p>\r\n\r\n\r\n<p style=\"margin-top: 1rem\">Avec notre \u00e9diteur en ligne facile \u00e0 utiliser, vous avez la libert\u00e9 de choisir parmi un large \u00e9ventail de designs et de couleurs, pour cr\u00e9er une Carte des \u00c9toiles Triple pour Maman unique et superbe. Vous pouvez choisir des sch\u00e9mas de couleurs pr\u00e9d\u00e9finis ou cr\u00e9er le v\u00f4tre pour le rendre juste. De plus, vous pouvez ajouter une touche personnelle en incluant un message ou un devis sp\u00e9cial.<\/p>\r\n\r\n\r\n<p style=\"margin-top: 1rem\">Une fois que vous avez con\u00e7u votre \u0153uvre d&#8217;art Carte des \u00c9toiles Triple pour Papa parfaite, vous pouvez choisir la taille et le format qui convient le mieux \u00e0 vos besoins. Nous proposons des affiches imprim\u00e9es ou encadr\u00e9es, des canevas ou un fichier de t\u00e9l\u00e9chargement num\u00e9rique instantan\u00e9, afin que vous puissiez choisir l&#8217;option parfaite en toute simplicit\u00e9. Ce cadeau unique est s\u00fbr d&#8217;\u00eatre pr\u00e9cieux pour les ann\u00e9es \u00e0 venir, et est une merveilleuse fa\u00e7on de montrer votre appr\u00e9ciation pour le p\u00e8re sp\u00e9cial dans votre vie.<\/p>","protected":false},"excerpt":{"rendered":"<ul class=\"check-list\">\n<li>Cr\u00e9ez une carte des \u00e9toiles personnalis\u00e9e \u00e0 partir de 3 endroits et dates diff\u00e9rents<\/li>\n<li>Ajoutez des plan\u00e8tes, des constellations et la Voie lact\u00e9e<\/li>\n<li>Personnalisez en 3 \u00e9tapes simples<\/li>\n<li>Incluez un texte personnalis\u00e9 significatif<\/li>\n<li>Visualisez le r\u00e9sultat imm\u00e9diatement \u2013 l\u2019aper\u00e7u interactif vous permet de peaufiner chaque d\u00e9tail<\/li>\n<\/ul>\n","protected":false},"featured_media":1263432,"template":"","meta":[],"product_brand":[],"product_cat":[9096,104,7337,5264,11391,7973],"product_tag":[11760,11107],"class_list":{"0":"post-472093","1":"product","2":"type-product","3":"status-publish","4":"has-post-thumbnail","6":"product_cat-trio-stars-fr","7":"product_cat-tous-les-produits","8":"product_cat-cadeaux-de-fete-des-peres","9":"product_cat-cadeaux-de-noel","10":"product_cat-cadeaux-de-noel-pour-papa","11":"product_cat-cadeaux-pour-papa","12":"product_tag-cadeaux-de-noel-pour-papa","13":"product_tag-father-it-fr","15":"first","16":"instock","17":"sale","18":"taxable","19":"shipping-taxable","20":"purchasable","21":"product-type-variable"},"yoast_head":"<!-- This site is optimized with the Yoast SEO Premium plugin v27.2 (Yoast SEO v27.2) - https:\/\/yoast.com\/product\/yoast-seo-premium-wordpress\/ -->\n<title>Carte des \u00c9toiles Triple pour Papa - Positive Prints<\/title>\n<meta name=\"description\" content=\"Offrez \u00e0 votre p\u00e8re une repr\u00e9sentation c\u00e9leste de 40x30 cm capturant trois moments significatifs de sa vie sous forme de constellations, un cadeau pour la f\u00eate des p\u00e8res aussi unique et brillant que votre relation.\" \/>\n<meta name=\"robots\" content=\"index, follow, max-snippet:-1, max-image-preview:large, max-video-preview:-1\" \/>\n<link rel=\"canonical\" href=\"https:\/\/positiveprints.com\/fr\/produit\/carte-des-etoiles-triple-pour-papa\/\" \/>\n<meta property=\"og:locale\" content=\"fr_FR\" \/>\n<meta property=\"og:type\" content=\"article\" \/>\n<meta property=\"og:title\" content=\"Carte des \u00c9toiles Triple pour Papa\" \/>\n<meta property=\"og:description\" content=\"Cr\u00e9ez une carte des \u00e9toiles personnalis\u00e9e \u00e0 partir de 3 endroits et dates diff\u00e9rents Ajoutez des plan\u00e8tes, des constellations et la Voie lact\u00e9e Personnalisez en 3 \u00e9tapes simples Incluez un texte personnalis\u00e9 significatif Visualisez le r\u00e9sultat imm\u00e9diatement \u2013 l\u2019aper\u00e7u interactif vous permet de peaufiner chaque d\u00e9tail\" \/>\n<meta property=\"og:url\" content=\"https:\/\/positiveprints.com\/fr\/produit\/carte-des-etoiles-triple-pour-papa\/\" \/>\n<meta property=\"og:site_name\" content=\"Positive Prints\" \/>\n<meta property=\"article:publisher\" content=\"https:\/\/www.facebook.com\/positiveprintscom\" \/>\n<meta property=\"article:modified_time\" content=\"2026-04-28T13:23:57+00:00\" \/>\n<meta property=\"og:image\" content=\"https:\/\/positiveprints.com\/wp-content\/uploads\/2024\/11\/Packshot_FR_Triple-Star-Map-for-Dad-product-image-.webp\" \/>\n\t<meta property=\"og:image:width\" content=\"1450\" \/>\n\t<meta property=\"og:image:height\" content=\"1450\" \/>\n\t<meta property=\"og:image:type\" content=\"image\/webp\" \/>\n<meta name=\"twitter:card\" content=\"summary_large_image\" \/>\n<!-- \/ Yoast SEO Premium plugin. -->","yoast_head_json":{"title":"Carte des \u00c9toiles Triple pour Papa - Positive Prints","description":"Offrez \u00e0 votre p\u00e8re une repr\u00e9sentation c\u00e9leste de 40x30 cm capturant trois moments significatifs de sa vie sous forme de constellations, un cadeau pour la f\u00eate des p\u00e8res aussi unique et brillant que votre relation.","robots":{"index":"index","follow":"follow","max-snippet":"max-snippet:-1","max-image-preview":"max-image-preview:large","max-video-preview":"max-video-preview:-1"},"canonical":"https:\/\/positiveprints.com\/fr\/produit\/carte-des-etoiles-triple-pour-papa\/","og_locale":"fr_FR","og_type":"article","og_title":"Carte des \u00c9toiles Triple pour Papa","og_description":"Cr\u00e9ez une carte des \u00e9toiles personnalis\u00e9e \u00e0 partir de 3 endroits et dates diff\u00e9rents Ajoutez des plan\u00e8tes, des constellations et la Voie lact\u00e9e Personnalisez en 3 \u00e9tapes simples Incluez un texte personnalis\u00e9 significatif Visualisez le r\u00e9sultat imm\u00e9diatement \u2013 l\u2019aper\u00e7u interactif vous permet de peaufiner chaque d\u00e9tail","og_url":"https:\/\/positiveprints.com\/fr\/produit\/carte-des-etoiles-triple-pour-papa\/","og_site_name":"Positive Prints","article_publisher":"https:\/\/www.facebook.com\/positiveprintscom","article_modified_time":"2026-04-28T13:23:57+00:00","og_image":[{"width":1450,"height":1450,"url":"https:\/\/positiveprints.com\/wp-content\/uploads\/2024\/11\/Packshot_FR_Triple-Star-Map-for-Dad-product-image-.webp","type":"image\/webp"}],"twitter_card":"summary_large_image","schema":{"@context":"https:\/\/schema.org","@graph":[{"@type":["WebPage","ItemPage"],"@id":"https:\/\/positiveprints.com\/fr\/produit\/carte-des-etoiles-triple-pour-papa\/","url":"https:\/\/positiveprints.com\/fr\/produit\/carte-des-etoiles-triple-pour-papa\/","name":"Carte des \u00c9toiles Triple pour Papa - Positive Prints","isPartOf":{"@id":"https:\/\/positiveprints.com\/fr\/#website"},"primaryImageOfPage":{"@id":"https:\/\/positiveprints.com\/fr\/produit\/carte-des-etoiles-triple-pour-papa\/#primaryimage"},"image":{"@id":"https:\/\/positiveprints.com\/fr\/produit\/carte-des-etoiles-triple-pour-papa\/#primaryimage"},"thumbnailUrl":"https:\/\/positiveprints.com\/wp-content\/uploads\/2024\/11\/Packshot_FR_Triple-Star-Map-for-Dad-product-image-.webp","datePublished":"2023-04-07T12:29:53+00:00","dateModified":"2026-04-28T13:23:57+00:00","description":"Offrez \u00e0 votre p\u00e8re une repr\u00e9sentation c\u00e9leste de 40x30 cm capturant trois moments significatifs de sa vie sous forme de constellations, un cadeau pour la f\u00eate des p\u00e8res aussi unique et brillant que votre relation.","breadcrumb":{"@id":"https:\/\/positiveprints.com\/fr\/produit\/carte-des-etoiles-triple-pour-papa\/#breadcrumb"},"inLanguage":"fr-FR","potentialAction":[{"@type":"ReadAction","target":["https:\/\/positiveprints.com\/fr\/produit\/carte-des-etoiles-triple-pour-papa\/"]}]},{"@type":"ImageObject","inLanguage":"fr-FR","@id":"https:\/\/positiveprints.com\/fr\/produit\/carte-des-etoiles-triple-pour-papa\/#primaryimage","url":"https:\/\/positiveprints.com\/wp-content\/uploads\/2024\/11\/Packshot_FR_Triple-Star-Map-for-Dad-product-image-.webp","contentUrl":"https:\/\/positiveprints.com\/wp-content\/uploads\/2024\/11\/Packshot_FR_Triple-Star-Map-for-Dad-product-image-.webp","width":1450,"height":1450,"caption":"Packshot_FR_Triple Star Map for Dad product image"},{"@type":"BreadcrumbList","@id":"https:\/\/positiveprints.com\/fr\/produit\/carte-des-etoiles-triple-pour-papa\/#breadcrumb","itemListElement":[{"@type":"ListItem","position":1,"name":"Home","item":"https:\/\/positiveprints.com\/fr\/"},{"@type":"ListItem","position":2,"name":"Produits","item":"https:\/\/positiveprints.com\/fr\/shop\/"},{"@type":"ListItem","position":3,"name":"Carte des \u00c9toiles Triple pour Papa"}]},{"@type":"WebSite","@id":"https:\/\/positiveprints.com\/fr\/#website","url":"https:\/\/positiveprints.com\/fr\/","name":"Positive Prints","description":"Amazing Custom Personalized Gifts","publisher":{"@id":"https:\/\/positiveprints.com\/fr\/#organization"},"potentialAction":[{"@type":"SearchAction","target":{"@type":"EntryPoint","urlTemplate":"https:\/\/positiveprints.com\/fr\/?s={search_term_string}"},"query-input":{"@type":"PropertyValueSpecification","valueRequired":true,"valueName":"search_term_string"}}],"inLanguage":"fr-FR"},{"@type":"Organization","@id":"https:\/\/positiveprints.com\/fr\/#organization","name":"Positive Prints","alternateName":"Positive Prints","url":"https:\/\/positiveprints.com\/fr\/","logo":{"@type":"ImageObject","inLanguage":"fr-FR","@id":"https:\/\/positiveprints.com\/fr\/#\/schema\/logo\/image\/","url":"https:\/\/positiveprints.com\/wp-content\/uploads\/2026\/03\/245815646_1337939713319158_5671353136411139666_n.png","contentUrl":"https:\/\/positiveprints.com\/wp-content\/uploads\/2026\/03\/245815646_1337939713319158_5671353136411139666_n.png","width":800,"height":800,"caption":"Positive Prints"},"image":{"@id":"https:\/\/positiveprints.com\/fr\/#\/schema\/logo\/image\/"},"sameAs":["https:\/\/www.facebook.com\/positiveprintscom","https:\/\/www.instagram.com\/positiveprintscom\/","https:\/\/www.tiktok.com\/@positiveprintscom","https:\/\/www.pinterest.com\/positiveprintscom\/"]}]}},"jetpack_sharing_enabled":true,"_links":{"self":[{"href":"https:\/\/positiveprints.com\/fr\/wp-json\/wp\/v2\/product\/472093","targetHints":{"allow":["GET"]}}],"collection":[{"href":"https:\/\/positiveprints.com\/fr\/wp-json\/wp\/v2\/product"}],"about":[{"href":"https:\/\/positiveprints.com\/fr\/wp-json\/wp\/v2\/types\/product"}],"wp:featuredmedia":[{"embeddable":true,"href":"https:\/\/positiveprints.com\/fr\/wp-json\/wp\/v2\/media\/1263432"}],"wp:attachment":[{"href":"https:\/\/positiveprints.com\/fr\/wp-json\/wp\/v2\/media?parent=472093"}],"wp:term":[{"taxonomy":"product_brand","embeddable":true,"href":"https:\/\/positiveprints.com\/fr\/wp-json\/wp\/v2\/product_brand?post=472093"},{"taxonomy":"product_cat","embeddable":true,"href":"https:\/\/positiveprints.com\/fr\/wp-json\/wp\/v2\/product_cat?post=472093"},{"taxonomy":"product_tag","embeddable":true,"href":"https:\/\/positiveprints.com\/fr\/wp-json\/wp\/v2\/product_tag?post=472093"}],"curies":[{"name":"wp","href":"https:\/\/api.w.org\/{rel}","templated":true}]}}