{"id":470845,"date":"2023-04-07T12:22:35","date_gmt":"2023-04-07T11:22:35","guid":{"rendered":"https:\/\/positiveprints.com\/?post_type=product&#038;p=470845"},"modified":"2026-04-03T03:19:22","modified_gmt":"2026-04-03T02:19:22","slug":"le-jour-ou-tu-es-devenu-notre-papa","status":"publish","type":"product","link":"https:\/\/positiveprints.com\/fr\/produit\/le-jour-ou-tu-es-devenu-notre-papa\/","title":{"rendered":"Le Jour O\u00f9 Tu Es Devenu Notre Papa"},"content":{"rendered":"<p style=\"margin-top: 1rem\">Le Jour O\u00f9 Tu Es Devenu Notre Papa est un imprim\u00e9 personnalis\u00e9 qui est parfait pour les p\u00e8res qui ch\u00e9rissent les moments pr\u00e9cieux de devenir un parent. Ce cadeau unique et r\u00e9fl\u00e9chi capture le ciel nocturne le jour o\u00f9 un p\u00e8re a accueilli chacun de ses enfants dans le monde, cr\u00e9ant une belle repr\u00e9sentation de l&#8217;univers \u00e0 chaque moment sp\u00e9cial.<\/p>\r\n\r\n\r\n<p style=\"margin-top: 1rem\">Chaque impression peut \u00eatre personnalis\u00e9e avec la date, l&#8217;heure et le lieu de chaque naissance, ainsi que le nom de chaque enfant. Le r\u00e9sultat final est une \u0153uvre d&#8217;art \u00e0 couper le souffle et unique en son genre qui c\u00e9l\u00e8bre la joie et l&#8217;amour qui accompagnent la paternit\u00e9.<\/p>\r\n\r\n\r\n<p style=\"margin-top: 1rem\">L&#8217;imprim\u00e9 Le Jour O\u00f9 Tu Es Devenu Notre Papa est un cadeau id\u00e9al pour la F\u00eate des p\u00e8res, un cadeau d&#8217;anniversaire ou une surprise de No\u00ebl sp\u00e9ciale. Cette \u0153uvre d&#8217;art personnalis\u00e9e est s\u00fbre d&#8217;\u00eatre pr\u00e9cieuse pour les ann\u00e9es \u00e0 venir, et est un excellent moyen d&#8217;exprimer votre amour et votre appr\u00e9ciation pour le p\u00e8re sp\u00e9cial dans votre vie.<\/p>","protected":false},"excerpt":{"rendered":"<ul class=\"check-list\">\n<li> Ajoutez des constellations et la Voie Lact\u00e9e<\/li>\n<li>Personnalisez votre design en 3 \u00e9tapes simples<\/li>\n<li>Incluez un texte personnalis\u00e9 significatif<\/li>\n<li>Visualisez le r\u00e9sultat imm\u00e9diatement \u2013 l\u2019aper\u00e7u interactif vous permet de peaufiner chaque d\u00e9tail<\/li>\n<\/ul>\n","protected":false},"featured_media":1357060,"template":"","meta":[],"product_brand":[],"product_cat":[9274,8822,7337,5264,7973,11391,104],"product_tag":[13684,11760,11107,12582,15570,9285],"class_list":{"0":"post-470845","1":"product","2":"type-product","3":"status-publish","4":"has-post-thumbnail","6":"product_cat-bestsellers-label-fr","7":"product_cat-duo-stars-fr","8":"product_cat-cadeaux-de-fete-des-peres","9":"product_cat-cadeaux-de-noel","10":"product_cat-cadeaux-pour-papa","11":"product_cat-cadeaux-de-noel-pour-papa","12":"product_cat-tous-les-produits","13":"product_tag-cadeau-de-la-fete-des-peres","14":"product_tag-cadeaux-de-noel-pour-papa","15":"product_tag-father-it-fr","16":"product_tag-fete-des-peres","17":"product_tag-le-jour-ou-tu-es-devenu-papa","18":"product_tag-le-meilleur-papa-du-monde","20":"first","21":"instock","22":"sale","23":"taxable","24":"shipping-taxable","25":"purchasable","26":"product-type-variable"},"yoast_head":"<!-- This site is optimized with the Yoast SEO Premium plugin v27.2 (Yoast SEO v27.2) - https:\/\/yoast.com\/product\/yoast-seo-premium-wordpress\/ -->\n<title>Le Jour O\u00f9 Tu Es Devenu Notre Papa - Positive Prints<\/title>\n<meta name=\"description\" content=\"C\u00e9l\u00e9brez le moment qui a chang\u00e9 sa vie \u00e0 jamais avec cette affiche A4 \u00e9mouvante, un cadeau personnalis\u00e9 pour la f\u00eate des p\u00e8res qui rappellera \u00e0 papa combien son r\u00f4le est pr\u00e9cieux dans votre vie.\" \/>\n<meta name=\"robots\" content=\"index, follow, max-snippet:-1, max-image-preview:large, max-video-preview:-1\" \/>\n<link rel=\"canonical\" href=\"https:\/\/positiveprints.com\/fr\/produit\/le-jour-ou-tu-es-devenu-notre-papa\/\" \/>\n<meta property=\"og:locale\" content=\"fr_FR\" \/>\n<meta property=\"og:type\" content=\"article\" \/>\n<meta property=\"og:title\" content=\"Le Jour O\u00f9 Tu Es Devenu Notre Papa\" \/>\n<meta property=\"og:description\" content=\"Ajoutez des constellations et la Voie Lact\u00e9e Personnalisez votre design en 3 \u00e9tapes simples Incluez un texte personnalis\u00e9 significatif Visualisez le r\u00e9sultat imm\u00e9diatement \u2013 l\u2019aper\u00e7u interactif vous permet de peaufiner chaque d\u00e9tail\" \/>\n<meta property=\"og:url\" content=\"https:\/\/positiveprints.com\/fr\/produit\/le-jour-ou-tu-es-devenu-notre-papa\/\" \/>\n<meta property=\"og:site_name\" content=\"Positive Prints\" \/>\n<meta property=\"article:publisher\" content=\"https:\/\/www.facebook.com\/positiveprintscom\" \/>\n<meta property=\"article:modified_time\" content=\"2026-04-03T02:19:22+00:00\" \/>\n<meta property=\"og:image\" content=\"https:\/\/positiveprints.com\/wp-content\/uploads\/2025\/02\/Le-Jour-Ou\u0300-Tu-Es-Devenu-Notre-Papa-1.webp\" \/>\n\t<meta property=\"og:image:width\" content=\"1450\" \/>\n\t<meta property=\"og:image:height\" content=\"1450\" \/>\n\t<meta property=\"og:image:type\" content=\"image\/webp\" \/>\n<meta name=\"twitter:card\" content=\"summary_large_image\" \/>\n<meta name=\"twitter:label1\" content=\"Dur\u00e9e de lecture estim\u00e9e\" \/>\n\t<meta name=\"twitter:data1\" content=\"1 minute\" \/>\n<!-- \/ Yoast SEO Premium plugin. -->","yoast_head_json":{"title":"Le Jour O\u00f9 Tu Es Devenu Notre Papa - Positive Prints","description":"C\u00e9l\u00e9brez le moment qui a chang\u00e9 sa vie \u00e0 jamais avec cette affiche A4 \u00e9mouvante, un cadeau personnalis\u00e9 pour la f\u00eate des p\u00e8res qui rappellera \u00e0 papa combien son r\u00f4le est pr\u00e9cieux dans votre vie.","robots":{"index":"index","follow":"follow","max-snippet":"max-snippet:-1","max-image-preview":"max-image-preview:large","max-video-preview":"max-video-preview:-1"},"canonical":"https:\/\/positiveprints.com\/fr\/produit\/le-jour-ou-tu-es-devenu-notre-papa\/","og_locale":"fr_FR","og_type":"article","og_title":"Le Jour O\u00f9 Tu Es Devenu Notre Papa","og_description":"Ajoutez des constellations et la Voie Lact\u00e9e Personnalisez votre design en 3 \u00e9tapes simples Incluez un texte personnalis\u00e9 significatif Visualisez le r\u00e9sultat imm\u00e9diatement \u2013 l\u2019aper\u00e7u interactif vous permet de peaufiner chaque d\u00e9tail","og_url":"https:\/\/positiveprints.com\/fr\/produit\/le-jour-ou-tu-es-devenu-notre-papa\/","og_site_name":"Positive Prints","article_publisher":"https:\/\/www.facebook.com\/positiveprintscom","article_modified_time":"2026-04-03T02:19:22+00:00","og_image":[{"width":1450,"height":1450,"url":"https:\/\/positiveprints.com\/wp-content\/uploads\/2025\/02\/Le-Jour-Ou\u0300-Tu-Es-Devenu-Notre-Papa-1.webp","type":"image\/webp"}],"twitter_card":"summary_large_image","twitter_misc":{"Dur\u00e9e de lecture estim\u00e9e":"1 minute"},"schema":{"@context":"https:\/\/schema.org","@graph":[{"@type":["WebPage","ItemPage"],"@id":"https:\/\/positiveprints.com\/fr\/produit\/le-jour-ou-tu-es-devenu-notre-papa\/","url":"https:\/\/positiveprints.com\/fr\/produit\/le-jour-ou-tu-es-devenu-notre-papa\/","name":"Le Jour O\u00f9 Tu Es Devenu Notre Papa - Positive Prints","isPartOf":{"@id":"https:\/\/positiveprints.com\/fr\/#website"},"primaryImageOfPage":{"@id":"https:\/\/positiveprints.com\/fr\/produit\/le-jour-ou-tu-es-devenu-notre-papa\/#primaryimage"},"image":{"@id":"https:\/\/positiveprints.com\/fr\/produit\/le-jour-ou-tu-es-devenu-notre-papa\/#primaryimage"},"thumbnailUrl":"https:\/\/positiveprints.com\/wp-content\/uploads\/2025\/02\/Le-Jour-Ou\u0300-Tu-Es-Devenu-Notre-Papa-1.webp","datePublished":"2023-04-07T11:22:35+00:00","dateModified":"2026-04-03T02:19:22+00:00","description":"C\u00e9l\u00e9brez le moment qui a chang\u00e9 sa vie \u00e0 jamais avec cette affiche A4 \u00e9mouvante, un cadeau personnalis\u00e9 pour la f\u00eate des p\u00e8res qui rappellera \u00e0 papa combien son r\u00f4le est pr\u00e9cieux dans votre vie.","breadcrumb":{"@id":"https:\/\/positiveprints.com\/fr\/produit\/le-jour-ou-tu-es-devenu-notre-papa\/#breadcrumb"},"inLanguage":"fr-FR","potentialAction":[{"@type":"ReadAction","target":["https:\/\/positiveprints.com\/fr\/produit\/le-jour-ou-tu-es-devenu-notre-papa\/"]}]},{"@type":"ImageObject","inLanguage":"fr-FR","@id":"https:\/\/positiveprints.com\/fr\/produit\/le-jour-ou-tu-es-devenu-notre-papa\/#primaryimage","url":"https:\/\/positiveprints.com\/wp-content\/uploads\/2025\/02\/Le-Jour-Ou\u0300-Tu-Es-Devenu-Notre-Papa-1.webp","contentUrl":"https:\/\/positiveprints.com\/wp-content\/uploads\/2025\/02\/Le-Jour-Ou\u0300-Tu-Es-Devenu-Notre-Papa-1.webp","width":1450,"height":1450},{"@type":"BreadcrumbList","@id":"https:\/\/positiveprints.com\/fr\/produit\/le-jour-ou-tu-es-devenu-notre-papa\/#breadcrumb","itemListElement":[{"@type":"ListItem","position":1,"name":"Home","item":"https:\/\/positiveprints.com\/fr\/"},{"@type":"ListItem","position":2,"name":"Produits","item":"https:\/\/positiveprints.com\/fr\/shop\/"},{"@type":"ListItem","position":3,"name":"Le Jour O\u00f9 Tu Es Devenu Notre Papa"}]},{"@type":"WebSite","@id":"https:\/\/positiveprints.com\/fr\/#website","url":"https:\/\/positiveprints.com\/fr\/","name":"Positive Prints","description":"Amazing Custom Personalized Gifts","publisher":{"@id":"https:\/\/positiveprints.com\/fr\/#organization"},"potentialAction":[{"@type":"SearchAction","target":{"@type":"EntryPoint","urlTemplate":"https:\/\/positiveprints.com\/fr\/?s={search_term_string}"},"query-input":{"@type":"PropertyValueSpecification","valueRequired":true,"valueName":"search_term_string"}}],"inLanguage":"fr-FR"},{"@type":"Organization","@id":"https:\/\/positiveprints.com\/fr\/#organization","name":"Positive Prints","alternateName":"Positive Prints","url":"https:\/\/positiveprints.com\/fr\/","logo":{"@type":"ImageObject","inLanguage":"fr-FR","@id":"https:\/\/positiveprints.com\/fr\/#\/schema\/logo\/image\/","url":"https:\/\/positiveprints.com\/wp-content\/uploads\/2026\/03\/245815646_1337939713319158_5671353136411139666_n.png","contentUrl":"https:\/\/positiveprints.com\/wp-content\/uploads\/2026\/03\/245815646_1337939713319158_5671353136411139666_n.png","width":800,"height":800,"caption":"Positive Prints"},"image":{"@id":"https:\/\/positiveprints.com\/fr\/#\/schema\/logo\/image\/"},"sameAs":["https:\/\/www.facebook.com\/positiveprintscom","https:\/\/www.instagram.com\/positiveprintscom\/","https:\/\/www.tiktok.com\/@positiveprintscom","https:\/\/www.pinterest.com\/positiveprintscom\/"]}]}},"jetpack_sharing_enabled":true,"_links":{"self":[{"href":"https:\/\/positiveprints.com\/fr\/wp-json\/wp\/v2\/product\/470845","targetHints":{"allow":["GET"]}}],"collection":[{"href":"https:\/\/positiveprints.com\/fr\/wp-json\/wp\/v2\/product"}],"about":[{"href":"https:\/\/positiveprints.com\/fr\/wp-json\/wp\/v2\/types\/product"}],"wp:featuredmedia":[{"embeddable":true,"href":"https:\/\/positiveprints.com\/fr\/wp-json\/wp\/v2\/media\/1357060"}],"wp:attachment":[{"href":"https:\/\/positiveprints.com\/fr\/wp-json\/wp\/v2\/media?parent=470845"}],"wp:term":[{"taxonomy":"product_brand","embeddable":true,"href":"https:\/\/positiveprints.com\/fr\/wp-json\/wp\/v2\/product_brand?post=470845"},{"taxonomy":"product_cat","embeddable":true,"href":"https:\/\/positiveprints.com\/fr\/wp-json\/wp\/v2\/product_cat?post=470845"},{"taxonomy":"product_tag","embeddable":true,"href":"https:\/\/positiveprints.com\/fr\/wp-json\/wp\/v2\/product_tag?post=470845"}],"curies":[{"name":"wp","href":"https:\/\/api.w.org\/{rel}","templated":true}]}}