{"id":470796,"date":"2023-04-06T21:21:45","date_gmt":"2023-04-06T20:21:45","guid":{"rendered":"https:\/\/positiveprints.com\/?post_type=product&#038;p=470796"},"modified":"2026-04-28T14:24:19","modified_gmt":"2026-04-28T13:24:19","slug":"carte-double-des-etoiles-pour-papa","status":"publish","type":"product","link":"https:\/\/positiveprints.com\/fr\/produit\/carte-double-des-etoiles-pour-papa\/","title":{"rendered":"Carte Double des \u00c9toiles pour Papa"},"content":{"rendered":"<p style=\"margin-top: 1rem\">La Carte Double des \u00c9toiles pour Papa est un cadeau exceptionnel qui capture les deux moments les plus m\u00e9morables de la vie d&#8217;un p\u00e8re &#8211; la naissance de ses enfants &#8211; d&#8217;une belle mani\u00e8re et personnalis\u00e9e. Cette magnifique carte des \u00e9toiles est un merveilleux rappel des moments sp\u00e9ciaux qu&#8217;un p\u00e8re ch\u00e9rira pour toujours.<\/p>\r\n\r\n<p style=\"margin-top: 1rem\">La cr\u00e9ation de votre carte Double Star personnalis\u00e9e se fait sans effort gr\u00e2ce \u00e0 notre processus unique en trois \u00e9tapes. Dans la premi\u00e8re \u00e9tape, vous pouvez personnaliser les couleurs des \u00e9toiles et le fond de votre impression pour cr\u00e9er un coloris vraiment unique pour votre pi\u00e8ce personnalis\u00e9e. Ensuite, entrez simplement la date de naissance, l&#8217;heure et l&#8217;emplacement de chaque enfant, ainsi que votre texte personnalis\u00e9 pr\u00e9f\u00e9r\u00e9. Dans la derni\u00e8re \u00e9tape, choisissez entre l&#8217;affiche imprim\u00e9e ou encadr\u00e9e, le canevas et le fichier de t\u00e9l\u00e9chargement num\u00e9rique instantan\u00e9.<\/p>\r\n\r\n<p style=\"margin-top: 1rem\">Cette impression comprend la possibilit\u00e9 d&#8217;ajouter le nom et l&#8217;heure de naissance de chaque enfant, ce qui en fait une \u0153uvre d&#8217;art unique en son genre. Que vous recherchiez le cadeau parfait pour la f\u00eate des p\u00e8res, un cadeau d&#8217;anniversaire ou tout simplement un geste r\u00e9fl\u00e9chi pour quelqu&#8217;un de sp\u00e9cial, la carte Double Star pour papa est un cadeau inoubliable qui sera ch\u00e9ri pendant de nombreuses ann\u00e9es \u00e0 venir.<\/p>","protected":false},"excerpt":{"rendered":"<ul class=\"check-list\">\n<li>Concevez votre propre carte des \u00e9toiles repr\u00e9sentant le ciel \u00e0 partir de deux lieux et dates diff\u00e9rents<\/li>\n<li>Ajoutez des constellations et la Voie lact\u00e9e <\/li>\n<li>Personnalisez en 3 \u00e9tapes simples<\/li>\n<li>Incluez un texte personnalis\u00e9 significatif<\/li>\n<li>Vois le r\u00e9sultat imm\u00e9diatement \u2013 l\u2019aper\u00e7u interactif te permet de peaufiner chaque d\u00e9tail<\/li>\n<\/ul>\n","protected":false},"featured_media":1251676,"template":"","meta":[],"product_brand":[],"product_cat":[8822,7337,5264,7973,11391,104],"product_tag":[11760,11107],"class_list":{"0":"post-470796","1":"product","2":"type-product","3":"status-publish","4":"has-post-thumbnail","6":"product_cat-duo-stars-fr","7":"product_cat-cadeaux-de-fete-des-peres","8":"product_cat-cadeaux-de-noel","9":"product_cat-cadeaux-pour-papa","10":"product_cat-cadeaux-de-noel-pour-papa","11":"product_cat-tous-les-produits","12":"product_tag-cadeaux-de-noel-pour-papa","13":"product_tag-father-it-fr","15":"first","16":"instock","17":"sale","18":"taxable","19":"shipping-taxable","20":"purchasable","21":"product-type-variable"},"yoast_head":"<!-- This site is optimized with the Yoast SEO Premium plugin v27.2 (Yoast SEO v27.2) - https:\/\/yoast.com\/product\/yoast-seo-premium-wordpress\/ -->\n<title>Carte Double des \u00c9toiles pour Papa - Positive Prints<\/title>\n<meta name=\"description\" content=\"La Carte Double des \u00c9toiles pour Papa est un cadeau qui capture les \u00e9toiles qui s&#039;alignent lors des deux jours les plus sp\u00e9ciaux de la vie d&#039;un p\u00e8re, la naissance de ses enfants.\" \/>\n<meta name=\"robots\" content=\"index, follow, max-snippet:-1, max-image-preview:large, max-video-preview:-1\" \/>\n<link rel=\"canonical\" href=\"https:\/\/positiveprints.com\/fr\/produit\/carte-double-des-etoiles-pour-papa\/\" \/>\n<meta property=\"og:locale\" content=\"fr_FR\" \/>\n<meta property=\"og:type\" content=\"article\" \/>\n<meta property=\"og:title\" content=\"Carte Double des \u00c9toiles pour Papa\" \/>\n<meta property=\"og:description\" content=\"Concevez votre propre carte des \u00e9toiles repr\u00e9sentant le ciel \u00e0 partir de deux lieux et dates diff\u00e9rents Ajoutez des constellations et la Voie lact\u00e9e  Personnalisez en 3 \u00e9tapes simples Incluez un texte personnalis\u00e9 significatif Vois le r\u00e9sultat imm\u00e9diatement \u2013 l\u2019aper\u00e7u interactif te permet de peaufiner chaque d\u00e9tail\" \/>\n<meta property=\"og:url\" content=\"https:\/\/positiveprints.com\/fr\/produit\/carte-double-des-etoiles-pour-papa\/\" \/>\n<meta property=\"og:site_name\" content=\"Positive Prints\" \/>\n<meta property=\"article:publisher\" content=\"https:\/\/www.facebook.com\/positiveprintscom\" \/>\n<meta property=\"article:modified_time\" content=\"2026-04-28T13:24:19+00:00\" \/>\n<meta property=\"og:image\" content=\"https:\/\/positiveprints.com\/wp-content\/uploads\/2024\/11\/FR_PACKSHOT_Double-Star-Map-for-Dad-product-image-.webp\" \/>\n\t<meta property=\"og:image:width\" content=\"1450\" \/>\n\t<meta property=\"og:image:height\" content=\"1450\" \/>\n\t<meta property=\"og:image:type\" content=\"image\/webp\" \/>\n<meta name=\"twitter:card\" content=\"summary_large_image\" \/>\n<!-- \/ Yoast SEO Premium plugin. -->","yoast_head_json":{"title":"Carte Double des \u00c9toiles pour Papa - Positive Prints","description":"La Carte Double des \u00c9toiles pour Papa est un cadeau qui capture les \u00e9toiles qui s'alignent lors des deux jours les plus sp\u00e9ciaux de la vie d'un p\u00e8re, la naissance de ses enfants.","robots":{"index":"index","follow":"follow","max-snippet":"max-snippet:-1","max-image-preview":"max-image-preview:large","max-video-preview":"max-video-preview:-1"},"canonical":"https:\/\/positiveprints.com\/fr\/produit\/carte-double-des-etoiles-pour-papa\/","og_locale":"fr_FR","og_type":"article","og_title":"Carte Double des \u00c9toiles pour Papa","og_description":"Concevez votre propre carte des \u00e9toiles repr\u00e9sentant le ciel \u00e0 partir de deux lieux et dates diff\u00e9rents Ajoutez des constellations et la Voie lact\u00e9e  Personnalisez en 3 \u00e9tapes simples Incluez un texte personnalis\u00e9 significatif Vois le r\u00e9sultat imm\u00e9diatement \u2013 l\u2019aper\u00e7u interactif te permet de peaufiner chaque d\u00e9tail","og_url":"https:\/\/positiveprints.com\/fr\/produit\/carte-double-des-etoiles-pour-papa\/","og_site_name":"Positive Prints","article_publisher":"https:\/\/www.facebook.com\/positiveprintscom","article_modified_time":"2026-04-28T13:24:19+00:00","og_image":[{"width":1450,"height":1450,"url":"https:\/\/positiveprints.com\/wp-content\/uploads\/2024\/11\/FR_PACKSHOT_Double-Star-Map-for-Dad-product-image-.webp","type":"image\/webp"}],"twitter_card":"summary_large_image","schema":{"@context":"https:\/\/schema.org","@graph":[{"@type":["WebPage","ItemPage"],"@id":"https:\/\/positiveprints.com\/fr\/produit\/carte-double-des-etoiles-pour-papa\/","url":"https:\/\/positiveprints.com\/fr\/produit\/carte-double-des-etoiles-pour-papa\/","name":"Carte Double des \u00c9toiles pour Papa - Positive Prints","isPartOf":{"@id":"https:\/\/positiveprints.com\/fr\/#website"},"primaryImageOfPage":{"@id":"https:\/\/positiveprints.com\/fr\/produit\/carte-double-des-etoiles-pour-papa\/#primaryimage"},"image":{"@id":"https:\/\/positiveprints.com\/fr\/produit\/carte-double-des-etoiles-pour-papa\/#primaryimage"},"thumbnailUrl":"https:\/\/positiveprints.com\/wp-content\/uploads\/2024\/11\/FR_PACKSHOT_Double-Star-Map-for-Dad-product-image-.webp","datePublished":"2023-04-06T20:21:45+00:00","dateModified":"2026-04-28T13:24:19+00:00","description":"La Carte Double des \u00c9toiles pour Papa est un cadeau qui capture les \u00e9toiles qui s'alignent lors des deux jours les plus sp\u00e9ciaux de la vie d'un p\u00e8re, la naissance de ses enfants.","breadcrumb":{"@id":"https:\/\/positiveprints.com\/fr\/produit\/carte-double-des-etoiles-pour-papa\/#breadcrumb"},"inLanguage":"fr-FR","potentialAction":[{"@type":"ReadAction","target":["https:\/\/positiveprints.com\/fr\/produit\/carte-double-des-etoiles-pour-papa\/"]}]},{"@type":"ImageObject","inLanguage":"fr-FR","@id":"https:\/\/positiveprints.com\/fr\/produit\/carte-double-des-etoiles-pour-papa\/#primaryimage","url":"https:\/\/positiveprints.com\/wp-content\/uploads\/2024\/11\/FR_PACKSHOT_Double-Star-Map-for-Dad-product-image-.webp","contentUrl":"https:\/\/positiveprints.com\/wp-content\/uploads\/2024\/11\/FR_PACKSHOT_Double-Star-Map-for-Dad-product-image-.webp","width":1450,"height":1450},{"@type":"BreadcrumbList","@id":"https:\/\/positiveprints.com\/fr\/produit\/carte-double-des-etoiles-pour-papa\/#breadcrumb","itemListElement":[{"@type":"ListItem","position":1,"name":"Home","item":"https:\/\/positiveprints.com\/fr\/"},{"@type":"ListItem","position":2,"name":"Produits","item":"https:\/\/positiveprints.com\/fr\/shop\/"},{"@type":"ListItem","position":3,"name":"Carte Double des \u00c9toiles pour Papa"}]},{"@type":"WebSite","@id":"https:\/\/positiveprints.com\/fr\/#website","url":"https:\/\/positiveprints.com\/fr\/","name":"Positive Prints","description":"Amazing Custom Personalized Gifts","publisher":{"@id":"https:\/\/positiveprints.com\/fr\/#organization"},"potentialAction":[{"@type":"SearchAction","target":{"@type":"EntryPoint","urlTemplate":"https:\/\/positiveprints.com\/fr\/?s={search_term_string}"},"query-input":{"@type":"PropertyValueSpecification","valueRequired":true,"valueName":"search_term_string"}}],"inLanguage":"fr-FR"},{"@type":"Organization","@id":"https:\/\/positiveprints.com\/fr\/#organization","name":"Positive Prints","alternateName":"Positive Prints","url":"https:\/\/positiveprints.com\/fr\/","logo":{"@type":"ImageObject","inLanguage":"fr-FR","@id":"https:\/\/positiveprints.com\/fr\/#\/schema\/logo\/image\/","url":"https:\/\/positiveprints.com\/wp-content\/uploads\/2026\/03\/245815646_1337939713319158_5671353136411139666_n.png","contentUrl":"https:\/\/positiveprints.com\/wp-content\/uploads\/2026\/03\/245815646_1337939713319158_5671353136411139666_n.png","width":800,"height":800,"caption":"Positive Prints"},"image":{"@id":"https:\/\/positiveprints.com\/fr\/#\/schema\/logo\/image\/"},"sameAs":["https:\/\/www.facebook.com\/positiveprintscom","https:\/\/www.instagram.com\/positiveprintscom\/","https:\/\/www.tiktok.com\/@positiveprintscom","https:\/\/www.pinterest.com\/positiveprintscom\/"]}]}},"jetpack_sharing_enabled":true,"_links":{"self":[{"href":"https:\/\/positiveprints.com\/fr\/wp-json\/wp\/v2\/product\/470796","targetHints":{"allow":["GET"]}}],"collection":[{"href":"https:\/\/positiveprints.com\/fr\/wp-json\/wp\/v2\/product"}],"about":[{"href":"https:\/\/positiveprints.com\/fr\/wp-json\/wp\/v2\/types\/product"}],"wp:featuredmedia":[{"embeddable":true,"href":"https:\/\/positiveprints.com\/fr\/wp-json\/wp\/v2\/media\/1251676"}],"wp:attachment":[{"href":"https:\/\/positiveprints.com\/fr\/wp-json\/wp\/v2\/media?parent=470796"}],"wp:term":[{"taxonomy":"product_brand","embeddable":true,"href":"https:\/\/positiveprints.com\/fr\/wp-json\/wp\/v2\/product_brand?post=470796"},{"taxonomy":"product_cat","embeddable":true,"href":"https:\/\/positiveprints.com\/fr\/wp-json\/wp\/v2\/product_cat?post=470796"},{"taxonomy":"product_tag","embeddable":true,"href":"https:\/\/positiveprints.com\/fr\/wp-json\/wp\/v2\/product_tag?post=470796"}],"curies":[{"name":"wp","href":"https:\/\/api.w.org\/{rel}","templated":true}]}}