{"id":468570,"date":"2023-04-17T21:58:34","date_gmt":"2023-04-17T20:58:34","guid":{"rendered":"https:\/\/positiveprints.com\/?post_type=product&#038;p=468570"},"modified":"2026-04-03T03:18:10","modified_gmt":"2026-04-03T02:18:10","slug":"collage-photo-de-lannee-du-diplome","status":"publish","type":"product","link":"https:\/\/positiveprints.com\/fr\/produit\/collage-photo-de-lannee-du-diplome\/","title":{"rendered":"Collage Photo de l&#8217;Ann\u00e9e du Dipl\u00f4me"},"content":{"rendered":"<p style=\"margin-top: 1rem\">Vous cherchez le cadeau de fin d&#8217;\u00e9tudes parfait pour c\u00e9l\u00e9brer les r\u00e9alisations du dipl\u00f4m\u00e9 dans votre vie ? Ne cherchez pas plus loin que le Collage Photo de l&#8217;Ann\u00e9e du Dipl\u00f4me de Positive Prints ! Ce cadeau unique et personnalis\u00e9 vous permet de cr\u00e9er un superbe collage photo sous la forme de l&#8217;ann\u00e9e d&#8217;obtention du dipl\u00f4me, comme \u00ab 2023 \u00bb ou toute autre ann\u00e9e de votre choix. Vous pouvez \u00e9galement choisir de faire en sorte que les photos forment le mot \u00ab dipl\u00f4m\u00e9 \u00bb pour un design plus cr\u00e9atif et unique.<\/p>\r\n\r\n\r\n<p style=\"margin-top: 1rem\">Pour commencer \u00e0 cr\u00e9er votre Collage Photo de l&#8217;Ann\u00e9e du Dipl\u00f4me, choisissez simplement un mot (ou un nombre) et t\u00e9l\u00e9chargez des photos. Notre technologie vous permet d&#8217;organiser les photos dans le nombre ou la forme de mot choisi, en veillant \u00e0 ce que votre collage est une repr\u00e9sentation pr\u00e9cise de votre conception choisie. Vous pouvez ensuite personnaliser le format d&#8217;impression en fonction de vos pr\u00e9f\u00e9rences, y compris des affiches, des impressions sur toile ou encadr\u00e9es, ou des fichiers de t\u00e9l\u00e9chargement num\u00e9riques pour l&#8217;impression automatique.<\/p>\r\n\r\n\r\n<p style=\"margin-top: 1rem\">Positive Prints utilise uniquement des mat\u00e9riaux et des technologies d&#8217;impression de la plus haute qualit\u00e9, ce qui garantit que votre Collage Photo de l&#8217;Ann\u00e9e du Dipl\u00f4me est professionnel et poli. C&#8217;est le moyen id\u00e9al de comm\u00e9morer la journ\u00e9e sp\u00e9ciale des dipl\u00f4m\u00e9s et les ann\u00e9es de travail acharn\u00e9 et de d\u00e9vouement qui y ont men\u00e9.<\/p>\r\n\r\n\r\n<p style=\"margin-top: 1rem\">Dans l&#8217;ensemble, le Collage Photo de l&#8217;Ann\u00e9e du Dipl\u00f4me de Positive Prints est une fa\u00e7on belle et cr\u00e9ative de c\u00e9l\u00e9brer et de ch\u00e9rir l&#8217;\u00e9tape importante de l&#8217;obtention du dipl\u00f4me. Donnez au dipl\u00f4m\u00e9 dans votre vie un cadeau personnalis\u00e9 et sinc\u00e8re qu&#8217;il ch\u00e9rira pour les ann\u00e9es \u00e0 venir !<\/p>","protected":false},"excerpt":{"rendered":"<ul class=\"check-list\">\n<li>T\u00e9l\u00e9chargez vos photos pr\u00e9f\u00e9r\u00e9es pour personnaliser chaque lettre<\/li>\n<li>Ajoutez un message sinc\u00e8re pour la rendre unique<\/li>\n<li>Personnalisez en 3 \u00e9tapes simples gr\u00e2ce \u00e0 notre \u00e9diteur facile \u00e0 utiliser<\/li>\n<li>Choisissez un mod\u00e8le ou faites preuve de cr\u00e9ativit\u00e9<\/li>\n<li>Visualisez votre cr\u00e9ation instantan\u00e9ment gr\u00e2ce \u00e0 un aper\u00e7u interactif<\/li>\n<\/ul>\n","protected":false},"featured_media":1348544,"template":"","meta":[],"product_brand":[],"product_cat":[9123,7909,104],"product_tag":[15254],"class_list":{"0":"post-468570","1":"product","2":"type-product","3":"status-publish","4":"has-post-thumbnail","6":"product_cat-photo-letter-fr","7":"product_cat-cadeaux-de-remise-de-diplome","8":"product_cat-tous-les-produits","9":"product_tag-graduation-en-gb-fr","11":"first","12":"instock","13":"sale","14":"taxable","15":"shipping-taxable","16":"purchasable","17":"product-type-variable"},"yoast_head":"<!-- This site is optimized with the Yoast SEO Premium plugin v27.2 (Yoast SEO v27.2) - https:\/\/yoast.com\/product\/yoast-seo-premium-wordpress\/ -->\n<title>Collage Photo de l&#039;Ann\u00e9e du Dipl\u00f4me - Positive Prints<\/title>\n<meta name=\"description\" content=\"C\u00e9l\u00e9brez sa r\u00e9ussite avec un cadeau de fin d\u2019\u00e9tudes charg\u00e9 de sens ! Cr\u00e9ez un collage photo personnalis\u00e9, o\u00f9 chaque lettre se remplit des souvenirs marquants de son parcours.\" \/>\n<meta name=\"robots\" content=\"index, follow, max-snippet:-1, max-image-preview:large, max-video-preview:-1\" \/>\n<link rel=\"canonical\" href=\"https:\/\/positiveprints.com\/fr\/produit\/collage-photo-de-lannee-du-diplome\/\" \/>\n<meta property=\"og:locale\" content=\"fr_FR\" \/>\n<meta property=\"og:type\" content=\"article\" \/>\n<meta property=\"og:title\" content=\"Collage Photo de l&#039;Ann\u00e9e du Dipl\u00f4me\" \/>\n<meta property=\"og:description\" content=\"T\u00e9l\u00e9chargez vos photos pr\u00e9f\u00e9r\u00e9es pour personnaliser chaque lettre  Ajoutez un message sinc\u00e8re pour la rendre unique  Personnalisez en 3 \u00e9tapes simples gr\u00e2ce \u00e0 notre \u00e9diteur facile \u00e0 utiliser  Choisissez un mod\u00e8le ou faites preuve de cr\u00e9ativit\u00e9  Visualisez votre cr\u00e9ation instantan\u00e9ment gr\u00e2ce \u00e0 un aper\u00e7u interactif\" \/>\n<meta property=\"og:url\" content=\"https:\/\/positiveprints.com\/fr\/produit\/collage-photo-de-lannee-du-diplome\/\" \/>\n<meta property=\"og:site_name\" content=\"Positive Prints\" \/>\n<meta property=\"article:publisher\" content=\"https:\/\/www.facebook.com\/positiveprintscom\" \/>\n<meta property=\"article:modified_time\" content=\"2026-04-03T02:18:10+00:00\" \/>\n<meta property=\"og:image\" content=\"https:\/\/positiveprints.com\/wp-content\/uploads\/2025\/04\/Collage-Photo-de-lAnne\u0301e-du-Diplo\u0302me-1.webp\" \/>\n\t<meta property=\"og:image:width\" content=\"1450\" \/>\n\t<meta property=\"og:image:height\" content=\"1450\" \/>\n\t<meta property=\"og:image:type\" content=\"image\/webp\" \/>\n<meta name=\"twitter:card\" content=\"summary_large_image\" \/>\n<meta name=\"twitter:label1\" content=\"Dur\u00e9e de lecture estim\u00e9e\" \/>\n\t<meta name=\"twitter:data1\" content=\"2 minutes\" \/>\n<!-- \/ Yoast SEO Premium plugin. -->","yoast_head_json":{"title":"Collage Photo de l'Ann\u00e9e du Dipl\u00f4me - Positive Prints","description":"C\u00e9l\u00e9brez sa r\u00e9ussite avec un cadeau de fin d\u2019\u00e9tudes charg\u00e9 de sens ! Cr\u00e9ez un collage photo personnalis\u00e9, o\u00f9 chaque lettre se remplit des souvenirs marquants de son parcours.","robots":{"index":"index","follow":"follow","max-snippet":"max-snippet:-1","max-image-preview":"max-image-preview:large","max-video-preview":"max-video-preview:-1"},"canonical":"https:\/\/positiveprints.com\/fr\/produit\/collage-photo-de-lannee-du-diplome\/","og_locale":"fr_FR","og_type":"article","og_title":"Collage Photo de l'Ann\u00e9e du Dipl\u00f4me","og_description":"T\u00e9l\u00e9chargez vos photos pr\u00e9f\u00e9r\u00e9es pour personnaliser chaque lettre  Ajoutez un message sinc\u00e8re pour la rendre unique  Personnalisez en 3 \u00e9tapes simples gr\u00e2ce \u00e0 notre \u00e9diteur facile \u00e0 utiliser  Choisissez un mod\u00e8le ou faites preuve de cr\u00e9ativit\u00e9  Visualisez votre cr\u00e9ation instantan\u00e9ment gr\u00e2ce \u00e0 un aper\u00e7u interactif","og_url":"https:\/\/positiveprints.com\/fr\/produit\/collage-photo-de-lannee-du-diplome\/","og_site_name":"Positive Prints","article_publisher":"https:\/\/www.facebook.com\/positiveprintscom","article_modified_time":"2026-04-03T02:18:10+00:00","og_image":[{"width":1450,"height":1450,"url":"https:\/\/positiveprints.com\/wp-content\/uploads\/2025\/04\/Collage-Photo-de-lAnne\u0301e-du-Diplo\u0302me-1.webp","type":"image\/webp"}],"twitter_card":"summary_large_image","twitter_misc":{"Dur\u00e9e de lecture estim\u00e9e":"2 minutes"},"schema":{"@context":"https:\/\/schema.org","@graph":[{"@type":["WebPage","ItemPage"],"@id":"https:\/\/positiveprints.com\/fr\/produit\/collage-photo-de-lannee-du-diplome\/","url":"https:\/\/positiveprints.com\/fr\/produit\/collage-photo-de-lannee-du-diplome\/","name":"Collage Photo de l'Ann\u00e9e du Dipl\u00f4me - Positive Prints","isPartOf":{"@id":"https:\/\/positiveprints.com\/fr\/#website"},"primaryImageOfPage":{"@id":"https:\/\/positiveprints.com\/fr\/produit\/collage-photo-de-lannee-du-diplome\/#primaryimage"},"image":{"@id":"https:\/\/positiveprints.com\/fr\/produit\/collage-photo-de-lannee-du-diplome\/#primaryimage"},"thumbnailUrl":"https:\/\/positiveprints.com\/wp-content\/uploads\/2025\/02\/Collage-Photo-de-lAnne\u0301e-du-Diplo\u0302me-1.webp","datePublished":"2023-04-17T20:58:34+00:00","dateModified":"2026-04-03T02:18:10+00:00","description":"C\u00e9l\u00e9brez sa r\u00e9ussite avec un cadeau de fin d\u2019\u00e9tudes charg\u00e9 de sens ! Cr\u00e9ez un collage photo personnalis\u00e9, o\u00f9 chaque lettre se remplit des souvenirs marquants de son parcours.","breadcrumb":{"@id":"https:\/\/positiveprints.com\/fr\/produit\/collage-photo-de-lannee-du-diplome\/#breadcrumb"},"inLanguage":"fr-FR","potentialAction":[{"@type":"ReadAction","target":["https:\/\/positiveprints.com\/fr\/produit\/collage-photo-de-lannee-du-diplome\/"]}]},{"@type":"ImageObject","inLanguage":"fr-FR","@id":"https:\/\/positiveprints.com\/fr\/produit\/collage-photo-de-lannee-du-diplome\/#primaryimage","url":"https:\/\/positiveprints.com\/wp-content\/uploads\/2025\/02\/Collage-Photo-de-lAnne\u0301e-du-Diplo\u0302me-1.webp","contentUrl":"https:\/\/positiveprints.com\/wp-content\/uploads\/2025\/02\/Collage-Photo-de-lAnne\u0301e-du-Diplo\u0302me-1.webp","width":1450,"height":1450},{"@type":"BreadcrumbList","@id":"https:\/\/positiveprints.com\/fr\/produit\/collage-photo-de-lannee-du-diplome\/#breadcrumb","itemListElement":[{"@type":"ListItem","position":1,"name":"Home","item":"https:\/\/positiveprints.com\/fr\/"},{"@type":"ListItem","position":2,"name":"Produits","item":"https:\/\/positiveprints.com\/fr\/shop\/"},{"@type":"ListItem","position":3,"name":"Collage Photo de l&#8217;Ann\u00e9e du Dipl\u00f4me"}]},{"@type":"WebSite","@id":"https:\/\/positiveprints.com\/fr\/#website","url":"https:\/\/positiveprints.com\/fr\/","name":"Positive Prints","description":"Amazing Custom Personalized Gifts","publisher":{"@id":"https:\/\/positiveprints.com\/fr\/#organization"},"potentialAction":[{"@type":"SearchAction","target":{"@type":"EntryPoint","urlTemplate":"https:\/\/positiveprints.com\/fr\/?s={search_term_string}"},"query-input":{"@type":"PropertyValueSpecification","valueRequired":true,"valueName":"search_term_string"}}],"inLanguage":"fr-FR"},{"@type":"Organization","@id":"https:\/\/positiveprints.com\/fr\/#organization","name":"Positive Prints","alternateName":"Positive Prints","url":"https:\/\/positiveprints.com\/fr\/","logo":{"@type":"ImageObject","inLanguage":"fr-FR","@id":"https:\/\/positiveprints.com\/fr\/#\/schema\/logo\/image\/","url":"https:\/\/positiveprints.com\/wp-content\/uploads\/2026\/03\/245815646_1337939713319158_5671353136411139666_n.png","contentUrl":"https:\/\/positiveprints.com\/wp-content\/uploads\/2026\/03\/245815646_1337939713319158_5671353136411139666_n.png","width":800,"height":800,"caption":"Positive Prints"},"image":{"@id":"https:\/\/positiveprints.com\/fr\/#\/schema\/logo\/image\/"},"sameAs":["https:\/\/www.facebook.com\/positiveprintscom","https:\/\/www.instagram.com\/positiveprintscom\/","https:\/\/www.tiktok.com\/@positiveprintscom","https:\/\/www.pinterest.com\/positiveprintscom\/"]}]}},"jetpack_sharing_enabled":true,"_links":{"self":[{"href":"https:\/\/positiveprints.com\/fr\/wp-json\/wp\/v2\/product\/468570","targetHints":{"allow":["GET"]}}],"collection":[{"href":"https:\/\/positiveprints.com\/fr\/wp-json\/wp\/v2\/product"}],"about":[{"href":"https:\/\/positiveprints.com\/fr\/wp-json\/wp\/v2\/types\/product"}],"wp:featuredmedia":[{"embeddable":true,"href":"https:\/\/positiveprints.com\/fr\/wp-json\/wp\/v2\/media\/1348544"}],"wp:attachment":[{"href":"https:\/\/positiveprints.com\/fr\/wp-json\/wp\/v2\/media?parent=468570"}],"wp:term":[{"taxonomy":"product_brand","embeddable":true,"href":"https:\/\/positiveprints.com\/fr\/wp-json\/wp\/v2\/product_brand?post=468570"},{"taxonomy":"product_cat","embeddable":true,"href":"https:\/\/positiveprints.com\/fr\/wp-json\/wp\/v2\/product_cat?post=468570"},{"taxonomy":"product_tag","embeddable":true,"href":"https:\/\/positiveprints.com\/fr\/wp-json\/wp\/v2\/product_tag?post=468570"}],"curies":[{"name":"wp","href":"https:\/\/api.w.org\/{rel}","templated":true}]}}