{"id":468563,"date":"2023-04-17T21:51:54","date_gmt":"2023-04-17T20:51:54","guid":{"rendered":"https:\/\/positiveprints.com\/?post_type=product&#038;p=468563"},"modified":"2026-04-12T22:28:40","modified_gmt":"2026-04-12T21:28:40","slug":"le-meilleur-papy-du-monde","status":"publish","type":"product","link":"https:\/\/positiveprints.com\/fr\/produit\/le-meilleur-papy-du-monde\/","title":{"rendered":"Collage Photo de Lettres pour Grand-p\u00e8re"},"content":{"rendered":"<p style=\"margin-top: 1rem;\">Il n&#8217;y a rien de tel que le lien sp\u00e9cial partag\u00e9 entre un grand-p\u00e8re et ses petits-enfants. C\u00e9l\u00e9brez cette relation ch\u00e8re avec le Collage Photo en Lettre pour Grand-p\u00e8re de Positive Prints, un cadeau personnalis\u00e9 et sentimental que votre grand-p\u00e8re ch\u00e9rira pour toujours. Ce collage photo unique est fait \u00e0 partir de vos photos pr\u00e9f\u00e9r\u00e9es, arrang\u00e9es dans la forme du mot \u00ab grand-p\u00e8re \u00bb. Alternativement, vous pouvez personnaliser le mot en fonction du nom ou du surnom pr\u00e9f\u00e9r\u00e9 de votre grand-p\u00e8re, comme \u00ab papy \u00bb ou \u00ab grand-papa \u00bb.<\/p>\r\n<p style=\"margin-top: 1rem;\">Cr\u00e9er un collage de photos de lettres de grand-p\u00e8re est facile et pratique. Il suffit d&#8217;aller \u00e0 notre \u00e9diteur en ligne et t\u00e9l\u00e9charger vos photos choisies pour chaque lettre dans le mot choisi. Vous pouvez ensuite personnaliser le format d&#8217;impression en fonction de vos pr\u00e9f\u00e9rences, y compris des affiches, des impressions sur toile ou encadr\u00e9es, ou des fichiers de t\u00e9l\u00e9chargement num\u00e9riques pour l&#8217;impression automatique.<\/p>\r\n<p style=\"margin-top: 1rem;\">Positive Prints utilise uniquement des mat\u00e9riaux et des technologies d&#8217;impression de la plus haute qualit\u00e9, ce qui signifie que votre Collage Photo en Lettre pour Grand-p\u00e8re aura l&#8217;air professionnel et \u00e9poustouflant. C&#8217;est le cadeau sentimental parfait pour n&#8217;importe quelle occasion &#8211; que ce soit pour un anniversaire, No\u00ebl ou simplement parce que vous voulez montrer \u00e0 votre grand-p\u00e8re \u00e0 quel point vous tenez \u00e0 lui.<\/p>\r\n<p style=\"margin-top: 1rem;\">Alors pourquoi ne pas offrir \u00e0 votre grand-p\u00e8re un cadeau qu&#8217;il pourra ch\u00e9rir toute sa vie ? Le Collage Photo en Lettre pour Grand-p\u00e8re est une fa\u00e7on sp\u00e9ciale et personnalis\u00e9e d&#8217;exprimer \u00e0 quel point vous l&#8217;aimez et l&#8217;appr\u00e9ciez, et de lui montrer \u00e0 quel point il est important pour vous au fil des ans. Avec des Positive Prints, cr\u00e9er un \u00ab Collage Photo en Lettre pour Grand-p\u00e8re \u00bb beau et unique n&#8217;a jamais \u00e9t\u00e9 aussi facile !<\/p>","protected":false},"excerpt":{"rendered":"<ul class=\"check-list\">\n<li>Ajoutez un texte personnalis\u00e9 significatif<\/li>\n<li>Personnalisez en 3 \u00e9tapes simples<\/li>\n<li>Choisissez un mod\u00e8le ou faites preuve de cr\u00e9ativit\u00e9<\/li>\n<li>Visualisez le r\u00e9sultat imm\u00e9diatement avec l&#8217;aper\u00e7u interactif<\/li>\n<\/ul>\n","protected":false},"featured_media":1670434,"template":"","meta":[],"product_brand":[],"product_cat":[9274,5264,9123,7605,11394,104],"product_tag":[15661,12579,15676,11788,8659],"class_list":{"0":"post-468563","1":"product","2":"type-product","3":"status-publish","4":"has-post-thumbnail","6":"product_cat-bestsellers-label-fr","7":"product_cat-cadeaux-de-noel","8":"product_cat-photo-letter-fr","9":"product_cat-cadeaux-pour-grand-pere","10":"product_cat-cadeaux-de-noel-pour-papi","11":"product_cat-tous-les-produits","12":"product_tag-cadeau-danniversaire-pour-grand-pere","13":"product_tag-cadeau-grand-pere","14":"product_tag-cadeau-pour-grand-pere","15":"product_tag-cadeaux-de-noel-pour-papi","16":"product_tag-grandpa-fr","18":"first","19":"instock","20":"sale","21":"taxable","22":"shipping-taxable","23":"purchasable","24":"product-type-variable"},"yoast_head":"<!-- This site is optimized with the Yoast SEO Premium plugin v27.2 (Yoast SEO v27.2) - https:\/\/yoast.com\/product\/yoast-seo-premium-wordpress\/ -->\n<title>Collage Photo de Lettres pour Grand-p\u00e8re - Positive Prints<\/title>\n<meta name=\"description\" content=\"Surprenez votre grand-p\u00e8re avec ce magnifique collage de 40x30 cm qui transforme vos souvenirs partag\u00e9s en un message visuel personnalis\u00e9, un cadeau touchant qui c\u00e9l\u00e8bre votre lien unique pour la f\u00eate des grands-p\u00e8res.\" \/>\n<meta name=\"robots\" content=\"index, follow, max-snippet:-1, max-image-preview:large, max-video-preview:-1\" \/>\n<link rel=\"canonical\" href=\"https:\/\/positiveprints.com\/fr\/produit\/le-meilleur-papy-du-monde\/\" \/>\n<meta property=\"og:locale\" content=\"fr_FR\" \/>\n<meta property=\"og:type\" content=\"article\" \/>\n<meta property=\"og:title\" content=\"Collage Photo de Lettres pour Grand-p\u00e8re\" \/>\n<meta property=\"og:description\" content=\"Ajoutez un texte personnalis\u00e9 significatif  Personnalisez en 3 \u00e9tapes simples  Choisissez un mod\u00e8le ou faites preuve de cr\u00e9ativit\u00e9  Visualisez le r\u00e9sultat imm\u00e9diatement avec l&#039;aper\u00e7u interactif\" \/>\n<meta property=\"og:url\" content=\"https:\/\/positiveprints.com\/fr\/produit\/le-meilleur-papy-du-monde\/\" \/>\n<meta property=\"og:site_name\" content=\"Positive Prints\" \/>\n<meta property=\"article:publisher\" content=\"https:\/\/www.facebook.com\/positiveprintscom\" \/>\n<meta property=\"article:modified_time\" content=\"2026-04-12T21:28:40+00:00\" \/>\n<meta property=\"og:image\" content=\"https:\/\/positiveprints.com\/wp-content\/uploads\/2025\/03\/Packshot_FR_papy.webp\" \/>\n\t<meta property=\"og:image:width\" content=\"1450\" \/>\n\t<meta property=\"og:image:height\" content=\"1450\" \/>\n\t<meta property=\"og:image:type\" content=\"image\/webp\" \/>\n<meta name=\"twitter:card\" content=\"summary_large_image\" \/>\n<meta name=\"twitter:label1\" content=\"Dur\u00e9e de lecture estim\u00e9e\" \/>\n\t<meta name=\"twitter:data1\" content=\"2 minutes\" \/>\n<!-- \/ Yoast SEO Premium plugin. -->","yoast_head_json":{"title":"Collage Photo de Lettres pour Grand-p\u00e8re - Positive Prints","description":"Surprenez votre grand-p\u00e8re avec ce magnifique collage de 40x30 cm qui transforme vos souvenirs partag\u00e9s en un message visuel personnalis\u00e9, un cadeau touchant qui c\u00e9l\u00e8bre votre lien unique pour la f\u00eate des grands-p\u00e8res.","robots":{"index":"index","follow":"follow","max-snippet":"max-snippet:-1","max-image-preview":"max-image-preview:large","max-video-preview":"max-video-preview:-1"},"canonical":"https:\/\/positiveprints.com\/fr\/produit\/le-meilleur-papy-du-monde\/","og_locale":"fr_FR","og_type":"article","og_title":"Collage Photo de Lettres pour Grand-p\u00e8re","og_description":"Ajoutez un texte personnalis\u00e9 significatif  Personnalisez en 3 \u00e9tapes simples  Choisissez un mod\u00e8le ou faites preuve de cr\u00e9ativit\u00e9  Visualisez le r\u00e9sultat imm\u00e9diatement avec l'aper\u00e7u interactif","og_url":"https:\/\/positiveprints.com\/fr\/produit\/le-meilleur-papy-du-monde\/","og_site_name":"Positive Prints","article_publisher":"https:\/\/www.facebook.com\/positiveprintscom","article_modified_time":"2026-04-12T21:28:40+00:00","og_image":[{"width":1450,"height":1450,"url":"https:\/\/positiveprints.com\/wp-content\/uploads\/2025\/03\/Packshot_FR_papy.webp","type":"image\/webp"}],"twitter_card":"summary_large_image","twitter_misc":{"Dur\u00e9e de lecture estim\u00e9e":"2 minutes"},"schema":{"@context":"https:\/\/schema.org","@graph":[{"@type":["WebPage","ItemPage"],"@id":"https:\/\/positiveprints.com\/fr\/produit\/le-meilleur-papy-du-monde\/","url":"https:\/\/positiveprints.com\/fr\/produit\/le-meilleur-papy-du-monde\/","name":"Collage Photo de Lettres pour Grand-p\u00e8re - Positive Prints","isPartOf":{"@id":"https:\/\/positiveprints.com\/fr\/#website"},"primaryImageOfPage":{"@id":"https:\/\/positiveprints.com\/fr\/produit\/le-meilleur-papy-du-monde\/#primaryimage"},"image":{"@id":"https:\/\/positiveprints.com\/fr\/produit\/le-meilleur-papy-du-monde\/#primaryimage"},"thumbnailUrl":"https:\/\/positiveprints.com\/wp-content\/uploads\/2026\/03\/papy_FR.webp","datePublished":"2023-04-17T20:51:54+00:00","dateModified":"2026-04-12T21:28:40+00:00","description":"Surprenez votre grand-p\u00e8re avec ce magnifique collage de 40x30 cm qui transforme vos souvenirs partag\u00e9s en un message visuel personnalis\u00e9, un cadeau touchant qui c\u00e9l\u00e8bre votre lien unique pour la f\u00eate des grands-p\u00e8res.","breadcrumb":{"@id":"https:\/\/positiveprints.com\/fr\/produit\/le-meilleur-papy-du-monde\/#breadcrumb"},"inLanguage":"fr-FR","potentialAction":[{"@type":"ReadAction","target":["https:\/\/positiveprints.com\/fr\/produit\/le-meilleur-papy-du-monde\/"]}]},{"@type":"ImageObject","inLanguage":"fr-FR","@id":"https:\/\/positiveprints.com\/fr\/produit\/le-meilleur-papy-du-monde\/#primaryimage","url":"https:\/\/positiveprints.com\/wp-content\/uploads\/2026\/03\/papy_FR.webp","contentUrl":"https:\/\/positiveprints.com\/wp-content\/uploads\/2026\/03\/papy_FR.webp","width":1450,"height":1450},{"@type":"BreadcrumbList","@id":"https:\/\/positiveprints.com\/fr\/produit\/le-meilleur-papy-du-monde\/#breadcrumb","itemListElement":[{"@type":"ListItem","position":1,"name":"Home","item":"https:\/\/positiveprints.com\/fr\/"},{"@type":"ListItem","position":2,"name":"Produits","item":"https:\/\/positiveprints.com\/fr\/shop\/"},{"@type":"ListItem","position":3,"name":"Collage Photo de Lettres pour Grand-p\u00e8re"}]},{"@type":"WebSite","@id":"https:\/\/positiveprints.com\/fr\/#website","url":"https:\/\/positiveprints.com\/fr\/","name":"Positive Prints","description":"Amazing Custom Personalized Gifts","publisher":{"@id":"https:\/\/positiveprints.com\/fr\/#organization"},"potentialAction":[{"@type":"SearchAction","target":{"@type":"EntryPoint","urlTemplate":"https:\/\/positiveprints.com\/fr\/?s={search_term_string}"},"query-input":{"@type":"PropertyValueSpecification","valueRequired":true,"valueName":"search_term_string"}}],"inLanguage":"fr-FR"},{"@type":"Organization","@id":"https:\/\/positiveprints.com\/fr\/#organization","name":"Positive Prints","alternateName":"Positive Prints","url":"https:\/\/positiveprints.com\/fr\/","logo":{"@type":"ImageObject","inLanguage":"fr-FR","@id":"https:\/\/positiveprints.com\/fr\/#\/schema\/logo\/image\/","url":"https:\/\/positiveprints.com\/wp-content\/uploads\/2026\/03\/245815646_1337939713319158_5671353136411139666_n.png","contentUrl":"https:\/\/positiveprints.com\/wp-content\/uploads\/2026\/03\/245815646_1337939713319158_5671353136411139666_n.png","width":800,"height":800,"caption":"Positive Prints"},"image":{"@id":"https:\/\/positiveprints.com\/fr\/#\/schema\/logo\/image\/"},"sameAs":["https:\/\/www.facebook.com\/positiveprintscom","https:\/\/www.instagram.com\/positiveprintscom\/","https:\/\/www.tiktok.com\/@positiveprintscom","https:\/\/www.pinterest.com\/positiveprintscom\/"]}]}},"jetpack_sharing_enabled":true,"_links":{"self":[{"href":"https:\/\/positiveprints.com\/fr\/wp-json\/wp\/v2\/product\/468563","targetHints":{"allow":["GET"]}}],"collection":[{"href":"https:\/\/positiveprints.com\/fr\/wp-json\/wp\/v2\/product"}],"about":[{"href":"https:\/\/positiveprints.com\/fr\/wp-json\/wp\/v2\/types\/product"}],"wp:featuredmedia":[{"embeddable":true,"href":"https:\/\/positiveprints.com\/fr\/wp-json\/wp\/v2\/media\/1670434"}],"wp:attachment":[{"href":"https:\/\/positiveprints.com\/fr\/wp-json\/wp\/v2\/media?parent=468563"}],"wp:term":[{"taxonomy":"product_brand","embeddable":true,"href":"https:\/\/positiveprints.com\/fr\/wp-json\/wp\/v2\/product_brand?post=468563"},{"taxonomy":"product_cat","embeddable":true,"href":"https:\/\/positiveprints.com\/fr\/wp-json\/wp\/v2\/product_cat?post=468563"},{"taxonomy":"product_tag","embeddable":true,"href":"https:\/\/positiveprints.com\/fr\/wp-json\/wp\/v2\/product_tag?post=468563"}],"curies":[{"name":"wp","href":"https:\/\/api.w.org\/{rel}","templated":true}]}}