{"id":468554,"date":"2023-04-17T21:35:09","date_gmt":"2023-04-17T20:35:09","guid":{"rendered":"https:\/\/positiveprints.com\/?post_type=product&#038;p=468554"},"modified":"2026-04-03T03:18:29","modified_gmt":"2026-04-03T02:18:29","slug":"collage-photo-en-lettre-pour-papa","status":"publish","type":"product","link":"https:\/\/positiveprints.com\/fr\/produit\/collage-photo-en-lettre-pour-papa\/","title":{"rendered":"Collage Photo en Lettre pour Papa"},"content":{"rendered":"<p style=\"margin-top: 1rem\">C\u00e9l\u00e9brer les p\u00e8res et leur amour pour leurs enfants n&#8217;a jamais \u00e9t\u00e9 aussi facile qu&#8217;avec le Collage Photo en Lettre pour Papa de Positive Prints ! Ce produit est un moyen unique et sinc\u00e8re de cr\u00e9er un cadeau personnalis\u00e9 pour le p\u00e8re de votre vie. Le collage photo est r\u00e9alis\u00e9 \u00e0 partir de vos photos pr\u00e9f\u00e9r\u00e9es formant la forme du mot \u00ab papa \u00bb. Ou, si vous pr\u00e9f\u00e9rez, vous pouvez personnaliser le mot pour correspondre au nom de votre p\u00e8re ou \u00e0 son surnom pr\u00e9f\u00e9r\u00e9, comme \u00ab papa \u00bb ou \u00ab papounet \u00bb.<\/p>\r\n\r\n\r\n<p style=\"margin-top: 1rem\">Pour cr\u00e9er votre propre \u00ab Collage Photo en Lettre pour Papa \u00bb, dirigez-vous simplement vers notre \u00e9diteur en ligne et t\u00e9l\u00e9chargez vos photos pr\u00e9f\u00e9r\u00e9es. Chaque lettre du mot choisi sera faite \u00e0 partir de vos photos choisies, cr\u00e9ant une \u0153uvre d&#8217;art unique en son genre. Vous pouvez choisir parmi diff\u00e9rents formats d&#8217;impression, y compris des affiches, des impressions sur toile ou encadr\u00e9es, ou des fichiers de t\u00e9l\u00e9chargement num\u00e9rique pour l&#8217;auto-impression.<\/p>\r\n\r\n\r\n<p style=\"margin-top: 1rem\">Gr\u00e2ce \u00e0 la technologie de pointe de Positive Prints et aux mat\u00e9riaux d&#8217;impression de haute qualit\u00e9, vous pouvez \u00eatre s\u00fbr que le produit final aura l&#8217;air incroyable et professionnel. C&#8217;est un cadeau qui apportera un sourire au visage de votre p\u00e8re et servira de rappel quotidien des souvenirs ch\u00e9ris que vous avez partag\u00e9s.<\/p>\r\n\r\n\r\n<p style=\"margin-top: 1rem\">Que vous cherchiez un cadeau pour la F\u00eate des p\u00e8res, les anniversaires ou toute autre occasion, le Collage Photo en Lettre pour Papa est le moyen id\u00e9al de montrer \u00e0 votre p\u00e8re \u00e0 quel point il compte pour vous. C&#8217;est un cadeau qu&#8217;il ch\u00e9rira pour les ann\u00e9es \u00e0 venir et qui lui rappellera l&#8217;incroyable p\u00e8re qu&#8217;il est. Avec Positive Prints, cr\u00e9er un Collage Photo en Lettre pour Papa magnifique et personnalis\u00e9 n&#8217;a jamais \u00e9t\u00e9 aussi facile !<\/p>","protected":false},"excerpt":{"rendered":"<ul class=\"check-list\">\n<li>Incluez un texte personnalis\u00e9 significatif<\/li>\n<li>Personnalisez en 3 \u00e9tapes simples<\/li>\n<li>Choisissez un mod\u00e8le ou faites preuve de cr\u00e9ativit\u00e9<\/li>\n<li>Vois le r\u00e9sultat imm\u00e9diatement \u2013 l\u2019aper\u00e7u interactif te permet de peaufiner chaque d\u00e9tail<\/li>\n<\/ul>\n","protected":false},"featured_media":1278917,"template":"","meta":[],"product_brand":[],"product_cat":[9123,104],"product_tag":[11107],"class_list":{"0":"post-468554","1":"product","2":"type-product","3":"status-publish","4":"has-post-thumbnail","6":"product_cat-photo-letter-fr","7":"product_cat-tous-les-produits","8":"product_tag-father-it-fr","10":"first","11":"instock","12":"sale","13":"taxable","14":"shipping-taxable","15":"purchasable","16":"product-type-variable"},"yoast_head":"<!-- This site is optimized with the Yoast SEO Premium plugin v27.2 (Yoast SEO v27.2) - https:\/\/yoast.com\/product\/yoast-seo-premium-wordpress\/ -->\n<title>Collage Photo en Lettre pour Papa - Positive Prints<\/title>\n<meta name=\"description\" content=\"Que vous cherchiez un cadeau pour la F\u00eate des p\u00e8res, les anniversaires ou toute autre occasion, le Collage Photo en Lettre pour Papa est le moyen id\u00e9al de montrer \u00e0 votre p\u00e8re \u00e0 quel point il compte pour vous.\" \/>\n<meta name=\"robots\" content=\"index, follow, max-snippet:-1, max-image-preview:large, max-video-preview:-1\" \/>\n<link rel=\"canonical\" href=\"https:\/\/positiveprints.com\/fr\/produit\/collage-photo-en-lettre-pour-papa\/\" \/>\n<meta property=\"og:locale\" content=\"fr_FR\" \/>\n<meta property=\"og:type\" content=\"article\" \/>\n<meta property=\"og:title\" content=\"Collage Photo en Lettre pour Papa\" \/>\n<meta property=\"og:description\" content=\"Incluez un texte personnalis\u00e9 significatif Personnalisez en 3 \u00e9tapes simples Choisissez un mod\u00e8le ou faites preuve de cr\u00e9ativit\u00e9 Vois le r\u00e9sultat imm\u00e9diatement \u2013 l\u2019aper\u00e7u interactif te permet de peaufiner chaque d\u00e9tail\" \/>\n<meta property=\"og:url\" content=\"https:\/\/positiveprints.com\/fr\/produit\/collage-photo-en-lettre-pour-papa\/\" \/>\n<meta property=\"og:site_name\" content=\"Positive Prints\" \/>\n<meta property=\"article:publisher\" content=\"https:\/\/www.facebook.com\/positiveprintscom\" \/>\n<meta property=\"article:modified_time\" content=\"2026-04-03T02:18:29+00:00\" \/>\n<meta property=\"og:image\" content=\"https:\/\/positiveprints.com\/wp-content\/uploads\/2024\/11\/Packshot_FR_Dad-Letter-Photo-Collage-product-image-.webp\" \/>\n\t<meta property=\"og:image:width\" content=\"1450\" \/>\n\t<meta property=\"og:image:height\" content=\"1450\" \/>\n\t<meta property=\"og:image:type\" content=\"image\/webp\" \/>\n<meta name=\"twitter:card\" content=\"summary_large_image\" \/>\n<meta name=\"twitter:label1\" content=\"Dur\u00e9e de lecture estim\u00e9e\" \/>\n\t<meta name=\"twitter:data1\" content=\"2 minutes\" \/>\n<!-- \/ Yoast SEO Premium plugin. -->","yoast_head_json":{"title":"Collage Photo en Lettre pour Papa - Positive Prints","description":"Que vous cherchiez un cadeau pour la F\u00eate des p\u00e8res, les anniversaires ou toute autre occasion, le Collage Photo en Lettre pour Papa est le moyen id\u00e9al de montrer \u00e0 votre p\u00e8re \u00e0 quel point il compte pour vous.","robots":{"index":"index","follow":"follow","max-snippet":"max-snippet:-1","max-image-preview":"max-image-preview:large","max-video-preview":"max-video-preview:-1"},"canonical":"https:\/\/positiveprints.com\/fr\/produit\/collage-photo-en-lettre-pour-papa\/","og_locale":"fr_FR","og_type":"article","og_title":"Collage Photo en Lettre pour Papa","og_description":"Incluez un texte personnalis\u00e9 significatif Personnalisez en 3 \u00e9tapes simples Choisissez un mod\u00e8le ou faites preuve de cr\u00e9ativit\u00e9 Vois le r\u00e9sultat imm\u00e9diatement \u2013 l\u2019aper\u00e7u interactif te permet de peaufiner chaque d\u00e9tail","og_url":"https:\/\/positiveprints.com\/fr\/produit\/collage-photo-en-lettre-pour-papa\/","og_site_name":"Positive Prints","article_publisher":"https:\/\/www.facebook.com\/positiveprintscom","article_modified_time":"2026-04-03T02:18:29+00:00","og_image":[{"width":1450,"height":1450,"url":"https:\/\/positiveprints.com\/wp-content\/uploads\/2024\/11\/Packshot_FR_Dad-Letter-Photo-Collage-product-image-.webp","type":"image\/webp"}],"twitter_card":"summary_large_image","twitter_misc":{"Dur\u00e9e de lecture estim\u00e9e":"2 minutes"},"schema":{"@context":"https:\/\/schema.org","@graph":[{"@type":["WebPage","ItemPage"],"@id":"https:\/\/positiveprints.com\/fr\/produit\/collage-photo-en-lettre-pour-papa\/","url":"https:\/\/positiveprints.com\/fr\/produit\/collage-photo-en-lettre-pour-papa\/","name":"Collage Photo en Lettre pour Papa - Positive Prints","isPartOf":{"@id":"https:\/\/positiveprints.com\/fr\/#website"},"primaryImageOfPage":{"@id":"https:\/\/positiveprints.com\/fr\/produit\/collage-photo-en-lettre-pour-papa\/#primaryimage"},"image":{"@id":"https:\/\/positiveprints.com\/fr\/produit\/collage-photo-en-lettre-pour-papa\/#primaryimage"},"thumbnailUrl":"https:\/\/positiveprints.com\/wp-content\/uploads\/2024\/11\/Packshot_FR_Dad-Letter-Photo-Collage-product-image-.webp","datePublished":"2023-04-17T20:35:09+00:00","dateModified":"2026-04-03T02:18:29+00:00","description":"Que vous cherchiez un cadeau pour la F\u00eate des p\u00e8res, les anniversaires ou toute autre occasion, le Collage Photo en Lettre pour Papa est le moyen id\u00e9al de montrer \u00e0 votre p\u00e8re \u00e0 quel point il compte pour vous.","breadcrumb":{"@id":"https:\/\/positiveprints.com\/fr\/produit\/collage-photo-en-lettre-pour-papa\/#breadcrumb"},"inLanguage":"fr-FR","potentialAction":[{"@type":"ReadAction","target":["https:\/\/positiveprints.com\/fr\/produit\/collage-photo-en-lettre-pour-papa\/"]}]},{"@type":"ImageObject","inLanguage":"fr-FR","@id":"https:\/\/positiveprints.com\/fr\/produit\/collage-photo-en-lettre-pour-papa\/#primaryimage","url":"https:\/\/positiveprints.com\/wp-content\/uploads\/2024\/11\/Packshot_FR_Dad-Letter-Photo-Collage-product-image-.webp","contentUrl":"https:\/\/positiveprints.com\/wp-content\/uploads\/2024\/11\/Packshot_FR_Dad-Letter-Photo-Collage-product-image-.webp","width":1450,"height":1450},{"@type":"BreadcrumbList","@id":"https:\/\/positiveprints.com\/fr\/produit\/collage-photo-en-lettre-pour-papa\/#breadcrumb","itemListElement":[{"@type":"ListItem","position":1,"name":"Home","item":"https:\/\/positiveprints.com\/fr\/"},{"@type":"ListItem","position":2,"name":"Produits","item":"https:\/\/positiveprints.com\/fr\/shop\/"},{"@type":"ListItem","position":3,"name":"Collage Photo en Lettre pour Papa"}]},{"@type":"WebSite","@id":"https:\/\/positiveprints.com\/fr\/#website","url":"https:\/\/positiveprints.com\/fr\/","name":"Positive Prints","description":"Amazing Custom Personalized Gifts","publisher":{"@id":"https:\/\/positiveprints.com\/fr\/#organization"},"potentialAction":[{"@type":"SearchAction","target":{"@type":"EntryPoint","urlTemplate":"https:\/\/positiveprints.com\/fr\/?s={search_term_string}"},"query-input":{"@type":"PropertyValueSpecification","valueRequired":true,"valueName":"search_term_string"}}],"inLanguage":"fr-FR"},{"@type":"Organization","@id":"https:\/\/positiveprints.com\/fr\/#organization","name":"Positive Prints","alternateName":"Positive Prints","url":"https:\/\/positiveprints.com\/fr\/","logo":{"@type":"ImageObject","inLanguage":"fr-FR","@id":"https:\/\/positiveprints.com\/fr\/#\/schema\/logo\/image\/","url":"https:\/\/positiveprints.com\/wp-content\/uploads\/2026\/03\/245815646_1337939713319158_5671353136411139666_n.png","contentUrl":"https:\/\/positiveprints.com\/wp-content\/uploads\/2026\/03\/245815646_1337939713319158_5671353136411139666_n.png","width":800,"height":800,"caption":"Positive Prints"},"image":{"@id":"https:\/\/positiveprints.com\/fr\/#\/schema\/logo\/image\/"},"sameAs":["https:\/\/www.facebook.com\/positiveprintscom","https:\/\/www.instagram.com\/positiveprintscom\/","https:\/\/www.tiktok.com\/@positiveprintscom","https:\/\/www.pinterest.com\/positiveprintscom\/"]}]}},"jetpack_sharing_enabled":true,"_links":{"self":[{"href":"https:\/\/positiveprints.com\/fr\/wp-json\/wp\/v2\/product\/468554","targetHints":{"allow":["GET"]}}],"collection":[{"href":"https:\/\/positiveprints.com\/fr\/wp-json\/wp\/v2\/product"}],"about":[{"href":"https:\/\/positiveprints.com\/fr\/wp-json\/wp\/v2\/types\/product"}],"wp:featuredmedia":[{"embeddable":true,"href":"https:\/\/positiveprints.com\/fr\/wp-json\/wp\/v2\/media\/1278917"}],"wp:attachment":[{"href":"https:\/\/positiveprints.com\/fr\/wp-json\/wp\/v2\/media?parent=468554"}],"wp:term":[{"taxonomy":"product_brand","embeddable":true,"href":"https:\/\/positiveprints.com\/fr\/wp-json\/wp\/v2\/product_brand?post=468554"},{"taxonomy":"product_cat","embeddable":true,"href":"https:\/\/positiveprints.com\/fr\/wp-json\/wp\/v2\/product_cat?post=468554"},{"taxonomy":"product_tag","embeddable":true,"href":"https:\/\/positiveprints.com\/fr\/wp-json\/wp\/v2\/product_tag?post=468554"}],"curies":[{"name":"wp","href":"https:\/\/api.w.org\/{rel}","templated":true}]}}