{"id":467974,"date":"2023-04-13T13:48:42","date_gmt":"2023-04-13T12:48:42","guid":{"rendered":"https:\/\/positiveprints.com\/?post_type=product&#038;p=467974"},"modified":"2026-04-12T22:30:10","modified_gmt":"2026-04-12T21:30:10","slug":"collage-photo-en-lettre-pour-grand-mere","status":"publish","type":"product","link":"https:\/\/positiveprints.com\/fr\/produit\/collage-photo-en-lettre-pour-grand-mere\/","title":{"rendered":"Collage Photo de Lettres pour Grand-m\u00e8re"},"content":{"rendered":"<p style=\"margin-top: 1rem;\">C\u00e9l\u00e9brez le lien sp\u00e9cial entre les grands-m\u00e8res et leurs petits-enfants avec le Collage Photo en Lettre pour Grand-m\u00e8re de Positive Prints ! Ce cadeau unique et personnalis\u00e9 vous permet de cr\u00e9er un beau collage photo sentimental r\u00e9alis\u00e9 \u00e0 partir de vos photos pr\u00e9f\u00e9r\u00e9es sous la forme du mot \u00ab grand-m\u00e8re \u00bb. Ou, si vous pr\u00e9f\u00e9rez, vous pouvez personnaliser le mot pour correspondre au nom de votre grand-m\u00e8re ou \u00e0 son surnom pr\u00e9f\u00e9r\u00e9, comme \u00ab Mamie \u00bb ou \u00ab M\u00e9m\u00e9 \u00bb.<\/p>\r\n<p style=\"margin-top: 1rem;\">Pour cr\u00e9er votre propre Collage Photo en Lettre pour Grand-m\u00e8re, dirigez-vous simplement vers notre \u00e9diteur en ligne et t\u00e9l\u00e9chargez vos photos pr\u00e9f\u00e9r\u00e9es. Chaque lettre du mot choisi sera faite \u00e0 partir de vos photos choisies, cr\u00e9ant un cadeau unique, personnalis\u00e9 et sinc\u00e8re. Vous pouvez choisir parmi diff\u00e9rents formats d&#8217;impression, y compris des affiches, des impressions sur toile ou encadr\u00e9es, ou des fichiers de t\u00e9l\u00e9chargement num\u00e9rique pour l&#8217;auto-impression.<\/p>\r\n<p style=\"margin-top: 1rem;\">En utilisant les mat\u00e9riaux et la technologie d&#8217;impression de haute qualit\u00e9 de Positive Prints, vous pouvez \u00eatre s\u00fbr que le produit final sera magnifique et professionnel. C&#8217;est un cadeau qui ne manquera pas d&#8217;\u00e9gayer la journ\u00e9e de votre grand-m\u00e8re et de vous rappeler les moments pr\u00e9cieux que vous avez partag\u00e9s ensemble.<\/p>\r\n<p style=\"margin-top: 1rem;\">Que vous soyez \u00e0 la recherche d&#8217;un cadeau pour l&#8217;anniversaire de votre grand-m\u00e8re, la f\u00eate des m\u00e8res ou toute autre occasion sp\u00e9ciale, le Collage Photo en Lettre pour Grand-m\u00e8re est le cadeau parfait qu&#8217;elle ch\u00e9rira pour toujours. C&#8217;est une fa\u00e7on sentimentale et unique de c\u00e9l\u00e9brer votre lien sp\u00e9cial avec votre grand-m\u00e8re et de lui montrer \u00e0 quel point elle compte pour vous. Avec Positive Prints, cr\u00e9er un Collage Photo en Lettre pour Grand-m\u00e8re magnifique et personnalis\u00e9 n&#8217;a jamais \u00e9t\u00e9 aussi facile !<\/p>","protected":false},"excerpt":{"rendered":"<ul class=\"check-list\">\n<li>Incluez un texte personnalis\u00e9 significatif<\/li>\n<li>Personnalisez votre design en 3 \u00e9tapes simples<\/li>\n<li>Choisissez un mod\u00e8le ou faites preuve de cr\u00e9ativit\u00e9<\/li>\n<li>Visualisez le r\u00e9sultat imm\u00e9diatement avec l\u2019aper\u00e7u interactif<\/li>\n<\/ul>\n","protected":false},"featured_media":1670324,"template":"","meta":[],"product_brand":[],"product_cat":[9274,9123,104,8998,5264,11393,7718],"product_tag":[11774,15722,9463,8581],"class_list":{"0":"post-467974","1":"product","2":"type-product","3":"status-publish","4":"has-post-thumbnail","6":"product_cat-bestsellers-label-fr","7":"product_cat-photo-letter-fr","8":"product_cat-tous-les-produits","9":"product_cat-fete-des-grands-parents","10":"product_cat-cadeaux-de-noel","11":"product_cat-cadeaux-de-noel-pour-mamie","12":"product_cat-cadeaux-pour-grand-mere","13":"product_tag-cadeaux-de-noel-pour-mamie","14":"product_tag-christmas-present-fr","15":"product_tag-grand-mere","16":"product_tag-mamie","18":"first","19":"instock","20":"sale","21":"taxable","22":"shipping-taxable","23":"purchasable","24":"product-type-variable"},"yoast_head":"<!-- This site is optimized with the Yoast SEO Premium plugin v27.2 (Yoast SEO v27.2) - https:\/\/yoast.com\/product\/yoast-seo-premium-wordpress\/ -->\n<title>Collage Photo de Lettres pour Grand-m\u00e8re - Positive Prints<\/title>\n<meta name=\"description\" content=\"Offrez \u00e0 mamie un tr\u00e9sor visuel de 40x30 cm compos\u00e9 de vos photos pr\u00e9f\u00e9r\u00e9es assembl\u00e9es en un message d&#039;amour, un cadeau personnalis\u00e9 qui c\u00e9l\u00e8bre la relation sp\u00e9ciale entre une grand-m\u00e8re et ses petits-enfants.\" \/>\n<meta name=\"robots\" content=\"index, follow, max-snippet:-1, max-image-preview:large, max-video-preview:-1\" \/>\n<link rel=\"canonical\" href=\"https:\/\/positiveprints.com\/fr\/produit\/collage-photo-en-lettre-pour-grand-mere\/\" \/>\n<meta property=\"og:locale\" content=\"fr_FR\" \/>\n<meta property=\"og:type\" content=\"article\" \/>\n<meta property=\"og:title\" content=\"Collage Photo de Lettres pour Grand-m\u00e8re\" \/>\n<meta property=\"og:description\" content=\"Incluez un texte personnalis\u00e9 significatif  Personnalisez votre design en 3 \u00e9tapes simples  Choisissez un mod\u00e8le ou faites preuve de cr\u00e9ativit\u00e9  Visualisez le r\u00e9sultat imm\u00e9diatement avec l\u2019aper\u00e7u interactif\" \/>\n<meta property=\"og:url\" content=\"https:\/\/positiveprints.com\/fr\/produit\/collage-photo-en-lettre-pour-grand-mere\/\" \/>\n<meta property=\"og:site_name\" content=\"Positive Prints\" \/>\n<meta property=\"article:publisher\" content=\"https:\/\/www.facebook.com\/positiveprintscom\" \/>\n<meta property=\"article:modified_time\" content=\"2026-04-12T21:30:10+00:00\" \/>\n<meta property=\"og:image\" content=\"https:\/\/positiveprints.com\/wp-content\/uploads\/2025\/03\/Packshot_FR_MAMIE.webp\" \/>\n\t<meta property=\"og:image:width\" content=\"1450\" \/>\n\t<meta property=\"og:image:height\" content=\"1450\" \/>\n\t<meta property=\"og:image:type\" content=\"image\/webp\" \/>\n<meta name=\"twitter:card\" content=\"summary_large_image\" \/>\n<meta name=\"twitter:label1\" content=\"Dur\u00e9e de lecture estim\u00e9e\" \/>\n\t<meta name=\"twitter:data1\" content=\"2 minutes\" \/>\n<!-- \/ Yoast SEO Premium plugin. -->","yoast_head_json":{"title":"Collage Photo de Lettres pour Grand-m\u00e8re - Positive Prints","description":"Offrez \u00e0 mamie un tr\u00e9sor visuel de 40x30 cm compos\u00e9 de vos photos pr\u00e9f\u00e9r\u00e9es assembl\u00e9es en un message d'amour, un cadeau personnalis\u00e9 qui c\u00e9l\u00e8bre la relation sp\u00e9ciale entre une grand-m\u00e8re et ses petits-enfants.","robots":{"index":"index","follow":"follow","max-snippet":"max-snippet:-1","max-image-preview":"max-image-preview:large","max-video-preview":"max-video-preview:-1"},"canonical":"https:\/\/positiveprints.com\/fr\/produit\/collage-photo-en-lettre-pour-grand-mere\/","og_locale":"fr_FR","og_type":"article","og_title":"Collage Photo de Lettres pour Grand-m\u00e8re","og_description":"Incluez un texte personnalis\u00e9 significatif  Personnalisez votre design en 3 \u00e9tapes simples  Choisissez un mod\u00e8le ou faites preuve de cr\u00e9ativit\u00e9  Visualisez le r\u00e9sultat imm\u00e9diatement avec l\u2019aper\u00e7u interactif","og_url":"https:\/\/positiveprints.com\/fr\/produit\/collage-photo-en-lettre-pour-grand-mere\/","og_site_name":"Positive Prints","article_publisher":"https:\/\/www.facebook.com\/positiveprintscom","article_modified_time":"2026-04-12T21:30:10+00:00","og_image":[{"width":1450,"height":1450,"url":"https:\/\/positiveprints.com\/wp-content\/uploads\/2025\/03\/Packshot_FR_MAMIE.webp","type":"image\/webp"}],"twitter_card":"summary_large_image","twitter_misc":{"Dur\u00e9e de lecture estim\u00e9e":"2 minutes"},"schema":{"@context":"https:\/\/schema.org","@graph":[{"@type":["WebPage","ItemPage"],"@id":"https:\/\/positiveprints.com\/fr\/produit\/collage-photo-en-lettre-pour-grand-mere\/","url":"https:\/\/positiveprints.com\/fr\/produit\/collage-photo-en-lettre-pour-grand-mere\/","name":"Collage Photo de Lettres pour Grand-m\u00e8re - Positive Prints","isPartOf":{"@id":"https:\/\/positiveprints.com\/fr\/#website"},"primaryImageOfPage":{"@id":"https:\/\/positiveprints.com\/fr\/produit\/collage-photo-en-lettre-pour-grand-mere\/#primaryimage"},"image":{"@id":"https:\/\/positiveprints.com\/fr\/produit\/collage-photo-en-lettre-pour-grand-mere\/#primaryimage"},"thumbnailUrl":"https:\/\/positiveprints.com\/wp-content\/uploads\/2026\/03\/mamie_FR.webp","datePublished":"2023-04-13T12:48:42+00:00","dateModified":"2026-04-12T21:30:10+00:00","description":"Offrez \u00e0 mamie un tr\u00e9sor visuel de 40x30 cm compos\u00e9 de vos photos pr\u00e9f\u00e9r\u00e9es assembl\u00e9es en un message d'amour, un cadeau personnalis\u00e9 qui c\u00e9l\u00e8bre la relation sp\u00e9ciale entre une grand-m\u00e8re et ses petits-enfants.","breadcrumb":{"@id":"https:\/\/positiveprints.com\/fr\/produit\/collage-photo-en-lettre-pour-grand-mere\/#breadcrumb"},"inLanguage":"fr-FR","potentialAction":[{"@type":"ReadAction","target":["https:\/\/positiveprints.com\/fr\/produit\/collage-photo-en-lettre-pour-grand-mere\/"]}]},{"@type":"ImageObject","inLanguage":"fr-FR","@id":"https:\/\/positiveprints.com\/fr\/produit\/collage-photo-en-lettre-pour-grand-mere\/#primaryimage","url":"https:\/\/positiveprints.com\/wp-content\/uploads\/2026\/03\/mamie_FR.webp","contentUrl":"https:\/\/positiveprints.com\/wp-content\/uploads\/2026\/03\/mamie_FR.webp","width":1450,"height":1450,"caption":"mamie_FR"},{"@type":"BreadcrumbList","@id":"https:\/\/positiveprints.com\/fr\/produit\/collage-photo-en-lettre-pour-grand-mere\/#breadcrumb","itemListElement":[{"@type":"ListItem","position":1,"name":"Home","item":"https:\/\/positiveprints.com\/fr\/"},{"@type":"ListItem","position":2,"name":"Produits","item":"https:\/\/positiveprints.com\/fr\/shop\/"},{"@type":"ListItem","position":3,"name":"Collage Photo de Lettres pour Grand-m\u00e8re"}]},{"@type":"WebSite","@id":"https:\/\/positiveprints.com\/fr\/#website","url":"https:\/\/positiveprints.com\/fr\/","name":"Positive Prints","description":"Amazing Custom Personalized Gifts","publisher":{"@id":"https:\/\/positiveprints.com\/fr\/#organization"},"potentialAction":[{"@type":"SearchAction","target":{"@type":"EntryPoint","urlTemplate":"https:\/\/positiveprints.com\/fr\/?s={search_term_string}"},"query-input":{"@type":"PropertyValueSpecification","valueRequired":true,"valueName":"search_term_string"}}],"inLanguage":"fr-FR"},{"@type":"Organization","@id":"https:\/\/positiveprints.com\/fr\/#organization","name":"Positive Prints","alternateName":"Positive Prints","url":"https:\/\/positiveprints.com\/fr\/","logo":{"@type":"ImageObject","inLanguage":"fr-FR","@id":"https:\/\/positiveprints.com\/fr\/#\/schema\/logo\/image\/","url":"https:\/\/positiveprints.com\/wp-content\/uploads\/2026\/03\/245815646_1337939713319158_5671353136411139666_n.png","contentUrl":"https:\/\/positiveprints.com\/wp-content\/uploads\/2026\/03\/245815646_1337939713319158_5671353136411139666_n.png","width":800,"height":800,"caption":"Positive Prints"},"image":{"@id":"https:\/\/positiveprints.com\/fr\/#\/schema\/logo\/image\/"},"sameAs":["https:\/\/www.facebook.com\/positiveprintscom","https:\/\/www.instagram.com\/positiveprintscom\/","https:\/\/www.tiktok.com\/@positiveprintscom","https:\/\/www.pinterest.com\/positiveprintscom\/"]}]}},"jetpack_sharing_enabled":true,"_links":{"self":[{"href":"https:\/\/positiveprints.com\/fr\/wp-json\/wp\/v2\/product\/467974","targetHints":{"allow":["GET"]}}],"collection":[{"href":"https:\/\/positiveprints.com\/fr\/wp-json\/wp\/v2\/product"}],"about":[{"href":"https:\/\/positiveprints.com\/fr\/wp-json\/wp\/v2\/types\/product"}],"wp:featuredmedia":[{"embeddable":true,"href":"https:\/\/positiveprints.com\/fr\/wp-json\/wp\/v2\/media\/1670324"}],"wp:attachment":[{"href":"https:\/\/positiveprints.com\/fr\/wp-json\/wp\/v2\/media?parent=467974"}],"wp:term":[{"taxonomy":"product_brand","embeddable":true,"href":"https:\/\/positiveprints.com\/fr\/wp-json\/wp\/v2\/product_brand?post=467974"},{"taxonomy":"product_cat","embeddable":true,"href":"https:\/\/positiveprints.com\/fr\/wp-json\/wp\/v2\/product_cat?post=467974"},{"taxonomy":"product_tag","embeddable":true,"href":"https:\/\/positiveprints.com\/fr\/wp-json\/wp\/v2\/product_tag?post=467974"}],"curies":[{"name":"wp","href":"https:\/\/api.w.org\/{rel}","templated":true}]}}