{"id":467969,"date":"2023-04-12T10:23:49","date_gmt":"2023-04-12T09:23:49","guid":{"rendered":"https:\/\/positiveprints.com\/?post_type=product&#038;p=467969"},"modified":"2026-04-18T06:01:19","modified_gmt":"2026-04-18T05:01:19","slug":"collage-photo-en-lettre-pour-maman","status":"publish","type":"product","link":"https:\/\/positiveprints.com\/fr\/produit\/collage-photo-en-lettre-pour-maman\/","title":{"rendered":"Collage Photo de Lettres pour Maman"},"content":{"rendered":"<p><span style=\"font-weight: 400;\">Offrez un cadeau personnalis\u00e9 et significatif pour votre maman avec notre Collage Photo de Lettres pour Maman. Cette cr\u00e9ation unique transforme vos photos pr\u00e9f\u00e9r\u00e9es en une \u0153uvre d&#8217;art sentimentale formant le mot &#8220;maman&#8221; ou n\u2019importe quel mot de votre choix.\u200b<\/span><\/p>\n<h2><b>Un Cadeau Unique pour la F\u00eate des M\u00e8res<\/b><\/h2>\n<p><span style=\"font-weight: 400;\">Notre <\/span><a href=\"https:\/\/positiveprints.com\/fr\/produit\/collage-photo-en-lettre-pour-maman\/?srsltid=AfmBOoqRf1TsPr4uJEJS7nAuwnY1vjJIQmcehXZvSuqknKWngpl96x0x\"><span style=\"font-weight: 400;\">collage photo personnalis\u00e9<\/span><\/a><span style=\"font-weight: 400;\"> vous permet de c\u00e9l\u00e9brer et ch\u00e9rir les moments pr\u00e9cieux partag\u00e9s avec votre m\u00e8re. Plus pr\u00e9cis\u00e9ment, chaque lettre est compos\u00e9e de vos souvenirs les plus chers, cr\u00e9ant ainsi un cadeau sinc\u00e8re qu&#8217;elle ch\u00e9rira pour toujours.\u200b<\/span><\/p>\n<h2><b>Processus de Cr\u00e9ation Simple et Rapide<\/b><\/h2>\n<p><span style=\"font-weight: 400;\">Cr\u00e9er votre collage est simple en trois \u00e9tapes. Tout d\u2019abord, acc\u00e9dez \u00e0 notre <\/span><a href=\"https:\/\/positiveprints.com\/fr\/double-stars-editor?predefinedProduct=1072520&amp;editorTab=design-tab\"><span style=\"font-weight: 400;\">\u00e9diteur en ligne intuitif<\/span><\/a><span style=\"font-weight: 400;\">. Ensuite, t\u00e9l\u00e9chargez vos photos pour chaque lettre du mot choisi. Enfin, s\u00e9lectionnez parmi nos formats d&#8217;impression premium : affiches, impressions encadr\u00e9es, toiles ou t\u00e9l\u00e9chargement num\u00e9rique instantan\u00e9.\u200b<\/span><\/p>\n<h2><b>Qualit\u00e9 Professionnelle Garantie<\/b><\/h2>\n<p><span style=\"font-weight: 400;\">Nous utilisons des mat\u00e9riaux et une technologie d&#8217;impression de haute qualit\u00e9. Chaque d\u00e9tail est imprim\u00e9 sur papier mat premium de 200 g\/m\u00b2 avec des encres d&#8217;archive garantissant durabilit\u00e9 et long\u00e9vit\u00e9. Le produit final est magnifique et professionnel.\u200b<\/span><\/p>\n<h2><b>Pour Toutes les Occasions Sp\u00e9ciales<\/b><\/h2>\n<p><span style=\"font-weight: 400;\">Ce collage photo sentimental est parfait pour la f\u00eate des m\u00e8res, les anniversaires, No\u00ebl ou toute occasion c\u00e9l\u00e9brant l&#8217;amour maternel. Accrochez-le dans votre maison ou offrez-le pour cr\u00e9er un souvenir inoubliable.\u200b<\/span><\/p>\n<p style=\"margin-top: 1rem;\"><span style=\"font-weight: 400;\">Commandez d\u00e8s aujourd&#8217;hui votre Collage Photo de Lettres pour Maman et offrez un <\/span><a href=\"https:\/\/positiveprints.com\/fr\/produit\/le-jour-ou-tu-es-devenue-ma-maman-avec-photo\/\"><span style=\"font-weight: 400;\">cadeau personnalis\u00e9 qui c\u00e9l\u00e8bre l&#8217;amour et la connexion<\/span><\/a><span style=\"font-weight: 400;\"> unique entre une m\u00e8re et son enfant.<\/span><\/p><h2 class=\"wp-block-heading\" id=\"h-questions-frequemment-posees\"><strong>Questions Fr\u00e9quemment Pos\u00e9es<\/strong><\/h2><details class=\"wp-block-details is-layout-flow wp-block-details-is-layout-flow\"><summary><strong>Qu&#8217;est-ce qu&#8217;un Collage Photo de Lettres pour Maman ?<\/strong><\/summary><p>Un Collage Photo de Lettres pour Maman est une \u0153uvre personnalis\u00e9e cr\u00e9\u00e9e \u00e0 partir de vos photos pr\u00e9f\u00e9r\u00e9es. Plus pr\u00e9cis\u00e9ment, les photos sont dispos\u00e9es pour former le mot &#8220;maman&#8221; ou tout mot personnalis\u00e9. C\u2019est donc une belle mani\u00e8re de c\u00e9l\u00e9brer les moments partag\u00e9s avec votre m\u00e8re.\u200b<\/p><\/details><details class=\"wp-block-details is-layout-flow wp-block-details-is-layout-flow\"><summary><strong>Est-ce un collage personnalis\u00e9 ?<\/strong><\/summary><p>Oui, chaque collage est enti\u00e8rement personnalis\u00e9. En effet, vous t\u00e9l\u00e9chargez vos photos pour chaque lettre via notre \u00e9diteur en ligne. De plus, vous pouvez choisir n&#8217;importe quel mot personnalis\u00e9 que vous aimez. En outre, plusieurs formats d&#8217;impression sont disponibles<\/p><\/details><details class=\"wp-block-details is-layout-flow wp-block-details-is-layout-flow\"><summary><strong>Pourquoi est-ce le cadeau id\u00e9al pour la f\u00eate des m\u00e8res ?<\/strong><\/summary><p>C&#8217;est le cadeau id\u00e9al car il c\u00e9l\u00e8bre l&#8217;amour entre une m\u00e8re et son enfant. Plus pr\u00e9cis\u00e9ment, c&#8217;est un cadeau sentimental et sinc\u00e8re cr\u00e9\u00e9 avec vos pr\u00e9cieux souvenirs. Par cons\u00e9quent, c&#8217;est un pr\u00e9sent qu&#8217;elle ch\u00e9rira pour toujours.\u200b<\/p><\/details><details class=\"wp-block-details is-layout-flow wp-block-details-is-layout-flow\"><summary><strong>Comment cr\u00e9er mon Collage Photo de Lettres pour Maman ?<\/strong><\/summary><p>Cr\u00e9er votre collage se fait en trois \u00e9tapes simples. Premi\u00e8rement, rendez-vous sur notre \u00e9diteur en ligne. Ensuite, t\u00e9l\u00e9chargez vos photos pour chaque lettre et choisissez votre mot. Enfin, s\u00e9lectionnez votre format d&#8217;impression pr\u00e9f\u00e9r\u00e9.\u200b<\/p><\/details><details class=\"wp-block-details is-layout-flow wp-block-details-is-layout-flow\"><summary><strong>Pour quelles occasions ce collage est-il parfait ?<\/strong><\/summary><p>Tout d\u2019abord, ce collage est parfait pour la f\u00eate des m\u00e8res, les anniversaires et toute autre occasion sp\u00e9ciale. Ensuite, il convient parfaitement pour c\u00e9l\u00e9brer les moments pr\u00e9cieux partag\u00e9s avec votre maman. Enfin, c&#8217;est un choix id\u00e9al comme cadeau sentimental unique.<\/p><\/details><details class=\"wp-block-details is-layout-flow wp-block-details-is-layout-flow\"><summary><strong>Dans quels d\u00e9lais puis-je recevoir mon collage photo ?<\/strong><\/summary><p>Pour un cadeau imm\u00e9diat, optez pour le t\u00e9l\u00e9chargement num\u00e9rique instantan\u00e9, un fichier JPEG haute r\u00e9solution de 300 dpi que vous pouvez imprimer localement. Pour les produits physiques, nous imprimons et exp\u00e9dions localement depuis nos installations en Australie, au Canada, aux \u00c9tats-Unis, au Royaume-Uni et en Europe. Cela garantit une livraison rapide et fiable, souvent en quelques jours seulement.<\/p><\/details>","protected":false},"excerpt":{"rendered":"<li>Personnalisez votre design en 3 \u00e9tapes simples<\/li>\n<li>Incluez un texte personnalis\u00e9 significatif<\/li>\n<li>Visualisez le r\u00e9sultat imm\u00e9diatement \u2013 l\u2019aper\u00e7u interactif vous permet de peaufiner chaque d\u00e9tail<\/li>\n<\/ul>\n","protected":false},"featured_media":1284027,"template":"","meta":[],"product_brand":[],"product_cat":[7277,5264,9123,11399,7701,104,9760],"product_tag":[11794,12585,12586,15898,15882,8404,15899,15894],"class_list":{"0":"post-467969","1":"product","2":"type-product","3":"status-publish","4":"has-post-thumbnail","6":"product_cat-cadeaux-de-fete-des-meres","7":"product_cat-cadeaux-de-noel","8":"product_cat-photo-letter-fr","9":"product_cat-cadeaux-de-noel-pour-maman","10":"product_cat-cadeaux-pour-maman","11":"product_cat-tous-les-produits","12":"product_cat-trending-label-fr","13":"product_tag-cadeaux-de-noel-pour-maman","14":"product_tag-maman","15":"product_tag-maman-fr","16":"product_tag-mamma-fr-2","17":"product_tag-mommy-fr","18":"product_tag-mother-fr","19":"product_tag-mother-it-fr","20":"product_tag-regali-di-natale-per-mamma-fr","22":"first","23":"instock","24":"sale","25":"taxable","26":"shipping-taxable","27":"purchasable","28":"product-type-variable"},"yoast_head":"<!-- This site is optimized with the Yoast SEO Premium plugin v27.2 (Yoast SEO v27.2) - https:\/\/yoast.com\/product\/yoast-seo-premium-wordpress\/ -->\n<title>Collage Photo de Lettres pour Maman - Positive Prints<\/title>\n<meta name=\"description\" content=\"Transformez vos souvenirs pr\u00e9cieux en un hommage visuel unique formant le mot Maman dans cette affiche A4 personnalis\u00e9e, un cadeau cr\u00e9atif et sentimental qui exprime votre amour pour la f\u00eate des m\u00e8res.\" \/>\n<meta name=\"robots\" content=\"index, follow, max-snippet:-1, max-image-preview:large, max-video-preview:-1\" \/>\n<link rel=\"canonical\" href=\"https:\/\/positiveprints.com\/fr\/produit\/collage-photo-en-lettre-pour-maman\/\" \/>\n<meta property=\"og:locale\" content=\"fr_FR\" \/>\n<meta property=\"og:type\" content=\"article\" \/>\n<meta property=\"og:title\" content=\"Collage Photo de Lettres pour Maman\" \/>\n<meta property=\"og:description\" content=\"Personnalisez votre design en 3 \u00e9tapes simples Incluez un texte personnalis\u00e9 significatif Visualisez le r\u00e9sultat imm\u00e9diatement \u2013 l\u2019aper\u00e7u interactif vous permet de peaufiner chaque d\u00e9tail\" \/>\n<meta property=\"og:url\" content=\"https:\/\/positiveprints.com\/fr\/produit\/collage-photo-en-lettre-pour-maman\/\" \/>\n<meta property=\"og:site_name\" content=\"Positive Prints\" \/>\n<meta property=\"article:publisher\" content=\"https:\/\/www.facebook.com\/positiveprintscom\" \/>\n<meta property=\"article:modified_time\" content=\"2026-04-18T05:01:19+00:00\" \/>\n<meta property=\"og:image\" content=\"https:\/\/positiveprints.com\/wp-content\/uploads\/2024\/11\/Packshot_FR_Mom-Letter-Photo-Collage-product-image.webp\" \/>\n\t<meta property=\"og:image:width\" content=\"1450\" \/>\n\t<meta property=\"og:image:height\" content=\"1450\" \/>\n\t<meta property=\"og:image:type\" content=\"image\/webp\" \/>\n<meta name=\"twitter:card\" content=\"summary_large_image\" \/>\n<meta name=\"twitter:label1\" content=\"Dur\u00e9e de lecture estim\u00e9e\" \/>\n\t<meta name=\"twitter:data1\" content=\"3 minutes\" \/>\n<!-- \/ Yoast SEO Premium plugin. -->","yoast_head_json":{"title":"Collage Photo de Lettres pour Maman - Positive Prints","description":"Transformez vos souvenirs pr\u00e9cieux en un hommage visuel unique formant le mot Maman dans cette affiche A4 personnalis\u00e9e, un cadeau cr\u00e9atif et sentimental qui exprime votre amour pour la f\u00eate des m\u00e8res.","robots":{"index":"index","follow":"follow","max-snippet":"max-snippet:-1","max-image-preview":"max-image-preview:large","max-video-preview":"max-video-preview:-1"},"canonical":"https:\/\/positiveprints.com\/fr\/produit\/collage-photo-en-lettre-pour-maman\/","og_locale":"fr_FR","og_type":"article","og_title":"Collage Photo de Lettres pour Maman","og_description":"Personnalisez votre design en 3 \u00e9tapes simples Incluez un texte personnalis\u00e9 significatif Visualisez le r\u00e9sultat imm\u00e9diatement \u2013 l\u2019aper\u00e7u interactif vous permet de peaufiner chaque d\u00e9tail","og_url":"https:\/\/positiveprints.com\/fr\/produit\/collage-photo-en-lettre-pour-maman\/","og_site_name":"Positive Prints","article_publisher":"https:\/\/www.facebook.com\/positiveprintscom","article_modified_time":"2026-04-18T05:01:19+00:00","og_image":[{"width":1450,"height":1450,"url":"https:\/\/positiveprints.com\/wp-content\/uploads\/2024\/11\/Packshot_FR_Mom-Letter-Photo-Collage-product-image.webp","type":"image\/webp"}],"twitter_card":"summary_large_image","twitter_misc":{"Dur\u00e9e de lecture estim\u00e9e":"3 minutes"},"schema":{"@context":"https:\/\/schema.org","@graph":[{"@type":["WebPage","ItemPage"],"@id":"https:\/\/positiveprints.com\/fr\/produit\/collage-photo-en-lettre-pour-maman\/","url":"https:\/\/positiveprints.com\/fr\/produit\/collage-photo-en-lettre-pour-maman\/","name":"Collage Photo de Lettres pour Maman - Positive Prints","isPartOf":{"@id":"https:\/\/positiveprints.com\/fr\/#website"},"primaryImageOfPage":{"@id":"https:\/\/positiveprints.com\/fr\/produit\/collage-photo-en-lettre-pour-maman\/#primaryimage"},"image":{"@id":"https:\/\/positiveprints.com\/fr\/produit\/collage-photo-en-lettre-pour-maman\/#primaryimage"},"thumbnailUrl":"https:\/\/positiveprints.com\/wp-content\/uploads\/2024\/11\/Packshot_FR_Mom-Letter-Photo-Collage-product-image.webp","datePublished":"2023-04-12T09:23:49+00:00","dateModified":"2026-04-18T05:01:19+00:00","description":"Transformez vos souvenirs pr\u00e9cieux en un hommage visuel unique formant le mot Maman dans cette affiche A4 personnalis\u00e9e, un cadeau cr\u00e9atif et sentimental qui exprime votre amour pour la f\u00eate des m\u00e8res.","breadcrumb":{"@id":"https:\/\/positiveprints.com\/fr\/produit\/collage-photo-en-lettre-pour-maman\/#breadcrumb"},"inLanguage":"fr-FR","potentialAction":[{"@type":"ReadAction","target":["https:\/\/positiveprints.com\/fr\/produit\/collage-photo-en-lettre-pour-maman\/"]}]},{"@type":"ImageObject","inLanguage":"fr-FR","@id":"https:\/\/positiveprints.com\/fr\/produit\/collage-photo-en-lettre-pour-maman\/#primaryimage","url":"https:\/\/positiveprints.com\/wp-content\/uploads\/2024\/11\/Packshot_FR_Mom-Letter-Photo-Collage-product-image.webp","contentUrl":"https:\/\/positiveprints.com\/wp-content\/uploads\/2024\/11\/Packshot_FR_Mom-Letter-Photo-Collage-product-image.webp","width":1450,"height":1450},{"@type":"BreadcrumbList","@id":"https:\/\/positiveprints.com\/fr\/produit\/collage-photo-en-lettre-pour-maman\/#breadcrumb","itemListElement":[{"@type":"ListItem","position":1,"name":"Home","item":"https:\/\/positiveprints.com\/fr\/"},{"@type":"ListItem","position":2,"name":"Produits","item":"https:\/\/positiveprints.com\/fr\/shop\/"},{"@type":"ListItem","position":3,"name":"Collage Photo de Lettres pour Maman"}]},{"@type":"WebSite","@id":"https:\/\/positiveprints.com\/fr\/#website","url":"https:\/\/positiveprints.com\/fr\/","name":"Positive Prints","description":"Amazing Custom Personalized Gifts","publisher":{"@id":"https:\/\/positiveprints.com\/fr\/#organization"},"potentialAction":[{"@type":"SearchAction","target":{"@type":"EntryPoint","urlTemplate":"https:\/\/positiveprints.com\/fr\/?s={search_term_string}"},"query-input":{"@type":"PropertyValueSpecification","valueRequired":true,"valueName":"search_term_string"}}],"inLanguage":"fr-FR"},{"@type":"Organization","@id":"https:\/\/positiveprints.com\/fr\/#organization","name":"Positive Prints","alternateName":"Positive Prints","url":"https:\/\/positiveprints.com\/fr\/","logo":{"@type":"ImageObject","inLanguage":"fr-FR","@id":"https:\/\/positiveprints.com\/fr\/#\/schema\/logo\/image\/","url":"https:\/\/positiveprints.com\/wp-content\/uploads\/2026\/03\/245815646_1337939713319158_5671353136411139666_n.png","contentUrl":"https:\/\/positiveprints.com\/wp-content\/uploads\/2026\/03\/245815646_1337939713319158_5671353136411139666_n.png","width":800,"height":800,"caption":"Positive Prints"},"image":{"@id":"https:\/\/positiveprints.com\/fr\/#\/schema\/logo\/image\/"},"sameAs":["https:\/\/www.facebook.com\/positiveprintscom","https:\/\/www.instagram.com\/positiveprintscom\/","https:\/\/www.tiktok.com\/@positiveprintscom","https:\/\/www.pinterest.com\/positiveprintscom\/"]}]}},"jetpack_sharing_enabled":true,"_links":{"self":[{"href":"https:\/\/positiveprints.com\/fr\/wp-json\/wp\/v2\/product\/467969","targetHints":{"allow":["GET"]}}],"collection":[{"href":"https:\/\/positiveprints.com\/fr\/wp-json\/wp\/v2\/product"}],"about":[{"href":"https:\/\/positiveprints.com\/fr\/wp-json\/wp\/v2\/types\/product"}],"wp:featuredmedia":[{"embeddable":true,"href":"https:\/\/positiveprints.com\/fr\/wp-json\/wp\/v2\/media\/1284027"}],"wp:attachment":[{"href":"https:\/\/positiveprints.com\/fr\/wp-json\/wp\/v2\/media?parent=467969"}],"wp:term":[{"taxonomy":"product_brand","embeddable":true,"href":"https:\/\/positiveprints.com\/fr\/wp-json\/wp\/v2\/product_brand?post=467969"},{"taxonomy":"product_cat","embeddable":true,"href":"https:\/\/positiveprints.com\/fr\/wp-json\/wp\/v2\/product_cat?post=467969"},{"taxonomy":"product_tag","embeddable":true,"href":"https:\/\/positiveprints.com\/fr\/wp-json\/wp\/v2\/product_tag?post=467969"}],"curies":[{"name":"wp","href":"https:\/\/api.w.org\/{rel}","templated":true}]}}