{"id":453528,"date":"2023-02-17T14:09:33","date_gmt":"2023-02-17T13:09:33","guid":{"rendered":"https:\/\/positiveprints.com\/?post_type=product&#038;p=453528"},"modified":"2026-04-18T06:11:16","modified_gmt":"2026-04-18T05:11:16","slug":"carte-personnalisee-pour-les-parents","status":"publish","type":"product","link":"https:\/\/positiveprints.com\/fr\/produit\/carte-personnalisee-pour-les-parents\/","title":{"rendered":"Carte Personnalis\u00e9e pour les Parents"},"content":{"rendered":"<p style=\"margin-top: 1rem\">Cherchez-vous un cadeau unique pour vos parents ? Pensez \u00e0 une \u0153uvre d&#8217;art de carte personnalis\u00e9e ! Avec des options de personnalisation comme le design, les couleurs et le texte, vous pouvez cr\u00e9er quelque chose de significatif qui sera ch\u00e9ri par vos parents. Quelle que soit l&#8217;occasion, une carte personnalis\u00e9e pour les parents est s\u00fbre de montrer votre appr\u00e9ciation et de les faire se sentir appr\u00e9ci\u00e9s.<\/p>\r\n\r\n\r\n\r\n<h2 class=\"grenB f24 cblue\" style=\"margin-top: 3rem\">Montrez de l&#8217;Appr\u00e9ciation et de la R\u00e9flexion<\/h2>\r\n\r\n<p style=\"margin-top: 1rem\">Une Carte Personnalis\u00e9e pour les Parents peut \u00eatre une fa\u00e7on significative de comm\u00e9morer des occasions sp\u00e9ciales comme des anniversaires, des naissances ou des remises de dipl\u00f4mes. Essayez de mettre en \u00e9vidence un lieu qui a une signification particuli\u00e8re pour les parents &#8211; comme le lieu de leur mariage, leur ville natale ou un endroit qu&#8217;ils ont visit\u00e9 ensemble. Ce type de cadeau leur montrera \u00e0 quel point vous vous souciez d&#8217;eux et les fera se sentir appr\u00e9ci\u00e9s.<\/p>\r\n\r\n\r\n\r\n<h2 class=\"grenB f24 cblue\" style=\"margin-top: 3rem\">Votre Carte Personnalis\u00e9e pour les Parents<\/h2>\r\n\r\n<p style=\"margin-top: 1rem\">Quelle que soit l&#8217;occasion, la Carte Personnalis\u00e9e pour les Parents offre une vari\u00e9t\u00e9 de motifs et de couleurs parmi lesquels choisir. Des cartes classiques en noir et blanc aux dessins abstraits vibrants, vous \u00eates s\u00fbr de trouver quelque chose que vos parents vont adorer. Choisissez un motif qui refl\u00e8te leur personnalit\u00e9 ou qui correspond \u00e0 leurs int\u00e9r\u00eats.<\/p>\r\n\r\n\r\n\r\n<p style=\"margin-top: 1rem\">Vous pouvez ajouter votre propre texte sur une impression ou une toile pour vos parents. Vous pouvez inclure un message sinc\u00e8re, par exemple pour dire combien vous les aimez et les appr\u00e9ciez. Ou, si vous voulez faire rire vos parents, pourquoi ne pas ajouter une blague ou une phrase dr\u00f4le ? En personnalisant la carte avec vos propres mots, vous \u00eates s\u00fbr de rendre le cadeau encore plus sp\u00e9cial et m\u00e9morable.<\/p>\r\n\r\n\r\n\r\n<h2 class=\"grenB f24 cblue\" style=\"margin-top: 3rem\">Le Cadeau Id\u00e9al pour Toute Occasion !<\/h2>\r\n\r\n<p style=\"margin-top: 1rem\">Que vous souhaitiez c\u00e9l\u00e9brer une occasion sp\u00e9ciale ou simplement montrer votre appr\u00e9ciation, la Carte Personnalis\u00e9e pour les Parents est le cadeau id\u00e9al \u00e0 offrir \u00e0 vos parents. C&#8217;est un cadeau unique et attentionn\u00e9 &#8211; ce qu&#8217;ils ch\u00e9riront pendant des ann\u00e9es. Alors n&#8217;oubliez pas de montrer votre amour cette saison avec une Carte Personnalis\u00e9e pour les Parents !<\/p>","protected":false},"excerpt":{"rendered":"<ul class=\"check-list\">\n<li>Cr\u00e9ez une carte qui c\u00e9l\u00e8bre votre amour, peu importe la distance qui vous s\u00e9pare<\/li>\n<li>Marquer un endroit sp\u00e9cial avec un symbole choisi<\/li>\n<li>Personnalisez en 3 \u00e9tapes simples<\/li>\n<li>Incluez un texte personnalis\u00e9 significatif<\/li>\n<li>Vois le r\u00e9sultat imm\u00e9diatement \u2013 l\u2019aper\u00e7u interactif te permet de peaufiner chaque d\u00e9tail<\/li>\n<\/ul>\n","protected":false},"featured_media":1611593,"template":"","meta":[],"product_brand":[],"product_cat":[104,7187,5264,11400],"product_tag":[15497,8752],"class_list":{"0":"post-453528","1":"product","2":"type-product","3":"status-publish","4":"has-post-thumbnail","6":"product_cat-tous-les-produits","7":"product_cat-map-fr","8":"product_cat-cadeaux-de-noel","9":"product_cat-cadeaux-de-noel-pour-les-parents","10":"product_tag-maman-et-papa","11":"product_tag-parents-fr","13":"first","14":"instock","15":"sale","16":"taxable","17":"shipping-taxable","18":"purchasable","19":"product-type-variable"},"yoast_head":"<!-- This site is optimized with the Yoast SEO Premium plugin v27.2 (Yoast SEO v27.2) - https:\/\/yoast.com\/product\/yoast-seo-premium-wordpress\/ -->\n<title>Carte Personnalis\u00e9e pour les Parents - Positive Prints<\/title>\n<meta name=\"description\" content=\"Que vous souhaitiez c\u00e9l\u00e9brer une occasion sp\u00e9ciale ou simplement montrer votre appr\u00e9ciation, la Carte Personnalis\u00e9e pour les Parents est le cadeau id\u00e9al \u00e0 offrir \u00e0 vos parents.\" \/>\n<meta name=\"robots\" content=\"index, follow, max-snippet:-1, max-image-preview:large, max-video-preview:-1\" \/>\n<link rel=\"canonical\" href=\"https:\/\/positiveprints.com\/fr\/produit\/carte-personnalisee-pour-les-parents\/\" \/>\n<meta property=\"og:locale\" content=\"fr_FR\" \/>\n<meta property=\"og:type\" content=\"article\" \/>\n<meta property=\"og:title\" content=\"Carte Personnalis\u00e9e pour les Parents\" \/>\n<meta property=\"og:description\" content=\"Cr\u00e9ez une carte qui c\u00e9l\u00e8bre votre amour, peu importe la distance qui vous s\u00e9pare Marquer un endroit sp\u00e9cial avec un symbole choisi Personnalisez en 3 \u00e9tapes simples Incluez un texte personnalis\u00e9 significatif Vois le r\u00e9sultat imm\u00e9diatement \u2013 l\u2019aper\u00e7u interactif te permet de peaufiner chaque d\u00e9tail\" \/>\n<meta property=\"og:url\" content=\"https:\/\/positiveprints.com\/fr\/produit\/carte-personnalisee-pour-les-parents\/\" \/>\n<meta property=\"og:site_name\" content=\"Positive Prints\" \/>\n<meta property=\"article:publisher\" content=\"https:\/\/www.facebook.com\/positiveprintscom\" \/>\n<meta property=\"article:modified_time\" content=\"2026-04-18T05:11:16+00:00\" \/>\n<meta property=\"og:image\" content=\"https:\/\/positiveprints.com\/wp-content\/uploads\/2023\/08\/Carte-Personnalisee-pour-les-Parents-1.jpg\" \/>\n\t<meta property=\"og:image:width\" content=\"1080\" \/>\n\t<meta property=\"og:image:height\" content=\"1080\" \/>\n\t<meta property=\"og:image:type\" content=\"image\/jpeg\" \/>\n<meta name=\"twitter:card\" content=\"summary_large_image\" \/>\n<meta name=\"twitter:label1\" content=\"Dur\u00e9e de lecture estim\u00e9e\" \/>\n\t<meta name=\"twitter:data1\" content=\"2 minutes\" \/>\n<!-- \/ Yoast SEO Premium plugin. -->","yoast_head_json":{"title":"Carte Personnalis\u00e9e pour les Parents - Positive Prints","description":"Que vous souhaitiez c\u00e9l\u00e9brer une occasion sp\u00e9ciale ou simplement montrer votre appr\u00e9ciation, la Carte Personnalis\u00e9e pour les Parents est le cadeau id\u00e9al \u00e0 offrir \u00e0 vos parents.","robots":{"index":"index","follow":"follow","max-snippet":"max-snippet:-1","max-image-preview":"max-image-preview:large","max-video-preview":"max-video-preview:-1"},"canonical":"https:\/\/positiveprints.com\/fr\/produit\/carte-personnalisee-pour-les-parents\/","og_locale":"fr_FR","og_type":"article","og_title":"Carte Personnalis\u00e9e pour les Parents","og_description":"Cr\u00e9ez une carte qui c\u00e9l\u00e8bre votre amour, peu importe la distance qui vous s\u00e9pare Marquer un endroit sp\u00e9cial avec un symbole choisi Personnalisez en 3 \u00e9tapes simples Incluez un texte personnalis\u00e9 significatif Vois le r\u00e9sultat imm\u00e9diatement \u2013 l\u2019aper\u00e7u interactif te permet de peaufiner chaque d\u00e9tail","og_url":"https:\/\/positiveprints.com\/fr\/produit\/carte-personnalisee-pour-les-parents\/","og_site_name":"Positive Prints","article_publisher":"https:\/\/www.facebook.com\/positiveprintscom","article_modified_time":"2026-04-18T05:11:16+00:00","og_image":[{"width":1080,"height":1080,"url":"https:\/\/positiveprints.com\/wp-content\/uploads\/2023\/08\/Carte-Personnalisee-pour-les-Parents-1.jpg","type":"image\/jpeg"}],"twitter_card":"summary_large_image","twitter_misc":{"Dur\u00e9e de lecture estim\u00e9e":"2 minutes"},"schema":{"@context":"https:\/\/schema.org","@graph":[{"@type":["WebPage","ItemPage"],"@id":"https:\/\/positiveprints.com\/fr\/produit\/carte-personnalisee-pour-les-parents\/","url":"https:\/\/positiveprints.com\/fr\/produit\/carte-personnalisee-pour-les-parents\/","name":"Carte Personnalis\u00e9e pour les Parents - Positive Prints","isPartOf":{"@id":"https:\/\/positiveprints.com\/fr\/#website"},"primaryImageOfPage":{"@id":"https:\/\/positiveprints.com\/fr\/produit\/carte-personnalisee-pour-les-parents\/#primaryimage"},"image":{"@id":"https:\/\/positiveprints.com\/fr\/produit\/carte-personnalisee-pour-les-parents\/#primaryimage"},"thumbnailUrl":"https:\/\/positiveprints.com\/wp-content\/uploads\/2026\/01\/Packshot_FR_Carte-Personnalisee-pour-les-Parents.webp","datePublished":"2023-02-17T13:09:33+00:00","dateModified":"2026-04-18T05:11:16+00:00","description":"Que vous souhaitiez c\u00e9l\u00e9brer une occasion sp\u00e9ciale ou simplement montrer votre appr\u00e9ciation, la Carte Personnalis\u00e9e pour les Parents est le cadeau id\u00e9al \u00e0 offrir \u00e0 vos parents.","breadcrumb":{"@id":"https:\/\/positiveprints.com\/fr\/produit\/carte-personnalisee-pour-les-parents\/#breadcrumb"},"inLanguage":"fr-FR","potentialAction":[{"@type":"ReadAction","target":["https:\/\/positiveprints.com\/fr\/produit\/carte-personnalisee-pour-les-parents\/"]}]},{"@type":"ImageObject","inLanguage":"fr-FR","@id":"https:\/\/positiveprints.com\/fr\/produit\/carte-personnalisee-pour-les-parents\/#primaryimage","url":"https:\/\/positiveprints.com\/wp-content\/uploads\/2026\/01\/Packshot_FR_Carte-Personnalisee-pour-les-Parents.webp","contentUrl":"https:\/\/positiveprints.com\/wp-content\/uploads\/2026\/01\/Packshot_FR_Carte-Personnalisee-pour-les-Parents.webp","width":1450,"height":1450},{"@type":"BreadcrumbList","@id":"https:\/\/positiveprints.com\/fr\/produit\/carte-personnalisee-pour-les-parents\/#breadcrumb","itemListElement":[{"@type":"ListItem","position":1,"name":"Home","item":"https:\/\/positiveprints.com\/fr\/"},{"@type":"ListItem","position":2,"name":"Produits","item":"https:\/\/positiveprints.com\/fr\/shop\/"},{"@type":"ListItem","position":3,"name":"Carte Personnalis\u00e9e pour les Parents"}]},{"@type":"WebSite","@id":"https:\/\/positiveprints.com\/fr\/#website","url":"https:\/\/positiveprints.com\/fr\/","name":"Positive Prints","description":"Amazing Custom Personalized Gifts","publisher":{"@id":"https:\/\/positiveprints.com\/fr\/#organization"},"potentialAction":[{"@type":"SearchAction","target":{"@type":"EntryPoint","urlTemplate":"https:\/\/positiveprints.com\/fr\/?s={search_term_string}"},"query-input":{"@type":"PropertyValueSpecification","valueRequired":true,"valueName":"search_term_string"}}],"inLanguage":"fr-FR"},{"@type":"Organization","@id":"https:\/\/positiveprints.com\/fr\/#organization","name":"Positive Prints","alternateName":"Positive Prints","url":"https:\/\/positiveprints.com\/fr\/","logo":{"@type":"ImageObject","inLanguage":"fr-FR","@id":"https:\/\/positiveprints.com\/fr\/#\/schema\/logo\/image\/","url":"https:\/\/positiveprints.com\/wp-content\/uploads\/2026\/03\/245815646_1337939713319158_5671353136411139666_n.png","contentUrl":"https:\/\/positiveprints.com\/wp-content\/uploads\/2026\/03\/245815646_1337939713319158_5671353136411139666_n.png","width":800,"height":800,"caption":"Positive Prints"},"image":{"@id":"https:\/\/positiveprints.com\/fr\/#\/schema\/logo\/image\/"},"sameAs":["https:\/\/www.facebook.com\/positiveprintscom","https:\/\/www.instagram.com\/positiveprintscom\/","https:\/\/www.tiktok.com\/@positiveprintscom","https:\/\/www.pinterest.com\/positiveprintscom\/"]}]}},"jetpack_sharing_enabled":true,"_links":{"self":[{"href":"https:\/\/positiveprints.com\/fr\/wp-json\/wp\/v2\/product\/453528","targetHints":{"allow":["GET"]}}],"collection":[{"href":"https:\/\/positiveprints.com\/fr\/wp-json\/wp\/v2\/product"}],"about":[{"href":"https:\/\/positiveprints.com\/fr\/wp-json\/wp\/v2\/types\/product"}],"wp:featuredmedia":[{"embeddable":true,"href":"https:\/\/positiveprints.com\/fr\/wp-json\/wp\/v2\/media\/1611593"}],"wp:attachment":[{"href":"https:\/\/positiveprints.com\/fr\/wp-json\/wp\/v2\/media?parent=453528"}],"wp:term":[{"taxonomy":"product_brand","embeddable":true,"href":"https:\/\/positiveprints.com\/fr\/wp-json\/wp\/v2\/product_brand?post=453528"},{"taxonomy":"product_cat","embeddable":true,"href":"https:\/\/positiveprints.com\/fr\/wp-json\/wp\/v2\/product_cat?post=453528"},{"taxonomy":"product_tag","embeddable":true,"href":"https:\/\/positiveprints.com\/fr\/wp-json\/wp\/v2\/product_tag?post=453528"}],"curies":[{"name":"wp","href":"https:\/\/api.w.org\/{rel}","templated":true}]}}