{"id":453481,"date":"2023-02-16T13:31:44","date_gmt":"2023-02-16T12:31:44","guid":{"rendered":"https:\/\/positiveprints.com\/?post_type=product&#038;p=453481"},"modified":"2026-04-28T14:28:31","modified_gmt":"2026-04-28T13:28:31","slug":"carte-de-la-maison-des-parents","status":"publish","type":"product","link":"https:\/\/positiveprints.com\/fr\/produit\/carte-de-la-maison-des-parents\/","title":{"rendered":"Carte de la Maison des Parents"},"content":{"rendered":"<p style=\"margin-top: 1rem\">Cherchez-vous un cadeau unique pour vos parents ? Ne cherchez pas plus loin que la Carte de la Maison des Parents ! Avec ses options personnalisables, vous pouvez cr\u00e9er un cadeau unique que vos parents ch\u00e9riront pendant des ann\u00e9es. Alors pourquoi ne pas les surprendre aujourd&#8217;hui avec ce cadeau significatif et attentionn\u00e9 ? Ils vont certainement l&#8217;adorer !<\/p>\r\n\r\n<h2 class=\"grenB f24 cblue\" style=\"margin-top: 3rem\">Un Beau Rappel de Tous Ces Merveilleux Souvenirs.<\/h2>\r\n\r\n<p style=\"margin-top: 1rem\">La Carte de la Maison des Parents est un excellent choix pour ceux qui recherchent un cadeau significatif et r\u00e9fl\u00e9chi pour leurs parents. Cette carte personnalis\u00e9e ne manquera pas de faire sourire vos parents et constituera un beau rappel de tous les endroits merveilleux et des souvenirs qu&#8217;ils ont partag\u00e9s ensemble. Et parce qu&#8217;elle peut \u00eatre personnalis\u00e9e, vous pouvez vous assurer que la carte de la maison des parents refl\u00e8te l&#8217;histoire unique de vos parents et restera toujours un rappel sp\u00e9cial de l&#8217;amour entre vous.<\/p>\r\n\r\n<p style=\"margin-top: 1rem\">La Carte de la Maison des Parents est le cadeau id\u00e9al pour toute occasion, qu&#8217;il s&#8217;agisse de l&#8217;anniversaire de vos parents, de leur naissance ou simplement pour leur montrer \u00e0 quel point vous tenez \u00e0 eux. Cette carte personnalis\u00e9e donnera \u00e0 vos parents le sentiment d&#8217;\u00eatre encore plus aim\u00e9s et sp\u00e9ciaux, car elle leur rappellera tous les endroits merveilleux et les souvenirs qu&#8217;ils ont partag\u00e9s ensemble chaque fois qu&#8217;ils la regarderont.<\/p>\r\n\r\n<h2 class=\"grenB f24 cblue\" style=\"margin-top: 3rem\">Personnaliser une Carte de la Maison des Parents est Facile et Amusant<\/h2>\r\n\r\n<p style=\"margin-top: 1rem\">Personnaliser une Carte de la Maison des Parents est Facile et Amusant ! Tout d&#8217;abord, vous choisirez le design de votre carte. Ensuite, vous saisirez le lieu que vous souhaitez mettre en valeur et le symbole que vous voulez incorporer. Vous pouvez \u00e9galement \u00e9crire des messages personnels et des citations si vous le souhaitez ! Une fois toutes vos s\u00e9lections effectu\u00e9es, vous pourrez choisir la taille et le format de votre impression. Vous pouvez choisir entre un poster, une toile, une \u0153uvre d&#8217;art encadr\u00e9e ou un fichier \u00e0 t\u00e9l\u00e9charger instantan\u00e9ment que vous pouvez imprimer localement. Avec autant d&#8217;options pour personnaliser la carte, vous pouvez cr\u00e9er un cadeau unique et significatif que vos parents ch\u00e9riront pendant des ann\u00e9es !<\/p>\r\n\r\n\r\n\r\n<p style=\"margin-top: 3rem\">Commandez la carte de la maison des parents aujourd&#8217;hui et offrez \u00e0 vos parents un cadeau sp\u00e9cial et significatif dont ils se souviendront toujours !<\/p>","protected":false},"excerpt":{"rendered":"<ul class=\"check-list\">\n<li>Cr\u00e9ez une carte de l&#8217;endroit o\u00f9 vous serez toujours chez vous<\/li>\n<li>Incluez un texte personnalis\u00e9 significatif<\/li>\n<li>Personnalisez en 3 \u00e9tapes simples<\/li>\n<li>Choisissez un mod\u00e8le ou faites preuve de cr\u00e9ativit\u00e9<\/li>\n<li>Vois le r\u00e9sultat imm\u00e9diatement \u2013 l\u2019aper\u00e7u interactif te permet de peaufiner chaque d\u00e9tail<\/li>\n<\/ul>\n","protected":false},"featured_media":656749,"template":"","meta":[],"product_brand":[],"product_cat":[104,7187,5264,15055,11400],"product_tag":[13465,15497,8752],"class_list":{"0":"post-453481","1":"product","2":"type-product","3":"status-publish","4":"has-post-thumbnail","6":"product_cat-tous-les-produits","7":"product_cat-map-fr","8":"product_cat-cadeaux-de-noel","9":"product_cat-cadeaux-de-noel-pour-la-famille","10":"product_cat-cadeaux-de-noel-pour-les-parents","11":"product_tag-cadeaux-de-noel-pour-la-famille","12":"product_tag-maman-et-papa","13":"product_tag-parents-fr","15":"first","16":"instock","17":"sale","18":"taxable","19":"shipping-taxable","20":"purchasable","21":"product-type-variable"},"yoast_head":"<!-- This site is optimized with the Yoast SEO Premium plugin v27.2 (Yoast SEO v27.2) - https:\/\/yoast.com\/product\/yoast-seo-premium-wordpress\/ -->\n<title>Carte de la Maison des Parents - Positive Prints<\/title>\n<meta name=\"description\" content=\"Cherchez-vous un cadeau unique pour vos parents ? Commandez la carte de la maison des parents aujourd&#039;hui et offrez \u00e0 vos parents un cadeau sp\u00e9cial et significatif dont ils se souviendront toujours !\" \/>\n<meta name=\"robots\" content=\"index, follow, max-snippet:-1, max-image-preview:large, max-video-preview:-1\" \/>\n<link rel=\"canonical\" href=\"https:\/\/positiveprints.com\/fr\/produit\/carte-de-la-maison-des-parents\/\" \/>\n<meta property=\"og:locale\" content=\"fr_FR\" \/>\n<meta property=\"og:type\" content=\"article\" \/>\n<meta property=\"og:title\" content=\"Carte de la Maison des Parents\" \/>\n<meta property=\"og:description\" content=\"Cr\u00e9ez une carte de l&#039;endroit o\u00f9 vous serez toujours chez vous Incluez un texte personnalis\u00e9 significatif Personnalisez en 3 \u00e9tapes simples Choisissez un mod\u00e8le ou faites preuve de cr\u00e9ativit\u00e9 Vois le r\u00e9sultat imm\u00e9diatement \u2013 l\u2019aper\u00e7u interactif te permet de peaufiner chaque d\u00e9tail\" \/>\n<meta property=\"og:url\" content=\"https:\/\/positiveprints.com\/fr\/produit\/carte-de-la-maison-des-parents\/\" \/>\n<meta property=\"og:site_name\" content=\"Positive Prints\" \/>\n<meta property=\"article:publisher\" content=\"https:\/\/www.facebook.com\/positiveprintscom\" \/>\n<meta property=\"article:modified_time\" content=\"2026-04-28T13:28:31+00:00\" \/>\n<meta property=\"og:image\" content=\"https:\/\/positiveprints.com\/wp-content\/uploads\/2023\/08\/Carte-de-la-Maison-des-Parents-1.jpg\" \/>\n\t<meta property=\"og:image:width\" content=\"1080\" \/>\n\t<meta property=\"og:image:height\" content=\"1080\" \/>\n\t<meta property=\"og:image:type\" content=\"image\/jpeg\" \/>\n<meta name=\"twitter:card\" content=\"summary_large_image\" \/>\n<!-- \/ Yoast SEO Premium plugin. -->","yoast_head_json":{"title":"Carte de la Maison des Parents - Positive Prints","description":"Cherchez-vous un cadeau unique pour vos parents ? Commandez la carte de la maison des parents aujourd'hui et offrez \u00e0 vos parents un cadeau sp\u00e9cial et significatif dont ils se souviendront toujours !","robots":{"index":"index","follow":"follow","max-snippet":"max-snippet:-1","max-image-preview":"max-image-preview:large","max-video-preview":"max-video-preview:-1"},"canonical":"https:\/\/positiveprints.com\/fr\/produit\/carte-de-la-maison-des-parents\/","og_locale":"fr_FR","og_type":"article","og_title":"Carte de la Maison des Parents","og_description":"Cr\u00e9ez une carte de l'endroit o\u00f9 vous serez toujours chez vous Incluez un texte personnalis\u00e9 significatif Personnalisez en 3 \u00e9tapes simples Choisissez un mod\u00e8le ou faites preuve de cr\u00e9ativit\u00e9 Vois le r\u00e9sultat imm\u00e9diatement \u2013 l\u2019aper\u00e7u interactif te permet de peaufiner chaque d\u00e9tail","og_url":"https:\/\/positiveprints.com\/fr\/produit\/carte-de-la-maison-des-parents\/","og_site_name":"Positive Prints","article_publisher":"https:\/\/www.facebook.com\/positiveprintscom","article_modified_time":"2026-04-28T13:28:31+00:00","og_image":[{"width":1080,"height":1080,"url":"https:\/\/positiveprints.com\/wp-content\/uploads\/2023\/08\/Carte-de-la-Maison-des-Parents-1.jpg","type":"image\/jpeg"}],"twitter_card":"summary_large_image","schema":{"@context":"https:\/\/schema.org","@graph":[{"@type":["WebPage","ItemPage"],"@id":"https:\/\/positiveprints.com\/fr\/produit\/carte-de-la-maison-des-parents\/","url":"https:\/\/positiveprints.com\/fr\/produit\/carte-de-la-maison-des-parents\/","name":"Carte de la Maison des Parents - Positive Prints","isPartOf":{"@id":"https:\/\/positiveprints.com\/fr\/#website"},"primaryImageOfPage":{"@id":"https:\/\/positiveprints.com\/fr\/produit\/carte-de-la-maison-des-parents\/#primaryimage"},"image":{"@id":"https:\/\/positiveprints.com\/fr\/produit\/carte-de-la-maison-des-parents\/#primaryimage"},"thumbnailUrl":"https:\/\/positiveprints.com\/wp-content\/uploads\/2023\/08\/Carte-de-la-Maison-des-Parents-1.jpg","datePublished":"2023-02-16T12:31:44+00:00","dateModified":"2026-04-28T13:28:31+00:00","description":"Cherchez-vous un cadeau unique pour vos parents ? Commandez la carte de la maison des parents aujourd'hui et offrez \u00e0 vos parents un cadeau sp\u00e9cial et significatif dont ils se souviendront toujours !","breadcrumb":{"@id":"https:\/\/positiveprints.com\/fr\/produit\/carte-de-la-maison-des-parents\/#breadcrumb"},"inLanguage":"fr-FR","potentialAction":[{"@type":"ReadAction","target":["https:\/\/positiveprints.com\/fr\/produit\/carte-de-la-maison-des-parents\/"]}]},{"@type":"ImageObject","inLanguage":"fr-FR","@id":"https:\/\/positiveprints.com\/fr\/produit\/carte-de-la-maison-des-parents\/#primaryimage","url":"https:\/\/positiveprints.com\/wp-content\/uploads\/2023\/08\/Carte-de-la-Maison-des-Parents-1.jpg","contentUrl":"https:\/\/positiveprints.com\/wp-content\/uploads\/2023\/08\/Carte-de-la-Maison-des-Parents-1.jpg","width":1080,"height":1080,"caption":"Carte de la Maison des Parents"},{"@type":"BreadcrumbList","@id":"https:\/\/positiveprints.com\/fr\/produit\/carte-de-la-maison-des-parents\/#breadcrumb","itemListElement":[{"@type":"ListItem","position":1,"name":"Home","item":"https:\/\/positiveprints.com\/fr\/"},{"@type":"ListItem","position":2,"name":"Produits","item":"https:\/\/positiveprints.com\/fr\/shop\/"},{"@type":"ListItem","position":3,"name":"Carte de la Maison des Parents"}]},{"@type":"WebSite","@id":"https:\/\/positiveprints.com\/fr\/#website","url":"https:\/\/positiveprints.com\/fr\/","name":"Positive Prints","description":"Amazing Custom Personalized Gifts","publisher":{"@id":"https:\/\/positiveprints.com\/fr\/#organization"},"potentialAction":[{"@type":"SearchAction","target":{"@type":"EntryPoint","urlTemplate":"https:\/\/positiveprints.com\/fr\/?s={search_term_string}"},"query-input":{"@type":"PropertyValueSpecification","valueRequired":true,"valueName":"search_term_string"}}],"inLanguage":"fr-FR"},{"@type":"Organization","@id":"https:\/\/positiveprints.com\/fr\/#organization","name":"Positive Prints","alternateName":"Positive Prints","url":"https:\/\/positiveprints.com\/fr\/","logo":{"@type":"ImageObject","inLanguage":"fr-FR","@id":"https:\/\/positiveprints.com\/fr\/#\/schema\/logo\/image\/","url":"https:\/\/positiveprints.com\/wp-content\/uploads\/2026\/03\/245815646_1337939713319158_5671353136411139666_n.png","contentUrl":"https:\/\/positiveprints.com\/wp-content\/uploads\/2026\/03\/245815646_1337939713319158_5671353136411139666_n.png","width":800,"height":800,"caption":"Positive Prints"},"image":{"@id":"https:\/\/positiveprints.com\/fr\/#\/schema\/logo\/image\/"},"sameAs":["https:\/\/www.facebook.com\/positiveprintscom","https:\/\/www.instagram.com\/positiveprintscom\/","https:\/\/www.tiktok.com\/@positiveprintscom","https:\/\/www.pinterest.com\/positiveprintscom\/"]}]}},"jetpack_sharing_enabled":true,"_links":{"self":[{"href":"https:\/\/positiveprints.com\/fr\/wp-json\/wp\/v2\/product\/453481","targetHints":{"allow":["GET"]}}],"collection":[{"href":"https:\/\/positiveprints.com\/fr\/wp-json\/wp\/v2\/product"}],"about":[{"href":"https:\/\/positiveprints.com\/fr\/wp-json\/wp\/v2\/types\/product"}],"wp:featuredmedia":[{"embeddable":true,"href":"https:\/\/positiveprints.com\/fr\/wp-json\/wp\/v2\/media\/656749"}],"wp:attachment":[{"href":"https:\/\/positiveprints.com\/fr\/wp-json\/wp\/v2\/media?parent=453481"}],"wp:term":[{"taxonomy":"product_brand","embeddable":true,"href":"https:\/\/positiveprints.com\/fr\/wp-json\/wp\/v2\/product_brand?post=453481"},{"taxonomy":"product_cat","embeddable":true,"href":"https:\/\/positiveprints.com\/fr\/wp-json\/wp\/v2\/product_cat?post=453481"},{"taxonomy":"product_tag","embeddable":true,"href":"https:\/\/positiveprints.com\/fr\/wp-json\/wp\/v2\/product_tag?post=453481"}],"curies":[{"name":"wp","href":"https:\/\/api.w.org\/{rel}","templated":true}]}}