{"id":453376,"date":"2023-02-15T20:55:15","date_gmt":"2023-02-15T19:55:15","guid":{"rendered":"https:\/\/positiveprints.com\/?post_type=product&#038;p=453376"},"modified":"2026-04-12T22:41:04","modified_gmt":"2026-04-12T21:41:04","slug":"la-chanson-preferee-de-papa","status":"publish","type":"product","link":"https:\/\/positiveprints.com\/fr\/produit\/la-chanson-preferee-de-papa\/","title":{"rendered":"La Chanson Pr\u00e9f\u00e9r\u00e9e de Papa"},"content":{"rendered":"<p style=\"margin-top: 1rem\">Cherchez-vous un cadeau pour papa ? Avec La Chanson Pr\u00e9f\u00e9r\u00e9e de Papa, vous pouvez montrer \u00e0 votre p\u00e8re combien il compte pour vous et le faire se sentir appr\u00e9ci\u00e9. Laissez votre amour s&#8217;exprimer par le biais d&#8217;ondes sonores &#8211; vous \u00eates s\u00fbr de rendre sa journ\u00e9e sp\u00e9ciale.<\/p>\n\n\n\n\n\n\n\n<h2 class=\"grenB f24 cblue\" style=\"margin-top: 3rem\">Comment cr\u00e9er La Chanson Pr\u00e9f\u00e9r\u00e9e de Papa ?<\/h2>\n\n\n\n<p style=\"margin-top: 1rem\">L&#8217;art d&#8217;onde sonore de La Chanson Pr\u00e9f\u00e9r\u00e9e de Papa est l&#8217;un des meilleurs cadeaux que vous pouvez offrir \u00e0 un p\u00e8re le jour de la F\u00eate des p\u00e8res ou \u00e0 toute occasion sp\u00e9ciale. Non seulement vous montrez que vous appr\u00e9ciez ses go\u00fbts et ses pr\u00e9f\u00e9rences, mais vous lui offrez aussi quelque chose qu&#8217;il pourra toujours appr\u00e9cier et dont il se souviendra. Les impressions et les toiles personnalis\u00e9es d&#8217;onde sonore sont sp\u00e9ciales et significatives parce qu&#8217;elles nous permettent d&#8217;exprimer combien nous nous soucions de lui d&#8217;une mani\u00e8re unique. Elles offrent \u00e9galement aux p\u00e8res l&#8217;occasion de tisser des liens avec leurs enfants, en partageant des souvenirs \u00e0 travers des airs pr\u00e9f\u00e9r\u00e9s.<\/p>\n\n\n\n\n\n\n\n<p style=\"margin-top: 1rem\">Pour cr\u00e9er La Chanson Pr\u00e9f\u00e9r\u00e9e de Papa, vous devez d&#8217;abord choisir la chanson. Vous pouvez soit coller un lien vid\u00e9o Spotify ou t\u00e9l\u00e9charger un fichier audio \u00e0 partir de votre ordinateur. Ensuite, personnalisez-la en ajoutant votre texte personnel et en choisissant des couleurs. Lorsque vous \u00eates satisfait du design, il vous suffit de passer commande. Votre \u0153uvre d&#8217;art personnalis\u00e9e d&#8217;onde sonore vous parviendra en quelques jours et sera pr\u00eate \u00e0 \u00eatre accroch\u00e9e dans n&#8217;importe quelle pi\u00e8ce.<\/p>\n\n\n\n\n\n\n\n\n\n\n\n<h2 class=\"grenB f24 cblue\" style=\"margin-top: 3rem\">Montrer Son Appr\u00e9ciation \u00e0 Son Papa<\/h2>\n\n\n\n<p style=\"margin-top: 1rem\">Offrir des cadeaux \u00e0 nos p\u00e8res est une fa\u00e7on importante de montrer notre appr\u00e9ciation et notre amour pour tout ce qu&#8217;ils font. Les p\u00e8res font souvent passer les besoins de leurs enfants et de leur famille en premier, alors leur donner l&#8217;occasion de recevoir un cadeau sp\u00e9cial en retour est significatif. Les cadeaux nous donnent l&#8217;occasion non seulement de dire \u00e0 nos p\u00e8res combien nous les aimons, mais aussi de le montrer par des objets tangibles. \u00c0 l&#8217;occasion de la F\u00eate des p\u00e8res ou de toute autre occasion sp\u00e9ciale, un cadeau attentionn\u00e9 peut \u00eatre un excellent moyen d&#8217;exprimer votre gratitude et votre admiration pour tout ce que votre papa r\u00e9alise.<\/p>\n\n\n\n\n\n\n\n \n\n\n\n<p style=\"margin-top: 3rem\">La Chanson Pr\u00e9f\u00e9r\u00e9e de Papa est un cadeau parfait pour la F\u00eate des p\u00e8res, les anniversaires ou toute autre occasion sp\u00e9ciale. C\u00e9l\u00e9brez la chanson pr\u00e9f\u00e9r\u00e9e de votre p\u00e8re d&#8217;une mani\u00e8re unique et significative qui sera appr\u00e9ci\u00e9e pendant des ann\u00e9es. Montrez-lui votre appr\u00e9ciation et faites-lui savoir \u00e0 quel point vous vous souciez de lui. Faites en sorte qu&#8217;il se sente tr\u00e8s sp\u00e9cial et offrez-lui un cadeau dont il se souviendra toujours. Cr\u00e9ez La Chanson Pr\u00e9f\u00e9r\u00e9e de Papa d\u00e8s aujourd&#8217;hui !<\/p>","protected":false},"excerpt":{"rendered":"<ul class=\"check-list\">\n<li>Transformez votre voix ou n&#8217;importe quel son en une superbe \u0153uvre d&#8217;art personnalis\u00e9e<\/li>\n<li>Il suffit de t\u00e9l\u00e9charger un fichier audio<\/li>\n<li>Ajoutez un code QR et scannez-le pour lire votre chanson pr\u00e9f\u00e9r\u00e9e<\/li>\n<li>Personnalisez en 3 \u00e9tapes simples<\/li>\n<li>Choisissez un mod\u00e8le ou faites preuve de cr\u00e9ativit\u00e9<\/li>\n<\/ul>\n","protected":false},"featured_media":466410,"template":"","meta":[],"product_brand":[],"product_cat":[104,7337,5264,11391,7973,7478],"product_tag":[11760,11107],"class_list":{"0":"post-453376","1":"product","2":"type-product","3":"status-publish","4":"has-post-thumbnail","6":"product_cat-tous-les-produits","7":"product_cat-cadeaux-de-fete-des-peres","8":"product_cat-cadeaux-de-noel","9":"product_cat-cadeaux-de-noel-pour-papa","10":"product_cat-cadeaux-pour-papa","11":"product_cat-soundwave-fr","12":"product_tag-cadeaux-de-noel-pour-papa","13":"product_tag-father-it-fr","15":"first","16":"instock","17":"sale","18":"taxable","19":"shipping-taxable","20":"purchasable","21":"product-type-variable"},"yoast_head":"<!-- This site is optimized with the Yoast SEO Premium plugin v27.2 (Yoast SEO v27.2) - https:\/\/yoast.com\/product\/yoast-seo-premium-wordpress\/ -->\n<title>La Chanson Pr\u00e9f\u00e9r\u00e9e de Papa - Positive Prints<\/title>\n<meta name=\"description\" content=\"Cherchez-vous un cadeau pour papa ? Avec La Chanson Pr\u00e9f\u00e9r\u00e9e de Papa, vous pouvez montrer \u00e0 votre p\u00e8re combien il compte pour vous et le faire se sentir appr\u00e9ci\u00e9.\" \/>\n<meta name=\"robots\" content=\"index, follow, max-snippet:-1, max-image-preview:large, max-video-preview:-1\" \/>\n<link rel=\"canonical\" href=\"https:\/\/positiveprints.com\/fr\/produit\/la-chanson-preferee-de-papa\/\" \/>\n<meta property=\"og:locale\" content=\"fr_FR\" \/>\n<meta property=\"og:type\" content=\"article\" \/>\n<meta property=\"og:title\" content=\"La Chanson Pr\u00e9f\u00e9r\u00e9e de Papa\" \/>\n<meta property=\"og:description\" content=\"Transformez votre voix ou n&#039;importe quel son en une superbe \u0153uvre d&#039;art personnalis\u00e9e Il suffit de t\u00e9l\u00e9charger un fichier audio Ajoutez un code QR et scannez-le pour lire votre chanson pr\u00e9f\u00e9r\u00e9e Personnalisez en 3 \u00e9tapes simples Choisissez un mod\u00e8le ou faites preuve de cr\u00e9ativit\u00e9\" \/>\n<meta property=\"og:url\" content=\"https:\/\/positiveprints.com\/fr\/produit\/la-chanson-preferee-de-papa\/\" \/>\n<meta property=\"og:site_name\" content=\"Positive Prints\" \/>\n<meta property=\"article:publisher\" content=\"https:\/\/www.facebook.com\/positiveprintscom\" \/>\n<meta property=\"article:modified_time\" content=\"2026-04-12T21:41:04+00:00\" \/>\n<meta property=\"og:image\" content=\"https:\/\/positiveprints.com\/wp-content\/uploads\/2023\/04\/La-Chanson-Preferee-de-Papa.jpg\" \/>\n\t<meta property=\"og:image:width\" content=\"1080\" \/>\n\t<meta property=\"og:image:height\" content=\"1080\" \/>\n\t<meta property=\"og:image:type\" content=\"image\/jpeg\" \/>\n<meta name=\"twitter:card\" content=\"summary_large_image\" \/>\n<!-- \/ Yoast SEO Premium plugin. -->","yoast_head_json":{"title":"La Chanson Pr\u00e9f\u00e9r\u00e9e de Papa - Positive Prints","description":"Cherchez-vous un cadeau pour papa ? Avec La Chanson Pr\u00e9f\u00e9r\u00e9e de Papa, vous pouvez montrer \u00e0 votre p\u00e8re combien il compte pour vous et le faire se sentir appr\u00e9ci\u00e9.","robots":{"index":"index","follow":"follow","max-snippet":"max-snippet:-1","max-image-preview":"max-image-preview:large","max-video-preview":"max-video-preview:-1"},"canonical":"https:\/\/positiveprints.com\/fr\/produit\/la-chanson-preferee-de-papa\/","og_locale":"fr_FR","og_type":"article","og_title":"La Chanson Pr\u00e9f\u00e9r\u00e9e de Papa","og_description":"Transformez votre voix ou n'importe quel son en une superbe \u0153uvre d'art personnalis\u00e9e Il suffit de t\u00e9l\u00e9charger un fichier audio Ajoutez un code QR et scannez-le pour lire votre chanson pr\u00e9f\u00e9r\u00e9e Personnalisez en 3 \u00e9tapes simples Choisissez un mod\u00e8le ou faites preuve de cr\u00e9ativit\u00e9","og_url":"https:\/\/positiveprints.com\/fr\/produit\/la-chanson-preferee-de-papa\/","og_site_name":"Positive Prints","article_publisher":"https:\/\/www.facebook.com\/positiveprintscom","article_modified_time":"2026-04-12T21:41:04+00:00","og_image":[{"width":1080,"height":1080,"url":"https:\/\/positiveprints.com\/wp-content\/uploads\/2023\/04\/La-Chanson-Preferee-de-Papa.jpg","type":"image\/jpeg"}],"twitter_card":"summary_large_image","schema":{"@context":"https:\/\/schema.org","@graph":[{"@type":["WebPage","ItemPage"],"@id":"https:\/\/positiveprints.com\/fr\/produit\/la-chanson-preferee-de-papa\/","url":"https:\/\/positiveprints.com\/fr\/produit\/la-chanson-preferee-de-papa\/","name":"La Chanson Pr\u00e9f\u00e9r\u00e9e de Papa - Positive Prints","isPartOf":{"@id":"https:\/\/positiveprints.com\/fr\/#website"},"primaryImageOfPage":{"@id":"https:\/\/positiveprints.com\/fr\/produit\/la-chanson-preferee-de-papa\/#primaryimage"},"image":{"@id":"https:\/\/positiveprints.com\/fr\/produit\/la-chanson-preferee-de-papa\/#primaryimage"},"thumbnailUrl":"https:\/\/positiveprints.com\/wp-content\/uploads\/2023\/04\/La-Chanson-Preferee-de-Papa.jpg","datePublished":"2023-02-15T19:55:15+00:00","dateModified":"2026-04-12T21:41:04+00:00","description":"Cherchez-vous un cadeau pour papa ? Avec La Chanson Pr\u00e9f\u00e9r\u00e9e de Papa, vous pouvez montrer \u00e0 votre p\u00e8re combien il compte pour vous et le faire se sentir appr\u00e9ci\u00e9.","breadcrumb":{"@id":"https:\/\/positiveprints.com\/fr\/produit\/la-chanson-preferee-de-papa\/#breadcrumb"},"inLanguage":"fr-FR","potentialAction":[{"@type":"ReadAction","target":["https:\/\/positiveprints.com\/fr\/produit\/la-chanson-preferee-de-papa\/"]}]},{"@type":"ImageObject","inLanguage":"fr-FR","@id":"https:\/\/positiveprints.com\/fr\/produit\/la-chanson-preferee-de-papa\/#primaryimage","url":"https:\/\/positiveprints.com\/wp-content\/uploads\/2023\/04\/La-Chanson-Preferee-de-Papa.jpg","contentUrl":"https:\/\/positiveprints.com\/wp-content\/uploads\/2023\/04\/La-Chanson-Preferee-de-Papa.jpg","width":1080,"height":1080,"caption":"La Chanson Pr\u00e9f\u00e9r\u00e9e de Papa"},{"@type":"BreadcrumbList","@id":"https:\/\/positiveprints.com\/fr\/produit\/la-chanson-preferee-de-papa\/#breadcrumb","itemListElement":[{"@type":"ListItem","position":1,"name":"Home","item":"https:\/\/positiveprints.com\/fr\/"},{"@type":"ListItem","position":2,"name":"Produits","item":"https:\/\/positiveprints.com\/fr\/shop\/"},{"@type":"ListItem","position":3,"name":"La Chanson Pr\u00e9f\u00e9r\u00e9e de Papa"}]},{"@type":"WebSite","@id":"https:\/\/positiveprints.com\/fr\/#website","url":"https:\/\/positiveprints.com\/fr\/","name":"Positive Prints","description":"Amazing Custom Personalized Gifts","publisher":{"@id":"https:\/\/positiveprints.com\/fr\/#organization"},"potentialAction":[{"@type":"SearchAction","target":{"@type":"EntryPoint","urlTemplate":"https:\/\/positiveprints.com\/fr\/?s={search_term_string}"},"query-input":{"@type":"PropertyValueSpecification","valueRequired":true,"valueName":"search_term_string"}}],"inLanguage":"fr-FR"},{"@type":"Organization","@id":"https:\/\/positiveprints.com\/fr\/#organization","name":"Positive Prints","alternateName":"Positive Prints","url":"https:\/\/positiveprints.com\/fr\/","logo":{"@type":"ImageObject","inLanguage":"fr-FR","@id":"https:\/\/positiveprints.com\/fr\/#\/schema\/logo\/image\/","url":"https:\/\/positiveprints.com\/wp-content\/uploads\/2026\/03\/245815646_1337939713319158_5671353136411139666_n.png","contentUrl":"https:\/\/positiveprints.com\/wp-content\/uploads\/2026\/03\/245815646_1337939713319158_5671353136411139666_n.png","width":800,"height":800,"caption":"Positive Prints"},"image":{"@id":"https:\/\/positiveprints.com\/fr\/#\/schema\/logo\/image\/"},"sameAs":["https:\/\/www.facebook.com\/positiveprintscom","https:\/\/www.instagram.com\/positiveprintscom\/","https:\/\/www.tiktok.com\/@positiveprintscom","https:\/\/www.pinterest.com\/positiveprintscom\/"]}]}},"jetpack_sharing_enabled":true,"_links":{"self":[{"href":"https:\/\/positiveprints.com\/fr\/wp-json\/wp\/v2\/product\/453376","targetHints":{"allow":["GET"]}}],"collection":[{"href":"https:\/\/positiveprints.com\/fr\/wp-json\/wp\/v2\/product"}],"about":[{"href":"https:\/\/positiveprints.com\/fr\/wp-json\/wp\/v2\/types\/product"}],"wp:featuredmedia":[{"embeddable":true,"href":"https:\/\/positiveprints.com\/fr\/wp-json\/wp\/v2\/media\/466410"}],"wp:attachment":[{"href":"https:\/\/positiveprints.com\/fr\/wp-json\/wp\/v2\/media?parent=453376"}],"wp:term":[{"taxonomy":"product_brand","embeddable":true,"href":"https:\/\/positiveprints.com\/fr\/wp-json\/wp\/v2\/product_brand?post=453376"},{"taxonomy":"product_cat","embeddable":true,"href":"https:\/\/positiveprints.com\/fr\/wp-json\/wp\/v2\/product_cat?post=453376"},{"taxonomy":"product_tag","embeddable":true,"href":"https:\/\/positiveprints.com\/fr\/wp-json\/wp\/v2\/product_tag?post=453376"}],"curies":[{"name":"wp","href":"https:\/\/api.w.org\/{rel}","templated":true}]}}