{"id":453319,"date":"2023-02-14T15:00:15","date_gmt":"2023-04-06T09:37:03","guid":{"rendered":"https:\/\/positiveprints.com\/?post_type=product&#038;p=453319"},"modified":"2026-04-03T03:21:56","modified_gmt":"2026-04-03T02:21:56","slug":"double-carte-pour-papa","status":"publish","type":"product","link":"https:\/\/positiveprints.com\/fr\/produit\/double-carte-pour-papa\/","title":{"rendered":"Double Carte pour Papa"},"content":{"rendered":"<p style=\"margin-top: 1rem\"><\/p>\r\n<h2 class=\"grenB f24 cblue\" style=\"margin-top: 3rem\"><\/h2>\r\n\r\n<p style=\"margin-top: 1rem\">Cherchez-vous le cadeau id\u00e9al pour papa ? Ne cherchez pas plus loin que notre Carte Double pour Papa ! Cet art mural personnalis\u00e9 est un cadeau significatif que papa va certainement adorer. Vous pouvez la personnaliser avec l&#8217;emplacement des deux enfants de papa, ce qui en fait un cadeau incroyablement sp\u00e9cial et unique. C&#8217;est une excellente fa\u00e7on d&#8217;honorer papa et de lui montrer \u00e0 quel point il compte pour vous ! Elle sera certainement ch\u00e9rie pendant des ann\u00e9es. Offrez \u00e0 votre p\u00e8re le cadeau id\u00e9al pour la F\u00eate des p\u00e8res ou son anniversaire et offrez-lui la Double Carte pour Papa ! Il va l&#8217;adorer !<\/p>\r\n\r\n\r\n\r\n<h2 class=\"grenB f24 cblue\" style=\"margin-top: 3rem\">Carte Double pour Papa personnalis\u00e9e &#8211; Art mural<\/h2>\r\n\r\n<p style=\"margin-top: 1rem\">Aucun p\u00e8re ne peut \u00eatre remplac\u00e9, et ce que papa repr\u00e9sente pour ses enfants est au-del\u00e0 des mots.  Il a \u00e9t\u00e9 un pilier de force dans leur vie, les soutenant dans les moments les plus heureux comme les plus difficiles. Il est normal qu&#8217;il m\u00e9rite quelque chose de sp\u00e9cial pour la f\u00eate des p\u00e8res ou pour son anniversaire. Qu&#8217;il s&#8217;agisse d&#8217;un cadeau qu&#8217;il pourra exhiber ou d&#8217;une carte sinc\u00e8re, papa m\u00e9rite de savoir \u00e0 quel point vous l&#8217;appr\u00e9ciez. Faites-lui savoir que vous tenez \u00e0 lui et remerciez-le pour tout ce qu&#8217;il a fait. Montrez \u00e0 papa \u00e0 quel point son amour compte en cette F\u00eate des p\u00e8res !<\/p>\r\n\r\n<p style=\"margin-top: 1rem\">Avec l&#8217;art mural de Double Carte pour Papa, vous pouvez cr\u00e9er un cadeau personnalis\u00e9 et significatif pour votre papa. Vous pouvez la personnaliser avec l&#8217;emplacement des deux enfants de papa, ou tout autre endroit qui est sp\u00e9cial pour votre p\u00e8re. Choisissez les couleurs qui lui conviennent le mieux et ajoutez un texte personnel. Elle sera certainement ch\u00e9rie pendant des ann\u00e9es. Il sera certainement ch\u00e9ri pendant des ann\u00e9es. Faites savoir \u00e0 votre p\u00e8re \u00e0 quel point il compte pour vous et faites en sorte que la F\u00eate des p\u00e8res ou l&#8217;anniversaire de votre p\u00e8re soit vraiment sp\u00e9cial ! Offrez \u00e0 votre p\u00e8re le cadeau parfait avec l&#8217;art mural Double Carte pour Papa. Il va l&#8217;adorer !<\/p>\r\n\r\n\r\n<h2 class=\"grenB f24 cblue\" style=\"margin-top: 3rem\">Raisons Pour Lesquelles Papa M\u00e9rite un Cadeau Sp\u00e9cial<\/h2>\r\n\r\n<p style=\"margin-top: 1rem\">Chaque p\u00e8re est unique et m\u00e9rite d&#8217;\u00eatre c\u00e9l\u00e9br\u00e9. Il a \u00e9t\u00e9 l\u00e0 pour vous depuis le d\u00e9but, vous encourageant et vous soutenant tout au long de votre vie. Papa fait toujours passer les autres en premier, alors il est temps de le mettre \u00e0 l&#8217;honneur pour la F\u00eate des p\u00e8res ou pour son anniversaire. Offrez-lui quelque chose dont il pourra se vanter, comme une montre \u00e9l\u00e9gante ou une \u0153uvre d&#8217;art unique.<\/p>\r\n\r\n<p style=\"margin-top: 1rem\">Montrez \u00e0 papa \u00e0 quel point vous tenez \u00e0 lui en lui offrant le cadeau id\u00e9al pour lui t\u00e9moigner votre appr\u00e9ciation et votre gratitude pour tout ce qu&#8217;il a fait. Faites savoir \u00e0 votre papa que son travail acharn\u00e9, son d\u00e9vouement et son amour ne sont pas pass\u00e9s inaper\u00e7us ! Il m\u00e9rite quelque chose de sp\u00e9cial pour la F\u00eate des p\u00e8res ou son anniversaire. Faites sourire votre p\u00e8re avec un cadeau r\u00e9fl\u00e9chi et significatif ! Il sera s\u00fbr de le ch\u00e9rir pour les ann\u00e9es \u00e0 venir.<\/p>\r\n\r\n\r\n<p style=\"margin-top: 3rem\">Il est temps de montrer \u00e0 papa \u00e0 quel point vous appr\u00e9ciez tout ce qu&#8217;il fait. Cette F\u00eate des p\u00e8res ou l&#8217;anniversaire de papa, donnez \u00e0 papa un cadeau qu&#8217;il ch\u00e9rira pour toujours. L&#8217;art mural de Double Carte pour Papa est le moyen id\u00e9al d&#8217;honorer papa et de lui montrer \u00e0 quel point vous tenez \u00e0 lui. Cr\u00e9ez quelque chose de significatif et de personnel pour votre p\u00e8re avec cette \u0153uvre d&#8217;art murale unique !  Il ne manquera pas de l&#8217;adorer. Offrez \u00e0 votre p\u00e8re le cadeau parfait pour la f\u00eate des p\u00e8res ou son anniversaire et offrez-lui la Carte Double pour Papa ! Elle sera ch\u00e9rie pendant des ann\u00e9es. Montrez \u00e0 papa combien vous appr\u00e9ciez tout ce qu&#8217;il a fait avec un cadeau sp\u00e9cial et significatif pour la F\u00eate des p\u00e8res ou l&#8217;anniversaire de papa. Il le m\u00e9rite.<\/p>","protected":false},"excerpt":{"rendered":"<ul class=\"check-list\">\n<li>Capturez l&#8217;essence de deux endroits sp\u00e9ciaux avec notre affiche de carte personnalis\u00e9e<\/li>\n<li>Marquez deux points sp\u00e9ciaux avec les symboles choisis<\/li>\n<li>Personnalisez en 3 \u00e9tapes simples<\/li>\n<li>Incluez un texte personnalis\u00e9 significatif<\/li>\n<li>Vois le r\u00e9sultat imm\u00e9diatement \u2013 l\u2019aper\u00e7u interactif te permet de peaufiner chaque d\u00e9tail<\/li>\n<\/ul>\n","protected":false},"featured_media":1475772,"template":"","meta":[],"product_brand":[],"product_cat":[9112,104,7973],"product_tag":[11107],"class_list":{"0":"post-453319","1":"product","2":"type-product","3":"status-publish","4":"has-post-thumbnail","6":"product_cat-double-maps-fr","7":"product_cat-tous-les-produits","8":"product_cat-cadeaux-pour-papa","9":"product_tag-father-it-fr","11":"first","12":"instock","13":"sale","14":"taxable","15":"shipping-taxable","16":"purchasable","17":"product-type-variable"},"yoast_head":"<!-- This site is optimized with the Yoast SEO Premium plugin v27.2 (Yoast SEO v27.2) - https:\/\/yoast.com\/product\/yoast-seo-premium-wordpress\/ -->\n<title>Double Carte pour Papa - Positive Prints<\/title>\n<meta name=\"description\" content=\"Offrez \u00e0 papa le cadeau id\u00e9al pour la F\u00eate des p\u00e8res ou l&#039;anniversaire de papa et offrez-lui la Carte Double pour Papa ! Elle sera ch\u00e9rie pendant des ann\u00e9es.\" \/>\n<meta name=\"robots\" content=\"index, follow, max-snippet:-1, max-image-preview:large, max-video-preview:-1\" \/>\n<link rel=\"canonical\" href=\"https:\/\/positiveprints.com\/fr\/produit\/double-carte-pour-papa\/\" \/>\n<meta property=\"og:locale\" content=\"fr_FR\" \/>\n<meta property=\"og:type\" content=\"article\" \/>\n<meta property=\"og:title\" content=\"Double Carte pour Papa\" \/>\n<meta property=\"og:description\" content=\"Capturez l&#039;essence de deux endroits sp\u00e9ciaux avec notre affiche de carte personnalis\u00e9e Marquez deux points sp\u00e9ciaux avec les symboles choisis Personnalisez en 3 \u00e9tapes simples Incluez un texte personnalis\u00e9 significatif Vois le r\u00e9sultat imm\u00e9diatement \u2013 l\u2019aper\u00e7u interactif te permet de peaufiner chaque d\u00e9tail\" \/>\n<meta property=\"og:url\" content=\"https:\/\/positiveprints.com\/fr\/produit\/double-carte-pour-papa\/\" \/>\n<meta property=\"og:site_name\" content=\"Positive Prints\" \/>\n<meta property=\"article:publisher\" content=\"https:\/\/www.facebook.com\/positiveprintscom\" \/>\n<meta property=\"article:modified_time\" content=\"2026-04-03T02:21:56+00:00\" \/>\n<meta property=\"og:image\" content=\"https:\/\/positiveprints.com\/wp-content\/uploads\/2023\/04\/Double-Carte-pour-Papa.jpg\" \/>\n\t<meta property=\"og:image:width\" content=\"1080\" \/>\n\t<meta property=\"og:image:height\" content=\"1080\" \/>\n\t<meta property=\"og:image:type\" content=\"image\/jpeg\" \/>\n<meta name=\"twitter:card\" content=\"summary_large_image\" \/>\n<meta name=\"twitter:label1\" content=\"Dur\u00e9e de lecture estim\u00e9e\" \/>\n\t<meta name=\"twitter:data1\" content=\"3 minutes\" \/>\n<!-- \/ Yoast SEO Premium plugin. -->","yoast_head_json":{"title":"Double Carte pour Papa - Positive Prints","description":"Offrez \u00e0 papa le cadeau id\u00e9al pour la F\u00eate des p\u00e8res ou l'anniversaire de papa et offrez-lui la Carte Double pour Papa ! Elle sera ch\u00e9rie pendant des ann\u00e9es.","robots":{"index":"index","follow":"follow","max-snippet":"max-snippet:-1","max-image-preview":"max-image-preview:large","max-video-preview":"max-video-preview:-1"},"canonical":"https:\/\/positiveprints.com\/fr\/produit\/double-carte-pour-papa\/","og_locale":"fr_FR","og_type":"article","og_title":"Double Carte pour Papa","og_description":"Capturez l'essence de deux endroits sp\u00e9ciaux avec notre affiche de carte personnalis\u00e9e Marquez deux points sp\u00e9ciaux avec les symboles choisis Personnalisez en 3 \u00e9tapes simples Incluez un texte personnalis\u00e9 significatif Vois le r\u00e9sultat imm\u00e9diatement \u2013 l\u2019aper\u00e7u interactif te permet de peaufiner chaque d\u00e9tail","og_url":"https:\/\/positiveprints.com\/fr\/produit\/double-carte-pour-papa\/","og_site_name":"Positive Prints","article_publisher":"https:\/\/www.facebook.com\/positiveprintscom","article_modified_time":"2026-04-03T02:21:56+00:00","og_image":[{"width":1080,"height":1080,"url":"https:\/\/positiveprints.com\/wp-content\/uploads\/2023\/04\/Double-Carte-pour-Papa.jpg","type":"image\/jpeg"}],"twitter_card":"summary_large_image","twitter_misc":{"Dur\u00e9e de lecture estim\u00e9e":"3 minutes"},"schema":{"@context":"https:\/\/schema.org","@graph":[{"@type":["WebPage","ItemPage"],"@id":"https:\/\/positiveprints.com\/fr\/produit\/double-carte-pour-papa\/","url":"https:\/\/positiveprints.com\/fr\/produit\/double-carte-pour-papa\/","name":"Double Carte pour Papa - Positive Prints","isPartOf":{"@id":"https:\/\/positiveprints.com\/fr\/#website"},"primaryImageOfPage":{"@id":"https:\/\/positiveprints.com\/fr\/produit\/double-carte-pour-papa\/#primaryimage"},"image":{"@id":"https:\/\/positiveprints.com\/fr\/produit\/double-carte-pour-papa\/#primaryimage"},"thumbnailUrl":"https:\/\/positiveprints.com\/wp-content\/uploads\/2025\/07\/Packshot_FR_Double-Carte-pour-Papa.webp","datePublished":"2023-04-06T09:37:03+00:00","dateModified":"2026-04-03T02:21:56+00:00","description":"Offrez \u00e0 papa le cadeau id\u00e9al pour la F\u00eate des p\u00e8res ou l'anniversaire de papa et offrez-lui la Carte Double pour Papa ! Elle sera ch\u00e9rie pendant des ann\u00e9es.","breadcrumb":{"@id":"https:\/\/positiveprints.com\/fr\/produit\/double-carte-pour-papa\/#breadcrumb"},"inLanguage":"fr-FR","potentialAction":[{"@type":"ReadAction","target":["https:\/\/positiveprints.com\/fr\/produit\/double-carte-pour-papa\/"]}]},{"@type":"ImageObject","inLanguage":"fr-FR","@id":"https:\/\/positiveprints.com\/fr\/produit\/double-carte-pour-papa\/#primaryimage","url":"https:\/\/positiveprints.com\/wp-content\/uploads\/2025\/07\/Packshot_FR_Double-Carte-pour-Papa.webp","contentUrl":"https:\/\/positiveprints.com\/wp-content\/uploads\/2025\/07\/Packshot_FR_Double-Carte-pour-Papa.webp","width":1450,"height":1450},{"@type":"BreadcrumbList","@id":"https:\/\/positiveprints.com\/fr\/produit\/double-carte-pour-papa\/#breadcrumb","itemListElement":[{"@type":"ListItem","position":1,"name":"Home","item":"https:\/\/positiveprints.com\/fr\/"},{"@type":"ListItem","position":2,"name":"Produits","item":"https:\/\/positiveprints.com\/fr\/shop\/"},{"@type":"ListItem","position":3,"name":"Double Carte pour Papa"}]},{"@type":"WebSite","@id":"https:\/\/positiveprints.com\/fr\/#website","url":"https:\/\/positiveprints.com\/fr\/","name":"Positive Prints","description":"Amazing Custom Personalized Gifts","publisher":{"@id":"https:\/\/positiveprints.com\/fr\/#organization"},"potentialAction":[{"@type":"SearchAction","target":{"@type":"EntryPoint","urlTemplate":"https:\/\/positiveprints.com\/fr\/?s={search_term_string}"},"query-input":{"@type":"PropertyValueSpecification","valueRequired":true,"valueName":"search_term_string"}}],"inLanguage":"fr-FR"},{"@type":"Organization","@id":"https:\/\/positiveprints.com\/fr\/#organization","name":"Positive Prints","alternateName":"Positive Prints","url":"https:\/\/positiveprints.com\/fr\/","logo":{"@type":"ImageObject","inLanguage":"fr-FR","@id":"https:\/\/positiveprints.com\/fr\/#\/schema\/logo\/image\/","url":"https:\/\/positiveprints.com\/wp-content\/uploads\/2026\/03\/245815646_1337939713319158_5671353136411139666_n.png","contentUrl":"https:\/\/positiveprints.com\/wp-content\/uploads\/2026\/03\/245815646_1337939713319158_5671353136411139666_n.png","width":800,"height":800,"caption":"Positive Prints"},"image":{"@id":"https:\/\/positiveprints.com\/fr\/#\/schema\/logo\/image\/"},"sameAs":["https:\/\/www.facebook.com\/positiveprintscom","https:\/\/www.instagram.com\/positiveprintscom\/","https:\/\/www.tiktok.com\/@positiveprintscom","https:\/\/www.pinterest.com\/positiveprintscom\/"]}]}},"jetpack_sharing_enabled":true,"_links":{"self":[{"href":"https:\/\/positiveprints.com\/fr\/wp-json\/wp\/v2\/product\/453319","targetHints":{"allow":["GET"]}}],"collection":[{"href":"https:\/\/positiveprints.com\/fr\/wp-json\/wp\/v2\/product"}],"about":[{"href":"https:\/\/positiveprints.com\/fr\/wp-json\/wp\/v2\/types\/product"}],"wp:featuredmedia":[{"embeddable":true,"href":"https:\/\/positiveprints.com\/fr\/wp-json\/wp\/v2\/media\/1475772"}],"wp:attachment":[{"href":"https:\/\/positiveprints.com\/fr\/wp-json\/wp\/v2\/media?parent=453319"}],"wp:term":[{"taxonomy":"product_brand","embeddable":true,"href":"https:\/\/positiveprints.com\/fr\/wp-json\/wp\/v2\/product_brand?post=453319"},{"taxonomy":"product_cat","embeddable":true,"href":"https:\/\/positiveprints.com\/fr\/wp-json\/wp\/v2\/product_cat?post=453319"},{"taxonomy":"product_tag","embeddable":true,"href":"https:\/\/positiveprints.com\/fr\/wp-json\/wp\/v2\/product_tag?post=453319"}],"curies":[{"name":"wp","href":"https:\/\/api.w.org\/{rel}","templated":true}]}}