{"id":453139,"date":"2023-02-14T10:27:27","date_gmt":"2023-02-14T09:27:27","guid":{"rendered":"https:\/\/positiveprints.com\/?post_type=product&#038;p=453139"},"modified":"2026-04-12T22:41:14","modified_gmt":"2026-04-12T21:41:14","slug":"le-jour-ou-vous-etes-devenus-mes-grands-parents","status":"publish","type":"product","link":"https:\/\/positiveprints.com\/fr\/produit\/le-jour-ou-vous-etes-devenus-mes-grands-parents\/","title":{"rendered":"Le Jour O\u00f9 Vous \u00cates Devenus Mes Grands-parents"},"content":{"rendered":"<p style=\"margin-top: 1rem\">Cherchez-vous un cadeau parfait pour les grands-parents ? Ne cherchez pas plus loin que cette impression d&#8217;affiche personnalis\u00e9e ou cette toile qui capture le ciel nocturne le jour o\u00f9 ils sont devenus grands-parents ! Ce cadeau sp\u00e9cial ne manquera pas de montrer \u00e0 vos grands-parents \u00e0 quel point ils comptent pour vous !<\/p>\r\n\r\n\r\n\r\n<h2 class=\"grenB f24 cblue\" style=\"margin-top: 3rem\">Art Mural Personnalis\u00e9 Le Jour O\u00f9 Vous \u00cates Devenus Mes Grands-parents<\/h2>\r\n\r\n\r\n<p style=\"margin-top: 1rem\">Cet art mural est le moyen id\u00e9al de montrer \u00e0 vos grands-parents \u00e0 quel point vous les aimez et les appr\u00e9ciez en leur offrant un cadeau unique et sp\u00e9cial. Les \u00e9toiles seront align\u00e9es comme elles l&#8217;\u00e9taient le jour o\u00f9 vous \u00eates devenu leur petit-enfant. Ce poster ou cette toile est un souvenir r\u00e9fl\u00e9chi et durable que vos grands-parents pourront afficher fi\u00e8rement dans leur maison.<\/p>\r\n\r\n\r\n\r\n<p style=\"margin-top: 1rem\">Tout d&#8217;abord, saisissez la date et le lieu de votre choix. Ensuite, choisissez parmi une gamme de superbes motifs ou jouez avec les couleurs vous-m\u00eame pour cr\u00e9er le look parfait pour votre art mural. Vous pouvez \u00e9galement ajouter un texte personnel pour rendre ce cadeau encore plus sp\u00e9cial et significatif.<\/p>\r\n\r\n\r\n\r\n<p style=\"margin-top: 1rem\">Ce magnifique art mural est facilement personnalis\u00e9 avec la date de votre choix, ce qui en fait un cadeau vraiment unique et personnel pour vos grands-parents. Il est disponible dans une gamme de tailles pour s&#8217;adapter \u00e0 n&#8217;importe quel espace mural.<\/p>\r\n\r\n<h2 class=\"grenB f24 cblue\" style=\"margin-top: 3rem\">Un Cadeau Sp\u00e9cial Qui Durera Toute Une Vie<\/h2>\r\n\r\n\r\n<p style=\"margin-top: 1rem\">Vos grands-parents seront s\u00fbrs de ch\u00e9rir ce cadeau sp\u00e9cial pour les ann\u00e9es \u00e0 venir. L&#8217;impression ou la toile d&#8217;affiche du ciel nocturne sert de rappel de la journ\u00e9e sp\u00e9ciale et sera un rappel constant de votre amour pour eux.<\/p>\r\n\r\n\r\n\r\n<p style=\"margin-top: 1rem\">Ce cadeau est s\u00fbr d&#8217;apporter un sourire aux visages de vos grands-parents chaque fois qu&#8217;ils le regardent, ce qui en fait le moyen id\u00e9al pour leur montrer votre amour et votre appr\u00e9ciation.<\/p>\r\n\r\n\r\n\r\n<p style=\"margin-top: 3rem\">Partagez une histoire dans les \u00e9toiles de l&#8217;amour et de l&#8217;appr\u00e9ciation avec ce beau cadeau d&#8217;art mural ! Avec un cadeau aussi unique et personnalis\u00e9, vous \u00eates s\u00fbr de faire en sorte que vos grands-parents se sentent plus sp\u00e9ciaux et aim\u00e9s. Commandez Le Jour O\u00f9 Vous \u00cates Devenus Mes Grands-parents aujourd&#8217;hui afin que votre incroyable grand-parent puisse profiter de ce souvenir intemporel pour toujours.<\/p>","protected":false},"excerpt":{"rendered":"<ul class=\"check-list\">\n<li>Ch\u00e9rissez le lien avec vos grands-parents et montrez-leur votre amour et votre appr\u00e9ciation avec un cadeau significatif<\/li>\n<li>Ajoutez des plan\u00e8tes, des constellations et la Voie lact\u00e9e <\/li>\n<li>Personnalisez en 3 \u00e9tapes simples<\/li>\n<li>Incluez un texte personnalis\u00e9 significatif<\/li>\n<li>Vois le r\u00e9sultat imm\u00e9diatement \u2013 l\u2019aper\u00e7u interactif te permet de peaufiner chaque d\u00e9tail<\/li>\n<\/ul>\n","protected":false},"featured_media":1337673,"template":"","meta":[],"product_brand":[],"product_cat":[8998,2878,104],"product_tag":[15690,15704,8669],"class_list":{"0":"post-453139","1":"product","2":"type-product","3":"status-publish","4":"has-post-thumbnail","6":"product_cat-fete-des-grands-parents","7":"product_cat-star-fr-2","8":"product_cat-tous-les-produits","9":"product_tag-cadeau-pour-grands-parents","10":"product_tag-cadeaux-pour-grands-parents","11":"product_tag-grandparents-fr","13":"first","14":"instock","15":"sale","16":"taxable","17":"shipping-taxable","18":"purchasable","19":"product-type-variable"},"yoast_head":"<!-- This site is optimized with the Yoast SEO Premium plugin v27.2 (Yoast SEO v27.2) - https:\/\/yoast.com\/product\/yoast-seo-premium-wordpress\/ -->\n<title>Le Jour O\u00f9 Vous \u00cates Devenus Grands-parents - Positive Prints<\/title>\n<meta name=\"description\" content=\"Cherchez-vous un cadeau pour les grands-parents ? Ne cherchez pas plus loin que cet art mural personnalis\u00e9 qui capture le ciel nocturne le jour o\u00f9 ils sont devenus grands-parents !\" \/>\n<meta name=\"robots\" content=\"index, follow, max-snippet:-1, max-image-preview:large, max-video-preview:-1\" \/>\n<link rel=\"canonical\" href=\"https:\/\/positiveprints.com\/fr\/produit\/le-jour-ou-vous-etes-devenus-mes-grands-parents\/\" \/>\n<meta property=\"og:locale\" content=\"fr_FR\" \/>\n<meta property=\"og:type\" content=\"article\" \/>\n<meta property=\"og:title\" content=\"Le Jour O\u00f9 Vous \u00cates Devenus Mes Grands-parents\" \/>\n<meta property=\"og:description\" content=\"Ch\u00e9rissez le lien avec vos grands-parents et montrez-leur votre amour et votre appr\u00e9ciation avec un cadeau significatif Ajoutez des plan\u00e8tes, des constellations et la Voie lact\u00e9e  Personnalisez en 3 \u00e9tapes simples Incluez un texte personnalis\u00e9 significatif Vois le r\u00e9sultat imm\u00e9diatement \u2013 l\u2019aper\u00e7u interactif te permet de peaufiner chaque d\u00e9tail\" \/>\n<meta property=\"og:url\" content=\"https:\/\/positiveprints.com\/fr\/produit\/le-jour-ou-vous-etes-devenus-mes-grands-parents\/\" \/>\n<meta property=\"og:site_name\" content=\"Positive Prints\" \/>\n<meta property=\"article:publisher\" content=\"https:\/\/www.facebook.com\/positiveprintscom\" \/>\n<meta property=\"article:modified_time\" content=\"2026-04-12T21:41:14+00:00\" \/>\n<meta property=\"og:image\" content=\"https:\/\/positiveprints.com\/wp-content\/uploads\/2025\/01\/Le-Jour-Ou\u0300-Vous-E\u0302tes-Devenus-Mes-Grands-parents-1.webp\" \/>\n\t<meta property=\"og:image:width\" content=\"1450\" \/>\n\t<meta property=\"og:image:height\" content=\"1450\" \/>\n\t<meta property=\"og:image:type\" content=\"image\/webp\" \/>\n<meta name=\"twitter:card\" content=\"summary_large_image\" \/>\n<meta name=\"twitter:label1\" content=\"Dur\u00e9e de lecture estim\u00e9e\" \/>\n\t<meta name=\"twitter:data1\" content=\"2 minutes\" \/>\n<!-- \/ Yoast SEO Premium plugin. -->","yoast_head_json":{"title":"Le Jour O\u00f9 Vous \u00cates Devenus Grands-parents - Positive Prints","description":"Cherchez-vous un cadeau pour les grands-parents ? Ne cherchez pas plus loin que cet art mural personnalis\u00e9 qui capture le ciel nocturne le jour o\u00f9 ils sont devenus grands-parents !","robots":{"index":"index","follow":"follow","max-snippet":"max-snippet:-1","max-image-preview":"max-image-preview:large","max-video-preview":"max-video-preview:-1"},"canonical":"https:\/\/positiveprints.com\/fr\/produit\/le-jour-ou-vous-etes-devenus-mes-grands-parents\/","og_locale":"fr_FR","og_type":"article","og_title":"Le Jour O\u00f9 Vous \u00cates Devenus Mes Grands-parents","og_description":"Ch\u00e9rissez le lien avec vos grands-parents et montrez-leur votre amour et votre appr\u00e9ciation avec un cadeau significatif Ajoutez des plan\u00e8tes, des constellations et la Voie lact\u00e9e  Personnalisez en 3 \u00e9tapes simples Incluez un texte personnalis\u00e9 significatif Vois le r\u00e9sultat imm\u00e9diatement \u2013 l\u2019aper\u00e7u interactif te permet de peaufiner chaque d\u00e9tail","og_url":"https:\/\/positiveprints.com\/fr\/produit\/le-jour-ou-vous-etes-devenus-mes-grands-parents\/","og_site_name":"Positive Prints","article_publisher":"https:\/\/www.facebook.com\/positiveprintscom","article_modified_time":"2026-04-12T21:41:14+00:00","og_image":[{"width":1450,"height":1450,"url":"https:\/\/positiveprints.com\/wp-content\/uploads\/2025\/01\/Le-Jour-Ou\u0300-Vous-E\u0302tes-Devenus-Mes-Grands-parents-1.webp","type":"image\/webp"}],"twitter_card":"summary_large_image","twitter_misc":{"Dur\u00e9e de lecture estim\u00e9e":"2 minutes"},"schema":{"@context":"https:\/\/schema.org","@graph":[{"@type":["WebPage","ItemPage"],"@id":"https:\/\/positiveprints.com\/fr\/produit\/le-jour-ou-vous-etes-devenus-mes-grands-parents\/","url":"https:\/\/positiveprints.com\/fr\/produit\/le-jour-ou-vous-etes-devenus-mes-grands-parents\/","name":"Le Jour O\u00f9 Vous \u00cates Devenus Grands-parents - Positive Prints","isPartOf":{"@id":"https:\/\/positiveprints.com\/fr\/#website"},"primaryImageOfPage":{"@id":"https:\/\/positiveprints.com\/fr\/produit\/le-jour-ou-vous-etes-devenus-mes-grands-parents\/#primaryimage"},"image":{"@id":"https:\/\/positiveprints.com\/fr\/produit\/le-jour-ou-vous-etes-devenus-mes-grands-parents\/#primaryimage"},"thumbnailUrl":"https:\/\/positiveprints.com\/wp-content\/uploads\/2025\/01\/Le-Jour-Ou\u0300-Vous-E\u0302tes-Devenus-Mes-Grands-parents-1.webp","datePublished":"2023-02-14T09:27:27+00:00","dateModified":"2026-04-12T21:41:14+00:00","description":"Cherchez-vous un cadeau pour les grands-parents ? Ne cherchez pas plus loin que cet art mural personnalis\u00e9 qui capture le ciel nocturne le jour o\u00f9 ils sont devenus grands-parents !","breadcrumb":{"@id":"https:\/\/positiveprints.com\/fr\/produit\/le-jour-ou-vous-etes-devenus-mes-grands-parents\/#breadcrumb"},"inLanguage":"fr-FR","potentialAction":[{"@type":"ReadAction","target":["https:\/\/positiveprints.com\/fr\/produit\/le-jour-ou-vous-etes-devenus-mes-grands-parents\/"]}]},{"@type":"ImageObject","inLanguage":"fr-FR","@id":"https:\/\/positiveprints.com\/fr\/produit\/le-jour-ou-vous-etes-devenus-mes-grands-parents\/#primaryimage","url":"https:\/\/positiveprints.com\/wp-content\/uploads\/2025\/01\/Le-Jour-Ou\u0300-Vous-E\u0302tes-Devenus-Mes-Grands-parents-1.webp","contentUrl":"https:\/\/positiveprints.com\/wp-content\/uploads\/2025\/01\/Le-Jour-Ou\u0300-Vous-E\u0302tes-Devenus-Mes-Grands-parents-1.webp","width":1450,"height":1450},{"@type":"BreadcrumbList","@id":"https:\/\/positiveprints.com\/fr\/produit\/le-jour-ou-vous-etes-devenus-mes-grands-parents\/#breadcrumb","itemListElement":[{"@type":"ListItem","position":1,"name":"Home","item":"https:\/\/positiveprints.com\/fr\/"},{"@type":"ListItem","position":2,"name":"Produits","item":"https:\/\/positiveprints.com\/fr\/shop\/"},{"@type":"ListItem","position":3,"name":"Le Jour O\u00f9 Vous \u00cates Devenus Mes Grands-parents"}]},{"@type":"WebSite","@id":"https:\/\/positiveprints.com\/fr\/#website","url":"https:\/\/positiveprints.com\/fr\/","name":"Positive Prints","description":"Amazing Custom Personalized Gifts","publisher":{"@id":"https:\/\/positiveprints.com\/fr\/#organization"},"potentialAction":[{"@type":"SearchAction","target":{"@type":"EntryPoint","urlTemplate":"https:\/\/positiveprints.com\/fr\/?s={search_term_string}"},"query-input":{"@type":"PropertyValueSpecification","valueRequired":true,"valueName":"search_term_string"}}],"inLanguage":"fr-FR"},{"@type":"Organization","@id":"https:\/\/positiveprints.com\/fr\/#organization","name":"Positive Prints","alternateName":"Positive Prints","url":"https:\/\/positiveprints.com\/fr\/","logo":{"@type":"ImageObject","inLanguage":"fr-FR","@id":"https:\/\/positiveprints.com\/fr\/#\/schema\/logo\/image\/","url":"https:\/\/positiveprints.com\/wp-content\/uploads\/2026\/03\/245815646_1337939713319158_5671353136411139666_n.png","contentUrl":"https:\/\/positiveprints.com\/wp-content\/uploads\/2026\/03\/245815646_1337939713319158_5671353136411139666_n.png","width":800,"height":800,"caption":"Positive Prints"},"image":{"@id":"https:\/\/positiveprints.com\/fr\/#\/schema\/logo\/image\/"},"sameAs":["https:\/\/www.facebook.com\/positiveprintscom","https:\/\/www.instagram.com\/positiveprintscom\/","https:\/\/www.tiktok.com\/@positiveprintscom","https:\/\/www.pinterest.com\/positiveprintscom\/"]}]}},"jetpack_sharing_enabled":true,"_links":{"self":[{"href":"https:\/\/positiveprints.com\/fr\/wp-json\/wp\/v2\/product\/453139","targetHints":{"allow":["GET"]}}],"collection":[{"href":"https:\/\/positiveprints.com\/fr\/wp-json\/wp\/v2\/product"}],"about":[{"href":"https:\/\/positiveprints.com\/fr\/wp-json\/wp\/v2\/types\/product"}],"wp:featuredmedia":[{"embeddable":true,"href":"https:\/\/positiveprints.com\/fr\/wp-json\/wp\/v2\/media\/1337673"}],"wp:attachment":[{"href":"https:\/\/positiveprints.com\/fr\/wp-json\/wp\/v2\/media?parent=453139"}],"wp:term":[{"taxonomy":"product_brand","embeddable":true,"href":"https:\/\/positiveprints.com\/fr\/wp-json\/wp\/v2\/product_brand?post=453139"},{"taxonomy":"product_cat","embeddable":true,"href":"https:\/\/positiveprints.com\/fr\/wp-json\/wp\/v2\/product_cat?post=453139"},{"taxonomy":"product_tag","embeddable":true,"href":"https:\/\/positiveprints.com\/fr\/wp-json\/wp\/v2\/product_tag?post=453139"}],"curies":[{"name":"wp","href":"https:\/\/api.w.org\/{rel}","templated":true}]}}