{"id":453065,"date":"2023-02-13T11:58:04","date_gmt":"2023-04-05T14:55:51","guid":{"rendered":"https:\/\/positiveprints.com\/?post_type=product&#038;p=453065"},"modified":"2026-04-18T06:14:35","modified_gmt":"2026-04-18T05:14:35","slug":"lorsque-la-meilleure-mere-est-nee","status":"publish","type":"product","link":"https:\/\/positiveprints.com\/fr\/produit\/lorsque-la-meilleure-mere-est-nee\/","title":{"rendered":"Lorsque La Meilleure M\u00e8re Est N\u00e9e"},"content":{"rendered":"<p style=\"margin-top: 1rem\">Cherchez-vous le cadeau id\u00e9al pour c\u00e9l\u00e9brer la F\u00eate des m\u00e8res ou pour l&#8217;anniversaire de maman ? Ne cherchez pas plus loin que Lorsque La Meilleure M\u00e8re Est N\u00e9e, une affiche ou une toile originale et personnalis\u00e9e qui capture le ciel nocturne \u00e0 la date et \u00e0 l&#8217;endroit exacts de votre choix.<\/p>\r\n\r\n<h2 class=\"grenB f24 cblue\" style=\"margin-top: 3rem\">Art Mural Personnalis\u00e9 Lorsque La Meilleure M\u00e8re Est N\u00e9e<\/h2>\r\n\r\n\r\n<p style=\"margin-top: 1rem\">Tant que vous offrez \u00e0 votre m\u00e8re un cadeau qui vient du c\u0153ur, elle sera s\u00fbre de l&#8217;appr\u00e9cier et de l&#8217;aimer quoi qu&#8217;il arrive. Il n&#8217;y a pas de r\u00e9ponse unique pour savoir quel type de cadeau fera plaisir \u00e0 votre maman &#8211; chacun a des go\u00fbts et des pr\u00e9f\u00e9rences diff\u00e9rents. C&#8217;est pourquoi nous vous proposons de personnaliser facilement votre affiche ou votre impression sur toile Lorsque La Meilleure M\u00e8re Est N\u00e9e.<\/p>\r\n\r\n\r\n\r\n<p style=\"margin-top: 1rem\">Saisissez une date et un lieu dans notre \u00e9diteur facile \u00e0 utiliser, et nous ferons en sorte que le ciel nocturne de ce moment soit parfaitement captur\u00e9. Vous pouvez choisir parmi des couleurs et des motifs pr\u00e9d\u00e9finis, ou m\u00eame le colorier vous-m\u00eame. Ajoutez un texte personnel ci-dessous pour exprimer votre amour et votre reconnaissance envers votre m\u00e8re.<\/p>\r\n\r\n\r\n\r\n<p style=\"margin-top: 1rem\">Cette affiche capturera une \u00e9tape importante dans la vie de votre m\u00e8re, ce qui en fait un cadeau parfait pour c\u00e9l\u00e9brer son anniversaire ou la F\u00eate des m\u00e8res. Elle appr\u00e9ciera l&#8217;attention et le soin apport\u00e9s \u00e0 ce cadeau sp\u00e9cial chaque fois qu&#8217;elle le regardera.<\/p>\r\n\r\n\r\n\r\n<h2 class=\"grenB f24 cblue\" style=\"margin-top: 3rem\">Une fa\u00e7on particuli\u00e8re de l&#8217;honorer<\/h2>\r\n\r\n<p style=\"margin-top: 1rem\">Les mamans font partie des personnes les plus sp\u00e9ciales de notre vie : elles nous apportent un amour, un soutien et des soins inconditionnels. Qu&#8217;il s&#8217;agisse de votre propre m\u00e8re qui a \u00e9t\u00e9 l\u00e0 pour vous toute votre vie ou d&#8217;une nouvelle maman qui vient d&#8217;accueillir son petit bout de chou, chaque m\u00e8re m\u00e9rite d&#8217;\u00eatre reconnue pour toutes les choses extraordinaires qu&#8217;elle fait.<\/p>\r\n\r\n\r\n\r\n<p style=\"margin-top: 1rem\">C\u00e9l\u00e9brez-la avec ce ciel nocturne unique et personnalis\u00e9 de la date de sa naissance. C&#8217;est une fa\u00e7on sp\u00e9ciale de l&#8217;honorer et de montrer \u00e0 quel point vous appr\u00e9ciez de l&#8217;avoir dans votre vie. Il est m\u00eame possible d&#8217;ajouter un texte personnel en dessous, ce qui en fait un cadeau parfait pour maman \u00e0 l&#8217;occasion de son anniversaire, de la F\u00eate des m\u00e8res ou simplement pour lui dire merci. Faites savoir \u00e0 votre m\u00e8re qu&#8217;elle est la meilleure m\u00e8re du monde avec cet art mural sp\u00e9cial !<\/p>\r\n\r\n\r\n\r\n\r\n\r\n<p style=\"margin-top: 1rem\">Quel que soit le cadeau que vous offrez \u00e0 votre m\u00e8re, elle ne manquera pas de l&#8217;appr\u00e9cier. Avec Lorsque La Meilleur M\u00e8re Est N\u00e9e, vous pouvez lui montrer \u00e0 quel point elle est sp\u00e9ciale et aim\u00e9e en cr\u00e9ant une \u0153uvre d&#8217;art murale unique qui capture le ciel nocturne depuis le moment o\u00f9 elle est n\u00e9e. Elle saura \u00e0 quel point vous tenez \u00e0 elle ! C&#8217;est la fa\u00e7on id\u00e9ale d&#8217;honorer la femme la plus sp\u00e9ciale de votre vie.<\/p>","protected":false},"excerpt":{"rendered":"<ul class=\"check-list\">\n<li>Capturez la magie des \u00e9toiles en cr\u00e9ant une carte des \u00e9toiles personnalis\u00e9e de l&#8217;emplacement exact et de la date<\/li>\n<li>Ajoutez des plan\u00e8tes, des constellations et la Voie lact\u00e9e <\/li>\n<li>Personnalisez en 3 \u00e9tapes simples<\/li>\n<li>Incluez un texte personnalis\u00e9 significatif<\/li>\n<li>Vois le r\u00e9sultat imm\u00e9diatement \u2013 l\u2019aper\u00e7u interactif te permet de peaufiner chaque d\u00e9tail<\/li>\n<\/ul>\n","protected":false},"featured_media":1346291,"template":"","meta":[],"product_brand":[],"product_cat":[104,2878],"product_tag":[8404,15899],"class_list":{"0":"post-453065","1":"product","2":"type-product","3":"status-publish","4":"has-post-thumbnail","6":"product_cat-tous-les-produits","7":"product_cat-star-fr-2","8":"product_tag-mother-fr","9":"product_tag-mother-it-fr","11":"first","12":"instock","13":"sale","14":"taxable","15":"shipping-taxable","16":"purchasable","17":"product-type-variable"},"yoast_head":"<!-- This site is optimized with the Yoast SEO Premium plugin v27.2 (Yoast SEO v27.2) - https:\/\/yoast.com\/product\/yoast-seo-premium-wordpress\/ -->\n<title>Lorsque La Meilleure M\u00e8re Est N\u00e9e - Positive Prints<\/title>\n<meta name=\"description\" content=\"Cherchez-vous le cadeau id\u00e9al pour c\u00e9l\u00e9brer la F\u00eate des m\u00e8res ou pour l&#039;anniversaire de maman ? Ne cherchez pas plus loin que Lorsque La Meilleure M\u00e8re Est N\u00e9e.\" \/>\n<meta name=\"robots\" content=\"index, follow, max-snippet:-1, max-image-preview:large, max-video-preview:-1\" \/>\n<link rel=\"canonical\" href=\"https:\/\/positiveprints.com\/fr\/produit\/lorsque-la-meilleure-mere-est-nee\/\" \/>\n<meta property=\"og:locale\" content=\"fr_FR\" \/>\n<meta property=\"og:type\" content=\"article\" \/>\n<meta property=\"og:title\" content=\"Lorsque La Meilleure M\u00e8re Est N\u00e9e\" \/>\n<meta property=\"og:description\" content=\"Capturez la magie des \u00e9toiles en cr\u00e9ant une carte des \u00e9toiles personnalis\u00e9e de l&#039;emplacement exact et de la date Ajoutez des plan\u00e8tes, des constellations et la Voie lact\u00e9e  Personnalisez en 3 \u00e9tapes simples Incluez un texte personnalis\u00e9 significatif Vois le r\u00e9sultat imm\u00e9diatement \u2013 l\u2019aper\u00e7u interactif te permet de peaufiner chaque d\u00e9tail\" \/>\n<meta property=\"og:url\" content=\"https:\/\/positiveprints.com\/fr\/produit\/lorsque-la-meilleure-mere-est-nee\/\" \/>\n<meta property=\"og:site_name\" content=\"Positive Prints\" \/>\n<meta property=\"article:publisher\" content=\"https:\/\/www.facebook.com\/positiveprintscom\" \/>\n<meta property=\"article:modified_time\" content=\"2026-04-18T05:14:35+00:00\" \/>\n<meta property=\"og:image\" content=\"https:\/\/positiveprints.com\/wp-content\/uploads\/2025\/02\/Lorsque-La-Meilleure-Me\u0300re-Est-Ne\u0301e-1.webp\" \/>\n\t<meta property=\"og:image:width\" content=\"1450\" \/>\n\t<meta property=\"og:image:height\" content=\"1450\" \/>\n\t<meta property=\"og:image:type\" content=\"image\/webp\" \/>\n<meta name=\"twitter:card\" content=\"summary_large_image\" \/>\n<!-- \/ Yoast SEO Premium plugin. -->","yoast_head_json":{"title":"Lorsque La Meilleure M\u00e8re Est N\u00e9e - Positive Prints","description":"Cherchez-vous le cadeau id\u00e9al pour c\u00e9l\u00e9brer la F\u00eate des m\u00e8res ou pour l'anniversaire de maman ? Ne cherchez pas plus loin que Lorsque La Meilleure M\u00e8re Est N\u00e9e.","robots":{"index":"index","follow":"follow","max-snippet":"max-snippet:-1","max-image-preview":"max-image-preview:large","max-video-preview":"max-video-preview:-1"},"canonical":"https:\/\/positiveprints.com\/fr\/produit\/lorsque-la-meilleure-mere-est-nee\/","og_locale":"fr_FR","og_type":"article","og_title":"Lorsque La Meilleure M\u00e8re Est N\u00e9e","og_description":"Capturez la magie des \u00e9toiles en cr\u00e9ant une carte des \u00e9toiles personnalis\u00e9e de l'emplacement exact et de la date Ajoutez des plan\u00e8tes, des constellations et la Voie lact\u00e9e  Personnalisez en 3 \u00e9tapes simples Incluez un texte personnalis\u00e9 significatif Vois le r\u00e9sultat imm\u00e9diatement \u2013 l\u2019aper\u00e7u interactif te permet de peaufiner chaque d\u00e9tail","og_url":"https:\/\/positiveprints.com\/fr\/produit\/lorsque-la-meilleure-mere-est-nee\/","og_site_name":"Positive Prints","article_publisher":"https:\/\/www.facebook.com\/positiveprintscom","article_modified_time":"2026-04-18T05:14:35+00:00","og_image":[{"width":1450,"height":1450,"url":"https:\/\/positiveprints.com\/wp-content\/uploads\/2025\/02\/Lorsque-La-Meilleure-Me\u0300re-Est-Ne\u0301e-1.webp","type":"image\/webp"}],"twitter_card":"summary_large_image","schema":{"@context":"https:\/\/schema.org","@graph":[{"@type":["WebPage","ItemPage"],"@id":"https:\/\/positiveprints.com\/fr\/produit\/lorsque-la-meilleure-mere-est-nee\/","url":"https:\/\/positiveprints.com\/fr\/produit\/lorsque-la-meilleure-mere-est-nee\/","name":"Lorsque La Meilleure M\u00e8re Est N\u00e9e - Positive Prints","isPartOf":{"@id":"https:\/\/positiveprints.com\/fr\/#website"},"primaryImageOfPage":{"@id":"https:\/\/positiveprints.com\/fr\/produit\/lorsque-la-meilleure-mere-est-nee\/#primaryimage"},"image":{"@id":"https:\/\/positiveprints.com\/fr\/produit\/lorsque-la-meilleure-mere-est-nee\/#primaryimage"},"thumbnailUrl":"https:\/\/positiveprints.com\/wp-content\/uploads\/2025\/02\/Lorsque-La-Meilleure-Me\u0300re-Est-Ne\u0301e-1.webp","datePublished":"2023-04-05T14:55:51+00:00","dateModified":"2026-04-18T05:14:35+00:00","description":"Cherchez-vous le cadeau id\u00e9al pour c\u00e9l\u00e9brer la F\u00eate des m\u00e8res ou pour l'anniversaire de maman ? Ne cherchez pas plus loin que Lorsque La Meilleure M\u00e8re Est N\u00e9e.","breadcrumb":{"@id":"https:\/\/positiveprints.com\/fr\/produit\/lorsque-la-meilleure-mere-est-nee\/#breadcrumb"},"inLanguage":"fr-FR","potentialAction":[{"@type":"ReadAction","target":["https:\/\/positiveprints.com\/fr\/produit\/lorsque-la-meilleure-mere-est-nee\/"]}]},{"@type":"ImageObject","inLanguage":"fr-FR","@id":"https:\/\/positiveprints.com\/fr\/produit\/lorsque-la-meilleure-mere-est-nee\/#primaryimage","url":"https:\/\/positiveprints.com\/wp-content\/uploads\/2025\/02\/Lorsque-La-Meilleure-Me\u0300re-Est-Ne\u0301e-1.webp","contentUrl":"https:\/\/positiveprints.com\/wp-content\/uploads\/2025\/02\/Lorsque-La-Meilleure-Me\u0300re-Est-Ne\u0301e-1.webp","width":1450,"height":1450},{"@type":"BreadcrumbList","@id":"https:\/\/positiveprints.com\/fr\/produit\/lorsque-la-meilleure-mere-est-nee\/#breadcrumb","itemListElement":[{"@type":"ListItem","position":1,"name":"Home","item":"https:\/\/positiveprints.com\/fr\/"},{"@type":"ListItem","position":2,"name":"Produits","item":"https:\/\/positiveprints.com\/fr\/shop\/"},{"@type":"ListItem","position":3,"name":"Lorsque La Meilleure M\u00e8re Est N\u00e9e"}]},{"@type":"WebSite","@id":"https:\/\/positiveprints.com\/fr\/#website","url":"https:\/\/positiveprints.com\/fr\/","name":"Positive Prints","description":"Amazing Custom Personalized Gifts","publisher":{"@id":"https:\/\/positiveprints.com\/fr\/#organization"},"potentialAction":[{"@type":"SearchAction","target":{"@type":"EntryPoint","urlTemplate":"https:\/\/positiveprints.com\/fr\/?s={search_term_string}"},"query-input":{"@type":"PropertyValueSpecification","valueRequired":true,"valueName":"search_term_string"}}],"inLanguage":"fr-FR"},{"@type":"Organization","@id":"https:\/\/positiveprints.com\/fr\/#organization","name":"Positive Prints","alternateName":"Positive Prints","url":"https:\/\/positiveprints.com\/fr\/","logo":{"@type":"ImageObject","inLanguage":"fr-FR","@id":"https:\/\/positiveprints.com\/fr\/#\/schema\/logo\/image\/","url":"https:\/\/positiveprints.com\/wp-content\/uploads\/2026\/03\/245815646_1337939713319158_5671353136411139666_n.png","contentUrl":"https:\/\/positiveprints.com\/wp-content\/uploads\/2026\/03\/245815646_1337939713319158_5671353136411139666_n.png","width":800,"height":800,"caption":"Positive Prints"},"image":{"@id":"https:\/\/positiveprints.com\/fr\/#\/schema\/logo\/image\/"},"sameAs":["https:\/\/www.facebook.com\/positiveprintscom","https:\/\/www.instagram.com\/positiveprintscom\/","https:\/\/www.tiktok.com\/@positiveprintscom","https:\/\/www.pinterest.com\/positiveprintscom\/"]}]}},"jetpack_sharing_enabled":true,"_links":{"self":[{"href":"https:\/\/positiveprints.com\/fr\/wp-json\/wp\/v2\/product\/453065","targetHints":{"allow":["GET"]}}],"collection":[{"href":"https:\/\/positiveprints.com\/fr\/wp-json\/wp\/v2\/product"}],"about":[{"href":"https:\/\/positiveprints.com\/fr\/wp-json\/wp\/v2\/types\/product"}],"wp:featuredmedia":[{"embeddable":true,"href":"https:\/\/positiveprints.com\/fr\/wp-json\/wp\/v2\/media\/1346291"}],"wp:attachment":[{"href":"https:\/\/positiveprints.com\/fr\/wp-json\/wp\/v2\/media?parent=453065"}],"wp:term":[{"taxonomy":"product_brand","embeddable":true,"href":"https:\/\/positiveprints.com\/fr\/wp-json\/wp\/v2\/product_brand?post=453065"},{"taxonomy":"product_cat","embeddable":true,"href":"https:\/\/positiveprints.com\/fr\/wp-json\/wp\/v2\/product_cat?post=453065"},{"taxonomy":"product_tag","embeddable":true,"href":"https:\/\/positiveprints.com\/fr\/wp-json\/wp\/v2\/product_tag?post=453065"}],"curies":[{"name":"wp","href":"https:\/\/api.w.org\/{rel}","templated":true}]}}