{"id":453002,"date":"2023-02-13T10:25:20","date_gmt":"2023-02-13T09:25:20","guid":{"rendered":"https:\/\/positiveprints.com\/?post_type=product&#038;p=453002"},"modified":"2026-04-12T22:42:40","modified_gmt":"2026-04-12T21:42:40","slug":"carte-mere-et-enfant","status":"publish","type":"product","link":"https:\/\/positiveprints.com\/fr\/produit\/carte-mere-et-enfant\/","title":{"rendered":"Carte M\u00e8re et Enfant"},"content":{"rendered":"<p style=\"margin-top: 1rem\">Cherchez-vous le cadeau id\u00e9al pour maman afin de montrer \u00e0 quel point vous tenez \u00e0 elle ? Ne cherchez pas plus loin &#8211; la Carte M\u00e8re-Enfant est l\u00e0 ! Il s&#8217;agit d&#8217;une mani\u00e8re passionnante et unique de rapprocher votre m\u00e8re et vous-m\u00eame. Avec cette impression d&#8217;affiche ou cette toile personnalis\u00e9e, ce sera non seulement un cadeau attentionn\u00e9 mais aussi un moyen m\u00e9morable et tangible de relier deux endroits.<\/p>\r\n\r\n\r\n\r\n<h2 class=\"grenB f24 cblue\" style=\"margin-top: 3rem\">Comment personnaliser la Carte M\u00e8re-Enfant<\/h2>\r\n\r\n<p style=\"margin-top: 1rem\">Choisissez parmi un c\u0153ur divis\u00e9 en deux cartes, deux c\u0153urs, deux carr\u00e9s ou deux cercles et personnalisez les couleurs pour rendre votre cadeau unique ! Marquez l&#8217;adresse exacte de votre maman et de vous-m\u00eame avec des \u00e9pingles en c\u0153ur. Pour couronner le tout, ajoutez un texte personnalis\u00e9 o\u00f9 vous pourrez inscrire vos noms, adresses ou une citation ou phrase sentimentale qui aura une signification particuli\u00e8re pour vous deux.<\/p>\r\n\r\n<p style=\"margin-top: 1rem\">Utilisez notre \u00e9diteur facile \u00e0 utiliser avec aper\u00e7u en ligne et cr\u00e9ez le cadeau parfait pour maman ! Laissez la Carte M\u00e8re-Enfant \u00eatre votre moyen de lui rappeler combien vous l&#8217;aimez, quelle que soit la distance qui vous s\u00e9pare.<\/p>\r\n\r\n\r\n\r\n<h2 class=\"grenB f24 cblue\" style=\"margin-top: 3rem\">Rapprochez-Vous de Votre Maman<\/h2>\r\n\r\n<p style=\"margin-top: 1rem\">Quel que soit votre \u00e2ge, c\u00e9l\u00e9brer la F\u00eate des m\u00e8res ou l&#8217;anniversaire d&#8217;une m\u00e8re peut \u00eatre une belle fa\u00e7on de lui t\u00e9moigner votre reconnaissance. Si vous \u00eates loin de votre maman, la Carte M\u00e8re-Enfant est une mani\u00e8re significative et unique de vous relier tous les deux.<\/p> \r\n\r\n<p style=\"margin-top: 1rem\">Une carte indiquant l&#8217;emplacement de votre maison et de celle de votre m\u00e8re peut \u00eatre un cadeau tr\u00e8s sentimental lorsque vous ne vivez plus ensemble. Un tel cadeau est significatif car il rend compte de la distance physique entre vous deux, ce qui symbolise l&#8217;importance du lien affectif qui vous unit encore. Il rappelle \u00e9galement \u00e0 votre m\u00e8re que vous \u00eates constamment dans ses pens\u00e9es et qu&#8217;elle restera toujours proche de votre c\u0153ur malgr\u00e9 votre s\u00e9paration. De plus, ce sera une belle pi\u00e8ce de d\u00e9coration pour le salon de votre m\u00e8re !<\/p>\r\n\r\n\r\n<p style=\"margin-top: 3rem\">Aucun cadeau ne sera plus \u00e9loquent que le cadeau de l&#8217;amour. Laissez la Carte M\u00e8re-Enfant \u00eatre votre fa\u00e7on d&#8217;exprimer votre affection, quelle que soit la distance qui vous s\u00e9pare. Faites preuve de cr\u00e9ativit\u00e9 avec notre \u00e9diteur facile \u00e0 utiliser et surprenez votre m\u00e8re avec le cadeau sentimental parfait pour lui montrer \u00e0 quel point elle compte pour vous.<\/p>","protected":false},"excerpt":{"rendered":"<ul class=\"check-list\">\n<li>Cr\u00e9ez une carte qui c\u00e9l\u00e8bre votre amour, peu importe la distance qui vous s\u00e9pare<\/li>\n<li>Marquez deux points sp\u00e9ciaux avec les symboles choisis<\/li>\n<li>Personnalisez en 3 \u00e9tapes simples<\/li>\n<li>Incluez un texte personnalis\u00e9 significatif<\/li>\n<li>Vois le r\u00e9sultat imm\u00e9diatement \u2013 l\u2019aper\u00e7u interactif te permet de peaufiner chaque d\u00e9tail<\/li>\n<\/ul>\n","protected":false},"featured_media":1467141,"template":"","meta":[],"product_brand":[],"product_cat":[9112,104,7277,5264,11399,7701],"product_tag":[11794,8404,15899,15894],"class_list":{"0":"post-453002","1":"product","2":"type-product","3":"status-publish","4":"has-post-thumbnail","6":"product_cat-double-maps-fr","7":"product_cat-tous-les-produits","8":"product_cat-cadeaux-de-fete-des-meres","9":"product_cat-cadeaux-de-noel","10":"product_cat-cadeaux-de-noel-pour-maman","11":"product_cat-cadeaux-pour-maman","12":"product_tag-cadeaux-de-noel-pour-maman","13":"product_tag-mother-fr","14":"product_tag-mother-it-fr","15":"product_tag-regali-di-natale-per-mamma-fr","17":"first","18":"instock","19":"sale","20":"taxable","21":"shipping-taxable","22":"purchasable","23":"product-type-variable"},"yoast_head":"<!-- This site is optimized with the Yoast SEO Premium plugin v27.2 (Yoast SEO v27.2) - https:\/\/yoast.com\/product\/yoast-seo-premium-wordpress\/ -->\n<title>Carte M\u00e8re et Enfant - Positive Prints<\/title>\n<meta name=\"description\" content=\"Aucun cadeau ne sera plus \u00e9loquent que le cadeau de l&#039;amour. Laissez la Carte M\u00e8re-Enfant \u00eatre votre fa\u00e7on d&#039;exprimer votre affection, quelle que soit la distance qui vous s\u00e9pare.\" \/>\n<meta name=\"robots\" content=\"index, follow, max-snippet:-1, max-image-preview:large, max-video-preview:-1\" \/>\n<link rel=\"canonical\" href=\"https:\/\/positiveprints.com\/fr\/produit\/carte-mere-et-enfant\/\" \/>\n<meta property=\"og:locale\" content=\"fr_FR\" \/>\n<meta property=\"og:type\" content=\"article\" \/>\n<meta property=\"og:title\" content=\"Carte M\u00e8re et Enfant\" \/>\n<meta property=\"og:description\" content=\"Cr\u00e9ez une carte qui c\u00e9l\u00e8bre votre amour, peu importe la distance qui vous s\u00e9pare Marquez deux points sp\u00e9ciaux avec les symboles choisis Personnalisez en 3 \u00e9tapes simples Incluez un texte personnalis\u00e9 significatif Vois le r\u00e9sultat imm\u00e9diatement \u2013 l\u2019aper\u00e7u interactif te permet de peaufiner chaque d\u00e9tail\" \/>\n<meta property=\"og:url\" content=\"https:\/\/positiveprints.com\/fr\/produit\/carte-mere-et-enfant\/\" \/>\n<meta property=\"og:site_name\" content=\"Positive Prints\" \/>\n<meta property=\"article:publisher\" content=\"https:\/\/www.facebook.com\/positiveprintscom\" \/>\n<meta property=\"article:modified_time\" content=\"2026-04-12T21:42:40+00:00\" \/>\n<meta property=\"og:image\" content=\"https:\/\/positiveprints.com\/wp-content\/uploads\/2023\/04\/Carte-Mere-et-Enfant.jpg\" \/>\n\t<meta property=\"og:image:width\" content=\"1080\" \/>\n\t<meta property=\"og:image:height\" content=\"1080\" \/>\n\t<meta property=\"og:image:type\" content=\"image\/jpeg\" \/>\n<meta name=\"twitter:card\" content=\"summary_large_image\" \/>\n<!-- \/ Yoast SEO Premium plugin. -->","yoast_head_json":{"title":"Carte M\u00e8re et Enfant - Positive Prints","description":"Aucun cadeau ne sera plus \u00e9loquent que le cadeau de l'amour. Laissez la Carte M\u00e8re-Enfant \u00eatre votre fa\u00e7on d'exprimer votre affection, quelle que soit la distance qui vous s\u00e9pare.","robots":{"index":"index","follow":"follow","max-snippet":"max-snippet:-1","max-image-preview":"max-image-preview:large","max-video-preview":"max-video-preview:-1"},"canonical":"https:\/\/positiveprints.com\/fr\/produit\/carte-mere-et-enfant\/","og_locale":"fr_FR","og_type":"article","og_title":"Carte M\u00e8re et Enfant","og_description":"Cr\u00e9ez une carte qui c\u00e9l\u00e8bre votre amour, peu importe la distance qui vous s\u00e9pare Marquez deux points sp\u00e9ciaux avec les symboles choisis Personnalisez en 3 \u00e9tapes simples Incluez un texte personnalis\u00e9 significatif Vois le r\u00e9sultat imm\u00e9diatement \u2013 l\u2019aper\u00e7u interactif te permet de peaufiner chaque d\u00e9tail","og_url":"https:\/\/positiveprints.com\/fr\/produit\/carte-mere-et-enfant\/","og_site_name":"Positive Prints","article_publisher":"https:\/\/www.facebook.com\/positiveprintscom","article_modified_time":"2026-04-12T21:42:40+00:00","og_image":[{"width":1080,"height":1080,"url":"https:\/\/positiveprints.com\/wp-content\/uploads\/2023\/04\/Carte-Mere-et-Enfant.jpg","type":"image\/jpeg"}],"twitter_card":"summary_large_image","schema":{"@context":"https:\/\/schema.org","@graph":[{"@type":["WebPage","ItemPage"],"@id":"https:\/\/positiveprints.com\/fr\/produit\/carte-mere-et-enfant\/","url":"https:\/\/positiveprints.com\/fr\/produit\/carte-mere-et-enfant\/","name":"Carte M\u00e8re et Enfant - Positive Prints","isPartOf":{"@id":"https:\/\/positiveprints.com\/fr\/#website"},"primaryImageOfPage":{"@id":"https:\/\/positiveprints.com\/fr\/produit\/carte-mere-et-enfant\/#primaryimage"},"image":{"@id":"https:\/\/positiveprints.com\/fr\/produit\/carte-mere-et-enfant\/#primaryimage"},"thumbnailUrl":"https:\/\/positiveprints.com\/wp-content\/uploads\/2025\/07\/Packshot_FR_Carte-Me\u0300re-et-Enfant.webp","datePublished":"2023-02-13T09:25:20+00:00","dateModified":"2026-04-12T21:42:40+00:00","description":"Aucun cadeau ne sera plus \u00e9loquent que le cadeau de l'amour. Laissez la Carte M\u00e8re-Enfant \u00eatre votre fa\u00e7on d'exprimer votre affection, quelle que soit la distance qui vous s\u00e9pare.","breadcrumb":{"@id":"https:\/\/positiveprints.com\/fr\/produit\/carte-mere-et-enfant\/#breadcrumb"},"inLanguage":"fr-FR","potentialAction":[{"@type":"ReadAction","target":["https:\/\/positiveprints.com\/fr\/produit\/carte-mere-et-enfant\/"]}]},{"@type":"ImageObject","inLanguage":"fr-FR","@id":"https:\/\/positiveprints.com\/fr\/produit\/carte-mere-et-enfant\/#primaryimage","url":"https:\/\/positiveprints.com\/wp-content\/uploads\/2025\/07\/Packshot_FR_Carte-Me\u0300re-et-Enfant.webp","contentUrl":"https:\/\/positiveprints.com\/wp-content\/uploads\/2025\/07\/Packshot_FR_Carte-Me\u0300re-et-Enfant.webp","width":1450,"height":1450,"caption":"Packshot_FR_Carte Me\u0300re et Enfant"},{"@type":"BreadcrumbList","@id":"https:\/\/positiveprints.com\/fr\/produit\/carte-mere-et-enfant\/#breadcrumb","itemListElement":[{"@type":"ListItem","position":1,"name":"Home","item":"https:\/\/positiveprints.com\/fr\/"},{"@type":"ListItem","position":2,"name":"Produits","item":"https:\/\/positiveprints.com\/fr\/shop\/"},{"@type":"ListItem","position":3,"name":"Carte M\u00e8re et Enfant"}]},{"@type":"WebSite","@id":"https:\/\/positiveprints.com\/fr\/#website","url":"https:\/\/positiveprints.com\/fr\/","name":"Positive Prints","description":"Amazing Custom Personalized Gifts","publisher":{"@id":"https:\/\/positiveprints.com\/fr\/#organization"},"potentialAction":[{"@type":"SearchAction","target":{"@type":"EntryPoint","urlTemplate":"https:\/\/positiveprints.com\/fr\/?s={search_term_string}"},"query-input":{"@type":"PropertyValueSpecification","valueRequired":true,"valueName":"search_term_string"}}],"inLanguage":"fr-FR"},{"@type":"Organization","@id":"https:\/\/positiveprints.com\/fr\/#organization","name":"Positive Prints","alternateName":"Positive Prints","url":"https:\/\/positiveprints.com\/fr\/","logo":{"@type":"ImageObject","inLanguage":"fr-FR","@id":"https:\/\/positiveprints.com\/fr\/#\/schema\/logo\/image\/","url":"https:\/\/positiveprints.com\/wp-content\/uploads\/2026\/03\/245815646_1337939713319158_5671353136411139666_n.png","contentUrl":"https:\/\/positiveprints.com\/wp-content\/uploads\/2026\/03\/245815646_1337939713319158_5671353136411139666_n.png","width":800,"height":800,"caption":"Positive Prints"},"image":{"@id":"https:\/\/positiveprints.com\/fr\/#\/schema\/logo\/image\/"},"sameAs":["https:\/\/www.facebook.com\/positiveprintscom","https:\/\/www.instagram.com\/positiveprintscom\/","https:\/\/www.tiktok.com\/@positiveprintscom","https:\/\/www.pinterest.com\/positiveprintscom\/"]}]}},"jetpack_sharing_enabled":true,"_links":{"self":[{"href":"https:\/\/positiveprints.com\/fr\/wp-json\/wp\/v2\/product\/453002","targetHints":{"allow":["GET"]}}],"collection":[{"href":"https:\/\/positiveprints.com\/fr\/wp-json\/wp\/v2\/product"}],"about":[{"href":"https:\/\/positiveprints.com\/fr\/wp-json\/wp\/v2\/types\/product"}],"wp:featuredmedia":[{"embeddable":true,"href":"https:\/\/positiveprints.com\/fr\/wp-json\/wp\/v2\/media\/1467141"}],"wp:attachment":[{"href":"https:\/\/positiveprints.com\/fr\/wp-json\/wp\/v2\/media?parent=453002"}],"wp:term":[{"taxonomy":"product_brand","embeddable":true,"href":"https:\/\/positiveprints.com\/fr\/wp-json\/wp\/v2\/product_brand?post=453002"},{"taxonomy":"product_cat","embeddable":true,"href":"https:\/\/positiveprints.com\/fr\/wp-json\/wp\/v2\/product_cat?post=453002"},{"taxonomy":"product_tag","embeddable":true,"href":"https:\/\/positiveprints.com\/fr\/wp-json\/wp\/v2\/product_tag?post=453002"}],"curies":[{"name":"wp","href":"https:\/\/api.w.org\/{rel}","templated":true}]}}