{"id":452810,"date":"2023-03-23T21:11:15","date_gmt":"2023-03-23T20:11:15","guid":{"rendered":"https:\/\/positiveprints.com\/?post_type=product&#038;p=452810"},"modified":"2026-04-18T06:04:56","modified_gmt":"2026-04-18T05:04:56","slug":"carte-des-etoiles-triple-pour-maman","status":"publish","type":"product","link":"https:\/\/positiveprints.com\/fr\/produit\/carte-des-etoiles-triple-pour-maman\/","title":{"rendered":"Carte des \u00c9toiles Triple pour Maman"},"content":{"rendered":"<p style=\"margin-top: 1rem\">La Carte des \u00c9toiles Triple pour Maman est le cadeau personnalis\u00e9 parfait pour toute m\u00e8re de trois enfants lors d&#8217;occasions sp\u00e9ciales ! Qu&#8217;il s&#8217;agisse de la f\u00eate des m\u00e8res, de son anniversaire ou de No\u00ebl, cette impression unique fera certainement sa journ\u00e9e.<\/p>\r\n\r\n\r\n\r\n<p style=\"margin-top: 1rem\">Avec trois superbes cartes des \u00e9toiles sur une seule affiche, ce cadeau est une repr\u00e9sentation parfaite du ciel nocturne du jour o\u00f9 vous et vos fr\u00e8res et s\u0153urs \u00eates n\u00e9s. Vous pouvez m\u00eame inclure d&#8217;autres moments importants de la vie de votre m\u00e8re en la personnalisant. Les possibilit\u00e9s sont vraiment infinies !<\/p>\r\n\r\n\r\n\r\n<p style=\"margin-top: 1rem\">Avec notre \u00e9diteur en ligne facile \u00e0 utiliser, vous avez la libert\u00e9 de choisir parmi un large \u00e9ventail de designs et de couleurs, pour cr\u00e9er une Carte des \u00c9toiles Triple pour Maman unique et superbe. Vous pouvez choisir des couleurs pr\u00e9d\u00e9finies ou jouer avec les v\u00f4tres pour la rendre parfaite. Vous pouvez m\u00eame ajouter une touche sp\u00e9ciale en entrant un message personnel ou un devis.<\/p>\r\n\r\n\r\n\r\n<p style=\"margin-top: 1rem\">Une fois que vous avez con\u00e7u les cartes des \u00e9toiles parfaites, vous pouvez choisir la taille et le format qui conviennent le mieux \u00e0 vos besoins. Nous proposons des affiches imprim\u00e9es, encadr\u00e9es, sur toile ou un fichier de t\u00e9l\u00e9chargement num\u00e9rique instantan\u00e9. Donc, si vous voulez offrir l&#8217;affiche ou l&#8217;accrocher sur votre mur, vous pouvez choisir l&#8217;option parfaite avec facilit\u00e9.<\/p>","protected":false},"excerpt":{"rendered":"<ul class=\"check-list\">\n<li>Ajoutez des constellations et la Voie lact\u00e9e <\/li>\n<li>Personnalisez en 3 \u00e9tapes simples<\/li>\n<li>Incluez un texte personnalis\u00e9 significatif<\/li>\n<li>Vois le r\u00e9sultat imm\u00e9diatement \u2013 l\u2019aper\u00e7u interactif te permet de peaufiner chaque d\u00e9tail<\/li>\n<\/ul>\n","protected":false},"featured_media":1244471,"template":"","meta":[],"product_brand":[],"product_cat":[9096,104,7277,5264,11399,7701],"product_tag":[11794,8404,15899,15894],"class_list":{"0":"post-452810","1":"product","2":"type-product","3":"status-publish","4":"has-post-thumbnail","6":"product_cat-trio-stars-fr","7":"product_cat-tous-les-produits","8":"product_cat-cadeaux-de-fete-des-meres","9":"product_cat-cadeaux-de-noel","10":"product_cat-cadeaux-de-noel-pour-maman","11":"product_cat-cadeaux-pour-maman","12":"product_tag-cadeaux-de-noel-pour-maman","13":"product_tag-mother-fr","14":"product_tag-mother-it-fr","15":"product_tag-regali-di-natale-per-mamma-fr","17":"first","18":"instock","19":"sale","20":"taxable","21":"shipping-taxable","22":"purchasable","23":"product-type-variable"},"yoast_head":"<!-- This site is optimized with the Yoast SEO Premium plugin v27.2 (Yoast SEO v27.2) - https:\/\/yoast.com\/product\/yoast-seo-premium-wordpress\/ -->\n<title>Carte des \u00c9toiles Triple pour Maman - Positive Prints<\/title>\n<meta name=\"description\" content=\"Cr\u00e9ez une Carte des \u00c9toiles Triple pour Maman unique pour votre m\u00e8re et rendez sa journ\u00e9e encore plus sp\u00e9ciale avec ce cadeau unique et attentionn\u00e9 !\" \/>\n<meta name=\"robots\" content=\"index, follow, max-snippet:-1, max-image-preview:large, max-video-preview:-1\" \/>\n<link rel=\"canonical\" href=\"https:\/\/positiveprints.com\/fr\/produit\/carte-des-etoiles-triple-pour-maman\/\" \/>\n<meta property=\"og:locale\" content=\"fr_FR\" \/>\n<meta property=\"og:type\" content=\"article\" \/>\n<meta property=\"og:title\" content=\"Carte des \u00c9toiles Triple pour Maman\" \/>\n<meta property=\"og:description\" content=\"Ajoutez des constellations et la Voie lact\u00e9e  Personnalisez en 3 \u00e9tapes simples Incluez un texte personnalis\u00e9 significatif Vois le r\u00e9sultat imm\u00e9diatement \u2013 l\u2019aper\u00e7u interactif te permet de peaufiner chaque d\u00e9tail\" \/>\n<meta property=\"og:url\" content=\"https:\/\/positiveprints.com\/fr\/produit\/carte-des-etoiles-triple-pour-maman\/\" \/>\n<meta property=\"og:site_name\" content=\"Positive Prints\" \/>\n<meta property=\"article:publisher\" content=\"https:\/\/www.facebook.com\/positiveprintscom\" \/>\n<meta property=\"article:modified_time\" content=\"2026-04-18T05:04:56+00:00\" \/>\n<meta property=\"og:image\" content=\"https:\/\/positiveprints.com\/wp-content\/uploads\/2024\/10\/Packshot_FR_Triple-Star-Map-for-Mom-product-image-.webp\" \/>\n\t<meta property=\"og:image:width\" content=\"1450\" \/>\n\t<meta property=\"og:image:height\" content=\"1450\" \/>\n\t<meta property=\"og:image:type\" content=\"image\/webp\" \/>\n<meta name=\"twitter:card\" content=\"summary_large_image\" \/>\n<meta name=\"twitter:label1\" content=\"Dur\u00e9e de lecture estim\u00e9e\" \/>\n\t<meta name=\"twitter:data1\" content=\"1 minute\" \/>\n<!-- \/ Yoast SEO Premium plugin. -->","yoast_head_json":{"title":"Carte des \u00c9toiles Triple pour Maman - Positive Prints","description":"Cr\u00e9ez une Carte des \u00c9toiles Triple pour Maman unique pour votre m\u00e8re et rendez sa journ\u00e9e encore plus sp\u00e9ciale avec ce cadeau unique et attentionn\u00e9 !","robots":{"index":"index","follow":"follow","max-snippet":"max-snippet:-1","max-image-preview":"max-image-preview:large","max-video-preview":"max-video-preview:-1"},"canonical":"https:\/\/positiveprints.com\/fr\/produit\/carte-des-etoiles-triple-pour-maman\/","og_locale":"fr_FR","og_type":"article","og_title":"Carte des \u00c9toiles Triple pour Maman","og_description":"Ajoutez des constellations et la Voie lact\u00e9e  Personnalisez en 3 \u00e9tapes simples Incluez un texte personnalis\u00e9 significatif Vois le r\u00e9sultat imm\u00e9diatement \u2013 l\u2019aper\u00e7u interactif te permet de peaufiner chaque d\u00e9tail","og_url":"https:\/\/positiveprints.com\/fr\/produit\/carte-des-etoiles-triple-pour-maman\/","og_site_name":"Positive Prints","article_publisher":"https:\/\/www.facebook.com\/positiveprintscom","article_modified_time":"2026-04-18T05:04:56+00:00","og_image":[{"width":1450,"height":1450,"url":"https:\/\/positiveprints.com\/wp-content\/uploads\/2024\/10\/Packshot_FR_Triple-Star-Map-for-Mom-product-image-.webp","type":"image\/webp"}],"twitter_card":"summary_large_image","twitter_misc":{"Dur\u00e9e de lecture estim\u00e9e":"1 minute"},"schema":{"@context":"https:\/\/schema.org","@graph":[{"@type":["WebPage","ItemPage"],"@id":"https:\/\/positiveprints.com\/fr\/produit\/carte-des-etoiles-triple-pour-maman\/","url":"https:\/\/positiveprints.com\/fr\/produit\/carte-des-etoiles-triple-pour-maman\/","name":"Carte des \u00c9toiles Triple pour Maman - Positive Prints","isPartOf":{"@id":"https:\/\/positiveprints.com\/fr\/#website"},"primaryImageOfPage":{"@id":"https:\/\/positiveprints.com\/fr\/produit\/carte-des-etoiles-triple-pour-maman\/#primaryimage"},"image":{"@id":"https:\/\/positiveprints.com\/fr\/produit\/carte-des-etoiles-triple-pour-maman\/#primaryimage"},"thumbnailUrl":"https:\/\/positiveprints.com\/wp-content\/uploads\/2024\/10\/Packshot_FR_Triple-Star-Map-for-Mom-product-image-.webp","datePublished":"2023-03-23T20:11:15+00:00","dateModified":"2026-04-18T05:04:56+00:00","description":"Cr\u00e9ez une Carte des \u00c9toiles Triple pour Maman unique pour votre m\u00e8re et rendez sa journ\u00e9e encore plus sp\u00e9ciale avec ce cadeau unique et attentionn\u00e9 !","breadcrumb":{"@id":"https:\/\/positiveprints.com\/fr\/produit\/carte-des-etoiles-triple-pour-maman\/#breadcrumb"},"inLanguage":"fr-FR","potentialAction":[{"@type":"ReadAction","target":["https:\/\/positiveprints.com\/fr\/produit\/carte-des-etoiles-triple-pour-maman\/"]}]},{"@type":"ImageObject","inLanguage":"fr-FR","@id":"https:\/\/positiveprints.com\/fr\/produit\/carte-des-etoiles-triple-pour-maman\/#primaryimage","url":"https:\/\/positiveprints.com\/wp-content\/uploads\/2024\/10\/Packshot_FR_Triple-Star-Map-for-Mom-product-image-.webp","contentUrl":"https:\/\/positiveprints.com\/wp-content\/uploads\/2024\/10\/Packshot_FR_Triple-Star-Map-for-Mom-product-image-.webp","width":1450,"height":1450},{"@type":"BreadcrumbList","@id":"https:\/\/positiveprints.com\/fr\/produit\/carte-des-etoiles-triple-pour-maman\/#breadcrumb","itemListElement":[{"@type":"ListItem","position":1,"name":"Home","item":"https:\/\/positiveprints.com\/fr\/"},{"@type":"ListItem","position":2,"name":"Produits","item":"https:\/\/positiveprints.com\/fr\/shop\/"},{"@type":"ListItem","position":3,"name":"Carte des \u00c9toiles Triple pour Maman"}]},{"@type":"WebSite","@id":"https:\/\/positiveprints.com\/fr\/#website","url":"https:\/\/positiveprints.com\/fr\/","name":"Positive Prints","description":"Amazing Custom Personalized Gifts","publisher":{"@id":"https:\/\/positiveprints.com\/fr\/#organization"},"potentialAction":[{"@type":"SearchAction","target":{"@type":"EntryPoint","urlTemplate":"https:\/\/positiveprints.com\/fr\/?s={search_term_string}"},"query-input":{"@type":"PropertyValueSpecification","valueRequired":true,"valueName":"search_term_string"}}],"inLanguage":"fr-FR"},{"@type":"Organization","@id":"https:\/\/positiveprints.com\/fr\/#organization","name":"Positive Prints","alternateName":"Positive Prints","url":"https:\/\/positiveprints.com\/fr\/","logo":{"@type":"ImageObject","inLanguage":"fr-FR","@id":"https:\/\/positiveprints.com\/fr\/#\/schema\/logo\/image\/","url":"https:\/\/positiveprints.com\/wp-content\/uploads\/2026\/03\/245815646_1337939713319158_5671353136411139666_n.png","contentUrl":"https:\/\/positiveprints.com\/wp-content\/uploads\/2026\/03\/245815646_1337939713319158_5671353136411139666_n.png","width":800,"height":800,"caption":"Positive Prints"},"image":{"@id":"https:\/\/positiveprints.com\/fr\/#\/schema\/logo\/image\/"},"sameAs":["https:\/\/www.facebook.com\/positiveprintscom","https:\/\/www.instagram.com\/positiveprintscom\/","https:\/\/www.tiktok.com\/@positiveprintscom","https:\/\/www.pinterest.com\/positiveprintscom\/"]}]}},"jetpack_sharing_enabled":true,"_links":{"self":[{"href":"https:\/\/positiveprints.com\/fr\/wp-json\/wp\/v2\/product\/452810","targetHints":{"allow":["GET"]}}],"collection":[{"href":"https:\/\/positiveprints.com\/fr\/wp-json\/wp\/v2\/product"}],"about":[{"href":"https:\/\/positiveprints.com\/fr\/wp-json\/wp\/v2\/types\/product"}],"wp:featuredmedia":[{"embeddable":true,"href":"https:\/\/positiveprints.com\/fr\/wp-json\/wp\/v2\/media\/1244471"}],"wp:attachment":[{"href":"https:\/\/positiveprints.com\/fr\/wp-json\/wp\/v2\/media?parent=452810"}],"wp:term":[{"taxonomy":"product_brand","embeddable":true,"href":"https:\/\/positiveprints.com\/fr\/wp-json\/wp\/v2\/product_brand?post=452810"},{"taxonomy":"product_cat","embeddable":true,"href":"https:\/\/positiveprints.com\/fr\/wp-json\/wp\/v2\/product_cat?post=452810"},{"taxonomy":"product_tag","embeddable":true,"href":"https:\/\/positiveprints.com\/fr\/wp-json\/wp\/v2\/product_tag?post=452810"}],"curies":[{"name":"wp","href":"https:\/\/api.w.org\/{rel}","templated":true}]}}