{"id":452323,"date":"2023-04-03T16:48:41","date_gmt":"2023-04-03T15:48:41","guid":{"rendered":"https:\/\/positiveprints.com\/?post_type=product&#038;p=452323"},"modified":"2026-04-07T15:12:22","modified_gmt":"2026-04-07T14:12:22","slug":"carte-double-des-etoiles-pour-maman-et-moi","status":"publish","type":"product","link":"https:\/\/positiveprints.com\/fr\/produit\/carte-double-des-etoiles-pour-maman-et-moi\/","title":{"rendered":"Carte Double des \u00c9toiles pour Maman et Moi"},"content":{"rendered":"<p style=\"margin-top: 1rem\">Vous cherchez un cadeau unique et personnalis\u00e9 pour votre m\u00e8re lors d&#8217;occasions sp\u00e9ciales comme la f\u00eate des m\u00e8res, son anniversaire ou No\u00ebl ? Ne cherchez pas plus loin que la Carte Double des \u00c9toiles pour Maman et Moi &#8211; un superbe imprim\u00e9 unique en son genre avec deux cartes \u00e9toil\u00e9es sur une seule affiche.<\/p>\r\n\r\n\r\n<p style=\"margin-top: 1rem\">Avec la Carte Double des \u00c9toiles pour Maman et Moi, vous pouvez cr\u00e9er une repr\u00e9sentation enti\u00e8rement personnalis\u00e9e du ciel nocturne le jour de votre naissance et de celle de votre m\u00e8re. L&#8217;une des cartes affiche la date de naissance et l&#8217;emplacement de votre m\u00e8re, tandis que la seconde affiche le v\u00f4tre.<\/p>\r\n\r\n\r\n<p style=\"margin-top: 1rem\">Cr\u00e9er votre propre impression personnalis\u00e9e est facile \u00e0 faire. Rendez-vous simplement dans notre \u00e9diteur en ligne, o\u00f9 vous pourrez choisir parmi une vari\u00e9t\u00e9 de designs et de sch\u00e9mas de couleurs. Ensuite, entrez les dates et les emplacements de chaque carte stellaire. Enfin, s\u00e9lectionnez la taille et le format qui vous conviennent le mieux, qu&#8217;il s&#8217;agisse d&#8217;une affiche imprim\u00e9e ou encadr\u00e9e, d&#8217;un canevas ou d&#8217;un fichier de t\u00e9l\u00e9chargement num\u00e9rique instantan\u00e9.<\/p>\r\n\r\n\r\n<p style=\"margin-top: 1rem\">Mais les options ne s&#8217;arr\u00eatent pas l\u00e0. Vous pouvez m\u00eame ajouter votre propre message ou devis sp\u00e9cial pour rendre la Carte Double des \u00c9toiles pour Maman et Moi encore plus unique et r\u00e9fl\u00e9chie.<\/p>\r\n\r\n\r\n<p style=\"margin-top: 1rem\">Offrez le cadeau des \u00e9toiles avec une Carte Double des \u00c9toiles pour Maman et Moi personnalis\u00e9e, un rappel \u00e9mouvant et m\u00e9morable du lien sp\u00e9cial entre la m\u00e8re et l&#8217;enfant.<\/p>","protected":false},"excerpt":{"rendered":"<ul class=\"check-list\">\n<li>Concevez votre propre carte des \u00e9toiles repr\u00e9sentant le ciel \u00e0 partir de deux lieux et dates diff\u00e9rents<\/li>\n<li>Ajoutez des constellations et la Voie lact\u00e9e <\/li>\n<li>Personnalisez en 3 \u00e9tapes simples<\/li>\n<li>Incluez un texte personnalis\u00e9 significatif<\/li>\n<li>Vois le r\u00e9sultat imm\u00e9diatement \u2013 l\u2019aper\u00e7u interactif te permet de peaufiner chaque d\u00e9tail<\/li>\n<\/ul>\n","protected":false},"featured_media":1252078,"template":"","meta":[],"product_brand":[],"product_cat":[8822,7187,5249,7765,7653,7813,104],"product_tag":[],"class_list":{"0":"post-452323","1":"product","2":"type-product","3":"status-publish","4":"has-post-thumbnail","6":"product_cat-duo-stars-fr","7":"product_cat-map-fr","8":"product_cat-cadeaux-de-naissance-bebe","9":"product_cat-cadeaux-pour-fille","10":"product_cat-cadeaux-pour-fils","11":"product_cat-cadeaux-pour-nouveaux-parents","12":"product_cat-tous-les-produits","14":"first","15":"instock","16":"sale","17":"taxable","18":"shipping-taxable","19":"purchasable","20":"product-type-variable"},"yoast_head":"<!-- This site is optimized with the Yoast SEO Premium plugin v27.2 (Yoast SEO v27.2) - https:\/\/yoast.com\/product\/yoast-seo-premium-wordpress\/ -->\n<title>Carte Double des \u00c9toiles pour Maman et Moi - Positive Prints<\/title>\n<meta name=\"description\" content=\"Offrez le cadeau des \u00e9toiles avec une Carte Double des \u00c9toiles pour Maman et Moi, un rappel touchant et m\u00e9morable du lien sp\u00e9cial entre la m\u00e8re et l&#039;enfant.\" \/>\n<meta name=\"robots\" content=\"index, follow, max-snippet:-1, max-image-preview:large, max-video-preview:-1\" \/>\n<link rel=\"canonical\" href=\"https:\/\/positiveprints.com\/fr\/produit\/carte-double-des-etoiles-pour-maman-et-moi\/\" \/>\n<meta property=\"og:locale\" content=\"fr_FR\" \/>\n<meta property=\"og:type\" content=\"article\" \/>\n<meta property=\"og:title\" content=\"Carte Double des \u00c9toiles pour Maman et Moi\" \/>\n<meta property=\"og:description\" content=\"Concevez votre propre carte des \u00e9toiles repr\u00e9sentant le ciel \u00e0 partir de deux lieux et dates diff\u00e9rents Ajoutez des constellations et la Voie lact\u00e9e  Personnalisez en 3 \u00e9tapes simples Incluez un texte personnalis\u00e9 significatif Vois le r\u00e9sultat imm\u00e9diatement \u2013 l\u2019aper\u00e7u interactif te permet de peaufiner chaque d\u00e9tail\" \/>\n<meta property=\"og:url\" content=\"https:\/\/positiveprints.com\/fr\/produit\/carte-double-des-etoiles-pour-maman-et-moi\/\" \/>\n<meta property=\"og:site_name\" content=\"Positive Prints\" \/>\n<meta property=\"article:publisher\" content=\"https:\/\/www.facebook.com\/positiveprintscom\" \/>\n<meta property=\"article:modified_time\" content=\"2026-04-07T14:12:22+00:00\" \/>\n<meta property=\"og:image\" content=\"https:\/\/positiveprints.com\/wp-content\/uploads\/2024\/11\/PACKSHOT_FR_Mom-Me-Double-Star-Map-product-image-.webp\" \/>\n\t<meta property=\"og:image:width\" content=\"1450\" \/>\n\t<meta property=\"og:image:height\" content=\"1450\" \/>\n\t<meta property=\"og:image:type\" content=\"image\/webp\" \/>\n<meta name=\"twitter:card\" content=\"summary_large_image\" \/>\n<meta name=\"twitter:label1\" content=\"Dur\u00e9e de lecture estim\u00e9e\" \/>\n\t<meta name=\"twitter:data1\" content=\"2 minutes\" \/>\n<!-- \/ Yoast SEO Premium plugin. -->","yoast_head_json":{"title":"Carte Double des \u00c9toiles pour Maman et Moi - Positive Prints","description":"Offrez le cadeau des \u00e9toiles avec une Carte Double des \u00c9toiles pour Maman et Moi, un rappel touchant et m\u00e9morable du lien sp\u00e9cial entre la m\u00e8re et l'enfant.","robots":{"index":"index","follow":"follow","max-snippet":"max-snippet:-1","max-image-preview":"max-image-preview:large","max-video-preview":"max-video-preview:-1"},"canonical":"https:\/\/positiveprints.com\/fr\/produit\/carte-double-des-etoiles-pour-maman-et-moi\/","og_locale":"fr_FR","og_type":"article","og_title":"Carte Double des \u00c9toiles pour Maman et Moi","og_description":"Concevez votre propre carte des \u00e9toiles repr\u00e9sentant le ciel \u00e0 partir de deux lieux et dates diff\u00e9rents Ajoutez des constellations et la Voie lact\u00e9e  Personnalisez en 3 \u00e9tapes simples Incluez un texte personnalis\u00e9 significatif Vois le r\u00e9sultat imm\u00e9diatement \u2013 l\u2019aper\u00e7u interactif te permet de peaufiner chaque d\u00e9tail","og_url":"https:\/\/positiveprints.com\/fr\/produit\/carte-double-des-etoiles-pour-maman-et-moi\/","og_site_name":"Positive Prints","article_publisher":"https:\/\/www.facebook.com\/positiveprintscom","article_modified_time":"2026-04-07T14:12:22+00:00","og_image":[{"width":1450,"height":1450,"url":"https:\/\/positiveprints.com\/wp-content\/uploads\/2024\/11\/PACKSHOT_FR_Mom-Me-Double-Star-Map-product-image-.webp","type":"image\/webp"}],"twitter_card":"summary_large_image","twitter_misc":{"Dur\u00e9e de lecture estim\u00e9e":"2 minutes"},"schema":{"@context":"https:\/\/schema.org","@graph":[{"@type":["WebPage","ItemPage"],"@id":"https:\/\/positiveprints.com\/fr\/produit\/carte-double-des-etoiles-pour-maman-et-moi\/","url":"https:\/\/positiveprints.com\/fr\/produit\/carte-double-des-etoiles-pour-maman-et-moi\/","name":"Carte Double des \u00c9toiles pour Maman et Moi - Positive Prints","isPartOf":{"@id":"https:\/\/positiveprints.com\/fr\/#website"},"primaryImageOfPage":{"@id":"https:\/\/positiveprints.com\/fr\/produit\/carte-double-des-etoiles-pour-maman-et-moi\/#primaryimage"},"image":{"@id":"https:\/\/positiveprints.com\/fr\/produit\/carte-double-des-etoiles-pour-maman-et-moi\/#primaryimage"},"thumbnailUrl":"https:\/\/positiveprints.com\/wp-content\/uploads\/2024\/11\/PACKSHOT_FR_Mom-Me-Double-Star-Map-product-image-.webp","datePublished":"2023-04-03T15:48:41+00:00","dateModified":"2026-04-07T14:12:22+00:00","description":"Offrez le cadeau des \u00e9toiles avec une Carte Double des \u00c9toiles pour Maman et Moi, un rappel touchant et m\u00e9morable du lien sp\u00e9cial entre la m\u00e8re et l'enfant.","breadcrumb":{"@id":"https:\/\/positiveprints.com\/fr\/produit\/carte-double-des-etoiles-pour-maman-et-moi\/#breadcrumb"},"inLanguage":"fr-FR","potentialAction":[{"@type":"ReadAction","target":["https:\/\/positiveprints.com\/fr\/produit\/carte-double-des-etoiles-pour-maman-et-moi\/"]}]},{"@type":"ImageObject","inLanguage":"fr-FR","@id":"https:\/\/positiveprints.com\/fr\/produit\/carte-double-des-etoiles-pour-maman-et-moi\/#primaryimage","url":"https:\/\/positiveprints.com\/wp-content\/uploads\/2024\/11\/PACKSHOT_FR_Mom-Me-Double-Star-Map-product-image-.webp","contentUrl":"https:\/\/positiveprints.com\/wp-content\/uploads\/2024\/11\/PACKSHOT_FR_Mom-Me-Double-Star-Map-product-image-.webp","width":1450,"height":1450},{"@type":"BreadcrumbList","@id":"https:\/\/positiveprints.com\/fr\/produit\/carte-double-des-etoiles-pour-maman-et-moi\/#breadcrumb","itemListElement":[{"@type":"ListItem","position":1,"name":"Home","item":"https:\/\/positiveprints.com\/fr\/"},{"@type":"ListItem","position":2,"name":"Produits","item":"https:\/\/positiveprints.com\/fr\/shop\/"},{"@type":"ListItem","position":3,"name":"Carte Double des \u00c9toiles pour Maman et Moi"}]},{"@type":"WebSite","@id":"https:\/\/positiveprints.com\/fr\/#website","url":"https:\/\/positiveprints.com\/fr\/","name":"Positive Prints","description":"Amazing Custom Personalized Gifts","publisher":{"@id":"https:\/\/positiveprints.com\/fr\/#organization"},"potentialAction":[{"@type":"SearchAction","target":{"@type":"EntryPoint","urlTemplate":"https:\/\/positiveprints.com\/fr\/?s={search_term_string}"},"query-input":{"@type":"PropertyValueSpecification","valueRequired":true,"valueName":"search_term_string"}}],"inLanguage":"fr-FR"},{"@type":"Organization","@id":"https:\/\/positiveprints.com\/fr\/#organization","name":"Positive Prints","alternateName":"Positive Prints","url":"https:\/\/positiveprints.com\/fr\/","logo":{"@type":"ImageObject","inLanguage":"fr-FR","@id":"https:\/\/positiveprints.com\/fr\/#\/schema\/logo\/image\/","url":"https:\/\/positiveprints.com\/wp-content\/uploads\/2026\/03\/245815646_1337939713319158_5671353136411139666_n.png","contentUrl":"https:\/\/positiveprints.com\/wp-content\/uploads\/2026\/03\/245815646_1337939713319158_5671353136411139666_n.png","width":800,"height":800,"caption":"Positive Prints"},"image":{"@id":"https:\/\/positiveprints.com\/fr\/#\/schema\/logo\/image\/"},"sameAs":["https:\/\/www.facebook.com\/positiveprintscom","https:\/\/www.instagram.com\/positiveprintscom\/","https:\/\/www.tiktok.com\/@positiveprintscom","https:\/\/www.pinterest.com\/positiveprintscom\/"]}]}},"jetpack_sharing_enabled":true,"_links":{"self":[{"href":"https:\/\/positiveprints.com\/fr\/wp-json\/wp\/v2\/product\/452323","targetHints":{"allow":["GET"]}}],"collection":[{"href":"https:\/\/positiveprints.com\/fr\/wp-json\/wp\/v2\/product"}],"about":[{"href":"https:\/\/positiveprints.com\/fr\/wp-json\/wp\/v2\/types\/product"}],"wp:featuredmedia":[{"embeddable":true,"href":"https:\/\/positiveprints.com\/fr\/wp-json\/wp\/v2\/media\/1252078"}],"wp:attachment":[{"href":"https:\/\/positiveprints.com\/fr\/wp-json\/wp\/v2\/media?parent=452323"}],"wp:term":[{"taxonomy":"product_brand","embeddable":true,"href":"https:\/\/positiveprints.com\/fr\/wp-json\/wp\/v2\/product_brand?post=452323"},{"taxonomy":"product_cat","embeddable":true,"href":"https:\/\/positiveprints.com\/fr\/wp-json\/wp\/v2\/product_cat?post=452323"},{"taxonomy":"product_tag","embeddable":true,"href":"https:\/\/positiveprints.com\/fr\/wp-json\/wp\/v2\/product_tag?post=452323"}],"curies":[{"name":"wp","href":"https:\/\/api.w.org\/{rel}","templated":true}]}}