{"id":452273,"date":"2023-04-03T15:38:42","date_gmt":"2023-04-03T14:38:42","guid":{"rendered":"https:\/\/positiveprints.com\/?post_type=product&#038;p=452273"},"modified":"2026-04-07T15:12:27","modified_gmt":"2026-04-07T14:12:27","slug":"carte-double-des-etoiles-pour-maman","status":"publish","type":"product","link":"https:\/\/positiveprints.com\/fr\/produit\/carte-double-des-etoiles-pour-maman\/","title":{"rendered":"Carte Double des \u00c9toiles pour Maman"},"content":{"rendered":"<p style=\"margin-top: 1rem\">La Carte Double des \u00c9toiles pour Maman est un cadeau unique en son genre qui capture les \u00e9toiles qui s&#8217;alignent lors des deux jours les plus sp\u00e9ciaux de la vie d&#8217;une m\u00e8re, la naissance de ses enfants. Cette carte des \u00e9toiles personnalis\u00e9e repr\u00e9sente des \u00e9v\u00e9nements qui occuperont \u00e0 jamais une place sp\u00e9ciale dans le c\u0153ur d&#8217;une m\u00e8re.<\/p>\r\n\r\n\r\n<p style=\"margin-top: 1rem\">Notre processus unique en trois \u00e9tapes vous permet de cr\u00e9er facilement votre Carte Double des \u00c9toiles personnalis\u00e9e.\r\nDans la premi\u00e8re \u00e9tape, vous serez en mesure de changer les couleurs des \u00e9toiles et de l&#8217;arri\u00e8re-plan de votre impression. Vous pouvez choisir parmi nos combinaisons pr\u00e9d\u00e9finies ou cr\u00e9er votre propre jeu de couleurs unique et personnalis\u00e9. Ensuite, vous entrez la date de naissance, l&#8217;heure et l&#8217;emplacement de chaque enfant, ainsi que du texte personnalis\u00e9. Dans la derni\u00e8re \u00e9tape, choisissez entre l&#8217;affiche imprim\u00e9e ou encadr\u00e9e, le canevas et le fichier de t\u00e9l\u00e9chargement num\u00e9rique instantan\u00e9.\r\n<\/p>\r\n\r\n\r\n<p style=\"margin-top: 1rem\">L&#8217;imprim\u00e9 est livr\u00e9 avec la possibilit\u00e9 d&#8217;inclure le nom et l&#8217;heure de naissance de chaque enfant, ce qui en fait une pi\u00e8ce vraiment unique en son genre. Que ce soit pour la f\u00eate des m\u00e8res, un anniversaire, ou tout simplement parce que, la Carte Double \u00c9toile pour Maman est un cadeau inoubliable qui sera ch\u00e9ri pour les ann\u00e9es \u00e0 venir.<\/p>","protected":false},"excerpt":{"rendered":"<ul class=\"check-list\">\n<li>Faites en sorte que toute m\u00e8re se sente sp\u00e9ciale et impressionnez-la avec un superbe affichage du ciel nocturne \u00e0 la date de naissance de ses enfants<\/li>\n<li>Ajoutez des constellations et la Voie lact\u00e9e <\/li>\n<li>Personnalisez en 3 \u00e9tapes simples<\/li>\n<li>Incluez un texte personnalis\u00e9 significatif<\/li>\n<li>Vois le r\u00e9sultat imm\u00e9diatement \u2013 l\u2019aper\u00e7u interactif te permet de peaufiner chaque d\u00e9tail<\/li>\n<\/ul>\n","protected":false},"featured_media":1489890,"template":"","meta":[],"product_brand":[],"product_cat":[8822,104],"product_tag":[],"class_list":{"0":"post-452273","1":"product","2":"type-product","3":"status-publish","4":"has-post-thumbnail","6":"product_cat-duo-stars-fr","7":"product_cat-tous-les-produits","9":"first","10":"instock","11":"sale","12":"taxable","13":"shipping-taxable","14":"purchasable","15":"product-type-variable"},"yoast_head":"<!-- This site is optimized with the Yoast SEO Premium plugin v27.2 (Yoast SEO v27.2) - https:\/\/yoast.com\/product\/yoast-seo-premium-wordpress\/ -->\n<title>Carte Double des \u00c9toiles pour Maman - Positive Prints<\/title>\n<meta name=\"description\" content=\"La Carte Double des \u00c9toiles pour Maman est un cadeau qui capture les \u00e9toiles qui s&#039;alignent lors des deux jours les plus sp\u00e9ciaux de la vie d&#039;une m\u00e8re, la naissance de ses enfants.\" \/>\n<meta name=\"robots\" content=\"index, follow, max-snippet:-1, max-image-preview:large, max-video-preview:-1\" \/>\n<link rel=\"canonical\" href=\"https:\/\/positiveprints.com\/fr\/produit\/carte-double-des-etoiles-pour-maman\/\" \/>\n<meta property=\"og:locale\" content=\"fr_FR\" \/>\n<meta property=\"og:type\" content=\"article\" \/>\n<meta property=\"og:title\" content=\"Carte Double des \u00c9toiles pour Maman\" \/>\n<meta property=\"og:description\" content=\"Faites en sorte que toute m\u00e8re se sente sp\u00e9ciale et impressionnez-la avec un superbe affichage du ciel nocturne \u00e0 la date de naissance de ses enfants Ajoutez des constellations et la Voie lact\u00e9e  Personnalisez en 3 \u00e9tapes simples Incluez un texte personnalis\u00e9 significatif Vois le r\u00e9sultat imm\u00e9diatement \u2013 l\u2019aper\u00e7u interactif te permet de peaufiner chaque d\u00e9tail\" \/>\n<meta property=\"og:url\" content=\"https:\/\/positiveprints.com\/fr\/produit\/carte-double-des-etoiles-pour-maman\/\" \/>\n<meta property=\"og:site_name\" content=\"Positive Prints\" \/>\n<meta property=\"article:publisher\" content=\"https:\/\/www.facebook.com\/positiveprintscom\" \/>\n<meta property=\"article:modified_time\" content=\"2026-04-07T14:12:27+00:00\" \/>\n<meta property=\"og:image\" content=\"https:\/\/positiveprints.com\/wp-content\/uploads\/2024\/11\/Packshot_FR_Double-Star-Map-for-Mom-product-image-.webp\" \/>\n\t<meta property=\"og:image:width\" content=\"1450\" \/>\n\t<meta property=\"og:image:height\" content=\"1450\" \/>\n\t<meta property=\"og:image:type\" content=\"image\/webp\" \/>\n<meta name=\"twitter:card\" content=\"summary_large_image\" \/>\n<meta name=\"twitter:label1\" content=\"Dur\u00e9e de lecture estim\u00e9e\" \/>\n\t<meta name=\"twitter:data1\" content=\"1 minute\" \/>\n<!-- \/ Yoast SEO Premium plugin. -->","yoast_head_json":{"title":"Carte Double des \u00c9toiles pour Maman - Positive Prints","description":"La Carte Double des \u00c9toiles pour Maman est un cadeau qui capture les \u00e9toiles qui s'alignent lors des deux jours les plus sp\u00e9ciaux de la vie d'une m\u00e8re, la naissance de ses enfants.","robots":{"index":"index","follow":"follow","max-snippet":"max-snippet:-1","max-image-preview":"max-image-preview:large","max-video-preview":"max-video-preview:-1"},"canonical":"https:\/\/positiveprints.com\/fr\/produit\/carte-double-des-etoiles-pour-maman\/","og_locale":"fr_FR","og_type":"article","og_title":"Carte Double des \u00c9toiles pour Maman","og_description":"Faites en sorte que toute m\u00e8re se sente sp\u00e9ciale et impressionnez-la avec un superbe affichage du ciel nocturne \u00e0 la date de naissance de ses enfants Ajoutez des constellations et la Voie lact\u00e9e  Personnalisez en 3 \u00e9tapes simples Incluez un texte personnalis\u00e9 significatif Vois le r\u00e9sultat imm\u00e9diatement \u2013 l\u2019aper\u00e7u interactif te permet de peaufiner chaque d\u00e9tail","og_url":"https:\/\/positiveprints.com\/fr\/produit\/carte-double-des-etoiles-pour-maman\/","og_site_name":"Positive Prints","article_publisher":"https:\/\/www.facebook.com\/positiveprintscom","article_modified_time":"2026-04-07T14:12:27+00:00","og_image":[{"width":1450,"height":1450,"url":"https:\/\/positiveprints.com\/wp-content\/uploads\/2024\/11\/Packshot_FR_Double-Star-Map-for-Mom-product-image-.webp","type":"image\/webp"}],"twitter_card":"summary_large_image","twitter_misc":{"Dur\u00e9e de lecture estim\u00e9e":"1 minute"},"schema":{"@context":"https:\/\/schema.org","@graph":[{"@type":["WebPage","ItemPage"],"@id":"https:\/\/positiveprints.com\/fr\/produit\/carte-double-des-etoiles-pour-maman\/","url":"https:\/\/positiveprints.com\/fr\/produit\/carte-double-des-etoiles-pour-maman\/","name":"Carte Double des \u00c9toiles pour Maman - Positive Prints","isPartOf":{"@id":"https:\/\/positiveprints.com\/fr\/#website"},"primaryImageOfPage":{"@id":"https:\/\/positiveprints.com\/fr\/produit\/carte-double-des-etoiles-pour-maman\/#primaryimage"},"image":{"@id":"https:\/\/positiveprints.com\/fr\/produit\/carte-double-des-etoiles-pour-maman\/#primaryimage"},"thumbnailUrl":"https:\/\/positiveprints.com\/wp-content\/uploads\/2025\/08\/Packshot_FR_Carte-Double-des-E\u0301toiles-pour-Maman.webp","datePublished":"2023-04-03T14:38:42+00:00","dateModified":"2026-04-07T14:12:27+00:00","description":"La Carte Double des \u00c9toiles pour Maman est un cadeau qui capture les \u00e9toiles qui s'alignent lors des deux jours les plus sp\u00e9ciaux de la vie d'une m\u00e8re, la naissance de ses enfants.","breadcrumb":{"@id":"https:\/\/positiveprints.com\/fr\/produit\/carte-double-des-etoiles-pour-maman\/#breadcrumb"},"inLanguage":"fr-FR","potentialAction":[{"@type":"ReadAction","target":["https:\/\/positiveprints.com\/fr\/produit\/carte-double-des-etoiles-pour-maman\/"]}]},{"@type":"ImageObject","inLanguage":"fr-FR","@id":"https:\/\/positiveprints.com\/fr\/produit\/carte-double-des-etoiles-pour-maman\/#primaryimage","url":"https:\/\/positiveprints.com\/wp-content\/uploads\/2025\/08\/Packshot_FR_Carte-Double-des-E\u0301toiles-pour-Maman.webp","contentUrl":"https:\/\/positiveprints.com\/wp-content\/uploads\/2025\/08\/Packshot_FR_Carte-Double-des-E\u0301toiles-pour-Maman.webp","width":1450,"height":1450},{"@type":"BreadcrumbList","@id":"https:\/\/positiveprints.com\/fr\/produit\/carte-double-des-etoiles-pour-maman\/#breadcrumb","itemListElement":[{"@type":"ListItem","position":1,"name":"Home","item":"https:\/\/positiveprints.com\/fr\/"},{"@type":"ListItem","position":2,"name":"Produits","item":"https:\/\/positiveprints.com\/fr\/shop\/"},{"@type":"ListItem","position":3,"name":"Carte Double des \u00c9toiles pour Maman"}]},{"@type":"WebSite","@id":"https:\/\/positiveprints.com\/fr\/#website","url":"https:\/\/positiveprints.com\/fr\/","name":"Positive Prints","description":"Amazing Custom Personalized Gifts","publisher":{"@id":"https:\/\/positiveprints.com\/fr\/#organization"},"potentialAction":[{"@type":"SearchAction","target":{"@type":"EntryPoint","urlTemplate":"https:\/\/positiveprints.com\/fr\/?s={search_term_string}"},"query-input":{"@type":"PropertyValueSpecification","valueRequired":true,"valueName":"search_term_string"}}],"inLanguage":"fr-FR"},{"@type":"Organization","@id":"https:\/\/positiveprints.com\/fr\/#organization","name":"Positive Prints","alternateName":"Positive Prints","url":"https:\/\/positiveprints.com\/fr\/","logo":{"@type":"ImageObject","inLanguage":"fr-FR","@id":"https:\/\/positiveprints.com\/fr\/#\/schema\/logo\/image\/","url":"https:\/\/positiveprints.com\/wp-content\/uploads\/2026\/03\/245815646_1337939713319158_5671353136411139666_n.png","contentUrl":"https:\/\/positiveprints.com\/wp-content\/uploads\/2026\/03\/245815646_1337939713319158_5671353136411139666_n.png","width":800,"height":800,"caption":"Positive Prints"},"image":{"@id":"https:\/\/positiveprints.com\/fr\/#\/schema\/logo\/image\/"},"sameAs":["https:\/\/www.facebook.com\/positiveprintscom","https:\/\/www.instagram.com\/positiveprintscom\/","https:\/\/www.tiktok.com\/@positiveprintscom","https:\/\/www.pinterest.com\/positiveprintscom\/"]}]}},"jetpack_sharing_enabled":true,"_links":{"self":[{"href":"https:\/\/positiveprints.com\/fr\/wp-json\/wp\/v2\/product\/452273","targetHints":{"allow":["GET"]}}],"collection":[{"href":"https:\/\/positiveprints.com\/fr\/wp-json\/wp\/v2\/product"}],"about":[{"href":"https:\/\/positiveprints.com\/fr\/wp-json\/wp\/v2\/types\/product"}],"wp:featuredmedia":[{"embeddable":true,"href":"https:\/\/positiveprints.com\/fr\/wp-json\/wp\/v2\/media\/1489890"}],"wp:attachment":[{"href":"https:\/\/positiveprints.com\/fr\/wp-json\/wp\/v2\/media?parent=452273"}],"wp:term":[{"taxonomy":"product_brand","embeddable":true,"href":"https:\/\/positiveprints.com\/fr\/wp-json\/wp\/v2\/product_brand?post=452273"},{"taxonomy":"product_cat","embeddable":true,"href":"https:\/\/positiveprints.com\/fr\/wp-json\/wp\/v2\/product_cat?post=452273"},{"taxonomy":"product_tag","embeddable":true,"href":"https:\/\/positiveprints.com\/fr\/wp-json\/wp\/v2\/product_tag?post=452273"}],"curies":[{"name":"wp","href":"https:\/\/api.w.org\/{rel}","templated":true}]}}