{"id":452169,"date":"2023-03-22T11:45:44","date_gmt":"2023-03-22T10:45:44","guid":{"rendered":"https:\/\/positiveprints.com\/?post_type=product&#038;p=452169"},"modified":"2026-04-18T06:06:27","modified_gmt":"2026-04-18T05:06:27","slug":"le-jour-ou-tu-es-devenue-notre-maman","status":"publish","type":"product","link":"https:\/\/positiveprints.com\/fr\/produit\/le-jour-ou-tu-es-devenue-notre-maman\/","title":{"rendered":"Le Jour O\u00f9 Tu Es Devenue Notre Maman"},"content":{"rendered":"<p style=\"margin-top: 1rem\">Le Jour O\u00f9 Tu Es Devenue Notre Maman est le cadeau parfait pour les m\u00e8res qui ch\u00e9rissent les moments sp\u00e9ciaux de devenir parent. Cette affiche personnalis\u00e9e met en lumi\u00e8re le jour o\u00f9 une m\u00e8re accueille chacun de ses enfants dans le monde. Le ciel nocturne de cette journ\u00e9e est recr\u00e9\u00e9, capturant la beaut\u00e9 et l&#8217;\u00e9merveillement de l&#8217;univers au moment o\u00f9 chaque enfant est n\u00e9.<\/p>\r\n\r\n\r\n<p style=\"margin-top: 1rem\">Chaque impression peut \u00eatre personnalis\u00e9e avec la date, l&#8217;heure et l&#8217;emplacement des naissances, ainsi que le nom de chaque enfant. Le r\u00e9sultat est une \u0153uvre d&#8217;art \u00e9poustouflante et unique qui c\u00e9l\u00e8bre la joie et l&#8217;amour qui accompagnent la maternit\u00e9.<\/p>\r\n\r\n\r\n<p style=\"margin-top: 1rem\">Le Jour O\u00f9 Tu Es Devenue Notre Maman est un cadeau parfait pour la f\u00eate des m\u00e8res, un cadeau d&#8217;anniversaire ou une surprise de No\u00ebl. Cette impression personnalis\u00e9e est s\u00fbre d&#8217;\u00eatre ch\u00e9rie pour les ann\u00e9es \u00e0 venir, et est une merveilleuse fa\u00e7on d&#8217;exprimer votre amour et votre appr\u00e9ciation pour la m\u00e8re sp\u00e9ciale dans votre vie.<\/p>","protected":false},"excerpt":{"rendered":"<ul class=\"check-list\">\n<li> Ajoutez des plan\u00e8tes, des constellations et la Voie Lact\u00e9e<\/li>\n<li>Personnalisez votre design en 3 \u00e9tapes simples<\/li>\n<li>Incluez un texte personnalis\u00e9 significatif<\/li>\n<li>Visualisez le r\u00e9sultat imm\u00e9diatement \u2013 l\u2019aper\u00e7u interactif vous permet de peaufiner chaque d\u00e9tail<\/li>\n<\/ul>\n","protected":false},"featured_media":1668390,"template":"","meta":[],"product_brand":[],"product_cat":[9274,8822,104,7187,7277,5264,11399,7701],"product_tag":[15900,15898,15882,15899,15894,15896,15895],"class_list":{"0":"post-452169","1":"product","2":"type-product","3":"status-publish","4":"has-post-thumbnail","6":"product_cat-bestsellers-label-fr","7":"product_cat-duo-stars-fr","8":"product_cat-tous-les-produits","9":"product_cat-map-fr","10":"product_cat-cadeaux-de-fete-des-meres","11":"product_cat-cadeaux-de-noel","12":"product_cat-cadeaux-de-noel-pour-maman","13":"product_cat-cadeaux-pour-maman","14":"product_tag-la-migliore-mamma-fr","15":"product_tag-mamma-fr-2","16":"product_tag-mommy-fr","17":"product_tag-mother-it-fr","18":"product_tag-regali-di-natale-per-mamma-fr","19":"product_tag-regali-per-la-mamma-fr","20":"product_tag-regalo-mamma-fr","22":"first","23":"instock","24":"sale","25":"taxable","26":"shipping-taxable","27":"purchasable","28":"product-type-variable"},"yoast_head":"<!-- This site is optimized with the Yoast SEO Premium plugin v27.2 (Yoast SEO v27.2) - https:\/\/yoast.com\/product\/yoast-seo-premium-wordpress\/ -->\n<title>Le Jour O\u00f9 Tu Es Devenue Notre Maman - Positive Prints<\/title>\n<meta name=\"description\" content=\"Comm\u00e9morez ce jour transformateur avec une affiche A4 \u00e9l\u00e9gante qui c\u00e9l\u00e8bre le d\u00e9but de son plus beau r\u00f4le, un cadeau \u00e9motionnel parfait pour la f\u00eate des m\u00e8res qui touchera profond\u00e9ment le c\u0153ur de maman.\" \/>\n<meta name=\"robots\" content=\"index, follow, max-snippet:-1, max-image-preview:large, max-video-preview:-1\" \/>\n<link rel=\"canonical\" href=\"https:\/\/positiveprints.com\/fr\/produit\/le-jour-ou-tu-es-devenue-notre-maman\/\" \/>\n<meta property=\"og:locale\" content=\"fr_FR\" \/>\n<meta property=\"og:type\" content=\"article\" \/>\n<meta property=\"og:title\" content=\"Le Jour O\u00f9 Tu Es Devenue Notre Maman\" \/>\n<meta property=\"og:description\" content=\"Ajoutez des plan\u00e8tes, des constellations et la Voie Lact\u00e9e Personnalisez votre design en 3 \u00e9tapes simples Incluez un texte personnalis\u00e9 significatif Visualisez le r\u00e9sultat imm\u00e9diatement \u2013 l\u2019aper\u00e7u interactif vous permet de peaufiner chaque d\u00e9tail\" \/>\n<meta property=\"og:url\" content=\"https:\/\/positiveprints.com\/fr\/produit\/le-jour-ou-tu-es-devenue-notre-maman\/\" \/>\n<meta property=\"og:site_name\" content=\"Positive Prints\" \/>\n<meta property=\"article:publisher\" content=\"https:\/\/www.facebook.com\/positiveprintscom\" \/>\n<meta property=\"article:modified_time\" content=\"2026-04-18T05:06:27+00:00\" \/>\n<meta property=\"og:image\" content=\"https:\/\/positiveprints.com\/wp-content\/uploads\/2025\/02\/Le-Jour-Ou\u0300-Tu-Es-Devenue-Notre-Maman.webp\" \/>\n\t<meta property=\"og:image:width\" content=\"1450\" \/>\n\t<meta property=\"og:image:height\" content=\"1450\" \/>\n\t<meta property=\"og:image:type\" content=\"image\/webp\" \/>\n<meta name=\"twitter:card\" content=\"summary_large_image\" \/>\n<meta name=\"twitter:label1\" content=\"Dur\u00e9e de lecture estim\u00e9e\" \/>\n\t<meta name=\"twitter:data1\" content=\"1 minute\" \/>\n<!-- \/ Yoast SEO Premium plugin. -->","yoast_head_json":{"title":"Le Jour O\u00f9 Tu Es Devenue Notre Maman - Positive Prints","description":"Comm\u00e9morez ce jour transformateur avec une affiche A4 \u00e9l\u00e9gante qui c\u00e9l\u00e8bre le d\u00e9but de son plus beau r\u00f4le, un cadeau \u00e9motionnel parfait pour la f\u00eate des m\u00e8res qui touchera profond\u00e9ment le c\u0153ur de maman.","robots":{"index":"index","follow":"follow","max-snippet":"max-snippet:-1","max-image-preview":"max-image-preview:large","max-video-preview":"max-video-preview:-1"},"canonical":"https:\/\/positiveprints.com\/fr\/produit\/le-jour-ou-tu-es-devenue-notre-maman\/","og_locale":"fr_FR","og_type":"article","og_title":"Le Jour O\u00f9 Tu Es Devenue Notre Maman","og_description":"Ajoutez des plan\u00e8tes, des constellations et la Voie Lact\u00e9e Personnalisez votre design en 3 \u00e9tapes simples Incluez un texte personnalis\u00e9 significatif Visualisez le r\u00e9sultat imm\u00e9diatement \u2013 l\u2019aper\u00e7u interactif vous permet de peaufiner chaque d\u00e9tail","og_url":"https:\/\/positiveprints.com\/fr\/produit\/le-jour-ou-tu-es-devenue-notre-maman\/","og_site_name":"Positive Prints","article_publisher":"https:\/\/www.facebook.com\/positiveprintscom","article_modified_time":"2026-04-18T05:06:27+00:00","og_image":[{"width":1450,"height":1450,"url":"https:\/\/positiveprints.com\/wp-content\/uploads\/2025\/02\/Le-Jour-Ou\u0300-Tu-Es-Devenue-Notre-Maman.webp","type":"image\/webp"}],"twitter_card":"summary_large_image","twitter_misc":{"Dur\u00e9e de lecture estim\u00e9e":"1 minute"},"schema":{"@context":"https:\/\/schema.org","@graph":[{"@type":["WebPage","ItemPage"],"@id":"https:\/\/positiveprints.com\/fr\/produit\/le-jour-ou-tu-es-devenue-notre-maman\/","url":"https:\/\/positiveprints.com\/fr\/produit\/le-jour-ou-tu-es-devenue-notre-maman\/","name":"Le Jour O\u00f9 Tu Es Devenue Notre Maman - Positive Prints","isPartOf":{"@id":"https:\/\/positiveprints.com\/fr\/#website"},"primaryImageOfPage":{"@id":"https:\/\/positiveprints.com\/fr\/produit\/le-jour-ou-tu-es-devenue-notre-maman\/#primaryimage"},"image":{"@id":"https:\/\/positiveprints.com\/fr\/produit\/le-jour-ou-tu-es-devenue-notre-maman\/#primaryimage"},"thumbnailUrl":"https:\/\/positiveprints.com\/wp-content\/uploads\/2026\/03\/la-meilleure-maman-du-monde_FR-packshot-.webp","datePublished":"2023-03-22T10:45:44+00:00","dateModified":"2026-04-18T05:06:27+00:00","description":"Comm\u00e9morez ce jour transformateur avec une affiche A4 \u00e9l\u00e9gante qui c\u00e9l\u00e8bre le d\u00e9but de son plus beau r\u00f4le, un cadeau \u00e9motionnel parfait pour la f\u00eate des m\u00e8res qui touchera profond\u00e9ment le c\u0153ur de maman.","breadcrumb":{"@id":"https:\/\/positiveprints.com\/fr\/produit\/le-jour-ou-tu-es-devenue-notre-maman\/#breadcrumb"},"inLanguage":"fr-FR","potentialAction":[{"@type":"ReadAction","target":["https:\/\/positiveprints.com\/fr\/produit\/le-jour-ou-tu-es-devenue-notre-maman\/"]}]},{"@type":"ImageObject","inLanguage":"fr-FR","@id":"https:\/\/positiveprints.com\/fr\/produit\/le-jour-ou-tu-es-devenue-notre-maman\/#primaryimage","url":"https:\/\/positiveprints.com\/wp-content\/uploads\/2026\/03\/la-meilleure-maman-du-monde_FR-packshot-.webp","contentUrl":"https:\/\/positiveprints.com\/wp-content\/uploads\/2026\/03\/la-meilleure-maman-du-monde_FR-packshot-.webp","width":1450,"height":1450},{"@type":"BreadcrumbList","@id":"https:\/\/positiveprints.com\/fr\/produit\/le-jour-ou-tu-es-devenue-notre-maman\/#breadcrumb","itemListElement":[{"@type":"ListItem","position":1,"name":"Home","item":"https:\/\/positiveprints.com\/fr\/"},{"@type":"ListItem","position":2,"name":"Produits","item":"https:\/\/positiveprints.com\/fr\/shop\/"},{"@type":"ListItem","position":3,"name":"Le Jour O\u00f9 Tu Es Devenue Notre Maman"}]},{"@type":"WebSite","@id":"https:\/\/positiveprints.com\/fr\/#website","url":"https:\/\/positiveprints.com\/fr\/","name":"Positive Prints","description":"Amazing Custom Personalized Gifts","publisher":{"@id":"https:\/\/positiveprints.com\/fr\/#organization"},"potentialAction":[{"@type":"SearchAction","target":{"@type":"EntryPoint","urlTemplate":"https:\/\/positiveprints.com\/fr\/?s={search_term_string}"},"query-input":{"@type":"PropertyValueSpecification","valueRequired":true,"valueName":"search_term_string"}}],"inLanguage":"fr-FR"},{"@type":"Organization","@id":"https:\/\/positiveprints.com\/fr\/#organization","name":"Positive Prints","alternateName":"Positive Prints","url":"https:\/\/positiveprints.com\/fr\/","logo":{"@type":"ImageObject","inLanguage":"fr-FR","@id":"https:\/\/positiveprints.com\/fr\/#\/schema\/logo\/image\/","url":"https:\/\/positiveprints.com\/wp-content\/uploads\/2026\/03\/245815646_1337939713319158_5671353136411139666_n.png","contentUrl":"https:\/\/positiveprints.com\/wp-content\/uploads\/2026\/03\/245815646_1337939713319158_5671353136411139666_n.png","width":800,"height":800,"caption":"Positive Prints"},"image":{"@id":"https:\/\/positiveprints.com\/fr\/#\/schema\/logo\/image\/"},"sameAs":["https:\/\/www.facebook.com\/positiveprintscom","https:\/\/www.instagram.com\/positiveprintscom\/","https:\/\/www.tiktok.com\/@positiveprintscom","https:\/\/www.pinterest.com\/positiveprintscom\/"]}]}},"jetpack_sharing_enabled":true,"_links":{"self":[{"href":"https:\/\/positiveprints.com\/fr\/wp-json\/wp\/v2\/product\/452169","targetHints":{"allow":["GET"]}}],"collection":[{"href":"https:\/\/positiveprints.com\/fr\/wp-json\/wp\/v2\/product"}],"about":[{"href":"https:\/\/positiveprints.com\/fr\/wp-json\/wp\/v2\/types\/product"}],"wp:featuredmedia":[{"embeddable":true,"href":"https:\/\/positiveprints.com\/fr\/wp-json\/wp\/v2\/media\/1668390"}],"wp:attachment":[{"href":"https:\/\/positiveprints.com\/fr\/wp-json\/wp\/v2\/media?parent=452169"}],"wp:term":[{"taxonomy":"product_brand","embeddable":true,"href":"https:\/\/positiveprints.com\/fr\/wp-json\/wp\/v2\/product_brand?post=452169"},{"taxonomy":"product_cat","embeddable":true,"href":"https:\/\/positiveprints.com\/fr\/wp-json\/wp\/v2\/product_cat?post=452169"},{"taxonomy":"product_tag","embeddable":true,"href":"https:\/\/positiveprints.com\/fr\/wp-json\/wp\/v2\/product_tag?post=452169"}],"curies":[{"name":"wp","href":"https:\/\/api.w.org\/{rel}","templated":true}]}}