{"id":451199,"date":"2023-02-10T19:32:31","date_gmt":"2023-02-10T18:32:31","guid":{"rendered":"https:\/\/positiveprints.com\/?post_type=product&#038;p=451199"},"modified":"2026-04-18T06:14:44","modified_gmt":"2026-04-18T05:14:44","slug":"la-carte-pour-maman-de-lamour-ne-connait-pas-de-distance-pour-maman","status":"publish","type":"product","link":"https:\/\/positiveprints.com\/fr\/produit\/la-carte-pour-maman-de-lamour-ne-connait-pas-de-distance-pour-maman\/","title":{"rendered":"La Carte pour Maman de l&#8217;Amour Ne Conna\u00eet Pas de Distance pour maman"},"content":{"rendered":"<p style=\"margin-top: 1rem\">C\u00e9l\u00e9brer des journ\u00e9es sp\u00e9ciales avec maman, comme les anniversaires ou la f\u00eate des m\u00e8res, peut \u00eatre un d\u00e9fi lorsque vous vivez s\u00e9par\u00e9ment. Mais lui envoyer un souvenir significatif de votre amour et de votre appr\u00e9ciation est un moyen de combler la distance. Une Carte pour Maman de l&#8217;Amour Ne Conna\u00eet Pas de Distance imprim\u00e9e ou sur toile, est le cadeau id\u00e9al pour toute occasion &#8211; elle lui fait savoir que, quelle que soit la distance qui vous s\u00e9pare, votre lien ne s&#8217;estompera jamais. C&#8217;est un rappel qu&#8217;elle ch\u00e9rira pour toujours !<\/p>\r\n\r\n\r\n\r\n<h2 class=\"grenB f24 cblue\" style=\"margin-top: 3rem\">Carte Personnalis\u00e9e pour Maman de l&#8217;Amour Ne Conna\u00eet Pas de Distance<\/h2>\r\n\r\n\r\n<p style=\"margin-top: 1rem\">Notre carte &#8220;L&#8217;amour Ne Conna\u00eet Pas de Distance&#8221; pour maman capture le lien sp\u00e9cial entre vous et votre m\u00e8re. Pour cr\u00e9er le cadeau id\u00e9al pour maman, il vous suffit d&#8217;entrer deux adresses que nous utiliserons pour marquer vos lieux sur une magnifique carte. Vous pouvez \u00e9galement personnaliser la carte en choisissant la couleur, le style et la taille. Nous ferons en sorte que Maman soit fi\u00e8re de l&#8217;exposer chez elle.<\/p>\r\n\r\n\r\n\r\n<h2 class=\"grenB f24 cblue\" style=\"margin-top: 3rem\">Un Cadeau Qui C\u00e9l\u00e8bre Votre Lien<\/h2>\r\n\r\n\r\n<p style=\"margin-top: 1rem\">Votre maman sera ravie de recevoir une carte personnalis\u00e9e Love Knows No Distance pour maman, et elle se rappellera de votre amour et de votre lien chaque fois qu&#8217;elle la regardera. Ce cadeau soigneusement con\u00e7u c\u00e9l\u00e8bre le lien que vous partagez, m\u00eame lorsque la vie vous s\u00e9pare. C&#8217;est un moyen efficace de montrer \u00e0 votre Mama, ce qu&#8217;elle repr\u00e9sente pour vous et de lui faire savoir que, quelle que soit la distance, votre amour est sans fin.<\/p>\r\n\r\n\r\n\r\n<h2 class=\"grenB f24 cblue\" style=\"margin-top: 3rem\">Commandez d\u00e8s maintenant votre carte &#8220;L&#8217;Amour Ne Conna\u00eet Pas de Distance&#8221; pour maman<\/h2>\r\n\r\n\r\n<p style=\"margin-top: 1rem\">Chez Positive Prints, nous sommes sp\u00e9cialis\u00e9s dans la cr\u00e9ation de cadeaux personnalis\u00e9s qui feront sourire votre Maman. Nous savons \u00e0 quel point le lien entre vous deux est sp\u00e9cial, et nous sommes l\u00e0 pour aider \u00e0 combler toute distance avec nos pi\u00e8ces artistiques et significatives. Commandez d\u00e8s aujourd&#8217;hui une carte personnalis\u00e9e &#8220;L&#8217;Amour Ne Conna\u00eet Pas de Distance&#8221; et montrez-lui que, quelle que soit la distance qui vous s\u00e9pare, votre amour ne conna\u00eet pas de limites.<\/p>","protected":false},"excerpt":{"rendered":"<ul class=\"check-list\">\n<li>Montrez \u00e0 votre maman \u00e0 quel point elle compte pour vous : mettez en \u00e9vidence les endroits sp\u00e9ciaux qui vous relient tous\/toutes les deux, m\u00eame lorsque vous \u00eates \u00e0 des kilom\u00e8tres l&#8217;un(e) de l&#8217;autre<\/li>\n<li>Marquez deux points sp\u00e9ciaux avec les symboles choisis<\/li>\n<li>Personnalisez en 3 \u00e9tapes simples<\/li>\n<li>Incluez un texte personnalis\u00e9 significatif<\/li>\n<li>Vois le r\u00e9sultat imm\u00e9diatement \u2013 l\u2019aper\u00e7u interactif te permet de peaufiner chaque d\u00e9tail<\/li>\n<\/ul>\n","protected":false},"featured_media":1464797,"template":"","meta":[],"product_brand":[],"product_cat":[9112,104,7277,5264,11399,7701],"product_tag":[11794,8404,15899,15894],"class_list":{"0":"post-451199","1":"product","2":"type-product","3":"status-publish","4":"has-post-thumbnail","6":"product_cat-double-maps-fr","7":"product_cat-tous-les-produits","8":"product_cat-cadeaux-de-fete-des-meres","9":"product_cat-cadeaux-de-noel","10":"product_cat-cadeaux-de-noel-pour-maman","11":"product_cat-cadeaux-pour-maman","12":"product_tag-cadeaux-de-noel-pour-maman","13":"product_tag-mother-fr","14":"product_tag-mother-it-fr","15":"product_tag-regali-di-natale-per-mamma-fr","17":"first","18":"instock","19":"sale","20":"taxable","21":"shipping-taxable","22":"purchasable","23":"product-type-variable"},"yoast_head":"<!-- This site is optimized with the Yoast SEO Premium plugin v27.2 (Yoast SEO v27.2) - https:\/\/yoast.com\/product\/yoast-seo-premium-wordpress\/ -->\n<title>l&#039;Amour Ne Conna\u00eet Pas de Distance pour maman - Positive Prints<\/title>\n<meta name=\"description\" content=\"Commandez d\u00e8s aujourd&#039;hui une version personnalis\u00e9e de la Carte pour Maman de L&#039;amour Ne Conna\u00eet Pas de Distance et montrez-lui que, quelle que soit la distance qui vous s\u00e9pare, votre amour ne conna\u00eet pas de limites.\" \/>\n<meta name=\"robots\" content=\"index, follow, max-snippet:-1, max-image-preview:large, max-video-preview:-1\" \/>\n<link rel=\"canonical\" href=\"https:\/\/positiveprints.com\/fr\/produit\/la-carte-pour-maman-de-lamour-ne-connait-pas-de-distance-pour-maman\/\" \/>\n<meta property=\"og:locale\" content=\"fr_FR\" \/>\n<meta property=\"og:type\" content=\"article\" \/>\n<meta property=\"og:title\" content=\"La Carte pour Maman de l&#039;Amour Ne Conna\u00eet Pas de Distance pour maman\" \/>\n<meta property=\"og:description\" content=\"Montrez \u00e0 votre maman \u00e0 quel point elle compte pour vous : mettez en \u00e9vidence les endroits sp\u00e9ciaux qui vous relient tous\/toutes les deux, m\u00eame lorsque vous \u00eates \u00e0 des kilom\u00e8tres l&#039;un(e) de l&#039;autre Marquez deux points sp\u00e9ciaux avec les symboles choisis Personnalisez en 3 \u00e9tapes simples Incluez un texte personnalis\u00e9 significatif Vois le r\u00e9sultat imm\u00e9diatement \u2013 l\u2019aper\u00e7u interactif te permet de peaufiner chaque d\u00e9tail\" \/>\n<meta property=\"og:url\" content=\"https:\/\/positiveprints.com\/fr\/produit\/la-carte-pour-maman-de-lamour-ne-connait-pas-de-distance-pour-maman\/\" \/>\n<meta property=\"og:site_name\" content=\"Positive Prints\" \/>\n<meta property=\"article:publisher\" content=\"https:\/\/www.facebook.com\/positiveprintscom\" \/>\n<meta property=\"article:modified_time\" content=\"2026-04-18T05:14:44+00:00\" \/>\n<meta property=\"og:image\" content=\"https:\/\/positiveprints.com\/wp-content\/uploads\/2023\/04\/La-Carte-pour-Maman.jpg\" \/>\n\t<meta property=\"og:image:width\" content=\"1080\" \/>\n\t<meta property=\"og:image:height\" content=\"1080\" \/>\n\t<meta property=\"og:image:type\" content=\"image\/jpeg\" \/>\n<meta name=\"twitter:card\" content=\"summary_large_image\" \/>\n<meta name=\"twitter:label1\" content=\"Dur\u00e9e de lecture estim\u00e9e\" \/>\n\t<meta name=\"twitter:data1\" content=\"2 minutes\" \/>\n<!-- \/ Yoast SEO Premium plugin. -->","yoast_head_json":{"title":"l'Amour Ne Conna\u00eet Pas de Distance pour maman - Positive Prints","description":"Commandez d\u00e8s aujourd'hui une version personnalis\u00e9e de la Carte pour Maman de L'amour Ne Conna\u00eet Pas de Distance et montrez-lui que, quelle que soit la distance qui vous s\u00e9pare, votre amour ne conna\u00eet pas de limites.","robots":{"index":"index","follow":"follow","max-snippet":"max-snippet:-1","max-image-preview":"max-image-preview:large","max-video-preview":"max-video-preview:-1"},"canonical":"https:\/\/positiveprints.com\/fr\/produit\/la-carte-pour-maman-de-lamour-ne-connait-pas-de-distance-pour-maman\/","og_locale":"fr_FR","og_type":"article","og_title":"La Carte pour Maman de l'Amour Ne Conna\u00eet Pas de Distance pour maman","og_description":"Montrez \u00e0 votre maman \u00e0 quel point elle compte pour vous : mettez en \u00e9vidence les endroits sp\u00e9ciaux qui vous relient tous\/toutes les deux, m\u00eame lorsque vous \u00eates \u00e0 des kilom\u00e8tres l'un(e) de l'autre Marquez deux points sp\u00e9ciaux avec les symboles choisis Personnalisez en 3 \u00e9tapes simples Incluez un texte personnalis\u00e9 significatif Vois le r\u00e9sultat imm\u00e9diatement \u2013 l\u2019aper\u00e7u interactif te permet de peaufiner chaque d\u00e9tail","og_url":"https:\/\/positiveprints.com\/fr\/produit\/la-carte-pour-maman-de-lamour-ne-connait-pas-de-distance-pour-maman\/","og_site_name":"Positive Prints","article_publisher":"https:\/\/www.facebook.com\/positiveprintscom","article_modified_time":"2026-04-18T05:14:44+00:00","og_image":[{"width":1080,"height":1080,"url":"https:\/\/positiveprints.com\/wp-content\/uploads\/2023\/04\/La-Carte-pour-Maman.jpg","type":"image\/jpeg"}],"twitter_card":"summary_large_image","twitter_misc":{"Dur\u00e9e de lecture estim\u00e9e":"2 minutes"},"schema":{"@context":"https:\/\/schema.org","@graph":[{"@type":["WebPage","ItemPage"],"@id":"https:\/\/positiveprints.com\/fr\/produit\/la-carte-pour-maman-de-lamour-ne-connait-pas-de-distance-pour-maman\/","url":"https:\/\/positiveprints.com\/fr\/produit\/la-carte-pour-maman-de-lamour-ne-connait-pas-de-distance-pour-maman\/","name":"l'Amour Ne Conna\u00eet Pas de Distance pour maman - Positive Prints","isPartOf":{"@id":"https:\/\/positiveprints.com\/fr\/#website"},"primaryImageOfPage":{"@id":"https:\/\/positiveprints.com\/fr\/produit\/la-carte-pour-maman-de-lamour-ne-connait-pas-de-distance-pour-maman\/#primaryimage"},"image":{"@id":"https:\/\/positiveprints.com\/fr\/produit\/la-carte-pour-maman-de-lamour-ne-connait-pas-de-distance-pour-maman\/#primaryimage"},"thumbnailUrl":"https:\/\/positiveprints.com\/wp-content\/uploads\/2025\/06\/Packshot_FR_La-Carte-pour-Maman-de-lAmour-Ne-Connai\u0302t-Pas-de-Distance-pour-maman.webp","datePublished":"2023-02-10T18:32:31+00:00","dateModified":"2026-04-18T05:14:44+00:00","description":"Commandez d\u00e8s aujourd'hui une version personnalis\u00e9e de la Carte pour Maman de L'amour Ne Conna\u00eet Pas de Distance et montrez-lui que, quelle que soit la distance qui vous s\u00e9pare, votre amour ne conna\u00eet pas de limites.","breadcrumb":{"@id":"https:\/\/positiveprints.com\/fr\/produit\/la-carte-pour-maman-de-lamour-ne-connait-pas-de-distance-pour-maman\/#breadcrumb"},"inLanguage":"fr-FR","potentialAction":[{"@type":"ReadAction","target":["https:\/\/positiveprints.com\/fr\/produit\/la-carte-pour-maman-de-lamour-ne-connait-pas-de-distance-pour-maman\/"]}]},{"@type":"ImageObject","inLanguage":"fr-FR","@id":"https:\/\/positiveprints.com\/fr\/produit\/la-carte-pour-maman-de-lamour-ne-connait-pas-de-distance-pour-maman\/#primaryimage","url":"https:\/\/positiveprints.com\/wp-content\/uploads\/2025\/06\/Packshot_FR_La-Carte-pour-Maman-de-lAmour-Ne-Connai\u0302t-Pas-de-Distance-pour-maman.webp","contentUrl":"https:\/\/positiveprints.com\/wp-content\/uploads\/2025\/06\/Packshot_FR_La-Carte-pour-Maman-de-lAmour-Ne-Connai\u0302t-Pas-de-Distance-pour-maman.webp","width":1450,"height":1450},{"@type":"BreadcrumbList","@id":"https:\/\/positiveprints.com\/fr\/produit\/la-carte-pour-maman-de-lamour-ne-connait-pas-de-distance-pour-maman\/#breadcrumb","itemListElement":[{"@type":"ListItem","position":1,"name":"Home","item":"https:\/\/positiveprints.com\/fr\/"},{"@type":"ListItem","position":2,"name":"Produits","item":"https:\/\/positiveprints.com\/fr\/shop\/"},{"@type":"ListItem","position":3,"name":"La Carte pour Maman de l&#8217;Amour Ne Conna\u00eet Pas de Distance pour maman"}]},{"@type":"WebSite","@id":"https:\/\/positiveprints.com\/fr\/#website","url":"https:\/\/positiveprints.com\/fr\/","name":"Positive Prints","description":"Amazing Custom Personalized Gifts","publisher":{"@id":"https:\/\/positiveprints.com\/fr\/#organization"},"potentialAction":[{"@type":"SearchAction","target":{"@type":"EntryPoint","urlTemplate":"https:\/\/positiveprints.com\/fr\/?s={search_term_string}"},"query-input":{"@type":"PropertyValueSpecification","valueRequired":true,"valueName":"search_term_string"}}],"inLanguage":"fr-FR"},{"@type":"Organization","@id":"https:\/\/positiveprints.com\/fr\/#organization","name":"Positive Prints","alternateName":"Positive Prints","url":"https:\/\/positiveprints.com\/fr\/","logo":{"@type":"ImageObject","inLanguage":"fr-FR","@id":"https:\/\/positiveprints.com\/fr\/#\/schema\/logo\/image\/","url":"https:\/\/positiveprints.com\/wp-content\/uploads\/2026\/03\/245815646_1337939713319158_5671353136411139666_n.png","contentUrl":"https:\/\/positiveprints.com\/wp-content\/uploads\/2026\/03\/245815646_1337939713319158_5671353136411139666_n.png","width":800,"height":800,"caption":"Positive Prints"},"image":{"@id":"https:\/\/positiveprints.com\/fr\/#\/schema\/logo\/image\/"},"sameAs":["https:\/\/www.facebook.com\/positiveprintscom","https:\/\/www.instagram.com\/positiveprintscom\/","https:\/\/www.tiktok.com\/@positiveprintscom","https:\/\/www.pinterest.com\/positiveprintscom\/"]}]}},"jetpack_sharing_enabled":true,"_links":{"self":[{"href":"https:\/\/positiveprints.com\/fr\/wp-json\/wp\/v2\/product\/451199","targetHints":{"allow":["GET"]}}],"collection":[{"href":"https:\/\/positiveprints.com\/fr\/wp-json\/wp\/v2\/product"}],"about":[{"href":"https:\/\/positiveprints.com\/fr\/wp-json\/wp\/v2\/types\/product"}],"wp:featuredmedia":[{"embeddable":true,"href":"https:\/\/positiveprints.com\/fr\/wp-json\/wp\/v2\/media\/1464797"}],"wp:attachment":[{"href":"https:\/\/positiveprints.com\/fr\/wp-json\/wp\/v2\/media?parent=451199"}],"wp:term":[{"taxonomy":"product_brand","embeddable":true,"href":"https:\/\/positiveprints.com\/fr\/wp-json\/wp\/v2\/product_brand?post=451199"},{"taxonomy":"product_cat","embeddable":true,"href":"https:\/\/positiveprints.com\/fr\/wp-json\/wp\/v2\/product_cat?post=451199"},{"taxonomy":"product_tag","embeddable":true,"href":"https:\/\/positiveprints.com\/fr\/wp-json\/wp\/v2\/product_tag?post=451199"}],"curies":[{"name":"wp","href":"https:\/\/api.w.org\/{rel}","templated":true}]}}