{"id":451163,"date":"2023-02-08T10:42:11","date_gmt":"2023-02-08T09:42:11","guid":{"rendered":"https:\/\/positiveprints.com\/?post_type=product&#038;p=451163"},"modified":"2026-04-18T06:16:08","modified_gmt":"2026-04-18T05:16:08","slug":"la-chanson-preferee-de-maman","status":"publish","type":"product","link":"https:\/\/positiveprints.com\/fr\/produit\/la-chanson-preferee-de-maman\/","title":{"rendered":"La Chanson Pr\u00e9f\u00e9r\u00e9e de Maman"},"content":{"rendered":"<p style=\"margin-top: 1rem\">Trouver le cadeau id\u00e9al pour maman peut souvent \u00eatre un d\u00e9fi. Qu&#8217;elle ait fait allusion \u00e0 quelque chose de sp\u00e9cial ou que vous essayiez simplement de trouver quelque chose qui la fera sourire, il y a tellement d&#8217;options parmi lesquelles choisir que vous serez certainement submerg\u00e9. Mais si vous cherchez \u00e0 offrir \u00e0 votre maman quelque chose de vraiment unique, pourquoi ne pas envisager de cr\u00e9er un objet d&#8217;art en ondes sonores avec sa chanson pr\u00e9f\u00e9r\u00e9e ?<\/p>\n\n\n\n\n\n\n\n<h2 class=\"grenB f24 cblue\" style=\"margin-top: 3rem\">Cr\u00e9ez l&#8217;Art d&#8217;Onde Sonore Personnalis\u00e9 de la Chanson Pr\u00e9f\u00e9r\u00e9e de Maman<\/h2>\n\n\n\n\n\n<p style=\"margin-top: 1rem\">Montrez \u00e0 votre maman \u00e0 quel point elle compte pour vous avec une \u0153uvre d&#8217;art murale personnalis\u00e9e r\u00e9alis\u00e9e \u00e0 partir de sa chanson pr\u00e9f\u00e9r\u00e9e. C&#8217;est un moyen facile de cr\u00e9er un cadeau significatif qu&#8217;elle n&#8217;oubliera pas de sit\u00f4t ! Il vous suffit de t\u00e9l\u00e9charger un fichier audio ou de coller un lien Spotify de la chanson pr\u00e9f\u00e9r\u00e9e de votre m\u00e8re, de s\u00e9lectionner la couleur de l&#8217;onde sonore et du fond, et d&#8217;ajouter un message sp\u00e9cial ou une citation si vous le souhaitez.  Vous pouvez \u00e9galement choisir de l&#8217;imprimer sous forme de poster, d&#8217;\u0153uvre d&#8217;art encadr\u00e9e ou de toile, selon ce qui convient le mieux \u00e0 votre maman ! Les possibilit\u00e9s de cr\u00e9ation sont infinies.<\/p>\n\n\n\n\n\n\n\n<p style=\"margin-top: 1rem\">Gr\u00e2ce \u00e0 ce geste attentionn\u00e9, votre m\u00e8re ressentira de l&#8217;amour et de la reconnaissance chaque fois qu&#8217;elle regardera cette \u0153uvre d&#8217;art fascinante. Non seulement il servira de rappel de votre lien, mais il sera \u00e9galement quelque chose qu&#8217;elle pourra afficher fi\u00e8rement dans sa maison pour les ann\u00e9es \u00e0 venir. C&#8217;est vraiment le moyen id\u00e9al de lui faire savoir \u00e0 quel point elle est aim\u00e9e et ch\u00e9rie !<\/p>\n\n\n\n\n\n\n\n\n\n\n\n<h2 class=\"grenB f24 cblue\" style=\"margin-top: 3rem\">Montrez \u00e0 Votre Maman \u00e0 Quel Point Elle Compte Pour Vous<\/h2>\n\n\n\n<p style=\"margin-top: 1rem\">Le cadeau id\u00e9al pour une maman doit refl\u00e9ter quelque chose d&#8217;unique et de sp\u00e9cial auquel votre m\u00e8re tient. Cela devrait doit lui montrer que vous tenez beaucoup \u00e0 elle et que vous avez pris le temps de r\u00e9fl\u00e9chir \u00e0 ce qui la rendrait la plus heureuse.<\/p>  \n\n\n\n\n\n\n\n<p style=\"margin-top: 1rem\">L&#8217;Art d&#8217;Onde Sonore Personnalis\u00e9 de la Chanson Pr\u00e9f\u00e9r\u00e9e de Maman est la mani\u00e8re parfaite de lui faire savoir \u00e0 quel point vous l&#8217;aimez et l&#8217;appr\u00e9ciez ! Elle sera s\u00fbre de sourire chaque fois qu&#8217;elle verra cette magnifique \u0153uvre d&#8217;art. C&#8217;est un cadeau qui durera toute une vie et qui lui rappellera toujours votre lien.<\/p>\n\n\n\n\n\n\n\n\n\n\n\n\n\n\n\n<p style=\"margin-top: 3rem\">Quel que soit le cadeau que vous choisissez d&#8217;offrir \u00e0 votre maman, la pens\u00e9e et l&#8217;effort qui se cachent derri\u00e8re seront toujours appr\u00e9ci\u00e9s. L&#8217;art personnalis\u00e9 d&#8217;onde sonore est une fa\u00e7on cr\u00e9ative de d\u00e9montrer votre amour et votre appr\u00e9ciation pour elle. C&#8217;est un beau souvenir de votre lien qu&#8217;elle pourra afficher fi\u00e8rement dans sa maison pendant des ann\u00e9es. Montrez \u00e0 votre m\u00e8re \u00e0 quel point elle compte pour vous avec ce cadeau significatif et attentionn\u00e9 qui durera toute une vie !<\/p>","protected":false},"excerpt":{"rendered":"<ul class=\"check-list\">\n<li>Il suffit de t\u00e9l\u00e9charger un fichier audio<\/li>\n<li>Ajoutez un code QR et scannez-le pour lire votre chanson pr\u00e9f\u00e9r\u00e9e<\/li>\n<li>Personnalisez en 3 \u00e9tapes simples<\/li>\n<li>Choisissez un mod\u00e8le ou faites preuve de cr\u00e9ativit\u00e9<\/li>\n<\/ul>\n","protected":false},"featured_media":1336998,"template":"","meta":[],"product_brand":[],"product_cat":[104,7277,5264,11399,15055,11400,7701,7478],"product_tag":[13465,11794,15894],"class_list":{"0":"post-451163","1":"product","2":"type-product","3":"status-publish","4":"has-post-thumbnail","6":"product_cat-tous-les-produits","7":"product_cat-cadeaux-de-fete-des-meres","8":"product_cat-cadeaux-de-noel","9":"product_cat-cadeaux-de-noel-pour-maman","10":"product_cat-cadeaux-de-noel-pour-la-famille","11":"product_cat-cadeaux-de-noel-pour-les-parents","12":"product_cat-cadeaux-pour-maman","13":"product_cat-soundwave-fr","14":"product_tag-cadeaux-de-noel-pour-la-famille","15":"product_tag-cadeaux-de-noel-pour-maman","16":"product_tag-regali-di-natale-per-mamma-fr","18":"first","19":"instock","20":"sale","21":"taxable","22":"shipping-taxable","23":"purchasable","24":"product-type-variable"},"yoast_head":"<!-- This site is optimized with the Yoast SEO Premium plugin v27.2 (Yoast SEO v27.2) - https:\/\/yoast.com\/product\/yoast-seo-premium-wordpress\/ -->\n<title>La Chanson Pr\u00e9f\u00e9r\u00e9e de Maman - Positive Prints<\/title>\n<meta name=\"description\" content=\"La Chanson Pr\u00e9f\u00e9r\u00e9e de Maman est le moyen id\u00e9al de lui faire savoir \u00e0 quel point vous l&#039;aimez et tenez \u00e0 elle ! Elle sourira \u00e0 coup s\u00fbr chaque fois qu&#039;elle verra cette \u0153uvre d&#039;art.\" \/>\n<meta name=\"robots\" content=\"index, follow, max-snippet:-1, max-image-preview:large, max-video-preview:-1\" \/>\n<link rel=\"canonical\" href=\"https:\/\/positiveprints.com\/fr\/produit\/la-chanson-preferee-de-maman\/\" \/>\n<meta property=\"og:locale\" content=\"fr_FR\" \/>\n<meta property=\"og:type\" content=\"article\" \/>\n<meta property=\"og:title\" content=\"La Chanson Pr\u00e9f\u00e9r\u00e9e de Maman\" \/>\n<meta property=\"og:description\" content=\"Il suffit de t\u00e9l\u00e9charger un fichier audio Ajoutez un code QR et scannez-le pour lire votre chanson pr\u00e9f\u00e9r\u00e9e Personnalisez en 3 \u00e9tapes simples Choisissez un mod\u00e8le ou faites preuve de cr\u00e9ativit\u00e9\" \/>\n<meta property=\"og:url\" content=\"https:\/\/positiveprints.com\/fr\/produit\/la-chanson-preferee-de-maman\/\" \/>\n<meta property=\"og:site_name\" content=\"Positive Prints\" \/>\n<meta property=\"article:publisher\" content=\"https:\/\/www.facebook.com\/positiveprintscom\" \/>\n<meta property=\"article:modified_time\" content=\"2026-04-18T05:16:08+00:00\" \/>\n<meta property=\"og:image\" content=\"https:\/\/positiveprints.com\/wp-content\/uploads\/2023\/04\/La-Chanson-Preferee-de-Maman.jpg\" \/>\n\t<meta property=\"og:image:width\" content=\"1080\" \/>\n\t<meta property=\"og:image:height\" content=\"1080\" \/>\n\t<meta property=\"og:image:type\" content=\"image\/jpeg\" \/>\n<meta name=\"twitter:card\" content=\"summary_large_image\" \/>\n<!-- \/ Yoast SEO Premium plugin. -->","yoast_head_json":{"title":"La Chanson Pr\u00e9f\u00e9r\u00e9e de Maman - Positive Prints","description":"La Chanson Pr\u00e9f\u00e9r\u00e9e de Maman est le moyen id\u00e9al de lui faire savoir \u00e0 quel point vous l'aimez et tenez \u00e0 elle ! Elle sourira \u00e0 coup s\u00fbr chaque fois qu'elle verra cette \u0153uvre d'art.","robots":{"index":"index","follow":"follow","max-snippet":"max-snippet:-1","max-image-preview":"max-image-preview:large","max-video-preview":"max-video-preview:-1"},"canonical":"https:\/\/positiveprints.com\/fr\/produit\/la-chanson-preferee-de-maman\/","og_locale":"fr_FR","og_type":"article","og_title":"La Chanson Pr\u00e9f\u00e9r\u00e9e de Maman","og_description":"Il suffit de t\u00e9l\u00e9charger un fichier audio Ajoutez un code QR et scannez-le pour lire votre chanson pr\u00e9f\u00e9r\u00e9e Personnalisez en 3 \u00e9tapes simples Choisissez un mod\u00e8le ou faites preuve de cr\u00e9ativit\u00e9","og_url":"https:\/\/positiveprints.com\/fr\/produit\/la-chanson-preferee-de-maman\/","og_site_name":"Positive Prints","article_publisher":"https:\/\/www.facebook.com\/positiveprintscom","article_modified_time":"2026-04-18T05:16:08+00:00","og_image":[{"width":1080,"height":1080,"url":"https:\/\/positiveprints.com\/wp-content\/uploads\/2023\/04\/La-Chanson-Preferee-de-Maman.jpg","type":"image\/jpeg"}],"twitter_card":"summary_large_image","schema":{"@context":"https:\/\/schema.org","@graph":[{"@type":["WebPage","ItemPage"],"@id":"https:\/\/positiveprints.com\/fr\/produit\/la-chanson-preferee-de-maman\/","url":"https:\/\/positiveprints.com\/fr\/produit\/la-chanson-preferee-de-maman\/","name":"La Chanson Pr\u00e9f\u00e9r\u00e9e de Maman - Positive Prints","isPartOf":{"@id":"https:\/\/positiveprints.com\/fr\/#website"},"primaryImageOfPage":{"@id":"https:\/\/positiveprints.com\/fr\/produit\/la-chanson-preferee-de-maman\/#primaryimage"},"image":{"@id":"https:\/\/positiveprints.com\/fr\/produit\/la-chanson-preferee-de-maman\/#primaryimage"},"thumbnailUrl":"https:\/\/positiveprints.com\/wp-content\/uploads\/2025\/01\/La-Chanson-Pre\u0301fe\u0301re\u0301e-de-Maman-1.webp","datePublished":"2023-02-08T09:42:11+00:00","dateModified":"2026-04-18T05:16:08+00:00","description":"La Chanson Pr\u00e9f\u00e9r\u00e9e de Maman est le moyen id\u00e9al de lui faire savoir \u00e0 quel point vous l'aimez et tenez \u00e0 elle ! Elle sourira \u00e0 coup s\u00fbr chaque fois qu'elle verra cette \u0153uvre d'art.","breadcrumb":{"@id":"https:\/\/positiveprints.com\/fr\/produit\/la-chanson-preferee-de-maman\/#breadcrumb"},"inLanguage":"fr-FR","potentialAction":[{"@type":"ReadAction","target":["https:\/\/positiveprints.com\/fr\/produit\/la-chanson-preferee-de-maman\/"]}]},{"@type":"ImageObject","inLanguage":"fr-FR","@id":"https:\/\/positiveprints.com\/fr\/produit\/la-chanson-preferee-de-maman\/#primaryimage","url":"https:\/\/positiveprints.com\/wp-content\/uploads\/2025\/01\/La-Chanson-Pre\u0301fe\u0301re\u0301e-de-Maman-1.webp","contentUrl":"https:\/\/positiveprints.com\/wp-content\/uploads\/2025\/01\/La-Chanson-Pre\u0301fe\u0301re\u0301e-de-Maman-1.webp","width":1450,"height":1450},{"@type":"BreadcrumbList","@id":"https:\/\/positiveprints.com\/fr\/produit\/la-chanson-preferee-de-maman\/#breadcrumb","itemListElement":[{"@type":"ListItem","position":1,"name":"Home","item":"https:\/\/positiveprints.com\/fr\/"},{"@type":"ListItem","position":2,"name":"Produits","item":"https:\/\/positiveprints.com\/fr\/shop\/"},{"@type":"ListItem","position":3,"name":"La Chanson Pr\u00e9f\u00e9r\u00e9e de Maman"}]},{"@type":"WebSite","@id":"https:\/\/positiveprints.com\/fr\/#website","url":"https:\/\/positiveprints.com\/fr\/","name":"Positive Prints","description":"Amazing Custom Personalized Gifts","publisher":{"@id":"https:\/\/positiveprints.com\/fr\/#organization"},"potentialAction":[{"@type":"SearchAction","target":{"@type":"EntryPoint","urlTemplate":"https:\/\/positiveprints.com\/fr\/?s={search_term_string}"},"query-input":{"@type":"PropertyValueSpecification","valueRequired":true,"valueName":"search_term_string"}}],"inLanguage":"fr-FR"},{"@type":"Organization","@id":"https:\/\/positiveprints.com\/fr\/#organization","name":"Positive Prints","alternateName":"Positive Prints","url":"https:\/\/positiveprints.com\/fr\/","logo":{"@type":"ImageObject","inLanguage":"fr-FR","@id":"https:\/\/positiveprints.com\/fr\/#\/schema\/logo\/image\/","url":"https:\/\/positiveprints.com\/wp-content\/uploads\/2026\/03\/245815646_1337939713319158_5671353136411139666_n.png","contentUrl":"https:\/\/positiveprints.com\/wp-content\/uploads\/2026\/03\/245815646_1337939713319158_5671353136411139666_n.png","width":800,"height":800,"caption":"Positive Prints"},"image":{"@id":"https:\/\/positiveprints.com\/fr\/#\/schema\/logo\/image\/"},"sameAs":["https:\/\/www.facebook.com\/positiveprintscom","https:\/\/www.instagram.com\/positiveprintscom\/","https:\/\/www.tiktok.com\/@positiveprintscom","https:\/\/www.pinterest.com\/positiveprintscom\/"]}]}},"jetpack_sharing_enabled":true,"_links":{"self":[{"href":"https:\/\/positiveprints.com\/fr\/wp-json\/wp\/v2\/product\/451163","targetHints":{"allow":["GET"]}}],"collection":[{"href":"https:\/\/positiveprints.com\/fr\/wp-json\/wp\/v2\/product"}],"about":[{"href":"https:\/\/positiveprints.com\/fr\/wp-json\/wp\/v2\/types\/product"}],"wp:featuredmedia":[{"embeddable":true,"href":"https:\/\/positiveprints.com\/fr\/wp-json\/wp\/v2\/media\/1336998"}],"wp:attachment":[{"href":"https:\/\/positiveprints.com\/fr\/wp-json\/wp\/v2\/media?parent=451163"}],"wp:term":[{"taxonomy":"product_brand","embeddable":true,"href":"https:\/\/positiveprints.com\/fr\/wp-json\/wp\/v2\/product_brand?post=451163"},{"taxonomy":"product_cat","embeddable":true,"href":"https:\/\/positiveprints.com\/fr\/wp-json\/wp\/v2\/product_cat?post=451163"},{"taxonomy":"product_tag","embeddable":true,"href":"https:\/\/positiveprints.com\/fr\/wp-json\/wp\/v2\/product_tag?post=451163"}],"curies":[{"name":"wp","href":"https:\/\/api.w.org\/{rel}","templated":true}]}}