{"id":450903,"date":"2023-03-31T11:53:01","date_gmt":"2023-03-31T10:53:01","guid":{"rendered":"https:\/\/positiveprints.com\/?post_type=product&#038;p=450903"},"modified":"2026-04-18T06:04:44","modified_gmt":"2026-04-18T05:04:44","slug":"mon-petit-bebe","status":"publish","type":"product","link":"https:\/\/positiveprints.com\/fr\/produit\/mon-petit-bebe\/","title":{"rendered":"Mon Petit B\u00e9b\u00e9"},"content":{"rendered":"<p style=\"margin-top: 1rem\">Une chambre d&#8217;enfant devrait \u00eatre un lieu de confort et de d\u00e9tente, o\u00f9 le petit peut se reposer mais o\u00f9 les parents peuvent \u00e9galement trouver du r\u00e9confort. Lorsque vous d\u00e9corez une chambre d&#8217;enfant, pourquoi ne pas la personnaliser avec un tableau mural Mon Petit B\u00e9b\u00e9 ? Il peut \u00eatre personnalis\u00e9 avec les informations relatives \u00e0 la naissance du b\u00e9b\u00e9, telles que le nom, la date et les mensurations.<\/p>\n\n\n\n\n\n<h2 class=\"grenB f24 cblue\" style=\"margin-top: 3rem\">Art mural personnalis\u00e9 Mon Petit B\u00e9b\u00e9<\/h2>\n\n\n\n<p style=\"margin-top: 1rem\">L&#8217;art mural Mon Petit B\u00e9b\u00e9 est le cadeau id\u00e9al pour les nouvelles mamans et les nouveaux papas. Que vous recherchiez un cadeau de bienvenue unique pour votre b\u00e9b\u00e9 ou quelque chose de sp\u00e9cial pour c\u00e9l\u00e9brer la naissance de votre b\u00e9b\u00e9, ne cherchez pas plus loin. Nos posters et nos toiles de naissance personnalis\u00e9s sont s\u00fbrs d&#8217;avoir un impact avec leur superbe police de caract\u00e8res, leurs couleurs vives et leurs \u00e9l\u00e9ments de conception bien pens\u00e9s. Non seulement vous offrirez une belle \u0153uvre d&#8217;art qui capture des informations sur votre petit \u00eatre, mais vous pourrez \u00e9galement la personnaliser pour la rendre encore plus unique. Gr\u00e2ce \u00e0 la fonction de pr\u00e9visualisation instantan\u00e9e, vous pouvez \u00eatre s\u00fbr que ce que vous commandez correspond exactement \u00e0 ce qui sera imprim\u00e9, ce qui garantit l&#8217;exactitude de l&#8217;impression avant l&#8217;exp\u00e9dition.<\/p>\n\n\n\n<p style=\"margin-top: 1rem\">Personnaliser l&#8217;art mural Mon Petit B\u00e9b\u00e9 est facile et pratique ! Il vous suffit de saisir les informations relatives \u00e0 la naissance de votre enfant, de choisir le motif, puis de s\u00e9lectionner la taille du poster ou de la toile que vous souhaitez. Vous pouvez \u00e9galement ajouter un message personnalis\u00e9, si vous le souhaitez. Une fois que vous avez saisi vos informations, le syst\u00e8me g\u00e9n\u00e8re un aper\u00e7u instantan\u00e9 en fonction de vos choix, afin que vous puissiez \u00eatre s\u00fbr que l&#8217;image est exactement comme vous le souhaitez avant l&#8217;impression et l&#8217;exp\u00e9dition. Gr\u00e2ce \u00e0 la vari\u00e9t\u00e9 des couleurs disponibles, vous \u00eates s\u00fbr de trouver quelque chose qui s&#8217;adapte parfaitement \u00e0 la chambre de votre enfant et qui c\u00e9l\u00e8bre son jour sp\u00e9cial avec style.<\/p>\n\n\n\n<h2 class=\"grenB f24 cblue\" style=\"margin-top: 3rem\">Montrez Votre Amour et Votre Attention<\/h2>\n\n\n\n<p style=\"margin-top: 1rem\">Les amis souhaitent souvent apporter r\u00e9confort et soutien aux nouvelles mamans, mais il est difficile de savoir par o\u00f9 commencer. L&#8217;une des meilleures fa\u00e7ons de leur montrer votre amour et votre attention est tout simplement de passer du temps avec elles. Qu&#8217;il s&#8217;agisse d&#8217;un appel t\u00e9l\u00e9phonique ou d&#8217;un rendez-vous autour d&#8217;un caf\u00e9, de l&#8217;\u00e9couter raconter sa grossesse et son accouchement ou de lui donner un coup de main \u00e0 la maison, votre disponibilit\u00e9 est toujours appr\u00e9ci\u00e9e.<\/p>\n\n\n\n<p style=\"margin-top: 1rem\">Un cadeau unique peut aussi \u00eatre un rappel sp\u00e9cial de combien ils sont aim\u00e9s et soutenus. Au lieu d&#8217;offrir \u00e0 la nouvelle maman une autre bo\u00eete de couches ou un autre lot de poudre pour b\u00e9b\u00e9, offrez-lui un souvenir tangible de la premi\u00e8re fois o\u00f9 elle a tenu son tout-petit dans ses bras. Imprim\u00e9e \u00e0 l&#8217;\u00e9chelle 1:1 avec une \u00e9l\u00e9gante police de caract\u00e8res en bas, cette impression sera un souvenir imp\u00e9rissable o\u00f9 qu&#8217;elle soit accroch\u00e9e &#8211; sur le mur de la chambre d&#8217;enfant ou de toute autre pi\u00e8ce de la maison !<\/p>\n\n\n\n<p style=\"margin-top: 3rem\">N&#8217;attendez plus &#8211; commandez d\u00e8s aujourd&#8217;hui un poster ou une toile personnalis\u00e9e Mon Petit B\u00e9b\u00e9 et faites en sorte que les souvenirs de la naissance de votre petit dernier durent toute une vie. Offrez aux nouveaux parents une fa\u00e7on unique de mettre en valeur leur fiert\u00e9 et leur joie tout en ajoutant une touche sp\u00e9ciale \u00e0 la chambre de leur enfant. Pr\u00e9parez-vous \u00e0 recevoir un design \u00e9poustouflant qui c\u00e9l\u00e8bre le nouveau b\u00e9b\u00e9 !<\/p>","protected":false},"excerpt":{"rendered":"<ul class=\"check-list\">\n<li>Pr\u00e9servez de pr\u00e9cieux souvenirs avec l&#8217;Affiche de Naissance &#8211; un cadeau unique que les nouveaux parents ch\u00e9riront pour toujours<\/li>\n<li>Comm\u00e9morer les d\u00e9tails de la naissance tels que le nom, la date de naissance, la taille et le poids <\/li>\n<li>Choisissez parmi 7 illustrations et adaptez-les \u00e0 l&#8217;\u00e9chelle 1:1 de la taille du b\u00e9b\u00e9 \u00e0 la naissance<\/li>\n<li>Vois le r\u00e9sultat imm\u00e9diatement \u2013 l\u2019aper\u00e7u interactif te permet de peaufiner chaque d\u00e9tail<\/li>\n<\/ul>\n","protected":false},"featured_media":458413,"template":"","meta":[],"product_brand":[],"product_cat":[104,1813],"product_tag":[8404,15899],"class_list":{"0":"post-450903","1":"product","2":"type-product","3":"status-publish","4":"has-post-thumbnail","6":"product_cat-tous-les-produits","7":"product_cat-infant-fr-2","8":"product_tag-mother-fr","9":"product_tag-mother-it-fr","11":"first","12":"instock","13":"sale","14":"taxable","15":"shipping-taxable","16":"purchasable","17":"product-type-variable"},"yoast_head":"<!-- This site is optimized with the Yoast SEO Premium plugin v27.2 (Yoast SEO v27.2) - https:\/\/yoast.com\/product\/yoast-seo-premium-wordpress\/ -->\n<title>Mon Petit B\u00e9b\u00e9 - Positive Prints<\/title>\n<meta name=\"description\" content=\"N&#039;attendez plus - commandez d\u00e8s aujourd&#039;hui une affiche ou une toile Mon Petit B\u00e9b\u00e9 et faites en sorte que les souvenirs de la naissance de votre petit dernier durent toute une vie.\" \/>\n<meta name=\"robots\" content=\"index, follow, max-snippet:-1, max-image-preview:large, max-video-preview:-1\" \/>\n<link rel=\"canonical\" href=\"https:\/\/positiveprints.com\/fr\/produit\/mon-petit-bebe\/\" \/>\n<meta property=\"og:locale\" content=\"fr_FR\" \/>\n<meta property=\"og:type\" content=\"article\" \/>\n<meta property=\"og:title\" content=\"Mon Petit B\u00e9b\u00e9\" \/>\n<meta property=\"og:description\" content=\"Pr\u00e9servez de pr\u00e9cieux souvenirs avec l&#039;Affiche de Naissance - un cadeau unique que les nouveaux parents ch\u00e9riront pour toujours Comm\u00e9morer les d\u00e9tails de la naissance tels que le nom, la date de naissance, la taille et le poids  Choisissez parmi 7 illustrations et adaptez-les \u00e0 l&#039;\u00e9chelle 1:1 de la taille du b\u00e9b\u00e9 \u00e0 la naissance Vois le r\u00e9sultat imm\u00e9diatement \u2013 l\u2019aper\u00e7u interactif te permet de peaufiner chaque d\u00e9tail\" \/>\n<meta property=\"og:url\" content=\"https:\/\/positiveprints.com\/fr\/produit\/mon-petit-bebe\/\" \/>\n<meta property=\"og:site_name\" content=\"Positive Prints\" \/>\n<meta property=\"article:publisher\" content=\"https:\/\/www.facebook.com\/positiveprintscom\" \/>\n<meta property=\"article:modified_time\" content=\"2026-04-18T05:04:44+00:00\" \/>\n<meta property=\"og:image\" content=\"https:\/\/positiveprints.com\/wp-content\/uploads\/2023\/04\/Mon-Petit-Bebe.jpg\" \/>\n\t<meta property=\"og:image:width\" content=\"1080\" \/>\n\t<meta property=\"og:image:height\" content=\"1080\" \/>\n\t<meta property=\"og:image:type\" content=\"image\/jpeg\" \/>\n<meta name=\"twitter:card\" content=\"summary_large_image\" \/>\n<meta name=\"twitter:label1\" content=\"Dur\u00e9e de lecture estim\u00e9e\" \/>\n\t<meta name=\"twitter:data1\" content=\"3 minutes\" \/>\n<!-- \/ Yoast SEO Premium plugin. -->","yoast_head_json":{"title":"Mon Petit B\u00e9b\u00e9 - Positive Prints","description":"N'attendez plus - commandez d\u00e8s aujourd'hui une affiche ou une toile Mon Petit B\u00e9b\u00e9 et faites en sorte que les souvenirs de la naissance de votre petit dernier durent toute une vie.","robots":{"index":"index","follow":"follow","max-snippet":"max-snippet:-1","max-image-preview":"max-image-preview:large","max-video-preview":"max-video-preview:-1"},"canonical":"https:\/\/positiveprints.com\/fr\/produit\/mon-petit-bebe\/","og_locale":"fr_FR","og_type":"article","og_title":"Mon Petit B\u00e9b\u00e9","og_description":"Pr\u00e9servez de pr\u00e9cieux souvenirs avec l'Affiche de Naissance - un cadeau unique que les nouveaux parents ch\u00e9riront pour toujours Comm\u00e9morer les d\u00e9tails de la naissance tels que le nom, la date de naissance, la taille et le poids  Choisissez parmi 7 illustrations et adaptez-les \u00e0 l'\u00e9chelle 1:1 de la taille du b\u00e9b\u00e9 \u00e0 la naissance Vois le r\u00e9sultat imm\u00e9diatement \u2013 l\u2019aper\u00e7u interactif te permet de peaufiner chaque d\u00e9tail","og_url":"https:\/\/positiveprints.com\/fr\/produit\/mon-petit-bebe\/","og_site_name":"Positive Prints","article_publisher":"https:\/\/www.facebook.com\/positiveprintscom","article_modified_time":"2026-04-18T05:04:44+00:00","og_image":[{"width":1080,"height":1080,"url":"https:\/\/positiveprints.com\/wp-content\/uploads\/2023\/04\/Mon-Petit-Bebe.jpg","type":"image\/jpeg"}],"twitter_card":"summary_large_image","twitter_misc":{"Dur\u00e9e de lecture estim\u00e9e":"3 minutes"},"schema":{"@context":"https:\/\/schema.org","@graph":[{"@type":["WebPage","ItemPage"],"@id":"https:\/\/positiveprints.com\/fr\/produit\/mon-petit-bebe\/","url":"https:\/\/positiveprints.com\/fr\/produit\/mon-petit-bebe\/","name":"Mon Petit B\u00e9b\u00e9 - Positive Prints","isPartOf":{"@id":"https:\/\/positiveprints.com\/fr\/#website"},"primaryImageOfPage":{"@id":"https:\/\/positiveprints.com\/fr\/produit\/mon-petit-bebe\/#primaryimage"},"image":{"@id":"https:\/\/positiveprints.com\/fr\/produit\/mon-petit-bebe\/#primaryimage"},"thumbnailUrl":"https:\/\/positiveprints.com\/wp-content\/uploads\/2023\/04\/Mon-Petit-Bebe.jpg","datePublished":"2023-03-31T10:53:01+00:00","dateModified":"2026-04-18T05:04:44+00:00","description":"N'attendez plus - commandez d\u00e8s aujourd'hui une affiche ou une toile Mon Petit B\u00e9b\u00e9 et faites en sorte que les souvenirs de la naissance de votre petit dernier durent toute une vie.","breadcrumb":{"@id":"https:\/\/positiveprints.com\/fr\/produit\/mon-petit-bebe\/#breadcrumb"},"inLanguage":"fr-FR","potentialAction":[{"@type":"ReadAction","target":["https:\/\/positiveprints.com\/fr\/produit\/mon-petit-bebe\/"]}]},{"@type":"ImageObject","inLanguage":"fr-FR","@id":"https:\/\/positiveprints.com\/fr\/produit\/mon-petit-bebe\/#primaryimage","url":"https:\/\/positiveprints.com\/wp-content\/uploads\/2023\/04\/Mon-Petit-Bebe.jpg","contentUrl":"https:\/\/positiveprints.com\/wp-content\/uploads\/2023\/04\/Mon-Petit-Bebe.jpg","width":1080,"height":1080,"caption":"Mon Petit B\u00e9b\u00e9"},{"@type":"BreadcrumbList","@id":"https:\/\/positiveprints.com\/fr\/produit\/mon-petit-bebe\/#breadcrumb","itemListElement":[{"@type":"ListItem","position":1,"name":"Home","item":"https:\/\/positiveprints.com\/fr\/"},{"@type":"ListItem","position":2,"name":"Produits","item":"https:\/\/positiveprints.com\/fr\/shop\/"},{"@type":"ListItem","position":3,"name":"Mon Petit B\u00e9b\u00e9"}]},{"@type":"WebSite","@id":"https:\/\/positiveprints.com\/fr\/#website","url":"https:\/\/positiveprints.com\/fr\/","name":"Positive Prints","description":"Amazing Custom Personalized Gifts","publisher":{"@id":"https:\/\/positiveprints.com\/fr\/#organization"},"potentialAction":[{"@type":"SearchAction","target":{"@type":"EntryPoint","urlTemplate":"https:\/\/positiveprints.com\/fr\/?s={search_term_string}"},"query-input":{"@type":"PropertyValueSpecification","valueRequired":true,"valueName":"search_term_string"}}],"inLanguage":"fr-FR"},{"@type":"Organization","@id":"https:\/\/positiveprints.com\/fr\/#organization","name":"Positive Prints","alternateName":"Positive Prints","url":"https:\/\/positiveprints.com\/fr\/","logo":{"@type":"ImageObject","inLanguage":"fr-FR","@id":"https:\/\/positiveprints.com\/fr\/#\/schema\/logo\/image\/","url":"https:\/\/positiveprints.com\/wp-content\/uploads\/2026\/03\/245815646_1337939713319158_5671353136411139666_n.png","contentUrl":"https:\/\/positiveprints.com\/wp-content\/uploads\/2026\/03\/245815646_1337939713319158_5671353136411139666_n.png","width":800,"height":800,"caption":"Positive Prints"},"image":{"@id":"https:\/\/positiveprints.com\/fr\/#\/schema\/logo\/image\/"},"sameAs":["https:\/\/www.facebook.com\/positiveprintscom","https:\/\/www.instagram.com\/positiveprintscom\/","https:\/\/www.tiktok.com\/@positiveprintscom","https:\/\/www.pinterest.com\/positiveprintscom\/"]}]}},"jetpack_sharing_enabled":true,"_links":{"self":[{"href":"https:\/\/positiveprints.com\/fr\/wp-json\/wp\/v2\/product\/450903","targetHints":{"allow":["GET"]}}],"collection":[{"href":"https:\/\/positiveprints.com\/fr\/wp-json\/wp\/v2\/product"}],"about":[{"href":"https:\/\/positiveprints.com\/fr\/wp-json\/wp\/v2\/types\/product"}],"wp:featuredmedia":[{"embeddable":true,"href":"https:\/\/positiveprints.com\/fr\/wp-json\/wp\/v2\/media\/458413"}],"wp:attachment":[{"href":"https:\/\/positiveprints.com\/fr\/wp-json\/wp\/v2\/media?parent=450903"}],"wp:term":[{"taxonomy":"product_brand","embeddable":true,"href":"https:\/\/positiveprints.com\/fr\/wp-json\/wp\/v2\/product_brand?post=450903"},{"taxonomy":"product_cat","embeddable":true,"href":"https:\/\/positiveprints.com\/fr\/wp-json\/wp\/v2\/product_cat?post=450903"},{"taxonomy":"product_tag","embeddable":true,"href":"https:\/\/positiveprints.com\/fr\/wp-json\/wp\/v2\/product_tag?post=450903"}],"curies":[{"name":"wp","href":"https:\/\/api.w.org\/{rel}","templated":true}]}}