{"id":450352,"date":"2023-03-30T16:31:23","date_gmt":"2023-03-30T15:31:23","guid":{"rendered":"https:\/\/positiveprints.com\/?post_type=product&#038;p=450352"},"modified":"2026-04-23T11:35:14","modified_gmt":"2026-04-23T10:35:14","slug":"art-mural-pour-bebe-hello-world","status":"publish","type":"product","link":"https:\/\/positiveprints.com\/fr\/produit\/art-mural-pour-bebe-hello-world\/","title":{"rendered":"Art mural pour b\u00e9b\u00e9 Hello World"},"content":{"rendered":"<p style=\"margin-top: 1rem\">La grossesse et l&#8217;accouchement peuvent \u00eatre des exp\u00e9riences bouleversantes pour les nouvelles mamans, il est donc important de leur montrer votre soutien et votre compr\u00e9hension par des gestes attentionn\u00e9s. L&#8217;une des meilleures fa\u00e7ons de le faire est d&#8217;offrir un cadeau sp\u00e9cial pour les nouvelles mamans. L&#8217;art mural pour b\u00e9b\u00e9 personnalis\u00e9 Hello World est une excellente fa\u00e7on de comm\u00e9morer l&#8217;arriv\u00e9e de votre tout-petit et constitue un cadeau parfait pour les futures ou nouvelles mamans.<\/p>\r\n\r\n\r\n<h2 class=\"grenB f24 cblue\" style=\"margin-top: 3rem\">Art mural pour b\u00e9b\u00e9 personnalis\u00e9 Hello World<\/h2>\r\n\r\n<p style=\"margin-top: 1rem\">Avec les affiches de naissance personnalis\u00e9s, vous pouvez personnaliser de nombreux d\u00e9tails pour cr\u00e9er un look parfait. Vous pouvez inclure la taille et le poids du b\u00e9b\u00e9, ainsi que sa date de naissance. Vous pouvez \u00e9galement choisir une couleur de fond qui correspond \u00e0 votre style, et choisir parmi une vari\u00e9t\u00e9 de dessins de b\u00e9b\u00e9. Que vous recherchiez quelque chose de minimaliste ou de plus color\u00e9, vous pourrez trouver quelque chose qui vous convienne \u00e0 vous et \u00e0 votre famille.<\/p>\r\n\r\n<p style=\"margin-top: 1rem\">Les dessins muraux pour b\u00e9b\u00e9 personnalis\u00e9s Hello World font d&#8217;excellents cadeaux car ils sont uniques. De plus, ils apporteront joie et bonheur \u00e0 n&#8217;importe quelle maison ou chambre d&#8217;enfant. Ils constituent un magnifique souvenir du jour qui a chang\u00e9 votre vie \u00e0 jamais et vous feront pleurer en les regardant dans les ann\u00e9es \u00e0 venir. Alors, c\u00e9l\u00e9brez l&#8217;arriv\u00e9e de votre petit bout de chou avec style gr\u00e2ce aux imprim\u00e9s personnalis\u00e9s !<\/p>\r\n\r\n<h2 class=\"grenB f24 cblue\" style=\"margin-top: 3rem\">Montrez \u00e0 une Nouvelle Maman de Votre Vie que Vous Tenez \u00e0 Elle<\/h2>\r\n\r\n<p style=\"margin-top: 1rem\">Il est important de se rappeler qu&#8217;offrir un cadeau aux nouvelles mamans repr\u00e9sente bien plus qu&#8217;un simple objet physique. Il s&#8217;agit de leur montrer votre soutien, votre amour et votre compr\u00e9hension pendant cette p\u00e9riode sp\u00e9ciale de leur vie. Les nouvelles m\u00e8res ont besoin de notre aide, de nos conseils, de nos encouragements et de notre compr\u00e9hension &#8211; et parfois d&#8217;une paire de mains suppl\u00e9mentaire !<\/p>\r\n\r\n<p style=\"margin-top: 1rem\">En lui demandant si vous pouvez l&#8217;aider d&#8217;une mani\u00e8re ou d&#8217;une autre, vous lui montrez votre soutien et lui faites comprendre qu&#8217;elle n&#8217;est pas seule pendant cette p\u00e9riode sp\u00e9ciale de sa vie. Qu&#8217;il s&#8217;agisse de proposer de garder les enfants, de pr\u00e9parer les repas ou d&#8217;aider \u00e0 la lessive, il existe de nombreuses fa\u00e7ons de montrer \u00e0 la nouvelle maman de votre entourage que vous vous souciez d&#8217;elle. Un tel geste r\u00e9fl\u00e9chi peut signifier plus que n&#8217;importe quel cadeau physique imaginable !<\/p>\r\n\r\n<p style=\"margin-top: 3rem\">En personnalisant l&#8217;Art Mural pour B\u00e9b\u00e9 Hello World, vous pouvez faire en sorte que les nouveaux parents se sentent tr\u00e8s sp\u00e9ciaux et leur rappeler \u00e0 quel point leur tout-petit est aim\u00e9. Commencez \u00e0 personnaliser d\u00e8s aujourd&#8217;hui pour montrer votre soutien et votre gentillesse \u00e0 cette personne sp\u00e9ciale dans votre vie !<\/p>","protected":false},"excerpt":{"rendered":"<ul class=\"check-list\">\n<li>Pr\u00e9servez de pr\u00e9cieux souvenirs avec l&#8217;Affiche de Naissance &#8211; un cadeau unique que les nouveaux parents ch\u00e9riront pour toujours<\/li>\n<li>Comm\u00e9morer les d\u00e9tails de la naissance tels que le nom, la date de naissance, la taille et le poids <\/li>\n<li>Choisissez parmi 7 illustrations et adaptez-les \u00e0 l&#8217;\u00e9chelle 1:1 de la taille du b\u00e9b\u00e9 \u00e0 la naissance<\/li>\n<li>Vois le r\u00e9sultat imm\u00e9diatement \u2013 l\u2019aper\u00e7u interactif te permet de peaufiner chaque d\u00e9tail<\/li>\n<\/ul>\n","protected":false},"featured_media":409824,"template":"","meta":[],"product_brand":[],"product_cat":[104,1813],"product_tag":[9470,8447,9494],"class_list":{"0":"post-450352","1":"product","2":"type-product","3":"status-publish","4":"has-post-thumbnail","6":"product_cat-tous-les-produits","7":"product_cat-infant-fr-2","8":"product_tag-affiche-bebe","9":"product_tag-new-parents-fr","10":"product_tag-nouveau-ne","12":"first","13":"instock","14":"sale","15":"taxable","16":"shipping-taxable","17":"purchasable","18":"product-type-variable"},"yoast_head":"<!-- This site is optimized with the Yoast SEO Premium plugin v27.2 (Yoast SEO v27.2) - https:\/\/yoast.com\/product\/yoast-seo-premium-wordpress\/ -->\n<title>Art mural pour b\u00e9b\u00e9 Hello World - Positive Prints<\/title>\n<meta name=\"description\" content=\"Les dessins muraux pour b\u00e9b\u00e9 Hello World Baby font d&#039;excellents cadeaux puisqu&#039;ils sont uniques. De plus, ils apporteront joie et bonheur \u00e0 toute maison ou chambre d&#039;enfant.\" \/>\n<meta name=\"robots\" content=\"index, follow, max-snippet:-1, max-image-preview:large, max-video-preview:-1\" \/>\n<link rel=\"canonical\" href=\"https:\/\/positiveprints.com\/fr\/produit\/art-mural-pour-bebe-hello-world\/\" \/>\n<meta property=\"og:locale\" content=\"fr_FR\" \/>\n<meta property=\"og:type\" content=\"article\" \/>\n<meta property=\"og:title\" content=\"Art mural pour b\u00e9b\u00e9 Hello World\" \/>\n<meta property=\"og:description\" content=\"Pr\u00e9servez de pr\u00e9cieux souvenirs avec l&#039;Affiche de Naissance - un cadeau unique que les nouveaux parents ch\u00e9riront pour toujours Comm\u00e9morer les d\u00e9tails de la naissance tels que le nom, la date de naissance, la taille et le poids  Choisissez parmi 7 illustrations et adaptez-les \u00e0 l&#039;\u00e9chelle 1:1 de la taille du b\u00e9b\u00e9 \u00e0 la naissance Vois le r\u00e9sultat imm\u00e9diatement \u2013 l\u2019aper\u00e7u interactif te permet de peaufiner chaque d\u00e9tail\" \/>\n<meta property=\"og:url\" content=\"https:\/\/positiveprints.com\/fr\/produit\/art-mural-pour-bebe-hello-world\/\" \/>\n<meta property=\"og:site_name\" content=\"Positive Prints\" \/>\n<meta property=\"article:publisher\" content=\"https:\/\/www.facebook.com\/positiveprintscom\" \/>\n<meta property=\"article:modified_time\" content=\"2026-04-23T10:35:14+00:00\" \/>\n<meta property=\"og:image\" content=\"https:\/\/positiveprints.com\/wp-content\/uploads\/2023\/02\/hello-world-baby.jpg\" \/>\n\t<meta property=\"og:image:width\" content=\"1080\" \/>\n\t<meta property=\"og:image:height\" content=\"1080\" \/>\n\t<meta property=\"og:image:type\" content=\"image\/jpeg\" \/>\n<meta name=\"twitter:card\" content=\"summary_large_image\" \/>\n<meta name=\"twitter:label1\" content=\"Dur\u00e9e de lecture estim\u00e9e\" \/>\n\t<meta name=\"twitter:data1\" content=\"2 minutes\" \/>\n<!-- \/ Yoast SEO Premium plugin. -->","yoast_head_json":{"title":"Art mural pour b\u00e9b\u00e9 Hello World - Positive Prints","description":"Les dessins muraux pour b\u00e9b\u00e9 Hello World Baby font d'excellents cadeaux puisqu'ils sont uniques. De plus, ils apporteront joie et bonheur \u00e0 toute maison ou chambre d'enfant.","robots":{"index":"index","follow":"follow","max-snippet":"max-snippet:-1","max-image-preview":"max-image-preview:large","max-video-preview":"max-video-preview:-1"},"canonical":"https:\/\/positiveprints.com\/fr\/produit\/art-mural-pour-bebe-hello-world\/","og_locale":"fr_FR","og_type":"article","og_title":"Art mural pour b\u00e9b\u00e9 Hello World","og_description":"Pr\u00e9servez de pr\u00e9cieux souvenirs avec l'Affiche de Naissance - un cadeau unique que les nouveaux parents ch\u00e9riront pour toujours Comm\u00e9morer les d\u00e9tails de la naissance tels que le nom, la date de naissance, la taille et le poids  Choisissez parmi 7 illustrations et adaptez-les \u00e0 l'\u00e9chelle 1:1 de la taille du b\u00e9b\u00e9 \u00e0 la naissance Vois le r\u00e9sultat imm\u00e9diatement \u2013 l\u2019aper\u00e7u interactif te permet de peaufiner chaque d\u00e9tail","og_url":"https:\/\/positiveprints.com\/fr\/produit\/art-mural-pour-bebe-hello-world\/","og_site_name":"Positive Prints","article_publisher":"https:\/\/www.facebook.com\/positiveprintscom","article_modified_time":"2026-04-23T10:35:14+00:00","og_image":[{"width":1080,"height":1080,"url":"https:\/\/positiveprints.com\/wp-content\/uploads\/2023\/02\/hello-world-baby.jpg","type":"image\/jpeg"}],"twitter_card":"summary_large_image","twitter_misc":{"Dur\u00e9e de lecture estim\u00e9e":"2 minutes"},"schema":{"@context":"https:\/\/schema.org","@graph":[{"@type":["WebPage","ItemPage"],"@id":"https:\/\/positiveprints.com\/fr\/produit\/art-mural-pour-bebe-hello-world\/","url":"https:\/\/positiveprints.com\/fr\/produit\/art-mural-pour-bebe-hello-world\/","name":"Art mural pour b\u00e9b\u00e9 Hello World - Positive Prints","isPartOf":{"@id":"https:\/\/positiveprints.com\/fr\/#website"},"primaryImageOfPage":{"@id":"https:\/\/positiveprints.com\/fr\/produit\/art-mural-pour-bebe-hello-world\/#primaryimage"},"image":{"@id":"https:\/\/positiveprints.com\/fr\/produit\/art-mural-pour-bebe-hello-world\/#primaryimage"},"thumbnailUrl":"https:\/\/positiveprints.com\/wp-content\/uploads\/2023\/02\/hello-world-baby.jpg","datePublished":"2023-03-30T15:31:23+00:00","dateModified":"2026-04-23T10:35:14+00:00","description":"Les dessins muraux pour b\u00e9b\u00e9 Hello World Baby font d'excellents cadeaux puisqu'ils sont uniques. De plus, ils apporteront joie et bonheur \u00e0 toute maison ou chambre d'enfant.","breadcrumb":{"@id":"https:\/\/positiveprints.com\/fr\/produit\/art-mural-pour-bebe-hello-world\/#breadcrumb"},"inLanguage":"fr-FR","potentialAction":[{"@type":"ReadAction","target":["https:\/\/positiveprints.com\/fr\/produit\/art-mural-pour-bebe-hello-world\/"]}]},{"@type":"ImageObject","inLanguage":"fr-FR","@id":"https:\/\/positiveprints.com\/fr\/produit\/art-mural-pour-bebe-hello-world\/#primaryimage","url":"https:\/\/positiveprints.com\/wp-content\/uploads\/2023\/02\/hello-world-baby.jpg","contentUrl":"https:\/\/positiveprints.com\/wp-content\/uploads\/2023\/02\/hello-world-baby.jpg","width":1080,"height":1080,"caption":"hello world baby"},{"@type":"BreadcrumbList","@id":"https:\/\/positiveprints.com\/fr\/produit\/art-mural-pour-bebe-hello-world\/#breadcrumb","itemListElement":[{"@type":"ListItem","position":1,"name":"Home","item":"https:\/\/positiveprints.com\/fr\/"},{"@type":"ListItem","position":2,"name":"Produits","item":"https:\/\/positiveprints.com\/fr\/shop\/"},{"@type":"ListItem","position":3,"name":"Art mural pour b\u00e9b\u00e9 Hello World"}]},{"@type":"WebSite","@id":"https:\/\/positiveprints.com\/fr\/#website","url":"https:\/\/positiveprints.com\/fr\/","name":"Positive Prints","description":"Amazing Custom Personalized Gifts","publisher":{"@id":"https:\/\/positiveprints.com\/fr\/#organization"},"potentialAction":[{"@type":"SearchAction","target":{"@type":"EntryPoint","urlTemplate":"https:\/\/positiveprints.com\/fr\/?s={search_term_string}"},"query-input":{"@type":"PropertyValueSpecification","valueRequired":true,"valueName":"search_term_string"}}],"inLanguage":"fr-FR"},{"@type":"Organization","@id":"https:\/\/positiveprints.com\/fr\/#organization","name":"Positive Prints","alternateName":"Positive Prints","url":"https:\/\/positiveprints.com\/fr\/","logo":{"@type":"ImageObject","inLanguage":"fr-FR","@id":"https:\/\/positiveprints.com\/fr\/#\/schema\/logo\/image\/","url":"https:\/\/positiveprints.com\/wp-content\/uploads\/2026\/03\/245815646_1337939713319158_5671353136411139666_n.png","contentUrl":"https:\/\/positiveprints.com\/wp-content\/uploads\/2026\/03\/245815646_1337939713319158_5671353136411139666_n.png","width":800,"height":800,"caption":"Positive Prints"},"image":{"@id":"https:\/\/positiveprints.com\/fr\/#\/schema\/logo\/image\/"},"sameAs":["https:\/\/www.facebook.com\/positiveprintscom","https:\/\/www.instagram.com\/positiveprintscom\/","https:\/\/www.tiktok.com\/@positiveprintscom","https:\/\/www.pinterest.com\/positiveprintscom\/"]}]}},"jetpack_sharing_enabled":true,"_links":{"self":[{"href":"https:\/\/positiveprints.com\/fr\/wp-json\/wp\/v2\/product\/450352","targetHints":{"allow":["GET"]}}],"collection":[{"href":"https:\/\/positiveprints.com\/fr\/wp-json\/wp\/v2\/product"}],"about":[{"href":"https:\/\/positiveprints.com\/fr\/wp-json\/wp\/v2\/types\/product"}],"wp:featuredmedia":[{"embeddable":true,"href":"https:\/\/positiveprints.com\/fr\/wp-json\/wp\/v2\/media\/409824"}],"wp:attachment":[{"href":"https:\/\/positiveprints.com\/fr\/wp-json\/wp\/v2\/media?parent=450352"}],"wp:term":[{"taxonomy":"product_brand","embeddable":true,"href":"https:\/\/positiveprints.com\/fr\/wp-json\/wp\/v2\/product_brand?post=450352"},{"taxonomy":"product_cat","embeddable":true,"href":"https:\/\/positiveprints.com\/fr\/wp-json\/wp\/v2\/product_cat?post=450352"},{"taxonomy":"product_tag","embeddable":true,"href":"https:\/\/positiveprints.com\/fr\/wp-json\/wp\/v2\/product_tag?post=450352"}],"curies":[{"name":"wp","href":"https:\/\/api.w.org\/{rel}","templated":true}]}}