{"id":447890,"date":"2023-03-29T09:51:28","date_gmt":"2023-03-29T08:51:28","guid":{"rendered":"https:\/\/positiveprints.com\/?post_type=product&#038;p=447890"},"modified":"2026-04-18T06:04:50","modified_gmt":"2026-04-18T05:04:50","slug":"collage-photo-de-lettre","status":"publish","type":"product","link":"https:\/\/positiveprints.com\/fr\/produit\/collage-photo-de-lettre\/","title":{"rendered":"Collage Photo de Lettres Personnalis\u00e9"},"content":{"rendered":"<p style=\"margin-top: 1rem;\">Offrez un cadeau unique et attentionn\u00e9 qui montrera \u00e0 coup s\u00fbr \u00e0 vos amis et \u00e0 votre famille \u00e0 quel point vous tenez \u00e0 eux. Au lieu d&#8217;acheter un objet standard, pourquoi ne pas cr\u00e9er quelque chose de sp\u00e9cial avec un Collage Photo de Lettres personnalis\u00e9 ? Cette affiche capture des souvenirs d&#8217;une mani\u00e8re cr\u00e9ative pour les conserver pr\u00e9cieusement pendant des ann\u00e9es. Offrez donc de la joie en cadeau avec un Collage Photo de Lettres personnalis\u00e9 !<\/p>\r\n\r\n<h2 class=\"grenB f24 cblue\" style=\"margin-top: 3rem;\">Qu\u2019est-ce qu\u2019un Collage Photo de Lettre ?<\/h2>\r\nUn collage photo de lettres est une cr\u00e9ation artistique o\u00f9 vos photos forment des lettres. Chaque lettre peut \u00eatre compos\u00e9e d\u2019images individuelles, donnant vie \u00e0 un mot ou un pr\u00e9nom. Ce type de collage personnalis\u00e9 est \u00e0 la fois original et charg\u00e9 de sens.\r\n<h2 class=\"grenB f24 cblue\" style=\"margin-top: 3rem;\">Pourquoi choisir un collage photo de lettre personnalis\u00e9 ?<\/h2>\r\nC\u2019est un cadeau unique et touchant. Id\u00e9al pour c\u00e9l\u00e9brer un <a href=\"https:\/\/positiveprints.com\/fr\/cadeaux-danniversaire\/\">anniversaire<\/a>, un d\u00e9part \u00e0 la retraite, un mariage ou toute occasion sp\u00e9ciale. Ce cadeau m\u00eale souvenirs et \u00e9motions pour un rendu personnel et durable.\r\n<h2 class=\"grenB f24 cblue\" style=\"margin-top: 3rem;\">Comment personnaliser votre collage photo de lettres ?<\/h2>\r\nPour personnaliser votre <a href=\"https:\/\/positiveprints.com\/fr\/letter-editor?predefinedProduct=447890&amp;editorTab=design-tab\">collage photo de lettres<\/a>, commencez par choisir un mot, un pr\u00e9nom, des initiales ou un message qui vous tient \u00e0 c\u0153ur. Ensuite, s\u00e9lectionnez la couleur du contour des lettres afin d\u2019obtenir un rendu visuel harmonieux et adapt\u00e9 \u00e0 vos photos. Vous pouvez \u00e9galement ajouter un message personnalis\u00e9 sous le collage, comme une citation, une date importante ou une d\u00e9dicace. Importez vos photos en haute r\u00e9solution pour chaque lettre afin d\u2019assurer une qualit\u00e9 optimale. Enfin, choisissez la taille et le format de votre collage, que ce soit pour une impression ou un fichier num\u00e9rique.\r\n<h2 class=\"grenB f24 cblue\" style=\"margin-top: 3rem;\">Un cadeau photo cr\u00e9atif et m\u00e9morable<\/h2>\r\nOffrez un collage photo de lettres personnalis\u00e9, une fa\u00e7on originale de transformer vos souvenirs en \u0153uvre d\u2019art. Ce cadeau sp\u00e9cial touchera \u00e0 coup s\u00fbr ceux qui le re\u00e7oivent et restera un souvenir pr\u00e9cieux pendant des ann\u00e9es.","protected":false},"excerpt":{"rendered":"<ul class=\"check-list\">\n<li>T\u00e9l\u00e9chargez vos photos pr\u00e9f\u00e9r\u00e9es pour personnaliser chaque lettre<\/li>\n<li>Ajoutez un message sinc\u00e8re pour la rendre unique<\/li>\n<li>Personnalisez en 3 \u00e9tapes simples gr\u00e2ce \u00e0 notre \u00e9diteur facile \u00e0 utiliser<\/li>\n<li>Visualisez votre cr\u00e9ation instantan\u00e9ment gr\u00e2ce \u00e0 un aper\u00e7u interactif<\/li>\n<\/ul>\n","protected":false},"featured_media":1674183,"template":"","meta":[],"product_brand":[],"product_cat":[15844,9274,15109,8243,9123,104,1815,264,5264,15055],"product_tag":[13465,14858,14861,13810],"class_list":{"0":"post-447890","1":"product","2":"type-product","3":"status-publish","4":"has-post-thumbnail","6":"product_cat-shop-bestsellers-fr","7":"product_cat-bestsellers-label-fr","8":"product_cat-bestsellers-menu-fr","9":"product_cat-digital-products-fr","10":"product_cat-photo-letter-fr","11":"product_cat-tous-les-produits","12":"product_cat-bestsellers-fr","13":"product_cat-creators-fr-2","14":"product_cat-cadeaux-de-noel","15":"product_cat-cadeaux-de-noel-pour-la-famille","16":"product_tag-cadeaux-de-noel-pour-la-famille","17":"product_tag-creators-fr-2","18":"product_tag-custom-photo-fr","19":"product_tag-poster-photo-personnalise","21":"first","22":"instock","23":"sale","24":"taxable","25":"shipping-taxable","26":"purchasable","27":"product-type-variable"},"yoast_head":"<!-- This site is optimized with the Yoast SEO Premium plugin v27.2 (Yoast SEO v27.2) - https:\/\/yoast.com\/product\/yoast-seo-premium-wordpress\/ -->\n<title>Collage Photo de Lettres Personnalis\u00e9 - Positive Prints<\/title>\n<meta name=\"description\" content=\"Transformez vos photos, vos mots et vos souvenirs en un magnifique collage photo en forme de lettre. Cr\u00e9ez une \u0153uvre d&#039;art unique et significative qui durera des ann\u00e9es !\" \/>\n<meta name=\"robots\" content=\"index, follow, max-snippet:-1, max-image-preview:large, max-video-preview:-1\" \/>\n<link rel=\"canonical\" href=\"https:\/\/positiveprints.com\/fr\/produit\/collage-photo-de-lettre\/\" \/>\n<meta property=\"og:locale\" content=\"fr_FR\" \/>\n<meta property=\"og:type\" content=\"article\" \/>\n<meta property=\"og:title\" content=\"Collage Photo de Lettres Personnalis\u00e9\" \/>\n<meta property=\"og:description\" content=\"T\u00e9l\u00e9chargez vos photos pr\u00e9f\u00e9r\u00e9es pour personnaliser chaque lettre  Ajoutez un message sinc\u00e8re pour la rendre unique  Personnalisez en 3 \u00e9tapes simples gr\u00e2ce \u00e0 notre \u00e9diteur facile \u00e0 utiliser  Visualisez votre cr\u00e9ation instantan\u00e9ment gr\u00e2ce \u00e0 un aper\u00e7u interactif\" \/>\n<meta property=\"og:url\" content=\"https:\/\/positiveprints.com\/fr\/produit\/collage-photo-de-lettre\/\" \/>\n<meta property=\"og:site_name\" content=\"Positive Prints\" \/>\n<meta property=\"article:publisher\" content=\"https:\/\/www.facebook.com\/positiveprintscom\" \/>\n<meta property=\"article:modified_time\" content=\"2026-04-18T05:04:50+00:00\" \/>\n<meta property=\"og:image\" content=\"https:\/\/positiveprints.com\/wp-content\/uploads\/2023\/03\/Packshot_FR_Collage-Photo-de-Lettres-Personnalise\u0301.webp\" \/>\n\t<meta property=\"og:image:width\" content=\"1450\" \/>\n\t<meta property=\"og:image:height\" content=\"1450\" \/>\n\t<meta property=\"og:image:type\" content=\"image\/webp\" \/>\n<meta name=\"twitter:card\" content=\"summary_large_image\" \/>\n<meta name=\"twitter:label1\" content=\"Dur\u00e9e de lecture estim\u00e9e\" \/>\n\t<meta name=\"twitter:data1\" content=\"2 minutes\" \/>\n<!-- \/ Yoast SEO Premium plugin. -->","yoast_head_json":{"title":"Collage Photo de Lettres Personnalis\u00e9 - Positive Prints","description":"Transformez vos photos, vos mots et vos souvenirs en un magnifique collage photo en forme de lettre. Cr\u00e9ez une \u0153uvre d'art unique et significative qui durera des ann\u00e9es !","robots":{"index":"index","follow":"follow","max-snippet":"max-snippet:-1","max-image-preview":"max-image-preview:large","max-video-preview":"max-video-preview:-1"},"canonical":"https:\/\/positiveprints.com\/fr\/produit\/collage-photo-de-lettre\/","og_locale":"fr_FR","og_type":"article","og_title":"Collage Photo de Lettres Personnalis\u00e9","og_description":"T\u00e9l\u00e9chargez vos photos pr\u00e9f\u00e9r\u00e9es pour personnaliser chaque lettre  Ajoutez un message sinc\u00e8re pour la rendre unique  Personnalisez en 3 \u00e9tapes simples gr\u00e2ce \u00e0 notre \u00e9diteur facile \u00e0 utiliser  Visualisez votre cr\u00e9ation instantan\u00e9ment gr\u00e2ce \u00e0 un aper\u00e7u interactif","og_url":"https:\/\/positiveprints.com\/fr\/produit\/collage-photo-de-lettre\/","og_site_name":"Positive Prints","article_publisher":"https:\/\/www.facebook.com\/positiveprintscom","article_modified_time":"2026-04-18T05:04:50+00:00","og_image":[{"width":1450,"height":1450,"url":"https:\/\/positiveprints.com\/wp-content\/uploads\/2023\/03\/Packshot_FR_Collage-Photo-de-Lettres-Personnalise\u0301.webp","type":"image\/webp"}],"twitter_card":"summary_large_image","twitter_misc":{"Dur\u00e9e de lecture estim\u00e9e":"2 minutes"},"schema":{"@context":"https:\/\/schema.org","@graph":[{"@type":["WebPage","ItemPage"],"@id":"https:\/\/positiveprints.com\/fr\/produit\/collage-photo-de-lettre\/","url":"https:\/\/positiveprints.com\/fr\/produit\/collage-photo-de-lettre\/","name":"Collage Photo de Lettres Personnalis\u00e9 - Positive Prints","isPartOf":{"@id":"https:\/\/positiveprints.com\/fr\/#website"},"primaryImageOfPage":{"@id":"https:\/\/positiveprints.com\/fr\/produit\/collage-photo-de-lettre\/#primaryimage"},"image":{"@id":"https:\/\/positiveprints.com\/fr\/produit\/collage-photo-de-lettre\/#primaryimage"},"thumbnailUrl":"https:\/\/positiveprints.com\/wp-content\/uploads\/2026\/03\/votre-text_FR.webp","datePublished":"2023-03-29T08:51:28+00:00","dateModified":"2026-04-18T05:04:50+00:00","description":"Transformez vos photos, vos mots et vos souvenirs en un magnifique collage photo en forme de lettre. Cr\u00e9ez une \u0153uvre d'art unique et significative qui durera des ann\u00e9es !","breadcrumb":{"@id":"https:\/\/positiveprints.com\/fr\/produit\/collage-photo-de-lettre\/#breadcrumb"},"inLanguage":"fr-FR","potentialAction":[{"@type":"ReadAction","target":["https:\/\/positiveprints.com\/fr\/produit\/collage-photo-de-lettre\/"]}]},{"@type":"ImageObject","inLanguage":"fr-FR","@id":"https:\/\/positiveprints.com\/fr\/produit\/collage-photo-de-lettre\/#primaryimage","url":"https:\/\/positiveprints.com\/wp-content\/uploads\/2026\/03\/votre-text_FR.webp","contentUrl":"https:\/\/positiveprints.com\/wp-content\/uploads\/2026\/03\/votre-text_FR.webp","width":1450,"height":1450},{"@type":"BreadcrumbList","@id":"https:\/\/positiveprints.com\/fr\/produit\/collage-photo-de-lettre\/#breadcrumb","itemListElement":[{"@type":"ListItem","position":1,"name":"Home","item":"https:\/\/positiveprints.com\/fr\/"},{"@type":"ListItem","position":2,"name":"Produits","item":"https:\/\/positiveprints.com\/fr\/shop\/"},{"@type":"ListItem","position":3,"name":"Collage Photo de Lettres Personnalis\u00e9"}]},{"@type":"WebSite","@id":"https:\/\/positiveprints.com\/fr\/#website","url":"https:\/\/positiveprints.com\/fr\/","name":"Positive Prints","description":"Amazing Custom Personalized Gifts","publisher":{"@id":"https:\/\/positiveprints.com\/fr\/#organization"},"potentialAction":[{"@type":"SearchAction","target":{"@type":"EntryPoint","urlTemplate":"https:\/\/positiveprints.com\/fr\/?s={search_term_string}"},"query-input":{"@type":"PropertyValueSpecification","valueRequired":true,"valueName":"search_term_string"}}],"inLanguage":"fr-FR"},{"@type":"Organization","@id":"https:\/\/positiveprints.com\/fr\/#organization","name":"Positive Prints","alternateName":"Positive Prints","url":"https:\/\/positiveprints.com\/fr\/","logo":{"@type":"ImageObject","inLanguage":"fr-FR","@id":"https:\/\/positiveprints.com\/fr\/#\/schema\/logo\/image\/","url":"https:\/\/positiveprints.com\/wp-content\/uploads\/2026\/03\/245815646_1337939713319158_5671353136411139666_n.png","contentUrl":"https:\/\/positiveprints.com\/wp-content\/uploads\/2026\/03\/245815646_1337939713319158_5671353136411139666_n.png","width":800,"height":800,"caption":"Positive Prints"},"image":{"@id":"https:\/\/positiveprints.com\/fr\/#\/schema\/logo\/image\/"},"sameAs":["https:\/\/www.facebook.com\/positiveprintscom","https:\/\/www.instagram.com\/positiveprintscom\/","https:\/\/www.tiktok.com\/@positiveprintscom","https:\/\/www.pinterest.com\/positiveprintscom\/"]}]}},"jetpack_sharing_enabled":true,"_links":{"self":[{"href":"https:\/\/positiveprints.com\/fr\/wp-json\/wp\/v2\/product\/447890","targetHints":{"allow":["GET"]}}],"collection":[{"href":"https:\/\/positiveprints.com\/fr\/wp-json\/wp\/v2\/product"}],"about":[{"href":"https:\/\/positiveprints.com\/fr\/wp-json\/wp\/v2\/types\/product"}],"wp:featuredmedia":[{"embeddable":true,"href":"https:\/\/positiveprints.com\/fr\/wp-json\/wp\/v2\/media\/1674183"}],"wp:attachment":[{"href":"https:\/\/positiveprints.com\/fr\/wp-json\/wp\/v2\/media?parent=447890"}],"wp:term":[{"taxonomy":"product_brand","embeddable":true,"href":"https:\/\/positiveprints.com\/fr\/wp-json\/wp\/v2\/product_brand?post=447890"},{"taxonomy":"product_cat","embeddable":true,"href":"https:\/\/positiveprints.com\/fr\/wp-json\/wp\/v2\/product_cat?post=447890"},{"taxonomy":"product_tag","embeddable":true,"href":"https:\/\/positiveprints.com\/fr\/wp-json\/wp\/v2\/product_tag?post=447890"}],"curies":[{"name":"wp","href":"https:\/\/api.w.org\/{rel}","templated":true}]}}