{"id":440427,"date":"2023-02-23T22:36:36","date_gmt":"2023-02-23T21:36:36","guid":{"rendered":"https:\/\/positiveprints.com\/?post_type=product&#038;p=440427"},"modified":"2026-04-18T06:11:11","modified_gmt":"2026-04-18T05:11:11","slug":"carte-double-des-etoiles","status":"publish","type":"product","link":"https:\/\/positiveprints.com\/fr\/produit\/carte-double-des-etoiles\/","title":{"rendered":"Carte des \u00c9toiles Double"},"content":{"rendered":"<p style=\"margin-top: 1rem\">\u00cates-vous \u00e0 la recherche d&#8217;un cadeau unique et significatif pour quelqu&#8217;un de sp\u00e9cial ? Ne cherchez pas plus loin que la Carte Double des \u00c9toiles ! Nos cartes stellaires capturent deux ciels nocturnes aux dates et lieux de votre choix, cr\u00e9ant ainsi un souvenir durable qui refl\u00e8te les moments sp\u00e9ciaux de votre vie.<\/p>\r\n\r\n<h2 class=\"grenB f24 cblue\" style=\"margin-top: 3rem\">Qu&#8217;est-ce que la Carte Double des \u00c9toiles ?<\/h2>\r\n<p style=\"margin-top: 1rem\">La Carte Double des \u00c9toiles vous permet de comm\u00e9morer les moments importants de votre vie, comme la nuit o\u00f9 vous et votre bien-aim\u00e9(e) \u00eates n\u00e9s, le moment o\u00f9 vous vous \u00eates rencontr\u00e9s et mari\u00e9s pour la premi\u00e8re fois, ou tout autre jour sp\u00e9cial.<\/p>\r\n<p style=\"margin-top: 1rem\">La carte est enti\u00e8rement personnalisable et peut \u00eatre cr\u00e9\u00e9e dans notre \u00e9diteur en ligne facile \u00e0 utiliser. Vous pouvez choisir le style de l&#8217;impression et la rendre vraiment sp\u00e9ciale en y ajoutant votre message personnel, un po\u00e8me ou une citation sp\u00e9ciale.<\/p>\r\n<p style=\"margin-top: 1rem\">Nous utilisons les donn\u00e9es astronomiques les plus r\u00e9centes et nos algorithmes exclusifs pour cr\u00e9er une carte stellaire pr\u00e9cise qui refl\u00e8te exactement le ciel nocturne des dates et lieux que vous avez choisis. Chaque carte est imprim\u00e9e sur du papier d&#8217;art de haute qualit\u00e9 et encadr\u00e9e dans un magnifique cadre en bois.<\/p>\r\n\r\n<h2 class=\"grenB f24 cblue\" style=\"margin-top: 3rem\">Comment cr\u00e9er votre propre Carte Double des \u00c9toiles ?<\/h2>\r\n<p style=\"margin-top: 1rem\">Chez Positive Prints, nous pensons qu&#8217;un cadeau beau et significatif doit durer de nombreuses ann\u00e9es. Nos cartes \u00e9toil\u00e9es sont con\u00e7ues pour \u00eatre un rappel intemporel des moments sp\u00e9ciaux de votre vie &#8211; un cadeau unique et attentionn\u00e9 qui apportera de la joie pour les ann\u00e9es \u00e0 venir.<\/p>\r\n<p style=\"margin-top: 1rem\">La cr\u00e9ation d&#8217;une Carte Double des \u00c9toiles est un jeu d&#8217;enfant ! Gr\u00e2ce \u00e0 notre processus simple en trois \u00e9tapes, vous pouvez obtenir votre impression personnalis\u00e9e en un rien de temps.<\/p>\r\n\r\n\r\n\r\n<p style=\"margin-top: 1rem\">\u00c9tape 1 : Choisissez le style de votre impression, y compris les couleurs et les \u00e9l\u00e9ments visibles sur l&#8217;impression.<\/p>\r\n\r\n<p style=\"margin-top: 1rem\">\u00c9tape 2 : Saisissez les dates et les lieux, ainsi que tout message personnel que vous souhaitez ajouter au motif.<\/p>\r\n\r\n<p style=\"margin-top: 1rem\">\u00c9tape 3 : Choisissez l&#8217;impression, le poster encadr\u00e9, la toile ou le fichier num\u00e9rique \u00e0 t\u00e9l\u00e9charger instantan\u00e9ment. Choisissez ensuite la taille et le format.<\/p>\r\n\r\n<p style=\"margin-top: 1rem\">Une fois ces trois \u00e9tapes franchies, vous pouvez vous asseoir et nous laisser nous occuper du reste !  Nous nous occupons de l&#8217;impression et de l&#8217;encadrement de votre Carte Double des \u00c9toiles.<\/p>\r\n\r\n<h2 class=\"grenB f24 cblue\" style=\"margin-top: 3rem\">Faites un cadeau unique et attentionn\u00e9 \u00e0 quelqu&#8217;un de sp\u00e9cial<\/h2>\r\n<p style=\"margin-top: 1rem\">Les cadeaux personnalis\u00e9s sont l&#8217;une des fa\u00e7ons les plus sp\u00e9ciales et les plus uniques de montrer \u00e0 quelqu&#8217;un \u00e0 quel point vous tenez \u00e0 lui\/elle Qu&#8217;il s&#8217;agisse d&#8217;un anniversaire, de la f\u00eate des m\u00e8res, de la f\u00eate des p\u00e8res ou simplement d&#8217;une marque d&#8217;appr\u00e9ciation et d&#8217;amour, les cadeaux personnalis\u00e9s font toujours bonne impression.<\/p>\r\n<p style=\"margin-top: 1rem\">La r\u00e9ception de ce cadeau laissera \u00e0 vos proches un souvenir inoubliable ! Alors n&#8217;attendez plus &#8211; cr\u00e9ez le v\u00f4tre d\u00e8s aujourd&#8217;hui ! Laissez-nous vous aider \u00e0 cr\u00e9er un souvenir durable d&#8217;un moment sp\u00e9cial de votre vie, avec la Carte Double des \u00c9toiles.<\/p>","protected":false},"excerpt":{"rendered":"<ul class=\"check-list\">\n<li>Concevez votre propre carte des \u00e9toiles repr\u00e9sentant le ciel \u00e0 partir de deux lieux et dates diff\u00e9rents<\/li>\n<li>Ajoutez des constellations et la Voie lact\u00e9e <\/li>\n<li>Personnalisez en 3 \u00e9tapes simples<\/li>\n<li>Incluez un texte personnalis\u00e9 significatif<\/li>\n<li>Visualisez le r\u00e9sultat imm\u00e9diatement \u2013 l\u2019aper\u00e7u interactif vous permet de peaufiner chaque d\u00e9tail<\/li>\n<\/ul>\n","protected":false},"featured_media":1251401,"template":"","meta":[],"product_brand":[],"product_cat":[8243,8822,104,264,8006,7685],"product_tag":[14858],"class_list":{"0":"post-440427","1":"product","2":"type-product","3":"status-publish","4":"has-post-thumbnail","6":"product_cat-digital-products-fr","7":"product_cat-duo-stars-fr","8":"product_cat-tous-les-produits","9":"product_cat-creators-fr-2","10":"product_cat-cadeaux-pour-hommes","11":"product_cat-cadeaux-pour-femmes","12":"product_tag-creators-fr-2","14":"first","15":"instock","16":"sale","17":"taxable","18":"shipping-taxable","19":"purchasable","20":"product-type-variable"},"yoast_head":"<!-- This site is optimized with the Yoast SEO Premium plugin v27.2 (Yoast SEO v27.2) - https:\/\/yoast.com\/product\/yoast-seo-premium-wordpress\/ -->\n<title>Carte des \u00c9toiles Double - Positive Prints<\/title>\n<meta name=\"description\" content=\"Immortalisez deux moments significatifs sous forme de constellations avec ce fichier num\u00e9rique \u00e9l\u00e9gant qui r\u00e9v\u00e8le exactement comment les \u00e9toiles brillaient lors de vos occasions sp\u00e9ciales, cr\u00e9ant un duo c\u00e9leste personnalis\u00e9 \u00e0 ch\u00e9rir pour toujours.\" \/>\n<meta name=\"robots\" content=\"index, follow, max-snippet:-1, max-image-preview:large, max-video-preview:-1\" \/>\n<link rel=\"canonical\" href=\"https:\/\/positiveprints.com\/fr\/produit\/carte-double-des-etoiles\/\" \/>\n<meta property=\"og:locale\" content=\"fr_FR\" \/>\n<meta property=\"og:type\" content=\"article\" \/>\n<meta property=\"og:title\" content=\"Carte des \u00c9toiles Double\" \/>\n<meta property=\"og:description\" content=\"Concevez votre propre carte des \u00e9toiles repr\u00e9sentant le ciel \u00e0 partir de deux lieux et dates diff\u00e9rents  Ajoutez des constellations et la Voie lact\u00e9e   Personnalisez en 3 \u00e9tapes simples  Incluez un texte personnalis\u00e9 significatif  Visualisez le r\u00e9sultat imm\u00e9diatement \u2013 l\u2019aper\u00e7u interactif vous permet de peaufiner chaque d\u00e9tail\" \/>\n<meta property=\"og:url\" content=\"https:\/\/positiveprints.com\/fr\/produit\/carte-double-des-etoiles\/\" \/>\n<meta property=\"og:site_name\" content=\"Positive Prints\" \/>\n<meta property=\"article:publisher\" content=\"https:\/\/www.facebook.com\/positiveprintscom\" \/>\n<meta property=\"article:modified_time\" content=\"2026-04-18T05:11:11+00:00\" \/>\n<meta property=\"og:image\" content=\"https:\/\/positiveprints.com\/wp-content\/uploads\/2024\/11\/PACKSHOT_FR_Digital-Double-Star-Map-product-image-.webp\" \/>\n\t<meta property=\"og:image:width\" content=\"1450\" \/>\n\t<meta property=\"og:image:height\" content=\"1450\" \/>\n\t<meta property=\"og:image:type\" content=\"image\/webp\" \/>\n<meta name=\"twitter:card\" content=\"summary_large_image\" \/>\n<meta name=\"twitter:label1\" content=\"Dur\u00e9e de lecture estim\u00e9e\" \/>\n\t<meta name=\"twitter:data1\" content=\"3 minutes\" \/>\n<!-- \/ Yoast SEO Premium plugin. -->","yoast_head_json":{"title":"Carte des \u00c9toiles Double - Positive Prints","description":"Immortalisez deux moments significatifs sous forme de constellations avec ce fichier num\u00e9rique \u00e9l\u00e9gant qui r\u00e9v\u00e8le exactement comment les \u00e9toiles brillaient lors de vos occasions sp\u00e9ciales, cr\u00e9ant un duo c\u00e9leste personnalis\u00e9 \u00e0 ch\u00e9rir pour toujours.","robots":{"index":"index","follow":"follow","max-snippet":"max-snippet:-1","max-image-preview":"max-image-preview:large","max-video-preview":"max-video-preview:-1"},"canonical":"https:\/\/positiveprints.com\/fr\/produit\/carte-double-des-etoiles\/","og_locale":"fr_FR","og_type":"article","og_title":"Carte des \u00c9toiles Double","og_description":"Concevez votre propre carte des \u00e9toiles repr\u00e9sentant le ciel \u00e0 partir de deux lieux et dates diff\u00e9rents  Ajoutez des constellations et la Voie lact\u00e9e   Personnalisez en 3 \u00e9tapes simples  Incluez un texte personnalis\u00e9 significatif  Visualisez le r\u00e9sultat imm\u00e9diatement \u2013 l\u2019aper\u00e7u interactif vous permet de peaufiner chaque d\u00e9tail","og_url":"https:\/\/positiveprints.com\/fr\/produit\/carte-double-des-etoiles\/","og_site_name":"Positive Prints","article_publisher":"https:\/\/www.facebook.com\/positiveprintscom","article_modified_time":"2026-04-18T05:11:11+00:00","og_image":[{"width":1450,"height":1450,"url":"https:\/\/positiveprints.com\/wp-content\/uploads\/2024\/11\/PACKSHOT_FR_Digital-Double-Star-Map-product-image-.webp","type":"image\/webp"}],"twitter_card":"summary_large_image","twitter_misc":{"Dur\u00e9e de lecture estim\u00e9e":"3 minutes"},"schema":{"@context":"https:\/\/schema.org","@graph":[{"@type":["WebPage","ItemPage"],"@id":"https:\/\/positiveprints.com\/fr\/produit\/carte-double-des-etoiles\/","url":"https:\/\/positiveprints.com\/fr\/produit\/carte-double-des-etoiles\/","name":"Carte des \u00c9toiles Double - Positive Prints","isPartOf":{"@id":"https:\/\/positiveprints.com\/fr\/#website"},"primaryImageOfPage":{"@id":"https:\/\/positiveprints.com\/fr\/produit\/carte-double-des-etoiles\/#primaryimage"},"image":{"@id":"https:\/\/positiveprints.com\/fr\/produit\/carte-double-des-etoiles\/#primaryimage"},"thumbnailUrl":"https:\/\/positiveprints.com\/wp-content\/uploads\/2024\/11\/PACKSHOT_FR_Digital-Double-Star-Map-product-image-.webp","datePublished":"2023-02-23T21:36:36+00:00","dateModified":"2026-04-18T05:11:11+00:00","description":"Immortalisez deux moments significatifs sous forme de constellations avec ce fichier num\u00e9rique \u00e9l\u00e9gant qui r\u00e9v\u00e8le exactement comment les \u00e9toiles brillaient lors de vos occasions sp\u00e9ciales, cr\u00e9ant un duo c\u00e9leste personnalis\u00e9 \u00e0 ch\u00e9rir pour toujours.","breadcrumb":{"@id":"https:\/\/positiveprints.com\/fr\/produit\/carte-double-des-etoiles\/#breadcrumb"},"inLanguage":"fr-FR","potentialAction":[{"@type":"ReadAction","target":["https:\/\/positiveprints.com\/fr\/produit\/carte-double-des-etoiles\/"]}]},{"@type":"ImageObject","inLanguage":"fr-FR","@id":"https:\/\/positiveprints.com\/fr\/produit\/carte-double-des-etoiles\/#primaryimage","url":"https:\/\/positiveprints.com\/wp-content\/uploads\/2024\/11\/PACKSHOT_FR_Digital-Double-Star-Map-product-image-.webp","contentUrl":"https:\/\/positiveprints.com\/wp-content\/uploads\/2024\/11\/PACKSHOT_FR_Digital-Double-Star-Map-product-image-.webp","width":1450,"height":1450,"caption":"PACKSHOT_FR_Digital Double Star Map product image"},{"@type":"BreadcrumbList","@id":"https:\/\/positiveprints.com\/fr\/produit\/carte-double-des-etoiles\/#breadcrumb","itemListElement":[{"@type":"ListItem","position":1,"name":"Home","item":"https:\/\/positiveprints.com\/fr\/"},{"@type":"ListItem","position":2,"name":"Produits","item":"https:\/\/positiveprints.com\/fr\/shop\/"},{"@type":"ListItem","position":3,"name":"Carte des \u00c9toiles Double"}]},{"@type":"WebSite","@id":"https:\/\/positiveprints.com\/fr\/#website","url":"https:\/\/positiveprints.com\/fr\/","name":"Positive Prints","description":"Amazing Custom Personalized Gifts","publisher":{"@id":"https:\/\/positiveprints.com\/fr\/#organization"},"potentialAction":[{"@type":"SearchAction","target":{"@type":"EntryPoint","urlTemplate":"https:\/\/positiveprints.com\/fr\/?s={search_term_string}"},"query-input":{"@type":"PropertyValueSpecification","valueRequired":true,"valueName":"search_term_string"}}],"inLanguage":"fr-FR"},{"@type":"Organization","@id":"https:\/\/positiveprints.com\/fr\/#organization","name":"Positive Prints","alternateName":"Positive Prints","url":"https:\/\/positiveprints.com\/fr\/","logo":{"@type":"ImageObject","inLanguage":"fr-FR","@id":"https:\/\/positiveprints.com\/fr\/#\/schema\/logo\/image\/","url":"https:\/\/positiveprints.com\/wp-content\/uploads\/2026\/03\/245815646_1337939713319158_5671353136411139666_n.png","contentUrl":"https:\/\/positiveprints.com\/wp-content\/uploads\/2026\/03\/245815646_1337939713319158_5671353136411139666_n.png","width":800,"height":800,"caption":"Positive Prints"},"image":{"@id":"https:\/\/positiveprints.com\/fr\/#\/schema\/logo\/image\/"},"sameAs":["https:\/\/www.facebook.com\/positiveprintscom","https:\/\/www.instagram.com\/positiveprintscom\/","https:\/\/www.tiktok.com\/@positiveprintscom","https:\/\/www.pinterest.com\/positiveprintscom\/"]}]}},"jetpack_sharing_enabled":true,"_links":{"self":[{"href":"https:\/\/positiveprints.com\/fr\/wp-json\/wp\/v2\/product\/440427","targetHints":{"allow":["GET"]}}],"collection":[{"href":"https:\/\/positiveprints.com\/fr\/wp-json\/wp\/v2\/product"}],"about":[{"href":"https:\/\/positiveprints.com\/fr\/wp-json\/wp\/v2\/types\/product"}],"wp:featuredmedia":[{"embeddable":true,"href":"https:\/\/positiveprints.com\/fr\/wp-json\/wp\/v2\/media\/1251401"}],"wp:attachment":[{"href":"https:\/\/positiveprints.com\/fr\/wp-json\/wp\/v2\/media?parent=440427"}],"wp:term":[{"taxonomy":"product_brand","embeddable":true,"href":"https:\/\/positiveprints.com\/fr\/wp-json\/wp\/v2\/product_brand?post=440427"},{"taxonomy":"product_cat","embeddable":true,"href":"https:\/\/positiveprints.com\/fr\/wp-json\/wp\/v2\/product_cat?post=440427"},{"taxonomy":"product_tag","embeddable":true,"href":"https:\/\/positiveprints.com\/fr\/wp-json\/wp\/v2\/product_tag?post=440427"}],"curies":[{"name":"wp","href":"https:\/\/api.w.org\/{rel}","templated":true}]}}