{"id":421638,"date":"2023-02-23T23:27:00","date_gmt":"2023-02-23T22:27:00","guid":{"rendered":"https:\/\/positiveprints.com\/?post_type=product&#038;p=421638"},"modified":"2026-04-12T22:38:23","modified_gmt":"2026-04-12T21:38:23","slug":"carte-des-etoiles-triple","status":"publish","type":"product","link":"https:\/\/positiveprints.com\/fr\/produit\/carte-des-etoiles-triple\/","title":{"rendered":"Carte des \u00c9toiles Triple"},"content":{"rendered":"<p style=\"margin-top: 1rem\">Laissez une impression durable avec notre cadeau personnalis\u00e9 Carte des \u00c9toiles Triple &#8211; il est parfait pour les mariages et les anniversaires ou les anniversaires de mariage ! Pr\u00e9parez-vous \u00e0 surprendre la personne sp\u00e9ciale de votre vie avec cette magnifique \u0153uvre d&#8217;art. Continuez \u00e0 lire et d\u00e9couvrez pourquoi ce cadeau restera dans les m\u00e9moires pendant des ann\u00e9es.<\/p>\r\n\r\n\r\n\r\n<h2 class=\"grenB f24 cblue\" style=\"margin-top: 3rem\">Qu&#8217;est-ce qu&#8217;une Carte des \u00c9toiles Triple ?<\/h2>\r\n\r\n<p style=\"margin-top: 1rem\">Une Carte des \u00c9toiles Triple est le moyen id\u00e9al de montrer \u00e0 votre bien-aim\u00e9(e) \u00e0 quel point il ou elle compte pour vous. Ce cadeau attentionn\u00e9 capture trois moments significatifs dans le temps, leur permettant de voir le ciel nocturne de ces jours-l\u00e0. De plus, gr\u00e2ce \u00e0 ses options de personnalisation, il s&#8217;agit d&#8217;un cadeau inoubliable que votre proche ch\u00e9rira pendant des ann\u00e9es.<\/p>\r\n\r\n\r\n\r\n\r\n\r\n<h2 class=\"grenB f24 cblue\" style=\"margin-top: 3rem\">Comment cr\u00e9er un cadeau Carte des \u00c9toiles Triple ?<\/h2>\r\n\r\n<p style=\"margin-top: 1rem\">La cr\u00e9ation de votre Carte des \u00c9toiles Triple personnalis\u00e9e est un processus simple. Commencez par choisir les trois dates significatives que vous souhaitez mettre en avant &#8211; il peut s&#8217;agir d&#8217;un moment particulier que vous avez partag\u00e9 avec l&#8217;\u00eatre aim\u00e9, de la date d&#8217;un anniversaire ou de tout autre jour qui a une signification dans votre relation. Ensuite, personnalisez votre carte avec les couleurs et les messages que vous souhaitez. Une fois que vous avez finalis\u00e9 votre conception, vous pouvez l&#8217;exp\u00e9dier dans une vari\u00e9t\u00e9 de tailles d&#8217;impression ou en tant que t\u00e9l\u00e9chargement num\u00e9rique instantan\u00e9.<\/p>\r\n\r\n\r\n\r\n<h2 class=\"grenB f24 cblue\" style=\"margin-top: 3rem\">Montrez \u00e0 quelqu&#8217;un \u00e0 quel point vous tenez \u00e0 lui\/elle<\/h2>\r\n\r\n\r\n\r\n<p style=\"margin-top: 1rem\">Les cadeaux personnalis\u00e9s sont une fa\u00e7on vraiment unique et significative de montrer \u00e0 quelqu&#8217;un \u00e0 quel point vous tenez \u00e0 lui\/elle. Contrairement aux articles g\u00e9n\u00e9riques vendus en magasin, les cadeaux personnalis\u00e9s ont une touche sp\u00e9ciale qui ne peut pas \u00eatre reproduite &#8211; ils vous permettent d&#8217;ajouter votre touche personnelle pour en faire quelque chose d&#8217;unique. De plus, lorsque quelqu&#8217;un re\u00e7oit un cadeau personnalis\u00e9, il sait qu&#8217;il a \u00e9t\u00e9 fait juste pour lui, ce qui le rend encore plus sp\u00e9cial et m\u00e9morable. Les cadeaux personnalis\u00e9s sont s\u00fbrs de rester dans les m\u00e9moires longtemps apr\u00e8s qu&#8217;un article ordinaire ait \u00e9t\u00e9 oubli\u00e9.<\/p>\r\n\r\n\r\n\r\n<p style=\"margin-top: 1rem\">Ne ratez pas l&#8217;occasion de montrer \u00e0 quelqu&#8217;un de sp\u00e9cial \u00e0 quel point vous tenez \u00e0 lui\/elle &#8211; obtenez d\u00e8s aujourd&#8217;hui votre impression ou votre toile personnalis\u00e9e de la Carte des \u00c9toiles Triple ! C&#8217;est s\u00fbr, ce sera un cadeau inoubliable dont on se souviendra pendant des ann\u00e9es.<\/p>","protected":false},"excerpt":{"rendered":"<ul class=\"check-list\">\n<li> Ajoutez des constellations et la Voie Lact\u00e9e<\/li>\n<li>Personnalisez votre design en 3 \u00e9tapes simples<\/li>\n<li>Incluez un texte personnalis\u00e9 significatif<\/li>\n<li>Visualisez le r\u00e9sultat imm\u00e9diatement \u2013 l\u2019aper\u00e7u interactif vous permet de peaufiner chaque d\u00e9tail<\/li>\n<\/ul>\n","protected":false},"featured_media":1240826,"template":"","meta":[],"product_brand":[],"product_cat":[11529,11532,11533,11530,11534,11531,11607,264,8243,7685,8006,104,9096],"product_tag":[14858],"class_list":{"0":"post-421638","1":"product","2":"type-product","3":"status-publish","4":"has-post-thumbnail","6":"product_cat-1-an-de-mariage","7":"product_cat-10-ans-de-mariage","8":"product_cat-15-ans-de-mariage","9":"product_cat-2-ans-de-mariage","10":"product_cat-20-ans-de-mariage","11":"product_cat-5-ans-de-mariage","12":"product_cat-50-ans-de-mariage","13":"product_cat-creators-fr-2","14":"product_cat-digital-products-fr","15":"product_cat-cadeaux-pour-femmes","16":"product_cat-cadeaux-pour-hommes","17":"product_cat-tous-les-produits","18":"product_cat-trio-stars-fr","19":"product_tag-creators-fr-2","21":"first","22":"instock","23":"sale","24":"taxable","25":"shipping-taxable","26":"purchasable","27":"product-type-variable"},"yoast_head":"<!-- This site is optimized with the Yoast SEO Premium plugin v27.2 (Yoast SEO v27.2) - https:\/\/yoast.com\/product\/yoast-seo-premium-wordpress\/ -->\n<title>Carte des \u00c9toiles Triple - Positive Prints<\/title>\n<meta name=\"description\" content=\"D\u00e9couvrez une repr\u00e9sentation c\u00e9leste unique de trois moments pr\u00e9cieux de votre vie avec ce fichier num\u00e9rique qui transforme des dates sp\u00e9ciales en un triptyque stellaire personnalis\u00e9, capturant la magie du ciel tel qu&#039;il \u00e9tait lors de vos instants les plus m\u00e9morables.\" \/>\n<meta name=\"robots\" content=\"index, follow, max-snippet:-1, max-image-preview:large, max-video-preview:-1\" \/>\n<link rel=\"canonical\" href=\"https:\/\/positiveprints.com\/fr\/produit\/carte-des-etoiles-triple\/\" \/>\n<meta property=\"og:locale\" content=\"fr_FR\" \/>\n<meta property=\"og:type\" content=\"article\" \/>\n<meta property=\"og:title\" content=\"Carte des \u00c9toiles Triple\" \/>\n<meta property=\"og:description\" content=\"Ajoutez des constellations et la Voie Lact\u00e9e Personnalisez votre design en 3 \u00e9tapes simples Incluez un texte personnalis\u00e9 significatif Visualisez le r\u00e9sultat imm\u00e9diatement \u2013 l\u2019aper\u00e7u interactif vous permet de peaufiner chaque d\u00e9tail\" \/>\n<meta property=\"og:url\" content=\"https:\/\/positiveprints.com\/fr\/produit\/carte-des-etoiles-triple\/\" \/>\n<meta property=\"og:site_name\" content=\"Positive Prints\" \/>\n<meta property=\"article:publisher\" content=\"https:\/\/www.facebook.com\/positiveprintscom\" \/>\n<meta property=\"article:modified_time\" content=\"2026-04-12T21:38:23+00:00\" \/>\n<meta property=\"og:image\" content=\"https:\/\/positiveprints.com\/wp-content\/uploads\/2024\/10\/Packshot_FR_Triple-Star-Map-product-image-1.webp\" \/>\n\t<meta property=\"og:image:width\" content=\"1450\" \/>\n\t<meta property=\"og:image:height\" content=\"1450\" \/>\n\t<meta property=\"og:image:type\" content=\"image\/webp\" \/>\n<meta name=\"twitter:card\" content=\"summary_large_image\" \/>\n<meta name=\"twitter:label1\" content=\"Dur\u00e9e de lecture estim\u00e9e\" \/>\n\t<meta name=\"twitter:data1\" content=\"2 minutes\" \/>\n<!-- \/ Yoast SEO Premium plugin. -->","yoast_head_json":{"title":"Carte des \u00c9toiles Triple - Positive Prints","description":"D\u00e9couvrez une repr\u00e9sentation c\u00e9leste unique de trois moments pr\u00e9cieux de votre vie avec ce fichier num\u00e9rique qui transforme des dates sp\u00e9ciales en un triptyque stellaire personnalis\u00e9, capturant la magie du ciel tel qu'il \u00e9tait lors de vos instants les plus m\u00e9morables.","robots":{"index":"index","follow":"follow","max-snippet":"max-snippet:-1","max-image-preview":"max-image-preview:large","max-video-preview":"max-video-preview:-1"},"canonical":"https:\/\/positiveprints.com\/fr\/produit\/carte-des-etoiles-triple\/","og_locale":"fr_FR","og_type":"article","og_title":"Carte des \u00c9toiles Triple","og_description":"Ajoutez des constellations et la Voie Lact\u00e9e Personnalisez votre design en 3 \u00e9tapes simples Incluez un texte personnalis\u00e9 significatif Visualisez le r\u00e9sultat imm\u00e9diatement \u2013 l\u2019aper\u00e7u interactif vous permet de peaufiner chaque d\u00e9tail","og_url":"https:\/\/positiveprints.com\/fr\/produit\/carte-des-etoiles-triple\/","og_site_name":"Positive Prints","article_publisher":"https:\/\/www.facebook.com\/positiveprintscom","article_modified_time":"2026-04-12T21:38:23+00:00","og_image":[{"width":1450,"height":1450,"url":"https:\/\/positiveprints.com\/wp-content\/uploads\/2024\/10\/Packshot_FR_Triple-Star-Map-product-image-1.webp","type":"image\/webp"}],"twitter_card":"summary_large_image","twitter_misc":{"Dur\u00e9e de lecture estim\u00e9e":"2 minutes"},"schema":{"@context":"https:\/\/schema.org","@graph":[{"@type":["WebPage","ItemPage"],"@id":"https:\/\/positiveprints.com\/fr\/produit\/carte-des-etoiles-triple\/","url":"https:\/\/positiveprints.com\/fr\/produit\/carte-des-etoiles-triple\/","name":"Carte des \u00c9toiles Triple - Positive Prints","isPartOf":{"@id":"https:\/\/positiveprints.com\/fr\/#website"},"primaryImageOfPage":{"@id":"https:\/\/positiveprints.com\/fr\/produit\/carte-des-etoiles-triple\/#primaryimage"},"image":{"@id":"https:\/\/positiveprints.com\/fr\/produit\/carte-des-etoiles-triple\/#primaryimage"},"thumbnailUrl":"https:\/\/positiveprints.com\/wp-content\/uploads\/2024\/10\/Packshot_FR_Triple-Star-Map-product-image-1.webp","datePublished":"2023-02-23T22:27:00+00:00","dateModified":"2026-04-12T21:38:23+00:00","description":"D\u00e9couvrez une repr\u00e9sentation c\u00e9leste unique de trois moments pr\u00e9cieux de votre vie avec ce fichier num\u00e9rique qui transforme des dates sp\u00e9ciales en un triptyque stellaire personnalis\u00e9, capturant la magie du ciel tel qu'il \u00e9tait lors de vos instants les plus m\u00e9morables.","breadcrumb":{"@id":"https:\/\/positiveprints.com\/fr\/produit\/carte-des-etoiles-triple\/#breadcrumb"},"inLanguage":"fr-FR","potentialAction":[{"@type":"ReadAction","target":["https:\/\/positiveprints.com\/fr\/produit\/carte-des-etoiles-triple\/"]}]},{"@type":"ImageObject","inLanguage":"fr-FR","@id":"https:\/\/positiveprints.com\/fr\/produit\/carte-des-etoiles-triple\/#primaryimage","url":"https:\/\/positiveprints.com\/wp-content\/uploads\/2024\/10\/Packshot_FR_Triple-Star-Map-product-image-1.webp","contentUrl":"https:\/\/positiveprints.com\/wp-content\/uploads\/2024\/10\/Packshot_FR_Triple-Star-Map-product-image-1.webp","width":1450,"height":1450,"caption":"Packshot_FR_Triple Star Map product image"},{"@type":"BreadcrumbList","@id":"https:\/\/positiveprints.com\/fr\/produit\/carte-des-etoiles-triple\/#breadcrumb","itemListElement":[{"@type":"ListItem","position":1,"name":"Home","item":"https:\/\/positiveprints.com\/fr\/"},{"@type":"ListItem","position":2,"name":"Produits","item":"https:\/\/positiveprints.com\/fr\/shop\/"},{"@type":"ListItem","position":3,"name":"Carte des \u00c9toiles Triple"}]},{"@type":"WebSite","@id":"https:\/\/positiveprints.com\/fr\/#website","url":"https:\/\/positiveprints.com\/fr\/","name":"Positive Prints","description":"Amazing Custom Personalized Gifts","publisher":{"@id":"https:\/\/positiveprints.com\/fr\/#organization"},"potentialAction":[{"@type":"SearchAction","target":{"@type":"EntryPoint","urlTemplate":"https:\/\/positiveprints.com\/fr\/?s={search_term_string}"},"query-input":{"@type":"PropertyValueSpecification","valueRequired":true,"valueName":"search_term_string"}}],"inLanguage":"fr-FR"},{"@type":"Organization","@id":"https:\/\/positiveprints.com\/fr\/#organization","name":"Positive Prints","alternateName":"Positive Prints","url":"https:\/\/positiveprints.com\/fr\/","logo":{"@type":"ImageObject","inLanguage":"fr-FR","@id":"https:\/\/positiveprints.com\/fr\/#\/schema\/logo\/image\/","url":"https:\/\/positiveprints.com\/wp-content\/uploads\/2026\/03\/245815646_1337939713319158_5671353136411139666_n.png","contentUrl":"https:\/\/positiveprints.com\/wp-content\/uploads\/2026\/03\/245815646_1337939713319158_5671353136411139666_n.png","width":800,"height":800,"caption":"Positive Prints"},"image":{"@id":"https:\/\/positiveprints.com\/fr\/#\/schema\/logo\/image\/"},"sameAs":["https:\/\/www.facebook.com\/positiveprintscom","https:\/\/www.instagram.com\/positiveprintscom\/","https:\/\/www.tiktok.com\/@positiveprintscom","https:\/\/www.pinterest.com\/positiveprintscom\/"]}]}},"jetpack_sharing_enabled":true,"_links":{"self":[{"href":"https:\/\/positiveprints.com\/fr\/wp-json\/wp\/v2\/product\/421638","targetHints":{"allow":["GET"]}}],"collection":[{"href":"https:\/\/positiveprints.com\/fr\/wp-json\/wp\/v2\/product"}],"about":[{"href":"https:\/\/positiveprints.com\/fr\/wp-json\/wp\/v2\/types\/product"}],"wp:featuredmedia":[{"embeddable":true,"href":"https:\/\/positiveprints.com\/fr\/wp-json\/wp\/v2\/media\/1240826"}],"wp:attachment":[{"href":"https:\/\/positiveprints.com\/fr\/wp-json\/wp\/v2\/media?parent=421638"}],"wp:term":[{"taxonomy":"product_brand","embeddable":true,"href":"https:\/\/positiveprints.com\/fr\/wp-json\/wp\/v2\/product_brand?post=421638"},{"taxonomy":"product_cat","embeddable":true,"href":"https:\/\/positiveprints.com\/fr\/wp-json\/wp\/v2\/product_cat?post=421638"},{"taxonomy":"product_tag","embeddable":true,"href":"https:\/\/positiveprints.com\/fr\/wp-json\/wp\/v2\/product_tag?post=421638"}],"curies":[{"name":"wp","href":"https:\/\/api.w.org\/{rel}","templated":true}]}}