{"id":400371,"date":"2023-01-25T11:18:24","date_gmt":"2023-01-25T10:18:57","guid":{"rendered":"https:\/\/positiveprints.com\/?post_type=product&#038;p=400371"},"modified":"2026-04-12T22:44:04","modified_gmt":"2026-04-12T21:44:04","slug":"le-jour-de-votre-bapteme","status":"publish","type":"product","link":"https:\/\/positiveprints.com\/fr\/produit\/le-jour-de-votre-bapteme\/","title":{"rendered":"Le Jour de Ton Bapt\u00eame"},"content":{"rendered":"<p>C\u00e9l\u00e9brez un jour sp\u00e9cial de la foi avec un superbe\u00a0cadeau de bapt\u00eame ! Que vous choisissiez quelque chose de significatif pour votre filleul ou que vous recherchiez le cadeau parfait pour les parrains et marraines, nous avons quelque chose de beau et d&#8217;attentionn\u00e9 pour r\u00e9pondre \u00e0 tous les besoins. Notre \u0153uvre d&#8217;art Le Jour de Votre Bapt\u00eame sera un rappel de la foi et de la joie tout au long de leur vie. Commencez donc \u00e0 cr\u00e9er cet objet unique pour c\u00e9l\u00e9brer leur jour sp\u00e9cial.<\/p>\r\n<h2 class=\"grenB f24 cblue\" style=\"margin-top: 3rem\">D\u00e9coration murale personnalis\u00e9e Le Jour de Votre Bapt\u00eame<\/h2>\r\n<p style=\"margin-top: 1rem\">Offrir une\u00a0carte des \u00e9toiles personnalis\u00e9e\u00a0comme cadeau de bapt\u00eame est une fa\u00e7on inoubliable de comm\u00e9morer cette occasion sp\u00e9ciale. La carte montrera le ciel nocturne avec ses \u00e9toiles et ses constellations le jour exact o\u00f9 l&#8217;enfant a \u00e9t\u00e9 baptis\u00e9, lui permettant de se rem\u00e9morer ce jour sp\u00e9cial pour toujours. Ce cadeau unique peut \u00eatre encadr\u00e9 et accroch\u00e9 dans sa chambre ou conserv\u00e9 dans un endroit s\u00fbr pour servir de rappel \u00e9ternel de sa foi.<\/p>\r\n<p style=\"margin-top: 1rem\">La carte elle-m\u00eame est personnalisable, de sorte qu&#8217;il existe de nombreuses options pour la rendre unique. Une carte comportant une citation religieuse \u00e9crite en dessous peut constituer un cadeau significatif qui c\u00e9l\u00e8bre le jour du bapt\u00eame ainsi que la foi elle-m\u00eame. En offrant ce rappel personnalis\u00e9 de la pr\u00e9sence de Dieu, les parrains et marraines montrent qu&#8217;ils sont r\u00e9ellement investis dans le cheminement spirituel de l&#8217;enfant.<\/p>\r\n<h2 class=\"grenB f24 cblue\" style=\"margin-top: 3rem\">C\u00e9l\u00e9brez le Jour du Bapt\u00eame !<\/h2>\r\n<p style=\"margin-top: 1rem\">Le jour du bapt\u00eame, la famille et les amis se r\u00e9unissent pour c\u00e9l\u00e9brer l&#8217;occasion. C&#8217;est un \u00e9v\u00e9nement joyeux et significatif, car la personne nouvellement baptis\u00e9e est accueillie dans la foi. Dans le cadre de la c\u00e9r\u00e9monie, les parrains et marraines peuvent \u00e9galement offrir des cadeaux \u00e0 leur filleul afin de favoriser la religiosit\u00e9 et la croissance spirituelle. Les cadeaux peuvent aller de croix et de chapelets \u00e0 des livres ou d&#8217;autres articles religieux.<\/p>\r\n<p style=\"margin-top: 1rem\">La c\u00e9r\u00e9monie de bapt\u00eame proprement dite comporte g\u00e9n\u00e9ralement plusieurs \u00e9tapes, telles que l&#8217;onction, le renoncement au p\u00e9ch\u00e9 et la profession de foi. Pendant le bapt\u00eame, le pr\u00eatre versera trois fois de l&#8217;eau b\u00e9nite sur la t\u00eate de la personne baptis\u00e9e comme signe qu&#8217;elle fait d\u00e9sormais partie de la famille de Dieu. \u00c0 ce moment-l\u00e0, les membres de la famille peuvent prononcer des paroles de b\u00e9n\u00e9diction \u00e0 son \u00e9gard pour lui signifier leur soutien dans son cheminement spirituel \u00e0 venir.<\/p>\r\n<h2 class=\"grenB f24 cblue\" style=\"margin-top: 3rem\">Le Cadeau Parfait pour Votre Filleul(e) ou vos Parrains et Marraines<\/h2>\r\n<p style=\"margin-top: 1rem\">Les parrains et marraines jouent un r\u00f4le important dans la vie des nouveaux baptis\u00e9s et deviennent souvent des figures importantes de conseil et de soutien. Les parrains et marraines assument la responsabilit\u00e9 de l&#8217;\u00e9ducation religieuse de leur filleul(e), et contribuent \u00e0 lui apporter un soutien moral et spirituel \u00e0 mesure qu&#8217;il(elle) grandit. On attend \u00e9galement d&#8217;eux qu&#8217;ils donnent le bon exemple et encouragent de saines habitudes spirituelles, comme la fr\u00e9quentation de l&#8217;\u00e9glise et la pri\u00e8re.<\/p>\r\n<p style=\"margin-top: 1rem\">Les parrains et marraines peuvent offrir des cadeaux significatifs lors du bapt\u00eame, qui refl\u00e8tent leur propre foi ou inspirent le nouveau baptis\u00e9 \u00e0 poursuivre son cheminement. Ces cadeaux peuvent inclure des croix, des bibles, des chapelets ou d&#8217;autres objets qui symbolisent l&#8217;engagement envers leur foi. De nombreuses familles choisissent \u00e9galement de faire signer un document officiel aux parrains et marraines lorsqu&#8217;ils acceptent ce r\u00f4le, afin de renforcer la relation entre eux et le(la) filleul(e).<\/p>","protected":false},"excerpt":{"rendered":"<ul class=\"check-list\">\n<li>C\u00e9l\u00e9brez le jour sp\u00e9cial du bapt\u00eame avec un cadeau durable et capturez la beaut\u00e9 de cet \u00e9v\u00e9nement<\/li>\n<li>Ajoutez des plan\u00e8tes, des constellations et la Voie lact\u00e9e <\/li>\n<li>Personnalisez votre design en 3 \u00e9tapes simples<\/li>\n<li>Incluez un texte personnalis\u00e9 significatif<\/li>\n<li>Visualisez le r\u00e9sultat imm\u00e9diatement \u2013 l\u2019aper\u00e7u interactif vous permet de peaufiner chaque d\u00e9tail<\/li>\n<\/ul>\n","protected":false},"featured_media":1354618,"template":"","meta":[],"product_brand":[],"product_cat":[7589,2878,104],"product_tag":[15119,15120,15121,8383,15122,15123,15124],"class_list":{"0":"post-400371","1":"product","2":"type-product","3":"status-publish","4":"has-post-thumbnail","6":"product_cat-cadeaux-de-bapteme","7":"product_cat-star-fr-2","8":"product_cat-tous-les-produits","9":"product_tag-baby-baptism-gift-fr","10":"product_tag-baptism-gift-fr","11":"product_tag-baptism-gifts-fr","12":"product_tag-baptism-fr","13":"product_tag-christening-gift-fr","14":"product_tag-christening-gifts-fr","15":"product_tag-religious-gift-fr","17":"first","18":"instock","19":"sale","20":"taxable","21":"shipping-taxable","22":"purchasable","23":"product-type-variable"},"yoast_head":"<!-- This site is optimized with the Yoast SEO Premium plugin v27.2 (Yoast SEO v27.2) - https:\/\/yoast.com\/product\/yoast-seo-premium-wordpress\/ -->\n<title>Le Jour de Ton Bapt\u00eame - Positive Prints<\/title>\n<meta name=\"description\" content=\"Comm\u00e9morez ce sacrement pr\u00e9cieux avec un poster \u00e9l\u00e9gant qui capture la beaut\u00e9 et la spiritualit\u00e9 de ce jour sp\u00e9cial, un cadeau de bapt\u00eame intemporel qui sera ch\u00e9ri pendant des ann\u00e9es.\" \/>\n<meta name=\"robots\" content=\"index, follow, max-snippet:-1, max-image-preview:large, max-video-preview:-1\" \/>\n<link rel=\"canonical\" href=\"https:\/\/positiveprints.com\/fr\/produit\/le-jour-de-votre-bapteme\/\" \/>\n<meta property=\"og:locale\" content=\"fr_FR\" \/>\n<meta property=\"og:type\" content=\"article\" \/>\n<meta property=\"og:title\" content=\"Le Jour de Ton Bapt\u00eame\" \/>\n<meta property=\"og:description\" content=\"C\u00e9l\u00e9brez le jour sp\u00e9cial du bapt\u00eame avec un cadeau durable et capturez la beaut\u00e9 de cet \u00e9v\u00e9nement Ajoutez des plan\u00e8tes, des constellations et la Voie lact\u00e9e  Personnalisez votre design en 3 \u00e9tapes simples Incluez un texte personnalis\u00e9 significatif Visualisez le r\u00e9sultat imm\u00e9diatement \u2013 l\u2019aper\u00e7u interactif vous permet de peaufiner chaque d\u00e9tail\" \/>\n<meta property=\"og:url\" content=\"https:\/\/positiveprints.com\/fr\/produit\/le-jour-de-votre-bapteme\/\" \/>\n<meta property=\"og:site_name\" content=\"Positive Prints\" \/>\n<meta property=\"article:publisher\" content=\"https:\/\/www.facebook.com\/positiveprintscom\" \/>\n<meta property=\"article:modified_time\" content=\"2026-04-12T21:44:04+00:00\" \/>\n<meta property=\"og:image\" content=\"https:\/\/positiveprints.com\/wp-content\/uploads\/2025\/02\/Le-Jour-de-Votre-Bapte\u0302me-1.webp\" \/>\n\t<meta property=\"og:image:width\" content=\"1450\" \/>\n\t<meta property=\"og:image:height\" content=\"1450\" \/>\n\t<meta property=\"og:image:type\" content=\"image\/webp\" \/>\n<meta name=\"twitter:card\" content=\"summary_large_image\" \/>\n<meta name=\"twitter:label1\" content=\"Dur\u00e9e de lecture estim\u00e9e\" \/>\n\t<meta name=\"twitter:data1\" content=\"3 minutes\" \/>\n<!-- \/ Yoast SEO Premium plugin. -->","yoast_head_json":{"title":"Le Jour de Ton Bapt\u00eame - Positive Prints","description":"Comm\u00e9morez ce sacrement pr\u00e9cieux avec un poster \u00e9l\u00e9gant qui capture la beaut\u00e9 et la spiritualit\u00e9 de ce jour sp\u00e9cial, un cadeau de bapt\u00eame intemporel qui sera ch\u00e9ri pendant des ann\u00e9es.","robots":{"index":"index","follow":"follow","max-snippet":"max-snippet:-1","max-image-preview":"max-image-preview:large","max-video-preview":"max-video-preview:-1"},"canonical":"https:\/\/positiveprints.com\/fr\/produit\/le-jour-de-votre-bapteme\/","og_locale":"fr_FR","og_type":"article","og_title":"Le Jour de Ton Bapt\u00eame","og_description":"C\u00e9l\u00e9brez le jour sp\u00e9cial du bapt\u00eame avec un cadeau durable et capturez la beaut\u00e9 de cet \u00e9v\u00e9nement Ajoutez des plan\u00e8tes, des constellations et la Voie lact\u00e9e  Personnalisez votre design en 3 \u00e9tapes simples Incluez un texte personnalis\u00e9 significatif Visualisez le r\u00e9sultat imm\u00e9diatement \u2013 l\u2019aper\u00e7u interactif vous permet de peaufiner chaque d\u00e9tail","og_url":"https:\/\/positiveprints.com\/fr\/produit\/le-jour-de-votre-bapteme\/","og_site_name":"Positive Prints","article_publisher":"https:\/\/www.facebook.com\/positiveprintscom","article_modified_time":"2026-04-12T21:44:04+00:00","og_image":[{"width":1450,"height":1450,"url":"https:\/\/positiveprints.com\/wp-content\/uploads\/2025\/02\/Le-Jour-de-Votre-Bapte\u0302me-1.webp","type":"image\/webp"}],"twitter_card":"summary_large_image","twitter_misc":{"Dur\u00e9e de lecture estim\u00e9e":"3 minutes"},"schema":{"@context":"https:\/\/schema.org","@graph":[{"@type":["WebPage","ItemPage"],"@id":"https:\/\/positiveprints.com\/fr\/produit\/le-jour-de-votre-bapteme\/","url":"https:\/\/positiveprints.com\/fr\/produit\/le-jour-de-votre-bapteme\/","name":"Le Jour de Ton Bapt\u00eame - Positive Prints","isPartOf":{"@id":"https:\/\/positiveprints.com\/fr\/#website"},"primaryImageOfPage":{"@id":"https:\/\/positiveprints.com\/fr\/produit\/le-jour-de-votre-bapteme\/#primaryimage"},"image":{"@id":"https:\/\/positiveprints.com\/fr\/produit\/le-jour-de-votre-bapteme\/#primaryimage"},"thumbnailUrl":"https:\/\/positiveprints.com\/wp-content\/uploads\/2025\/02\/Le-Jour-de-Votre-Bapte\u0302me-1.webp","datePublished":"2023-01-25T10:18:57+00:00","dateModified":"2026-04-12T21:44:04+00:00","description":"Comm\u00e9morez ce sacrement pr\u00e9cieux avec un poster \u00e9l\u00e9gant qui capture la beaut\u00e9 et la spiritualit\u00e9 de ce jour sp\u00e9cial, un cadeau de bapt\u00eame intemporel qui sera ch\u00e9ri pendant des ann\u00e9es.","breadcrumb":{"@id":"https:\/\/positiveprints.com\/fr\/produit\/le-jour-de-votre-bapteme\/#breadcrumb"},"inLanguage":"fr-FR","potentialAction":[{"@type":"ReadAction","target":["https:\/\/positiveprints.com\/fr\/produit\/le-jour-de-votre-bapteme\/"]}]},{"@type":"ImageObject","inLanguage":"fr-FR","@id":"https:\/\/positiveprints.com\/fr\/produit\/le-jour-de-votre-bapteme\/#primaryimage","url":"https:\/\/positiveprints.com\/wp-content\/uploads\/2025\/02\/Le-Jour-de-Votre-Bapte\u0302me-1.webp","contentUrl":"https:\/\/positiveprints.com\/wp-content\/uploads\/2025\/02\/Le-Jour-de-Votre-Bapte\u0302me-1.webp","width":1450,"height":1450},{"@type":"BreadcrumbList","@id":"https:\/\/positiveprints.com\/fr\/produit\/le-jour-de-votre-bapteme\/#breadcrumb","itemListElement":[{"@type":"ListItem","position":1,"name":"Home","item":"https:\/\/positiveprints.com\/fr\/"},{"@type":"ListItem","position":2,"name":"Produits","item":"https:\/\/positiveprints.com\/fr\/shop\/"},{"@type":"ListItem","position":3,"name":"Le Jour de Ton Bapt\u00eame"}]},{"@type":"WebSite","@id":"https:\/\/positiveprints.com\/fr\/#website","url":"https:\/\/positiveprints.com\/fr\/","name":"Positive Prints","description":"Amazing Custom Personalized Gifts","publisher":{"@id":"https:\/\/positiveprints.com\/fr\/#organization"},"potentialAction":[{"@type":"SearchAction","target":{"@type":"EntryPoint","urlTemplate":"https:\/\/positiveprints.com\/fr\/?s={search_term_string}"},"query-input":{"@type":"PropertyValueSpecification","valueRequired":true,"valueName":"search_term_string"}}],"inLanguage":"fr-FR"},{"@type":"Organization","@id":"https:\/\/positiveprints.com\/fr\/#organization","name":"Positive Prints","alternateName":"Positive Prints","url":"https:\/\/positiveprints.com\/fr\/","logo":{"@type":"ImageObject","inLanguage":"fr-FR","@id":"https:\/\/positiveprints.com\/fr\/#\/schema\/logo\/image\/","url":"https:\/\/positiveprints.com\/wp-content\/uploads\/2026\/03\/245815646_1337939713319158_5671353136411139666_n.png","contentUrl":"https:\/\/positiveprints.com\/wp-content\/uploads\/2026\/03\/245815646_1337939713319158_5671353136411139666_n.png","width":800,"height":800,"caption":"Positive Prints"},"image":{"@id":"https:\/\/positiveprints.com\/fr\/#\/schema\/logo\/image\/"},"sameAs":["https:\/\/www.facebook.com\/positiveprintscom","https:\/\/www.instagram.com\/positiveprintscom\/","https:\/\/www.tiktok.com\/@positiveprintscom","https:\/\/www.pinterest.com\/positiveprintscom\/"]}]}},"jetpack_sharing_enabled":true,"_links":{"self":[{"href":"https:\/\/positiveprints.com\/fr\/wp-json\/wp\/v2\/product\/400371","targetHints":{"allow":["GET"]}}],"collection":[{"href":"https:\/\/positiveprints.com\/fr\/wp-json\/wp\/v2\/product"}],"about":[{"href":"https:\/\/positiveprints.com\/fr\/wp-json\/wp\/v2\/types\/product"}],"wp:featuredmedia":[{"embeddable":true,"href":"https:\/\/positiveprints.com\/fr\/wp-json\/wp\/v2\/media\/1354618"}],"wp:attachment":[{"href":"https:\/\/positiveprints.com\/fr\/wp-json\/wp\/v2\/media?parent=400371"}],"wp:term":[{"taxonomy":"product_brand","embeddable":true,"href":"https:\/\/positiveprints.com\/fr\/wp-json\/wp\/v2\/product_brand?post=400371"},{"taxonomy":"product_cat","embeddable":true,"href":"https:\/\/positiveprints.com\/fr\/wp-json\/wp\/v2\/product_cat?post=400371"},{"taxonomy":"product_tag","embeddable":true,"href":"https:\/\/positiveprints.com\/fr\/wp-json\/wp\/v2\/product_tag?post=400371"}],"curies":[{"name":"wp","href":"https:\/\/api.w.org\/{rel}","templated":true}]}}