{"id":392368,"date":"2022-12-20T11:49:13","date_gmt":"2022-12-20T10:49:13","guid":{"rendered":"https:\/\/positiveprints.com\/?post_type=product&#038;p=392368"},"modified":"2026-04-12T22:45:21","modified_gmt":"2026-04-12T21:45:21","slug":"carte-de-meilleure-amie","status":"publish","type":"product","link":"https:\/\/positiveprints.com\/fr\/produit\/carte-de-meilleure-amie\/","title":{"rendered":"Carte de Meilleur(e) Ami(e)"},"content":{"rendered":"<p style=\"margin-top: 1rem\">Montrez \u00e0 votre meilleur(e) ami(e) \u00e0 quel point il est sp\u00e9cial avec une Carte de Meilleur(e) Ami(e) personnalis\u00e9e ! Ce cadeau unique est un moyen absolument parfait de leur montrer \u00e0 quel point vous \u00eates vraiment proches, quelle que soit la distance. Vous pouvez \u00eatre s\u00fbr que vous offrez \u00e0 votre meilleur(e) ami(e) un cadeau qu&#8217;il gardera pr\u00e9cieusement pendant des ann\u00e9es.<\/p>\r\n\r\n\r\n\r\n<h2 class=\"grenB f24 cblue\" style=\"margin-top: 3rem\">Montrez \u00c0 Votre Ami(e) \u00c0 Quel Point Son Amiti\u00e9 Compte Pour Vous<\/h2>\r\n\r\n<p style=\"margin-top: 1rem\">L&#8217;amiti\u00e9 est l&#8217;une des forces les plus puissantes au monde, et la distance qui s\u00e9pare deux personnes importe peu &#8211; une v\u00e9ritable amiti\u00e9 peut r\u00e9sister \u00e0 n&#8217;importe quelle distance. Lorsque des ami(e)s vivent dans des villes, des \u00c9tats ou des pays diff\u00e9rents, cette distance peut \u00eatre difficile \u00e0 accepter. Mais ce qu&#8217;elle signifie vraiment, c&#8217;est que deux personnes se sentent profond\u00e9ment concern\u00e9es m\u00eame si elles ne peuvent pas se parler ou se voir r\u00e9guli\u00e8rement. La distance n&#8217;affaiblit pas la relation, elle la renforce. Lorsque deux ami(e)s se retrouvent apr\u00e8s un certain temps de s\u00e9paration, ils\/elles comprennent et appr\u00e9cient sans le dire \u00e0 quel point ils\/elles sont heureux(ses) d&#8217;\u00eatre enfin r\u00e9uni(e)s ! Une carte de Meilleur(e) Ami(e) est le moyen id\u00e9al de montrer \u00e0 votre ami(e) \u00e0 quel point son amiti\u00e9 compte pour vous, quelle que soit la distance.<\/p>\r\n\r\n<h2 class=\"grenB f24 cblue\" style=\"margin-top: 3rem\">La carte de Meilleur(e) Ami(e) est le cadeau id\u00e9al<\/h2>\r\n\r\n<p style=\"margin-top: 1rem\">Cette Carte de Meilleur(e) Ami(e) personnalis\u00e9e est le cadeau id\u00e9al pour le\/la meilleur(e) ami(e) de votre vie. Montrez-leur \u00e0 quel point vous \u00eates proches l&#8217;un de l&#8217;autre gr\u00e2ce \u00e0 deux cartes &#8211; l&#8217;une indiquant votre localisation et l&#8217;autre mettant en \u00e9vidence son lieu de r\u00e9sidence. Choisissez parmi une gamme de dessins et de couleurs pour correspondre \u00e0 votre esth\u00e9tique, et ajoutez un message texte personnel comme touche sp\u00e9ciale suppl\u00e9mentaire. Que vous optiez pour une affiche ou une toile imprim\u00e9e et encadr\u00e9e, ou pour un fichier de t\u00e9l\u00e9chargement num\u00e9rique instantan\u00e9, ce cadeau unique fera en sorte que votre ami(e) se sente vraiment sp\u00e9cial(e) et lui fera savoir \u00e0 quel point il\/elle compte pour vous. Faites en sorte que votre meilleur(e) ami(e) se sente vraiment appr\u00e9ci\u00e9(e) avec ce cadeau unique et attentionn\u00e9. Avec une Carte de Meilleur(e) Ami(e), vous pouvez lui montrer \u00e0 quel point son amiti\u00e9 compte pour vous. Obtenez la v\u00f4tre d\u00e8s aujourd&#8217;hui !<\/p>","protected":false},"excerpt":{"rendered":"<ul class=\"check-list\">\n<li>Ramenez des souvenirs heureux et montrez \u00e0 votre meilleur ami combien vous appr\u00e9ciez et ch\u00e9rissez le lien unique entre vous deux<\/li>\n<li>Marquez deux points sp\u00e9ciaux avec les symboles choisis<\/li>\n<li>Personnalisez en 3 \u00e9tapes simples<\/li>\n<li>Incluez un texte personnalis\u00e9 significatif<\/li>\n<li>Vois le r\u00e9sultat imm\u00e9diatement \u2013 l\u2019aper\u00e7u interactif te permet de peaufiner chaque d\u00e9tail<\/li>\n<\/ul>\n","protected":false},"featured_media":1434511,"template":"","meta":[],"product_brand":[],"product_cat":[9112,5264,7829,15042,104],"product_tag":[8626,11867,15176,15223,15177,9383,15178,13475,15218,15179,15216,15217,15221,13487,9376],"class_list":{"0":"post-392368","1":"product","2":"type-product","3":"status-publish","4":"has-post-thumbnail","6":"product_cat-double-maps-fr","7":"product_cat-cadeaux-de-noel","8":"product_cat-cadeaux-pour-amis","9":"product_cat-cadeaux-de-noel-pour-les-amis","10":"product_cat-tous-les-produits","11":"product_tag-amies","12":"product_tag-amitie","13":"product_tag-best-friend-fr","14":"product_tag-best-friends-fr","15":"product_tag-best-friends-forever-fr","16":"product_tag-besties-fr","17":"product_tag-bff-fr","18":"product_tag-cadeaux-de-noel-pour-les-amis","19":"product_tag-christmas-gifts-for-friends-fr","20":"product_tag-friend-fr","21":"product_tag-friends-fr","22":"product_tag-friendship-fr","23":"product_tag-galentines-day-fr-2","24":"product_tag-galentines-day-fr","25":"product_tag-meilleurs-amis","27":"first","28":"instock","29":"sale","30":"taxable","31":"shipping-taxable","32":"purchasable","33":"product-type-variable"},"yoast_head":"<!-- This site is optimized with the Yoast SEO Premium plugin v27.2 (Yoast SEO v27.2) - https:\/\/yoast.com\/product\/yoast-seo-premium-wordpress\/ -->\n<title>Carte de Meilleur(e) Ami(e) - Positive Prints<\/title>\n<meta name=\"robots\" content=\"index, follow, max-snippet:-1, max-image-preview:large, max-video-preview:-1\" \/>\n<link rel=\"canonical\" href=\"https:\/\/positiveprints.com\/fr\/produit\/carte-de-meilleure-amie\/\" \/>\n<meta property=\"og:locale\" content=\"fr_FR\" \/>\n<meta property=\"og:type\" content=\"article\" \/>\n<meta property=\"og:title\" content=\"Carte de Meilleur(e) Ami(e)\" \/>\n<meta property=\"og:description\" content=\"Ramenez des souvenirs heureux et montrez \u00e0 votre meilleur ami combien vous appr\u00e9ciez et ch\u00e9rissez le lien unique entre vous deux Marquez deux points sp\u00e9ciaux avec les symboles choisis Personnalisez en 3 \u00e9tapes simples Incluez un texte personnalis\u00e9 significatif Vois le r\u00e9sultat imm\u00e9diatement \u2013 l\u2019aper\u00e7u interactif te permet de peaufiner chaque d\u00e9tail\" \/>\n<meta property=\"og:url\" content=\"https:\/\/positiveprints.com\/fr\/produit\/carte-de-meilleure-amie\/\" \/>\n<meta property=\"og:site_name\" content=\"Positive Prints\" \/>\n<meta property=\"article:publisher\" content=\"https:\/\/www.facebook.com\/positiveprintscom\" \/>\n<meta property=\"article:modified_time\" content=\"2026-04-12T21:45:21+00:00\" \/>\n<meta property=\"og:image\" content=\"https:\/\/positiveprints.com\/wp-content\/uploads\/2023\/02\/Carte-de-Meilleure-Amie.jpg\" \/>\n\t<meta property=\"og:image:width\" content=\"1080\" \/>\n\t<meta property=\"og:image:height\" content=\"1080\" \/>\n\t<meta property=\"og:image:type\" content=\"image\/jpeg\" \/>\n<meta name=\"twitter:card\" content=\"summary_large_image\" \/>\n<meta name=\"twitter:label1\" content=\"Dur\u00e9e de lecture estim\u00e9e\" \/>\n\t<meta name=\"twitter:data1\" content=\"2 minutes\" \/>\n<!-- \/ Yoast SEO Premium plugin. -->","yoast_head_json":{"title":"Carte de Meilleur(e) Ami(e) - Positive Prints","robots":{"index":"index","follow":"follow","max-snippet":"max-snippet:-1","max-image-preview":"max-image-preview:large","max-video-preview":"max-video-preview:-1"},"canonical":"https:\/\/positiveprints.com\/fr\/produit\/carte-de-meilleure-amie\/","og_locale":"fr_FR","og_type":"article","og_title":"Carte de Meilleur(e) Ami(e)","og_description":"Ramenez des souvenirs heureux et montrez \u00e0 votre meilleur ami combien vous appr\u00e9ciez et ch\u00e9rissez le lien unique entre vous deux Marquez deux points sp\u00e9ciaux avec les symboles choisis Personnalisez en 3 \u00e9tapes simples Incluez un texte personnalis\u00e9 significatif Vois le r\u00e9sultat imm\u00e9diatement \u2013 l\u2019aper\u00e7u interactif te permet de peaufiner chaque d\u00e9tail","og_url":"https:\/\/positiveprints.com\/fr\/produit\/carte-de-meilleure-amie\/","og_site_name":"Positive Prints","article_publisher":"https:\/\/www.facebook.com\/positiveprintscom","article_modified_time":"2026-04-12T21:45:21+00:00","og_image":[{"width":1080,"height":1080,"url":"https:\/\/positiveprints.com\/wp-content\/uploads\/2023\/02\/Carte-de-Meilleure-Amie.jpg","type":"image\/jpeg"}],"twitter_card":"summary_large_image","twitter_misc":{"Dur\u00e9e de lecture estim\u00e9e":"2 minutes"},"schema":{"@context":"https:\/\/schema.org","@graph":[{"@type":["WebPage","ItemPage"],"@id":"https:\/\/positiveprints.com\/fr\/produit\/carte-de-meilleure-amie\/","url":"https:\/\/positiveprints.com\/fr\/produit\/carte-de-meilleure-amie\/","name":"Carte de Meilleur(e) Ami(e) - Positive Prints","isPartOf":{"@id":"https:\/\/positiveprints.com\/fr\/#website"},"primaryImageOfPage":{"@id":"https:\/\/positiveprints.com\/fr\/produit\/carte-de-meilleure-amie\/#primaryimage"},"image":{"@id":"https:\/\/positiveprints.com\/fr\/produit\/carte-de-meilleure-amie\/#primaryimage"},"thumbnailUrl":"https:\/\/positiveprints.com\/wp-content\/uploads\/2025\/05\/Carte-de-Meilleure-Amie-1.webp","datePublished":"2022-12-20T10:49:13+00:00","dateModified":"2026-04-12T21:45:21+00:00","breadcrumb":{"@id":"https:\/\/positiveprints.com\/fr\/produit\/carte-de-meilleure-amie\/#breadcrumb"},"inLanguage":"fr-FR","potentialAction":[{"@type":"ReadAction","target":["https:\/\/positiveprints.com\/fr\/produit\/carte-de-meilleure-amie\/"]}]},{"@type":"ImageObject","inLanguage":"fr-FR","@id":"https:\/\/positiveprints.com\/fr\/produit\/carte-de-meilleure-amie\/#primaryimage","url":"https:\/\/positiveprints.com\/wp-content\/uploads\/2025\/05\/Carte-de-Meilleure-Amie-1.webp","contentUrl":"https:\/\/positiveprints.com\/wp-content\/uploads\/2025\/05\/Carte-de-Meilleure-Amie-1.webp","width":1450,"height":1450},{"@type":"BreadcrumbList","@id":"https:\/\/positiveprints.com\/fr\/produit\/carte-de-meilleure-amie\/#breadcrumb","itemListElement":[{"@type":"ListItem","position":1,"name":"Home","item":"https:\/\/positiveprints.com\/fr\/"},{"@type":"ListItem","position":2,"name":"Produits","item":"https:\/\/positiveprints.com\/fr\/shop\/"},{"@type":"ListItem","position":3,"name":"Carte de Meilleur(e) Ami(e)"}]},{"@type":"WebSite","@id":"https:\/\/positiveprints.com\/fr\/#website","url":"https:\/\/positiveprints.com\/fr\/","name":"Positive Prints","description":"Amazing Custom Personalized Gifts","publisher":{"@id":"https:\/\/positiveprints.com\/fr\/#organization"},"potentialAction":[{"@type":"SearchAction","target":{"@type":"EntryPoint","urlTemplate":"https:\/\/positiveprints.com\/fr\/?s={search_term_string}"},"query-input":{"@type":"PropertyValueSpecification","valueRequired":true,"valueName":"search_term_string"}}],"inLanguage":"fr-FR"},{"@type":"Organization","@id":"https:\/\/positiveprints.com\/fr\/#organization","name":"Positive Prints","alternateName":"Positive Prints","url":"https:\/\/positiveprints.com\/fr\/","logo":{"@type":"ImageObject","inLanguage":"fr-FR","@id":"https:\/\/positiveprints.com\/fr\/#\/schema\/logo\/image\/","url":"https:\/\/positiveprints.com\/wp-content\/uploads\/2026\/03\/245815646_1337939713319158_5671353136411139666_n.png","contentUrl":"https:\/\/positiveprints.com\/wp-content\/uploads\/2026\/03\/245815646_1337939713319158_5671353136411139666_n.png","width":800,"height":800,"caption":"Positive Prints"},"image":{"@id":"https:\/\/positiveprints.com\/fr\/#\/schema\/logo\/image\/"},"sameAs":["https:\/\/www.facebook.com\/positiveprintscom","https:\/\/www.instagram.com\/positiveprintscom\/","https:\/\/www.tiktok.com\/@positiveprintscom","https:\/\/www.pinterest.com\/positiveprintscom\/"]}]}},"jetpack_sharing_enabled":true,"_links":{"self":[{"href":"https:\/\/positiveprints.com\/fr\/wp-json\/wp\/v2\/product\/392368","targetHints":{"allow":["GET"]}}],"collection":[{"href":"https:\/\/positiveprints.com\/fr\/wp-json\/wp\/v2\/product"}],"about":[{"href":"https:\/\/positiveprints.com\/fr\/wp-json\/wp\/v2\/types\/product"}],"wp:featuredmedia":[{"embeddable":true,"href":"https:\/\/positiveprints.com\/fr\/wp-json\/wp\/v2\/media\/1434511"}],"wp:attachment":[{"href":"https:\/\/positiveprints.com\/fr\/wp-json\/wp\/v2\/media?parent=392368"}],"wp:term":[{"taxonomy":"product_brand","embeddable":true,"href":"https:\/\/positiveprints.com\/fr\/wp-json\/wp\/v2\/product_brand?post=392368"},{"taxonomy":"product_cat","embeddable":true,"href":"https:\/\/positiveprints.com\/fr\/wp-json\/wp\/v2\/product_cat?post=392368"},{"taxonomy":"product_tag","embeddable":true,"href":"https:\/\/positiveprints.com\/fr\/wp-json\/wp\/v2\/product_tag?post=392368"}],"curies":[{"name":"wp","href":"https:\/\/api.w.org\/{rel}","templated":true}]}}