{"id":392328,"date":"2022-12-07T09:12:30","date_gmt":"2022-12-07T08:12:30","guid":{"rendered":"https:\/\/positiveprints.com\/?post_type=product&#038;p=392328"},"modified":"2026-04-07T15:25:20","modified_gmt":"2026-04-07T14:25:20","slug":"carte-damour","status":"publish","type":"product","link":"https:\/\/positiveprints.com\/fr\/produit\/carte-damour\/","title":{"rendered":"Carte d&#8217;Amour"},"content":{"rendered":"<p style=\"margin-top: 1rem\">Faites passer l&#8217;amour \u00e0 un tout autre niveau avec notre Carte d&#8217;Amour ! Que vous et votre amoureux ayez grandi dans deux endroits diff\u00e9rents, ou qu&#8217;il y ait des lieux significatifs dont vous vous souviendrez toujours ensemble, la Carte d&#8217;Amour vous permet de les comm\u00e9morer tous les deux dans un souvenir unique.<\/p>\r\n\r\n\r\n<h2 class=\"grenB f24 cblue\" style=\"margin-top: 3rem\">Lieux Importants pour Vous et Votre Bien-Aim\u00e9(e)<\/h2>\r\n\r\n<p style=\"margin-top: 1rem\">Il y a quelque chose de si sp\u00e9cial dans les lieux qui ont une histoire d&#8217;amour profonde et significative pour vous et votre partenaire. Que ce soit l&#8217;endroit o\u00f9 vous avez grandi, o\u00f9 vous vous \u00eates rencontr\u00e9s pour la premi\u00e8re fois, o\u00f9 vous avez eu votre premier baiser, o\u00f9 vous vous \u00eates fianc\u00e9s ou mari\u00e9s, ou m\u00eame le lieu de votre premi\u00e8re maison ensemble &#8211; ces endroits sont une partie importante de ce qui lie deux personnes en amour.<\/p>\r\n\r\n<p style=\"margin-top: 1rem\">L&#8217;amour efface tout le reste et peut faire passer de petits moments pour des moments monumentaux ; en gardant des lieux comme ceux-ci en m\u00e9moire, vous pr\u00e9serverez ces moments pour toujours. Qu&#8217;il s&#8217;agisse d&#8217;une visite occasionnelle ou d&#8217;un simple partage de souvenirs en ligne, la comm\u00e9moration des lieux qui lient deux amoureux apportera plus d&#8217;amour dans votre relation &#8211; et dans le reste de votre vie.<\/p>\r\n\r\n\r\n<h2 class=\"grenB f24 cblue\" style=\"margin-top: 3rem\">Personnalisez Votre Carte d&#8217;Amour<\/h2>\r\n\r\n<p style=\"margin-top: 1rem\">Montrez votre amour avec une Carte d&#8217;Amour ! Ces cartes personnalis\u00e9es affichent deux localisations &#8211; la v\u00f4tre et celle de votre bien-aim\u00e9(e). Une carte en forme de c\u0153ur, d\u00e9taillant les lieux o\u00f9 vous avez grandi l&#8217;un \u00e0 c\u00f4t\u00e9 de l&#8217;autre, constitue une belle fa\u00e7on de comm\u00e9morer votre histoire d&#8217;amour.<\/p>\r\n\r\n<p style=\"margin-top: 1rem\">Personnalisez davantage l&#8217;affiche ou l&#8217;impression sur toile avec des couleurs et du texte, cr\u00e9ant ainsi une repr\u00e9sentation unique de l&#8217;amour en visualisation. Vous pouvez ensuite les commander sous forme de tirages encadr\u00e9s, de toiles, de fichiers num\u00e9riques ou d&#8217;affiches standards &#8211; selon vos go\u00fbts ! Immortalisez tous les moments sp\u00e9ciaux pass\u00e9s ensemble en pr\u00e9servant l&#8217;amour avec une Carte d&#8217;Amour !<\/p>","protected":false},"excerpt":{"rendered":"<ul class=\"check-list\">\n<li>Capturez l&#8217;essence de deux endroits sp\u00e9ciaux avec notre affiche de carte personnalis\u00e9e<\/li>\n<li>Marquez deux points sp\u00e9ciaux avec les symboles choisis<\/li>\n<li>Personnalisez en 3 \u00e9tapes simples<\/li>\n<li>Incluez un texte personnalis\u00e9 significatif<\/li>\n<li>Vois le r\u00e9sultat imm\u00e9diatement \u2013 l\u2019aper\u00e7u interactif te permet de peaufiner chaque d\u00e9tail<\/li>\n<\/ul>\n","protected":false},"featured_media":1476185,"template":"","meta":[],"product_brand":[],"product_cat":[11175,11176,11177,11245,11246,5328,9112,7925,3118,8194,7749,7685,8006,8217,7638,7670,7781,104],"product_tag":[8518],"class_list":{"0":"post-392328","1":"product","2":"type-product","3":"status-publish","4":"has-post-thumbnail","6":"product_cat-cadeaux-danniversaire-pour-femme","7":"product_cat-cadeaux-danniversaire-pour-homme","8":"product_cat-cadeaux-danniversaire-pour-couples","9":"product_cat-cadeaux-de-saint-valentin-pour-elle","10":"product_cat-cadeaux-de-saint-valentin-pour-lui","11":"product_cat-cadeaux-de-commemorations","12":"product_cat-double-maps-fr","13":"product_cat-cadeaux-denterrement-de-vie-de-jeune-fille","14":"product_cat-cadeaux-saint-valentin","15":"product_cat-pour-elle","16":"product_cat-cadeaux-pour-epouse","17":"product_cat-cadeaux-pour-femmes","18":"product_cat-cadeaux-pour-hommes","19":"product_cat-pour-lui","20":"product_cat-cadeaux-pour-mari","21":"product_cat-cadeaux-pour-petit-ami","22":"product_cat-cadeaux-pour-petite-amie","23":"product_cat-tous-les-produits","24":"product_tag-couples-fr","26":"first","27":"instock","28":"sale","29":"taxable","30":"shipping-taxable","31":"purchasable","32":"product-type-variable"},"yoast_head":"<!-- This site is optimized with the Yoast SEO Premium plugin v27.2 (Yoast SEO v27.2) - https:\/\/yoast.com\/product\/yoast-seo-premium-wordpress\/ -->\n<title>Carte d&#039;Amour - Positive Prints<\/title>\n<meta name=\"robots\" content=\"index, follow, max-snippet:-1, max-image-preview:large, max-video-preview:-1\" \/>\n<link rel=\"canonical\" href=\"https:\/\/positiveprints.com\/fr\/produit\/carte-damour\/\" \/>\n<meta property=\"og:locale\" content=\"fr_FR\" \/>\n<meta property=\"og:type\" content=\"article\" \/>\n<meta property=\"og:title\" content=\"Carte d&#039;Amour\" \/>\n<meta property=\"og:description\" content=\"Capturez l&#039;essence de deux endroits sp\u00e9ciaux avec notre affiche de carte personnalis\u00e9e Marquez deux points sp\u00e9ciaux avec les symboles choisis Personnalisez en 3 \u00e9tapes simples Incluez un texte personnalis\u00e9 significatif Vois le r\u00e9sultat imm\u00e9diatement \u2013 l\u2019aper\u00e7u interactif te permet de peaufiner chaque d\u00e9tail\" \/>\n<meta property=\"og:url\" content=\"https:\/\/positiveprints.com\/fr\/produit\/carte-damour\/\" \/>\n<meta property=\"og:site_name\" content=\"Positive Prints\" \/>\n<meta property=\"article:publisher\" content=\"https:\/\/www.facebook.com\/positiveprintscom\" \/>\n<meta property=\"article:modified_time\" content=\"2026-04-07T14:25:20+00:00\" \/>\n<meta property=\"og:image\" content=\"https:\/\/positiveprints.com\/wp-content\/uploads\/2023\/01\/Carte-dAmour.jpg\" \/>\n\t<meta property=\"og:image:width\" content=\"1080\" \/>\n\t<meta property=\"og:image:height\" content=\"1080\" \/>\n\t<meta property=\"og:image:type\" content=\"image\/jpeg\" \/>\n<meta name=\"twitter:card\" content=\"summary_large_image\" \/>\n<meta name=\"twitter:label1\" content=\"Dur\u00e9e de lecture estim\u00e9e\" \/>\n\t<meta name=\"twitter:data1\" content=\"2 minutes\" \/>\n<!-- \/ Yoast SEO Premium plugin. -->","yoast_head_json":{"title":"Carte d'Amour - Positive Prints","robots":{"index":"index","follow":"follow","max-snippet":"max-snippet:-1","max-image-preview":"max-image-preview:large","max-video-preview":"max-video-preview:-1"},"canonical":"https:\/\/positiveprints.com\/fr\/produit\/carte-damour\/","og_locale":"fr_FR","og_type":"article","og_title":"Carte d'Amour","og_description":"Capturez l'essence de deux endroits sp\u00e9ciaux avec notre affiche de carte personnalis\u00e9e Marquez deux points sp\u00e9ciaux avec les symboles choisis Personnalisez en 3 \u00e9tapes simples Incluez un texte personnalis\u00e9 significatif Vois le r\u00e9sultat imm\u00e9diatement \u2013 l\u2019aper\u00e7u interactif te permet de peaufiner chaque d\u00e9tail","og_url":"https:\/\/positiveprints.com\/fr\/produit\/carte-damour\/","og_site_name":"Positive Prints","article_publisher":"https:\/\/www.facebook.com\/positiveprintscom","article_modified_time":"2026-04-07T14:25:20+00:00","og_image":[{"width":1080,"height":1080,"url":"https:\/\/positiveprints.com\/wp-content\/uploads\/2023\/01\/Carte-dAmour.jpg","type":"image\/jpeg"}],"twitter_card":"summary_large_image","twitter_misc":{"Dur\u00e9e de lecture estim\u00e9e":"2 minutes"},"schema":{"@context":"https:\/\/schema.org","@graph":[{"@type":["WebPage","ItemPage"],"@id":"https:\/\/positiveprints.com\/fr\/produit\/carte-damour\/","url":"https:\/\/positiveprints.com\/fr\/produit\/carte-damour\/","name":"Carte d'Amour - Positive Prints","isPartOf":{"@id":"https:\/\/positiveprints.com\/fr\/#website"},"primaryImageOfPage":{"@id":"https:\/\/positiveprints.com\/fr\/produit\/carte-damour\/#primaryimage"},"image":{"@id":"https:\/\/positiveprints.com\/fr\/produit\/carte-damour\/#primaryimage"},"thumbnailUrl":"https:\/\/positiveprints.com\/wp-content\/uploads\/2025\/07\/Packshot_FR_Carte-dAmour.webp","datePublished":"2022-12-07T08:12:30+00:00","dateModified":"2026-04-07T14:25:20+00:00","breadcrumb":{"@id":"https:\/\/positiveprints.com\/fr\/produit\/carte-damour\/#breadcrumb"},"inLanguage":"fr-FR","potentialAction":[{"@type":"ReadAction","target":["https:\/\/positiveprints.com\/fr\/produit\/carte-damour\/"]}]},{"@type":"ImageObject","inLanguage":"fr-FR","@id":"https:\/\/positiveprints.com\/fr\/produit\/carte-damour\/#primaryimage","url":"https:\/\/positiveprints.com\/wp-content\/uploads\/2025\/07\/Packshot_FR_Carte-dAmour.webp","contentUrl":"https:\/\/positiveprints.com\/wp-content\/uploads\/2025\/07\/Packshot_FR_Carte-dAmour.webp","width":1450,"height":1450},{"@type":"BreadcrumbList","@id":"https:\/\/positiveprints.com\/fr\/produit\/carte-damour\/#breadcrumb","itemListElement":[{"@type":"ListItem","position":1,"name":"Home","item":"https:\/\/positiveprints.com\/fr\/"},{"@type":"ListItem","position":2,"name":"Produits","item":"https:\/\/positiveprints.com\/fr\/shop\/"},{"@type":"ListItem","position":3,"name":"Carte d&#8217;Amour"}]},{"@type":"WebSite","@id":"https:\/\/positiveprints.com\/fr\/#website","url":"https:\/\/positiveprints.com\/fr\/","name":"Positive Prints","description":"Amazing Custom Personalized Gifts","publisher":{"@id":"https:\/\/positiveprints.com\/fr\/#organization"},"potentialAction":[{"@type":"SearchAction","target":{"@type":"EntryPoint","urlTemplate":"https:\/\/positiveprints.com\/fr\/?s={search_term_string}"},"query-input":{"@type":"PropertyValueSpecification","valueRequired":true,"valueName":"search_term_string"}}],"inLanguage":"fr-FR"},{"@type":"Organization","@id":"https:\/\/positiveprints.com\/fr\/#organization","name":"Positive Prints","alternateName":"Positive Prints","url":"https:\/\/positiveprints.com\/fr\/","logo":{"@type":"ImageObject","inLanguage":"fr-FR","@id":"https:\/\/positiveprints.com\/fr\/#\/schema\/logo\/image\/","url":"https:\/\/positiveprints.com\/wp-content\/uploads\/2026\/03\/245815646_1337939713319158_5671353136411139666_n.png","contentUrl":"https:\/\/positiveprints.com\/wp-content\/uploads\/2026\/03\/245815646_1337939713319158_5671353136411139666_n.png","width":800,"height":800,"caption":"Positive Prints"},"image":{"@id":"https:\/\/positiveprints.com\/fr\/#\/schema\/logo\/image\/"},"sameAs":["https:\/\/www.facebook.com\/positiveprintscom","https:\/\/www.instagram.com\/positiveprintscom\/","https:\/\/www.tiktok.com\/@positiveprintscom","https:\/\/www.pinterest.com\/positiveprintscom\/"]}]}},"jetpack_sharing_enabled":true,"_links":{"self":[{"href":"https:\/\/positiveprints.com\/fr\/wp-json\/wp\/v2\/product\/392328","targetHints":{"allow":["GET"]}}],"collection":[{"href":"https:\/\/positiveprints.com\/fr\/wp-json\/wp\/v2\/product"}],"about":[{"href":"https:\/\/positiveprints.com\/fr\/wp-json\/wp\/v2\/types\/product"}],"wp:featuredmedia":[{"embeddable":true,"href":"https:\/\/positiveprints.com\/fr\/wp-json\/wp\/v2\/media\/1476185"}],"wp:attachment":[{"href":"https:\/\/positiveprints.com\/fr\/wp-json\/wp\/v2\/media?parent=392328"}],"wp:term":[{"taxonomy":"product_brand","embeddable":true,"href":"https:\/\/positiveprints.com\/fr\/wp-json\/wp\/v2\/product_brand?post=392328"},{"taxonomy":"product_cat","embeddable":true,"href":"https:\/\/positiveprints.com\/fr\/wp-json\/wp\/v2\/product_cat?post=392328"},{"taxonomy":"product_tag","embeddable":true,"href":"https:\/\/positiveprints.com\/fr\/wp-json\/wp\/v2\/product_tag?post=392328"}],"curies":[{"name":"wp","href":"https:\/\/api.w.org\/{rel}","templated":true}]}}