{"id":392256,"date":"2022-12-01T21:19:09","date_gmt":"2022-12-01T20:19:09","guid":{"rendered":"https:\/\/positiveprints.com\/?post_type=product&#038;p=392256"},"modified":"2026-04-12T22:47:57","modified_gmt":"2026-04-12T21:47:57","slug":"a-mon-ame-soeur","status":"publish","type":"product","link":"https:\/\/positiveprints.com\/fr\/produit\/a-mon-ame-soeur\/","title":{"rendered":"\u00c0 Mon \u00c2me S\u0153ur"},"content":{"rendered":"<p>Quand vous regardez le ciel nocturne, que voyez-vous ? Vois-tu l&#8217;immensit\u00e9 de l&#8217;univers et te sens-tu petit en comparaison ? Ou voyez-vous la beaut\u00e9 et la majest\u00e9 des \u00e9toiles et vous sentez-vous inspir\u00e9 ? Pour moi, regarder le ciel nocturne me rappelle qu&#8217;il y a quelqu&#8217;un dans ce monde pour moi. Quelqu&#8217;un qui voit la m\u00eame beaut\u00e9 dans les \u00e9toiles que moi. Quelqu&#8217;un qui ressent une connexion profonde avec l&#8217;univers et avec moi. C&#8217;est comme si je regardais le ciel nocturne et que je voyais mon \u00e2me s\u0153ur me refl\u00e9ter dans le ciel. <\/p>\r\n\r\n<h2 class=\"grenB f24 cblue\" style=\"margin-top: 3rem\">Notre Combinaison Parfaite<\/h2>\r\n\r\n<p style=\"margin-top: 1rem\">Une \u00e2me soeur est une personne avec laquelle nous avons un lien profond et puissant. Cette personne nous comprend et nous aime inconditionnellement, et elles sont notre combinaison parfaite. L&#8217;\u00e2me soeur nous aide \u00e0 grandir et \u00e0 \u00e9voluer, et elle nous pousse \u00e0 devenir la meilleure version de nous-m\u00eames. Elles nous font \u00e9galement nous sentir complets et entiers.<\/p>\r\n\r\n<p style=\"margin-top: 1rem\">Lorsque vous avez trouv\u00e9 votre \u00e2me s\u0153ur, il est important de ch\u00e9rir et d&#8217;entretenir cette relation. Les \u00e2mes s\u0153urs sont rares et sp\u00e9ciales, il est donc important de les traiter avec soin. Passez du temps ensemble \u00e0 faire des choses que vous aimez tous les deux, et veillez \u00e0 communiquer ouvertement et honn\u00eatement avec l&#8217;autre. Les \u00e2mes s\u0153urs sont une occasion unique dans une vie, alors assurez-vous de les ch\u00e9rir !<\/p>\r\n\r\n<h2 class=\"grenB f24 cblue\" style=\"margin-top: 3rem\">Impression Personnalis\u00e9e \u00c0 Mon \u00c2me S\u0153ur<\/h2>\r\n\r\n<p style=\"margin-top: 1rem\">Cherchez-vous un cadeau unique et romantique pour votre \u00e2me s\u0153ur ? Ne cherchez pas plus loin que \u00ab \u00c0 mon \u00c2me soeur \u00bb ! Cette affiche ou toile personnalis\u00e9e repr\u00e9sente un magnifique ciel nocturne \u00e0 une date et un endroit pr\u00e9cis, ainsi que votre propre texte. Vous pouvez m\u00eame choisir les couleurs de l&#8217;impression pour qu&#8217;elles correspondent aux couleurs pr\u00e9f\u00e9r\u00e9es de votre \u00e2me s\u0153ur. Que vous commandiez un poster imprim\u00e9, une impression encadr\u00e9e, une toile ou un fichier num\u00e9rique, vous \u00eates s\u00fbr de faire un cadeau que votre \u00e2me s\u0153ur ch\u00e9rira pour toujours. Alors n&#8217;attendez plus, commandez \u00ab \u00c0 Mon \u00c2me Soeur \u00bb d\u00e8s aujourd&#8217;hui !<\/p>","protected":false},"excerpt":{"rendered":"<ul class=\"check-list\">\n<li>C\u00e9l\u00e9brez votre \u00e2me s\u0153ur avec une carte des \u00e9toiles personnalis\u00e9e, capturant la magie de votre connexion<\/li>\n<li>Ajoutez des plan\u00e8tes, des constellations et la Voie lact\u00e9e <\/li>\n<li>Personnalisez en 3 \u00e9tapes simples<\/li>\n<li>Incluez un texte personnalis\u00e9 significatif<\/li>\n<li>Vois le r\u00e9sultat imm\u00e9diatement \u2013 l\u2019aper\u00e7u interactif te permet de peaufiner chaque d\u00e9tail<\/li>\n<\/ul>\n","protected":false},"featured_media":1332835,"template":"","meta":[],"product_brand":[],"product_cat":[11245,7685,8006,2878,104],"product_tag":[8518],"class_list":{"0":"post-392256","1":"product","2":"type-product","3":"status-publish","4":"has-post-thumbnail","6":"product_cat-cadeaux-de-saint-valentin-pour-elle","7":"product_cat-cadeaux-pour-femmes","8":"product_cat-cadeaux-pour-hommes","9":"product_cat-star-fr-2","10":"product_cat-tous-les-produits","11":"product_tag-couples-fr","13":"first","14":"instock","15":"sale","16":"taxable","17":"shipping-taxable","18":"purchasable","19":"product-type-variable"},"yoast_head":"<!-- This site is optimized with the Yoast SEO Premium plugin v27.2 (Yoast SEO v27.2) - https:\/\/yoast.com\/product\/yoast-seo-premium-wordpress\/ -->\n<title>\u00c0 Mon \u00c2me S\u0153ur - Positive Prints<\/title>\n<meta name=\"robots\" content=\"index, follow, max-snippet:-1, max-image-preview:large, max-video-preview:-1\" \/>\n<link rel=\"canonical\" href=\"https:\/\/positiveprints.com\/fr\/produit\/a-mon-ame-soeur\/\" \/>\n<meta property=\"og:locale\" content=\"fr_FR\" \/>\n<meta property=\"og:type\" content=\"article\" \/>\n<meta property=\"og:title\" content=\"\u00c0 Mon \u00c2me S\u0153ur\" \/>\n<meta property=\"og:description\" content=\"C\u00e9l\u00e9brez votre \u00e2me s\u0153ur avec une carte des \u00e9toiles personnalis\u00e9e, capturant la magie de votre connexion Ajoutez des plan\u00e8tes, des constellations et la Voie lact\u00e9e  Personnalisez en 3 \u00e9tapes simples Incluez un texte personnalis\u00e9 significatif Vois le r\u00e9sultat imm\u00e9diatement \u2013 l\u2019aper\u00e7u interactif te permet de peaufiner chaque d\u00e9tail\" \/>\n<meta property=\"og:url\" content=\"https:\/\/positiveprints.com\/fr\/produit\/a-mon-ame-soeur\/\" \/>\n<meta property=\"og:site_name\" content=\"Positive Prints\" \/>\n<meta property=\"article:publisher\" content=\"https:\/\/www.facebook.com\/positiveprintscom\" \/>\n<meta property=\"article:modified_time\" content=\"2026-04-12T21:47:57+00:00\" \/>\n<meta property=\"og:image\" content=\"https:\/\/positiveprints.com\/wp-content\/uploads\/2025\/01\/A\u0300-Mon-A\u0302me-Soeur-1.webp\" \/>\n\t<meta property=\"og:image:width\" content=\"1450\" \/>\n\t<meta property=\"og:image:height\" content=\"1450\" \/>\n\t<meta property=\"og:image:type\" content=\"image\/webp\" \/>\n<meta name=\"twitter:card\" content=\"summary_large_image\" \/>\n<meta name=\"twitter:label1\" content=\"Dur\u00e9e de lecture estim\u00e9e\" \/>\n\t<meta name=\"twitter:data1\" content=\"2 minutes\" \/>\n<!-- \/ Yoast SEO Premium plugin. -->","yoast_head_json":{"title":"\u00c0 Mon \u00c2me S\u0153ur - Positive Prints","robots":{"index":"index","follow":"follow","max-snippet":"max-snippet:-1","max-image-preview":"max-image-preview:large","max-video-preview":"max-video-preview:-1"},"canonical":"https:\/\/positiveprints.com\/fr\/produit\/a-mon-ame-soeur\/","og_locale":"fr_FR","og_type":"article","og_title":"\u00c0 Mon \u00c2me S\u0153ur","og_description":"C\u00e9l\u00e9brez votre \u00e2me s\u0153ur avec une carte des \u00e9toiles personnalis\u00e9e, capturant la magie de votre connexion Ajoutez des plan\u00e8tes, des constellations et la Voie lact\u00e9e  Personnalisez en 3 \u00e9tapes simples Incluez un texte personnalis\u00e9 significatif Vois le r\u00e9sultat imm\u00e9diatement \u2013 l\u2019aper\u00e7u interactif te permet de peaufiner chaque d\u00e9tail","og_url":"https:\/\/positiveprints.com\/fr\/produit\/a-mon-ame-soeur\/","og_site_name":"Positive Prints","article_publisher":"https:\/\/www.facebook.com\/positiveprintscom","article_modified_time":"2026-04-12T21:47:57+00:00","og_image":[{"width":1450,"height":1450,"url":"https:\/\/positiveprints.com\/wp-content\/uploads\/2025\/01\/A\u0300-Mon-A\u0302me-Soeur-1.webp","type":"image\/webp"}],"twitter_card":"summary_large_image","twitter_misc":{"Dur\u00e9e de lecture estim\u00e9e":"2 minutes"},"schema":{"@context":"https:\/\/schema.org","@graph":[{"@type":["WebPage","ItemPage"],"@id":"https:\/\/positiveprints.com\/fr\/produit\/a-mon-ame-soeur\/","url":"https:\/\/positiveprints.com\/fr\/produit\/a-mon-ame-soeur\/","name":"\u00c0 Mon \u00c2me S\u0153ur - Positive Prints","isPartOf":{"@id":"https:\/\/positiveprints.com\/fr\/#website"},"primaryImageOfPage":{"@id":"https:\/\/positiveprints.com\/fr\/produit\/a-mon-ame-soeur\/#primaryimage"},"image":{"@id":"https:\/\/positiveprints.com\/fr\/produit\/a-mon-ame-soeur\/#primaryimage"},"thumbnailUrl":"https:\/\/positiveprints.com\/wp-content\/uploads\/2025\/01\/A\u0300-Mon-A\u0302me-Soeur-1.webp","datePublished":"2022-12-01T20:19:09+00:00","dateModified":"2026-04-12T21:47:57+00:00","breadcrumb":{"@id":"https:\/\/positiveprints.com\/fr\/produit\/a-mon-ame-soeur\/#breadcrumb"},"inLanguage":"fr-FR","potentialAction":[{"@type":"ReadAction","target":["https:\/\/positiveprints.com\/fr\/produit\/a-mon-ame-soeur\/"]}]},{"@type":"ImageObject","inLanguage":"fr-FR","@id":"https:\/\/positiveprints.com\/fr\/produit\/a-mon-ame-soeur\/#primaryimage","url":"https:\/\/positiveprints.com\/wp-content\/uploads\/2025\/01\/A\u0300-Mon-A\u0302me-Soeur-1.webp","contentUrl":"https:\/\/positiveprints.com\/wp-content\/uploads\/2025\/01\/A\u0300-Mon-A\u0302me-Soeur-1.webp","width":1450,"height":1450},{"@type":"BreadcrumbList","@id":"https:\/\/positiveprints.com\/fr\/produit\/a-mon-ame-soeur\/#breadcrumb","itemListElement":[{"@type":"ListItem","position":1,"name":"Home","item":"https:\/\/positiveprints.com\/fr\/"},{"@type":"ListItem","position":2,"name":"Produits","item":"https:\/\/positiveprints.com\/fr\/shop\/"},{"@type":"ListItem","position":3,"name":"\u00c0 Mon \u00c2me S\u0153ur"}]},{"@type":"WebSite","@id":"https:\/\/positiveprints.com\/fr\/#website","url":"https:\/\/positiveprints.com\/fr\/","name":"Positive Prints","description":"Amazing Custom Personalized Gifts","publisher":{"@id":"https:\/\/positiveprints.com\/fr\/#organization"},"potentialAction":[{"@type":"SearchAction","target":{"@type":"EntryPoint","urlTemplate":"https:\/\/positiveprints.com\/fr\/?s={search_term_string}"},"query-input":{"@type":"PropertyValueSpecification","valueRequired":true,"valueName":"search_term_string"}}],"inLanguage":"fr-FR"},{"@type":"Organization","@id":"https:\/\/positiveprints.com\/fr\/#organization","name":"Positive Prints","alternateName":"Positive Prints","url":"https:\/\/positiveprints.com\/fr\/","logo":{"@type":"ImageObject","inLanguage":"fr-FR","@id":"https:\/\/positiveprints.com\/fr\/#\/schema\/logo\/image\/","url":"https:\/\/positiveprints.com\/wp-content\/uploads\/2026\/03\/245815646_1337939713319158_5671353136411139666_n.png","contentUrl":"https:\/\/positiveprints.com\/wp-content\/uploads\/2026\/03\/245815646_1337939713319158_5671353136411139666_n.png","width":800,"height":800,"caption":"Positive Prints"},"image":{"@id":"https:\/\/positiveprints.com\/fr\/#\/schema\/logo\/image\/"},"sameAs":["https:\/\/www.facebook.com\/positiveprintscom","https:\/\/www.instagram.com\/positiveprintscom\/","https:\/\/www.tiktok.com\/@positiveprintscom","https:\/\/www.pinterest.com\/positiveprintscom\/"]}]}},"jetpack_sharing_enabled":true,"_links":{"self":[{"href":"https:\/\/positiveprints.com\/fr\/wp-json\/wp\/v2\/product\/392256","targetHints":{"allow":["GET"]}}],"collection":[{"href":"https:\/\/positiveprints.com\/fr\/wp-json\/wp\/v2\/product"}],"about":[{"href":"https:\/\/positiveprints.com\/fr\/wp-json\/wp\/v2\/types\/product"}],"wp:featuredmedia":[{"embeddable":true,"href":"https:\/\/positiveprints.com\/fr\/wp-json\/wp\/v2\/media\/1332835"}],"wp:attachment":[{"href":"https:\/\/positiveprints.com\/fr\/wp-json\/wp\/v2\/media?parent=392256"}],"wp:term":[{"taxonomy":"product_brand","embeddable":true,"href":"https:\/\/positiveprints.com\/fr\/wp-json\/wp\/v2\/product_brand?post=392256"},{"taxonomy":"product_cat","embeddable":true,"href":"https:\/\/positiveprints.com\/fr\/wp-json\/wp\/v2\/product_cat?post=392256"},{"taxonomy":"product_tag","embeddable":true,"href":"https:\/\/positiveprints.com\/fr\/wp-json\/wp\/v2\/product_tag?post=392256"}],"curies":[{"name":"wp","href":"https:\/\/api.w.org\/{rel}","templated":true}]}}